{"id":269,"date":"2017-11-29T16:48:28","date_gmt":"2017-11-29T15:48:28","guid":{"rendered":"http:\/\/wp.kristdemokraterna.se\/skane\/?page_id=269"},"modified":"2023-01-04T10:39:07","modified_gmt":"2023-01-04T09:39:07","slug":"textsida-med-vanster-sidebar","status":"publish","type":"page","link":"https:\/\/wp.kristdemokraterna.se\/skane\/textsida-med-vanster-sidebar\/","title":{"rendered":"KD Sk\u00e5nes f\u00f6rtroendevalda"},"content":{"rendered":"<p>Kristdemokraterna i Sk\u00e5ne har sedan valet 2022 \u00f6kat sin representation i de flesta politiska sammanhangen i Sk\u00e5ne. I regionvalet \u00f6kade KD med 1 mandat och i kommunerna gick vi fram\u00e5t och ing\u00e5r i dag i strax \u00f6ver 20 styren. I samband med detta tillkommer ocks\u00e5 uppdrag d\u00e4r Kristdemokraterna p\u00e5 riktigt kan p\u00e5verka politiken och utvecklingen i Sk\u00e5ne. Ut\u00f6ver detta v\u00e4ljer Kristdemokraterna \u00e5rligen en distriktsstyrelse som har i uppgift att st\u00e4rka v\u00e5r organisation som helhet.<\/p>\n<p><strong>Till v\u00e4nster kan du se hur v\u00e5rt lag ser ut i <a href=\"https:\/\/wp.kristdemokraterna.se\/skane\/textsida-med-vanster-sidebar\/riksdagen\/\">riksdagen<\/a>, <a href=\"https:\/\/wp.kristdemokraterna.se\/skane\/textsida-med-vanster-sidebar\/regionen\/\">regionen<\/a> och i <a href=\"https:\/\/wp.kristdemokraterna.se\/skane\/textsida-med-vanster-sidebar\/fortroendevalda\/\">distriktet<\/a>. Har du fr\u00e5gor och funderingar, var inte blyg och kontakta oss g\u00e4rna vi mejl eller genom att ringa.\u00a0<\/strong><\/p>\n","protected":false},"excerpt":{"rendered":"<p>Kristdemokraterna i Sk\u00e5ne har sedan valet 2022 \u00f6kat sin representation i de flesta politiska sammanhangen i Sk\u00e5ne. I regionvalet \u00f6kade KD med 1 mandat och i kommunerna gick vi fram\u00e5t och ing\u00e5r i dag i strax \u00f6ver 20 styren. I samband med detta tillkommer ocks\u00e5 uppdrag d\u00e4r Kristdemokraterna p\u00e5 riktigt kan p\u00e5verka politiken och utvecklingen <a class=\"read-more-link\" href=\"https:\/\/wp.kristdemokraterna.se\/skane\/textsida-med-vanster-sidebar\/\">L\u00e4s mer<\/a><\/p>\n","protected":false},"author":2,"featured_media":0,"parent":0,"menu_order":1,"comment_status":"closed","ping_status":"closed","template":"page.php","meta":{"_acf_changed":false,"footnotes":""},"class_list":["post-269","page","type-page","status-publish","hentry"],"acf":[],"yoast_head":"<!-- This site is optimized with the Yoast SEO plugin v27.3 - https:\/\/yoast.com\/product\/yoast-seo-wordpress\/ -->\n<title>KD Sk\u00e5nes f\u00f6rtroendevalda - Kristdemokraterna | Sk\u00e5ne<\/title>\n<meta name=\"robots\" content=\"index, follow, max-snippet:-1, max-image-preview:large, max-video-preview:-1\" \/>\n<link rel=\"canonical\" href=\"https:\/\/wp.kristdemokraterna.se\/skane\/textsida-med-vanster-sidebar\/\" \/>\n<meta property=\"og:locale\" content=\"sv_SE\" \/>\n<meta property=\"og:type\" content=\"article\" \/>\n<meta property=\"og:title\" content=\"KD Sk\u00e5nes f\u00f6rtroendevalda - Kristdemokraterna | Sk\u00e5ne\" \/>\n<meta property=\"og:description\" content=\"Kristdemokraterna i Sk\u00e5ne har sedan valet 2022 \u00f6kat sin representation i de flesta politiska sammanhangen i Sk\u00e5ne. I regionvalet \u00f6kade KD med 1 mandat och i kommunerna gick vi fram\u00e5t och ing\u00e5r i dag i strax \u00f6ver 20 styren. I samband med detta tillkommer ocks\u00e5 uppdrag d\u00e4r Kristdemokraterna p\u00e5 riktigt kan p\u00e5verka politiken och utvecklingen L\u00e4s mer\" \/>\n<meta property=\"og:url\" content=\"https:\/\/wp.kristdemokraterna.se\/skane\/textsida-med-vanster-sidebar\/\" \/>\n<meta property=\"og:site_name\" content=\"Kristdemokraterna | Sk\u00e5ne\" \/>\n<meta property=\"article:publisher\" content=\"https:\/\/www.facebook.com\/kristdemokraternaiskane\/\" \/>\n<meta property=\"article:modified_time\" content=\"2023-01-04T09:39:07+00:00\" \/>\n<meta name=\"twitter:card\" content=\"summary_large_image\" \/>\n<meta name=\"twitter:label1\" content=\"Ber\u00e4knad l\u00e4stid\" \/>\n\t<meta name=\"twitter:data1\" content=\"1 minut\" \/>\n<script type=\"application\/ld+json\" class=\"yoast-schema-graph\">{\"@context\":\"https:\\\/\\\/schema.org\",\"@graph\":[{\"@type\":\"WebPage\",\"@id\":\"https:\\\/\\\/wp.kristdemokraterna.se\\\/skane\\\/textsida-med-vanster-sidebar\\\/\",\"url\":\"https:\\\/\\\/wp.kristdemokraterna.se\\\/skane\\\/textsida-med-vanster-sidebar\\\/\",\"name\":\"KD Sk\u00e5nes f\u00f6rtroendevalda - Kristdemokraterna | Sk\u00e5ne\",\"isPartOf\":{\"@id\":\"https:\\\/\\\/wp.kristdemokraterna.se\\\/skane\\\/#website\"},\"datePublished\":\"2017-11-29T15:48:28+00:00\",\"dateModified\":\"2023-01-04T09:39:07+00:00\",\"breadcrumb\":{\"@id\":\"https:\\\/\\\/wp.kristdemokraterna.se\\\/skane\\\/textsida-med-vanster-sidebar\\\/#breadcrumb\"},\"inLanguage\":\"sv-SE\",\"potentialAction\":[{\"@type\":\"ReadAction\",\"target\":[\"https:\\\/\\\/wp.kristdemokraterna.se\\\/skane\\\/textsida-med-vanster-sidebar\\\/\"]}]},{\"@type\":\"BreadcrumbList\",\"@id\":\"https:\\\/\\\/wp.kristdemokraterna.se\\\/skane\\\/textsida-med-vanster-sidebar\\\/#breadcrumb\",\"itemListElement\":[{\"@type\":\"ListItem\",\"position\":1,\"name\":\"Hem\",\"item\":\"https:\\\/\\\/wp.kristdemokraterna.se\\\/skane\\\/\"},{\"@type\":\"ListItem\",\"position\":2,\"name\":\"KD Sk\u00e5nes f\u00f6rtroendevalda\"}]},{\"@type\":\"WebSite\",\"@id\":\"https:\\\/\\\/wp.kristdemokraterna.se\\\/skane\\\/#website\",\"url\":\"https:\\\/\\\/wp.kristdemokraterna.se\\\/skane\\\/\",\"name\":\"Kristdemokraterna | Sk\u00e5ne\",\"description\":\"KD Sk\u00e5ne - f\u00f6r ett friare Sk\u00e5ne.\",\"inLanguage\":\"sv-SE\"}]}<\/script>\n<!-- \/ Yoast SEO plugin. -->","yoast_head_json":{"title":"KD Sk\u00e5nes f\u00f6rtroendevalda - Kristdemokraterna | Sk\u00e5ne","robots":{"index":"index","follow":"follow","max-snippet":"max-snippet:-1","max-image-preview":"max-image-preview:large","max-video-preview":"max-video-preview:-1"},"canonical":"https:\/\/wp.kristdemokraterna.se\/skane\/textsida-med-vanster-sidebar\/","og_locale":"sv_SE","og_type":"article","og_title":"KD Sk\u00e5nes f\u00f6rtroendevalda - Kristdemokraterna | Sk\u00e5ne","og_description":"Kristdemokraterna i Sk\u00e5ne har sedan valet 2022 \u00f6kat sin representation i de flesta politiska sammanhangen i Sk\u00e5ne. I regionvalet \u00f6kade KD med 1 mandat och i kommunerna gick vi fram\u00e5t och ing\u00e5r i dag i strax \u00f6ver 20 styren. I samband med detta tillkommer ocks\u00e5 uppdrag d\u00e4r Kristdemokraterna p\u00e5 riktigt kan p\u00e5verka politiken och utvecklingen L\u00e4s mer","og_url":"https:\/\/wp.kristdemokraterna.se\/skane\/textsida-med-vanster-sidebar\/","og_site_name":"Kristdemokraterna | Sk\u00e5ne","article_publisher":"https:\/\/www.facebook.com\/kristdemokraternaiskane\/","article_modified_time":"2023-01-04T09:39:07+00:00","twitter_card":"summary_large_image","twitter_misc":{"Ber\u00e4knad l\u00e4stid":"1 minut"},"schema":{"@context":"https:\/\/schema.org","@graph":[{"@type":"WebPage","@id":"https:\/\/wp.kristdemokraterna.se\/skane\/textsida-med-vanster-sidebar\/","url":"https:\/\/wp.kristdemokraterna.se\/skane\/textsida-med-vanster-sidebar\/","name":"KD Sk\u00e5nes f\u00f6rtroendevalda - Kristdemokraterna | Sk\u00e5ne","isPartOf":{"@id":"https:\/\/wp.kristdemokraterna.se\/skane\/#website"},"datePublished":"2017-11-29T15:48:28+00:00","dateModified":"2023-01-04T09:39:07+00:00","breadcrumb":{"@id":"https:\/\/wp.kristdemokraterna.se\/skane\/textsida-med-vanster-sidebar\/#breadcrumb"},"inLanguage":"sv-SE","potentialAction":[{"@type":"ReadAction","target":["https:\/\/wp.kristdemokraterna.se\/skane\/textsida-med-vanster-sidebar\/"]}]},{"@type":"BreadcrumbList","@id":"https:\/\/wp.kristdemokraterna.se\/skane\/textsida-med-vanster-sidebar\/#breadcrumb","itemListElement":[{"@type":"ListItem","position":1,"name":"Hem","item":"https:\/\/wp.kristdemokraterna.se\/skane\/"},{"@type":"ListItem","position":2,"name":"KD Sk\u00e5nes f\u00f6rtroendevalda"}]},{"@type":"WebSite","@id":"https:\/\/wp.kristdemokraterna.se\/skane\/#website","url":"https:\/\/wp.kristdemokraterna.se\/skane\/","name":"Kristdemokraterna | Sk\u00e5ne","description":"KD Sk\u00e5ne - f\u00f6r ett friare Sk\u00e5ne.","inLanguage":"sv-SE"}]}},"_links":{"self":[{"href":"https:\/\/wp.kristdemokraterna.se\/skane\/wp-json\/wp\/v2\/pages\/269","targetHints":{"allow":["GET"]}}],"collection":[{"href":"https:\/\/wp.kristdemokraterna.se\/skane\/wp-json\/wp\/v2\/pages"}],"about":[{"href":"https:\/\/wp.kristdemokraterna.se\/skane\/wp-json\/wp\/v2\/types\/page"}],"author":[{"embeddable":true,"href":"https:\/\/wp.kristdemokraterna.se\/skane\/wp-json\/wp\/v2\/users\/2"}],"replies":[{"embeddable":true,"href":"https:\/\/wp.kristdemokraterna.se\/skane\/wp-json\/wp\/v2\/comments?post=269"}],"version-history":[{"count":27,"href":"https:\/\/wp.kristdemokraterna.se\/skane\/wp-json\/wp\/v2\/pages\/269\/revisions"}],"predecessor-version":[{"id":1186,"href":"https:\/\/wp.kristdemokraterna.se\/skane\/wp-json\/wp\/v2\/pages\/269\/revisions\/1186"}],"wp:attachment":[{"href":"https:\/\/wp.kristdemokraterna.se\/skane\/wp-json\/wp\/v2\/media?parent=269"}],"curies":[{"name":"wp","href":"https:\/\/api.w.org\/{rel}","templated":true}]}}