{"id":361,"date":"2017-12-04T16:09:00","date_gmt":"2017-12-04T15:09:00","guid":{"rendered":"http:\/\/wp.kristdemokraterna.se\/skane\/?page_id=361"},"modified":"2026-02-02T13:28:58","modified_gmt":"2026-02-02T12:28:58","slug":"fortroendevalda","status":"publish","type":"page","link":"https:\/\/wp.kristdemokraterna.se\/skane\/textsida-med-vanster-sidebar\/fortroendevalda\/","title":{"rendered":"Distriktsstyrelsen"},"content":{"rendered":"<h3>Presidium:<\/h3>\n<p><strong><a href=\"http:\/\/wp.kristdemokraterna.se\/skane\/files\/2021\/03\/1-2-1-scaled-e1617179414992.jpg\"><img loading=\"lazy\" decoding=\"async\" class=\"alignnone wp-image-875\" src=\"http:\/\/wp.kristdemokraterna.se\/skane\/files\/2021\/03\/1-2-1-scaled-e1617179414992-300x296.jpg\" alt=\"\" width=\"177\" height=\"175\" srcset=\"https:\/\/wp.kristdemokraterna.se\/skane\/files\/2021\/03\/1-2-1-scaled-e1617179414992-300x296.jpg 300w, https:\/\/wp.kristdemokraterna.se\/skane\/files\/2021\/03\/1-2-1-scaled-e1617179414992-1024x1011.jpg 1024w, https:\/\/wp.kristdemokraterna.se\/skane\/files\/2021\/03\/1-2-1-scaled-e1617179414992-768x758.jpg 768w, https:\/\/wp.kristdemokraterna.se\/skane\/files\/2021\/03\/1-2-1-scaled-e1617179414992-1536x1516.jpg 1536w, https:\/\/wp.kristdemokraterna.se\/skane\/files\/2021\/03\/1-2-1-scaled-e1617179414992-203x200.jpg 203w, https:\/\/wp.kristdemokraterna.se\/skane\/files\/2021\/03\/1-2-1-scaled-e1617179414992-370x365.jpg 370w, https:\/\/wp.kristdemokraterna.se\/skane\/files\/2021\/03\/1-2-1-scaled-e1617179414992-90x90.jpg 90w, https:\/\/wp.kristdemokraterna.se\/skane\/files\/2021\/03\/1-2-1-scaled-e1617179414992-770x760.jpg 770w, https:\/\/wp.kristdemokraterna.se\/skane\/files\/2021\/03\/1-2-1-scaled-e1617179414992-450x444.jpg 450w, https:\/\/wp.kristdemokraterna.se\/skane\/files\/2021\/03\/1-2-1-scaled-e1617179414992-280x276.jpg 280w, https:\/\/wp.kristdemokraterna.se\/skane\/files\/2021\/03\/1-2-1-scaled-e1617179414992-340x336.jpg 340w, https:\/\/wp.kristdemokraterna.se\/skane\/files\/2021\/03\/1-2-1-scaled-e1617179414992-200x197.jpg 200w, https:\/\/wp.kristdemokraterna.se\/skane\/files\/2021\/03\/1-2-1-scaled-e1617179414992-57x56.jpg 57w, https:\/\/wp.kristdemokraterna.se\/skane\/files\/2021\/03\/1-2-1-scaled-e1617179414992.jpg 1568w\" sizes=\"auto, (max-width: 177px) 100vw, 177px\" \/><\/a><br \/>\nMaria Berglund<\/strong><br \/>\n<em>Partidistriktsordf\u00f6rande<\/em><br \/>\nEpost: maria.berglund@kristdemokraterna.se<br \/>\nTelefonnummer: 073-505 44 64<\/p>\n<p><strong><a href=\"http:\/\/wp.kristdemokraterna.se\/skane\/files\/2021\/05\/1-16-scaled-e1620726932480.jpg\"><img loading=\"lazy\" decoding=\"async\" class=\"alignnone wp-image-900\" src=\"http:\/\/wp.kristdemokraterna.se\/skane\/files\/2021\/05\/1-16-scaled-e1620726932480-298x300.jpg\" alt=\"\" width=\"172\" height=\"173\" srcset=\"https:\/\/wp.kristdemokraterna.se\/skane\/files\/2021\/05\/1-16-scaled-e1620726932480-298x300.jpg 298w, https:\/\/wp.kristdemokraterna.se\/skane\/files\/2021\/05\/1-16-scaled-e1620726932480-1017x1024.jpg 1017w, https:\/\/wp.kristdemokraterna.se\/skane\/files\/2021\/05\/1-16-scaled-e1620726932480-150x150.jpg 150w, https:\/\/wp.kristdemokraterna.se\/skane\/files\/2021\/05\/1-16-scaled-e1620726932480-768x773.jpg 768w, https:\/\/wp.kristdemokraterna.se\/skane\/files\/2021\/05\/1-16-scaled-e1620726932480-199x200.jpg 199w, https:\/\/wp.kristdemokraterna.se\/skane\/files\/2021\/05\/1-16-scaled-e1620726932480-370x372.jpg 370w, https:\/\/wp.kristdemokraterna.se\/skane\/files\/2021\/05\/1-16-scaled-e1620726932480-90x90.jpg 90w, https:\/\/wp.kristdemokraterna.se\/skane\/files\/2021\/05\/1-16-scaled-e1620726932480-770x775.jpg 770w, https:\/\/wp.kristdemokraterna.se\/skane\/files\/2021\/05\/1-16-scaled-e1620726932480-450x453.jpg 450w, https:\/\/wp.kristdemokraterna.se\/skane\/files\/2021\/05\/1-16-scaled-e1620726932480-280x282.jpg 280w, https:\/\/wp.kristdemokraterna.se\/skane\/files\/2021\/05\/1-16-scaled-e1620726932480-340x342.jpg 340w, https:\/\/wp.kristdemokraterna.se\/skane\/files\/2021\/05\/1-16-scaled-e1620726932480-200x200.jpg 200w, https:\/\/wp.kristdemokraterna.se\/skane\/files\/2021\/05\/1-16-scaled-e1620726932480-56x56.jpg 56w, https:\/\/wp.kristdemokraterna.se\/skane\/files\/2021\/05\/1-16-scaled-e1620726932480.jpg 1081w\" sizes=\"auto, (max-width: 172px) 100vw, 172px\" \/><\/a><\/strong><\/p>\n<p><strong>Per-Ola Gunnarsson<br \/>\n<\/strong>1:e vice <em>partidistriktsordf\u00f6rande<\/em><br \/>\nEpost: po.gunnarsson54@gmail.com<br \/>\nTelefonnummer: 070-929 20 85<\/p>\n<p><strong><a href=\"http:\/\/wp.kristdemokraterna.se\/skane\/files\/2022\/10\/martin-hallander.jpg\"><img loading=\"lazy\" decoding=\"async\" class=\"alignnone size-full wp-image-1083\" src=\"http:\/\/wp.kristdemokraterna.se\/skane\/files\/2022\/10\/martin-hallander.jpg\" alt=\"\" width=\"174\" height=\"174\" srcset=\"https:\/\/wp.kristdemokraterna.se\/skane\/files\/2022\/10\/martin-hallander.jpg 174w, https:\/\/wp.kristdemokraterna.se\/skane\/files\/2022\/10\/martin-hallander-150x150.jpg 150w, https:\/\/wp.kristdemokraterna.se\/skane\/files\/2022\/10\/martin-hallander-90x90.jpg 90w, https:\/\/wp.kristdemokraterna.se\/skane\/files\/2022\/10\/martin-hallander-56x56.jpg 56w\" sizes=\"auto, (max-width: 174px) 100vw, 174px\" \/><\/a><\/strong><\/p>\n<p><strong>Martin Hallander<\/strong><br \/>\n<em>2:e vice partidistriktsordf\u00f6rande<\/em><br \/>\nEpost: martin.hallander@kristdemokraterna.se<\/p>\n<h3>Ledam\u00f6ter:<\/h3>\n<p>Petra Carryson<br \/>\nPer Einarsson<br \/>\nMargareta Johansson<br \/>\nAase J\u00f6nsson<br \/>\nMagnus Nilsson<br \/>\nHenrik Reimer<br \/>\nBirgitta S\u00f6dertun<\/p>\n<p>Lars Hector, KDS<br \/>\nMarkus Glennmo, KDU<br \/>\nPaula Bon, KDK<\/p>\n<h3>Ers\u00e4ttare:<\/h3>\n<p>Hedvig \u00c5kesson<br \/>\nEric Ericsson<br \/>\nNina Dakwar<br \/>\nPatrick Sackner Christensen<\/p>\n<p>Oscar Olsson, KDU<br \/>\nMatilmda Malmgren, KDK<br \/>\nIngvar Nordh, KDS<\/p>\n","protected":false},"excerpt":{"rendered":"<p>Presidium: Maria Berglund Partidistriktsordf\u00f6rande Epost: maria.berglund@kristdemokraterna.se Telefonnummer: 073-505 44 64 Per-Ola Gunnarsson 1:e vice partidistriktsordf\u00f6rande Epost: po.gunnarsson54@gmail.com Telefonnummer: 070-929 20 85 Martin Hallander 2:e vice partidistriktsordf\u00f6rande Epost: martin.hallander@kristdemokraterna.se Ledam\u00f6ter: Petra Carryson Per Einarsson Margareta Johansson Aase J\u00f6nsson Magnus Nilsson Henrik Reimer Birgitta S\u00f6dertun Lars Hector, KDS Markus Glennmo, KDU Paula Bon, KDK Ers\u00e4ttare: Hedvig \u00c5kesson <a class=\"read-more-link\" href=\"https:\/\/wp.kristdemokraterna.se\/skane\/textsida-med-vanster-sidebar\/fortroendevalda\/\">L\u00e4s mer<\/a><\/p>\n","protected":false},"author":2,"featured_media":0,"parent":269,"menu_order":1,"comment_status":"closed","ping_status":"closed","template":"page.php","meta":{"_acf_changed":false,"footnotes":""},"class_list":["post-361","page","type-page","status-publish","hentry"],"acf":[],"yoast_head":"<!-- This site is optimized with the Yoast SEO plugin v27.4 - https:\/\/yoast.com\/product\/yoast-seo-wordpress\/ -->\n<title>Distriktsstyrelsen - Kristdemokraterna | Sk\u00e5ne<\/title>\n<meta name=\"robots\" content=\"index, follow, max-snippet:-1, max-image-preview:large, max-video-preview:-1\" \/>\n<link rel=\"canonical\" href=\"https:\/\/wp.kristdemokraterna.se\/skane\/textsida-med-vanster-sidebar\/fortroendevalda\/\" \/>\n<meta property=\"og:locale\" content=\"sv_SE\" \/>\n<meta property=\"og:type\" content=\"article\" \/>\n<meta property=\"og:title\" content=\"Distriktsstyrelsen - Kristdemokraterna | Sk\u00e5ne\" \/>\n<meta property=\"og:description\" content=\"Presidium: Maria Berglund Partidistriktsordf\u00f6rande Epost: maria.berglund@kristdemokraterna.se Telefonnummer: 073-505 44 64 Per-Ola Gunnarsson 1:e vice partidistriktsordf\u00f6rande Epost: po.gunnarsson54@gmail.com Telefonnummer: 070-929 20 85 Martin Hallander 2:e vice partidistriktsordf\u00f6rande Epost: martin.hallander@kristdemokraterna.se Ledam\u00f6ter: Petra Carryson Per Einarsson Margareta Johansson Aase J\u00f6nsson Magnus Nilsson Henrik Reimer Birgitta S\u00f6dertun Lars Hector, KDS Markus Glennmo, KDU Paula Bon, KDK Ers\u00e4ttare: Hedvig \u00c5kesson L\u00e4s mer\" \/>\n<meta property=\"og:url\" content=\"https:\/\/wp.kristdemokraterna.se\/skane\/textsida-med-vanster-sidebar\/fortroendevalda\/\" \/>\n<meta property=\"og:site_name\" content=\"Kristdemokraterna | Sk\u00e5ne\" \/>\n<meta property=\"article:publisher\" content=\"https:\/\/www.facebook.com\/kristdemokraternaiskane\/\" \/>\n<meta property=\"article:modified_time\" content=\"2026-02-02T12:28:58+00:00\" \/>\n<meta property=\"og:image\" content=\"https:\/\/wp.kristdemokraterna.se\/skane\/files\/2021\/03\/1-2-1-scaled-e1617179414992.jpg\" \/>\n\t<meta property=\"og:image:width\" content=\"1568\" \/>\n\t<meta property=\"og:image:height\" content=\"1548\" \/>\n\t<meta property=\"og:image:type\" content=\"image\/jpeg\" \/>\n<meta name=\"twitter:card\" content=\"summary_large_image\" \/>\n<meta name=\"twitter:label1\" content=\"Ber\u00e4knad l\u00e4stid\" \/>\n\t<meta name=\"twitter:data1\" content=\"1 minut\" \/>\n<script type=\"application\/ld+json\" class=\"yoast-schema-graph\">{\"@context\":\"https:\\\/\\\/schema.org\",\"@graph\":[{\"@type\":\"WebPage\",\"@id\":\"https:\\\/\\\/wp.kristdemokraterna.se\\\/skane\\\/textsida-med-vanster-sidebar\\\/fortroendevalda\\\/\",\"url\":\"https:\\\/\\\/wp.kristdemokraterna.se\\\/skane\\\/textsida-med-vanster-sidebar\\\/fortroendevalda\\\/\",\"name\":\"Distriktsstyrelsen - Kristdemokraterna | Sk\u00e5ne\",\"isPartOf\":{\"@id\":\"https:\\\/\\\/wp.kristdemokraterna.se\\\/skane\\\/#website\"},\"primaryImageOfPage\":{\"@id\":\"https:\\\/\\\/wp.kristdemokraterna.se\\\/skane\\\/textsida-med-vanster-sidebar\\\/fortroendevalda\\\/#primaryimage\"},\"image\":{\"@id\":\"https:\\\/\\\/wp.kristdemokraterna.se\\\/skane\\\/textsida-med-vanster-sidebar\\\/fortroendevalda\\\/#primaryimage\"},\"thumbnailUrl\":\"http:\\\/\\\/wp.kristdemokraterna.se\\\/skane\\\/files\\\/2021\\\/03\\\/1-2-1-scaled-e1617179414992-300x296.jpg\",\"datePublished\":\"2017-12-04T15:09:00+00:00\",\"dateModified\":\"2026-02-02T12:28:58+00:00\",\"breadcrumb\":{\"@id\":\"https:\\\/\\\/wp.kristdemokraterna.se\\\/skane\\\/textsida-med-vanster-sidebar\\\/fortroendevalda\\\/#breadcrumb\"},\"inLanguage\":\"sv-SE\",\"potentialAction\":[{\"@type\":\"ReadAction\",\"target\":[\"https:\\\/\\\/wp.kristdemokraterna.se\\\/skane\\\/textsida-med-vanster-sidebar\\\/fortroendevalda\\\/\"]}]},{\"@type\":\"ImageObject\",\"inLanguage\":\"sv-SE\",\"@id\":\"https:\\\/\\\/wp.kristdemokraterna.se\\\/skane\\\/textsida-med-vanster-sidebar\\\/fortroendevalda\\\/#primaryimage\",\"url\":\"http:\\\/\\\/wp.kristdemokraterna.se\\\/skane\\\/files\\\/2021\\\/03\\\/1-2-1-scaled-e1617179414992-300x296.jpg\",\"contentUrl\":\"http:\\\/\\\/wp.kristdemokraterna.se\\\/skane\\\/files\\\/2021\\\/03\\\/1-2-1-scaled-e1617179414992-300x296.jpg\"},{\"@type\":\"BreadcrumbList\",\"@id\":\"https:\\\/\\\/wp.kristdemokraterna.se\\\/skane\\\/textsida-med-vanster-sidebar\\\/fortroendevalda\\\/#breadcrumb\",\"itemListElement\":[{\"@type\":\"ListItem\",\"position\":1,\"name\":\"Hem\",\"item\":\"https:\\\/\\\/wp.kristdemokraterna.se\\\/skane\\\/\"},{\"@type\":\"ListItem\",\"position\":2,\"name\":\"KD Sk\u00e5nes f\u00f6rtroendevalda\",\"item\":\"https:\\\/\\\/wp.kristdemokraterna.se\\\/skane\\\/textsida-med-vanster-sidebar\\\/\"},{\"@type\":\"ListItem\",\"position\":3,\"name\":\"Distriktsstyrelsen\"}]},{\"@type\":\"WebSite\",\"@id\":\"https:\\\/\\\/wp.kristdemokraterna.se\\\/skane\\\/#website\",\"url\":\"https:\\\/\\\/wp.kristdemokraterna.se\\\/skane\\\/\",\"name\":\"Kristdemokraterna | Sk\u00e5ne\",\"description\":\"KD Sk\u00e5ne - f\u00f6r ett friare Sk\u00e5ne.\",\"inLanguage\":\"sv-SE\"}]}<\/script>\n<!-- \/ Yoast SEO plugin. -->","yoast_head_json":{"title":"Distriktsstyrelsen - Kristdemokraterna | Sk\u00e5ne","robots":{"index":"index","follow":"follow","max-snippet":"max-snippet:-1","max-image-preview":"max-image-preview:large","max-video-preview":"max-video-preview:-1"},"canonical":"https:\/\/wp.kristdemokraterna.se\/skane\/textsida-med-vanster-sidebar\/fortroendevalda\/","og_locale":"sv_SE","og_type":"article","og_title":"Distriktsstyrelsen - Kristdemokraterna | Sk\u00e5ne","og_description":"Presidium: Maria Berglund Partidistriktsordf\u00f6rande Epost: maria.berglund@kristdemokraterna.se Telefonnummer: 073-505 44 64 Per-Ola Gunnarsson 1:e vice partidistriktsordf\u00f6rande Epost: po.gunnarsson54@gmail.com Telefonnummer: 070-929 20 85 Martin Hallander 2:e vice partidistriktsordf\u00f6rande Epost: martin.hallander@kristdemokraterna.se Ledam\u00f6ter: Petra Carryson Per Einarsson Margareta Johansson Aase J\u00f6nsson Magnus Nilsson Henrik Reimer Birgitta S\u00f6dertun Lars Hector, KDS Markus Glennmo, KDU Paula Bon, KDK Ers\u00e4ttare: Hedvig \u00c5kesson L\u00e4s mer","og_url":"https:\/\/wp.kristdemokraterna.se\/skane\/textsida-med-vanster-sidebar\/fortroendevalda\/","og_site_name":"Kristdemokraterna | Sk\u00e5ne","article_publisher":"https:\/\/www.facebook.com\/kristdemokraternaiskane\/","article_modified_time":"2026-02-02T12:28:58+00:00","og_image":[{"width":1568,"height":1548,"url":"https:\/\/wp.kristdemokraterna.se\/skane\/files\/2021\/03\/1-2-1-scaled-e1617179414992.jpg","type":"image\/jpeg"}],"twitter_card":"summary_large_image","twitter_misc":{"Ber\u00e4knad l\u00e4stid":"1 minut"},"schema":{"@context":"https:\/\/schema.org","@graph":[{"@type":"WebPage","@id":"https:\/\/wp.kristdemokraterna.se\/skane\/textsida-med-vanster-sidebar\/fortroendevalda\/","url":"https:\/\/wp.kristdemokraterna.se\/skane\/textsida-med-vanster-sidebar\/fortroendevalda\/","name":"Distriktsstyrelsen - Kristdemokraterna | Sk\u00e5ne","isPartOf":{"@id":"https:\/\/wp.kristdemokraterna.se\/skane\/#website"},"primaryImageOfPage":{"@id":"https:\/\/wp.kristdemokraterna.se\/skane\/textsida-med-vanster-sidebar\/fortroendevalda\/#primaryimage"},"image":{"@id":"https:\/\/wp.kristdemokraterna.se\/skane\/textsida-med-vanster-sidebar\/fortroendevalda\/#primaryimage"},"thumbnailUrl":"http:\/\/wp.kristdemokraterna.se\/skane\/files\/2021\/03\/1-2-1-scaled-e1617179414992-300x296.jpg","datePublished":"2017-12-04T15:09:00+00:00","dateModified":"2026-02-02T12:28:58+00:00","breadcrumb":{"@id":"https:\/\/wp.kristdemokraterna.se\/skane\/textsida-med-vanster-sidebar\/fortroendevalda\/#breadcrumb"},"inLanguage":"sv-SE","potentialAction":[{"@type":"ReadAction","target":["https:\/\/wp.kristdemokraterna.se\/skane\/textsida-med-vanster-sidebar\/fortroendevalda\/"]}]},{"@type":"ImageObject","inLanguage":"sv-SE","@id":"https:\/\/wp.kristdemokraterna.se\/skane\/textsida-med-vanster-sidebar\/fortroendevalda\/#primaryimage","url":"http:\/\/wp.kristdemokraterna.se\/skane\/files\/2021\/03\/1-2-1-scaled-e1617179414992-300x296.jpg","contentUrl":"http:\/\/wp.kristdemokraterna.se\/skane\/files\/2021\/03\/1-2-1-scaled-e1617179414992-300x296.jpg"},{"@type":"BreadcrumbList","@id":"https:\/\/wp.kristdemokraterna.se\/skane\/textsida-med-vanster-sidebar\/fortroendevalda\/#breadcrumb","itemListElement":[{"@type":"ListItem","position":1,"name":"Hem","item":"https:\/\/wp.kristdemokraterna.se\/skane\/"},{"@type":"ListItem","position":2,"name":"KD Sk\u00e5nes f\u00f6rtroendevalda","item":"https:\/\/wp.kristdemokraterna.se\/skane\/textsida-med-vanster-sidebar\/"},{"@type":"ListItem","position":3,"name":"Distriktsstyrelsen"}]},{"@type":"WebSite","@id":"https:\/\/wp.kristdemokraterna.se\/skane\/#website","url":"https:\/\/wp.kristdemokraterna.se\/skane\/","name":"Kristdemokraterna | Sk\u00e5ne","description":"KD Sk\u00e5ne - f\u00f6r ett friare Sk\u00e5ne.","inLanguage":"sv-SE"}]}},"_links":{"self":[{"href":"https:\/\/wp.kristdemokraterna.se\/skane\/wp-json\/wp\/v2\/pages\/361","targetHints":{"allow":["GET"]}}],"collection":[{"href":"https:\/\/wp.kristdemokraterna.se\/skane\/wp-json\/wp\/v2\/pages"}],"about":[{"href":"https:\/\/wp.kristdemokraterna.se\/skane\/wp-json\/wp\/v2\/types\/page"}],"author":[{"embeddable":true,"href":"https:\/\/wp.kristdemokraterna.se\/skane\/wp-json\/wp\/v2\/users\/2"}],"replies":[{"embeddable":true,"href":"https:\/\/wp.kristdemokraterna.se\/skane\/wp-json\/wp\/v2\/comments?post=361"}],"version-history":[{"count":27,"href":"https:\/\/wp.kristdemokraterna.se\/skane\/wp-json\/wp\/v2\/pages\/361\/revisions"}],"predecessor-version":[{"id":1247,"href":"https:\/\/wp.kristdemokraterna.se\/skane\/wp-json\/wp\/v2\/pages\/361\/revisions\/1247"}],"up":[{"embeddable":true,"href":"https:\/\/wp.kristdemokraterna.se\/skane\/wp-json\/wp\/v2\/pages\/269"}],"wp:attachment":[{"href":"https:\/\/wp.kristdemokraterna.se\/skane\/wp-json\/wp\/v2\/media?parent=361"}],"curies":[{"name":"wp","href":"https:\/\/api.w.org\/{rel}","templated":true}]}}