{"id":363,"date":"2017-12-04T16:11:27","date_gmt":"2017-12-04T15:11:27","guid":{"rendered":"http:\/\/wp.kristdemokraterna.se\/skane\/?page_id=363"},"modified":"2025-11-27T11:10:20","modified_gmt":"2025-11-27T10:10:20","slug":"kontakta-oss-2","status":"publish","type":"page","link":"https:\/\/wp.kristdemokraterna.se\/skane\/textsida-med-vanster-sidebar\/kontakta-oss-2\/","title":{"rendered":"Kontakta oss"},"content":{"rendered":"<p>Postadress: V\u00e4stra R\u00f6nneholmsv\u00e4gen 59 B, 21741 Malm\u00f6<\/p>\n<p>Telefon: 040-407531<\/p>\n<p>Epost: <a href=\"mailto:skane@kristdemokraterna.se\">skane@kristdemokraterna.se<\/a><\/p>\n<p><strong>Missa inte den senaste informationen:<\/strong><\/p>\n<p>Mynewsdesk: <a href=\"https:\/\/www.mynewsdesk.com\/se\/kristdemokraterna-skane\">Kristdemokraterna i Sk\u00e5ne<\/a><\/p>\n<p>Facebook: <a href=\"https:\/\/www.facebook.com\/kristdemokraternaiskane\">Kristdemokraterna i Sk\u00e5ne<\/a><\/p>\n<h2>Anst\u00e4llda KD Sk\u00e5ne<\/h2>\n<h3>Ombudsman<strong>: <\/strong><\/h3>\n<p><strong><a href=\"http:\/\/wp.kristdemokraterna.se\/skane\/files\/2020\/06\/67015531_10216787609276177_7888484342853271552_o.jpg\"><img loading=\"lazy\" decoding=\"async\" class=\"wp-image-680 alignnone\" src=\"http:\/\/wp.kristdemokraterna.se\/skane\/files\/2020\/06\/67015531_10216787609276177_7888484342853271552_o-300x300.jpg\" alt=\"\" width=\"174\" height=\"174\" srcset=\"https:\/\/wp.kristdemokraterna.se\/skane\/files\/2020\/06\/67015531_10216787609276177_7888484342853271552_o-300x300.jpg 300w, https:\/\/wp.kristdemokraterna.se\/skane\/files\/2020\/06\/67015531_10216787609276177_7888484342853271552_o-1024x1024.jpg 1024w, https:\/\/wp.kristdemokraterna.se\/skane\/files\/2020\/06\/67015531_10216787609276177_7888484342853271552_o-150x150.jpg 150w, https:\/\/wp.kristdemokraterna.se\/skane\/files\/2020\/06\/67015531_10216787609276177_7888484342853271552_o-768x768.jpg 768w, https:\/\/wp.kristdemokraterna.se\/skane\/files\/2020\/06\/67015531_10216787609276177_7888484342853271552_o-200x200.jpg 200w, https:\/\/wp.kristdemokraterna.se\/skane\/files\/2020\/06\/67015531_10216787609276177_7888484342853271552_o-370x370.jpg 370w, https:\/\/wp.kristdemokraterna.se\/skane\/files\/2020\/06\/67015531_10216787609276177_7888484342853271552_o-90x90.jpg 90w, https:\/\/wp.kristdemokraterna.se\/skane\/files\/2020\/06\/67015531_10216787609276177_7888484342853271552_o-770x770.jpg 770w, https:\/\/wp.kristdemokraterna.se\/skane\/files\/2020\/06\/67015531_10216787609276177_7888484342853271552_o-450x450.jpg 450w, https:\/\/wp.kristdemokraterna.se\/skane\/files\/2020\/06\/67015531_10216787609276177_7888484342853271552_o-280x280.jpg 280w, https:\/\/wp.kristdemokraterna.se\/skane\/files\/2020\/06\/67015531_10216787609276177_7888484342853271552_o-340x340.jpg 340w, https:\/\/wp.kristdemokraterna.se\/skane\/files\/2020\/06\/67015531_10216787609276177_7888484342853271552_o-56x56.jpg 56w, https:\/\/wp.kristdemokraterna.se\/skane\/files\/2020\/06\/67015531_10216787609276177_7888484342853271552_o.jpg 1080w\" sizes=\"auto, (max-width: 174px) 100vw, 174px\" \/><\/a><br \/>\n<\/strong><strong>George Emilson<br \/>\n<\/strong><em>Telefonnummer: 0707 &#8211; 31 83 21<br \/>\n<\/em><em>Epost: <a href=\"mailto:george.emilson@kristdemokraterna.se\">george.emilson@kristdemokraterna.se<\/a><\/em><\/p>\n<h3>Politiska sekreterare:<\/h3>\n<p><strong><b><a href=\"http:\/\/wp.kristdemokraterna.se\/skane\/files\/2025\/11\/sb.jpg\"><img loading=\"lazy\" decoding=\"async\" class=\"alignnone wp-image-1242 \" src=\"http:\/\/wp.kristdemokraterna.se\/skane\/files\/2025\/11\/sb-300x300.jpg\" alt=\"\" width=\"174\" height=\"174\" srcset=\"https:\/\/wp.kristdemokraterna.se\/skane\/files\/2025\/11\/sb-300x300.jpg 300w, https:\/\/wp.kristdemokraterna.se\/skane\/files\/2025\/11\/sb-1024x1024.jpg 1024w, https:\/\/wp.kristdemokraterna.se\/skane\/files\/2025\/11\/sb-150x150.jpg 150w, https:\/\/wp.kristdemokraterna.se\/skane\/files\/2025\/11\/sb-768x768.jpg 768w, https:\/\/wp.kristdemokraterna.se\/skane\/files\/2025\/11\/sb-200x200.jpg 200w, https:\/\/wp.kristdemokraterna.se\/skane\/files\/2025\/11\/sb-370x370.jpg 370w, https:\/\/wp.kristdemokraterna.se\/skane\/files\/2025\/11\/sb-90x90.jpg 90w, https:\/\/wp.kristdemokraterna.se\/skane\/files\/2025\/11\/sb-770x770.jpg 770w, https:\/\/wp.kristdemokraterna.se\/skane\/files\/2025\/11\/sb-450x450.jpg 450w, https:\/\/wp.kristdemokraterna.se\/skane\/files\/2025\/11\/sb-280x280.jpg 280w, https:\/\/wp.kristdemokraterna.se\/skane\/files\/2025\/11\/sb-340x340.jpg 340w, https:\/\/wp.kristdemokraterna.se\/skane\/files\/2025\/11\/sb-56x56.jpg 56w, https:\/\/wp.kristdemokraterna.se\/skane\/files\/2025\/11\/sb.jpg 1080w\" sizes=\"auto, (max-width: 174px) 100vw, 174px\" \/><\/a><br \/>\n<\/b><\/strong><strong>Simon Berneblad<br \/>\n<\/strong><em>Telefonnummer: 0763- 29 92 31<br \/>\n<\/em><em>Epost: <a href=\"mailto:simon.berneblad@skane.se\">simon.berneblad@skane.se<\/a><br \/>\n<\/em><em>Arbetsomr\u00e5de<\/em>: <em>Kommunikation, varum\u00e4rke och sociala medier.<br \/>\nF\u00f6ljer Anders Lundstr\u00f6m, sjukhusstyrelse Helsingborg och Ystad<\/em><\/p>\n<p><strong><b><a href=\"http:\/\/wp.kristdemokraterna.se\/skane\/files\/2023\/03\/till-hemsida.jpg\"><img loading=\"lazy\" decoding=\"async\" class=\"alignnone size-full wp-image-1206\" src=\"http:\/\/wp.kristdemokraterna.se\/skane\/files\/2023\/03\/till-hemsida.jpg\" alt=\"\" width=\"174\" height=\"174\" srcset=\"https:\/\/wp.kristdemokraterna.se\/skane\/files\/2023\/03\/till-hemsida.jpg 174w, https:\/\/wp.kristdemokraterna.se\/skane\/files\/2023\/03\/till-hemsida-150x150.jpg 150w, https:\/\/wp.kristdemokraterna.se\/skane\/files\/2023\/03\/till-hemsida-90x90.jpg 90w, https:\/\/wp.kristdemokraterna.se\/skane\/files\/2023\/03\/till-hemsida-56x56.jpg 56w\" sizes=\"auto, (max-width: 174px) 100vw, 174px\" \/><\/a><br \/>\n<\/b><\/strong><strong>Martin Hallander<br \/>\n<\/strong><em>Telefonnummer: 0723 &#8211; 91 81 99<br \/>\n<\/em><em>Epost: <a href=\"mailto:martin.hallander@skane.se\">martin.hallander@skane.se<\/a><br \/>\n<\/em><em>Arbetsomr\u00e5de<\/em>: Stabschef, <em>policy och id\u00e9utveckling, ordf\u00f6rande N\u00e4mnden f\u00f6r operativ regiongemensam verksamhet<\/em><\/p>\n<p><strong><b><a href=\"http:\/\/wp.kristdemokraterna.se\/skane\/files\/2023\/06\/disa-v-till-hemsida2.jpg\"><img loading=\"lazy\" decoding=\"async\" class=\"alignnone size-full wp-image-1222\" src=\"http:\/\/wp.kristdemokraterna.se\/skane\/files\/2023\/06\/disa-v-till-hemsida2.jpg\" alt=\"\" width=\"174\" height=\"174\" srcset=\"https:\/\/wp.kristdemokraterna.se\/skane\/files\/2023\/06\/disa-v-till-hemsida2.jpg 174w, https:\/\/wp.kristdemokraterna.se\/skane\/files\/2023\/06\/disa-v-till-hemsida2-150x150.jpg 150w, https:\/\/wp.kristdemokraterna.se\/skane\/files\/2023\/06\/disa-v-till-hemsida2-90x90.jpg 90w, https:\/\/wp.kristdemokraterna.se\/skane\/files\/2023\/06\/disa-v-till-hemsida2-56x56.jpg 56w\" sizes=\"auto, (max-width: 174px) 100vw, 174px\" \/><\/a><br \/>\n<\/b><\/strong><b>Disa Viljehammar<br \/>\n<\/b><em>Telefonnummer: 044-309 31 21<br \/>\n<\/em><em>Epost: <a href=\"mailto:disa.viljehammar@skane.se\">disa.viljehammar@skane.se<\/a><br \/>\n<\/em><em>Arbetsomr\u00e5de<\/em>: <em>Gruppsekreterare.<br \/>\nF\u00f6ljer Per Einarsson, Psykiatri-, habilitering- och hj\u00e4lpmedelsn\u00e4mnden.\u00a0<\/em><\/p>\n<p><a href=\"http:\/\/wp.kristdemokraterna.se\/skane\/files\/2023\/11\/ruppel.jpg\"><img loading=\"lazy\" decoding=\"async\" class=\"alignnone size-full wp-image-1224\" src=\"http:\/\/wp.kristdemokraterna.se\/skane\/files\/2023\/11\/ruppel.jpg\" alt=\"\" width=\"174\" height=\"174\" srcset=\"https:\/\/wp.kristdemokraterna.se\/skane\/files\/2023\/11\/ruppel.jpg 174w, https:\/\/wp.kristdemokraterna.se\/skane\/files\/2023\/11\/ruppel-150x150.jpg 150w, https:\/\/wp.kristdemokraterna.se\/skane\/files\/2023\/11\/ruppel-90x90.jpg 90w, https:\/\/wp.kristdemokraterna.se\/skane\/files\/2023\/11\/ruppel-56x56.jpg 56w\" sizes=\"auto, (max-width: 174px) 100vw, 174px\" \/><\/a><\/p>\n<p><b>Patrik Ruppel<br \/>\n<\/b><em>Telefonnummer: \u202d070-573 66 43\u202c<br \/>\n<\/em><em>Epost: <a href=\"mailto:patrik.ruppel@skane.se\">patrik.ruppel@skane.se<\/a><\/em>\u00a0<em><br \/>\nF\u00f6ljer Maria Berglund, sjukhusstyrelse SUS och N\u00e4mnden f\u00f6r operativ regiongemensam verksamhet.<\/em><\/p>\n<p>&nbsp;<\/p>\n","protected":false},"excerpt":{"rendered":"<p>Postadress: V\u00e4stra R\u00f6nneholmsv\u00e4gen 59 B, 21741 Malm\u00f6 Telefon: 040-407531 Epost: skane@kristdemokraterna.se Missa inte den senaste informationen: Mynewsdesk: Kristdemokraterna i Sk\u00e5ne Facebook: Kristdemokraterna i Sk\u00e5ne Anst\u00e4llda KD Sk\u00e5ne Ombudsman: George Emilson Telefonnummer: 0707 &#8211; 31 83 21 Epost: george.emilson@kristdemokraterna.se Politiska sekreterare: Simon Berneblad Telefonnummer: 0763- 29 92 31 Epost: simon.berneblad@skane.se Arbetsomr\u00e5de: Kommunikation, varum\u00e4rke och sociala medier. <a class=\"read-more-link\" href=\"https:\/\/wp.kristdemokraterna.se\/skane\/textsida-med-vanster-sidebar\/kontakta-oss-2\/\">L\u00e4s mer<\/a><\/p>\n","protected":false},"author":2,"featured_media":0,"parent":269,"menu_order":4,"comment_status":"closed","ping_status":"closed","template":"page.php","meta":{"_acf_changed":false,"footnotes":""},"class_list":["post-363","page","type-page","status-publish","hentry"],"acf":[],"yoast_head":"<!-- This site is optimized with the Yoast SEO plugin v27.4 - https:\/\/yoast.com\/product\/yoast-seo-wordpress\/ -->\n<title>Kontakta oss - Kristdemokraterna | Sk\u00e5ne<\/title>\n<meta name=\"robots\" content=\"index, follow, max-snippet:-1, max-image-preview:large, max-video-preview:-1\" \/>\n<link rel=\"canonical\" href=\"https:\/\/wp.kristdemokraterna.se\/skane\/textsida-med-vanster-sidebar\/kontakta-oss-2\/\" \/>\n<meta property=\"og:locale\" content=\"sv_SE\" \/>\n<meta property=\"og:type\" content=\"article\" \/>\n<meta property=\"og:title\" content=\"Kontakta oss - Kristdemokraterna | Sk\u00e5ne\" \/>\n<meta property=\"og:description\" content=\"Postadress: V\u00e4stra R\u00f6nneholmsv\u00e4gen 59 B, 21741 Malm\u00f6 Telefon: 040-407531 Epost: skane@kristdemokraterna.se Missa inte den senaste informationen: Mynewsdesk: Kristdemokraterna i Sk\u00e5ne Facebook: Kristdemokraterna i Sk\u00e5ne Anst\u00e4llda KD Sk\u00e5ne Ombudsman: George Emilson Telefonnummer: 0707 &#8211; 31 83 21 Epost: george.emilson@kristdemokraterna.se Politiska sekreterare: Simon Berneblad Telefonnummer: 0763- 29 92 31 Epost: simon.berneblad@skane.se Arbetsomr\u00e5de: Kommunikation, varum\u00e4rke och sociala medier. L\u00e4s mer\" \/>\n<meta property=\"og:url\" content=\"https:\/\/wp.kristdemokraterna.se\/skane\/textsida-med-vanster-sidebar\/kontakta-oss-2\/\" \/>\n<meta property=\"og:site_name\" content=\"Kristdemokraterna | Sk\u00e5ne\" \/>\n<meta property=\"article:publisher\" content=\"https:\/\/www.facebook.com\/kristdemokraternaiskane\/\" \/>\n<meta property=\"article:modified_time\" content=\"2025-11-27T10:10:20+00:00\" \/>\n<meta property=\"og:image\" content=\"https:\/\/wp.kristdemokraterna.se\/skane\/files\/2020\/06\/67015531_10216787609276177_7888484342853271552_o.jpg\" \/>\n\t<meta property=\"og:image:width\" content=\"1080\" \/>\n\t<meta property=\"og:image:height\" content=\"1080\" \/>\n\t<meta property=\"og:image:type\" content=\"image\/jpeg\" \/>\n<meta name=\"twitter:card\" content=\"summary_large_image\" \/>\n<meta name=\"twitter:label1\" content=\"Ber\u00e4knad l\u00e4stid\" \/>\n\t<meta name=\"twitter:data1\" content=\"2 minuter\" \/>\n<script type=\"application\/ld+json\" class=\"yoast-schema-graph\">{\"@context\":\"https:\\\/\\\/schema.org\",\"@graph\":[{\"@type\":\"WebPage\",\"@id\":\"https:\\\/\\\/wp.kristdemokraterna.se\\\/skane\\\/textsida-med-vanster-sidebar\\\/kontakta-oss-2\\\/\",\"url\":\"https:\\\/\\\/wp.kristdemokraterna.se\\\/skane\\\/textsida-med-vanster-sidebar\\\/kontakta-oss-2\\\/\",\"name\":\"Kontakta oss - Kristdemokraterna | Sk\u00e5ne\",\"isPartOf\":{\"@id\":\"https:\\\/\\\/wp.kristdemokraterna.se\\\/skane\\\/#website\"},\"primaryImageOfPage\":{\"@id\":\"https:\\\/\\\/wp.kristdemokraterna.se\\\/skane\\\/textsida-med-vanster-sidebar\\\/kontakta-oss-2\\\/#primaryimage\"},\"image\":{\"@id\":\"https:\\\/\\\/wp.kristdemokraterna.se\\\/skane\\\/textsida-med-vanster-sidebar\\\/kontakta-oss-2\\\/#primaryimage\"},\"thumbnailUrl\":\"http:\\\/\\\/wp.kristdemokraterna.se\\\/skane\\\/files\\\/2020\\\/06\\\/67015531_10216787609276177_7888484342853271552_o-300x300.jpg\",\"datePublished\":\"2017-12-04T15:11:27+00:00\",\"dateModified\":\"2025-11-27T10:10:20+00:00\",\"breadcrumb\":{\"@id\":\"https:\\\/\\\/wp.kristdemokraterna.se\\\/skane\\\/textsida-med-vanster-sidebar\\\/kontakta-oss-2\\\/#breadcrumb\"},\"inLanguage\":\"sv-SE\",\"potentialAction\":[{\"@type\":\"ReadAction\",\"target\":[\"https:\\\/\\\/wp.kristdemokraterna.se\\\/skane\\\/textsida-med-vanster-sidebar\\\/kontakta-oss-2\\\/\"]}]},{\"@type\":\"ImageObject\",\"inLanguage\":\"sv-SE\",\"@id\":\"https:\\\/\\\/wp.kristdemokraterna.se\\\/skane\\\/textsida-med-vanster-sidebar\\\/kontakta-oss-2\\\/#primaryimage\",\"url\":\"http:\\\/\\\/wp.kristdemokraterna.se\\\/skane\\\/files\\\/2020\\\/06\\\/67015531_10216787609276177_7888484342853271552_o-300x300.jpg\",\"contentUrl\":\"http:\\\/\\\/wp.kristdemokraterna.se\\\/skane\\\/files\\\/2020\\\/06\\\/67015531_10216787609276177_7888484342853271552_o-300x300.jpg\"},{\"@type\":\"BreadcrumbList\",\"@id\":\"https:\\\/\\\/wp.kristdemokraterna.se\\\/skane\\\/textsida-med-vanster-sidebar\\\/kontakta-oss-2\\\/#breadcrumb\",\"itemListElement\":[{\"@type\":\"ListItem\",\"position\":1,\"name\":\"Hem\",\"item\":\"https:\\\/\\\/wp.kristdemokraterna.se\\\/skane\\\/\"},{\"@type\":\"ListItem\",\"position\":2,\"name\":\"KD Sk\u00e5nes f\u00f6rtroendevalda\",\"item\":\"https:\\\/\\\/wp.kristdemokraterna.se\\\/skane\\\/textsida-med-vanster-sidebar\\\/\"},{\"@type\":\"ListItem\",\"position\":3,\"name\":\"Kontakta oss\"}]},{\"@type\":\"WebSite\",\"@id\":\"https:\\\/\\\/wp.kristdemokraterna.se\\\/skane\\\/#website\",\"url\":\"https:\\\/\\\/wp.kristdemokraterna.se\\\/skane\\\/\",\"name\":\"Kristdemokraterna | Sk\u00e5ne\",\"description\":\"KD Sk\u00e5ne - f\u00f6r ett friare Sk\u00e5ne.\",\"inLanguage\":\"sv-SE\"}]}<\/script>\n<!-- \/ Yoast SEO plugin. -->","yoast_head_json":{"title":"Kontakta oss - Kristdemokraterna | Sk\u00e5ne","robots":{"index":"index","follow":"follow","max-snippet":"max-snippet:-1","max-image-preview":"max-image-preview:large","max-video-preview":"max-video-preview:-1"},"canonical":"https:\/\/wp.kristdemokraterna.se\/skane\/textsida-med-vanster-sidebar\/kontakta-oss-2\/","og_locale":"sv_SE","og_type":"article","og_title":"Kontakta oss - Kristdemokraterna | Sk\u00e5ne","og_description":"Postadress: V\u00e4stra R\u00f6nneholmsv\u00e4gen 59 B, 21741 Malm\u00f6 Telefon: 040-407531 Epost: skane@kristdemokraterna.se Missa inte den senaste informationen: Mynewsdesk: Kristdemokraterna i Sk\u00e5ne Facebook: Kristdemokraterna i Sk\u00e5ne Anst\u00e4llda KD Sk\u00e5ne Ombudsman: George Emilson Telefonnummer: 0707 &#8211; 31 83 21 Epost: george.emilson@kristdemokraterna.se Politiska sekreterare: Simon Berneblad Telefonnummer: 0763- 29 92 31 Epost: simon.berneblad@skane.se Arbetsomr\u00e5de: Kommunikation, varum\u00e4rke och sociala medier. L\u00e4s mer","og_url":"https:\/\/wp.kristdemokraterna.se\/skane\/textsida-med-vanster-sidebar\/kontakta-oss-2\/","og_site_name":"Kristdemokraterna | Sk\u00e5ne","article_publisher":"https:\/\/www.facebook.com\/kristdemokraternaiskane\/","article_modified_time":"2025-11-27T10:10:20+00:00","og_image":[{"width":1080,"height":1080,"url":"https:\/\/wp.kristdemokraterna.se\/skane\/files\/2020\/06\/67015531_10216787609276177_7888484342853271552_o.jpg","type":"image\/jpeg"}],"twitter_card":"summary_large_image","twitter_misc":{"Ber\u00e4knad l\u00e4stid":"2 minuter"},"schema":{"@context":"https:\/\/schema.org","@graph":[{"@type":"WebPage","@id":"https:\/\/wp.kristdemokraterna.se\/skane\/textsida-med-vanster-sidebar\/kontakta-oss-2\/","url":"https:\/\/wp.kristdemokraterna.se\/skane\/textsida-med-vanster-sidebar\/kontakta-oss-2\/","name":"Kontakta oss - Kristdemokraterna | Sk\u00e5ne","isPartOf":{"@id":"https:\/\/wp.kristdemokraterna.se\/skane\/#website"},"primaryImageOfPage":{"@id":"https:\/\/wp.kristdemokraterna.se\/skane\/textsida-med-vanster-sidebar\/kontakta-oss-2\/#primaryimage"},"image":{"@id":"https:\/\/wp.kristdemokraterna.se\/skane\/textsida-med-vanster-sidebar\/kontakta-oss-2\/#primaryimage"},"thumbnailUrl":"http:\/\/wp.kristdemokraterna.se\/skane\/files\/2020\/06\/67015531_10216787609276177_7888484342853271552_o-300x300.jpg","datePublished":"2017-12-04T15:11:27+00:00","dateModified":"2025-11-27T10:10:20+00:00","breadcrumb":{"@id":"https:\/\/wp.kristdemokraterna.se\/skane\/textsida-med-vanster-sidebar\/kontakta-oss-2\/#breadcrumb"},"inLanguage":"sv-SE","potentialAction":[{"@type":"ReadAction","target":["https:\/\/wp.kristdemokraterna.se\/skane\/textsida-med-vanster-sidebar\/kontakta-oss-2\/"]}]},{"@type":"ImageObject","inLanguage":"sv-SE","@id":"https:\/\/wp.kristdemokraterna.se\/skane\/textsida-med-vanster-sidebar\/kontakta-oss-2\/#primaryimage","url":"http:\/\/wp.kristdemokraterna.se\/skane\/files\/2020\/06\/67015531_10216787609276177_7888484342853271552_o-300x300.jpg","contentUrl":"http:\/\/wp.kristdemokraterna.se\/skane\/files\/2020\/06\/67015531_10216787609276177_7888484342853271552_o-300x300.jpg"},{"@type":"BreadcrumbList","@id":"https:\/\/wp.kristdemokraterna.se\/skane\/textsida-med-vanster-sidebar\/kontakta-oss-2\/#breadcrumb","itemListElement":[{"@type":"ListItem","position":1,"name":"Hem","item":"https:\/\/wp.kristdemokraterna.se\/skane\/"},{"@type":"ListItem","position":2,"name":"KD Sk\u00e5nes f\u00f6rtroendevalda","item":"https:\/\/wp.kristdemokraterna.se\/skane\/textsida-med-vanster-sidebar\/"},{"@type":"ListItem","position":3,"name":"Kontakta oss"}]},{"@type":"WebSite","@id":"https:\/\/wp.kristdemokraterna.se\/skane\/#website","url":"https:\/\/wp.kristdemokraterna.se\/skane\/","name":"Kristdemokraterna | Sk\u00e5ne","description":"KD Sk\u00e5ne - f\u00f6r ett friare Sk\u00e5ne.","inLanguage":"sv-SE"}]}},"_links":{"self":[{"href":"https:\/\/wp.kristdemokraterna.se\/skane\/wp-json\/wp\/v2\/pages\/363","targetHints":{"allow":["GET"]}}],"collection":[{"href":"https:\/\/wp.kristdemokraterna.se\/skane\/wp-json\/wp\/v2\/pages"}],"about":[{"href":"https:\/\/wp.kristdemokraterna.se\/skane\/wp-json\/wp\/v2\/types\/page"}],"author":[{"embeddable":true,"href":"https:\/\/wp.kristdemokraterna.se\/skane\/wp-json\/wp\/v2\/users\/2"}],"replies":[{"embeddable":true,"href":"https:\/\/wp.kristdemokraterna.se\/skane\/wp-json\/wp\/v2\/comments?post=363"}],"version-history":[{"count":70,"href":"https:\/\/wp.kristdemokraterna.se\/skane\/wp-json\/wp\/v2\/pages\/363\/revisions"}],"predecessor-version":[{"id":1243,"href":"https:\/\/wp.kristdemokraterna.se\/skane\/wp-json\/wp\/v2\/pages\/363\/revisions\/1243"}],"up":[{"embeddable":true,"href":"https:\/\/wp.kristdemokraterna.se\/skane\/wp-json\/wp\/v2\/pages\/269"}],"wp:attachment":[{"href":"https:\/\/wp.kristdemokraterna.se\/skane\/wp-json\/wp\/v2\/media?parent=363"}],"curies":[{"name":"wp","href":"https:\/\/api.w.org\/{rel}","templated":true}]}}