{"id":629,"date":"2020-06-23T17:32:09","date_gmt":"2020-06-23T15:32:09","guid":{"rendered":"http:\/\/wp.kristdemokraterna.se\/skane\/?page_id=629"},"modified":"2022-10-26T19:19:15","modified_gmt":"2022-10-26T17:19:15","slug":"riksdagen","status":"publish","type":"page","link":"https:\/\/wp.kristdemokraterna.se\/skane\/textsida-med-vanster-sidebar\/riksdagen\/","title":{"rendered":"Riksdagen"},"content":{"rendered":"<p><b><a href=\"http:\/\/wp.kristdemokraterna.se\/skane\/files\/2022\/10\/torsten-elofsson.jpg\"><img loading=\"lazy\" decoding=\"async\" class=\"alignnone size-full wp-image-1121\" src=\"http:\/\/wp.kristdemokraterna.se\/skane\/files\/2022\/10\/torsten-elofsson.jpg\" alt=\"\" width=\"176\" height=\"176\" srcset=\"https:\/\/wp.kristdemokraterna.se\/skane\/files\/2022\/10\/torsten-elofsson.jpg 176w, https:\/\/wp.kristdemokraterna.se\/skane\/files\/2022\/10\/torsten-elofsson-150x150.jpg 150w, https:\/\/wp.kristdemokraterna.se\/skane\/files\/2022\/10\/torsten-elofsson-90x90.jpg 90w, https:\/\/wp.kristdemokraterna.se\/skane\/files\/2022\/10\/torsten-elofsson-56x56.jpg 56w\" sizes=\"auto, (max-width: 176px) 100vw, 176px\" \/><\/a><\/b><\/p>\n<p><b>Torsten Elofsson<br \/>\n<\/b><em>Valkrets Sk\u00e5ne l\u00e4ns norra och \u00f6stra valkrets<\/em><br \/>\nEpost: torsten.elofsson@kristdemokraterna.se<\/p>\n<p><a href=\"http:\/\/wp.kristdemokraterna.se\/skane\/files\/2022\/10\/cecilia-engstro\u0308m.jpg\"><img loading=\"lazy\" decoding=\"async\" class=\"alignnone size-full wp-image-1122\" src=\"http:\/\/wp.kristdemokraterna.se\/skane\/files\/2022\/10\/cecilia-engstro\u0308m.jpg\" alt=\"\" width=\"176\" height=\"176\" srcset=\"https:\/\/wp.kristdemokraterna.se\/skane\/files\/2022\/10\/cecilia-engstro\u0308m.jpg 176w, https:\/\/wp.kristdemokraterna.se\/skane\/files\/2022\/10\/cecilia-engstro\u0308m-150x150.jpg 150w, https:\/\/wp.kristdemokraterna.se\/skane\/files\/2022\/10\/cecilia-engstro\u0308m-90x90.jpg 90w, https:\/\/wp.kristdemokraterna.se\/skane\/files\/2022\/10\/cecilia-engstro\u0308m-56x56.jpg 56w\" sizes=\"auto, (max-width: 176px) 100vw, 176px\" \/><\/a><\/p>\n<p><b>Cecilia Engstr\u00f6m<br \/>\n<\/b><em>Valkrets Sk\u00e5ne v\u00e4stra valkrets<\/em><br \/>\nEpost: cecilia.engstrom@kristdemokraterna.se<\/p>\n","protected":false},"excerpt":{"rendered":"<p>Torsten Elofsson Valkrets Sk\u00e5ne l\u00e4ns norra och \u00f6stra valkrets Epost: torsten.elofsson@kristdemokraterna.se Cecilia Engstr\u00f6m Valkrets Sk\u00e5ne v\u00e4stra valkrets Epost: cecilia.engstrom@kristdemokraterna.se<\/p>\n","protected":false},"author":874,"featured_media":0,"parent":269,"menu_order":3,"comment_status":"closed","ping_status":"closed","template":"","meta":{"_acf_changed":false,"footnotes":""},"class_list":["post-629","page","type-page","status-publish","hentry"],"acf":[],"yoast_head":"<!-- This site is optimized with the Yoast SEO plugin v27.4 - https:\/\/yoast.com\/product\/yoast-seo-wordpress\/ -->\n<title>Riksdagen - Kristdemokraterna | Sk\u00e5ne<\/title>\n<meta name=\"robots\" content=\"index, follow, max-snippet:-1, max-image-preview:large, max-video-preview:-1\" \/>\n<link rel=\"canonical\" href=\"https:\/\/wp.kristdemokraterna.se\/skane\/textsida-med-vanster-sidebar\/riksdagen\/\" \/>\n<meta property=\"og:locale\" content=\"sv_SE\" \/>\n<meta property=\"og:type\" content=\"article\" \/>\n<meta property=\"og:title\" content=\"Riksdagen - Kristdemokraterna | Sk\u00e5ne\" \/>\n<meta property=\"og:description\" content=\"Torsten Elofsson Valkrets Sk\u00e5ne l\u00e4ns norra och \u00f6stra valkrets Epost: torsten.elofsson@kristdemokraterna.se Cecilia Engstr\u00f6m Valkrets Sk\u00e5ne v\u00e4stra valkrets Epost: cecilia.engstrom@kristdemokraterna.se\" \/>\n<meta property=\"og:url\" content=\"https:\/\/wp.kristdemokraterna.se\/skane\/textsida-med-vanster-sidebar\/riksdagen\/\" \/>\n<meta property=\"og:site_name\" content=\"Kristdemokraterna | Sk\u00e5ne\" \/>\n<meta property=\"article:publisher\" content=\"https:\/\/www.facebook.com\/kristdemokraternaiskane\/\" \/>\n<meta property=\"article:modified_time\" content=\"2022-10-26T17:19:15+00:00\" \/>\n<meta property=\"og:image\" content=\"http:\/\/wp.kristdemokraterna.se\/skane\/files\/2022\/10\/torsten-elofsson.jpg\" \/>\n<meta name=\"twitter:card\" content=\"summary_large_image\" \/>\n<meta name=\"twitter:label1\" content=\"Ber\u00e4knad l\u00e4stid\" \/>\n\t<meta name=\"twitter:data1\" content=\"1 minut\" \/>\n<script type=\"application\/ld+json\" class=\"yoast-schema-graph\">{\"@context\":\"https:\\\/\\\/schema.org\",\"@graph\":[{\"@type\":\"WebPage\",\"@id\":\"https:\\\/\\\/wp.kristdemokraterna.se\\\/skane\\\/textsida-med-vanster-sidebar\\\/riksdagen\\\/\",\"url\":\"https:\\\/\\\/wp.kristdemokraterna.se\\\/skane\\\/textsida-med-vanster-sidebar\\\/riksdagen\\\/\",\"name\":\"Riksdagen - Kristdemokraterna | Sk\u00e5ne\",\"isPartOf\":{\"@id\":\"https:\\\/\\\/wp.kristdemokraterna.se\\\/skane\\\/#website\"},\"primaryImageOfPage\":{\"@id\":\"https:\\\/\\\/wp.kristdemokraterna.se\\\/skane\\\/textsida-med-vanster-sidebar\\\/riksdagen\\\/#primaryimage\"},\"image\":{\"@id\":\"https:\\\/\\\/wp.kristdemokraterna.se\\\/skane\\\/textsida-med-vanster-sidebar\\\/riksdagen\\\/#primaryimage\"},\"thumbnailUrl\":\"http:\\\/\\\/wp.kristdemokraterna.se\\\/skane\\\/files\\\/2022\\\/10\\\/torsten-elofsson.jpg\",\"datePublished\":\"2020-06-23T15:32:09+00:00\",\"dateModified\":\"2022-10-26T17:19:15+00:00\",\"breadcrumb\":{\"@id\":\"https:\\\/\\\/wp.kristdemokraterna.se\\\/skane\\\/textsida-med-vanster-sidebar\\\/riksdagen\\\/#breadcrumb\"},\"inLanguage\":\"sv-SE\",\"potentialAction\":[{\"@type\":\"ReadAction\",\"target\":[\"https:\\\/\\\/wp.kristdemokraterna.se\\\/skane\\\/textsida-med-vanster-sidebar\\\/riksdagen\\\/\"]}]},{\"@type\":\"ImageObject\",\"inLanguage\":\"sv-SE\",\"@id\":\"https:\\\/\\\/wp.kristdemokraterna.se\\\/skane\\\/textsida-med-vanster-sidebar\\\/riksdagen\\\/#primaryimage\",\"url\":\"http:\\\/\\\/wp.kristdemokraterna.se\\\/skane\\\/files\\\/2022\\\/10\\\/torsten-elofsson.jpg\",\"contentUrl\":\"http:\\\/\\\/wp.kristdemokraterna.se\\\/skane\\\/files\\\/2022\\\/10\\\/torsten-elofsson.jpg\"},{\"@type\":\"BreadcrumbList\",\"@id\":\"https:\\\/\\\/wp.kristdemokraterna.se\\\/skane\\\/textsida-med-vanster-sidebar\\\/riksdagen\\\/#breadcrumb\",\"itemListElement\":[{\"@type\":\"ListItem\",\"position\":1,\"name\":\"Hem\",\"item\":\"https:\\\/\\\/wp.kristdemokraterna.se\\\/skane\\\/\"},{\"@type\":\"ListItem\",\"position\":2,\"name\":\"KD Sk\u00e5nes f\u00f6rtroendevalda\",\"item\":\"https:\\\/\\\/wp.kristdemokraterna.se\\\/skane\\\/textsida-med-vanster-sidebar\\\/\"},{\"@type\":\"ListItem\",\"position\":3,\"name\":\"Riksdagen\"}]},{\"@type\":\"WebSite\",\"@id\":\"https:\\\/\\\/wp.kristdemokraterna.se\\\/skane\\\/#website\",\"url\":\"https:\\\/\\\/wp.kristdemokraterna.se\\\/skane\\\/\",\"name\":\"Kristdemokraterna | Sk\u00e5ne\",\"description\":\"KD Sk\u00e5ne - f\u00f6r ett friare Sk\u00e5ne.\",\"inLanguage\":\"sv-SE\"}]}<\/script>\n<!-- \/ Yoast SEO plugin. -->","yoast_head_json":{"title":"Riksdagen - Kristdemokraterna | Sk\u00e5ne","robots":{"index":"index","follow":"follow","max-snippet":"max-snippet:-1","max-image-preview":"max-image-preview:large","max-video-preview":"max-video-preview:-1"},"canonical":"https:\/\/wp.kristdemokraterna.se\/skane\/textsida-med-vanster-sidebar\/riksdagen\/","og_locale":"sv_SE","og_type":"article","og_title":"Riksdagen - Kristdemokraterna | Sk\u00e5ne","og_description":"Torsten Elofsson Valkrets Sk\u00e5ne l\u00e4ns norra och \u00f6stra valkrets Epost: torsten.elofsson@kristdemokraterna.se Cecilia Engstr\u00f6m Valkrets Sk\u00e5ne v\u00e4stra valkrets Epost: cecilia.engstrom@kristdemokraterna.se","og_url":"https:\/\/wp.kristdemokraterna.se\/skane\/textsida-med-vanster-sidebar\/riksdagen\/","og_site_name":"Kristdemokraterna | Sk\u00e5ne","article_publisher":"https:\/\/www.facebook.com\/kristdemokraternaiskane\/","article_modified_time":"2022-10-26T17:19:15+00:00","og_image":[{"url":"http:\/\/wp.kristdemokraterna.se\/skane\/files\/2022\/10\/torsten-elofsson.jpg","type":"","width":"","height":""}],"twitter_card":"summary_large_image","twitter_misc":{"Ber\u00e4knad l\u00e4stid":"1 minut"},"schema":{"@context":"https:\/\/schema.org","@graph":[{"@type":"WebPage","@id":"https:\/\/wp.kristdemokraterna.se\/skane\/textsida-med-vanster-sidebar\/riksdagen\/","url":"https:\/\/wp.kristdemokraterna.se\/skane\/textsida-med-vanster-sidebar\/riksdagen\/","name":"Riksdagen - Kristdemokraterna | Sk\u00e5ne","isPartOf":{"@id":"https:\/\/wp.kristdemokraterna.se\/skane\/#website"},"primaryImageOfPage":{"@id":"https:\/\/wp.kristdemokraterna.se\/skane\/textsida-med-vanster-sidebar\/riksdagen\/#primaryimage"},"image":{"@id":"https:\/\/wp.kristdemokraterna.se\/skane\/textsida-med-vanster-sidebar\/riksdagen\/#primaryimage"},"thumbnailUrl":"http:\/\/wp.kristdemokraterna.se\/skane\/files\/2022\/10\/torsten-elofsson.jpg","datePublished":"2020-06-23T15:32:09+00:00","dateModified":"2022-10-26T17:19:15+00:00","breadcrumb":{"@id":"https:\/\/wp.kristdemokraterna.se\/skane\/textsida-med-vanster-sidebar\/riksdagen\/#breadcrumb"},"inLanguage":"sv-SE","potentialAction":[{"@type":"ReadAction","target":["https:\/\/wp.kristdemokraterna.se\/skane\/textsida-med-vanster-sidebar\/riksdagen\/"]}]},{"@type":"ImageObject","inLanguage":"sv-SE","@id":"https:\/\/wp.kristdemokraterna.se\/skane\/textsida-med-vanster-sidebar\/riksdagen\/#primaryimage","url":"http:\/\/wp.kristdemokraterna.se\/skane\/files\/2022\/10\/torsten-elofsson.jpg","contentUrl":"http:\/\/wp.kristdemokraterna.se\/skane\/files\/2022\/10\/torsten-elofsson.jpg"},{"@type":"BreadcrumbList","@id":"https:\/\/wp.kristdemokraterna.se\/skane\/textsida-med-vanster-sidebar\/riksdagen\/#breadcrumb","itemListElement":[{"@type":"ListItem","position":1,"name":"Hem","item":"https:\/\/wp.kristdemokraterna.se\/skane\/"},{"@type":"ListItem","position":2,"name":"KD Sk\u00e5nes f\u00f6rtroendevalda","item":"https:\/\/wp.kristdemokraterna.se\/skane\/textsida-med-vanster-sidebar\/"},{"@type":"ListItem","position":3,"name":"Riksdagen"}]},{"@type":"WebSite","@id":"https:\/\/wp.kristdemokraterna.se\/skane\/#website","url":"https:\/\/wp.kristdemokraterna.se\/skane\/","name":"Kristdemokraterna | Sk\u00e5ne","description":"KD Sk\u00e5ne - f\u00f6r ett friare Sk\u00e5ne.","inLanguage":"sv-SE"}]}},"_links":{"self":[{"href":"https:\/\/wp.kristdemokraterna.se\/skane\/wp-json\/wp\/v2\/pages\/629","targetHints":{"allow":["GET"]}}],"collection":[{"href":"https:\/\/wp.kristdemokraterna.se\/skane\/wp-json\/wp\/v2\/pages"}],"about":[{"href":"https:\/\/wp.kristdemokraterna.se\/skane\/wp-json\/wp\/v2\/types\/page"}],"author":[{"embeddable":true,"href":"https:\/\/wp.kristdemokraterna.se\/skane\/wp-json\/wp\/v2\/users\/874"}],"replies":[{"embeddable":true,"href":"https:\/\/wp.kristdemokraterna.se\/skane\/wp-json\/wp\/v2\/comments?post=629"}],"version-history":[{"count":6,"href":"https:\/\/wp.kristdemokraterna.se\/skane\/wp-json\/wp\/v2\/pages\/629\/revisions"}],"predecessor-version":[{"id":1123,"href":"https:\/\/wp.kristdemokraterna.se\/skane\/wp-json\/wp\/v2\/pages\/629\/revisions\/1123"}],"up":[{"embeddable":true,"href":"https:\/\/wp.kristdemokraterna.se\/skane\/wp-json\/wp\/v2\/pages\/269"}],"wp:attachment":[{"href":"https:\/\/wp.kristdemokraterna.se\/skane\/wp-json\/wp\/v2\/media?parent=629"}],"curies":[{"name":"wp","href":"https:\/\/api.w.org\/{rel}","templated":true}]}}