{"id":752,"date":"2020-08-25T10:09:28","date_gmt":"2020-08-25T08:09:28","guid":{"rendered":"http:\/\/wp.kristdemokraterna.se\/skane\/?page_id=752"},"modified":"2020-08-25T10:09:28","modified_gmt":"2020-08-25T08:09:28","slug":"infor-sarskilda-ungdomsdomstolar","status":"publish","type":"page","link":"https:\/\/wp.kristdemokraterna.se\/skane\/textsida-fullbredd\/vad-hander-i-distriktet\/infor-sarskilda-ungdomsdomstolar\/","title":{"rendered":"Inf\u00f6r s\u00e4rskilda ungdomsdomstolar"},"content":{"rendered":"<p>Svenskt r\u00e4ttsv\u00e4sende har idag en tudelad handl\u00e4ggning av \u00e4renden avseende unga brottsmisst\u00e4nkta. Unga under 15 \u00e5r \u00e4r inte straffmyndiga och kan d\u00e4rf\u00f6r inte \u00e5talas f\u00f6r brott oavsett brottets sv\u00e5righetsgrad. Vid misstanke om brott \u00f6verl\u00e4mnas \u00e4rendet till socialtj\u00e4nsten f\u00f6r fortsatt handl\u00e4ggning. Den tv\u00e5ngs\u00e5tg\u00e4rd som d\u00e5 kan komma ifr\u00e5ga \u00e4r ytterst omh\u00e4ndertagande med st\u00f6d av Lagen med s\u00e4rskilda best\u00e4mmelser om v\u00e5r av unga. Socialtj\u00e4nsten tar i dessa fall beslut som sedan pr\u00f6vas av F\u00f6rvaltningsr\u00e4tten.<\/p>\n<p>Unga brottsmisst\u00e4nkta mellan 15 \u2013 18 \u00e5r kan bli f\u00f6rem\u00e5l f\u00f6r f\u00f6runders\u00f6kning och \u00e5tal och deras sak pr\u00f6vas i tingsr\u00e4tten i f\u00f6rsta instans. Handl\u00e4ggningen av dessa brottm\u00e5l f\u00f6ljer s\u00e4rskilda regler om skyndsamhet. Frihetsber\u00f6vande i form av anh\u00e5llande och h\u00e4ktning f\u00f6rekommer endast i \u00e4renden som r\u00f6r misstanke om mycket grova brott.<\/p>\n<p>Under senare tid har det i ett antal \u00e4rende uppst\u00e5tt tveksamheter kring g\u00e4rningspersonens \u00e5lder, vilket i sig v\u00e5llar fr\u00e5gor kring den fortsatta hand-l\u00e4ggningen. Likas\u00e5 f\u00f6rekommer fall med minder\u00e5riga g\u00e4rningspersoner som inte f\u00e5r r\u00e4ttslig pr\u00f6vning, n\u00e5got som \u00e4r r\u00e4ttsos\u00e4kert.<\/p>\n<p>Den nuvarande uppdelningen mellan tingsr\u00e4tt och f\u00f6rvaltningsr\u00e4tt \u00e4r olycklig av flera sk\u00e4l. En b\u00e4rande tanke vad g\u00e4ller handl\u00e4ggningen av unga kriminella \u00e4r att den ska ske skyndsamt och att det f\u00f6r den unge ska finnas en tydlig koppling mellan g\u00e4rning och p\u00e5f\u00f6ljd. R\u00e4ttsv\u00e4sendet lever idag inte upp till kraven i det avseendet. Likas\u00e5 \u00e4r uppdelningen mellan brottm\u00e5lsdomstol och f\u00f6rvaltningsr\u00e4tt problematisk.<\/p>\n<p><strong>Kristdemokraterna i Sk\u00e5ne verkar f\u00f6r:<\/strong><\/p>\n<p>\u2013 att det inr\u00e4ttas s\u00e4rskilda ungdomsdomstolar, g\u00e4rna som en del i nuvarande tingsr\u00e4tter, som pr\u00f6var brottm\u00e5let oavsett den unges \u00e5lder<\/p>\n<p>\u2013 att domstolen f\u00f6rfogar \u00f6ver s\u00e5v\u00e4l straffr\u00e4ttsliga som f\u00f6rvaltningsr\u00e4ttsliga beslut.<\/p>\n<p>\u2013 att ungdomsdomstolarna f\u00e5r jourtj\u00e4nstg\u00f6ring s\u00e5 att den unges fall kan pr\u00f6vas omedelbart i det fall brottet kan klaras upp utan ytterligare utredning.<\/p>\n","protected":false},"excerpt":{"rendered":"<p>Svenskt r\u00e4ttsv\u00e4sende har idag en tudelad handl\u00e4ggning av \u00e4renden avseende unga brottsmisst\u00e4nkta. Unga under 15 \u00e5r \u00e4r inte straffmyndiga och kan d\u00e4rf\u00f6r inte \u00e5talas f\u00f6r brott oavsett brottets sv\u00e5righetsgrad. Vid misstanke om brott \u00f6verl\u00e4mnas \u00e4rendet till socialtj\u00e4nsten f\u00f6r fortsatt handl\u00e4ggning. Den tv\u00e5ngs\u00e5tg\u00e4rd som d\u00e5 kan komma ifr\u00e5ga \u00e4r ytterst omh\u00e4ndertagande med st\u00f6d av Lagen med <a class=\"read-more-link\" href=\"https:\/\/wp.kristdemokraterna.se\/skane\/textsida-fullbredd\/vad-hander-i-distriktet\/infor-sarskilda-ungdomsdomstolar\/\">L\u00e4s mer<\/a><\/p>\n","protected":false},"author":874,"featured_media":0,"parent":373,"menu_order":0,"comment_status":"closed","ping_status":"closed","template":"","meta":{"_acf_changed":false,"footnotes":""},"class_list":["post-752","page","type-page","status-publish","hentry"],"acf":[],"yoast_head":"<!-- This site is optimized with the Yoast SEO plugin v27.4 - https:\/\/yoast.com\/product\/yoast-seo-wordpress\/ -->\n<title>Inf\u00f6r s\u00e4rskilda ungdomsdomstolar - Kristdemokraterna | Sk\u00e5ne<\/title>\n<meta name=\"robots\" content=\"index, follow, max-snippet:-1, max-image-preview:large, max-video-preview:-1\" \/>\n<link rel=\"canonical\" href=\"https:\/\/wp.kristdemokraterna.se\/skane\/textsida-fullbredd\/vad-hander-i-distriktet\/infor-sarskilda-ungdomsdomstolar\/\" \/>\n<meta property=\"og:locale\" content=\"sv_SE\" \/>\n<meta property=\"og:type\" content=\"article\" \/>\n<meta property=\"og:title\" content=\"Inf\u00f6r s\u00e4rskilda ungdomsdomstolar - Kristdemokraterna | Sk\u00e5ne\" \/>\n<meta property=\"og:description\" content=\"Svenskt r\u00e4ttsv\u00e4sende har idag en tudelad handl\u00e4ggning av \u00e4renden avseende unga brottsmisst\u00e4nkta. Unga under 15 \u00e5r \u00e4r inte straffmyndiga och kan d\u00e4rf\u00f6r inte \u00e5talas f\u00f6r brott oavsett brottets sv\u00e5righetsgrad. Vid misstanke om brott \u00f6verl\u00e4mnas \u00e4rendet till socialtj\u00e4nsten f\u00f6r fortsatt handl\u00e4ggning. Den tv\u00e5ngs\u00e5tg\u00e4rd som d\u00e5 kan komma ifr\u00e5ga \u00e4r ytterst omh\u00e4ndertagande med st\u00f6d av Lagen med L\u00e4s mer\" \/>\n<meta property=\"og:url\" content=\"https:\/\/wp.kristdemokraterna.se\/skane\/textsida-fullbredd\/vad-hander-i-distriktet\/infor-sarskilda-ungdomsdomstolar\/\" \/>\n<meta property=\"og:site_name\" content=\"Kristdemokraterna | Sk\u00e5ne\" \/>\n<meta property=\"article:publisher\" content=\"https:\/\/www.facebook.com\/kristdemokraternaiskane\/\" \/>\n<meta name=\"twitter:card\" content=\"summary_large_image\" \/>\n<meta name=\"twitter:label1\" content=\"Ber\u00e4knad l\u00e4stid\" \/>\n\t<meta name=\"twitter:data1\" content=\"2 minuter\" \/>\n<script type=\"application\/ld+json\" class=\"yoast-schema-graph\">{\"@context\":\"https:\\\/\\\/schema.org\",\"@graph\":[{\"@type\":\"WebPage\",\"@id\":\"https:\\\/\\\/wp.kristdemokraterna.se\\\/skane\\\/textsida-fullbredd\\\/vad-hander-i-distriktet\\\/infor-sarskilda-ungdomsdomstolar\\\/\",\"url\":\"https:\\\/\\\/wp.kristdemokraterna.se\\\/skane\\\/textsida-fullbredd\\\/vad-hander-i-distriktet\\\/infor-sarskilda-ungdomsdomstolar\\\/\",\"name\":\"Inf\u00f6r s\u00e4rskilda ungdomsdomstolar - Kristdemokraterna | Sk\u00e5ne\",\"isPartOf\":{\"@id\":\"https:\\\/\\\/wp.kristdemokraterna.se\\\/skane\\\/#website\"},\"datePublished\":\"2020-08-25T08:09:28+00:00\",\"breadcrumb\":{\"@id\":\"https:\\\/\\\/wp.kristdemokraterna.se\\\/skane\\\/textsida-fullbredd\\\/vad-hander-i-distriktet\\\/infor-sarskilda-ungdomsdomstolar\\\/#breadcrumb\"},\"inLanguage\":\"sv-SE\",\"potentialAction\":[{\"@type\":\"ReadAction\",\"target\":[\"https:\\\/\\\/wp.kristdemokraterna.se\\\/skane\\\/textsida-fullbredd\\\/vad-hander-i-distriktet\\\/infor-sarskilda-ungdomsdomstolar\\\/\"]}]},{\"@type\":\"BreadcrumbList\",\"@id\":\"https:\\\/\\\/wp.kristdemokraterna.se\\\/skane\\\/textsida-fullbredd\\\/vad-hander-i-distriktet\\\/infor-sarskilda-ungdomsdomstolar\\\/#breadcrumb\",\"itemListElement\":[{\"@type\":\"ListItem\",\"position\":1,\"name\":\"Hem\",\"item\":\"https:\\\/\\\/wp.kristdemokraterna.se\\\/skane\\\/\"},{\"@type\":\"ListItem\",\"position\":2,\"name\":\"Vilken politik bedriver KD Sk\u00e5ne\",\"item\":\"https:\\\/\\\/wp.kristdemokraterna.se\\\/skane\\\/textsida-fullbredd\\\/\"},{\"@type\":\"ListItem\",\"position\":3,\"name\":\"i distriktet\",\"item\":\"https:\\\/\\\/wp.kristdemokraterna.se\\\/skane\\\/textsida-fullbredd\\\/vad-hander-i-distriktet\\\/\"},{\"@type\":\"ListItem\",\"position\":4,\"name\":\"Inf\u00f6r s\u00e4rskilda ungdomsdomstolar\"}]},{\"@type\":\"WebSite\",\"@id\":\"https:\\\/\\\/wp.kristdemokraterna.se\\\/skane\\\/#website\",\"url\":\"https:\\\/\\\/wp.kristdemokraterna.se\\\/skane\\\/\",\"name\":\"Kristdemokraterna | Sk\u00e5ne\",\"description\":\"KD Sk\u00e5ne - f\u00f6r ett friare Sk\u00e5ne.\",\"inLanguage\":\"sv-SE\"}]}<\/script>\n<!-- \/ Yoast SEO plugin. -->","yoast_head_json":{"title":"Inf\u00f6r s\u00e4rskilda ungdomsdomstolar - Kristdemokraterna | Sk\u00e5ne","robots":{"index":"index","follow":"follow","max-snippet":"max-snippet:-1","max-image-preview":"max-image-preview:large","max-video-preview":"max-video-preview:-1"},"canonical":"https:\/\/wp.kristdemokraterna.se\/skane\/textsida-fullbredd\/vad-hander-i-distriktet\/infor-sarskilda-ungdomsdomstolar\/","og_locale":"sv_SE","og_type":"article","og_title":"Inf\u00f6r s\u00e4rskilda ungdomsdomstolar - Kristdemokraterna | Sk\u00e5ne","og_description":"Svenskt r\u00e4ttsv\u00e4sende har idag en tudelad handl\u00e4ggning av \u00e4renden avseende unga brottsmisst\u00e4nkta. Unga under 15 \u00e5r \u00e4r inte straffmyndiga och kan d\u00e4rf\u00f6r inte \u00e5talas f\u00f6r brott oavsett brottets sv\u00e5righetsgrad. Vid misstanke om brott \u00f6verl\u00e4mnas \u00e4rendet till socialtj\u00e4nsten f\u00f6r fortsatt handl\u00e4ggning. Den tv\u00e5ngs\u00e5tg\u00e4rd som d\u00e5 kan komma ifr\u00e5ga \u00e4r ytterst omh\u00e4ndertagande med st\u00f6d av Lagen med L\u00e4s mer","og_url":"https:\/\/wp.kristdemokraterna.se\/skane\/textsida-fullbredd\/vad-hander-i-distriktet\/infor-sarskilda-ungdomsdomstolar\/","og_site_name":"Kristdemokraterna | Sk\u00e5ne","article_publisher":"https:\/\/www.facebook.com\/kristdemokraternaiskane\/","twitter_card":"summary_large_image","twitter_misc":{"Ber\u00e4knad l\u00e4stid":"2 minuter"},"schema":{"@context":"https:\/\/schema.org","@graph":[{"@type":"WebPage","@id":"https:\/\/wp.kristdemokraterna.se\/skane\/textsida-fullbredd\/vad-hander-i-distriktet\/infor-sarskilda-ungdomsdomstolar\/","url":"https:\/\/wp.kristdemokraterna.se\/skane\/textsida-fullbredd\/vad-hander-i-distriktet\/infor-sarskilda-ungdomsdomstolar\/","name":"Inf\u00f6r s\u00e4rskilda ungdomsdomstolar - Kristdemokraterna | Sk\u00e5ne","isPartOf":{"@id":"https:\/\/wp.kristdemokraterna.se\/skane\/#website"},"datePublished":"2020-08-25T08:09:28+00:00","breadcrumb":{"@id":"https:\/\/wp.kristdemokraterna.se\/skane\/textsida-fullbredd\/vad-hander-i-distriktet\/infor-sarskilda-ungdomsdomstolar\/#breadcrumb"},"inLanguage":"sv-SE","potentialAction":[{"@type":"ReadAction","target":["https:\/\/wp.kristdemokraterna.se\/skane\/textsida-fullbredd\/vad-hander-i-distriktet\/infor-sarskilda-ungdomsdomstolar\/"]}]},{"@type":"BreadcrumbList","@id":"https:\/\/wp.kristdemokraterna.se\/skane\/textsida-fullbredd\/vad-hander-i-distriktet\/infor-sarskilda-ungdomsdomstolar\/#breadcrumb","itemListElement":[{"@type":"ListItem","position":1,"name":"Hem","item":"https:\/\/wp.kristdemokraterna.se\/skane\/"},{"@type":"ListItem","position":2,"name":"Vilken politik bedriver KD Sk\u00e5ne","item":"https:\/\/wp.kristdemokraterna.se\/skane\/textsida-fullbredd\/"},{"@type":"ListItem","position":3,"name":"i distriktet","item":"https:\/\/wp.kristdemokraterna.se\/skane\/textsida-fullbredd\/vad-hander-i-distriktet\/"},{"@type":"ListItem","position":4,"name":"Inf\u00f6r s\u00e4rskilda ungdomsdomstolar"}]},{"@type":"WebSite","@id":"https:\/\/wp.kristdemokraterna.se\/skane\/#website","url":"https:\/\/wp.kristdemokraterna.se\/skane\/","name":"Kristdemokraterna | Sk\u00e5ne","description":"KD Sk\u00e5ne - f\u00f6r ett friare Sk\u00e5ne.","inLanguage":"sv-SE"}]}},"_links":{"self":[{"href":"https:\/\/wp.kristdemokraterna.se\/skane\/wp-json\/wp\/v2\/pages\/752","targetHints":{"allow":["GET"]}}],"collection":[{"href":"https:\/\/wp.kristdemokraterna.se\/skane\/wp-json\/wp\/v2\/pages"}],"about":[{"href":"https:\/\/wp.kristdemokraterna.se\/skane\/wp-json\/wp\/v2\/types\/page"}],"author":[{"embeddable":true,"href":"https:\/\/wp.kristdemokraterna.se\/skane\/wp-json\/wp\/v2\/users\/874"}],"replies":[{"embeddable":true,"href":"https:\/\/wp.kristdemokraterna.se\/skane\/wp-json\/wp\/v2\/comments?post=752"}],"version-history":[{"count":1,"href":"https:\/\/wp.kristdemokraterna.se\/skane\/wp-json\/wp\/v2\/pages\/752\/revisions"}],"predecessor-version":[{"id":753,"href":"https:\/\/wp.kristdemokraterna.se\/skane\/wp-json\/wp\/v2\/pages\/752\/revisions\/753"}],"up":[{"embeddable":true,"href":"https:\/\/wp.kristdemokraterna.se\/skane\/wp-json\/wp\/v2\/pages\/373"}],"wp:attachment":[{"href":"https:\/\/wp.kristdemokraterna.se\/skane\/wp-json\/wp\/v2\/media?parent=752"}],"curies":[{"name":"wp","href":"https:\/\/api.w.org\/{rel}","templated":true}]}}