{"id":754,"date":"2020-08-25T10:09:53","date_gmt":"2020-08-25T08:09:53","guid":{"rendered":"http:\/\/wp.kristdemokraterna.se\/skane\/?page_id=754"},"modified":"2020-08-25T10:10:34","modified_gmt":"2020-08-25T08:10:34","slug":"bygg-en-fast-hh-forbindelse","status":"publish","type":"page","link":"https:\/\/wp.kristdemokraterna.se\/skane\/textsida-fullbredd\/vad-hander-i-distriktet\/bygg-en-fast-hh-forbindelse\/","title":{"rendered":"Bygg en fast HH-f\u00f6rbindelse"},"content":{"rendered":"<p>En fast f\u00f6rbindelse \u00f6ver \u00d6resund mellan st\u00e4derna Helsingborg och Helsing\u00f6r kommer inneb\u00e4ra tv\u00e5 separata tunnlar f\u00f6r persont\u00e5gs- och v\u00e4gtrafik. En tunnel f\u00f6r persont\u00e5g mellan Helsingborgs och Helsing\u00f6rs centrum samt en tunnel f\u00f6r v\u00e4gtrafik s\u00f6der om st\u00e4dernas centra, d\u00e4r v\u00e4gen ansluter till Helsing\u00f6rmotorv\u00e4gen i Danmark och till E4 och E6 p\u00e5 den svenska sidan. I dagsl\u00e4get trafikeras str\u00e4ckan av f\u00e4rjetrafik. Danska och svenska politiker b\u00f6rjade diskutera fr\u00e5gan om en till fastf\u00f6rbindelse \u00f6ver \u00d6resund (som komplement till \u00d6resundsbron) 2010 och sedan 2018 utreds f\u00f6ruts\u00e4ttningen, behovet och milj\u00f6konsekvenserna av en fast HH-f\u00f6rbindelse av b\u00e5de svenska och danska staten. Utredningen ber\u00e4knas bli klar december 2020 eller januari 2021.<\/p>\n<p>Projektet ber\u00e4knas kosta ca 50 miljarder svenska kronor att f\u00e4rdigst\u00e4lla. Tanken \u00e4r att anv\u00e4nda en liknande finansieringsmodell som \u00d6resundsbron med statligt garanterade l\u00e5n som sedan betalas av med trafikavgifter. Ifall trafikavgiften motsvarar nuvarande f\u00e4rjeavgift p\u00e5 str\u00e4ckan kommer kostnaden vara \u00e5terbetald p\u00e5 24 \u00e5r, f\u00f6r att d\u00e4refter bli en inkomstk\u00e4lla.<\/p>\n<ul>\n<li>\u00d6resundsregionen \u00e4r en viktig tillv\u00e4xtmotor f\u00f6r Sk\u00e5ne och s\u00f6dra Sverige. \u00d6resundsbron har sedan den invigdes 2000 varit en succ\u00e9 f\u00f6r integrationen av \u00d6resundsregionen. Pendlingen har \u00f6kat med 450% och idag pendlar ca 15 000 personer mellan bostad och arbetsplats \u00f6ver sundet. Med en fast HH-f\u00f6rbindelse skulle restiderna och f\u00f6ljaktligen integrationen mellan de norra delarna av regionen f\u00f6rdjupas ytterligare. Enligt ber\u00e4kningar fr\u00e5n Region Sk\u00e5ne skulle en fast HH-f\u00f6rbindelse ge cirka 110 000 fler personer i norra Sk\u00e5ne och s\u00f6dra Halland en ut\u00f6kad l\u00e4ttillg\u00e4nglig arbetsmarknad och dessutom ha positiva effekter f\u00f6r de f\u00f6retag som verkar i omr\u00e5det. Dessutom skulle utbytet av utbildning, kultur, n\u00f6jen och forskning st\u00e4rkas.<\/li>\n<li>En fast HH-f\u00f6rbindelse skulle avlasta \u00d6resundsbron som redan idag \u00e4r utsatt f\u00f6r ett h\u00e5rt tryck. Det skulle minska risken f\u00f6r flaskhalsar vid rusningstrafik och minska den s\u00e5rbarhet det inneb\u00e4r att bara ha en fast f\u00f6rbindelse i regionen, speciellt d\u00e5 bron ibland tvingas st\u00e4nga eller ha begr\u00e4nsad kapacitet. Detta \u00e4r inte minst viktigt d\u00e5 trafiken i \u00d6resundsregionen v\u00e4ntas \u00f6ka i framtiden, bland annat till f\u00f6ljd av den nya fasta f\u00f6rbindelsen mellan Danmark och Tyskland (Fehmarn B\u00e4lt) som ber\u00e4knas \u00f6ppna 2028. Ett j\u00e4mnare och mer tillf\u00f6rlitligt fl\u00f6de skulle gynna b\u00e5de den regionala tillv\u00e4xten och Sveriges handel med omv\u00e4rlden.<\/li>\n<li>Bil- och lastbilstrafiken till dagens f\u00e4rjor sker idag i centrala Helsingborg. Med den planerade tunneln skulle fordonstrafiken ledas utanf\u00f6r stader vilket bidrar till mindre tr\u00e4ngsel, mindre buller och b\u00e4ttre luft i centrala Helsingborg.<\/li>\n<li>Investeringen skulle, likt \u00d6resundsbron, p\u00e5 kort tid betalas av (ca 25 \u00e5r) med hj\u00e4lp av trafikavgifter och d\u00e4refter \u00f6verg\u00e5 till att bli en inkomstk\u00e4lla f\u00f6r svenska och danska staten.<\/li>\n<\/ul>\n<p>Kristdemokraterna i Sk\u00e5ne har under l\u00e5ng tid varit f\u00f6r en fast HH-f\u00f6rbindelse. Sedan rikstinget 2019 \u00e4r \u00e4ven KD p\u00e5 nationell niv\u00e5 det.<\/p>\n<p><strong>Kristdemokraterna i Sk\u00e5ne verkar f\u00f6r:<\/strong><\/p>\n<p>\u2013 att Kristdemokraterna st\u00e4ller sig bakom det som anf\u00f6rs i motionen det angel\u00e4gna i att forts\u00e4tta arbetet med en fast f\u00f6rbindelse mellan Helsingborg och Helsing\u00f6r.<\/p>\n<p>\u2013 att Kristdemokraterna st\u00e4ller sig bakom det som anf\u00f6rs i motionen om att projektets karakt\u00e4r, inte minst m\u00f6jligheten till egenfinansiering, g\u00f6r att den fasta HH-f\u00f6rbindelsen b\u00f6r hanteras som ett separat projekt, exempelvis p\u00e5 motsvarande s\u00e4tt som \u00d6resundsbron.<\/p>\n","protected":false},"excerpt":{"rendered":"<p>En fast f\u00f6rbindelse \u00f6ver \u00d6resund mellan st\u00e4derna Helsingborg och Helsing\u00f6r kommer inneb\u00e4ra tv\u00e5 separata tunnlar f\u00f6r persont\u00e5gs- och v\u00e4gtrafik. En tunnel f\u00f6r persont\u00e5g mellan Helsingborgs och Helsing\u00f6rs centrum samt en tunnel f\u00f6r v\u00e4gtrafik s\u00f6der om st\u00e4dernas centra, d\u00e4r v\u00e4gen ansluter till Helsing\u00f6rmotorv\u00e4gen i Danmark och till E4 och E6 p\u00e5 den svenska sidan. I dagsl\u00e4get <a class=\"read-more-link\" href=\"https:\/\/wp.kristdemokraterna.se\/skane\/textsida-fullbredd\/vad-hander-i-distriktet\/bygg-en-fast-hh-forbindelse\/\">L\u00e4s mer<\/a><\/p>\n","protected":false},"author":874,"featured_media":0,"parent":373,"menu_order":0,"comment_status":"closed","ping_status":"closed","template":"","meta":{"_acf_changed":false,"footnotes":""},"class_list":["post-754","page","type-page","status-publish","hentry"],"acf":[],"yoast_head":"<!-- This site is optimized with the Yoast SEO plugin v27.3 - https:\/\/yoast.com\/product\/yoast-seo-wordpress\/ -->\n<title>Bygg en fast HH-f\u00f6rbindelse - Kristdemokraterna | Sk\u00e5ne<\/title>\n<meta name=\"robots\" content=\"index, follow, max-snippet:-1, max-image-preview:large, max-video-preview:-1\" \/>\n<link rel=\"canonical\" href=\"https:\/\/wp.kristdemokraterna.se\/skane\/textsida-fullbredd\/vad-hander-i-distriktet\/bygg-en-fast-hh-forbindelse\/\" \/>\n<meta property=\"og:locale\" content=\"sv_SE\" \/>\n<meta property=\"og:type\" content=\"article\" \/>\n<meta property=\"og:title\" content=\"Bygg en fast HH-f\u00f6rbindelse - Kristdemokraterna | Sk\u00e5ne\" \/>\n<meta property=\"og:description\" content=\"En fast f\u00f6rbindelse \u00f6ver \u00d6resund mellan st\u00e4derna Helsingborg och Helsing\u00f6r kommer inneb\u00e4ra tv\u00e5 separata tunnlar f\u00f6r persont\u00e5gs- och v\u00e4gtrafik. En tunnel f\u00f6r persont\u00e5g mellan Helsingborgs och Helsing\u00f6rs centrum samt en tunnel f\u00f6r v\u00e4gtrafik s\u00f6der om st\u00e4dernas centra, d\u00e4r v\u00e4gen ansluter till Helsing\u00f6rmotorv\u00e4gen i Danmark och till E4 och E6 p\u00e5 den svenska sidan. I dagsl\u00e4get L\u00e4s mer\" \/>\n<meta property=\"og:url\" content=\"https:\/\/wp.kristdemokraterna.se\/skane\/textsida-fullbredd\/vad-hander-i-distriktet\/bygg-en-fast-hh-forbindelse\/\" \/>\n<meta property=\"og:site_name\" content=\"Kristdemokraterna | Sk\u00e5ne\" \/>\n<meta property=\"article:publisher\" content=\"https:\/\/www.facebook.com\/kristdemokraternaiskane\/\" \/>\n<meta property=\"article:modified_time\" content=\"2020-08-25T08:10:34+00:00\" \/>\n<meta name=\"twitter:card\" content=\"summary_large_image\" \/>\n<meta name=\"twitter:label1\" content=\"Ber\u00e4knad l\u00e4stid\" \/>\n\t<meta name=\"twitter:data1\" content=\"3 minuter\" \/>\n<script type=\"application\/ld+json\" class=\"yoast-schema-graph\">{\"@context\":\"https:\\\/\\\/schema.org\",\"@graph\":[{\"@type\":\"WebPage\",\"@id\":\"https:\\\/\\\/wp.kristdemokraterna.se\\\/skane\\\/textsida-fullbredd\\\/vad-hander-i-distriktet\\\/bygg-en-fast-hh-forbindelse\\\/\",\"url\":\"https:\\\/\\\/wp.kristdemokraterna.se\\\/skane\\\/textsida-fullbredd\\\/vad-hander-i-distriktet\\\/bygg-en-fast-hh-forbindelse\\\/\",\"name\":\"Bygg en fast HH-f\u00f6rbindelse - Kristdemokraterna | Sk\u00e5ne\",\"isPartOf\":{\"@id\":\"https:\\\/\\\/wp.kristdemokraterna.se\\\/skane\\\/#website\"},\"datePublished\":\"2020-08-25T08:09:53+00:00\",\"dateModified\":\"2020-08-25T08:10:34+00:00\",\"breadcrumb\":{\"@id\":\"https:\\\/\\\/wp.kristdemokraterna.se\\\/skane\\\/textsida-fullbredd\\\/vad-hander-i-distriktet\\\/bygg-en-fast-hh-forbindelse\\\/#breadcrumb\"},\"inLanguage\":\"sv-SE\",\"potentialAction\":[{\"@type\":\"ReadAction\",\"target\":[\"https:\\\/\\\/wp.kristdemokraterna.se\\\/skane\\\/textsida-fullbredd\\\/vad-hander-i-distriktet\\\/bygg-en-fast-hh-forbindelse\\\/\"]}]},{\"@type\":\"BreadcrumbList\",\"@id\":\"https:\\\/\\\/wp.kristdemokraterna.se\\\/skane\\\/textsida-fullbredd\\\/vad-hander-i-distriktet\\\/bygg-en-fast-hh-forbindelse\\\/#breadcrumb\",\"itemListElement\":[{\"@type\":\"ListItem\",\"position\":1,\"name\":\"Hem\",\"item\":\"https:\\\/\\\/wp.kristdemokraterna.se\\\/skane\\\/\"},{\"@type\":\"ListItem\",\"position\":2,\"name\":\"Vilken politik bedriver KD Sk\u00e5ne\",\"item\":\"https:\\\/\\\/wp.kristdemokraterna.se\\\/skane\\\/textsida-fullbredd\\\/\"},{\"@type\":\"ListItem\",\"position\":3,\"name\":\"i distriktet\",\"item\":\"https:\\\/\\\/wp.kristdemokraterna.se\\\/skane\\\/textsida-fullbredd\\\/vad-hander-i-distriktet\\\/\"},{\"@type\":\"ListItem\",\"position\":4,\"name\":\"Bygg en fast HH-f\u00f6rbindelse\"}]},{\"@type\":\"WebSite\",\"@id\":\"https:\\\/\\\/wp.kristdemokraterna.se\\\/skane\\\/#website\",\"url\":\"https:\\\/\\\/wp.kristdemokraterna.se\\\/skane\\\/\",\"name\":\"Kristdemokraterna | Sk\u00e5ne\",\"description\":\"KD Sk\u00e5ne - f\u00f6r ett friare Sk\u00e5ne.\",\"inLanguage\":\"sv-SE\"}]}<\/script>\n<!-- \/ Yoast SEO plugin. -->","yoast_head_json":{"title":"Bygg en fast HH-f\u00f6rbindelse - Kristdemokraterna | Sk\u00e5ne","robots":{"index":"index","follow":"follow","max-snippet":"max-snippet:-1","max-image-preview":"max-image-preview:large","max-video-preview":"max-video-preview:-1"},"canonical":"https:\/\/wp.kristdemokraterna.se\/skane\/textsida-fullbredd\/vad-hander-i-distriktet\/bygg-en-fast-hh-forbindelse\/","og_locale":"sv_SE","og_type":"article","og_title":"Bygg en fast HH-f\u00f6rbindelse - Kristdemokraterna | Sk\u00e5ne","og_description":"En fast f\u00f6rbindelse \u00f6ver \u00d6resund mellan st\u00e4derna Helsingborg och Helsing\u00f6r kommer inneb\u00e4ra tv\u00e5 separata tunnlar f\u00f6r persont\u00e5gs- och v\u00e4gtrafik. En tunnel f\u00f6r persont\u00e5g mellan Helsingborgs och Helsing\u00f6rs centrum samt en tunnel f\u00f6r v\u00e4gtrafik s\u00f6der om st\u00e4dernas centra, d\u00e4r v\u00e4gen ansluter till Helsing\u00f6rmotorv\u00e4gen i Danmark och till E4 och E6 p\u00e5 den svenska sidan. I dagsl\u00e4get L\u00e4s mer","og_url":"https:\/\/wp.kristdemokraterna.se\/skane\/textsida-fullbredd\/vad-hander-i-distriktet\/bygg-en-fast-hh-forbindelse\/","og_site_name":"Kristdemokraterna | Sk\u00e5ne","article_publisher":"https:\/\/www.facebook.com\/kristdemokraternaiskane\/","article_modified_time":"2020-08-25T08:10:34+00:00","twitter_card":"summary_large_image","twitter_misc":{"Ber\u00e4knad l\u00e4stid":"3 minuter"},"schema":{"@context":"https:\/\/schema.org","@graph":[{"@type":"WebPage","@id":"https:\/\/wp.kristdemokraterna.se\/skane\/textsida-fullbredd\/vad-hander-i-distriktet\/bygg-en-fast-hh-forbindelse\/","url":"https:\/\/wp.kristdemokraterna.se\/skane\/textsida-fullbredd\/vad-hander-i-distriktet\/bygg-en-fast-hh-forbindelse\/","name":"Bygg en fast HH-f\u00f6rbindelse - Kristdemokraterna | Sk\u00e5ne","isPartOf":{"@id":"https:\/\/wp.kristdemokraterna.se\/skane\/#website"},"datePublished":"2020-08-25T08:09:53+00:00","dateModified":"2020-08-25T08:10:34+00:00","breadcrumb":{"@id":"https:\/\/wp.kristdemokraterna.se\/skane\/textsida-fullbredd\/vad-hander-i-distriktet\/bygg-en-fast-hh-forbindelse\/#breadcrumb"},"inLanguage":"sv-SE","potentialAction":[{"@type":"ReadAction","target":["https:\/\/wp.kristdemokraterna.se\/skane\/textsida-fullbredd\/vad-hander-i-distriktet\/bygg-en-fast-hh-forbindelse\/"]}]},{"@type":"BreadcrumbList","@id":"https:\/\/wp.kristdemokraterna.se\/skane\/textsida-fullbredd\/vad-hander-i-distriktet\/bygg-en-fast-hh-forbindelse\/#breadcrumb","itemListElement":[{"@type":"ListItem","position":1,"name":"Hem","item":"https:\/\/wp.kristdemokraterna.se\/skane\/"},{"@type":"ListItem","position":2,"name":"Vilken politik bedriver KD Sk\u00e5ne","item":"https:\/\/wp.kristdemokraterna.se\/skane\/textsida-fullbredd\/"},{"@type":"ListItem","position":3,"name":"i distriktet","item":"https:\/\/wp.kristdemokraterna.se\/skane\/textsida-fullbredd\/vad-hander-i-distriktet\/"},{"@type":"ListItem","position":4,"name":"Bygg en fast HH-f\u00f6rbindelse"}]},{"@type":"WebSite","@id":"https:\/\/wp.kristdemokraterna.se\/skane\/#website","url":"https:\/\/wp.kristdemokraterna.se\/skane\/","name":"Kristdemokraterna | Sk\u00e5ne","description":"KD Sk\u00e5ne - f\u00f6r ett friare Sk\u00e5ne.","inLanguage":"sv-SE"}]}},"_links":{"self":[{"href":"https:\/\/wp.kristdemokraterna.se\/skane\/wp-json\/wp\/v2\/pages\/754","targetHints":{"allow":["GET"]}}],"collection":[{"href":"https:\/\/wp.kristdemokraterna.se\/skane\/wp-json\/wp\/v2\/pages"}],"about":[{"href":"https:\/\/wp.kristdemokraterna.se\/skane\/wp-json\/wp\/v2\/types\/page"}],"author":[{"embeddable":true,"href":"https:\/\/wp.kristdemokraterna.se\/skane\/wp-json\/wp\/v2\/users\/874"}],"replies":[{"embeddable":true,"href":"https:\/\/wp.kristdemokraterna.se\/skane\/wp-json\/wp\/v2\/comments?post=754"}],"version-history":[{"count":2,"href":"https:\/\/wp.kristdemokraterna.se\/skane\/wp-json\/wp\/v2\/pages\/754\/revisions"}],"predecessor-version":[{"id":756,"href":"https:\/\/wp.kristdemokraterna.se\/skane\/wp-json\/wp\/v2\/pages\/754\/revisions\/756"}],"up":[{"embeddable":true,"href":"https:\/\/wp.kristdemokraterna.se\/skane\/wp-json\/wp\/v2\/pages\/373"}],"wp:attachment":[{"href":"https:\/\/wp.kristdemokraterna.se\/skane\/wp-json\/wp\/v2\/media?parent=754"}],"curies":[{"name":"wp","href":"https:\/\/api.w.org\/{rel}","templated":true}]}}