{"id":269,"date":"2017-11-29T16:48:28","date_gmt":"2017-11-29T15:48:28","guid":{"rendered":"http:\/\/wp.kristdemokraterna.se\/skara\/?page_id=269"},"modified":"2022-08-17T09:11:21","modified_gmt":"2022-08-17T07:11:21","slug":"textsida-med-vanster-sidebar","status":"publish","type":"page","link":"https:\/\/wp.kristdemokraterna.se\/skara\/textsida-med-vanster-sidebar\/","title":{"rendered":"V\u00e5r partiavdelning &#8211; styrelse"},"content":{"rendered":"<p><a href=\"http:\/\/wp.kristdemokraterna.se\/skara\/files\/2022\/08\/kd_gruppfoto_2-scaled.jpg\"><img loading=\"lazy\" decoding=\"async\" class=\"alignnone size-medium wp-image-523\" src=\"http:\/\/wp.kristdemokraterna.se\/skara\/files\/2022\/08\/kd_gruppfoto_2-300x200.jpg\" alt=\"\" width=\"300\" height=\"200\" srcset=\"https:\/\/wp.kristdemokraterna.se\/skara\/files\/2022\/08\/kd_gruppfoto_2-300x200.jpg 300w, https:\/\/wp.kristdemokraterna.se\/skara\/files\/2022\/08\/kd_gruppfoto_2-1024x683.jpg 1024w, https:\/\/wp.kristdemokraterna.se\/skara\/files\/2022\/08\/kd_gruppfoto_2-768x512.jpg 768w, https:\/\/wp.kristdemokraterna.se\/skara\/files\/2022\/08\/kd_gruppfoto_2-1536x1024.jpg 1536w, https:\/\/wp.kristdemokraterna.se\/skara\/files\/2022\/08\/kd_gruppfoto_2-2048x1365.jpg 2048w, https:\/\/wp.kristdemokraterna.se\/skara\/files\/2022\/08\/kd_gruppfoto_2-370x247.jpg 370w, https:\/\/wp.kristdemokraterna.se\/skara\/files\/2022\/08\/kd_gruppfoto_2-770x513.jpg 770w, https:\/\/wp.kristdemokraterna.se\/skara\/files\/2022\/08\/kd_gruppfoto_2-450x300.jpg 450w, https:\/\/wp.kristdemokraterna.se\/skara\/files\/2022\/08\/kd_gruppfoto_2-280x187.jpg 280w, https:\/\/wp.kristdemokraterna.se\/skara\/files\/2022\/08\/kd_gruppfoto_2-340x227.jpg 340w, https:\/\/wp.kristdemokraterna.se\/skara\/files\/2022\/08\/kd_gruppfoto_2-200x133.jpg 200w, https:\/\/wp.kristdemokraterna.se\/skara\/files\/2022\/08\/kd_gruppfoto_2-84x56.jpg 84w\" sizes=\"auto, (max-width: 300px) 100vw, 300px\" \/><\/a><\/p>\n<p>Ordf\u00f6rande Zimon Brohede Epost: zimon@brohede.com<\/p>\n<p>Vice Ordf\u00f6rande Jonas W\u00e5hlberg<\/p>\n<p>Gruppledare Tanjo Andersson<\/p>\n<p>Kass\u00f6r Leif Brohede<\/p>\n<p>Sekreterare Annelie Holmgren<\/p>\n<p>Ledamot Tony Svensson<\/p>\n<p>Ledamot Elin Wikstr\u00f6m<\/p>\n<p>&nbsp;<\/p>\n<p>&nbsp;<\/p>\n<p>&nbsp;<\/p>\n","protected":false},"excerpt":{"rendered":"<p>Ordf\u00f6rande Zimon Brohede Epost: zimon@brohede.com Vice Ordf\u00f6rande Jonas W\u00e5hlberg Gruppledare Tanjo Andersson Kass\u00f6r Leif Brohede Sekreterare Annelie Holmgren Ledamot Tony Svensson Ledamot Elin Wikstr\u00f6m &nbsp; &nbsp; &nbsp;<\/p>\n","protected":false},"author":444,"featured_media":0,"parent":0,"menu_order":0,"comment_status":"closed","ping_status":"closed","template":"page.php","meta":{"_acf_changed":false,"footnotes":""},"class_list":["post-269","page","type-page","status-publish","hentry"],"acf":[],"yoast_head":"<!-- This site is optimized with the Yoast SEO plugin v27.4 - https:\/\/yoast.com\/product\/yoast-seo-wordpress\/ -->\n<title>V\u00e5r partiavdelning - styrelse - Kristdemokraterna | Skara<\/title>\n<meta name=\"robots\" content=\"index, follow, max-snippet:-1, max-image-preview:large, max-video-preview:-1\" \/>\n<link rel=\"canonical\" href=\"https:\/\/wp.kristdemokraterna.se\/skara\/textsida-med-vanster-sidebar\/\" \/>\n<meta property=\"og:locale\" content=\"sv_SE\" \/>\n<meta property=\"og:type\" content=\"article\" \/>\n<meta property=\"og:title\" content=\"V\u00e5r partiavdelning - styrelse - Kristdemokraterna | Skara\" \/>\n<meta property=\"og:description\" content=\"Ordf\u00f6rande Zimon Brohede Epost: zimon@brohede.com Vice Ordf\u00f6rande Jonas W\u00e5hlberg Gruppledare Tanjo Andersson Kass\u00f6r Leif Brohede Sekreterare Annelie Holmgren Ledamot Tony Svensson Ledamot Elin Wikstr\u00f6m &nbsp; &nbsp; &nbsp;\" \/>\n<meta property=\"og:url\" content=\"https:\/\/wp.kristdemokraterna.se\/skara\/textsida-med-vanster-sidebar\/\" \/>\n<meta property=\"og:site_name\" content=\"Kristdemokraterna | Skara\" \/>\n<meta property=\"article:modified_time\" content=\"2022-08-17T07:11:21+00:00\" \/>\n<meta property=\"og:image\" content=\"http:\/\/wp.kristdemokraterna.se\/skara\/files\/2022\/08\/kd_gruppfoto_2-300x200.jpg\" \/>\n<meta name=\"twitter:card\" content=\"summary_large_image\" \/>\n<meta name=\"twitter:label1\" content=\"Ber\u00e4knad l\u00e4stid\" \/>\n\t<meta name=\"twitter:data1\" content=\"1 minut\" \/>\n<script type=\"application\/ld+json\" class=\"yoast-schema-graph\">{\"@context\":\"https:\\\/\\\/schema.org\",\"@graph\":[{\"@type\":\"WebPage\",\"@id\":\"https:\\\/\\\/wp.kristdemokraterna.se\\\/skara\\\/textsida-med-vanster-sidebar\\\/\",\"url\":\"https:\\\/\\\/wp.kristdemokraterna.se\\\/skara\\\/textsida-med-vanster-sidebar\\\/\",\"name\":\"V\u00e5r partiavdelning - styrelse - Kristdemokraterna | Skara\",\"isPartOf\":{\"@id\":\"https:\\\/\\\/wp.kristdemokraterna.se\\\/skara\\\/#website\"},\"primaryImageOfPage\":{\"@id\":\"https:\\\/\\\/wp.kristdemokraterna.se\\\/skara\\\/textsida-med-vanster-sidebar\\\/#primaryimage\"},\"image\":{\"@id\":\"https:\\\/\\\/wp.kristdemokraterna.se\\\/skara\\\/textsida-med-vanster-sidebar\\\/#primaryimage\"},\"thumbnailUrl\":\"http:\\\/\\\/wp.kristdemokraterna.se\\\/skara\\\/files\\\/2022\\\/08\\\/kd_gruppfoto_2-300x200.jpg\",\"datePublished\":\"2017-11-29T15:48:28+00:00\",\"dateModified\":\"2022-08-17T07:11:21+00:00\",\"breadcrumb\":{\"@id\":\"https:\\\/\\\/wp.kristdemokraterna.se\\\/skara\\\/textsida-med-vanster-sidebar\\\/#breadcrumb\"},\"inLanguage\":\"sv-SE\",\"potentialAction\":[{\"@type\":\"ReadAction\",\"target\":[\"https:\\\/\\\/wp.kristdemokraterna.se\\\/skara\\\/textsida-med-vanster-sidebar\\\/\"]}]},{\"@type\":\"ImageObject\",\"inLanguage\":\"sv-SE\",\"@id\":\"https:\\\/\\\/wp.kristdemokraterna.se\\\/skara\\\/textsida-med-vanster-sidebar\\\/#primaryimage\",\"url\":\"http:\\\/\\\/wp.kristdemokraterna.se\\\/skara\\\/files\\\/2022\\\/08\\\/kd_gruppfoto_2-300x200.jpg\",\"contentUrl\":\"http:\\\/\\\/wp.kristdemokraterna.se\\\/skara\\\/files\\\/2022\\\/08\\\/kd_gruppfoto_2-300x200.jpg\"},{\"@type\":\"BreadcrumbList\",\"@id\":\"https:\\\/\\\/wp.kristdemokraterna.se\\\/skara\\\/textsida-med-vanster-sidebar\\\/#breadcrumb\",\"itemListElement\":[{\"@type\":\"ListItem\",\"position\":1,\"name\":\"Hem\",\"item\":\"https:\\\/\\\/wp.kristdemokraterna.se\\\/skara\\\/\"},{\"@type\":\"ListItem\",\"position\":2,\"name\":\"V\u00e5r partiavdelning &#8211; styrelse\"}]},{\"@type\":\"WebSite\",\"@id\":\"https:\\\/\\\/wp.kristdemokraterna.se\\\/skara\\\/#website\",\"url\":\"https:\\\/\\\/wp.kristdemokraterna.se\\\/skara\\\/\",\"name\":\"Kristdemokraterna | Skara\",\"description\":\"En till Kristdemokraterna webbplats\",\"inLanguage\":\"sv-SE\"}]}<\/script>\n<!-- \/ Yoast SEO plugin. -->","yoast_head_json":{"title":"V\u00e5r partiavdelning - styrelse - Kristdemokraterna | Skara","robots":{"index":"index","follow":"follow","max-snippet":"max-snippet:-1","max-image-preview":"max-image-preview:large","max-video-preview":"max-video-preview:-1"},"canonical":"https:\/\/wp.kristdemokraterna.se\/skara\/textsida-med-vanster-sidebar\/","og_locale":"sv_SE","og_type":"article","og_title":"V\u00e5r partiavdelning - styrelse - Kristdemokraterna | Skara","og_description":"Ordf\u00f6rande Zimon Brohede Epost: zimon@brohede.com Vice Ordf\u00f6rande Jonas W\u00e5hlberg Gruppledare Tanjo Andersson Kass\u00f6r Leif Brohede Sekreterare Annelie Holmgren Ledamot Tony Svensson Ledamot Elin Wikstr\u00f6m &nbsp; &nbsp; &nbsp;","og_url":"https:\/\/wp.kristdemokraterna.se\/skara\/textsida-med-vanster-sidebar\/","og_site_name":"Kristdemokraterna | Skara","article_modified_time":"2022-08-17T07:11:21+00:00","og_image":[{"url":"http:\/\/wp.kristdemokraterna.se\/skara\/files\/2022\/08\/kd_gruppfoto_2-300x200.jpg","type":"","width":"","height":""}],"twitter_card":"summary_large_image","twitter_misc":{"Ber\u00e4knad l\u00e4stid":"1 minut"},"schema":{"@context":"https:\/\/schema.org","@graph":[{"@type":"WebPage","@id":"https:\/\/wp.kristdemokraterna.se\/skara\/textsida-med-vanster-sidebar\/","url":"https:\/\/wp.kristdemokraterna.se\/skara\/textsida-med-vanster-sidebar\/","name":"V\u00e5r partiavdelning - styrelse - Kristdemokraterna | Skara","isPartOf":{"@id":"https:\/\/wp.kristdemokraterna.se\/skara\/#website"},"primaryImageOfPage":{"@id":"https:\/\/wp.kristdemokraterna.se\/skara\/textsida-med-vanster-sidebar\/#primaryimage"},"image":{"@id":"https:\/\/wp.kristdemokraterna.se\/skara\/textsida-med-vanster-sidebar\/#primaryimage"},"thumbnailUrl":"http:\/\/wp.kristdemokraterna.se\/skara\/files\/2022\/08\/kd_gruppfoto_2-300x200.jpg","datePublished":"2017-11-29T15:48:28+00:00","dateModified":"2022-08-17T07:11:21+00:00","breadcrumb":{"@id":"https:\/\/wp.kristdemokraterna.se\/skara\/textsida-med-vanster-sidebar\/#breadcrumb"},"inLanguage":"sv-SE","potentialAction":[{"@type":"ReadAction","target":["https:\/\/wp.kristdemokraterna.se\/skara\/textsida-med-vanster-sidebar\/"]}]},{"@type":"ImageObject","inLanguage":"sv-SE","@id":"https:\/\/wp.kristdemokraterna.se\/skara\/textsida-med-vanster-sidebar\/#primaryimage","url":"http:\/\/wp.kristdemokraterna.se\/skara\/files\/2022\/08\/kd_gruppfoto_2-300x200.jpg","contentUrl":"http:\/\/wp.kristdemokraterna.se\/skara\/files\/2022\/08\/kd_gruppfoto_2-300x200.jpg"},{"@type":"BreadcrumbList","@id":"https:\/\/wp.kristdemokraterna.se\/skara\/textsida-med-vanster-sidebar\/#breadcrumb","itemListElement":[{"@type":"ListItem","position":1,"name":"Hem","item":"https:\/\/wp.kristdemokraterna.se\/skara\/"},{"@type":"ListItem","position":2,"name":"V\u00e5r partiavdelning &#8211; styrelse"}]},{"@type":"WebSite","@id":"https:\/\/wp.kristdemokraterna.se\/skara\/#website","url":"https:\/\/wp.kristdemokraterna.se\/skara\/","name":"Kristdemokraterna | Skara","description":"En till Kristdemokraterna webbplats","inLanguage":"sv-SE"}]}},"_links":{"self":[{"href":"https:\/\/wp.kristdemokraterna.se\/skara\/wp-json\/wp\/v2\/pages\/269","targetHints":{"allow":["GET"]}}],"collection":[{"href":"https:\/\/wp.kristdemokraterna.se\/skara\/wp-json\/wp\/v2\/pages"}],"about":[{"href":"https:\/\/wp.kristdemokraterna.se\/skara\/wp-json\/wp\/v2\/types\/page"}],"author":[{"embeddable":true,"href":"https:\/\/wp.kristdemokraterna.se\/skara\/wp-json\/wp\/v2\/users\/444"}],"replies":[{"embeddable":true,"href":"https:\/\/wp.kristdemokraterna.se\/skara\/wp-json\/wp\/v2\/comments?post=269"}],"version-history":[{"count":18,"href":"https:\/\/wp.kristdemokraterna.se\/skara\/wp-json\/wp\/v2\/pages\/269\/revisions"}],"predecessor-version":[{"id":578,"href":"https:\/\/wp.kristdemokraterna.se\/skara\/wp-json\/wp\/v2\/pages\/269\/revisions\/578"}],"wp:attachment":[{"href":"https:\/\/wp.kristdemokraterna.se\/skara\/wp-json\/wp\/v2\/media?parent=269"}],"curies":[{"name":"wp","href":"https:\/\/api.w.org\/{rel}","templated":true}]}}