{"id":342,"date":"2017-11-30T15:21:10","date_gmt":"2017-11-30T14:21:10","guid":{"rendered":"http:\/\/wp.kristdemokraterna.se\/skara\/?page_id=342"},"modified":"2022-08-10T13:57:35","modified_gmt":"2022-08-10T11:57:35","slug":"i-var-kommun","status":"publish","type":"page","link":"https:\/\/wp.kristdemokraterna.se\/skara\/i-var-kommun\/","title":{"rendered":"Vad vill vi i v\u00e5r kommun"},"content":{"rendered":"<h2>S\u00e5 bygger vi en attraktiv kommun<\/h2>\n<p>Ett samh\u00e4llsbyggande utifr\u00e5n en kristdemokratisk v\u00e4rdegrund inneb\u00e4r att planera f\u00f6r trygga och vackra milj\u00f6er d\u00e4r inv\u00e5narna sj\u00e4lva tar aktiv del i beslutsprocessen och k\u00e4nner sig delaktiga i skapandet av sina n\u00e4rmilj\u00f6er.<br \/>\nHur st\u00e4der och samh\u00e4llen planeras spelar stor roll f\u00f6r hur de utvecklas och upplevs. N\u00e4r den goda staden\/samh\u00e4llet planeras b\u00f6r vi str\u00e4va efter l\u00e5ngsiktig kvalitet och h\u00e5llbarhet &#8211; ekonomiskt, socialt och ekologiskt. S\u00e4rskild h\u00e4nsyn b\u00f6r tas till arkitektoniska och kulturella v\u00e4rden. Bost\u00e4der ska planeras f\u00f6r olika m\u00e4nniskors behov. Hyresr\u00e4tter, bostadsr\u00e4tter och \u00e4gander\u00e4tter samt kommersiella lokaler och offentlig service ska blandas f\u00f6r en levande milj\u00f6. Det \u00e4r viktigt att ha en planering f\u00f6r hela kommunen, inte bara t\u00e4torterna.<\/p>\n<p>I Skara vill vi att:<\/p>\n<ul>\n<li>Nya och uppdaterade omr\u00e5den ska skapas f\u00f6r samvaro och r\u00f6relse, vi vill g\u00e4rna se en centralt placerad skatepark och en m\u00f6jlighet att ut\u00f6va disc-golf t.ex. i Botan, Viktoriaparken eller Stadsparken.<\/li>\n<li>Se \u00f6ver utvecklingsm\u00f6jligheter f\u00f6r Dj\u00e4knehallen \u2013 t.ex. sl\u00f6jdcentrum, hantverk\/skaparcentrum etc.<\/li>\n<li>Se \u00f6ver utvecklingsm\u00f6jligheterna f\u00f6r lokstallarna\/sp\u00e5romr\u00e5det.<\/li>\n<li>Kommunen ska planera f\u00f6r mer sm\u00e5husbebyggelse, b\u00e5de i kommunens centrum och i v\u00e5ra samh\u00e4llen runt om.<\/li>\n<li>Vi vill se en plan f\u00f6r bostadsbebyggelse i \u00d6stra Skara och specifikt Axvall.<\/li>\n<li>Se \u00f6ver och utveckla belysningen i Botan.<\/li>\n<li>Vid planering ska s\u00e4rskild h\u00e4nsyn tas till kulturbyggnader och kulturellt intressanta bebyggelsemilj\u00f6er som ska v\u00e4rnas och bevaras f\u00f6r framtida generationer.<\/li>\n<li>Lekplatser ska finnas i alla kommundelar och en plan ska skapas f\u00f6r en kontinuerlig uppdatering.<\/li>\n<li>I planarbetet ska det finnas skrivningar om hur tryggheten p\u00e5verkas, s\u00e5 kallade \u201dTrygghetsbeskrivningar\u201d.<\/li>\n<li>Utveckla \u201dTuristcirkeln\u201d \u2013 Hornborgaomr\u00e5det, Varnhem\/Kata, Valle, Domkyrkan\/museet<\/li>\n<li>Tydligg\u00f6ra Varnhem som porten till Valle\/Hornborgaomr\u00e5det<\/li>\n<\/ul>\n<p>L\u00e4s mer om hur vi vill utveckla hela Skara i v\u00e5rt valprogram!<\/p>\n<p><a href=\"http:\/\/wp.kristdemokraterna.se\/skara\/files\/2022\/08\/valplan-skara-2022-version-1.2-slutlig.pdf\">Valprogram Skara 2022<\/a><\/p>\n","protected":false},"excerpt":{"rendered":"<p>S\u00e5 bygger vi en attraktiv kommun Ett samh\u00e4llsbyggande utifr\u00e5n en kristdemokratisk v\u00e4rdegrund inneb\u00e4r att planera f\u00f6r trygga och vackra milj\u00f6er d\u00e4r inv\u00e5narna sj\u00e4lva tar aktiv del i beslutsprocessen och k\u00e4nner sig delaktiga i skapandet av sina n\u00e4rmilj\u00f6er. Hur st\u00e4der och samh\u00e4llen planeras spelar stor roll f\u00f6r hur de utvecklas och upplevs. N\u00e4r den goda staden\/samh\u00e4llet <a class=\"read-more-link\" href=\"https:\/\/wp.kristdemokraterna.se\/skara\/i-var-kommun\/\">L\u00e4s mer<\/a><\/p>\n","protected":false},"author":444,"featured_media":0,"parent":0,"menu_order":0,"comment_status":"closed","ping_status":"closed","template":"page.php","meta":{"_acf_changed":false,"footnotes":""},"class_list":["post-342","page","type-page","status-publish","hentry"],"acf":[],"yoast_head":"<!-- This site is optimized with the Yoast SEO plugin v27.4 - https:\/\/yoast.com\/product\/yoast-seo-wordpress\/ -->\n<title>Vad vill vi i v\u00e5r kommun - Kristdemokraterna | Skara<\/title>\n<meta name=\"robots\" content=\"index, follow, max-snippet:-1, max-image-preview:large, max-video-preview:-1\" \/>\n<link rel=\"canonical\" href=\"https:\/\/wp.kristdemokraterna.se\/skara\/i-var-kommun\/\" \/>\n<meta property=\"og:locale\" content=\"sv_SE\" \/>\n<meta property=\"og:type\" content=\"article\" \/>\n<meta property=\"og:title\" content=\"Vad vill vi i v\u00e5r kommun - Kristdemokraterna | Skara\" \/>\n<meta property=\"og:description\" content=\"S\u00e5 bygger vi en attraktiv kommun Ett samh\u00e4llsbyggande utifr\u00e5n en kristdemokratisk v\u00e4rdegrund inneb\u00e4r att planera f\u00f6r trygga och vackra milj\u00f6er d\u00e4r inv\u00e5narna sj\u00e4lva tar aktiv del i beslutsprocessen och k\u00e4nner sig delaktiga i skapandet av sina n\u00e4rmilj\u00f6er. Hur st\u00e4der och samh\u00e4llen planeras spelar stor roll f\u00f6r hur de utvecklas och upplevs. N\u00e4r den goda staden\/samh\u00e4llet L\u00e4s mer\" \/>\n<meta property=\"og:url\" content=\"https:\/\/wp.kristdemokraterna.se\/skara\/i-var-kommun\/\" \/>\n<meta property=\"og:site_name\" content=\"Kristdemokraterna | Skara\" \/>\n<meta property=\"article:modified_time\" content=\"2022-08-10T11:57:35+00:00\" \/>\n<meta name=\"twitter:card\" content=\"summary_large_image\" \/>\n<meta name=\"twitter:label1\" content=\"Ber\u00e4knad l\u00e4stid\" \/>\n\t<meta name=\"twitter:data1\" content=\"2 minuter\" \/>\n<script type=\"application\/ld+json\" class=\"yoast-schema-graph\">{\"@context\":\"https:\\\/\\\/schema.org\",\"@graph\":[{\"@type\":\"WebPage\",\"@id\":\"https:\\\/\\\/wp.kristdemokraterna.se\\\/skara\\\/i-var-kommun\\\/\",\"url\":\"https:\\\/\\\/wp.kristdemokraterna.se\\\/skara\\\/i-var-kommun\\\/\",\"name\":\"Vad vill vi i v\u00e5r kommun - Kristdemokraterna | Skara\",\"isPartOf\":{\"@id\":\"https:\\\/\\\/wp.kristdemokraterna.se\\\/skara\\\/#website\"},\"datePublished\":\"2017-11-30T14:21:10+00:00\",\"dateModified\":\"2022-08-10T11:57:35+00:00\",\"breadcrumb\":{\"@id\":\"https:\\\/\\\/wp.kristdemokraterna.se\\\/skara\\\/i-var-kommun\\\/#breadcrumb\"},\"inLanguage\":\"sv-SE\",\"potentialAction\":[{\"@type\":\"ReadAction\",\"target\":[\"https:\\\/\\\/wp.kristdemokraterna.se\\\/skara\\\/i-var-kommun\\\/\"]}]},{\"@type\":\"BreadcrumbList\",\"@id\":\"https:\\\/\\\/wp.kristdemokraterna.se\\\/skara\\\/i-var-kommun\\\/#breadcrumb\",\"itemListElement\":[{\"@type\":\"ListItem\",\"position\":1,\"name\":\"Hem\",\"item\":\"https:\\\/\\\/wp.kristdemokraterna.se\\\/skara\\\/\"},{\"@type\":\"ListItem\",\"position\":2,\"name\":\"Vad vill vi i v\u00e5r kommun\"}]},{\"@type\":\"WebSite\",\"@id\":\"https:\\\/\\\/wp.kristdemokraterna.se\\\/skara\\\/#website\",\"url\":\"https:\\\/\\\/wp.kristdemokraterna.se\\\/skara\\\/\",\"name\":\"Kristdemokraterna | Skara\",\"description\":\"En till Kristdemokraterna webbplats\",\"inLanguage\":\"sv-SE\"}]}<\/script>\n<!-- \/ Yoast SEO plugin. -->","yoast_head_json":{"title":"Vad vill vi i v\u00e5r kommun - Kristdemokraterna | Skara","robots":{"index":"index","follow":"follow","max-snippet":"max-snippet:-1","max-image-preview":"max-image-preview:large","max-video-preview":"max-video-preview:-1"},"canonical":"https:\/\/wp.kristdemokraterna.se\/skara\/i-var-kommun\/","og_locale":"sv_SE","og_type":"article","og_title":"Vad vill vi i v\u00e5r kommun - Kristdemokraterna | Skara","og_description":"S\u00e5 bygger vi en attraktiv kommun Ett samh\u00e4llsbyggande utifr\u00e5n en kristdemokratisk v\u00e4rdegrund inneb\u00e4r att planera f\u00f6r trygga och vackra milj\u00f6er d\u00e4r inv\u00e5narna sj\u00e4lva tar aktiv del i beslutsprocessen och k\u00e4nner sig delaktiga i skapandet av sina n\u00e4rmilj\u00f6er. Hur st\u00e4der och samh\u00e4llen planeras spelar stor roll f\u00f6r hur de utvecklas och upplevs. N\u00e4r den goda staden\/samh\u00e4llet L\u00e4s mer","og_url":"https:\/\/wp.kristdemokraterna.se\/skara\/i-var-kommun\/","og_site_name":"Kristdemokraterna | Skara","article_modified_time":"2022-08-10T11:57:35+00:00","twitter_card":"summary_large_image","twitter_misc":{"Ber\u00e4knad l\u00e4stid":"2 minuter"},"schema":{"@context":"https:\/\/schema.org","@graph":[{"@type":"WebPage","@id":"https:\/\/wp.kristdemokraterna.se\/skara\/i-var-kommun\/","url":"https:\/\/wp.kristdemokraterna.se\/skara\/i-var-kommun\/","name":"Vad vill vi i v\u00e5r kommun - Kristdemokraterna | Skara","isPartOf":{"@id":"https:\/\/wp.kristdemokraterna.se\/skara\/#website"},"datePublished":"2017-11-30T14:21:10+00:00","dateModified":"2022-08-10T11:57:35+00:00","breadcrumb":{"@id":"https:\/\/wp.kristdemokraterna.se\/skara\/i-var-kommun\/#breadcrumb"},"inLanguage":"sv-SE","potentialAction":[{"@type":"ReadAction","target":["https:\/\/wp.kristdemokraterna.se\/skara\/i-var-kommun\/"]}]},{"@type":"BreadcrumbList","@id":"https:\/\/wp.kristdemokraterna.se\/skara\/i-var-kommun\/#breadcrumb","itemListElement":[{"@type":"ListItem","position":1,"name":"Hem","item":"https:\/\/wp.kristdemokraterna.se\/skara\/"},{"@type":"ListItem","position":2,"name":"Vad vill vi i v\u00e5r kommun"}]},{"@type":"WebSite","@id":"https:\/\/wp.kristdemokraterna.se\/skara\/#website","url":"https:\/\/wp.kristdemokraterna.se\/skara\/","name":"Kristdemokraterna | Skara","description":"En till Kristdemokraterna webbplats","inLanguage":"sv-SE"}]}},"_links":{"self":[{"href":"https:\/\/wp.kristdemokraterna.se\/skara\/wp-json\/wp\/v2\/pages\/342","targetHints":{"allow":["GET"]}}],"collection":[{"href":"https:\/\/wp.kristdemokraterna.se\/skara\/wp-json\/wp\/v2\/pages"}],"about":[{"href":"https:\/\/wp.kristdemokraterna.se\/skara\/wp-json\/wp\/v2\/types\/page"}],"author":[{"embeddable":true,"href":"https:\/\/wp.kristdemokraterna.se\/skara\/wp-json\/wp\/v2\/users\/444"}],"replies":[{"embeddable":true,"href":"https:\/\/wp.kristdemokraterna.se\/skara\/wp-json\/wp\/v2\/comments?post=342"}],"version-history":[{"count":8,"href":"https:\/\/wp.kristdemokraterna.se\/skara\/wp-json\/wp\/v2\/pages\/342\/revisions"}],"predecessor-version":[{"id":564,"href":"https:\/\/wp.kristdemokraterna.se\/skara\/wp-json\/wp\/v2\/pages\/342\/revisions\/564"}],"wp:attachment":[{"href":"https:\/\/wp.kristdemokraterna.se\/skara\/wp-json\/wp\/v2\/media?parent=342"}],"curies":[{"name":"wp","href":"https:\/\/api.w.org\/{rel}","templated":true}]}}