{"id":373,"date":"2017-12-04T16:47:18","date_gmt":"2017-12-04T15:47:18","guid":{"rendered":"http:\/\/wp.kristdemokraterna.se\/skara\/?page_id=373"},"modified":"2022-08-10T14:08:47","modified_gmt":"2022-08-10T12:08:47","slug":"var-politik-i-kommunen","status":"publish","type":"page","link":"https:\/\/wp.kristdemokraterna.se\/skara\/textsida-fullbredd\/var-politik-i-kommunen\/","title":{"rendered":"V\u00e5r politik i kommunen"},"content":{"rendered":"<h3><strong>B\u00e4ttre f\u00f6r barn och familjer<\/strong><\/h3>\n<p>Trygga familjer ger barn goda f\u00f6ruts\u00e4ttningar att klara livets olika utmaningar. Vi vill familjes\u00e4kra politiken, att alla politiska beslut ska analyseras utifr\u00e5n vilka konsekvenser de f\u00e5r f\u00f6r familjer och n\u00e4ra relationer.<\/p>\n<p>Vi vill:<\/p>\n<ul>\n<li>Vi vill utveckla och st\u00e4rka Skaras familjecentral.<\/li>\n<li>Vi ska m\u00f6jligg\u00f6ra anh\u00f6rigst\u00f6djare f\u00f6r familjer med \u00f6kade behov (t.ex. handikapp, funktionsvariationer, sv\u00e5r sjukdom etc.)<\/li>\n<li>F\u00f6r\u00e4ldraf\u00f6rs\u00e4kringen ska vara flexibel \u2013 vi s\u00e4ger nej till kvotering. Fritt uttag av f\u00f6r\u00e4ldradagar i tre \u00e5r b\u00f6r inf\u00f6ras.<\/li>\n<li>F\u00f6r\u00e4ldrast\u00f6dsprogram ska utvecklas och erbjudas till blivande f\u00f6r\u00e4ldrar och f\u00f6r\u00e4ldrar minst tv\u00e5 g\u00e5nger under barnets uppv\u00e4xttid.<\/li>\n<\/ul>\n<h3>Barnomsorg och skola<\/h3>\n<p>F\u00f6rskoleverksamheten ska vara flexibel till sin karakt\u00e4r och m\u00f6ta det enskilda barnets behov. Familjer ska kunna v\u00e4lja mellan olika omsorgsformer. God valfrihet f\u00f6r f\u00f6r\u00e4ldrarna f\u00f6ruts\u00e4tter m\u00e5ngfald i utbudet. Skolan har tv\u00e5 huvuduppgifter: dels att stimulera elevernas intellektuella och praktiska kunskapsutveckling och kritiska t\u00e4nkande och dels att, tillsammans med f\u00f6r\u00e4ldrarna, fostra eleverna till ansvarsfulla samh\u00e4llsmedborgare. Under f\u00f6ruts\u00e4ttning att skolorna har denna utg\u00e5ngspunkt, f\u00f6ljer l\u00e4roplanen och lever upp till kvalitetskrav, ska de ges ett stort m\u00e5tt av frihet att sj\u00e4lva utforma undervisningen.<\/p>\n<p>Vi vill:<\/p>\n<ul>\n<li>Valfrihet och m\u00e5ngfald med flera alternativa utf\u00f6rare b\u00f6r finnas vid val av barnomsorg och f\u00f6rskola.<\/li>\n<li>Barngruppernas storlek i Skaras f\u00f6rskolor ska fortsatt vara anpassade till rikssnittet. Vi vill att barn som \u00e4r tre \u00e5r eller yngre inte ska beh\u00f6va tillh\u00f6ra grupper som \u00e4r st\u00f6rre \u00e4n tolv barn.<\/li>\n<li>Behovet av barnomsorg under obekv\u00e4m arbetstid ska tillgodoses utifr\u00e5n behov.<\/li>\n<li>Elever med neuropsykiatriska funktionsneds\u00e4ttningar (NPF) ska ha r\u00e4tt till en l\u00e4mplig l\u00e4rmilj\u00f6 samt en fysisk skolmilj\u00f6 och pedagogik som g\u00f6r det m\u00f6jligt att klara skolg\u00e5ngen. S\u00e4rskilda resursklasser eller undervisningsgrupper ska finnas tillg\u00e4ngliga f\u00f6r dessa barn och ungdomar i dialog med f\u00f6r\u00e4ldrar och skola.<\/li>\n<li>L\u00e4rarnas arbetstid ska ha fokus p\u00e5 mer undervisningstid \u2013 vi vill att det administrativa arbetet ska minska.<\/li>\n<li>L\u00e4rare och skolpersonal ska ges fortbildning f\u00f6r \u00f6kad kunskap kring psykisk oh\u00e4lsa och sj\u00e4lvmord.<\/li>\n<li>Ett n\u00e4ra samarbete ska finnas mellan skola och det lokala n\u00e4ringslivet, exempelvis vad g\u00e4ller l\u00e4rlingsutbildningar, praktikplatser och meningsfulla praoplatser.<\/li>\n<li>Skolan ska s\u00f6ka samarbete med civilsamh\u00e4llet f\u00f6r att f\u00e5 fler vuxna i skolan, exempelvis som rastfaddrar f\u00f6r att skapa studiero och trygghet<\/li>\n<li>Skara ska erbjuda v\u00e5ra ungdomar en attraktiv gymnasieskola med h\u00f6g kvalit\u00e9 och brett utbud<\/li>\n<li>Skara ska aktivt samarbeta med h\u00f6gskolor\/universitet med m\u00e5l att p\u00e5 sikt \u00f6ka andelen medborgare med h\u00f6gre utbildning.<\/li>\n<\/ul>\n<h3>Trygghet och s\u00e4kerhet<\/h3>\n<p>Det viktigaste s\u00e4ttet att bek\u00e4mpa brottslighet \u00e4r genom f\u00f6rebyggande insatser och det \u00e4r framf\u00f6r allt vuxnas ansvar gentemot barn och ungdomar. Familjens roll att fostra och leda de unga \u00e4r av st\u00f6rsta vikt. Samh\u00e4llet m\u00e5ste vidare ge tydliga och tidiga signaler om vad som \u00e4r r\u00e4tt och vad som \u00e4r fel. En snabb reaktion p\u00e5 beg\u00e5ngna brott och en \u00f6kad uppt\u00e4cktsrisk f\u00f6r f\u00f6r\u00f6varna \u00e4r viktigt.<\/p>\n<p>Vi vill:<\/p>\n<ul>\n<li>Aktivt uppf\u00f6ljningsarbete ska g\u00f6ras inom socialtj\u00e4nsten f\u00f6r att uppm\u00e4rksamma personer som \u00e5terkommande f\u00f6rekommer i \u00e4renden inom individ och familjeomsorgens arbete<\/li>\n<li>BR\u00c5 och Folkh\u00e4lsor\u00e5det f\u00e5r i uppdrag att l\u00f6pande ha trygghetsvandringar i Skara med tillh\u00f6rande orter och ocks\u00e5 erbjuda f\u00f6rel\u00e4sningar om en trygg tillvaro p\u00e5 n\u00e4tet f\u00f6r yngre och \u00e4ldre.<\/li>\n<li>Samarbetet skola-polis-r\u00e4ddningstj\u00e4nst b\u00f6r utvecklas. Vi vill se att skolan informerar och genomf\u00f6r \u00f6vningar f\u00f6r att hantera potentiella hotsituationer.<\/li>\n<li>\u00d6ka kraften i det brottsf\u00f6rebyggande arbetet genom att samverka med civilsamh\u00e4llet.<\/li>\n<\/ul>\n<h3><strong>B\u00e4ttre f\u00f6retagsklimat f\u00f6r fler jobb<\/strong><\/h3>\n<p>Det privata n\u00e4ringslivet och entrepren\u00f6rskapet \u00e4r grunden f\u00f6r Sveriges v\u00e4lf\u00e4rd. Nya jobb kan inte kommenderas fram av politiker. De skapas n\u00e4r enskilda m\u00e4nniskor finner det m\u00f6dan v\u00e4rt att starta eller utveckla ett f\u00f6retag.<\/p>\n<p>Vi vill:<\/p>\n<ul>\n<li>Kommunen ska m\u00f6jligg\u00f6ra entrepren\u00f6rskap i grundskolan och gymnasieskolan.<\/li>\n<li>Gymnasieelever ska erbjudas att bli \u201dSommarlovsentrepren\u00f6rer\u201d.<\/li>\n<li>F\u00f6retagslotsar ska inf\u00f6ras f\u00f6r att tydligg\u00f6ra vem som ansvarar f\u00f6r n\u00e4ringslivsfr\u00e5gorna i kommunen och f\u00f6r att \u00e4renden ska kunna f\u00e5 en snabb och s\u00e4ker hantering.<\/li>\n<li>Kommunen ska ha en v\u00e4lkomnande attityd och skapa enkla kontaktv\u00e4gar gentemot n\u00e4ringslivet och detta inkluderar \u00e4ven arbetsintegrerade sociala f\u00f6retag.<\/li>\n<\/ul>\n<p>L\u00e4s mer om hur vi vill utveckla hela Skara i v\u00e5rt valprogram!<\/p>\n<p><a href=\"http:\/\/wp.kristdemokraterna.se\/skara\/files\/2022\/08\/valplan-skara-2022-version-1.2-slutlig.pdf\">Valprogram Skara 2022<\/a><\/p>\n","protected":false},"excerpt":{"rendered":"<p>B\u00e4ttre f\u00f6r barn och familjer Trygga familjer ger barn goda f\u00f6ruts\u00e4ttningar att klara livets olika utmaningar. Vi vill familjes\u00e4kra politiken, att alla politiska beslut ska analyseras utifr\u00e5n vilka konsekvenser de f\u00e5r f\u00f6r familjer och n\u00e4ra relationer. Vi vill: Vi vill utveckla och st\u00e4rka Skaras familjecentral. Vi ska m\u00f6jligg\u00f6ra anh\u00f6rigst\u00f6djare f\u00f6r familjer med \u00f6kade behov (t.ex. <a class=\"read-more-link\" href=\"https:\/\/wp.kristdemokraterna.se\/skara\/textsida-fullbredd\/var-politik-i-kommunen\/\">L\u00e4s mer<\/a><\/p>\n","protected":false},"author":444,"featured_media":0,"parent":272,"menu_order":0,"comment_status":"closed","ping_status":"closed","template":"page.php","meta":{"_acf_changed":false,"footnotes":""},"class_list":["post-373","page","type-page","status-publish","hentry"],"acf":[],"yoast_head":"<!-- This site is optimized with the Yoast SEO plugin v27.5 - https:\/\/yoast.com\/product\/yoast-seo-wordpress\/ -->\n<title>V\u00e5r politik i kommunen - Kristdemokraterna | Skara<\/title>\n<meta name=\"robots\" content=\"index, follow, max-snippet:-1, max-image-preview:large, max-video-preview:-1\" \/>\n<link rel=\"canonical\" href=\"https:\/\/wp.kristdemokraterna.se\/skara\/textsida-fullbredd\/var-politik-i-kommunen\/\" \/>\n<meta property=\"og:locale\" content=\"sv_SE\" \/>\n<meta property=\"og:type\" content=\"article\" \/>\n<meta property=\"og:title\" content=\"V\u00e5r politik i kommunen - Kristdemokraterna | Skara\" \/>\n<meta property=\"og:description\" content=\"B\u00e4ttre f\u00f6r barn och familjer Trygga familjer ger barn goda f\u00f6ruts\u00e4ttningar att klara livets olika utmaningar. Vi vill familjes\u00e4kra politiken, att alla politiska beslut ska analyseras utifr\u00e5n vilka konsekvenser de f\u00e5r f\u00f6r familjer och n\u00e4ra relationer. Vi vill: Vi vill utveckla och st\u00e4rka Skaras familjecentral. Vi ska m\u00f6jligg\u00f6ra anh\u00f6rigst\u00f6djare f\u00f6r familjer med \u00f6kade behov (t.ex. L\u00e4s mer\" \/>\n<meta property=\"og:url\" content=\"https:\/\/wp.kristdemokraterna.se\/skara\/textsida-fullbredd\/var-politik-i-kommunen\/\" \/>\n<meta property=\"og:site_name\" content=\"Kristdemokraterna | Skara\" \/>\n<meta property=\"article:modified_time\" content=\"2022-08-10T12:08:47+00:00\" \/>\n<meta name=\"twitter:card\" content=\"summary_large_image\" \/>\n<meta name=\"twitter:label1\" content=\"Ber\u00e4knad l\u00e4stid\" \/>\n\t<meta name=\"twitter:data1\" content=\"4 minuter\" \/>\n<script type=\"application\/ld+json\" class=\"yoast-schema-graph\">{\"@context\":\"https:\\\/\\\/schema.org\",\"@graph\":[{\"@type\":\"WebPage\",\"@id\":\"https:\\\/\\\/wp.kristdemokraterna.se\\\/skara\\\/textsida-fullbredd\\\/var-politik-i-kommunen\\\/\",\"url\":\"https:\\\/\\\/wp.kristdemokraterna.se\\\/skara\\\/textsida-fullbredd\\\/var-politik-i-kommunen\\\/\",\"name\":\"V\u00e5r politik i kommunen - Kristdemokraterna | Skara\",\"isPartOf\":{\"@id\":\"https:\\\/\\\/wp.kristdemokraterna.se\\\/skara\\\/#website\"},\"datePublished\":\"2017-12-04T15:47:18+00:00\",\"dateModified\":\"2022-08-10T12:08:47+00:00\",\"breadcrumb\":{\"@id\":\"https:\\\/\\\/wp.kristdemokraterna.se\\\/skara\\\/textsida-fullbredd\\\/var-politik-i-kommunen\\\/#breadcrumb\"},\"inLanguage\":\"sv-SE\",\"potentialAction\":[{\"@type\":\"ReadAction\",\"target\":[\"https:\\\/\\\/wp.kristdemokraterna.se\\\/skara\\\/textsida-fullbredd\\\/var-politik-i-kommunen\\\/\"]}]},{\"@type\":\"BreadcrumbList\",\"@id\":\"https:\\\/\\\/wp.kristdemokraterna.se\\\/skara\\\/textsida-fullbredd\\\/var-politik-i-kommunen\\\/#breadcrumb\",\"itemListElement\":[{\"@type\":\"ListItem\",\"position\":1,\"name\":\"Hem\",\"item\":\"https:\\\/\\\/wp.kristdemokraterna.se\\\/skara\\\/\"},{\"@type\":\"ListItem\",\"position\":2,\"name\":\"Vad vi st\u00e5r f\u00f6r!\",\"item\":\"https:\\\/\\\/wp.kristdemokraterna.se\\\/skara\\\/textsida-fullbredd\\\/\"},{\"@type\":\"ListItem\",\"position\":3,\"name\":\"V\u00e5r politik i kommunen\"}]},{\"@type\":\"WebSite\",\"@id\":\"https:\\\/\\\/wp.kristdemokraterna.se\\\/skara\\\/#website\",\"url\":\"https:\\\/\\\/wp.kristdemokraterna.se\\\/skara\\\/\",\"name\":\"Kristdemokraterna | Skara\",\"description\":\"En till Kristdemokraterna webbplats\",\"inLanguage\":\"sv-SE\"}]}<\/script>\n<!-- \/ Yoast SEO plugin. -->","yoast_head_json":{"title":"V\u00e5r politik i kommunen - Kristdemokraterna | Skara","robots":{"index":"index","follow":"follow","max-snippet":"max-snippet:-1","max-image-preview":"max-image-preview:large","max-video-preview":"max-video-preview:-1"},"canonical":"https:\/\/wp.kristdemokraterna.se\/skara\/textsida-fullbredd\/var-politik-i-kommunen\/","og_locale":"sv_SE","og_type":"article","og_title":"V\u00e5r politik i kommunen - Kristdemokraterna | Skara","og_description":"B\u00e4ttre f\u00f6r barn och familjer Trygga familjer ger barn goda f\u00f6ruts\u00e4ttningar att klara livets olika utmaningar. Vi vill familjes\u00e4kra politiken, att alla politiska beslut ska analyseras utifr\u00e5n vilka konsekvenser de f\u00e5r f\u00f6r familjer och n\u00e4ra relationer. Vi vill: Vi vill utveckla och st\u00e4rka Skaras familjecentral. Vi ska m\u00f6jligg\u00f6ra anh\u00f6rigst\u00f6djare f\u00f6r familjer med \u00f6kade behov (t.ex. L\u00e4s mer","og_url":"https:\/\/wp.kristdemokraterna.se\/skara\/textsida-fullbredd\/var-politik-i-kommunen\/","og_site_name":"Kristdemokraterna | Skara","article_modified_time":"2022-08-10T12:08:47+00:00","twitter_card":"summary_large_image","twitter_misc":{"Ber\u00e4knad l\u00e4stid":"4 minuter"},"schema":{"@context":"https:\/\/schema.org","@graph":[{"@type":"WebPage","@id":"https:\/\/wp.kristdemokraterna.se\/skara\/textsida-fullbredd\/var-politik-i-kommunen\/","url":"https:\/\/wp.kristdemokraterna.se\/skara\/textsida-fullbredd\/var-politik-i-kommunen\/","name":"V\u00e5r politik i kommunen - Kristdemokraterna | Skara","isPartOf":{"@id":"https:\/\/wp.kristdemokraterna.se\/skara\/#website"},"datePublished":"2017-12-04T15:47:18+00:00","dateModified":"2022-08-10T12:08:47+00:00","breadcrumb":{"@id":"https:\/\/wp.kristdemokraterna.se\/skara\/textsida-fullbredd\/var-politik-i-kommunen\/#breadcrumb"},"inLanguage":"sv-SE","potentialAction":[{"@type":"ReadAction","target":["https:\/\/wp.kristdemokraterna.se\/skara\/textsida-fullbredd\/var-politik-i-kommunen\/"]}]},{"@type":"BreadcrumbList","@id":"https:\/\/wp.kristdemokraterna.se\/skara\/textsida-fullbredd\/var-politik-i-kommunen\/#breadcrumb","itemListElement":[{"@type":"ListItem","position":1,"name":"Hem","item":"https:\/\/wp.kristdemokraterna.se\/skara\/"},{"@type":"ListItem","position":2,"name":"Vad vi st\u00e5r f\u00f6r!","item":"https:\/\/wp.kristdemokraterna.se\/skara\/textsida-fullbredd\/"},{"@type":"ListItem","position":3,"name":"V\u00e5r politik i kommunen"}]},{"@type":"WebSite","@id":"https:\/\/wp.kristdemokraterna.se\/skara\/#website","url":"https:\/\/wp.kristdemokraterna.se\/skara\/","name":"Kristdemokraterna | Skara","description":"En till Kristdemokraterna webbplats","inLanguage":"sv-SE"}]}},"_links":{"self":[{"href":"https:\/\/wp.kristdemokraterna.se\/skara\/wp-json\/wp\/v2\/pages\/373","targetHints":{"allow":["GET"]}}],"collection":[{"href":"https:\/\/wp.kristdemokraterna.se\/skara\/wp-json\/wp\/v2\/pages"}],"about":[{"href":"https:\/\/wp.kristdemokraterna.se\/skara\/wp-json\/wp\/v2\/types\/page"}],"author":[{"embeddable":true,"href":"https:\/\/wp.kristdemokraterna.se\/skara\/wp-json\/wp\/v2\/users\/444"}],"replies":[{"embeddable":true,"href":"https:\/\/wp.kristdemokraterna.se\/skara\/wp-json\/wp\/v2\/comments?post=373"}],"version-history":[{"count":4,"href":"https:\/\/wp.kristdemokraterna.se\/skara\/wp-json\/wp\/v2\/pages\/373\/revisions"}],"predecessor-version":[{"id":567,"href":"https:\/\/wp.kristdemokraterna.se\/skara\/wp-json\/wp\/v2\/pages\/373\/revisions\/567"}],"up":[{"embeddable":true,"href":"https:\/\/wp.kristdemokraterna.se\/skara\/wp-json\/wp\/v2\/pages\/272"}],"wp:attachment":[{"href":"https:\/\/wp.kristdemokraterna.se\/skara\/wp-json\/wp\/v2\/media?parent=373"}],"curies":[{"name":"wp","href":"https:\/\/api.w.org\/{rel}","templated":true}]}}