{"id":265,"date":"2017-11-29T16:47:40","date_gmt":"2017-11-29T15:47:40","guid":{"rendered":"http:\/\/wp.kristdemokraterna.se\/skaraborg\/?page_id=265"},"modified":"2022-07-10T21:01:42","modified_gmt":"2022-07-10T19:01:42","slug":"startsida","status":"publish","type":"page","link":"https:\/\/wp.kristdemokraterna.se\/skaraborg\/","title":{"rendered":"Startsida"},"content":{"rendered":"<p>V\u00e4lkommen till Kristdemokraterna Skaraborgs hemsida. Vi \u00e4r en del av Kristdemokraterna V\u00e4stra G\u00f6taland, men \u00e4r ocks\u00e5 en valkrets. Formellt heter vi V\u00e4stra G\u00f6talands \u00d6stra. P\u00e5 de h\u00e4r sidorna kan du l\u00e4sa mer om v\u00e5r politik och varf\u00f6r du ska r\u00f6sta p\u00e5 Kristdemokraterna i h\u00f6stens val.<\/p>\n","protected":false},"excerpt":{"rendered":"<p>V\u00e4lkommen till Kristdemokraterna Skaraborgs hemsida. Vi \u00e4r en del av Kristdemokraterna V\u00e4stra G\u00f6taland, men \u00e4r ocks\u00e5 en valkrets. Formellt heter vi V\u00e4stra G\u00f6talands \u00d6stra. P\u00e5 de h\u00e4r sidorna kan du l\u00e4sa mer om v\u00e5r politik och varf\u00f6r du ska r\u00f6sta p\u00e5 Kristdemokraterna i h\u00f6stens val.<\/p>\n","protected":false},"author":838,"featured_media":0,"parent":0,"menu_order":0,"comment_status":"closed","ping_status":"closed","template":"index.php","meta":{"_acf_changed":false,"footnotes":""},"class_list":["post-265","page","type-page","status-publish","hentry"],"acf":[],"yoast_head":"<!-- This site is optimized with the Yoast SEO plugin v27.3 - https:\/\/yoast.com\/product\/yoast-seo-wordpress\/ -->\n<title>Startsida - Kristdemokraterna | Skaraborg<\/title>\n<meta name=\"robots\" content=\"index, follow, max-snippet:-1, max-image-preview:large, max-video-preview:-1\" \/>\n<link rel=\"canonical\" href=\"https:\/\/wp.kristdemokraterna.se\/skaraborg\/\" \/>\n<meta property=\"og:locale\" content=\"sv_SE\" \/>\n<meta property=\"og:type\" content=\"article\" \/>\n<meta property=\"og:title\" content=\"Startsida - Kristdemokraterna | Skaraborg\" \/>\n<meta property=\"og:description\" content=\"V\u00e4lkommen till Kristdemokraterna Skaraborgs hemsida. Vi \u00e4r en del av Kristdemokraterna V\u00e4stra G\u00f6taland, men \u00e4r ocks\u00e5 en valkrets. Formellt heter vi V\u00e4stra G\u00f6talands \u00d6stra. P\u00e5 de h\u00e4r sidorna kan du l\u00e4sa mer om v\u00e5r politik och varf\u00f6r du ska r\u00f6sta p\u00e5 Kristdemokraterna i h\u00f6stens val.\" \/>\n<meta property=\"og:url\" content=\"https:\/\/wp.kristdemokraterna.se\/skaraborg\/\" \/>\n<meta property=\"og:site_name\" content=\"Kristdemokraterna | Skaraborg\" \/>\n<meta property=\"article:modified_time\" content=\"2022-07-10T19:01:42+00:00\" \/>\n<meta name=\"twitter:card\" content=\"summary_large_image\" \/>\n<meta name=\"twitter:label1\" content=\"Ber\u00e4knad l\u00e4stid\" \/>\n\t<meta name=\"twitter:data1\" content=\"1 minut\" \/>\n<script type=\"application\/ld+json\" class=\"yoast-schema-graph\">{\"@context\":\"https:\\\/\\\/schema.org\",\"@graph\":[{\"@type\":\"WebPage\",\"@id\":\"https:\\\/\\\/wp.kristdemokraterna.se\\\/skaraborg\\\/\",\"url\":\"https:\\\/\\\/wp.kristdemokraterna.se\\\/skaraborg\\\/\",\"name\":\"Startsida - Kristdemokraterna | Skaraborg\",\"isPartOf\":{\"@id\":\"https:\\\/\\\/wp.kristdemokraterna.se\\\/skaraborg\\\/#website\"},\"datePublished\":\"2017-11-29T15:47:40+00:00\",\"dateModified\":\"2022-07-10T19:01:42+00:00\",\"breadcrumb\":{\"@id\":\"https:\\\/\\\/wp.kristdemokraterna.se\\\/skaraborg\\\/#breadcrumb\"},\"inLanguage\":\"sv-SE\",\"potentialAction\":[{\"@type\":\"ReadAction\",\"target\":[\"https:\\\/\\\/wp.kristdemokraterna.se\\\/skaraborg\\\/\"]}]},{\"@type\":\"BreadcrumbList\",\"@id\":\"https:\\\/\\\/wp.kristdemokraterna.se\\\/skaraborg\\\/#breadcrumb\",\"itemListElement\":[{\"@type\":\"ListItem\",\"position\":1,\"name\":\"Hem\",\"item\":\"https:\\\/\\\/wp.kristdemokraterna.se\\\/skaraborg\\\/\"},{\"@type\":\"ListItem\",\"position\":2,\"name\":\"Startsida\"}]},{\"@type\":\"WebSite\",\"@id\":\"https:\\\/\\\/wp.kristdemokraterna.se\\\/skaraborg\\\/#website\",\"url\":\"https:\\\/\\\/wp.kristdemokraterna.se\\\/skaraborg\\\/\",\"name\":\"Kristdemokraterna | Skaraborg\",\"description\":\"Vi har fokus p\u00e5 valet 11 september\",\"inLanguage\":\"sv-SE\"}]}<\/script>\n<!-- \/ Yoast SEO plugin. -->","yoast_head_json":{"title":"Startsida - Kristdemokraterna | Skaraborg","robots":{"index":"index","follow":"follow","max-snippet":"max-snippet:-1","max-image-preview":"max-image-preview:large","max-video-preview":"max-video-preview:-1"},"canonical":"https:\/\/wp.kristdemokraterna.se\/skaraborg\/","og_locale":"sv_SE","og_type":"article","og_title":"Startsida - Kristdemokraterna | Skaraborg","og_description":"V\u00e4lkommen till Kristdemokraterna Skaraborgs hemsida. Vi \u00e4r en del av Kristdemokraterna V\u00e4stra G\u00f6taland, men \u00e4r ocks\u00e5 en valkrets. Formellt heter vi V\u00e4stra G\u00f6talands \u00d6stra. P\u00e5 de h\u00e4r sidorna kan du l\u00e4sa mer om v\u00e5r politik och varf\u00f6r du ska r\u00f6sta p\u00e5 Kristdemokraterna i h\u00f6stens val.","og_url":"https:\/\/wp.kristdemokraterna.se\/skaraborg\/","og_site_name":"Kristdemokraterna | Skaraborg","article_modified_time":"2022-07-10T19:01:42+00:00","twitter_card":"summary_large_image","twitter_misc":{"Ber\u00e4knad l\u00e4stid":"1 minut"},"schema":{"@context":"https:\/\/schema.org","@graph":[{"@type":"WebPage","@id":"https:\/\/wp.kristdemokraterna.se\/skaraborg\/","url":"https:\/\/wp.kristdemokraterna.se\/skaraborg\/","name":"Startsida - Kristdemokraterna | Skaraborg","isPartOf":{"@id":"https:\/\/wp.kristdemokraterna.se\/skaraborg\/#website"},"datePublished":"2017-11-29T15:47:40+00:00","dateModified":"2022-07-10T19:01:42+00:00","breadcrumb":{"@id":"https:\/\/wp.kristdemokraterna.se\/skaraborg\/#breadcrumb"},"inLanguage":"sv-SE","potentialAction":[{"@type":"ReadAction","target":["https:\/\/wp.kristdemokraterna.se\/skaraborg\/"]}]},{"@type":"BreadcrumbList","@id":"https:\/\/wp.kristdemokraterna.se\/skaraborg\/#breadcrumb","itemListElement":[{"@type":"ListItem","position":1,"name":"Hem","item":"https:\/\/wp.kristdemokraterna.se\/skaraborg\/"},{"@type":"ListItem","position":2,"name":"Startsida"}]},{"@type":"WebSite","@id":"https:\/\/wp.kristdemokraterna.se\/skaraborg\/#website","url":"https:\/\/wp.kristdemokraterna.se\/skaraborg\/","name":"Kristdemokraterna | Skaraborg","description":"Vi har fokus p\u00e5 valet 11 september","inLanguage":"sv-SE"}]}},"_links":{"self":[{"href":"https:\/\/wp.kristdemokraterna.se\/skaraborg\/wp-json\/wp\/v2\/pages\/265","targetHints":{"allow":["GET"]}}],"collection":[{"href":"https:\/\/wp.kristdemokraterna.se\/skaraborg\/wp-json\/wp\/v2\/pages"}],"about":[{"href":"https:\/\/wp.kristdemokraterna.se\/skaraborg\/wp-json\/wp\/v2\/types\/page"}],"author":[{"embeddable":true,"href":"https:\/\/wp.kristdemokraterna.se\/skaraborg\/wp-json\/wp\/v2\/users\/838"}],"replies":[{"embeddable":true,"href":"https:\/\/wp.kristdemokraterna.se\/skaraborg\/wp-json\/wp\/v2\/comments?post=265"}],"version-history":[{"count":68,"href":"https:\/\/wp.kristdemokraterna.se\/skaraborg\/wp-json\/wp\/v2\/pages\/265\/revisions"}],"predecessor-version":[{"id":550,"href":"https:\/\/wp.kristdemokraterna.se\/skaraborg\/wp-json\/wp\/v2\/pages\/265\/revisions\/550"}],"wp:attachment":[{"href":"https:\/\/wp.kristdemokraterna.se\/skaraborg\/wp-json\/wp\/v2\/media?parent=265"}],"curies":[{"name":"wp","href":"https:\/\/api.w.org\/{rel}","templated":true}]}}