{"id":269,"date":"2017-11-29T16:48:28","date_gmt":"2017-11-29T15:48:28","guid":{"rendered":"http:\/\/wp.kristdemokraterna.se\/skaraborg\/?page_id=269"},"modified":"2022-07-11T20:25:47","modified_gmt":"2022-07-11T18:25:47","slug":"textsida-med-vanster-sidebar","status":"publish","type":"page","link":"https:\/\/wp.kristdemokraterna.se\/skaraborg\/textsida-med-vanster-sidebar\/","title":{"rendered":"Kristdemokraterna i Skaraborg"},"content":{"rendered":"<p>Vi \u00e4r en del av Kristdemokraterna i V\u00e4stra G\u00f6taland. Du kan l\u00e4sa mer p\u00e5<\/p>\n<p><a href=\"https:\/\/wp.kristdemokraterna.se\/vg\/\">https:\/\/wp.kristdemokraterna.se\/vg\/<\/a><\/p>\n<p>I v\u00e5r valkrets V\u00e4stra G\u00f6taland \u00d6stra anordnar vi val till regionen och riksdagen. I varje kommun sker ocks\u00e5 val till kommunfullm\u00e4ktige.<\/p>\n<p>Listan till riksdagen:<\/p>\n<ol>\n<li>Ebba Busch<\/li>\n<li>Dan Hovsk\u00e4r, Falk\u00f6ping<\/li>\n<li>Conny Br\u00e4nnberg, Sk\u00f6vde<\/li>\n<\/ol>\n<p>Listan till regionen:<\/p>\n<ol>\n<li>Conny Br\u00e4nnberg, Sk\u00f6vde<\/li>\n<li>Maria Bruckshaw, Falk\u00f6ping<\/li>\n<li>Tommy Larsson, Lidk\u00f6ping<\/li>\n<\/ol>\n<p>&nbsp;<\/p>\n<p>&nbsp;<\/p>\n<p>&nbsp;<\/p>\n<p>&nbsp;<\/p>\n<p>&nbsp;<\/p>\n","protected":false},"excerpt":{"rendered":"<p>Vi \u00e4r en del av Kristdemokraterna i V\u00e4stra G\u00f6taland. Du kan l\u00e4sa mer p\u00e5 https:\/\/wp.kristdemokraterna.se\/vg\/ I v\u00e5r valkrets V\u00e4stra G\u00f6taland \u00d6stra anordnar vi val till regionen och riksdagen. I varje kommun sker ocks\u00e5 val till kommunfullm\u00e4ktige. Listan till riksdagen: Ebba Busch Dan Hovsk\u00e4r, Falk\u00f6ping Conny Br\u00e4nnberg, Sk\u00f6vde Listan till regionen: Conny Br\u00e4nnberg, Sk\u00f6vde Maria Bruckshaw, <a class=\"read-more-link\" href=\"https:\/\/wp.kristdemokraterna.se\/skaraborg\/textsida-med-vanster-sidebar\/\">L\u00e4s mer<\/a><\/p>\n","protected":false},"author":838,"featured_media":0,"parent":0,"menu_order":0,"comment_status":"closed","ping_status":"closed","template":"page.php","meta":{"_acf_changed":false,"footnotes":""},"class_list":["post-269","page","type-page","status-publish","hentry"],"acf":[],"yoast_head":"<!-- This site is optimized with the Yoast SEO plugin v27.3 - https:\/\/yoast.com\/product\/yoast-seo-wordpress\/ -->\n<title>Kristdemokraterna i Skaraborg - Kristdemokraterna | Skaraborg<\/title>\n<meta name=\"robots\" content=\"index, follow, max-snippet:-1, max-image-preview:large, max-video-preview:-1\" \/>\n<link rel=\"canonical\" href=\"https:\/\/wp.kristdemokraterna.se\/skaraborg\/textsida-med-vanster-sidebar\/\" \/>\n<meta property=\"og:locale\" content=\"sv_SE\" \/>\n<meta property=\"og:type\" content=\"article\" \/>\n<meta property=\"og:title\" content=\"Kristdemokraterna i Skaraborg - Kristdemokraterna | Skaraborg\" \/>\n<meta property=\"og:description\" content=\"Vi \u00e4r en del av Kristdemokraterna i V\u00e4stra G\u00f6taland. Du kan l\u00e4sa mer p\u00e5 https:\/\/wp.kristdemokraterna.se\/vg\/ I v\u00e5r valkrets V\u00e4stra G\u00f6taland \u00d6stra anordnar vi val till regionen och riksdagen. I varje kommun sker ocks\u00e5 val till kommunfullm\u00e4ktige. Listan till riksdagen: Ebba Busch Dan Hovsk\u00e4r, Falk\u00f6ping Conny Br\u00e4nnberg, Sk\u00f6vde Listan till regionen: Conny Br\u00e4nnberg, Sk\u00f6vde Maria Bruckshaw, L\u00e4s mer\" \/>\n<meta property=\"og:url\" content=\"https:\/\/wp.kristdemokraterna.se\/skaraborg\/textsida-med-vanster-sidebar\/\" \/>\n<meta property=\"og:site_name\" content=\"Kristdemokraterna | Skaraborg\" \/>\n<meta property=\"article:modified_time\" content=\"2022-07-11T18:25:47+00:00\" \/>\n<meta name=\"twitter:card\" content=\"summary_large_image\" \/>\n<script type=\"application\/ld+json\" class=\"yoast-schema-graph\">{\"@context\":\"https:\\\/\\\/schema.org\",\"@graph\":[{\"@type\":\"WebPage\",\"@id\":\"https:\\\/\\\/wp.kristdemokraterna.se\\\/skaraborg\\\/textsida-med-vanster-sidebar\\\/\",\"url\":\"https:\\\/\\\/wp.kristdemokraterna.se\\\/skaraborg\\\/textsida-med-vanster-sidebar\\\/\",\"name\":\"Kristdemokraterna i Skaraborg - Kristdemokraterna | Skaraborg\",\"isPartOf\":{\"@id\":\"https:\\\/\\\/wp.kristdemokraterna.se\\\/skaraborg\\\/#website\"},\"datePublished\":\"2017-11-29T15:48:28+00:00\",\"dateModified\":\"2022-07-11T18:25:47+00:00\",\"breadcrumb\":{\"@id\":\"https:\\\/\\\/wp.kristdemokraterna.se\\\/skaraborg\\\/textsida-med-vanster-sidebar\\\/#breadcrumb\"},\"inLanguage\":\"sv-SE\",\"potentialAction\":[{\"@type\":\"ReadAction\",\"target\":[\"https:\\\/\\\/wp.kristdemokraterna.se\\\/skaraborg\\\/textsida-med-vanster-sidebar\\\/\"]}]},{\"@type\":\"BreadcrumbList\",\"@id\":\"https:\\\/\\\/wp.kristdemokraterna.se\\\/skaraborg\\\/textsida-med-vanster-sidebar\\\/#breadcrumb\",\"itemListElement\":[{\"@type\":\"ListItem\",\"position\":1,\"name\":\"Hem\",\"item\":\"https:\\\/\\\/wp.kristdemokraterna.se\\\/skaraborg\\\/\"},{\"@type\":\"ListItem\",\"position\":2,\"name\":\"Kristdemokraterna i Skaraborg\"}]},{\"@type\":\"WebSite\",\"@id\":\"https:\\\/\\\/wp.kristdemokraterna.se\\\/skaraborg\\\/#website\",\"url\":\"https:\\\/\\\/wp.kristdemokraterna.se\\\/skaraborg\\\/\",\"name\":\"Kristdemokraterna | Skaraborg\",\"description\":\"Vi har fokus p\u00e5 valet 11 september\",\"inLanguage\":\"sv-SE\"}]}<\/script>\n<!-- \/ Yoast SEO plugin. -->","yoast_head_json":{"title":"Kristdemokraterna i Skaraborg - Kristdemokraterna | Skaraborg","robots":{"index":"index","follow":"follow","max-snippet":"max-snippet:-1","max-image-preview":"max-image-preview:large","max-video-preview":"max-video-preview:-1"},"canonical":"https:\/\/wp.kristdemokraterna.se\/skaraborg\/textsida-med-vanster-sidebar\/","og_locale":"sv_SE","og_type":"article","og_title":"Kristdemokraterna i Skaraborg - Kristdemokraterna | Skaraborg","og_description":"Vi \u00e4r en del av Kristdemokraterna i V\u00e4stra G\u00f6taland. Du kan l\u00e4sa mer p\u00e5 https:\/\/wp.kristdemokraterna.se\/vg\/ I v\u00e5r valkrets V\u00e4stra G\u00f6taland \u00d6stra anordnar vi val till regionen och riksdagen. I varje kommun sker ocks\u00e5 val till kommunfullm\u00e4ktige. Listan till riksdagen: Ebba Busch Dan Hovsk\u00e4r, Falk\u00f6ping Conny Br\u00e4nnberg, Sk\u00f6vde Listan till regionen: Conny Br\u00e4nnberg, Sk\u00f6vde Maria Bruckshaw, L\u00e4s mer","og_url":"https:\/\/wp.kristdemokraterna.se\/skaraborg\/textsida-med-vanster-sidebar\/","og_site_name":"Kristdemokraterna | Skaraborg","article_modified_time":"2022-07-11T18:25:47+00:00","twitter_card":"summary_large_image","schema":{"@context":"https:\/\/schema.org","@graph":[{"@type":"WebPage","@id":"https:\/\/wp.kristdemokraterna.se\/skaraborg\/textsida-med-vanster-sidebar\/","url":"https:\/\/wp.kristdemokraterna.se\/skaraborg\/textsida-med-vanster-sidebar\/","name":"Kristdemokraterna i Skaraborg - Kristdemokraterna | Skaraborg","isPartOf":{"@id":"https:\/\/wp.kristdemokraterna.se\/skaraborg\/#website"},"datePublished":"2017-11-29T15:48:28+00:00","dateModified":"2022-07-11T18:25:47+00:00","breadcrumb":{"@id":"https:\/\/wp.kristdemokraterna.se\/skaraborg\/textsida-med-vanster-sidebar\/#breadcrumb"},"inLanguage":"sv-SE","potentialAction":[{"@type":"ReadAction","target":["https:\/\/wp.kristdemokraterna.se\/skaraborg\/textsida-med-vanster-sidebar\/"]}]},{"@type":"BreadcrumbList","@id":"https:\/\/wp.kristdemokraterna.se\/skaraborg\/textsida-med-vanster-sidebar\/#breadcrumb","itemListElement":[{"@type":"ListItem","position":1,"name":"Hem","item":"https:\/\/wp.kristdemokraterna.se\/skaraborg\/"},{"@type":"ListItem","position":2,"name":"Kristdemokraterna i Skaraborg"}]},{"@type":"WebSite","@id":"https:\/\/wp.kristdemokraterna.se\/skaraborg\/#website","url":"https:\/\/wp.kristdemokraterna.se\/skaraborg\/","name":"Kristdemokraterna | Skaraborg","description":"Vi har fokus p\u00e5 valet 11 september","inLanguage":"sv-SE"}]}},"_links":{"self":[{"href":"https:\/\/wp.kristdemokraterna.se\/skaraborg\/wp-json\/wp\/v2\/pages\/269","targetHints":{"allow":["GET"]}}],"collection":[{"href":"https:\/\/wp.kristdemokraterna.se\/skaraborg\/wp-json\/wp\/v2\/pages"}],"about":[{"href":"https:\/\/wp.kristdemokraterna.se\/skaraborg\/wp-json\/wp\/v2\/types\/page"}],"author":[{"embeddable":true,"href":"https:\/\/wp.kristdemokraterna.se\/skaraborg\/wp-json\/wp\/v2\/users\/838"}],"replies":[{"embeddable":true,"href":"https:\/\/wp.kristdemokraterna.se\/skaraborg\/wp-json\/wp\/v2\/comments?post=269"}],"version-history":[{"count":17,"href":"https:\/\/wp.kristdemokraterna.se\/skaraborg\/wp-json\/wp\/v2\/pages\/269\/revisions"}],"predecessor-version":[{"id":573,"href":"https:\/\/wp.kristdemokraterna.se\/skaraborg\/wp-json\/wp\/v2\/pages\/269\/revisions\/573"}],"wp:attachment":[{"href":"https:\/\/wp.kristdemokraterna.se\/skaraborg\/wp-json\/wp\/v2\/media?parent=269"}],"curies":[{"name":"wp","href":"https:\/\/api.w.org\/{rel}","templated":true}]}}