{"id":375,"date":"2017-12-04T16:48:06","date_gmt":"2017-12-04T15:48:06","guid":{"rendered":"http:\/\/wp.kristdemokraterna.se\/skaraborg\/?page_id=375"},"modified":"2022-07-10T21:23:44","modified_gmt":"2022-07-10T19:23:44","slug":"var-politik-i-landstinget","status":"publish","type":"page","link":"https:\/\/wp.kristdemokraterna.se\/skaraborg\/textsida-fullbredd\/var-politik-i-landstinget\/","title":{"rendered":"V\u00e5r politik i regionen"},"content":{"rendered":"<p><a href=\"http:\/\/wp.kristdemokraterna.se\/skaraborg\/files\/2022\/07\/valprogram-2022-kd-1.pdf\">Valprogram 2022 KD<\/a><\/p>\n<p>Detta \u00e4r det valprogram som Kristdemokraterna i V\u00e4stra G\u00f6taland g\u00e5r till val p\u00e5.<\/p>\n<p>&nbsp;<\/p>\n","protected":false},"excerpt":{"rendered":"<p>Valprogram 2022 KD Detta \u00e4r det valprogram som Kristdemokraterna i V\u00e4stra G\u00f6taland g\u00e5r till val p\u00e5. &nbsp;<\/p>\n","protected":false},"author":838,"featured_media":0,"parent":272,"menu_order":0,"comment_status":"closed","ping_status":"closed","template":"page.php","meta":{"_acf_changed":false,"footnotes":""},"class_list":["post-375","page","type-page","status-publish","hentry"],"acf":[],"yoast_head":"<!-- This site is optimized with the Yoast SEO plugin v27.3 - https:\/\/yoast.com\/product\/yoast-seo-wordpress\/ -->\n<title>V\u00e5r politik i regionen - Kristdemokraterna | Skaraborg<\/title>\n<meta name=\"robots\" content=\"index, follow, max-snippet:-1, max-image-preview:large, max-video-preview:-1\" \/>\n<link rel=\"canonical\" href=\"https:\/\/wp.kristdemokraterna.se\/skaraborg\/textsida-fullbredd\/var-politik-i-landstinget\/\" \/>\n<meta property=\"og:locale\" content=\"sv_SE\" \/>\n<meta property=\"og:type\" content=\"article\" \/>\n<meta property=\"og:title\" content=\"V\u00e5r politik i regionen - Kristdemokraterna | Skaraborg\" \/>\n<meta property=\"og:description\" content=\"Valprogram 2022 KD Detta \u00e4r det valprogram som Kristdemokraterna i V\u00e4stra G\u00f6taland g\u00e5r till val p\u00e5. &nbsp;\" \/>\n<meta property=\"og:url\" content=\"https:\/\/wp.kristdemokraterna.se\/skaraborg\/textsida-fullbredd\/var-politik-i-landstinget\/\" \/>\n<meta property=\"og:site_name\" content=\"Kristdemokraterna | Skaraborg\" \/>\n<meta property=\"article:modified_time\" content=\"2022-07-10T19:23:44+00:00\" \/>\n<meta name=\"twitter:card\" content=\"summary_large_image\" \/>\n<script type=\"application\/ld+json\" class=\"yoast-schema-graph\">{\"@context\":\"https:\\\/\\\/schema.org\",\"@graph\":[{\"@type\":\"WebPage\",\"@id\":\"https:\\\/\\\/wp.kristdemokraterna.se\\\/skaraborg\\\/textsida-fullbredd\\\/var-politik-i-landstinget\\\/\",\"url\":\"https:\\\/\\\/wp.kristdemokraterna.se\\\/skaraborg\\\/textsida-fullbredd\\\/var-politik-i-landstinget\\\/\",\"name\":\"V\u00e5r politik i regionen - Kristdemokraterna | Skaraborg\",\"isPartOf\":{\"@id\":\"https:\\\/\\\/wp.kristdemokraterna.se\\\/skaraborg\\\/#website\"},\"datePublished\":\"2017-12-04T15:48:06+00:00\",\"dateModified\":\"2022-07-10T19:23:44+00:00\",\"breadcrumb\":{\"@id\":\"https:\\\/\\\/wp.kristdemokraterna.se\\\/skaraborg\\\/textsida-fullbredd\\\/var-politik-i-landstinget\\\/#breadcrumb\"},\"inLanguage\":\"sv-SE\",\"potentialAction\":[{\"@type\":\"ReadAction\",\"target\":[\"https:\\\/\\\/wp.kristdemokraterna.se\\\/skaraborg\\\/textsida-fullbredd\\\/var-politik-i-landstinget\\\/\"]}]},{\"@type\":\"BreadcrumbList\",\"@id\":\"https:\\\/\\\/wp.kristdemokraterna.se\\\/skaraborg\\\/textsida-fullbredd\\\/var-politik-i-landstinget\\\/#breadcrumb\",\"itemListElement\":[{\"@type\":\"ListItem\",\"position\":1,\"name\":\"Hem\",\"item\":\"https:\\\/\\\/wp.kristdemokraterna.se\\\/skaraborg\\\/\"},{\"@type\":\"ListItem\",\"position\":2,\"name\":\"Vad vi st\u00e5r f\u00f6r!\",\"item\":\"https:\\\/\\\/wp.kristdemokraterna.se\\\/skaraborg\\\/textsida-fullbredd\\\/\"},{\"@type\":\"ListItem\",\"position\":3,\"name\":\"V\u00e5r politik i regionen\"}]},{\"@type\":\"WebSite\",\"@id\":\"https:\\\/\\\/wp.kristdemokraterna.se\\\/skaraborg\\\/#website\",\"url\":\"https:\\\/\\\/wp.kristdemokraterna.se\\\/skaraborg\\\/\",\"name\":\"Kristdemokraterna | Skaraborg\",\"description\":\"Vi har fokus p\u00e5 valet 11 september\",\"inLanguage\":\"sv-SE\"}]}<\/script>\n<!-- \/ Yoast SEO plugin. -->","yoast_head_json":{"title":"V\u00e5r politik i regionen - Kristdemokraterna | Skaraborg","robots":{"index":"index","follow":"follow","max-snippet":"max-snippet:-1","max-image-preview":"max-image-preview:large","max-video-preview":"max-video-preview:-1"},"canonical":"https:\/\/wp.kristdemokraterna.se\/skaraborg\/textsida-fullbredd\/var-politik-i-landstinget\/","og_locale":"sv_SE","og_type":"article","og_title":"V\u00e5r politik i regionen - Kristdemokraterna | Skaraborg","og_description":"Valprogram 2022 KD Detta \u00e4r det valprogram som Kristdemokraterna i V\u00e4stra G\u00f6taland g\u00e5r till val p\u00e5. &nbsp;","og_url":"https:\/\/wp.kristdemokraterna.se\/skaraborg\/textsida-fullbredd\/var-politik-i-landstinget\/","og_site_name":"Kristdemokraterna | Skaraborg","article_modified_time":"2022-07-10T19:23:44+00:00","twitter_card":"summary_large_image","schema":{"@context":"https:\/\/schema.org","@graph":[{"@type":"WebPage","@id":"https:\/\/wp.kristdemokraterna.se\/skaraborg\/textsida-fullbredd\/var-politik-i-landstinget\/","url":"https:\/\/wp.kristdemokraterna.se\/skaraborg\/textsida-fullbredd\/var-politik-i-landstinget\/","name":"V\u00e5r politik i regionen - Kristdemokraterna | Skaraborg","isPartOf":{"@id":"https:\/\/wp.kristdemokraterna.se\/skaraborg\/#website"},"datePublished":"2017-12-04T15:48:06+00:00","dateModified":"2022-07-10T19:23:44+00:00","breadcrumb":{"@id":"https:\/\/wp.kristdemokraterna.se\/skaraborg\/textsida-fullbredd\/var-politik-i-landstinget\/#breadcrumb"},"inLanguage":"sv-SE","potentialAction":[{"@type":"ReadAction","target":["https:\/\/wp.kristdemokraterna.se\/skaraborg\/textsida-fullbredd\/var-politik-i-landstinget\/"]}]},{"@type":"BreadcrumbList","@id":"https:\/\/wp.kristdemokraterna.se\/skaraborg\/textsida-fullbredd\/var-politik-i-landstinget\/#breadcrumb","itemListElement":[{"@type":"ListItem","position":1,"name":"Hem","item":"https:\/\/wp.kristdemokraterna.se\/skaraborg\/"},{"@type":"ListItem","position":2,"name":"Vad vi st\u00e5r f\u00f6r!","item":"https:\/\/wp.kristdemokraterna.se\/skaraborg\/textsida-fullbredd\/"},{"@type":"ListItem","position":3,"name":"V\u00e5r politik i regionen"}]},{"@type":"WebSite","@id":"https:\/\/wp.kristdemokraterna.se\/skaraborg\/#website","url":"https:\/\/wp.kristdemokraterna.se\/skaraborg\/","name":"Kristdemokraterna | Skaraborg","description":"Vi har fokus p\u00e5 valet 11 september","inLanguage":"sv-SE"}]}},"_links":{"self":[{"href":"https:\/\/wp.kristdemokraterna.se\/skaraborg\/wp-json\/wp\/v2\/pages\/375","targetHints":{"allow":["GET"]}}],"collection":[{"href":"https:\/\/wp.kristdemokraterna.se\/skaraborg\/wp-json\/wp\/v2\/pages"}],"about":[{"href":"https:\/\/wp.kristdemokraterna.se\/skaraborg\/wp-json\/wp\/v2\/types\/page"}],"author":[{"embeddable":true,"href":"https:\/\/wp.kristdemokraterna.se\/skaraborg\/wp-json\/wp\/v2\/users\/838"}],"replies":[{"embeddable":true,"href":"https:\/\/wp.kristdemokraterna.se\/skaraborg\/wp-json\/wp\/v2\/comments?post=375"}],"version-history":[{"count":4,"href":"https:\/\/wp.kristdemokraterna.se\/skaraborg\/wp-json\/wp\/v2\/pages\/375\/revisions"}],"predecessor-version":[{"id":563,"href":"https:\/\/wp.kristdemokraterna.se\/skaraborg\/wp-json\/wp\/v2\/pages\/375\/revisions\/563"}],"up":[{"embeddable":true,"href":"https:\/\/wp.kristdemokraterna.se\/skaraborg\/wp-json\/wp\/v2\/pages\/272"}],"wp:attachment":[{"href":"https:\/\/wp.kristdemokraterna.se\/skaraborg\/wp-json\/wp\/v2\/media?parent=375"}],"curies":[{"name":"wp","href":"https:\/\/api.w.org\/{rel}","templated":true}]}}