{"id":494,"date":"2019-06-19T11:41:13","date_gmt":"2019-06-19T09:41:13","guid":{"rendered":"http:\/\/wp.kristdemokraterna.se\/skaraborg\/?page_id=494"},"modified":"2019-06-19T11:41:13","modified_gmt":"2019-06-19T09:41:13","slug":"mer-maste-handa-med-skolan","status":"publish","type":"page","link":"https:\/\/wp.kristdemokraterna.se\/skaraborg\/mer-maste-handa-med-skolan\/","title":{"rendered":"Mer m\u00e5ste h\u00e4nda med skolan"},"content":{"rendered":"<h4>Den svenska skolan har en l\u00e5ng v\u00e4g kvar att g\u00e5 f\u00f6r att n\u00e5 upp i andra, j\u00e4mf\u00f6rbara, l\u00e4nders resultat, och f\u00f6r att komma till de niv\u00e5er vi hade \u00e5r 2000\u201d, skriver h\u00e4r KD:s gruppledare i riksdagen tillsammans med partiets skolpolitiske talesperson, Annica Eclund. Lugn och ro i klassrummen och fler engagerade f\u00f6r\u00e4ldrar \u00e4r viktigare \u00e4n statistik och organisationsformer, menar de bland annat.<\/h4>\n<div class=\"row\">\n<div class=\"col-sm-8 column-border-right-sm text-left-col\">\n<div class=\"text-component-main-column\">\n<div>\n<p><b>L\u00e4ttnadens suckar drogs\u00a0<\/b>i veckan. Svensk skola \u00e5terh\u00e4mtar sig i Pisaunders\u00f6kningen och resultaten v\u00e4nder upp\u00e5t. Det \u00e4r f\u00f6rst\u00e5s positivt. Men vi kristdemokrater \u00e4r l\u00e5ngt ifr\u00e5n n\u00f6jda. Nu kr\u00e4vs fler \u00e5tg\u00e4rder som m\u00f6ter skolans verkliga utmaningar och g\u00f6r att vi i den politiska debatten slipper inl\u00e4gg som skjuter \u00f6ver m\u00e5len med f\u00f6rslag att f\u00f6rbjuda skolavslutningar i kyrkan och stoppa konfessionella friskolor.<\/p>\n<p>Pisaunders\u00f6kningen visar att b\u00e5de matematik och l\u00e4sf\u00f6rst\u00e5else har f\u00f6rb\u00e4ttrats, medan naturvetenskap visar tecken p\u00e5 en positiv utveckling, som dock inte \u00e4r statistiskt s\u00e4kerst\u00e4lld. Men med tanke p\u00e5 att Sverige sedan 2000 haft fallande resultat \u00e4r detta ett positivt trendbrott.<\/p>\n<p>2011 var ett stort reform\u00e5r i svensk skola. Kristdemokraterna sj\u00f6satte d\u00e5 tillsammans med Alliansen en ny skollag, ny l\u00e4roplan, nya kursplaner, ny l\u00e4rarutbildning och ny gymnasieskola. Dessa stora f\u00f6r\u00e4ndringar tar tid att arbeta in och vi \u00e4r glada att resultaten nu v\u00e4nder upp\u00e5t, men vi n\u00f6jer oss inte med detta. Den svenska skolan har en l\u00e5ng v\u00e4g kvar att g\u00e5 f\u00f6r att n\u00e5 upp i andra, j\u00e4mf\u00f6rbara, l\u00e4nders resultat, och f\u00f6r att komma till de niv\u00e5er vi hade \u00e5r 2000.<\/p>\n<p><b>Skoldebatten handlar ofta\u00a0<\/b>om fr\u00e5gor som vinster i v\u00e4lf\u00e4rd, styrelseform, friskolor eller icke, samt huruvida konfessionella skolor ska f\u00e5 finnas. Men det \u00e4r inte d\u00e4r debatten borde ligga. Inte heller om skolavslutningar i kyrkan ska f\u00f6rbjudas. Den fr\u00e5gan finns det nu en majoritet f\u00f6r i riksdagen s\u00e5 att skolor kan ha kvar sina avslutningar i kyrkor. F\u00f6r att m\u00f6ta skolans utmaningar kr\u00e4vs andra \u00e5tg\u00e4rder. Kristdemokraterna har en rad f\u00f6rslag som skulle leda till b\u00e4ttre resultat i skolan:<\/p>\n<p><b>\u2022 Lugn och ro i klassrummen.<\/b><b>\u00a0<\/b>L\u00e4rare m\u00e5ste f\u00e5 mandat och st\u00f6d fr\u00e5n skolledningen i sitt arbete att skapa en god l\u00e4randemilj\u00f6. Kristdemokraterna vill ocks\u00e5 lyfta vikten av ett gott samarbete med f\u00f6r\u00e4ldrarna f\u00f6r att skapa lugn och ro i klassrummen, genom ett ansvarskontrakt som ska precisera vad som \u00e4r skolans och l\u00e4rarens uppdrag och vad som \u00e4r f\u00f6r\u00e4ldrarnas dito. Det \u00e4r inte skolans uppgift att l\u00e4ra barnen saker som att komma i tid, sitta still och lyssna eller visa respekt f\u00f6r vuxna och barn.<\/p>\n<p><b>\u2022 S\u00e4rskilt st\u00f6d till fler.<\/b>\u00a0Alla barn kan vid n\u00e5got tillf\u00e4lle beh\u00f6va s\u00e4rskilt st\u00f6d i skolan. Det kan g\u00e4lla l\u00e5ngvarigt st\u00f6d, men ocks\u00e5 kortare insatser f\u00f6r att komma igen efter en sjukfr\u00e5nvaro, eller f\u00f6r att f\u00f6rst\u00e5 ett sv\u00e5rt moment. Det ska inte vara stigmatiserande med s\u00e4rskilt st\u00f6d, utan en naturlig del i undervisningen. Vi menar att man m\u00e5ste v\u00e5ga niv\u00e5gruppera, b\u00e5de f\u00f6r barn med s\u00e4rskilda behov och f\u00f6r barn som beh\u00f6ver extra stimulans f\u00f6r att utvecklas. Skolan m\u00e5ste se till barns individuella behov snarare \u00e4n till inkludering till varje pris. D\u00e4rf\u00f6r g\u00f6r vi i Kristdemokraterna en stor satsning i v\u00e5rt budgetf\u00f6rslag; 230 miljoner kronor extra till en speciall\u00e4rarsatsning.<\/p>\n<p><b>\u2022 Utveckla elevh\u00e4lsan.<\/b><i>\u00a0<\/i>En elev som inte m\u00e5r bra har s\u00e4mre f\u00f6ruts\u00e4ttningar att ta till sig kunskaper. En bra skolmilj\u00f6 och elevh\u00e4lsa \u00e4r d\u00e4rf\u00f6r A och O f\u00f6r utvecklingen. N\u00e5got som ocks\u00e5 har stor effekt p\u00e5 barns skolresultat \u00e4r hur mycket de r\u00f6r p\u00e5 sig. Kristdemokraterna f\u00f6resl\u00e5r d\u00e4rf\u00f6r att antalet idrottstimmar ut\u00f6kas fr\u00e5n dagens 500 till 700.<\/p>\n<p><b>\u2022 Fler vuxna i skolan.<\/b>\u00a0F\u00f6r att l\u00e4rarna ska f\u00e5r mer tid att \u00e4gna \u00e5t undervisning kr\u00e4vs fler vuxna i skolan. Vi vill d\u00e4rf\u00f6r se fler l\u00e4rarassistenter och en st\u00f6rre samverkan med det civila samh\u00e4llet. Fler trygga vuxna i skolan kan ge den avlastning i klassrummet, i korridorerna och p\u00e5 skolg\u00e5rden som g\u00f6r att skolans l\u00e4rare kan \u00e4gna tid \u00e5t undervisning.<\/p>\n<p><b>\u2022 G\u00f6r skolan till en attraktiv arbetsplats f\u00f6r fler.\u00a0<\/b>En utmaning vi st\u00e5r inf\u00f6r \u00e4r att locka tillbaka n\u00e5gra av de 40\u00a0000 l\u00e4rare som i dag arbetar som n\u00e5got annat. Det skulle vara utvecklande f\u00f6r skolan om den som har examen i ett relevant \u00e4mne eller yrkeskunskap ska kunna n\u00e5 l\u00e4rarexamen genom en f\u00f6rkortad, kompletterad utbildning i pedagogik. Dessutom kr\u00e4vs h\u00f6gre l\u00f6ner och tydliga karri\u00e4rv\u00e4gar.<\/p>\n<p><b>\u2022 F\u00f6rb\u00e4ttra l\u00e4rarutbildningen.\u00a0<\/b>L\u00e4rarutbildningens status m\u00e5ste h\u00f6jas och bli mer likv\u00e4rdig. Sverige f\u00e5r kritik av OECD f\u00f6r att l\u00e4rarutbildningarna skiljer sig f\u00f6r mycket \u00e5t. D\u00e4rf\u00f6r vill vi att \u00e4mnesl\u00e4rarutbildningen ska centraliseras till de h\u00f6gskolor och universitet som har en gedigen \u00e4mneskunskap.<\/p>\n<p>Skolan \u00e4r p\u00e5 r\u00e4tt v\u00e4g. Vi har l\u00e5ng v\u00e4g att g\u00e5, men med dessa insatser tror vi att Sverige framgent kan n\u00e5 \u00e4nnu b\u00e4ttre resultat i Pisaunders\u00f6kningen.<\/p>\n<p>Annika Eclund (KD), Skolpolitisk talesperson<br \/>\nAndreas Carlson (KD), Gruppledare i riksdagsgruppen<\/p>\n<\/div>\n<\/div>\n<\/div>\n<\/div>\n","protected":false},"excerpt":{"rendered":"<p>Den svenska skolan har en l\u00e5ng v\u00e4g kvar att g\u00e5 f\u00f6r att n\u00e5 upp i andra, j\u00e4mf\u00f6rbara, l\u00e4nders resultat, och f\u00f6r att komma till de niv\u00e5er vi hade \u00e5r 2000\u201d, skriver h\u00e4r KD:s gruppledare i riksdagen tillsammans med partiets skolpolitiske talesperson, Annica Eclund. Lugn och ro i klassrummen och fler engagerade f\u00f6r\u00e4ldrar \u00e4r viktigare \u00e4n <a class=\"read-more-link\" href=\"https:\/\/wp.kristdemokraterna.se\/skaraborg\/mer-maste-handa-med-skolan\/\">L\u00e4s mer<\/a><\/p>\n","protected":false},"author":444,"featured_media":0,"parent":0,"menu_order":0,"comment_status":"closed","ping_status":"closed","template":"","meta":{"_acf_changed":false,"footnotes":""},"class_list":["post-494","page","type-page","status-publish","hentry"],"acf":[],"yoast_head":"<!-- This site is optimized with the Yoast SEO plugin v27.6 - https:\/\/yoast.com\/product\/yoast-seo-wordpress\/ -->\n<title>Mer m\u00e5ste h\u00e4nda med skolan - Kristdemokraterna | Skaraborg<\/title>\n<meta name=\"robots\" content=\"index, follow, max-snippet:-1, max-image-preview:large, max-video-preview:-1\" \/>\n<link rel=\"canonical\" href=\"https:\/\/wp.kristdemokraterna.se\/skaraborg\/mer-maste-handa-med-skolan\/\" \/>\n<meta property=\"og:locale\" content=\"sv_SE\" \/>\n<meta property=\"og:type\" content=\"article\" \/>\n<meta property=\"og:title\" content=\"Mer m\u00e5ste h\u00e4nda med skolan - Kristdemokraterna | Skaraborg\" \/>\n<meta property=\"og:description\" content=\"Den svenska skolan har en l\u00e5ng v\u00e4g kvar att g\u00e5 f\u00f6r att n\u00e5 upp i andra, j\u00e4mf\u00f6rbara, l\u00e4nders resultat, och f\u00f6r att komma till de niv\u00e5er vi hade \u00e5r 2000\u201d, skriver h\u00e4r KD:s gruppledare i riksdagen tillsammans med partiets skolpolitiske talesperson, Annica Eclund. Lugn och ro i klassrummen och fler engagerade f\u00f6r\u00e4ldrar \u00e4r viktigare \u00e4n L\u00e4s mer\" \/>\n<meta property=\"og:url\" content=\"https:\/\/wp.kristdemokraterna.se\/skaraborg\/mer-maste-handa-med-skolan\/\" \/>\n<meta property=\"og:site_name\" content=\"Kristdemokraterna | Skaraborg\" \/>\n<meta name=\"twitter:card\" content=\"summary_large_image\" \/>\n<meta name=\"twitter:label1\" content=\"Ber\u00e4knad l\u00e4stid\" \/>\n\t<meta name=\"twitter:data1\" content=\"5 minuter\" \/>\n<script type=\"application\/ld+json\" class=\"yoast-schema-graph\">{\"@context\":\"https:\\\/\\\/schema.org\",\"@graph\":[{\"@type\":\"WebPage\",\"@id\":\"https:\\\/\\\/wp.kristdemokraterna.se\\\/skaraborg\\\/mer-maste-handa-med-skolan\\\/\",\"url\":\"https:\\\/\\\/wp.kristdemokraterna.se\\\/skaraborg\\\/mer-maste-handa-med-skolan\\\/\",\"name\":\"Mer m\u00e5ste h\u00e4nda med skolan - Kristdemokraterna | Skaraborg\",\"isPartOf\":{\"@id\":\"https:\\\/\\\/wp.kristdemokraterna.se\\\/skaraborg\\\/#website\"},\"datePublished\":\"2019-06-19T09:41:13+00:00\",\"breadcrumb\":{\"@id\":\"https:\\\/\\\/wp.kristdemokraterna.se\\\/skaraborg\\\/mer-maste-handa-med-skolan\\\/#breadcrumb\"},\"inLanguage\":\"sv-SE\",\"potentialAction\":[{\"@type\":\"ReadAction\",\"target\":[\"https:\\\/\\\/wp.kristdemokraterna.se\\\/skaraborg\\\/mer-maste-handa-med-skolan\\\/\"]}]},{\"@type\":\"BreadcrumbList\",\"@id\":\"https:\\\/\\\/wp.kristdemokraterna.se\\\/skaraborg\\\/mer-maste-handa-med-skolan\\\/#breadcrumb\",\"itemListElement\":[{\"@type\":\"ListItem\",\"position\":1,\"name\":\"Hem\",\"item\":\"https:\\\/\\\/wp.kristdemokraterna.se\\\/skaraborg\\\/\"},{\"@type\":\"ListItem\",\"position\":2,\"name\":\"Mer m\u00e5ste h\u00e4nda med skolan\"}]},{\"@type\":\"WebSite\",\"@id\":\"https:\\\/\\\/wp.kristdemokraterna.se\\\/skaraborg\\\/#website\",\"url\":\"https:\\\/\\\/wp.kristdemokraterna.se\\\/skaraborg\\\/\",\"name\":\"Kristdemokraterna | Skaraborg\",\"description\":\"Vi har fokus p\u00e5 valet 11 september\",\"inLanguage\":\"sv-SE\"}]}<\/script>\n<!-- \/ Yoast SEO plugin. -->","yoast_head_json":{"title":"Mer m\u00e5ste h\u00e4nda med skolan - Kristdemokraterna | Skaraborg","robots":{"index":"index","follow":"follow","max-snippet":"max-snippet:-1","max-image-preview":"max-image-preview:large","max-video-preview":"max-video-preview:-1"},"canonical":"https:\/\/wp.kristdemokraterna.se\/skaraborg\/mer-maste-handa-med-skolan\/","og_locale":"sv_SE","og_type":"article","og_title":"Mer m\u00e5ste h\u00e4nda med skolan - Kristdemokraterna | Skaraborg","og_description":"Den svenska skolan har en l\u00e5ng v\u00e4g kvar att g\u00e5 f\u00f6r att n\u00e5 upp i andra, j\u00e4mf\u00f6rbara, l\u00e4nders resultat, och f\u00f6r att komma till de niv\u00e5er vi hade \u00e5r 2000\u201d, skriver h\u00e4r KD:s gruppledare i riksdagen tillsammans med partiets skolpolitiske talesperson, Annica Eclund. Lugn och ro i klassrummen och fler engagerade f\u00f6r\u00e4ldrar \u00e4r viktigare \u00e4n L\u00e4s mer","og_url":"https:\/\/wp.kristdemokraterna.se\/skaraborg\/mer-maste-handa-med-skolan\/","og_site_name":"Kristdemokraterna | Skaraborg","twitter_card":"summary_large_image","twitter_misc":{"Ber\u00e4knad l\u00e4stid":"5 minuter"},"schema":{"@context":"https:\/\/schema.org","@graph":[{"@type":"WebPage","@id":"https:\/\/wp.kristdemokraterna.se\/skaraborg\/mer-maste-handa-med-skolan\/","url":"https:\/\/wp.kristdemokraterna.se\/skaraborg\/mer-maste-handa-med-skolan\/","name":"Mer m\u00e5ste h\u00e4nda med skolan - Kristdemokraterna | Skaraborg","isPartOf":{"@id":"https:\/\/wp.kristdemokraterna.se\/skaraborg\/#website"},"datePublished":"2019-06-19T09:41:13+00:00","breadcrumb":{"@id":"https:\/\/wp.kristdemokraterna.se\/skaraborg\/mer-maste-handa-med-skolan\/#breadcrumb"},"inLanguage":"sv-SE","potentialAction":[{"@type":"ReadAction","target":["https:\/\/wp.kristdemokraterna.se\/skaraborg\/mer-maste-handa-med-skolan\/"]}]},{"@type":"BreadcrumbList","@id":"https:\/\/wp.kristdemokraterna.se\/skaraborg\/mer-maste-handa-med-skolan\/#breadcrumb","itemListElement":[{"@type":"ListItem","position":1,"name":"Hem","item":"https:\/\/wp.kristdemokraterna.se\/skaraborg\/"},{"@type":"ListItem","position":2,"name":"Mer m\u00e5ste h\u00e4nda med skolan"}]},{"@type":"WebSite","@id":"https:\/\/wp.kristdemokraterna.se\/skaraborg\/#website","url":"https:\/\/wp.kristdemokraterna.se\/skaraborg\/","name":"Kristdemokraterna | Skaraborg","description":"Vi har fokus p\u00e5 valet 11 september","inLanguage":"sv-SE"}]}},"_links":{"self":[{"href":"https:\/\/wp.kristdemokraterna.se\/skaraborg\/wp-json\/wp\/v2\/pages\/494","targetHints":{"allow":["GET"]}}],"collection":[{"href":"https:\/\/wp.kristdemokraterna.se\/skaraborg\/wp-json\/wp\/v2\/pages"}],"about":[{"href":"https:\/\/wp.kristdemokraterna.se\/skaraborg\/wp-json\/wp\/v2\/types\/page"}],"author":[{"embeddable":true,"href":"https:\/\/wp.kristdemokraterna.se\/skaraborg\/wp-json\/wp\/v2\/users\/444"}],"replies":[{"embeddable":true,"href":"https:\/\/wp.kristdemokraterna.se\/skaraborg\/wp-json\/wp\/v2\/comments?post=494"}],"version-history":[{"count":1,"href":"https:\/\/wp.kristdemokraterna.se\/skaraborg\/wp-json\/wp\/v2\/pages\/494\/revisions"}],"predecessor-version":[{"id":495,"href":"https:\/\/wp.kristdemokraterna.se\/skaraborg\/wp-json\/wp\/v2\/pages\/494\/revisions\/495"}],"wp:attachment":[{"href":"https:\/\/wp.kristdemokraterna.se\/skaraborg\/wp-json\/wp\/v2\/media?parent=494"}],"curies":[{"name":"wp","href":"https:\/\/api.w.org\/{rel}","templated":true}]}}