{"id":1044,"date":"2022-07-06T18:33:29","date_gmt":"2022-07-06T16:33:29","guid":{"rendered":"https:\/\/wp.kristdemokraterna.se\/skelleftea\/?page_id=1044"},"modified":"2022-07-06T18:33:29","modified_gmt":"2022-07-06T16:33:29","slug":"vara-kandidater","status":"publish","type":"page","link":"https:\/\/wp.kristdemokraterna.se\/skelleftea\/vara-kandidater\/","title":{"rendered":"V\u00e5ra kandidater"},"content":{"rendered":"<p><img loading=\"lazy\" decoding=\"async\" class=\"alignnone size-medium wp-image-1045\" src=\"http:\/\/wp.kristdemokraterna.se\/skelleftea\/files\/2022\/07\/anders-hettinger-300x251.jpg\" alt=\"KD Skellefte\u00e5\" width=\"300\" height=\"251\" srcset=\"https:\/\/wp.kristdemokraterna.se\/skelleftea\/files\/2022\/07\/anders-hettinger-300x251.jpg 300w, https:\/\/wp.kristdemokraterna.se\/skelleftea\/files\/2022\/07\/anders-hettinger-540x453.jpg 540w, https:\/\/wp.kristdemokraterna.se\/skelleftea\/files\/2022\/07\/anders-hettinger-768x644.jpg 768w, https:\/\/wp.kristdemokraterna.se\/skelleftea\/files\/2022\/07\/anders-hettinger-239x200.jpg 239w, https:\/\/wp.kristdemokraterna.se\/skelleftea\/files\/2022\/07\/anders-hettinger-500x420.jpg 500w, https:\/\/wp.kristdemokraterna.se\/skelleftea\/files\/2022\/07\/anders-hettinger-370x310.jpg 370w, https:\/\/wp.kristdemokraterna.se\/skelleftea\/files\/2022\/07\/anders-hettinger-770x645.jpg 770w, https:\/\/wp.kristdemokraterna.se\/skelleftea\/files\/2022\/07\/anders-hettinger-450x377.jpg 450w, https:\/\/wp.kristdemokraterna.se\/skelleftea\/files\/2022\/07\/anders-hettinger-280x235.jpg 280w, https:\/\/wp.kristdemokraterna.se\/skelleftea\/files\/2022\/07\/anders-hettinger-340x285.jpg 340w, https:\/\/wp.kristdemokraterna.se\/skelleftea\/files\/2022\/07\/anders-hettinger-200x168.jpg 200w, https:\/\/wp.kristdemokraterna.se\/skelleftea\/files\/2022\/07\/anders-hettinger-67x56.jpg 67w, https:\/\/wp.kristdemokraterna.se\/skelleftea\/files\/2022\/07\/anders-hettinger.jpg 1410w\" sizes=\"auto, (max-width: 300px) 100vw, 300px\" \/><\/p>\n<p>Jag heter Anders Hettinger och \u00e4r 65+, boende i Skellefte\u00e5. Min familj best\u00e5r av fyra vuxna barn med familjer samt hustru. Jag har varit revisor och konsult men arbetar nu som\u00a0aktiv styrelseordf\u00f6rande i Mellanbygdens Transport AB. Dessutom har jag flera ideella styrelseuppdrag, bl.a. i Styrelseakademien och uppdrag som lekmannarevisor i bl.a. K\u00e5ge b\u00e5tklubb.<\/p>\n<p>Mina fritidsintressen kretsar kring alpin skid\u00e5kning i \u00c5re, b\u00e5t\u00e5kning i Bottenviken och jazzmusik. Jag \u00e4r ganska aktiv i den allm\u00e4nna samh\u00e4llsdebatten, f\u00f6rutom inom finanspolitik \u00e4ven energipolitik men s\u00e4rskilt sjukv\u00e5rdspolitik. D\u00e4rf\u00f6r har jag engagerat mig inom KD som \u00e4r det enda parti som driver fr\u00e5gan om en reform f\u00f6r nationellt samordnad sjukv\u00e5rd.<\/p>\n<p>I V\u00e4sterbotten saknar den socialdemokratiska ledningen f\u00f6rm\u00e5ga att styra sjukv\u00e5rden vare sig medicinskt eller ekonomiskt effektivt. Allt l\u00e4ngre k\u00f6er, allt fler st\u00e4ngda v\u00e5rdcentraler, allt s\u00e4mre lokal f\u00f6rankring. I Skellefte\u00e5 fanns tidigare flera privata l\u00e4karkliniker som en del av husl\u00e4karsystemet. Erfarna l\u00e4kare med stor patientk\u00e4nnedom, h\u00f6g effektivitet och kontinuitet i sitt arbete. P.g.a. Regionens orimliga krav har ingen kunnat eller velat \u00f6verta dessa verksamheter med f\u00f6rs\u00e4mrad prim\u00e4rv\u00e5rd i Skellefte\u00e5 som f\u00f6ljd.<\/p>\n<p>Jag \u00e4r f\u00f6rsta namn p\u00e5 v\u00e5r regionlista i Norra V\u00e4sterbotten. Mitt l\u00f6fte \u00e4r att arbeta f\u00f6r b\u00e4ttre sjukv\u00e5rd i hela l\u00e4net, inte minst i l\u00e4nets norra del. De viktigaste \u00e5tg\u00e4rderna blir:<br \/>\n&#8211; att stimulera till fler privata utf\u00f6rare f\u00f6r b\u00e5de valfrihetens och effektivitetens skull,<br \/>\n&#8211; att \u00f6ka det lokala ledningsmandatet f\u00f6r b\u00e5de arbetsmilj\u00f6n och effektivitetens skull, samt<br \/>\n&#8211; att avveckla byr\u00e5krati och administration till f\u00f6rm\u00e5n f\u00f6r satsningar p\u00e5 prim\u00e4rv\u00e5rden.<\/p>\n<p>Det ger mer v\u00e5rd f\u00f6r pengarna. Varje skattekrona skall anv\u00e4ndas optimalt f\u00f6r mesta m\u00f6jliga v\u00e5rd. Det \u00e4r politikens skyldighet. Med maktskifte i regionen kommer vi att s\u00e4kra detta och med respekt f\u00f6r skattebetalarna f\u00f6rb\u00e4ttra sjukv\u00e5rden i l\u00e4net med kortare k\u00f6er och st\u00f6rre tillg\u00e4nglighet. R\u00f6sta p\u00e5 KD i valet den 11 september. Till dess, trevlig sommar !<\/p>\n<p>\/ Anders Hettinger<\/p>\n","protected":false},"excerpt":{"rendered":"<p>Jag heter Anders Hettinger och \u00e4r 65+, boende i Skellefte\u00e5. Min familj best\u00e5r av fyra vuxna barn med familjer samt hustru. Jag har varit revisor och konsult men arbetar nu som\u00a0aktiv styrelseordf\u00f6rande i Mellanbygdens Transport AB. Dessutom har jag flera ideella styrelseuppdrag, bl.a. i Styrelseakademien och uppdrag som lekmannarevisor i bl.a. K\u00e5ge b\u00e5tklubb. Mina fritidsintressen <a class=\"read-more-link\" href=\"https:\/\/wp.kristdemokraterna.se\/skelleftea\/vara-kandidater\/\">Read More<\/a><\/p>\n","protected":false},"author":979,"featured_media":0,"parent":0,"menu_order":0,"comment_status":"closed","ping_status":"closed","template":"","meta":{"_acf_changed":false,"footnotes":""},"class_list":["post-1044","page","type-page","status-publish","hentry"],"acf":[],"yoast_head":"<!-- This site is optimized with the Yoast SEO plugin v27.4 - https:\/\/yoast.com\/product\/yoast-seo-wordpress\/ -->\n<title>V\u00e5ra kandidater - Kristdemokraterna i Skellefte\u00e5<\/title>\n<meta name=\"robots\" content=\"index, follow, max-snippet:-1, max-image-preview:large, max-video-preview:-1\" \/>\n<link rel=\"canonical\" href=\"https:\/\/wp.kristdemokraterna.se\/skelleftea\/vara-kandidater\/\" \/>\n<meta property=\"og:locale\" content=\"sv_SE\" \/>\n<meta property=\"og:type\" content=\"article\" \/>\n<meta property=\"og:title\" content=\"V\u00e5ra kandidater - Kristdemokraterna i Skellefte\u00e5\" \/>\n<meta property=\"og:description\" content=\"Jag heter Anders Hettinger och \u00e4r 65+, boende i Skellefte\u00e5. Min familj best\u00e5r av fyra vuxna barn med familjer samt hustru. Jag har varit revisor och konsult men arbetar nu som\u00a0aktiv styrelseordf\u00f6rande i Mellanbygdens Transport AB. Dessutom har jag flera ideella styrelseuppdrag, bl.a. i Styrelseakademien och uppdrag som lekmannarevisor i bl.a. K\u00e5ge b\u00e5tklubb. Mina fritidsintressen Read More\" \/>\n<meta property=\"og:url\" content=\"https:\/\/wp.kristdemokraterna.se\/skelleftea\/vara-kandidater\/\" \/>\n<meta property=\"og:site_name\" content=\"Kristdemokraterna i Skellefte\u00e5\" \/>\n<meta property=\"og:image\" content=\"http:\/\/wp.kristdemokraterna.se\/skelleftea\/files\/2022\/07\/anders-hettinger-300x251.jpg\" \/>\n<meta name=\"twitter:card\" content=\"summary_large_image\" \/>\n<meta name=\"twitter:label1\" content=\"Ber\u00e4knad l\u00e4stid\" \/>\n\t<meta name=\"twitter:data1\" content=\"2 minuter\" \/>\n<script type=\"application\/ld+json\" class=\"yoast-schema-graph\">{\"@context\":\"https:\\\/\\\/schema.org\",\"@graph\":[{\"@type\":\"WebPage\",\"@id\":\"https:\\\/\\\/wp.kristdemokraterna.se\\\/skelleftea\\\/vara-kandidater\\\/\",\"url\":\"https:\\\/\\\/wp.kristdemokraterna.se\\\/skelleftea\\\/vara-kandidater\\\/\",\"name\":\"V\u00e5ra kandidater - Kristdemokraterna i Skellefte\u00e5\",\"isPartOf\":{\"@id\":\"https:\\\/\\\/wp.kristdemokraterna.se\\\/skelleftea\\\/#website\"},\"primaryImageOfPage\":{\"@id\":\"https:\\\/\\\/wp.kristdemokraterna.se\\\/skelleftea\\\/vara-kandidater\\\/#primaryimage\"},\"image\":{\"@id\":\"https:\\\/\\\/wp.kristdemokraterna.se\\\/skelleftea\\\/vara-kandidater\\\/#primaryimage\"},\"thumbnailUrl\":\"http:\\\/\\\/wp.kristdemokraterna.se\\\/skelleftea\\\/files\\\/2022\\\/07\\\/anders-hettinger-300x251.jpg\",\"datePublished\":\"2022-07-06T16:33:29+00:00\",\"breadcrumb\":{\"@id\":\"https:\\\/\\\/wp.kristdemokraterna.se\\\/skelleftea\\\/vara-kandidater\\\/#breadcrumb\"},\"inLanguage\":\"sv-SE\",\"potentialAction\":[{\"@type\":\"ReadAction\",\"target\":[\"https:\\\/\\\/wp.kristdemokraterna.se\\\/skelleftea\\\/vara-kandidater\\\/\"]}]},{\"@type\":\"ImageObject\",\"inLanguage\":\"sv-SE\",\"@id\":\"https:\\\/\\\/wp.kristdemokraterna.se\\\/skelleftea\\\/vara-kandidater\\\/#primaryimage\",\"url\":\"http:\\\/\\\/wp.kristdemokraterna.se\\\/skelleftea\\\/files\\\/2022\\\/07\\\/anders-hettinger-300x251.jpg\",\"contentUrl\":\"http:\\\/\\\/wp.kristdemokraterna.se\\\/skelleftea\\\/files\\\/2022\\\/07\\\/anders-hettinger-300x251.jpg\"},{\"@type\":\"BreadcrumbList\",\"@id\":\"https:\\\/\\\/wp.kristdemokraterna.se\\\/skelleftea\\\/vara-kandidater\\\/#breadcrumb\",\"itemListElement\":[{\"@type\":\"ListItem\",\"position\":1,\"name\":\"Hem\",\"item\":\"https:\\\/\\\/wp.kristdemokraterna.se\\\/skelleftea\\\/\"},{\"@type\":\"ListItem\",\"position\":2,\"name\":\"V\u00e5ra kandidater\"}]},{\"@type\":\"WebSite\",\"@id\":\"https:\\\/\\\/wp.kristdemokraterna.se\\\/skelleftea\\\/#website\",\"url\":\"https:\\\/\\\/wp.kristdemokraterna.se\\\/skelleftea\\\/\",\"name\":\"Kristdemokraterna i Skellefte\u00e5\",\"description\":\"Med hj\u00e4rta f\u00f6r Skellefte\u00e5\",\"inLanguage\":\"sv-SE\"}]}<\/script>\n<!-- \/ Yoast SEO plugin. -->","yoast_head_json":{"title":"V\u00e5ra kandidater - Kristdemokraterna i Skellefte\u00e5","robots":{"index":"index","follow":"follow","max-snippet":"max-snippet:-1","max-image-preview":"max-image-preview:large","max-video-preview":"max-video-preview:-1"},"canonical":"https:\/\/wp.kristdemokraterna.se\/skelleftea\/vara-kandidater\/","og_locale":"sv_SE","og_type":"article","og_title":"V\u00e5ra kandidater - Kristdemokraterna i Skellefte\u00e5","og_description":"Jag heter Anders Hettinger och \u00e4r 65+, boende i Skellefte\u00e5. Min familj best\u00e5r av fyra vuxna barn med familjer samt hustru. Jag har varit revisor och konsult men arbetar nu som\u00a0aktiv styrelseordf\u00f6rande i Mellanbygdens Transport AB. Dessutom har jag flera ideella styrelseuppdrag, bl.a. i Styrelseakademien och uppdrag som lekmannarevisor i bl.a. K\u00e5ge b\u00e5tklubb. Mina fritidsintressen Read More","og_url":"https:\/\/wp.kristdemokraterna.se\/skelleftea\/vara-kandidater\/","og_site_name":"Kristdemokraterna i Skellefte\u00e5","og_image":[{"url":"http:\/\/wp.kristdemokraterna.se\/skelleftea\/files\/2022\/07\/anders-hettinger-300x251.jpg","type":"","width":"","height":""}],"twitter_card":"summary_large_image","twitter_misc":{"Ber\u00e4knad l\u00e4stid":"2 minuter"},"schema":{"@context":"https:\/\/schema.org","@graph":[{"@type":"WebPage","@id":"https:\/\/wp.kristdemokraterna.se\/skelleftea\/vara-kandidater\/","url":"https:\/\/wp.kristdemokraterna.se\/skelleftea\/vara-kandidater\/","name":"V\u00e5ra kandidater - Kristdemokraterna i Skellefte\u00e5","isPartOf":{"@id":"https:\/\/wp.kristdemokraterna.se\/skelleftea\/#website"},"primaryImageOfPage":{"@id":"https:\/\/wp.kristdemokraterna.se\/skelleftea\/vara-kandidater\/#primaryimage"},"image":{"@id":"https:\/\/wp.kristdemokraterna.se\/skelleftea\/vara-kandidater\/#primaryimage"},"thumbnailUrl":"http:\/\/wp.kristdemokraterna.se\/skelleftea\/files\/2022\/07\/anders-hettinger-300x251.jpg","datePublished":"2022-07-06T16:33:29+00:00","breadcrumb":{"@id":"https:\/\/wp.kristdemokraterna.se\/skelleftea\/vara-kandidater\/#breadcrumb"},"inLanguage":"sv-SE","potentialAction":[{"@type":"ReadAction","target":["https:\/\/wp.kristdemokraterna.se\/skelleftea\/vara-kandidater\/"]}]},{"@type":"ImageObject","inLanguage":"sv-SE","@id":"https:\/\/wp.kristdemokraterna.se\/skelleftea\/vara-kandidater\/#primaryimage","url":"http:\/\/wp.kristdemokraterna.se\/skelleftea\/files\/2022\/07\/anders-hettinger-300x251.jpg","contentUrl":"http:\/\/wp.kristdemokraterna.se\/skelleftea\/files\/2022\/07\/anders-hettinger-300x251.jpg"},{"@type":"BreadcrumbList","@id":"https:\/\/wp.kristdemokraterna.se\/skelleftea\/vara-kandidater\/#breadcrumb","itemListElement":[{"@type":"ListItem","position":1,"name":"Hem","item":"https:\/\/wp.kristdemokraterna.se\/skelleftea\/"},{"@type":"ListItem","position":2,"name":"V\u00e5ra kandidater"}]},{"@type":"WebSite","@id":"https:\/\/wp.kristdemokraterna.se\/skelleftea\/#website","url":"https:\/\/wp.kristdemokraterna.se\/skelleftea\/","name":"Kristdemokraterna i Skellefte\u00e5","description":"Med hj\u00e4rta f\u00f6r Skellefte\u00e5","inLanguage":"sv-SE"}]}},"_links":{"self":[{"href":"https:\/\/wp.kristdemokraterna.se\/skelleftea\/wp-json\/wp\/v2\/pages\/1044","targetHints":{"allow":["GET"]}}],"collection":[{"href":"https:\/\/wp.kristdemokraterna.se\/skelleftea\/wp-json\/wp\/v2\/pages"}],"about":[{"href":"https:\/\/wp.kristdemokraterna.se\/skelleftea\/wp-json\/wp\/v2\/types\/page"}],"author":[{"embeddable":true,"href":"https:\/\/wp.kristdemokraterna.se\/skelleftea\/wp-json\/wp\/v2\/users\/979"}],"replies":[{"embeddable":true,"href":"https:\/\/wp.kristdemokraterna.se\/skelleftea\/wp-json\/wp\/v2\/comments?post=1044"}],"version-history":[{"count":3,"href":"https:\/\/wp.kristdemokraterna.se\/skelleftea\/wp-json\/wp\/v2\/pages\/1044\/revisions"}],"predecessor-version":[{"id":1049,"href":"https:\/\/wp.kristdemokraterna.se\/skelleftea\/wp-json\/wp\/v2\/pages\/1044\/revisions\/1049"}],"wp:attachment":[{"href":"https:\/\/wp.kristdemokraterna.se\/skelleftea\/wp-json\/wp\/v2\/media?parent=1044"}],"curies":[{"name":"wp","href":"https:\/\/api.w.org\/{rel}","templated":true}]}}