{"id":1062,"date":"2022-07-06T20:10:40","date_gmt":"2022-07-06T18:10:40","guid":{"rendered":"https:\/\/wp.kristdemokraterna.se\/skelleftea\/?page_id=1062"},"modified":"2022-09-12T16:07:46","modified_gmt":"2022-09-12T14:07:46","slug":"region-vasterbotten","status":"publish","type":"page","link":"https:\/\/wp.kristdemokraterna.se\/skelleftea\/vara-kandidater\/region-vasterbotten\/","title":{"rendered":"Region V\u00e4sterbotten"},"content":{"rendered":"<p><img loading=\"lazy\" decoding=\"async\" class=\"alignnone  wp-image-1045\" src=\"http:\/\/wp.kristdemokraterna.se\/skelleftea\/files\/2022\/07\/anders-hettinger-300x251.jpg\" alt=\"KD Skellefte\u00e5\" width=\"357\" height=\"299\" srcset=\"https:\/\/wp.kristdemokraterna.se\/skelleftea\/files\/2022\/07\/anders-hettinger-300x251.jpg 300w, https:\/\/wp.kristdemokraterna.se\/skelleftea\/files\/2022\/07\/anders-hettinger-540x453.jpg 540w, https:\/\/wp.kristdemokraterna.se\/skelleftea\/files\/2022\/07\/anders-hettinger-768x644.jpg 768w, https:\/\/wp.kristdemokraterna.se\/skelleftea\/files\/2022\/07\/anders-hettinger-239x200.jpg 239w, https:\/\/wp.kristdemokraterna.se\/skelleftea\/files\/2022\/07\/anders-hettinger-500x420.jpg 500w, https:\/\/wp.kristdemokraterna.se\/skelleftea\/files\/2022\/07\/anders-hettinger-370x310.jpg 370w, https:\/\/wp.kristdemokraterna.se\/skelleftea\/files\/2022\/07\/anders-hettinger-770x645.jpg 770w, https:\/\/wp.kristdemokraterna.se\/skelleftea\/files\/2022\/07\/anders-hettinger-450x377.jpg 450w, https:\/\/wp.kristdemokraterna.se\/skelleftea\/files\/2022\/07\/anders-hettinger-280x235.jpg 280w, https:\/\/wp.kristdemokraterna.se\/skelleftea\/files\/2022\/07\/anders-hettinger-340x285.jpg 340w, https:\/\/wp.kristdemokraterna.se\/skelleftea\/files\/2022\/07\/anders-hettinger-200x168.jpg 200w, https:\/\/wp.kristdemokraterna.se\/skelleftea\/files\/2022\/07\/anders-hettinger-67x56.jpg 67w, https:\/\/wp.kristdemokraterna.se\/skelleftea\/files\/2022\/07\/anders-hettinger.jpg 1410w\" sizes=\"auto, (max-width: 357px) 100vw, 357px\" \/>\u00a0 \u00a0 \u00a0 \u00a0 \u00a0 \u00a0 \u00a0 \u00a0 \u00a0<img loading=\"lazy\" decoding=\"async\" class=\"alignnone size-medium wp-image-1140\" src=\"http:\/\/wp.kristdemokraterna.se\/skelleftea\/files\/2022\/09\/maria-300x300.jpg\" alt=\"KD Skellefte\u00e5\" width=\"300\" height=\"300\" srcset=\"https:\/\/wp.kristdemokraterna.se\/skelleftea\/files\/2022\/09\/maria-300x300.jpg 300w, https:\/\/wp.kristdemokraterna.se\/skelleftea\/files\/2022\/09\/maria-540x540.jpg 540w, https:\/\/wp.kristdemokraterna.se\/skelleftea\/files\/2022\/09\/maria-150x150.jpg 150w, https:\/\/wp.kristdemokraterna.se\/skelleftea\/files\/2022\/09\/maria-200x200.jpg 200w, https:\/\/wp.kristdemokraterna.se\/skelleftea\/files\/2022\/09\/maria-370x370.jpg 370w, https:\/\/wp.kristdemokraterna.se\/skelleftea\/files\/2022\/09\/maria-90x90.jpg 90w, https:\/\/wp.kristdemokraterna.se\/skelleftea\/files\/2022\/09\/maria-450x450.jpg 450w, https:\/\/wp.kristdemokraterna.se\/skelleftea\/files\/2022\/09\/maria-280x280.jpg 280w, https:\/\/wp.kristdemokraterna.se\/skelleftea\/files\/2022\/09\/maria-340x340.jpg 340w, https:\/\/wp.kristdemokraterna.se\/skelleftea\/files\/2022\/09\/maria-56x56.jpg 56w, https:\/\/wp.kristdemokraterna.se\/skelleftea\/files\/2022\/09\/maria.jpg 720w\" sizes=\"auto, (max-width: 300px) 100vw, 300px\" \/><\/p>\n<p>&nbsp;<\/p>\n","protected":false},"excerpt":{"rendered":"<p>\u00a0 \u00a0 \u00a0 \u00a0 \u00a0 \u00a0 \u00a0 \u00a0 \u00a0 &nbsp;<\/p>\n","protected":false},"author":979,"featured_media":0,"parent":1044,"menu_order":0,"comment_status":"closed","ping_status":"closed","template":"","meta":{"_acf_changed":false,"footnotes":""},"class_list":["post-1062","page","type-page","status-publish","hentry"],"acf":[],"yoast_head":"<!-- This site is optimized with the Yoast SEO plugin v27.4 - https:\/\/yoast.com\/product\/yoast-seo-wordpress\/ -->\n<title>Region V\u00e4sterbotten - Kristdemokraterna i Skellefte\u00e5<\/title>\n<meta name=\"robots\" content=\"index, follow, max-snippet:-1, max-image-preview:large, max-video-preview:-1\" \/>\n<link rel=\"canonical\" href=\"https:\/\/wp.kristdemokraterna.se\/skelleftea\/vara-kandidater\/region-vasterbotten\/\" \/>\n<meta property=\"og:locale\" content=\"sv_SE\" \/>\n<meta property=\"og:type\" content=\"article\" \/>\n<meta property=\"og:title\" content=\"Region V\u00e4sterbotten - Kristdemokraterna i Skellefte\u00e5\" \/>\n<meta property=\"og:description\" content=\"\u00a0 \u00a0 \u00a0 \u00a0 \u00a0 \u00a0 \u00a0 \u00a0 \u00a0 &nbsp;\" \/>\n<meta property=\"og:url\" content=\"https:\/\/wp.kristdemokraterna.se\/skelleftea\/vara-kandidater\/region-vasterbotten\/\" \/>\n<meta property=\"og:site_name\" content=\"Kristdemokraterna i Skellefte\u00e5\" \/>\n<meta property=\"article:modified_time\" content=\"2022-09-12T14:07:46+00:00\" \/>\n<meta property=\"og:image\" content=\"http:\/\/wp.kristdemokraterna.se\/skelleftea\/files\/2022\/07\/anders-hettinger-300x251.jpg\" \/>\n<meta name=\"twitter:card\" content=\"summary_large_image\" \/>\n<meta name=\"twitter:label1\" content=\"Ber\u00e4knad l\u00e4stid\" \/>\n\t<meta name=\"twitter:data1\" content=\"1 minut\" \/>\n<script type=\"application\/ld+json\" class=\"yoast-schema-graph\">{\"@context\":\"https:\\\/\\\/schema.org\",\"@graph\":[{\"@type\":\"WebPage\",\"@id\":\"https:\\\/\\\/wp.kristdemokraterna.se\\\/skelleftea\\\/vara-kandidater\\\/region-vasterbotten\\\/\",\"url\":\"https:\\\/\\\/wp.kristdemokraterna.se\\\/skelleftea\\\/vara-kandidater\\\/region-vasterbotten\\\/\",\"name\":\"Region V\u00e4sterbotten - Kristdemokraterna i Skellefte\u00e5\",\"isPartOf\":{\"@id\":\"https:\\\/\\\/wp.kristdemokraterna.se\\\/skelleftea\\\/#website\"},\"primaryImageOfPage\":{\"@id\":\"https:\\\/\\\/wp.kristdemokraterna.se\\\/skelleftea\\\/vara-kandidater\\\/region-vasterbotten\\\/#primaryimage\"},\"image\":{\"@id\":\"https:\\\/\\\/wp.kristdemokraterna.se\\\/skelleftea\\\/vara-kandidater\\\/region-vasterbotten\\\/#primaryimage\"},\"thumbnailUrl\":\"http:\\\/\\\/wp.kristdemokraterna.se\\\/skelleftea\\\/files\\\/2022\\\/07\\\/anders-hettinger-300x251.jpg\",\"datePublished\":\"2022-07-06T18:10:40+00:00\",\"dateModified\":\"2022-09-12T14:07:46+00:00\",\"breadcrumb\":{\"@id\":\"https:\\\/\\\/wp.kristdemokraterna.se\\\/skelleftea\\\/vara-kandidater\\\/region-vasterbotten\\\/#breadcrumb\"},\"inLanguage\":\"sv-SE\",\"potentialAction\":[{\"@type\":\"ReadAction\",\"target\":[\"https:\\\/\\\/wp.kristdemokraterna.se\\\/skelleftea\\\/vara-kandidater\\\/region-vasterbotten\\\/\"]}]},{\"@type\":\"ImageObject\",\"inLanguage\":\"sv-SE\",\"@id\":\"https:\\\/\\\/wp.kristdemokraterna.se\\\/skelleftea\\\/vara-kandidater\\\/region-vasterbotten\\\/#primaryimage\",\"url\":\"http:\\\/\\\/wp.kristdemokraterna.se\\\/skelleftea\\\/files\\\/2022\\\/07\\\/anders-hettinger-300x251.jpg\",\"contentUrl\":\"http:\\\/\\\/wp.kristdemokraterna.se\\\/skelleftea\\\/files\\\/2022\\\/07\\\/anders-hettinger-300x251.jpg\"},{\"@type\":\"BreadcrumbList\",\"@id\":\"https:\\\/\\\/wp.kristdemokraterna.se\\\/skelleftea\\\/vara-kandidater\\\/region-vasterbotten\\\/#breadcrumb\",\"itemListElement\":[{\"@type\":\"ListItem\",\"position\":1,\"name\":\"Hem\",\"item\":\"https:\\\/\\\/wp.kristdemokraterna.se\\\/skelleftea\\\/\"},{\"@type\":\"ListItem\",\"position\":2,\"name\":\"V\u00e5ra kandidater\",\"item\":\"https:\\\/\\\/wp.kristdemokraterna.se\\\/skelleftea\\\/vara-kandidater\\\/\"},{\"@type\":\"ListItem\",\"position\":3,\"name\":\"Region V\u00e4sterbotten\"}]},{\"@type\":\"WebSite\",\"@id\":\"https:\\\/\\\/wp.kristdemokraterna.se\\\/skelleftea\\\/#website\",\"url\":\"https:\\\/\\\/wp.kristdemokraterna.se\\\/skelleftea\\\/\",\"name\":\"Kristdemokraterna i Skellefte\u00e5\",\"description\":\"Med hj\u00e4rta f\u00f6r Skellefte\u00e5\",\"inLanguage\":\"sv-SE\"}]}<\/script>\n<!-- \/ Yoast SEO plugin. -->","yoast_head_json":{"title":"Region V\u00e4sterbotten - Kristdemokraterna i Skellefte\u00e5","robots":{"index":"index","follow":"follow","max-snippet":"max-snippet:-1","max-image-preview":"max-image-preview:large","max-video-preview":"max-video-preview:-1"},"canonical":"https:\/\/wp.kristdemokraterna.se\/skelleftea\/vara-kandidater\/region-vasterbotten\/","og_locale":"sv_SE","og_type":"article","og_title":"Region V\u00e4sterbotten - Kristdemokraterna i Skellefte\u00e5","og_description":"\u00a0 \u00a0 \u00a0 \u00a0 \u00a0 \u00a0 \u00a0 \u00a0 \u00a0 &nbsp;","og_url":"https:\/\/wp.kristdemokraterna.se\/skelleftea\/vara-kandidater\/region-vasterbotten\/","og_site_name":"Kristdemokraterna i Skellefte\u00e5","article_modified_time":"2022-09-12T14:07:46+00:00","og_image":[{"url":"http:\/\/wp.kristdemokraterna.se\/skelleftea\/files\/2022\/07\/anders-hettinger-300x251.jpg","type":"","width":"","height":""}],"twitter_card":"summary_large_image","twitter_misc":{"Ber\u00e4knad l\u00e4stid":"1 minut"},"schema":{"@context":"https:\/\/schema.org","@graph":[{"@type":"WebPage","@id":"https:\/\/wp.kristdemokraterna.se\/skelleftea\/vara-kandidater\/region-vasterbotten\/","url":"https:\/\/wp.kristdemokraterna.se\/skelleftea\/vara-kandidater\/region-vasterbotten\/","name":"Region V\u00e4sterbotten - Kristdemokraterna i Skellefte\u00e5","isPartOf":{"@id":"https:\/\/wp.kristdemokraterna.se\/skelleftea\/#website"},"primaryImageOfPage":{"@id":"https:\/\/wp.kristdemokraterna.se\/skelleftea\/vara-kandidater\/region-vasterbotten\/#primaryimage"},"image":{"@id":"https:\/\/wp.kristdemokraterna.se\/skelleftea\/vara-kandidater\/region-vasterbotten\/#primaryimage"},"thumbnailUrl":"http:\/\/wp.kristdemokraterna.se\/skelleftea\/files\/2022\/07\/anders-hettinger-300x251.jpg","datePublished":"2022-07-06T18:10:40+00:00","dateModified":"2022-09-12T14:07:46+00:00","breadcrumb":{"@id":"https:\/\/wp.kristdemokraterna.se\/skelleftea\/vara-kandidater\/region-vasterbotten\/#breadcrumb"},"inLanguage":"sv-SE","potentialAction":[{"@type":"ReadAction","target":["https:\/\/wp.kristdemokraterna.se\/skelleftea\/vara-kandidater\/region-vasterbotten\/"]}]},{"@type":"ImageObject","inLanguage":"sv-SE","@id":"https:\/\/wp.kristdemokraterna.se\/skelleftea\/vara-kandidater\/region-vasterbotten\/#primaryimage","url":"http:\/\/wp.kristdemokraterna.se\/skelleftea\/files\/2022\/07\/anders-hettinger-300x251.jpg","contentUrl":"http:\/\/wp.kristdemokraterna.se\/skelleftea\/files\/2022\/07\/anders-hettinger-300x251.jpg"},{"@type":"BreadcrumbList","@id":"https:\/\/wp.kristdemokraterna.se\/skelleftea\/vara-kandidater\/region-vasterbotten\/#breadcrumb","itemListElement":[{"@type":"ListItem","position":1,"name":"Hem","item":"https:\/\/wp.kristdemokraterna.se\/skelleftea\/"},{"@type":"ListItem","position":2,"name":"V\u00e5ra kandidater","item":"https:\/\/wp.kristdemokraterna.se\/skelleftea\/vara-kandidater\/"},{"@type":"ListItem","position":3,"name":"Region V\u00e4sterbotten"}]},{"@type":"WebSite","@id":"https:\/\/wp.kristdemokraterna.se\/skelleftea\/#website","url":"https:\/\/wp.kristdemokraterna.se\/skelleftea\/","name":"Kristdemokraterna i Skellefte\u00e5","description":"Med hj\u00e4rta f\u00f6r Skellefte\u00e5","inLanguage":"sv-SE"}]}},"_links":{"self":[{"href":"https:\/\/wp.kristdemokraterna.se\/skelleftea\/wp-json\/wp\/v2\/pages\/1062","targetHints":{"allow":["GET"]}}],"collection":[{"href":"https:\/\/wp.kristdemokraterna.se\/skelleftea\/wp-json\/wp\/v2\/pages"}],"about":[{"href":"https:\/\/wp.kristdemokraterna.se\/skelleftea\/wp-json\/wp\/v2\/types\/page"}],"author":[{"embeddable":true,"href":"https:\/\/wp.kristdemokraterna.se\/skelleftea\/wp-json\/wp\/v2\/users\/979"}],"replies":[{"embeddable":true,"href":"https:\/\/wp.kristdemokraterna.se\/skelleftea\/wp-json\/wp\/v2\/comments?post=1062"}],"version-history":[{"count":4,"href":"https:\/\/wp.kristdemokraterna.se\/skelleftea\/wp-json\/wp\/v2\/pages\/1062\/revisions"}],"predecessor-version":[{"id":1145,"href":"https:\/\/wp.kristdemokraterna.se\/skelleftea\/wp-json\/wp\/v2\/pages\/1062\/revisions\/1145"}],"up":[{"embeddable":true,"href":"https:\/\/wp.kristdemokraterna.se\/skelleftea\/wp-json\/wp\/v2\/pages\/1044"}],"wp:attachment":[{"href":"https:\/\/wp.kristdemokraterna.se\/skelleftea\/wp-json\/wp\/v2\/media?parent=1062"}],"curies":[{"name":"wp","href":"https:\/\/api.w.org\/{rel}","templated":true}]}}