{"id":1066,"date":"2022-07-06T20:12:43","date_gmt":"2022-07-06T18:12:43","guid":{"rendered":"https:\/\/wp.kristdemokraterna.se\/skelleftea\/?page_id=1066"},"modified":"2022-07-06T22:57:44","modified_gmt":"2022-07-06T20:57:44","slug":"skelleftea-kommun","status":"publish","type":"page","link":"https:\/\/wp.kristdemokraterna.se\/skelleftea\/vara-kandidater\/skelleftea-kommun\/","title":{"rendered":"Skellefte\u00e5 Kommun"},"content":{"rendered":"<h2 style=\"text-align: left\">V\u00e5ra toppkandidater!<\/h2>\n<p style=\"text-align: left\">En bredare beskrivning av var och en kommer snart&#8230;<\/p>\n<p>&nbsp;<\/p>\n<p style=\"text-align: left\" data-wp-editing=\"1\"><img loading=\"lazy\" decoding=\"async\" class=\"alignnone size-medium wp-image-1022\" src=\"http:\/\/wp.kristdemokraterna.se\/skelleftea\/files\/2022\/07\/vasterbotten_skelleftea_1glad_20-01-213x300.png\" alt=\"Kommunledning\" width=\"213\" height=\"300\" srcset=\"https:\/\/wp.kristdemokraterna.se\/skelleftea\/files\/2022\/07\/vasterbotten_skelleftea_1glad_20-01-213x300.png 213w, https:\/\/wp.kristdemokraterna.se\/skelleftea\/files\/2022\/07\/vasterbotten_skelleftea_1glad_20-01-384x540.png 384w, https:\/\/wp.kristdemokraterna.se\/skelleftea\/files\/2022\/07\/vasterbotten_skelleftea_1glad_20-01-768x1081.png 768w, https:\/\/wp.kristdemokraterna.se\/skelleftea\/files\/2022\/07\/vasterbotten_skelleftea_1glad_20-01-1091x1536.png 1091w, https:\/\/wp.kristdemokraterna.se\/skelleftea\/files\/2022\/07\/vasterbotten_skelleftea_1glad_20-01-1455x2048.png 1455w, https:\/\/wp.kristdemokraterna.se\/skelleftea\/files\/2022\/07\/vasterbotten_skelleftea_1glad_20-01-142x200.png 142w, https:\/\/wp.kristdemokraterna.se\/skelleftea\/files\/2022\/07\/vasterbotten_skelleftea_1glad_20-01-370x521.png 370w, https:\/\/wp.kristdemokraterna.se\/skelleftea\/files\/2022\/07\/vasterbotten_skelleftea_1glad_20-01-770x1084.png 770w, https:\/\/wp.kristdemokraterna.se\/skelleftea\/files\/2022\/07\/vasterbotten_skelleftea_1glad_20-01-450x633.png 450w, https:\/\/wp.kristdemokraterna.se\/skelleftea\/files\/2022\/07\/vasterbotten_skelleftea_1glad_20-01-280x394.png 280w, https:\/\/wp.kristdemokraterna.se\/skelleftea\/files\/2022\/07\/vasterbotten_skelleftea_1glad_20-01-340x479.png 340w, https:\/\/wp.kristdemokraterna.se\/skelleftea\/files\/2022\/07\/vasterbotten_skelleftea_1glad_20-01-40x56.png 40w, https:\/\/wp.kristdemokraterna.se\/skelleftea\/files\/2022\/07\/vasterbotten_skelleftea_1glad_20-01.png 2014w\" sizes=\"auto, (max-width: 213px) 100vw, 213px\" \/>\u00a0 \u00a0 \u00a0 \u00a0 \u00a0 \u00a0 \u00a0 \u00a0 \u00a0 \u00a0\u00a0<img loading=\"lazy\" decoding=\"async\" class=\"alignnone size-medium wp-image-1023\" src=\"http:\/\/wp.kristdemokraterna.se\/skelleftea\/files\/2022\/07\/vasterbotten_skelleftea_2_20-01-213x300.png\" alt=\"\u00c4ldreomsorg\" width=\"213\" height=\"300\" srcset=\"https:\/\/wp.kristdemokraterna.se\/skelleftea\/files\/2022\/07\/vasterbotten_skelleftea_2_20-01-213x300.png 213w, https:\/\/wp.kristdemokraterna.se\/skelleftea\/files\/2022\/07\/vasterbotten_skelleftea_2_20-01-384x540.png 384w, https:\/\/wp.kristdemokraterna.se\/skelleftea\/files\/2022\/07\/vasterbotten_skelleftea_2_20-01-768x1081.png 768w, https:\/\/wp.kristdemokraterna.se\/skelleftea\/files\/2022\/07\/vasterbotten_skelleftea_2_20-01-1091x1536.png 1091w, https:\/\/wp.kristdemokraterna.se\/skelleftea\/files\/2022\/07\/vasterbotten_skelleftea_2_20-01-1455x2048.png 1455w, https:\/\/wp.kristdemokraterna.se\/skelleftea\/files\/2022\/07\/vasterbotten_skelleftea_2_20-01-142x200.png 142w, https:\/\/wp.kristdemokraterna.se\/skelleftea\/files\/2022\/07\/vasterbotten_skelleftea_2_20-01-370x521.png 370w, https:\/\/wp.kristdemokraterna.se\/skelleftea\/files\/2022\/07\/vasterbotten_skelleftea_2_20-01-770x1084.png 770w, https:\/\/wp.kristdemokraterna.se\/skelleftea\/files\/2022\/07\/vasterbotten_skelleftea_2_20-01-450x633.png 450w, https:\/\/wp.kristdemokraterna.se\/skelleftea\/files\/2022\/07\/vasterbotten_skelleftea_2_20-01-280x394.png 280w, https:\/\/wp.kristdemokraterna.se\/skelleftea\/files\/2022\/07\/vasterbotten_skelleftea_2_20-01-340x479.png 340w, https:\/\/wp.kristdemokraterna.se\/skelleftea\/files\/2022\/07\/vasterbotten_skelleftea_2_20-01-40x56.png 40w, https:\/\/wp.kristdemokraterna.se\/skelleftea\/files\/2022\/07\/vasterbotten_skelleftea_2_20-01.png 2000w\" sizes=\"auto, (max-width: 213px) 100vw, 213px\" \/><\/p>\n<p data-wp-editing=\"1\">\n<p style=\"text-align: left\" data-wp-editing=\"1\"><img loading=\"lazy\" decoding=\"async\" class=\"alignnone size-medium wp-image-1024\" src=\"http:\/\/wp.kristdemokraterna.se\/skelleftea\/files\/2022\/07\/vasterbotten_skelleftea_3_20-01-213x300.png\" alt=\"K\u00e4rnverksamhet\" width=\"213\" height=\"300\" srcset=\"https:\/\/wp.kristdemokraterna.se\/skelleftea\/files\/2022\/07\/vasterbotten_skelleftea_3_20-01-213x300.png 213w, https:\/\/wp.kristdemokraterna.se\/skelleftea\/files\/2022\/07\/vasterbotten_skelleftea_3_20-01-384x540.png 384w, https:\/\/wp.kristdemokraterna.se\/skelleftea\/files\/2022\/07\/vasterbotten_skelleftea_3_20-01-768x1081.png 768w, https:\/\/wp.kristdemokraterna.se\/skelleftea\/files\/2022\/07\/vasterbotten_skelleftea_3_20-01-1092x1536.png 1092w, https:\/\/wp.kristdemokraterna.se\/skelleftea\/files\/2022\/07\/vasterbotten_skelleftea_3_20-01-1456x2048.png 1456w, https:\/\/wp.kristdemokraterna.se\/skelleftea\/files\/2022\/07\/vasterbotten_skelleftea_3_20-01-142x200.png 142w, https:\/\/wp.kristdemokraterna.se\/skelleftea\/files\/2022\/07\/vasterbotten_skelleftea_3_20-01-370x521.png 370w, https:\/\/wp.kristdemokraterna.se\/skelleftea\/files\/2022\/07\/vasterbotten_skelleftea_3_20-01-770x1083.png 770w, https:\/\/wp.kristdemokraterna.se\/skelleftea\/files\/2022\/07\/vasterbotten_skelleftea_3_20-01-450x633.png 450w, https:\/\/wp.kristdemokraterna.se\/skelleftea\/files\/2022\/07\/vasterbotten_skelleftea_3_20-01-280x394.png 280w, https:\/\/wp.kristdemokraterna.se\/skelleftea\/files\/2022\/07\/vasterbotten_skelleftea_3_20-01-340x478.png 340w, https:\/\/wp.kristdemokraterna.se\/skelleftea\/files\/2022\/07\/vasterbotten_skelleftea_3_20-01-40x56.png 40w, https:\/\/wp.kristdemokraterna.se\/skelleftea\/files\/2022\/07\/vasterbotten_skelleftea_3_20-01.png 1995w\" sizes=\"auto, (max-width: 213px) 100vw, 213px\" \/>\u00a0 \u00a0 \u00a0 \u00a0 \u00a0 \u00a0 \u00a0 \u00a0 \u00a0 \u00a0\u00a0<img loading=\"lazy\" decoding=\"async\" class=\"alignnone size-medium wp-image-1025\" src=\"http:\/\/wp.kristdemokraterna.se\/skelleftea\/files\/2022\/07\/vasterbotten_skelleftea_4_20-01-213x300.png\" alt=\"Barnomsorg\" width=\"213\" height=\"300\" srcset=\"https:\/\/wp.kristdemokraterna.se\/skelleftea\/files\/2022\/07\/vasterbotten_skelleftea_4_20-01-213x300.png 213w, https:\/\/wp.kristdemokraterna.se\/skelleftea\/files\/2022\/07\/vasterbotten_skelleftea_4_20-01-384x540.png 384w, https:\/\/wp.kristdemokraterna.se\/skelleftea\/files\/2022\/07\/vasterbotten_skelleftea_4_20-01-768x1081.png 768w, https:\/\/wp.kristdemokraterna.se\/skelleftea\/files\/2022\/07\/vasterbotten_skelleftea_4_20-01-1092x1536.png 1092w, https:\/\/wp.kristdemokraterna.se\/skelleftea\/files\/2022\/07\/vasterbotten_skelleftea_4_20-01-1455x2048.png 1455w, https:\/\/wp.kristdemokraterna.se\/skelleftea\/files\/2022\/07\/vasterbotten_skelleftea_4_20-01-142x200.png 142w, https:\/\/wp.kristdemokraterna.se\/skelleftea\/files\/2022\/07\/vasterbotten_skelleftea_4_20-01-370x521.png 370w, https:\/\/wp.kristdemokraterna.se\/skelleftea\/files\/2022\/07\/vasterbotten_skelleftea_4_20-01-770x1083.png 770w, https:\/\/wp.kristdemokraterna.se\/skelleftea\/files\/2022\/07\/vasterbotten_skelleftea_4_20-01-450x633.png 450w, https:\/\/wp.kristdemokraterna.se\/skelleftea\/files\/2022\/07\/vasterbotten_skelleftea_4_20-01-280x394.png 280w, https:\/\/wp.kristdemokraterna.se\/skelleftea\/files\/2022\/07\/vasterbotten_skelleftea_4_20-01-340x478.png 340w, https:\/\/wp.kristdemokraterna.se\/skelleftea\/files\/2022\/07\/vasterbotten_skelleftea_4_20-01-40x56.png 40w, https:\/\/wp.kristdemokraterna.se\/skelleftea\/files\/2022\/07\/vasterbotten_skelleftea_4_20-01.png 1992w\" sizes=\"auto, (max-width: 213px) 100vw, 213px\" \/><\/p>\n<p>&nbsp;<\/p>\n<p>&nbsp;<\/p>\n<p>&nbsp;<\/p>\n","protected":false},"excerpt":{"rendered":"<p>V\u00e5ra toppkandidater! En bredare beskrivning av var och en kommer snart&#8230; &nbsp; \u00a0 \u00a0 \u00a0 \u00a0 \u00a0 \u00a0 \u00a0 \u00a0 \u00a0 \u00a0\u00a0 \u00a0 \u00a0 \u00a0 \u00a0 \u00a0 \u00a0 \u00a0 \u00a0 \u00a0 \u00a0\u00a0 &nbsp; &nbsp; &nbsp;<\/p>\n","protected":false},"author":979,"featured_media":0,"parent":1044,"menu_order":0,"comment_status":"closed","ping_status":"closed","template":"","meta":{"_acf_changed":false,"footnotes":""},"class_list":["post-1066","page","type-page","status-publish","hentry"],"acf":[],"yoast_head":"<!-- This site is optimized with the Yoast SEO plugin v27.3 - https:\/\/yoast.com\/product\/yoast-seo-wordpress\/ -->\n<title>Skellefte\u00e5 Kommun - Kristdemokraterna i Skellefte\u00e5<\/title>\n<meta name=\"robots\" content=\"index, follow, max-snippet:-1, max-image-preview:large, max-video-preview:-1\" \/>\n<link rel=\"canonical\" href=\"https:\/\/wp.kristdemokraterna.se\/skelleftea\/vara-kandidater\/skelleftea-kommun\/\" \/>\n<meta property=\"og:locale\" content=\"sv_SE\" \/>\n<meta property=\"og:type\" content=\"article\" \/>\n<meta property=\"og:title\" content=\"Skellefte\u00e5 Kommun - Kristdemokraterna i Skellefte\u00e5\" \/>\n<meta property=\"og:description\" content=\"V\u00e5ra toppkandidater! En bredare beskrivning av var och en kommer snart&#8230; &nbsp; \u00a0 \u00a0 \u00a0 \u00a0 \u00a0 \u00a0 \u00a0 \u00a0 \u00a0 \u00a0\u00a0 \u00a0 \u00a0 \u00a0 \u00a0 \u00a0 \u00a0 \u00a0 \u00a0 \u00a0 \u00a0\u00a0 &nbsp; &nbsp; &nbsp;\" \/>\n<meta property=\"og:url\" content=\"https:\/\/wp.kristdemokraterna.se\/skelleftea\/vara-kandidater\/skelleftea-kommun\/\" \/>\n<meta property=\"og:site_name\" content=\"Kristdemokraterna i Skellefte\u00e5\" \/>\n<meta property=\"article:modified_time\" content=\"2022-07-06T20:57:44+00:00\" \/>\n<meta property=\"og:image\" content=\"http:\/\/wp.kristdemokraterna.se\/skelleftea\/files\/2022\/07\/vasterbotten_skelleftea_1glad_20-01-213x300.png\" \/>\n<meta name=\"twitter:card\" content=\"summary_large_image\" \/>\n<meta name=\"twitter:label1\" content=\"Ber\u00e4knad l\u00e4stid\" \/>\n\t<meta name=\"twitter:data1\" content=\"1 minut\" \/>\n<script type=\"application\/ld+json\" class=\"yoast-schema-graph\">{\"@context\":\"https:\\\/\\\/schema.org\",\"@graph\":[{\"@type\":\"WebPage\",\"@id\":\"https:\\\/\\\/wp.kristdemokraterna.se\\\/skelleftea\\\/vara-kandidater\\\/skelleftea-kommun\\\/\",\"url\":\"https:\\\/\\\/wp.kristdemokraterna.se\\\/skelleftea\\\/vara-kandidater\\\/skelleftea-kommun\\\/\",\"name\":\"Skellefte\u00e5 Kommun - Kristdemokraterna i Skellefte\u00e5\",\"isPartOf\":{\"@id\":\"https:\\\/\\\/wp.kristdemokraterna.se\\\/skelleftea\\\/#website\"},\"primaryImageOfPage\":{\"@id\":\"https:\\\/\\\/wp.kristdemokraterna.se\\\/skelleftea\\\/vara-kandidater\\\/skelleftea-kommun\\\/#primaryimage\"},\"image\":{\"@id\":\"https:\\\/\\\/wp.kristdemokraterna.se\\\/skelleftea\\\/vara-kandidater\\\/skelleftea-kommun\\\/#primaryimage\"},\"thumbnailUrl\":\"http:\\\/\\\/wp.kristdemokraterna.se\\\/skelleftea\\\/files\\\/2022\\\/07\\\/vasterbotten_skelleftea_1glad_20-01-213x300.png\",\"datePublished\":\"2022-07-06T18:12:43+00:00\",\"dateModified\":\"2022-07-06T20:57:44+00:00\",\"breadcrumb\":{\"@id\":\"https:\\\/\\\/wp.kristdemokraterna.se\\\/skelleftea\\\/vara-kandidater\\\/skelleftea-kommun\\\/#breadcrumb\"},\"inLanguage\":\"sv-SE\",\"potentialAction\":[{\"@type\":\"ReadAction\",\"target\":[\"https:\\\/\\\/wp.kristdemokraterna.se\\\/skelleftea\\\/vara-kandidater\\\/skelleftea-kommun\\\/\"]}]},{\"@type\":\"ImageObject\",\"inLanguage\":\"sv-SE\",\"@id\":\"https:\\\/\\\/wp.kristdemokraterna.se\\\/skelleftea\\\/vara-kandidater\\\/skelleftea-kommun\\\/#primaryimage\",\"url\":\"http:\\\/\\\/wp.kristdemokraterna.se\\\/skelleftea\\\/files\\\/2022\\\/07\\\/vasterbotten_skelleftea_1glad_20-01-213x300.png\",\"contentUrl\":\"http:\\\/\\\/wp.kristdemokraterna.se\\\/skelleftea\\\/files\\\/2022\\\/07\\\/vasterbotten_skelleftea_1glad_20-01-213x300.png\"},{\"@type\":\"BreadcrumbList\",\"@id\":\"https:\\\/\\\/wp.kristdemokraterna.se\\\/skelleftea\\\/vara-kandidater\\\/skelleftea-kommun\\\/#breadcrumb\",\"itemListElement\":[{\"@type\":\"ListItem\",\"position\":1,\"name\":\"Hem\",\"item\":\"https:\\\/\\\/wp.kristdemokraterna.se\\\/skelleftea\\\/\"},{\"@type\":\"ListItem\",\"position\":2,\"name\":\"V\u00e5ra kandidater\",\"item\":\"https:\\\/\\\/wp.kristdemokraterna.se\\\/skelleftea\\\/vara-kandidater\\\/\"},{\"@type\":\"ListItem\",\"position\":3,\"name\":\"Skellefte\u00e5 Kommun\"}]},{\"@type\":\"WebSite\",\"@id\":\"https:\\\/\\\/wp.kristdemokraterna.se\\\/skelleftea\\\/#website\",\"url\":\"https:\\\/\\\/wp.kristdemokraterna.se\\\/skelleftea\\\/\",\"name\":\"Kristdemokraterna i Skellefte\u00e5\",\"description\":\"Med hj\u00e4rta f\u00f6r Skellefte\u00e5\",\"inLanguage\":\"sv-SE\"}]}<\/script>\n<!-- \/ Yoast SEO plugin. -->","yoast_head_json":{"title":"Skellefte\u00e5 Kommun - Kristdemokraterna i Skellefte\u00e5","robots":{"index":"index","follow":"follow","max-snippet":"max-snippet:-1","max-image-preview":"max-image-preview:large","max-video-preview":"max-video-preview:-1"},"canonical":"https:\/\/wp.kristdemokraterna.se\/skelleftea\/vara-kandidater\/skelleftea-kommun\/","og_locale":"sv_SE","og_type":"article","og_title":"Skellefte\u00e5 Kommun - Kristdemokraterna i Skellefte\u00e5","og_description":"V\u00e5ra toppkandidater! En bredare beskrivning av var och en kommer snart&#8230; &nbsp; \u00a0 \u00a0 \u00a0 \u00a0 \u00a0 \u00a0 \u00a0 \u00a0 \u00a0 \u00a0\u00a0 \u00a0 \u00a0 \u00a0 \u00a0 \u00a0 \u00a0 \u00a0 \u00a0 \u00a0 \u00a0\u00a0 &nbsp; &nbsp; &nbsp;","og_url":"https:\/\/wp.kristdemokraterna.se\/skelleftea\/vara-kandidater\/skelleftea-kommun\/","og_site_name":"Kristdemokraterna i Skellefte\u00e5","article_modified_time":"2022-07-06T20:57:44+00:00","og_image":[{"url":"http:\/\/wp.kristdemokraterna.se\/skelleftea\/files\/2022\/07\/vasterbotten_skelleftea_1glad_20-01-213x300.png","type":"","width":"","height":""}],"twitter_card":"summary_large_image","twitter_misc":{"Ber\u00e4knad l\u00e4stid":"1 minut"},"schema":{"@context":"https:\/\/schema.org","@graph":[{"@type":"WebPage","@id":"https:\/\/wp.kristdemokraterna.se\/skelleftea\/vara-kandidater\/skelleftea-kommun\/","url":"https:\/\/wp.kristdemokraterna.se\/skelleftea\/vara-kandidater\/skelleftea-kommun\/","name":"Skellefte\u00e5 Kommun - Kristdemokraterna i Skellefte\u00e5","isPartOf":{"@id":"https:\/\/wp.kristdemokraterna.se\/skelleftea\/#website"},"primaryImageOfPage":{"@id":"https:\/\/wp.kristdemokraterna.se\/skelleftea\/vara-kandidater\/skelleftea-kommun\/#primaryimage"},"image":{"@id":"https:\/\/wp.kristdemokraterna.se\/skelleftea\/vara-kandidater\/skelleftea-kommun\/#primaryimage"},"thumbnailUrl":"http:\/\/wp.kristdemokraterna.se\/skelleftea\/files\/2022\/07\/vasterbotten_skelleftea_1glad_20-01-213x300.png","datePublished":"2022-07-06T18:12:43+00:00","dateModified":"2022-07-06T20:57:44+00:00","breadcrumb":{"@id":"https:\/\/wp.kristdemokraterna.se\/skelleftea\/vara-kandidater\/skelleftea-kommun\/#breadcrumb"},"inLanguage":"sv-SE","potentialAction":[{"@type":"ReadAction","target":["https:\/\/wp.kristdemokraterna.se\/skelleftea\/vara-kandidater\/skelleftea-kommun\/"]}]},{"@type":"ImageObject","inLanguage":"sv-SE","@id":"https:\/\/wp.kristdemokraterna.se\/skelleftea\/vara-kandidater\/skelleftea-kommun\/#primaryimage","url":"http:\/\/wp.kristdemokraterna.se\/skelleftea\/files\/2022\/07\/vasterbotten_skelleftea_1glad_20-01-213x300.png","contentUrl":"http:\/\/wp.kristdemokraterna.se\/skelleftea\/files\/2022\/07\/vasterbotten_skelleftea_1glad_20-01-213x300.png"},{"@type":"BreadcrumbList","@id":"https:\/\/wp.kristdemokraterna.se\/skelleftea\/vara-kandidater\/skelleftea-kommun\/#breadcrumb","itemListElement":[{"@type":"ListItem","position":1,"name":"Hem","item":"https:\/\/wp.kristdemokraterna.se\/skelleftea\/"},{"@type":"ListItem","position":2,"name":"V\u00e5ra kandidater","item":"https:\/\/wp.kristdemokraterna.se\/skelleftea\/vara-kandidater\/"},{"@type":"ListItem","position":3,"name":"Skellefte\u00e5 Kommun"}]},{"@type":"WebSite","@id":"https:\/\/wp.kristdemokraterna.se\/skelleftea\/#website","url":"https:\/\/wp.kristdemokraterna.se\/skelleftea\/","name":"Kristdemokraterna i Skellefte\u00e5","description":"Med hj\u00e4rta f\u00f6r Skellefte\u00e5","inLanguage":"sv-SE"}]}},"_links":{"self":[{"href":"https:\/\/wp.kristdemokraterna.se\/skelleftea\/wp-json\/wp\/v2\/pages\/1066","targetHints":{"allow":["GET"]}}],"collection":[{"href":"https:\/\/wp.kristdemokraterna.se\/skelleftea\/wp-json\/wp\/v2\/pages"}],"about":[{"href":"https:\/\/wp.kristdemokraterna.se\/skelleftea\/wp-json\/wp\/v2\/types\/page"}],"author":[{"embeddable":true,"href":"https:\/\/wp.kristdemokraterna.se\/skelleftea\/wp-json\/wp\/v2\/users\/979"}],"replies":[{"embeddable":true,"href":"https:\/\/wp.kristdemokraterna.se\/skelleftea\/wp-json\/wp\/v2\/comments?post=1066"}],"version-history":[{"count":9,"href":"https:\/\/wp.kristdemokraterna.se\/skelleftea\/wp-json\/wp\/v2\/pages\/1066\/revisions"}],"predecessor-version":[{"id":1095,"href":"https:\/\/wp.kristdemokraterna.se\/skelleftea\/wp-json\/wp\/v2\/pages\/1066\/revisions\/1095"}],"up":[{"embeddable":true,"href":"https:\/\/wp.kristdemokraterna.se\/skelleftea\/wp-json\/wp\/v2\/pages\/1044"}],"wp:attachment":[{"href":"https:\/\/wp.kristdemokraterna.se\/skelleftea\/wp-json\/wp\/v2\/media?parent=1066"}],"curies":[{"name":"wp","href":"https:\/\/api.w.org\/{rel}","templated":true}]}}