{"id":1077,"date":"2022-07-06T21:09:31","date_gmt":"2022-07-06T19:09:31","guid":{"rendered":"https:\/\/wp.kristdemokraterna.se\/skelleftea\/?page_id=1077"},"modified":"2022-07-06T21:09:31","modified_gmt":"2022-07-06T19:09:31","slug":"kommunlistan-kd-skelleftea","status":"publish","type":"page","link":"https:\/\/wp.kristdemokraterna.se\/skelleftea\/var-politik\/kommunlistan-kd-skelleftea\/","title":{"rendered":"Kommunlistan KD Skellefte\u00e5"},"content":{"rendered":"<p><img loading=\"lazy\" decoding=\"async\" class=\"alignnone size-medium wp-image-1078\" src=\"http:\/\/wp.kristdemokraterna.se\/skelleftea\/files\/2022\/07\/kristdemokraterna5929-029-300x200.jpg\" alt=\"KD Skellefte\u00e5\" width=\"300\" height=\"200\" srcset=\"https:\/\/wp.kristdemokraterna.se\/skelleftea\/files\/2022\/07\/kristdemokraterna5929-029-300x200.jpg 300w, https:\/\/wp.kristdemokraterna.se\/skelleftea\/files\/2022\/07\/kristdemokraterna5929-029-540x360.jpg 540w, https:\/\/wp.kristdemokraterna.se\/skelleftea\/files\/2022\/07\/kristdemokraterna5929-029-768x512.jpg 768w, https:\/\/wp.kristdemokraterna.se\/skelleftea\/files\/2022\/07\/kristdemokraterna5929-029-1536x1024.jpg 1536w, https:\/\/wp.kristdemokraterna.se\/skelleftea\/files\/2022\/07\/kristdemokraterna5929-029-2048x1365.jpg 2048w, https:\/\/wp.kristdemokraterna.se\/skelleftea\/files\/2022\/07\/kristdemokraterna5929-029-370x247.jpg 370w, https:\/\/wp.kristdemokraterna.se\/skelleftea\/files\/2022\/07\/kristdemokraterna5929-029-770x513.jpg 770w, https:\/\/wp.kristdemokraterna.se\/skelleftea\/files\/2022\/07\/kristdemokraterna5929-029-450x300.jpg 450w, https:\/\/wp.kristdemokraterna.se\/skelleftea\/files\/2022\/07\/kristdemokraterna5929-029-280x187.jpg 280w, https:\/\/wp.kristdemokraterna.se\/skelleftea\/files\/2022\/07\/kristdemokraterna5929-029-340x227.jpg 340w, https:\/\/wp.kristdemokraterna.se\/skelleftea\/files\/2022\/07\/kristdemokraterna5929-029-200x133.jpg 200w, https:\/\/wp.kristdemokraterna.se\/skelleftea\/files\/2022\/07\/kristdemokraterna5929-029-84x56.jpg 84w\" sizes=\"auto, (max-width: 300px) 100vw, 300px\" \/><\/p>\n<p><a href=\"http:\/\/wp.kristdemokraterna.se\/skelleftea\/files\/2022\/07\/kommunlistan-toppkandidater-mm.pdf\">Kommunlistan, toppkandidater mm<\/a><\/p>\n","protected":false},"excerpt":{"rendered":"<p>Kommunlistan, toppkandidater mm<\/p>\n","protected":false},"author":979,"featured_media":0,"parent":905,"menu_order":0,"comment_status":"closed","ping_status":"closed","template":"","meta":{"_acf_changed":false,"footnotes":""},"class_list":["post-1077","page","type-page","status-publish","hentry"],"acf":[],"yoast_head":"<!-- This site is optimized with the Yoast SEO plugin v27.3 - https:\/\/yoast.com\/product\/yoast-seo-wordpress\/ -->\n<title>Kommunlistan KD Skellefte\u00e5 - Kristdemokraterna i Skellefte\u00e5<\/title>\n<meta name=\"robots\" content=\"index, follow, max-snippet:-1, max-image-preview:large, max-video-preview:-1\" \/>\n<link rel=\"canonical\" href=\"https:\/\/wp.kristdemokraterna.se\/skelleftea\/var-politik\/kommunlistan-kd-skelleftea\/\" \/>\n<meta property=\"og:locale\" content=\"sv_SE\" \/>\n<meta property=\"og:type\" content=\"article\" \/>\n<meta property=\"og:title\" content=\"Kommunlistan KD Skellefte\u00e5 - Kristdemokraterna i Skellefte\u00e5\" \/>\n<meta property=\"og:description\" content=\"Kommunlistan, toppkandidater mm\" \/>\n<meta property=\"og:url\" content=\"https:\/\/wp.kristdemokraterna.se\/skelleftea\/var-politik\/kommunlistan-kd-skelleftea\/\" \/>\n<meta property=\"og:site_name\" content=\"Kristdemokraterna i Skellefte\u00e5\" \/>\n<meta property=\"og:image\" content=\"http:\/\/wp.kristdemokraterna.se\/skelleftea\/files\/2022\/07\/kristdemokraterna5929-029-300x200.jpg\" \/>\n<meta name=\"twitter:card\" content=\"summary_large_image\" \/>\n<meta name=\"twitter:label1\" content=\"Ber\u00e4knad l\u00e4stid\" \/>\n\t<meta name=\"twitter:data1\" content=\"1 minut\" \/>\n<script type=\"application\/ld+json\" class=\"yoast-schema-graph\">{\"@context\":\"https:\\\/\\\/schema.org\",\"@graph\":[{\"@type\":\"WebPage\",\"@id\":\"https:\\\/\\\/wp.kristdemokraterna.se\\\/skelleftea\\\/var-politik\\\/kommunlistan-kd-skelleftea\\\/\",\"url\":\"https:\\\/\\\/wp.kristdemokraterna.se\\\/skelleftea\\\/var-politik\\\/kommunlistan-kd-skelleftea\\\/\",\"name\":\"Kommunlistan KD Skellefte\u00e5 - Kristdemokraterna i Skellefte\u00e5\",\"isPartOf\":{\"@id\":\"https:\\\/\\\/wp.kristdemokraterna.se\\\/skelleftea\\\/#website\"},\"primaryImageOfPage\":{\"@id\":\"https:\\\/\\\/wp.kristdemokraterna.se\\\/skelleftea\\\/var-politik\\\/kommunlistan-kd-skelleftea\\\/#primaryimage\"},\"image\":{\"@id\":\"https:\\\/\\\/wp.kristdemokraterna.se\\\/skelleftea\\\/var-politik\\\/kommunlistan-kd-skelleftea\\\/#primaryimage\"},\"thumbnailUrl\":\"http:\\\/\\\/wp.kristdemokraterna.se\\\/skelleftea\\\/files\\\/2022\\\/07\\\/kristdemokraterna5929-029-300x200.jpg\",\"datePublished\":\"2022-07-06T19:09:31+00:00\",\"breadcrumb\":{\"@id\":\"https:\\\/\\\/wp.kristdemokraterna.se\\\/skelleftea\\\/var-politik\\\/kommunlistan-kd-skelleftea\\\/#breadcrumb\"},\"inLanguage\":\"sv-SE\",\"potentialAction\":[{\"@type\":\"ReadAction\",\"target\":[\"https:\\\/\\\/wp.kristdemokraterna.se\\\/skelleftea\\\/var-politik\\\/kommunlistan-kd-skelleftea\\\/\"]}]},{\"@type\":\"ImageObject\",\"inLanguage\":\"sv-SE\",\"@id\":\"https:\\\/\\\/wp.kristdemokraterna.se\\\/skelleftea\\\/var-politik\\\/kommunlistan-kd-skelleftea\\\/#primaryimage\",\"url\":\"http:\\\/\\\/wp.kristdemokraterna.se\\\/skelleftea\\\/files\\\/2022\\\/07\\\/kristdemokraterna5929-029-300x200.jpg\",\"contentUrl\":\"http:\\\/\\\/wp.kristdemokraterna.se\\\/skelleftea\\\/files\\\/2022\\\/07\\\/kristdemokraterna5929-029-300x200.jpg\"},{\"@type\":\"BreadcrumbList\",\"@id\":\"https:\\\/\\\/wp.kristdemokraterna.se\\\/skelleftea\\\/var-politik\\\/kommunlistan-kd-skelleftea\\\/#breadcrumb\",\"itemListElement\":[{\"@type\":\"ListItem\",\"position\":1,\"name\":\"Hem\",\"item\":\"https:\\\/\\\/wp.kristdemokraterna.se\\\/skelleftea\\\/\"},{\"@type\":\"ListItem\",\"position\":2,\"name\":\"Valet 2022\",\"item\":\"https:\\\/\\\/wp.kristdemokraterna.se\\\/skelleftea\\\/var-politik\\\/\"},{\"@type\":\"ListItem\",\"position\":3,\"name\":\"Kommunlistan KD Skellefte\u00e5\"}]},{\"@type\":\"WebSite\",\"@id\":\"https:\\\/\\\/wp.kristdemokraterna.se\\\/skelleftea\\\/#website\",\"url\":\"https:\\\/\\\/wp.kristdemokraterna.se\\\/skelleftea\\\/\",\"name\":\"Kristdemokraterna i Skellefte\u00e5\",\"description\":\"Med hj\u00e4rta f\u00f6r Skellefte\u00e5\",\"inLanguage\":\"sv-SE\"}]}<\/script>\n<!-- \/ Yoast SEO plugin. -->","yoast_head_json":{"title":"Kommunlistan KD Skellefte\u00e5 - Kristdemokraterna i Skellefte\u00e5","robots":{"index":"index","follow":"follow","max-snippet":"max-snippet:-1","max-image-preview":"max-image-preview:large","max-video-preview":"max-video-preview:-1"},"canonical":"https:\/\/wp.kristdemokraterna.se\/skelleftea\/var-politik\/kommunlistan-kd-skelleftea\/","og_locale":"sv_SE","og_type":"article","og_title":"Kommunlistan KD Skellefte\u00e5 - Kristdemokraterna i Skellefte\u00e5","og_description":"Kommunlistan, toppkandidater mm","og_url":"https:\/\/wp.kristdemokraterna.se\/skelleftea\/var-politik\/kommunlistan-kd-skelleftea\/","og_site_name":"Kristdemokraterna i Skellefte\u00e5","og_image":[{"url":"http:\/\/wp.kristdemokraterna.se\/skelleftea\/files\/2022\/07\/kristdemokraterna5929-029-300x200.jpg","type":"","width":"","height":""}],"twitter_card":"summary_large_image","twitter_misc":{"Ber\u00e4knad l\u00e4stid":"1 minut"},"schema":{"@context":"https:\/\/schema.org","@graph":[{"@type":"WebPage","@id":"https:\/\/wp.kristdemokraterna.se\/skelleftea\/var-politik\/kommunlistan-kd-skelleftea\/","url":"https:\/\/wp.kristdemokraterna.se\/skelleftea\/var-politik\/kommunlistan-kd-skelleftea\/","name":"Kommunlistan KD Skellefte\u00e5 - Kristdemokraterna i Skellefte\u00e5","isPartOf":{"@id":"https:\/\/wp.kristdemokraterna.se\/skelleftea\/#website"},"primaryImageOfPage":{"@id":"https:\/\/wp.kristdemokraterna.se\/skelleftea\/var-politik\/kommunlistan-kd-skelleftea\/#primaryimage"},"image":{"@id":"https:\/\/wp.kristdemokraterna.se\/skelleftea\/var-politik\/kommunlistan-kd-skelleftea\/#primaryimage"},"thumbnailUrl":"http:\/\/wp.kristdemokraterna.se\/skelleftea\/files\/2022\/07\/kristdemokraterna5929-029-300x200.jpg","datePublished":"2022-07-06T19:09:31+00:00","breadcrumb":{"@id":"https:\/\/wp.kristdemokraterna.se\/skelleftea\/var-politik\/kommunlistan-kd-skelleftea\/#breadcrumb"},"inLanguage":"sv-SE","potentialAction":[{"@type":"ReadAction","target":["https:\/\/wp.kristdemokraterna.se\/skelleftea\/var-politik\/kommunlistan-kd-skelleftea\/"]}]},{"@type":"ImageObject","inLanguage":"sv-SE","@id":"https:\/\/wp.kristdemokraterna.se\/skelleftea\/var-politik\/kommunlistan-kd-skelleftea\/#primaryimage","url":"http:\/\/wp.kristdemokraterna.se\/skelleftea\/files\/2022\/07\/kristdemokraterna5929-029-300x200.jpg","contentUrl":"http:\/\/wp.kristdemokraterna.se\/skelleftea\/files\/2022\/07\/kristdemokraterna5929-029-300x200.jpg"},{"@type":"BreadcrumbList","@id":"https:\/\/wp.kristdemokraterna.se\/skelleftea\/var-politik\/kommunlistan-kd-skelleftea\/#breadcrumb","itemListElement":[{"@type":"ListItem","position":1,"name":"Hem","item":"https:\/\/wp.kristdemokraterna.se\/skelleftea\/"},{"@type":"ListItem","position":2,"name":"Valet 2022","item":"https:\/\/wp.kristdemokraterna.se\/skelleftea\/var-politik\/"},{"@type":"ListItem","position":3,"name":"Kommunlistan KD Skellefte\u00e5"}]},{"@type":"WebSite","@id":"https:\/\/wp.kristdemokraterna.se\/skelleftea\/#website","url":"https:\/\/wp.kristdemokraterna.se\/skelleftea\/","name":"Kristdemokraterna i Skellefte\u00e5","description":"Med hj\u00e4rta f\u00f6r Skellefte\u00e5","inLanguage":"sv-SE"}]}},"_links":{"self":[{"href":"https:\/\/wp.kristdemokraterna.se\/skelleftea\/wp-json\/wp\/v2\/pages\/1077","targetHints":{"allow":["GET"]}}],"collection":[{"href":"https:\/\/wp.kristdemokraterna.se\/skelleftea\/wp-json\/wp\/v2\/pages"}],"about":[{"href":"https:\/\/wp.kristdemokraterna.se\/skelleftea\/wp-json\/wp\/v2\/types\/page"}],"author":[{"embeddable":true,"href":"https:\/\/wp.kristdemokraterna.se\/skelleftea\/wp-json\/wp\/v2\/users\/979"}],"replies":[{"embeddable":true,"href":"https:\/\/wp.kristdemokraterna.se\/skelleftea\/wp-json\/wp\/v2\/comments?post=1077"}],"version-history":[{"count":1,"href":"https:\/\/wp.kristdemokraterna.se\/skelleftea\/wp-json\/wp\/v2\/pages\/1077\/revisions"}],"predecessor-version":[{"id":1080,"href":"https:\/\/wp.kristdemokraterna.se\/skelleftea\/wp-json\/wp\/v2\/pages\/1077\/revisions\/1080"}],"up":[{"embeddable":true,"href":"https:\/\/wp.kristdemokraterna.se\/skelleftea\/wp-json\/wp\/v2\/pages\/905"}],"wp:attachment":[{"href":"https:\/\/wp.kristdemokraterna.se\/skelleftea\/wp-json\/wp\/v2\/media?parent=1077"}],"curies":[{"name":"wp","href":"https:\/\/api.w.org\/{rel}","templated":true}]}}