{"id":162,"date":"2014-05-02T14:10:52","date_gmt":"2014-05-02T12:10:52","guid":{"rendered":"http:\/\/wp.kristdemokraterna.se\/skelleftea\/?page_id=162"},"modified":"2023-01-03T20:05:38","modified_gmt":"2023-01-03T19:05:38","slug":"kommunfullmaktige","status":"publish","type":"page","link":"https:\/\/wp.kristdemokraterna.se\/skelleftea\/vara-politiker\/kommunfullmaktige\/","title":{"rendered":"Kommunfullm\u00e4ktige"},"content":{"rendered":"<p><strong>Ordinarie i kommunfullm\u00e4ktige:<\/strong><\/p>\n<p>&nbsp;<\/p>\n<p><strong><img loading=\"lazy\" decoding=\"async\" class=\"alignnone size-medium wp-image-1030\" src=\"http:\/\/wp.kristdemokraterna.se\/skelleftea\/files\/2022\/07\/220413_205438-jwe-200x300.jpg\" alt=\"Lena Forsman\" width=\"200\" height=\"300\" srcset=\"https:\/\/wp.kristdemokraterna.se\/skelleftea\/files\/2022\/07\/220413_205438-jwe-200x300.jpg 200w, https:\/\/wp.kristdemokraterna.se\/skelleftea\/files\/2022\/07\/220413_205438-jwe-360x540.jpg 360w, https:\/\/wp.kristdemokraterna.se\/skelleftea\/files\/2022\/07\/220413_205438-jwe-133x200.jpg 133w, https:\/\/wp.kristdemokraterna.se\/skelleftea\/files\/2022\/07\/220413_205438-jwe-370x555.jpg 370w, https:\/\/wp.kristdemokraterna.se\/skelleftea\/files\/2022\/07\/220413_205438-jwe-450x675.jpg 450w, https:\/\/wp.kristdemokraterna.se\/skelleftea\/files\/2022\/07\/220413_205438-jwe-268x402.jpg 268w, https:\/\/wp.kristdemokraterna.se\/skelleftea\/files\/2022\/07\/220413_205438-jwe-340x510.jpg 340w, https:\/\/wp.kristdemokraterna.se\/skelleftea\/files\/2022\/07\/220413_205438-jwe-37x56.jpg 37w, https:\/\/wp.kristdemokraterna.se\/skelleftea\/files\/2022\/07\/220413_205438-jwe.jpg 467w\" sizes=\"auto, (max-width: 200px) 100vw, 200px\" \/>\u00a0 \u00a0 \u00a0 \u00a0 \u00a0 \u00a0 \u00a0 \u00a0 \u00a0 \u00a0 \u00a0 \u00a0 \u00a0 \u00a0 \u00a0 \u00a0 \u00a0 \u00a0 \u00a0 \u00a0 \u00a0 \u00a0 \u00a0 \u00a0 \u00a0 \u00a0 \u00a0 \u00a0 \u00a0<\/strong><\/p>\n<p><strong>Lena Forsman\u00a0 <\/strong><br \/>\nlena.forsman@kristdemokraterna.se<\/p>\n<p><img loading=\"lazy\" decoding=\"async\" class=\"alignnone size-medium wp-image-1029\" src=\"http:\/\/wp.kristdemokraterna.se\/skelleftea\/files\/2022\/07\/220413_204745-jwe-200x300.jpg\" alt=\"Per Bostr\u00f6m\" width=\"200\" height=\"300\" srcset=\"https:\/\/wp.kristdemokraterna.se\/skelleftea\/files\/2022\/07\/220413_204745-jwe-200x300.jpg 200w, https:\/\/wp.kristdemokraterna.se\/skelleftea\/files\/2022\/07\/220413_204745-jwe-360x540.jpg 360w, https:\/\/wp.kristdemokraterna.se\/skelleftea\/files\/2022\/07\/220413_204745-jwe-133x200.jpg 133w, https:\/\/wp.kristdemokraterna.se\/skelleftea\/files\/2022\/07\/220413_204745-jwe-370x555.jpg 370w, https:\/\/wp.kristdemokraterna.se\/skelleftea\/files\/2022\/07\/220413_204745-jwe-450x675.jpg 450w, https:\/\/wp.kristdemokraterna.se\/skelleftea\/files\/2022\/07\/220413_204745-jwe-268x402.jpg 268w, https:\/\/wp.kristdemokraterna.se\/skelleftea\/files\/2022\/07\/220413_204745-jwe-340x510.jpg 340w, https:\/\/wp.kristdemokraterna.se\/skelleftea\/files\/2022\/07\/220413_204745-jwe-37x56.jpg 37w, https:\/\/wp.kristdemokraterna.se\/skelleftea\/files\/2022\/07\/220413_204745-jwe.jpg 467w\" sizes=\"auto, (max-width: 200px) 100vw, 200px\" \/><\/p>\n<p><strong>Per Bostr\u00f6m<\/strong><br \/>\nper.bostrom@kristdemokraterna.se<\/p>\n<p>&nbsp;<\/p>\n<p><img loading=\"lazy\" decoding=\"async\" class=\"alignnone size-medium wp-image-1031\" src=\"http:\/\/wp.kristdemokraterna.se\/skelleftea\/files\/2022\/07\/220413_205612-jwe-200x300.jpg\" alt=\"Frida L\u00f6froth\" width=\"200\" height=\"300\" srcset=\"https:\/\/wp.kristdemokraterna.se\/skelleftea\/files\/2022\/07\/220413_205612-jwe-200x300.jpg 200w, https:\/\/wp.kristdemokraterna.se\/skelleftea\/files\/2022\/07\/220413_205612-jwe-360x540.jpg 360w, https:\/\/wp.kristdemokraterna.se\/skelleftea\/files\/2022\/07\/220413_205612-jwe-133x200.jpg 133w, https:\/\/wp.kristdemokraterna.se\/skelleftea\/files\/2022\/07\/220413_205612-jwe-370x555.jpg 370w, https:\/\/wp.kristdemokraterna.se\/skelleftea\/files\/2022\/07\/220413_205612-jwe-450x675.jpg 450w, https:\/\/wp.kristdemokraterna.se\/skelleftea\/files\/2022\/07\/220413_205612-jwe-268x402.jpg 268w, https:\/\/wp.kristdemokraterna.se\/skelleftea\/files\/2022\/07\/220413_205612-jwe-340x510.jpg 340w, https:\/\/wp.kristdemokraterna.se\/skelleftea\/files\/2022\/07\/220413_205612-jwe-37x56.jpg 37w, https:\/\/wp.kristdemokraterna.se\/skelleftea\/files\/2022\/07\/220413_205612-jwe.jpg 467w\" sizes=\"auto, (max-width: 200px) 100vw, 200px\" \/><\/p>\n<p><strong>Frida L\u00f6froth<\/strong><br \/>\nfrida.l\u00f6froth@kristdemokraterna.se<\/p>\n<p>&nbsp;<\/p>\n<p><img loading=\"lazy\" decoding=\"async\" class=\"alignnone size-medium wp-image-1032\" src=\"http:\/\/wp.kristdemokraterna.se\/skelleftea\/files\/2022\/07\/220413_210003-jwe-200x300.jpg\" alt=\"KD Skellefte\u00e5\" width=\"200\" height=\"300\" srcset=\"https:\/\/wp.kristdemokraterna.se\/skelleftea\/files\/2022\/07\/220413_210003-jwe-200x300.jpg 200w, https:\/\/wp.kristdemokraterna.se\/skelleftea\/files\/2022\/07\/220413_210003-jwe-360x540.jpg 360w, https:\/\/wp.kristdemokraterna.se\/skelleftea\/files\/2022\/07\/220413_210003-jwe-133x200.jpg 133w, https:\/\/wp.kristdemokraterna.se\/skelleftea\/files\/2022\/07\/220413_210003-jwe-370x555.jpg 370w, https:\/\/wp.kristdemokraterna.se\/skelleftea\/files\/2022\/07\/220413_210003-jwe-450x675.jpg 450w, https:\/\/wp.kristdemokraterna.se\/skelleftea\/files\/2022\/07\/220413_210003-jwe-268x402.jpg 268w, https:\/\/wp.kristdemokraterna.se\/skelleftea\/files\/2022\/07\/220413_210003-jwe-340x510.jpg 340w, https:\/\/wp.kristdemokraterna.se\/skelleftea\/files\/2022\/07\/220413_210003-jwe-37x56.jpg 37w, https:\/\/wp.kristdemokraterna.se\/skelleftea\/files\/2022\/07\/220413_210003-jwe.jpg 467w\" sizes=\"auto, (max-width: 200px) 100vw, 200px\" \/><\/p>\n<p><strong>Andreas Boman<\/strong><br \/>\nandreas.boman@kristdemokraterna.se<\/p>\n<p>&nbsp;<\/p>\n<p><strong>Ers\u00e4ttare i kommunfullm\u00e4ktige:<\/strong><\/p>\n<p><img loading=\"lazy\" decoding=\"async\" class=\"alignnone size-medium wp-image-1167\" src=\"http:\/\/wp.kristdemokraterna.se\/skelleftea\/files\/2023\/01\/received_875217320350380-225x300.jpeg\" alt=\"Emma Lindgren\" width=\"225\" height=\"300\" srcset=\"https:\/\/wp.kristdemokraterna.se\/skelleftea\/files\/2023\/01\/received_875217320350380-225x300.jpeg 225w, https:\/\/wp.kristdemokraterna.se\/skelleftea\/files\/2023\/01\/received_875217320350380-405x540.jpeg 405w, https:\/\/wp.kristdemokraterna.se\/skelleftea\/files\/2023\/01\/received_875217320350380-768x1024.jpeg 768w, https:\/\/wp.kristdemokraterna.se\/skelleftea\/files\/2023\/01\/received_875217320350380-1152x1536.jpeg 1152w, https:\/\/wp.kristdemokraterna.se\/skelleftea\/files\/2023\/01\/received_875217320350380-150x200.jpeg 150w, https:\/\/wp.kristdemokraterna.se\/skelleftea\/files\/2023\/01\/received_875217320350380-370x493.jpeg 370w, https:\/\/wp.kristdemokraterna.se\/skelleftea\/files\/2023\/01\/received_875217320350380-770x1027.jpeg 770w, https:\/\/wp.kristdemokraterna.se\/skelleftea\/files\/2023\/01\/received_875217320350380-450x600.jpeg 450w, https:\/\/wp.kristdemokraterna.se\/skelleftea\/files\/2023\/01\/received_875217320350380-280x373.jpeg 280w, https:\/\/wp.kristdemokraterna.se\/skelleftea\/files\/2023\/01\/received_875217320350380-340x453.jpeg 340w, https:\/\/wp.kristdemokraterna.se\/skelleftea\/files\/2023\/01\/received_875217320350380-42x56.jpeg 42w, https:\/\/wp.kristdemokraterna.se\/skelleftea\/files\/2023\/01\/received_875217320350380.jpeg 1536w\" sizes=\"auto, (max-width: 225px) 100vw, 225px\" \/><\/p>\n<p><strong>Emma Lindgren<\/strong><\/p>\n<p>&nbsp;<\/p>\n<p>&nbsp;<\/p>\n","protected":false},"excerpt":{"rendered":"<p>Ordinarie i kommunfullm\u00e4ktige: &nbsp; \u00a0 \u00a0 \u00a0 \u00a0 \u00a0 \u00a0 \u00a0 \u00a0 \u00a0 \u00a0 \u00a0 \u00a0 \u00a0 \u00a0 \u00a0 \u00a0 \u00a0 \u00a0 \u00a0 \u00a0 \u00a0 \u00a0 \u00a0 \u00a0 \u00a0 \u00a0 \u00a0 \u00a0 \u00a0 Lena Forsman\u00a0 lena.forsman@kristdemokraterna.se Per Bostr\u00f6m per.bostrom@kristdemokraterna.se &nbsp; Frida L\u00f6froth frida.l\u00f6froth@kristdemokraterna.se &nbsp; Andreas Boman andreas.boman@kristdemokraterna.se &nbsp; Ers\u00e4ttare i kommunfullm\u00e4ktige: Emma Lindgren &nbsp; &nbsp;<\/p>\n","protected":false},"author":598,"featured_media":0,"parent":59,"menu_order":1,"comment_status":"closed","ping_status":"closed","template":"","meta":{"_acf_changed":false,"footnotes":""},"class_list":["post-162","page","type-page","status-publish","hentry"],"acf":[],"yoast_head":"<!-- This site is optimized with the Yoast SEO plugin v27.3 - https:\/\/yoast.com\/product\/yoast-seo-wordpress\/ -->\n<title>Kommunfullm\u00e4ktige - Kristdemokraterna i Skellefte\u00e5<\/title>\n<meta name=\"robots\" content=\"index, follow, max-snippet:-1, max-image-preview:large, max-video-preview:-1\" \/>\n<link rel=\"canonical\" href=\"https:\/\/wp.kristdemokraterna.se\/skelleftea\/vara-politiker\/kommunfullmaktige\/\" \/>\n<meta property=\"og:locale\" content=\"sv_SE\" \/>\n<meta property=\"og:type\" content=\"article\" \/>\n<meta property=\"og:title\" content=\"Kommunfullm\u00e4ktige - Kristdemokraterna i Skellefte\u00e5\" \/>\n<meta property=\"og:description\" content=\"Ordinarie i kommunfullm\u00e4ktige: &nbsp; \u00a0 \u00a0 \u00a0 \u00a0 \u00a0 \u00a0 \u00a0 \u00a0 \u00a0 \u00a0 \u00a0 \u00a0 \u00a0 \u00a0 \u00a0 \u00a0 \u00a0 \u00a0 \u00a0 \u00a0 \u00a0 \u00a0 \u00a0 \u00a0 \u00a0 \u00a0 \u00a0 \u00a0 \u00a0 Lena Forsman\u00a0 lena.forsman@kristdemokraterna.se Per Bostr\u00f6m per.bostrom@kristdemokraterna.se &nbsp; Frida L\u00f6froth frida.l\u00f6froth@kristdemokraterna.se &nbsp; Andreas Boman andreas.boman@kristdemokraterna.se &nbsp; Ers\u00e4ttare i kommunfullm\u00e4ktige: Emma Lindgren &nbsp; &nbsp;\" \/>\n<meta property=\"og:url\" content=\"https:\/\/wp.kristdemokraterna.se\/skelleftea\/vara-politiker\/kommunfullmaktige\/\" \/>\n<meta property=\"og:site_name\" content=\"Kristdemokraterna i Skellefte\u00e5\" \/>\n<meta property=\"article:modified_time\" content=\"2023-01-03T19:05:38+00:00\" \/>\n<meta property=\"og:image\" content=\"http:\/\/wp.kristdemokraterna.se\/skelleftea\/files\/2022\/07\/220413_205438-jwe-200x300.jpg\" \/>\n<meta name=\"twitter:card\" content=\"summary_large_image\" \/>\n<meta name=\"twitter:label1\" content=\"Ber\u00e4knad l\u00e4stid\" \/>\n\t<meta name=\"twitter:data1\" content=\"2 minuter\" \/>\n<script type=\"application\/ld+json\" class=\"yoast-schema-graph\">{\"@context\":\"https:\\\/\\\/schema.org\",\"@graph\":[{\"@type\":\"WebPage\",\"@id\":\"https:\\\/\\\/wp.kristdemokraterna.se\\\/skelleftea\\\/vara-politiker\\\/kommunfullmaktige\\\/\",\"url\":\"https:\\\/\\\/wp.kristdemokraterna.se\\\/skelleftea\\\/vara-politiker\\\/kommunfullmaktige\\\/\",\"name\":\"Kommunfullm\u00e4ktige - Kristdemokraterna i Skellefte\u00e5\",\"isPartOf\":{\"@id\":\"https:\\\/\\\/wp.kristdemokraterna.se\\\/skelleftea\\\/#website\"},\"primaryImageOfPage\":{\"@id\":\"https:\\\/\\\/wp.kristdemokraterna.se\\\/skelleftea\\\/vara-politiker\\\/kommunfullmaktige\\\/#primaryimage\"},\"image\":{\"@id\":\"https:\\\/\\\/wp.kristdemokraterna.se\\\/skelleftea\\\/vara-politiker\\\/kommunfullmaktige\\\/#primaryimage\"},\"thumbnailUrl\":\"http:\\\/\\\/wp.kristdemokraterna.se\\\/skelleftea\\\/files\\\/2022\\\/07\\\/220413_205438-jwe-200x300.jpg\",\"datePublished\":\"2014-05-02T12:10:52+00:00\",\"dateModified\":\"2023-01-03T19:05:38+00:00\",\"breadcrumb\":{\"@id\":\"https:\\\/\\\/wp.kristdemokraterna.se\\\/skelleftea\\\/vara-politiker\\\/kommunfullmaktige\\\/#breadcrumb\"},\"inLanguage\":\"sv-SE\",\"potentialAction\":[{\"@type\":\"ReadAction\",\"target\":[\"https:\\\/\\\/wp.kristdemokraterna.se\\\/skelleftea\\\/vara-politiker\\\/kommunfullmaktige\\\/\"]}]},{\"@type\":\"ImageObject\",\"inLanguage\":\"sv-SE\",\"@id\":\"https:\\\/\\\/wp.kristdemokraterna.se\\\/skelleftea\\\/vara-politiker\\\/kommunfullmaktige\\\/#primaryimage\",\"url\":\"http:\\\/\\\/wp.kristdemokraterna.se\\\/skelleftea\\\/files\\\/2022\\\/07\\\/220413_205438-jwe-200x300.jpg\",\"contentUrl\":\"http:\\\/\\\/wp.kristdemokraterna.se\\\/skelleftea\\\/files\\\/2022\\\/07\\\/220413_205438-jwe-200x300.jpg\"},{\"@type\":\"BreadcrumbList\",\"@id\":\"https:\\\/\\\/wp.kristdemokraterna.se\\\/skelleftea\\\/vara-politiker\\\/kommunfullmaktige\\\/#breadcrumb\",\"itemListElement\":[{\"@type\":\"ListItem\",\"position\":1,\"name\":\"Hem\",\"item\":\"https:\\\/\\\/wp.kristdemokraterna.se\\\/skelleftea\\\/\"},{\"@type\":\"ListItem\",\"position\":2,\"name\":\"V\u00e5ra politiker\",\"item\":\"https:\\\/\\\/wp.kristdemokraterna.se\\\/skelleftea\\\/vara-politiker\\\/\"},{\"@type\":\"ListItem\",\"position\":3,\"name\":\"Kommunfullm\u00e4ktige\"}]},{\"@type\":\"WebSite\",\"@id\":\"https:\\\/\\\/wp.kristdemokraterna.se\\\/skelleftea\\\/#website\",\"url\":\"https:\\\/\\\/wp.kristdemokraterna.se\\\/skelleftea\\\/\",\"name\":\"Kristdemokraterna i Skellefte\u00e5\",\"description\":\"Med hj\u00e4rta f\u00f6r Skellefte\u00e5\",\"inLanguage\":\"sv-SE\"}]}<\/script>\n<!-- \/ Yoast SEO plugin. -->","yoast_head_json":{"title":"Kommunfullm\u00e4ktige - Kristdemokraterna i Skellefte\u00e5","robots":{"index":"index","follow":"follow","max-snippet":"max-snippet:-1","max-image-preview":"max-image-preview:large","max-video-preview":"max-video-preview:-1"},"canonical":"https:\/\/wp.kristdemokraterna.se\/skelleftea\/vara-politiker\/kommunfullmaktige\/","og_locale":"sv_SE","og_type":"article","og_title":"Kommunfullm\u00e4ktige - Kristdemokraterna i Skellefte\u00e5","og_description":"Ordinarie i kommunfullm\u00e4ktige: &nbsp; \u00a0 \u00a0 \u00a0 \u00a0 \u00a0 \u00a0 \u00a0 \u00a0 \u00a0 \u00a0 \u00a0 \u00a0 \u00a0 \u00a0 \u00a0 \u00a0 \u00a0 \u00a0 \u00a0 \u00a0 \u00a0 \u00a0 \u00a0 \u00a0 \u00a0 \u00a0 \u00a0 \u00a0 \u00a0 Lena Forsman\u00a0 lena.forsman@kristdemokraterna.se Per Bostr\u00f6m per.bostrom@kristdemokraterna.se &nbsp; Frida L\u00f6froth frida.l\u00f6froth@kristdemokraterna.se &nbsp; Andreas Boman andreas.boman@kristdemokraterna.se &nbsp; Ers\u00e4ttare i kommunfullm\u00e4ktige: Emma Lindgren &nbsp; &nbsp;","og_url":"https:\/\/wp.kristdemokraterna.se\/skelleftea\/vara-politiker\/kommunfullmaktige\/","og_site_name":"Kristdemokraterna i Skellefte\u00e5","article_modified_time":"2023-01-03T19:05:38+00:00","og_image":[{"url":"http:\/\/wp.kristdemokraterna.se\/skelleftea\/files\/2022\/07\/220413_205438-jwe-200x300.jpg","type":"","width":"","height":""}],"twitter_card":"summary_large_image","twitter_misc":{"Ber\u00e4knad l\u00e4stid":"2 minuter"},"schema":{"@context":"https:\/\/schema.org","@graph":[{"@type":"WebPage","@id":"https:\/\/wp.kristdemokraterna.se\/skelleftea\/vara-politiker\/kommunfullmaktige\/","url":"https:\/\/wp.kristdemokraterna.se\/skelleftea\/vara-politiker\/kommunfullmaktige\/","name":"Kommunfullm\u00e4ktige - Kristdemokraterna i Skellefte\u00e5","isPartOf":{"@id":"https:\/\/wp.kristdemokraterna.se\/skelleftea\/#website"},"primaryImageOfPage":{"@id":"https:\/\/wp.kristdemokraterna.se\/skelleftea\/vara-politiker\/kommunfullmaktige\/#primaryimage"},"image":{"@id":"https:\/\/wp.kristdemokraterna.se\/skelleftea\/vara-politiker\/kommunfullmaktige\/#primaryimage"},"thumbnailUrl":"http:\/\/wp.kristdemokraterna.se\/skelleftea\/files\/2022\/07\/220413_205438-jwe-200x300.jpg","datePublished":"2014-05-02T12:10:52+00:00","dateModified":"2023-01-03T19:05:38+00:00","breadcrumb":{"@id":"https:\/\/wp.kristdemokraterna.se\/skelleftea\/vara-politiker\/kommunfullmaktige\/#breadcrumb"},"inLanguage":"sv-SE","potentialAction":[{"@type":"ReadAction","target":["https:\/\/wp.kristdemokraterna.se\/skelleftea\/vara-politiker\/kommunfullmaktige\/"]}]},{"@type":"ImageObject","inLanguage":"sv-SE","@id":"https:\/\/wp.kristdemokraterna.se\/skelleftea\/vara-politiker\/kommunfullmaktige\/#primaryimage","url":"http:\/\/wp.kristdemokraterna.se\/skelleftea\/files\/2022\/07\/220413_205438-jwe-200x300.jpg","contentUrl":"http:\/\/wp.kristdemokraterna.se\/skelleftea\/files\/2022\/07\/220413_205438-jwe-200x300.jpg"},{"@type":"BreadcrumbList","@id":"https:\/\/wp.kristdemokraterna.se\/skelleftea\/vara-politiker\/kommunfullmaktige\/#breadcrumb","itemListElement":[{"@type":"ListItem","position":1,"name":"Hem","item":"https:\/\/wp.kristdemokraterna.se\/skelleftea\/"},{"@type":"ListItem","position":2,"name":"V\u00e5ra politiker","item":"https:\/\/wp.kristdemokraterna.se\/skelleftea\/vara-politiker\/"},{"@type":"ListItem","position":3,"name":"Kommunfullm\u00e4ktige"}]},{"@type":"WebSite","@id":"https:\/\/wp.kristdemokraterna.se\/skelleftea\/#website","url":"https:\/\/wp.kristdemokraterna.se\/skelleftea\/","name":"Kristdemokraterna i Skellefte\u00e5","description":"Med hj\u00e4rta f\u00f6r Skellefte\u00e5","inLanguage":"sv-SE"}]}},"_links":{"self":[{"href":"https:\/\/wp.kristdemokraterna.se\/skelleftea\/wp-json\/wp\/v2\/pages\/162","targetHints":{"allow":["GET"]}}],"collection":[{"href":"https:\/\/wp.kristdemokraterna.se\/skelleftea\/wp-json\/wp\/v2\/pages"}],"about":[{"href":"https:\/\/wp.kristdemokraterna.se\/skelleftea\/wp-json\/wp\/v2\/types\/page"}],"author":[{"embeddable":true,"href":"https:\/\/wp.kristdemokraterna.se\/skelleftea\/wp-json\/wp\/v2\/users\/598"}],"replies":[{"embeddable":true,"href":"https:\/\/wp.kristdemokraterna.se\/skelleftea\/wp-json\/wp\/v2\/comments?post=162"}],"version-history":[{"count":32,"href":"https:\/\/wp.kristdemokraterna.se\/skelleftea\/wp-json\/wp\/v2\/pages\/162\/revisions"}],"predecessor-version":[{"id":1168,"href":"https:\/\/wp.kristdemokraterna.se\/skelleftea\/wp-json\/wp\/v2\/pages\/162\/revisions\/1168"}],"up":[{"embeddable":true,"href":"https:\/\/wp.kristdemokraterna.se\/skelleftea\/wp-json\/wp\/v2\/pages\/59"}],"wp:attachment":[{"href":"https:\/\/wp.kristdemokraterna.se\/skelleftea\/wp-json\/wp\/v2\/media?parent=162"}],"curies":[{"name":"wp","href":"https:\/\/api.w.org\/{rel}","templated":true}]}}