{"id":166,"date":"2014-05-02T14:15:44","date_gmt":"2014-05-02T12:15:44","guid":{"rendered":"http:\/\/wp.kristdemokraterna.se\/skelleftea\/?page_id=166"},"modified":"2022-07-02T14:57:51","modified_gmt":"2022-07-02T12:57:51","slug":"kommunstyrelse","status":"publish","type":"page","link":"https:\/\/wp.kristdemokraterna.se\/skelleftea\/vara-politiker\/kommunstyrelse\/","title":{"rendered":"Kommunstyrelsen"},"content":{"rendered":"<p><img loading=\"lazy\" decoding=\"async\" class=\"alignnone size-medium wp-image-1029\" src=\"http:\/\/wp.kristdemokraterna.se\/skelleftea\/files\/2022\/07\/220413_204745-jwe-200x300.jpg\" alt=\"Per Bostr\u00f6m\" width=\"200\" height=\"300\" srcset=\"https:\/\/wp.kristdemokraterna.se\/skelleftea\/files\/2022\/07\/220413_204745-jwe-200x300.jpg 200w, https:\/\/wp.kristdemokraterna.se\/skelleftea\/files\/2022\/07\/220413_204745-jwe-360x540.jpg 360w, https:\/\/wp.kristdemokraterna.se\/skelleftea\/files\/2022\/07\/220413_204745-jwe-133x200.jpg 133w, https:\/\/wp.kristdemokraterna.se\/skelleftea\/files\/2022\/07\/220413_204745-jwe-370x555.jpg 370w, https:\/\/wp.kristdemokraterna.se\/skelleftea\/files\/2022\/07\/220413_204745-jwe-450x675.jpg 450w, https:\/\/wp.kristdemokraterna.se\/skelleftea\/files\/2022\/07\/220413_204745-jwe-268x402.jpg 268w, https:\/\/wp.kristdemokraterna.se\/skelleftea\/files\/2022\/07\/220413_204745-jwe-340x510.jpg 340w, https:\/\/wp.kristdemokraterna.se\/skelleftea\/files\/2022\/07\/220413_204745-jwe-37x56.jpg 37w, https:\/\/wp.kristdemokraterna.se\/skelleftea\/files\/2022\/07\/220413_204745-jwe.jpg 467w\" sizes=\"auto, (max-width: 200px) 100vw, 200px\" \/><\/p>\n<p><strong>Per Bostr\u00f6m<br \/>\n<\/strong>E-post: per.bostrom@kristdemokraterna.se<\/p>\n","protected":false},"excerpt":{"rendered":"<p>Per Bostr\u00f6m E-post: per.bostrom@kristdemokraterna.se<\/p>\n","protected":false},"author":598,"featured_media":0,"parent":59,"menu_order":3,"comment_status":"closed","ping_status":"closed","template":"","meta":{"_acf_changed":false,"footnotes":""},"class_list":["post-166","page","type-page","status-publish","hentry"],"acf":[],"yoast_head":"<!-- This site is optimized with the Yoast SEO plugin v27.4 - https:\/\/yoast.com\/product\/yoast-seo-wordpress\/ -->\n<title>Kommunstyrelsen - Kristdemokraterna i Skellefte\u00e5<\/title>\n<meta name=\"robots\" content=\"index, follow, max-snippet:-1, max-image-preview:large, max-video-preview:-1\" \/>\n<link rel=\"canonical\" href=\"https:\/\/wp.kristdemokraterna.se\/skelleftea\/vara-politiker\/kommunstyrelse\/\" \/>\n<meta property=\"og:locale\" content=\"sv_SE\" \/>\n<meta property=\"og:type\" content=\"article\" \/>\n<meta property=\"og:title\" content=\"Kommunstyrelsen - Kristdemokraterna i Skellefte\u00e5\" \/>\n<meta property=\"og:description\" content=\"Per Bostr\u00f6m E-post: per.bostrom@kristdemokraterna.se\" \/>\n<meta property=\"og:url\" content=\"https:\/\/wp.kristdemokraterna.se\/skelleftea\/vara-politiker\/kommunstyrelse\/\" \/>\n<meta property=\"og:site_name\" content=\"Kristdemokraterna i Skellefte\u00e5\" \/>\n<meta property=\"article:modified_time\" content=\"2022-07-02T12:57:51+00:00\" \/>\n<meta property=\"og:image\" content=\"http:\/\/wp.kristdemokraterna.se\/skelleftea\/files\/2022\/07\/220413_204745-jwe-200x300.jpg\" \/>\n<meta name=\"twitter:card\" content=\"summary_large_image\" \/>\n<meta name=\"twitter:label1\" content=\"Ber\u00e4knad l\u00e4stid\" \/>\n\t<meta name=\"twitter:data1\" content=\"1 minut\" \/>\n<script type=\"application\/ld+json\" class=\"yoast-schema-graph\">{\"@context\":\"https:\\\/\\\/schema.org\",\"@graph\":[{\"@type\":\"WebPage\",\"@id\":\"https:\\\/\\\/wp.kristdemokraterna.se\\\/skelleftea\\\/vara-politiker\\\/kommunstyrelse\\\/\",\"url\":\"https:\\\/\\\/wp.kristdemokraterna.se\\\/skelleftea\\\/vara-politiker\\\/kommunstyrelse\\\/\",\"name\":\"Kommunstyrelsen - Kristdemokraterna i Skellefte\u00e5\",\"isPartOf\":{\"@id\":\"https:\\\/\\\/wp.kristdemokraterna.se\\\/skelleftea\\\/#website\"},\"primaryImageOfPage\":{\"@id\":\"https:\\\/\\\/wp.kristdemokraterna.se\\\/skelleftea\\\/vara-politiker\\\/kommunstyrelse\\\/#primaryimage\"},\"image\":{\"@id\":\"https:\\\/\\\/wp.kristdemokraterna.se\\\/skelleftea\\\/vara-politiker\\\/kommunstyrelse\\\/#primaryimage\"},\"thumbnailUrl\":\"http:\\\/\\\/wp.kristdemokraterna.se\\\/skelleftea\\\/files\\\/2022\\\/07\\\/220413_204745-jwe-200x300.jpg\",\"datePublished\":\"2014-05-02T12:15:44+00:00\",\"dateModified\":\"2022-07-02T12:57:51+00:00\",\"breadcrumb\":{\"@id\":\"https:\\\/\\\/wp.kristdemokraterna.se\\\/skelleftea\\\/vara-politiker\\\/kommunstyrelse\\\/#breadcrumb\"},\"inLanguage\":\"sv-SE\",\"potentialAction\":[{\"@type\":\"ReadAction\",\"target\":[\"https:\\\/\\\/wp.kristdemokraterna.se\\\/skelleftea\\\/vara-politiker\\\/kommunstyrelse\\\/\"]}]},{\"@type\":\"ImageObject\",\"inLanguage\":\"sv-SE\",\"@id\":\"https:\\\/\\\/wp.kristdemokraterna.se\\\/skelleftea\\\/vara-politiker\\\/kommunstyrelse\\\/#primaryimage\",\"url\":\"http:\\\/\\\/wp.kristdemokraterna.se\\\/skelleftea\\\/files\\\/2022\\\/07\\\/220413_204745-jwe-200x300.jpg\",\"contentUrl\":\"http:\\\/\\\/wp.kristdemokraterna.se\\\/skelleftea\\\/files\\\/2022\\\/07\\\/220413_204745-jwe-200x300.jpg\"},{\"@type\":\"BreadcrumbList\",\"@id\":\"https:\\\/\\\/wp.kristdemokraterna.se\\\/skelleftea\\\/vara-politiker\\\/kommunstyrelse\\\/#breadcrumb\",\"itemListElement\":[{\"@type\":\"ListItem\",\"position\":1,\"name\":\"Hem\",\"item\":\"https:\\\/\\\/wp.kristdemokraterna.se\\\/skelleftea\\\/\"},{\"@type\":\"ListItem\",\"position\":2,\"name\":\"V\u00e5ra politiker\",\"item\":\"https:\\\/\\\/wp.kristdemokraterna.se\\\/skelleftea\\\/vara-politiker\\\/\"},{\"@type\":\"ListItem\",\"position\":3,\"name\":\"Kommunstyrelsen\"}]},{\"@type\":\"WebSite\",\"@id\":\"https:\\\/\\\/wp.kristdemokraterna.se\\\/skelleftea\\\/#website\",\"url\":\"https:\\\/\\\/wp.kristdemokraterna.se\\\/skelleftea\\\/\",\"name\":\"Kristdemokraterna i Skellefte\u00e5\",\"description\":\"Med hj\u00e4rta f\u00f6r Skellefte\u00e5\",\"inLanguage\":\"sv-SE\"}]}<\/script>\n<!-- \/ Yoast SEO plugin. -->","yoast_head_json":{"title":"Kommunstyrelsen - Kristdemokraterna i Skellefte\u00e5","robots":{"index":"index","follow":"follow","max-snippet":"max-snippet:-1","max-image-preview":"max-image-preview:large","max-video-preview":"max-video-preview:-1"},"canonical":"https:\/\/wp.kristdemokraterna.se\/skelleftea\/vara-politiker\/kommunstyrelse\/","og_locale":"sv_SE","og_type":"article","og_title":"Kommunstyrelsen - Kristdemokraterna i Skellefte\u00e5","og_description":"Per Bostr\u00f6m E-post: per.bostrom@kristdemokraterna.se","og_url":"https:\/\/wp.kristdemokraterna.se\/skelleftea\/vara-politiker\/kommunstyrelse\/","og_site_name":"Kristdemokraterna i Skellefte\u00e5","article_modified_time":"2022-07-02T12:57:51+00:00","og_image":[{"url":"http:\/\/wp.kristdemokraterna.se\/skelleftea\/files\/2022\/07\/220413_204745-jwe-200x300.jpg","type":"","width":"","height":""}],"twitter_card":"summary_large_image","twitter_misc":{"Ber\u00e4knad l\u00e4stid":"1 minut"},"schema":{"@context":"https:\/\/schema.org","@graph":[{"@type":"WebPage","@id":"https:\/\/wp.kristdemokraterna.se\/skelleftea\/vara-politiker\/kommunstyrelse\/","url":"https:\/\/wp.kristdemokraterna.se\/skelleftea\/vara-politiker\/kommunstyrelse\/","name":"Kommunstyrelsen - Kristdemokraterna i Skellefte\u00e5","isPartOf":{"@id":"https:\/\/wp.kristdemokraterna.se\/skelleftea\/#website"},"primaryImageOfPage":{"@id":"https:\/\/wp.kristdemokraterna.se\/skelleftea\/vara-politiker\/kommunstyrelse\/#primaryimage"},"image":{"@id":"https:\/\/wp.kristdemokraterna.se\/skelleftea\/vara-politiker\/kommunstyrelse\/#primaryimage"},"thumbnailUrl":"http:\/\/wp.kristdemokraterna.se\/skelleftea\/files\/2022\/07\/220413_204745-jwe-200x300.jpg","datePublished":"2014-05-02T12:15:44+00:00","dateModified":"2022-07-02T12:57:51+00:00","breadcrumb":{"@id":"https:\/\/wp.kristdemokraterna.se\/skelleftea\/vara-politiker\/kommunstyrelse\/#breadcrumb"},"inLanguage":"sv-SE","potentialAction":[{"@type":"ReadAction","target":["https:\/\/wp.kristdemokraterna.se\/skelleftea\/vara-politiker\/kommunstyrelse\/"]}]},{"@type":"ImageObject","inLanguage":"sv-SE","@id":"https:\/\/wp.kristdemokraterna.se\/skelleftea\/vara-politiker\/kommunstyrelse\/#primaryimage","url":"http:\/\/wp.kristdemokraterna.se\/skelleftea\/files\/2022\/07\/220413_204745-jwe-200x300.jpg","contentUrl":"http:\/\/wp.kristdemokraterna.se\/skelleftea\/files\/2022\/07\/220413_204745-jwe-200x300.jpg"},{"@type":"BreadcrumbList","@id":"https:\/\/wp.kristdemokraterna.se\/skelleftea\/vara-politiker\/kommunstyrelse\/#breadcrumb","itemListElement":[{"@type":"ListItem","position":1,"name":"Hem","item":"https:\/\/wp.kristdemokraterna.se\/skelleftea\/"},{"@type":"ListItem","position":2,"name":"V\u00e5ra politiker","item":"https:\/\/wp.kristdemokraterna.se\/skelleftea\/vara-politiker\/"},{"@type":"ListItem","position":3,"name":"Kommunstyrelsen"}]},{"@type":"WebSite","@id":"https:\/\/wp.kristdemokraterna.se\/skelleftea\/#website","url":"https:\/\/wp.kristdemokraterna.se\/skelleftea\/","name":"Kristdemokraterna i Skellefte\u00e5","description":"Med hj\u00e4rta f\u00f6r Skellefte\u00e5","inLanguage":"sv-SE"}]}},"_links":{"self":[{"href":"https:\/\/wp.kristdemokraterna.se\/skelleftea\/wp-json\/wp\/v2\/pages\/166","targetHints":{"allow":["GET"]}}],"collection":[{"href":"https:\/\/wp.kristdemokraterna.se\/skelleftea\/wp-json\/wp\/v2\/pages"}],"about":[{"href":"https:\/\/wp.kristdemokraterna.se\/skelleftea\/wp-json\/wp\/v2\/types\/page"}],"author":[{"embeddable":true,"href":"https:\/\/wp.kristdemokraterna.se\/skelleftea\/wp-json\/wp\/v2\/users\/598"}],"replies":[{"embeddable":true,"href":"https:\/\/wp.kristdemokraterna.se\/skelleftea\/wp-json\/wp\/v2\/comments?post=166"}],"version-history":[{"count":22,"href":"https:\/\/wp.kristdemokraterna.se\/skelleftea\/wp-json\/wp\/v2\/pages\/166\/revisions"}],"predecessor-version":[{"id":1035,"href":"https:\/\/wp.kristdemokraterna.se\/skelleftea\/wp-json\/wp\/v2\/pages\/166\/revisions\/1035"}],"up":[{"embeddable":true,"href":"https:\/\/wp.kristdemokraterna.se\/skelleftea\/wp-json\/wp\/v2\/pages\/59"}],"wp:attachment":[{"href":"https:\/\/wp.kristdemokraterna.se\/skelleftea\/wp-json\/wp\/v2\/media?parent=166"}],"curies":[{"name":"wp","href":"https:\/\/api.w.org\/{rel}","templated":true}]}}