{"id":61,"date":"2014-04-08T16:29:37","date_gmt":"2014-04-08T14:29:37","guid":{"rendered":"http:\/\/wp.kristdemokraterna.se\/skelleftea\/?page_id=61"},"modified":"2023-01-03T20:10:19","modified_gmt":"2023-01-03T19:10:19","slug":"styrelse","status":"publish","type":"page","link":"https:\/\/wp.kristdemokraterna.se\/skelleftea\/vara-politiker\/styrelse\/","title":{"rendered":"Partiavdelningens styrelse"},"content":{"rendered":"<p><img loading=\"lazy\" decoding=\"async\" class=\"alignnone wp-image-912 size-medium\" src=\"http:\/\/wp.kristdemokraterna.se\/skelleftea\/files\/2021\/10\/per-scaled-e1635510344216-300x300.jpg\" alt=\"\" width=\"300\" height=\"300\" srcset=\"https:\/\/wp.kristdemokraterna.se\/skelleftea\/files\/2021\/10\/per-scaled-e1635510344216-300x300.jpg 300w, https:\/\/wp.kristdemokraterna.se\/skelleftea\/files\/2021\/10\/per-scaled-e1635510344216-540x540.jpg 540w, https:\/\/wp.kristdemokraterna.se\/skelleftea\/files\/2021\/10\/per-scaled-e1635510344216-150x150.jpg 150w, https:\/\/wp.kristdemokraterna.se\/skelleftea\/files\/2021\/10\/per-scaled-e1635510344216-768x768.jpg 768w, https:\/\/wp.kristdemokraterna.se\/skelleftea\/files\/2021\/10\/per-scaled-e1635510344216-1536x1536.jpg 1536w, https:\/\/wp.kristdemokraterna.se\/skelleftea\/files\/2021\/10\/per-scaled-e1635510344216-200x200.jpg 200w, https:\/\/wp.kristdemokraterna.se\/skelleftea\/files\/2021\/10\/per-scaled-e1635510344216-370x370.jpg 370w, https:\/\/wp.kristdemokraterna.se\/skelleftea\/files\/2021\/10\/per-scaled-e1635510344216-90x90.jpg 90w, https:\/\/wp.kristdemokraterna.se\/skelleftea\/files\/2021\/10\/per-scaled-e1635510344216-770x770.jpg 770w, https:\/\/wp.kristdemokraterna.se\/skelleftea\/files\/2021\/10\/per-scaled-e1635510344216-450x450.jpg 450w, https:\/\/wp.kristdemokraterna.se\/skelleftea\/files\/2021\/10\/per-scaled-e1635510344216-280x280.jpg 280w, https:\/\/wp.kristdemokraterna.se\/skelleftea\/files\/2021\/10\/per-scaled-e1635510344216-340x340.jpg 340w, https:\/\/wp.kristdemokraterna.se\/skelleftea\/files\/2021\/10\/per-scaled-e1635510344216-56x56.jpg 56w, https:\/\/wp.kristdemokraterna.se\/skelleftea\/files\/2021\/10\/per-scaled-e1635510344216.jpg 1696w\" sizes=\"auto, (max-width: 300px) 100vw, 300px\" \/><\/p>\n<p><strong>Per Bostr\u00f6m, Ordf\u00f6rande<br \/>\n<\/strong>E-post: per.bostrom@kristdemokraterna.se<\/p>\n<p>&nbsp;<\/p>\n<p><img loading=\"lazy\" decoding=\"async\" class=\"alignnone wp-image-914 size-medium\" src=\"http:\/\/wp.kristdemokraterna.se\/skelleftea\/files\/2021\/10\/petter-scaled-e1635510432886-300x300.jpg\" alt=\"\" width=\"300\" height=\"300\" srcset=\"https:\/\/wp.kristdemokraterna.se\/skelleftea\/files\/2021\/10\/petter-scaled-e1635510432886-300x300.jpg 300w, https:\/\/wp.kristdemokraterna.se\/skelleftea\/files\/2021\/10\/petter-scaled-e1635510432886-540x540.jpg 540w, https:\/\/wp.kristdemokraterna.se\/skelleftea\/files\/2021\/10\/petter-scaled-e1635510432886-150x150.jpg 150w, https:\/\/wp.kristdemokraterna.se\/skelleftea\/files\/2021\/10\/petter-scaled-e1635510432886-768x768.jpg 768w, https:\/\/wp.kristdemokraterna.se\/skelleftea\/files\/2021\/10\/petter-scaled-e1635510432886-1536x1536.jpg 1536w, https:\/\/wp.kristdemokraterna.se\/skelleftea\/files\/2021\/10\/petter-scaled-e1635510432886-200x200.jpg 200w, https:\/\/wp.kristdemokraterna.se\/skelleftea\/files\/2021\/10\/petter-scaled-e1635510432886-370x370.jpg 370w, https:\/\/wp.kristdemokraterna.se\/skelleftea\/files\/2021\/10\/petter-scaled-e1635510432886-90x90.jpg 90w, https:\/\/wp.kristdemokraterna.se\/skelleftea\/files\/2021\/10\/petter-scaled-e1635510432886-770x770.jpg 770w, https:\/\/wp.kristdemokraterna.se\/skelleftea\/files\/2021\/10\/petter-scaled-e1635510432886-450x450.jpg 450w, https:\/\/wp.kristdemokraterna.se\/skelleftea\/files\/2021\/10\/petter-scaled-e1635510432886-280x280.jpg 280w, https:\/\/wp.kristdemokraterna.se\/skelleftea\/files\/2021\/10\/petter-scaled-e1635510432886-340x340.jpg 340w, https:\/\/wp.kristdemokraterna.se\/skelleftea\/files\/2021\/10\/petter-scaled-e1635510432886-56x56.jpg 56w, https:\/\/wp.kristdemokraterna.se\/skelleftea\/files\/2021\/10\/petter-scaled-e1635510432886.jpg 1696w\" sizes=\"auto, (max-width: 300px) 100vw, 300px\" \/><\/p>\n<p><strong>Petter Ershag, Vice ordf\u00f6rande<br \/>\n<\/strong>E-post: petterershag@hotmail.com<\/p>\n<p>&nbsp;<\/p>\n<p><img loading=\"lazy\" decoding=\"async\" class=\"alignnone size-medium wp-image-263\" src=\"http:\/\/wp.kristdemokraterna.se\/skelleftea\/files\/2014\/05\/lena-forsman-03-e1399380298896-300x276.jpg\" alt=\"\" width=\"300\" height=\"276\" srcset=\"https:\/\/wp.kristdemokraterna.se\/skelleftea\/files\/2014\/05\/lena-forsman-03-e1399380298896-300x276.jpg 300w, https:\/\/wp.kristdemokraterna.se\/skelleftea\/files\/2014\/05\/lena-forsman-03-e1399380298896-540x497.jpg 540w, https:\/\/wp.kristdemokraterna.se\/skelleftea\/files\/2014\/05\/lena-forsman-03-e1399380298896-375x346.jpg 375w, https:\/\/wp.kristdemokraterna.se\/skelleftea\/files\/2014\/05\/lena-forsman-03-e1399380298896-121x112.jpg 121w\" sizes=\"auto, (max-width: 300px) 100vw, 300px\" \/><\/p>\n<p><strong>Lena Forsman, Ledamot<br \/>\n<\/strong>E-post:\u00a0lena.forsman@skelleftea.se<\/p>\n<p>&nbsp;<\/p>\n<p><img loading=\"lazy\" decoding=\"async\" class=\"alignnone wp-image-911 size-medium\" src=\"http:\/\/wp.kristdemokraterna.se\/skelleftea\/files\/2021\/10\/olav-scaled-e1635510519517-300x300.jpg\" alt=\"\" width=\"300\" height=\"300\" srcset=\"https:\/\/wp.kristdemokraterna.se\/skelleftea\/files\/2021\/10\/olav-scaled-e1635510519517-300x300.jpg 300w, https:\/\/wp.kristdemokraterna.se\/skelleftea\/files\/2021\/10\/olav-scaled-e1635510519517-540x540.jpg 540w, https:\/\/wp.kristdemokraterna.se\/skelleftea\/files\/2021\/10\/olav-scaled-e1635510519517-150x150.jpg 150w, https:\/\/wp.kristdemokraterna.se\/skelleftea\/files\/2021\/10\/olav-scaled-e1635510519517-768x768.jpg 768w, https:\/\/wp.kristdemokraterna.se\/skelleftea\/files\/2021\/10\/olav-scaled-e1635510519517-1536x1536.jpg 1536w, https:\/\/wp.kristdemokraterna.se\/skelleftea\/files\/2021\/10\/olav-scaled-e1635510519517-200x200.jpg 200w, https:\/\/wp.kristdemokraterna.se\/skelleftea\/files\/2021\/10\/olav-scaled-e1635510519517-370x370.jpg 370w, https:\/\/wp.kristdemokraterna.se\/skelleftea\/files\/2021\/10\/olav-scaled-e1635510519517-90x90.jpg 90w, https:\/\/wp.kristdemokraterna.se\/skelleftea\/files\/2021\/10\/olav-scaled-e1635510519517-770x770.jpg 770w, https:\/\/wp.kristdemokraterna.se\/skelleftea\/files\/2021\/10\/olav-scaled-e1635510519517-450x450.jpg 450w, https:\/\/wp.kristdemokraterna.se\/skelleftea\/files\/2021\/10\/olav-scaled-e1635510519517-280x280.jpg 280w, https:\/\/wp.kristdemokraterna.se\/skelleftea\/files\/2021\/10\/olav-scaled-e1635510519517-340x340.jpg 340w, https:\/\/wp.kristdemokraterna.se\/skelleftea\/files\/2021\/10\/olav-scaled-e1635510519517-56x56.jpg 56w, https:\/\/wp.kristdemokraterna.se\/skelleftea\/files\/2021\/10\/olav-scaled-e1635510519517.jpg 1696w\" sizes=\"auto, (max-width: 300px) 100vw, 300px\" \/><\/p>\n<p><strong>Olav Eriksson, Ledamot<br \/>\n<\/strong>E-post: olav.eriksson@gmail.com<\/p>\n<p>&nbsp;<\/p>\n<p><img loading=\"lazy\" decoding=\"async\" class=\"alignnone wp-image-913 size-medium\" src=\"http:\/\/wp.kristdemokraterna.se\/skelleftea\/files\/2021\/10\/per-olof-scaled-e1635510584894-300x300.jpg\" alt=\"\" width=\"300\" height=\"300\" srcset=\"https:\/\/wp.kristdemokraterna.se\/skelleftea\/files\/2021\/10\/per-olof-scaled-e1635510584894-300x300.jpg 300w, https:\/\/wp.kristdemokraterna.se\/skelleftea\/files\/2021\/10\/per-olof-scaled-e1635510584894-540x540.jpg 540w, https:\/\/wp.kristdemokraterna.se\/skelleftea\/files\/2021\/10\/per-olof-scaled-e1635510584894-150x150.jpg 150w, https:\/\/wp.kristdemokraterna.se\/skelleftea\/files\/2021\/10\/per-olof-scaled-e1635510584894-768x768.jpg 768w, https:\/\/wp.kristdemokraterna.se\/skelleftea\/files\/2021\/10\/per-olof-scaled-e1635510584894-1536x1536.jpg 1536w, https:\/\/wp.kristdemokraterna.se\/skelleftea\/files\/2021\/10\/per-olof-scaled-e1635510584894-200x200.jpg 200w, https:\/\/wp.kristdemokraterna.se\/skelleftea\/files\/2021\/10\/per-olof-scaled-e1635510584894-370x370.jpg 370w, https:\/\/wp.kristdemokraterna.se\/skelleftea\/files\/2021\/10\/per-olof-scaled-e1635510584894-90x90.jpg 90w, https:\/\/wp.kristdemokraterna.se\/skelleftea\/files\/2021\/10\/per-olof-scaled-e1635510584894-770x770.jpg 770w, https:\/\/wp.kristdemokraterna.se\/skelleftea\/files\/2021\/10\/per-olof-scaled-e1635510584894-450x450.jpg 450w, https:\/\/wp.kristdemokraterna.se\/skelleftea\/files\/2021\/10\/per-olof-scaled-e1635510584894-280x280.jpg 280w, https:\/\/wp.kristdemokraterna.se\/skelleftea\/files\/2021\/10\/per-olof-scaled-e1635510584894-340x340.jpg 340w, https:\/\/wp.kristdemokraterna.se\/skelleftea\/files\/2021\/10\/per-olof-scaled-e1635510584894-56x56.jpg 56w, https:\/\/wp.kristdemokraterna.se\/skelleftea\/files\/2021\/10\/per-olof-scaled-e1635510584894.jpg 1638w\" sizes=\"auto, (max-width: 300px) 100vw, 300px\" \/><\/p>\n<p><strong>Per-Olof Marklund, Ledamot<\/strong><\/p>\n<p>&nbsp;<\/p>\n<p><img loading=\"lazy\" decoding=\"async\" class=\"alignnone wp-image-910 size-medium\" src=\"http:\/\/wp.kristdemokraterna.se\/skelleftea\/files\/2021\/10\/lena-scaled-e1635510819870-300x300.jpg\" alt=\"\" width=\"300\" height=\"300\" srcset=\"https:\/\/wp.kristdemokraterna.se\/skelleftea\/files\/2021\/10\/lena-scaled-e1635510819870-300x300.jpg 300w, https:\/\/wp.kristdemokraterna.se\/skelleftea\/files\/2021\/10\/lena-scaled-e1635510819870-540x540.jpg 540w, https:\/\/wp.kristdemokraterna.se\/skelleftea\/files\/2021\/10\/lena-scaled-e1635510819870-150x150.jpg 150w, https:\/\/wp.kristdemokraterna.se\/skelleftea\/files\/2021\/10\/lena-scaled-e1635510819870-768x768.jpg 768w, https:\/\/wp.kristdemokraterna.se\/skelleftea\/files\/2021\/10\/lena-scaled-e1635510819870-1536x1536.jpg 1536w, https:\/\/wp.kristdemokraterna.se\/skelleftea\/files\/2021\/10\/lena-scaled-e1635510819870-200x200.jpg 200w, https:\/\/wp.kristdemokraterna.se\/skelleftea\/files\/2021\/10\/lena-scaled-e1635510819870-370x370.jpg 370w, https:\/\/wp.kristdemokraterna.se\/skelleftea\/files\/2021\/10\/lena-scaled-e1635510819870-90x90.jpg 90w, https:\/\/wp.kristdemokraterna.se\/skelleftea\/files\/2021\/10\/lena-scaled-e1635510819870-770x770.jpg 770w, https:\/\/wp.kristdemokraterna.se\/skelleftea\/files\/2021\/10\/lena-scaled-e1635510819870-450x450.jpg 450w, https:\/\/wp.kristdemokraterna.se\/skelleftea\/files\/2021\/10\/lena-scaled-e1635510819870-280x280.jpg 280w, https:\/\/wp.kristdemokraterna.se\/skelleftea\/files\/2021\/10\/lena-scaled-e1635510819870-340x340.jpg 340w, https:\/\/wp.kristdemokraterna.se\/skelleftea\/files\/2021\/10\/lena-scaled-e1635510819870-56x56.jpg 56w, https:\/\/wp.kristdemokraterna.se\/skelleftea\/files\/2021\/10\/lena-scaled-e1635510819870.jpg 1696w\" sizes=\"auto, (max-width: 300px) 100vw, 300px\" \/><\/p>\n<p><strong>Lena Sandberg, Adjungerad som representant f\u00f6r Seniorerna<\/strong><\/p>\n<p>&nbsp;<\/p>\n<p><img loading=\"lazy\" decoding=\"async\" class=\"alignnone size-medium wp-image-1165\" src=\"http:\/\/wp.kristdemokraterna.se\/skelleftea\/files\/2022\/12\/20221209_113456-225x300.jpg\" alt=\"Marica Burman\" width=\"225\" height=\"300\" srcset=\"https:\/\/wp.kristdemokraterna.se\/skelleftea\/files\/2022\/12\/20221209_113456-225x300.jpg 225w, https:\/\/wp.kristdemokraterna.se\/skelleftea\/files\/2022\/12\/20221209_113456-405x540.jpg 405w, https:\/\/wp.kristdemokraterna.se\/skelleftea\/files\/2022\/12\/20221209_113456-768x1024.jpg 768w, https:\/\/wp.kristdemokraterna.se\/skelleftea\/files\/2022\/12\/20221209_113456-1152x1536.jpg 1152w, https:\/\/wp.kristdemokraterna.se\/skelleftea\/files\/2022\/12\/20221209_113456-1536x2048.jpg 1536w, https:\/\/wp.kristdemokraterna.se\/skelleftea\/files\/2022\/12\/20221209_113456-150x200.jpg 150w, https:\/\/wp.kristdemokraterna.se\/skelleftea\/files\/2022\/12\/20221209_113456-370x493.jpg 370w, https:\/\/wp.kristdemokraterna.se\/skelleftea\/files\/2022\/12\/20221209_113456-770x1027.jpg 770w, https:\/\/wp.kristdemokraterna.se\/skelleftea\/files\/2022\/12\/20221209_113456-450x600.jpg 450w, https:\/\/wp.kristdemokraterna.se\/skelleftea\/files\/2022\/12\/20221209_113456-280x373.jpg 280w, https:\/\/wp.kristdemokraterna.se\/skelleftea\/files\/2022\/12\/20221209_113456-340x453.jpg 340w, https:\/\/wp.kristdemokraterna.se\/skelleftea\/files\/2022\/12\/20221209_113456-42x56.jpg 42w, https:\/\/wp.kristdemokraterna.se\/skelleftea\/files\/2022\/12\/20221209_113456-scaled.jpg 1920w\" sizes=\"auto, (max-width: 225px) 100vw, 225px\" \/><\/p>\n<p><strong>Marica Burman, Ledamot.<\/strong><br \/>\nmarica.burman@kristdemokraterna.se<\/p>\n<p>&nbsp;<\/p>\n<p><strong>Anders Wangby, Ers\u00e4ttare<\/strong><\/p>\n<p>&nbsp;<\/p>\n<p><strong>Elvy Mellerg\u00e5rd, Kass\u00f6r<\/strong><br \/>\nE-post: elwy_mg@hotmail.com<\/p>\n<p>&nbsp;<\/p>\n","protected":false},"excerpt":{"rendered":"<p>Per Bostr\u00f6m, Ordf\u00f6rande E-post: per.bostrom@kristdemokraterna.se &nbsp; Petter Ershag, Vice ordf\u00f6rande E-post: petterershag@hotmail.com &nbsp; Lena Forsman, Ledamot E-post:\u00a0lena.forsman@skelleftea.se &nbsp; Olav Eriksson, Ledamot E-post: olav.eriksson@gmail.com &nbsp; Per-Olof Marklund, Ledamot &nbsp; Lena Sandberg, Adjungerad som representant f\u00f6r Seniorerna &nbsp; Marica Burman, Ledamot. marica.burman@kristdemokraterna.se &nbsp; Anders Wangby, Ers\u00e4ttare &nbsp; Elvy Mellerg\u00e5rd, Kass\u00f6r E-post: elwy_mg@hotmail.com &nbsp;<\/p>\n","protected":false},"author":598,"featured_media":0,"parent":59,"menu_order":3,"comment_status":"closed","ping_status":"closed","template":"","meta":{"_acf_changed":false,"footnotes":""},"class_list":["post-61","page","type-page","status-publish","hentry"],"acf":[],"yoast_head":"<!-- This site is optimized with the Yoast SEO plugin v27.3 - https:\/\/yoast.com\/product\/yoast-seo-wordpress\/ -->\n<title>Partiavdelningens styrelse - Kristdemokraterna i Skellefte\u00e5<\/title>\n<meta name=\"robots\" content=\"index, follow, max-snippet:-1, max-image-preview:large, max-video-preview:-1\" \/>\n<link rel=\"canonical\" href=\"https:\/\/wp.kristdemokraterna.se\/skelleftea\/vara-politiker\/styrelse\/\" \/>\n<meta property=\"og:locale\" content=\"sv_SE\" \/>\n<meta property=\"og:type\" content=\"article\" \/>\n<meta property=\"og:title\" content=\"Partiavdelningens styrelse - Kristdemokraterna i Skellefte\u00e5\" \/>\n<meta property=\"og:description\" content=\"Per Bostr\u00f6m, Ordf\u00f6rande E-post: per.bostrom@kristdemokraterna.se &nbsp; Petter Ershag, Vice ordf\u00f6rande E-post: petterershag@hotmail.com &nbsp; Lena Forsman, Ledamot E-post:\u00a0lena.forsman@skelleftea.se &nbsp; Olav Eriksson, Ledamot E-post: olav.eriksson@gmail.com &nbsp; Per-Olof Marklund, Ledamot &nbsp; Lena Sandberg, Adjungerad som representant f\u00f6r Seniorerna &nbsp; Marica Burman, Ledamot. marica.burman@kristdemokraterna.se &nbsp; Anders Wangby, Ers\u00e4ttare &nbsp; Elvy Mellerg\u00e5rd, Kass\u00f6r E-post: elwy_mg@hotmail.com &nbsp;\" \/>\n<meta property=\"og:url\" content=\"https:\/\/wp.kristdemokraterna.se\/skelleftea\/vara-politiker\/styrelse\/\" \/>\n<meta property=\"og:site_name\" content=\"Kristdemokraterna i Skellefte\u00e5\" \/>\n<meta property=\"article:modified_time\" content=\"2023-01-03T19:10:19+00:00\" \/>\n<meta property=\"og:image\" content=\"http:\/\/wp.kristdemokraterna.se\/skelleftea\/files\/2021\/10\/per-scaled-e1635510344216-300x300.jpg\" \/>\n<meta name=\"twitter:card\" content=\"summary_large_image\" \/>\n<meta name=\"twitter:label1\" content=\"Ber\u00e4knad l\u00e4stid\" \/>\n\t<meta name=\"twitter:data1\" content=\"2 minuter\" \/>\n<script type=\"application\/ld+json\" class=\"yoast-schema-graph\">{\"@context\":\"https:\\\/\\\/schema.org\",\"@graph\":[{\"@type\":\"WebPage\",\"@id\":\"https:\\\/\\\/wp.kristdemokraterna.se\\\/skelleftea\\\/vara-politiker\\\/styrelse\\\/\",\"url\":\"https:\\\/\\\/wp.kristdemokraterna.se\\\/skelleftea\\\/vara-politiker\\\/styrelse\\\/\",\"name\":\"Partiavdelningens styrelse - Kristdemokraterna i Skellefte\u00e5\",\"isPartOf\":{\"@id\":\"https:\\\/\\\/wp.kristdemokraterna.se\\\/skelleftea\\\/#website\"},\"primaryImageOfPage\":{\"@id\":\"https:\\\/\\\/wp.kristdemokraterna.se\\\/skelleftea\\\/vara-politiker\\\/styrelse\\\/#primaryimage\"},\"image\":{\"@id\":\"https:\\\/\\\/wp.kristdemokraterna.se\\\/skelleftea\\\/vara-politiker\\\/styrelse\\\/#primaryimage\"},\"thumbnailUrl\":\"http:\\\/\\\/wp.kristdemokraterna.se\\\/skelleftea\\\/files\\\/2021\\\/10\\\/per-scaled-e1635510344216-300x300.jpg\",\"datePublished\":\"2014-04-08T14:29:37+00:00\",\"dateModified\":\"2023-01-03T19:10:19+00:00\",\"breadcrumb\":{\"@id\":\"https:\\\/\\\/wp.kristdemokraterna.se\\\/skelleftea\\\/vara-politiker\\\/styrelse\\\/#breadcrumb\"},\"inLanguage\":\"sv-SE\",\"potentialAction\":[{\"@type\":\"ReadAction\",\"target\":[\"https:\\\/\\\/wp.kristdemokraterna.se\\\/skelleftea\\\/vara-politiker\\\/styrelse\\\/\"]}]},{\"@type\":\"ImageObject\",\"inLanguage\":\"sv-SE\",\"@id\":\"https:\\\/\\\/wp.kristdemokraterna.se\\\/skelleftea\\\/vara-politiker\\\/styrelse\\\/#primaryimage\",\"url\":\"http:\\\/\\\/wp.kristdemokraterna.se\\\/skelleftea\\\/files\\\/2021\\\/10\\\/per-scaled-e1635510344216-300x300.jpg\",\"contentUrl\":\"http:\\\/\\\/wp.kristdemokraterna.se\\\/skelleftea\\\/files\\\/2021\\\/10\\\/per-scaled-e1635510344216-300x300.jpg\"},{\"@type\":\"BreadcrumbList\",\"@id\":\"https:\\\/\\\/wp.kristdemokraterna.se\\\/skelleftea\\\/vara-politiker\\\/styrelse\\\/#breadcrumb\",\"itemListElement\":[{\"@type\":\"ListItem\",\"position\":1,\"name\":\"Hem\",\"item\":\"https:\\\/\\\/wp.kristdemokraterna.se\\\/skelleftea\\\/\"},{\"@type\":\"ListItem\",\"position\":2,\"name\":\"V\u00e5ra politiker\",\"item\":\"https:\\\/\\\/wp.kristdemokraterna.se\\\/skelleftea\\\/vara-politiker\\\/\"},{\"@type\":\"ListItem\",\"position\":3,\"name\":\"Partiavdelningens styrelse\"}]},{\"@type\":\"WebSite\",\"@id\":\"https:\\\/\\\/wp.kristdemokraterna.se\\\/skelleftea\\\/#website\",\"url\":\"https:\\\/\\\/wp.kristdemokraterna.se\\\/skelleftea\\\/\",\"name\":\"Kristdemokraterna i Skellefte\u00e5\",\"description\":\"Med hj\u00e4rta f\u00f6r Skellefte\u00e5\",\"inLanguage\":\"sv-SE\"}]}<\/script>\n<!-- \/ Yoast SEO plugin. -->","yoast_head_json":{"title":"Partiavdelningens styrelse - Kristdemokraterna i Skellefte\u00e5","robots":{"index":"index","follow":"follow","max-snippet":"max-snippet:-1","max-image-preview":"max-image-preview:large","max-video-preview":"max-video-preview:-1"},"canonical":"https:\/\/wp.kristdemokraterna.se\/skelleftea\/vara-politiker\/styrelse\/","og_locale":"sv_SE","og_type":"article","og_title":"Partiavdelningens styrelse - Kristdemokraterna i Skellefte\u00e5","og_description":"Per Bostr\u00f6m, Ordf\u00f6rande E-post: per.bostrom@kristdemokraterna.se &nbsp; Petter Ershag, Vice ordf\u00f6rande E-post: petterershag@hotmail.com &nbsp; Lena Forsman, Ledamot E-post:\u00a0lena.forsman@skelleftea.se &nbsp; Olav Eriksson, Ledamot E-post: olav.eriksson@gmail.com &nbsp; Per-Olof Marklund, Ledamot &nbsp; Lena Sandberg, Adjungerad som representant f\u00f6r Seniorerna &nbsp; Marica Burman, Ledamot. marica.burman@kristdemokraterna.se &nbsp; Anders Wangby, Ers\u00e4ttare &nbsp; Elvy Mellerg\u00e5rd, Kass\u00f6r E-post: elwy_mg@hotmail.com &nbsp;","og_url":"https:\/\/wp.kristdemokraterna.se\/skelleftea\/vara-politiker\/styrelse\/","og_site_name":"Kristdemokraterna i Skellefte\u00e5","article_modified_time":"2023-01-03T19:10:19+00:00","og_image":[{"url":"http:\/\/wp.kristdemokraterna.se\/skelleftea\/files\/2021\/10\/per-scaled-e1635510344216-300x300.jpg","type":"","width":"","height":""}],"twitter_card":"summary_large_image","twitter_misc":{"Ber\u00e4knad l\u00e4stid":"2 minuter"},"schema":{"@context":"https:\/\/schema.org","@graph":[{"@type":"WebPage","@id":"https:\/\/wp.kristdemokraterna.se\/skelleftea\/vara-politiker\/styrelse\/","url":"https:\/\/wp.kristdemokraterna.se\/skelleftea\/vara-politiker\/styrelse\/","name":"Partiavdelningens styrelse - Kristdemokraterna i Skellefte\u00e5","isPartOf":{"@id":"https:\/\/wp.kristdemokraterna.se\/skelleftea\/#website"},"primaryImageOfPage":{"@id":"https:\/\/wp.kristdemokraterna.se\/skelleftea\/vara-politiker\/styrelse\/#primaryimage"},"image":{"@id":"https:\/\/wp.kristdemokraterna.se\/skelleftea\/vara-politiker\/styrelse\/#primaryimage"},"thumbnailUrl":"http:\/\/wp.kristdemokraterna.se\/skelleftea\/files\/2021\/10\/per-scaled-e1635510344216-300x300.jpg","datePublished":"2014-04-08T14:29:37+00:00","dateModified":"2023-01-03T19:10:19+00:00","breadcrumb":{"@id":"https:\/\/wp.kristdemokraterna.se\/skelleftea\/vara-politiker\/styrelse\/#breadcrumb"},"inLanguage":"sv-SE","potentialAction":[{"@type":"ReadAction","target":["https:\/\/wp.kristdemokraterna.se\/skelleftea\/vara-politiker\/styrelse\/"]}]},{"@type":"ImageObject","inLanguage":"sv-SE","@id":"https:\/\/wp.kristdemokraterna.se\/skelleftea\/vara-politiker\/styrelse\/#primaryimage","url":"http:\/\/wp.kristdemokraterna.se\/skelleftea\/files\/2021\/10\/per-scaled-e1635510344216-300x300.jpg","contentUrl":"http:\/\/wp.kristdemokraterna.se\/skelleftea\/files\/2021\/10\/per-scaled-e1635510344216-300x300.jpg"},{"@type":"BreadcrumbList","@id":"https:\/\/wp.kristdemokraterna.se\/skelleftea\/vara-politiker\/styrelse\/#breadcrumb","itemListElement":[{"@type":"ListItem","position":1,"name":"Hem","item":"https:\/\/wp.kristdemokraterna.se\/skelleftea\/"},{"@type":"ListItem","position":2,"name":"V\u00e5ra politiker","item":"https:\/\/wp.kristdemokraterna.se\/skelleftea\/vara-politiker\/"},{"@type":"ListItem","position":3,"name":"Partiavdelningens styrelse"}]},{"@type":"WebSite","@id":"https:\/\/wp.kristdemokraterna.se\/skelleftea\/#website","url":"https:\/\/wp.kristdemokraterna.se\/skelleftea\/","name":"Kristdemokraterna i Skellefte\u00e5","description":"Med hj\u00e4rta f\u00f6r Skellefte\u00e5","inLanguage":"sv-SE"}]}},"_links":{"self":[{"href":"https:\/\/wp.kristdemokraterna.se\/skelleftea\/wp-json\/wp\/v2\/pages\/61","targetHints":{"allow":["GET"]}}],"collection":[{"href":"https:\/\/wp.kristdemokraterna.se\/skelleftea\/wp-json\/wp\/v2\/pages"}],"about":[{"href":"https:\/\/wp.kristdemokraterna.se\/skelleftea\/wp-json\/wp\/v2\/types\/page"}],"author":[{"embeddable":true,"href":"https:\/\/wp.kristdemokraterna.se\/skelleftea\/wp-json\/wp\/v2\/users\/598"}],"replies":[{"embeddable":true,"href":"https:\/\/wp.kristdemokraterna.se\/skelleftea\/wp-json\/wp\/v2\/comments?post=61"}],"version-history":[{"count":64,"href":"https:\/\/wp.kristdemokraterna.se\/skelleftea\/wp-json\/wp\/v2\/pages\/61\/revisions"}],"predecessor-version":[{"id":1169,"href":"https:\/\/wp.kristdemokraterna.se\/skelleftea\/wp-json\/wp\/v2\/pages\/61\/revisions\/1169"}],"up":[{"embeddable":true,"href":"https:\/\/wp.kristdemokraterna.se\/skelleftea\/wp-json\/wp\/v2\/pages\/59"}],"wp:attachment":[{"href":"https:\/\/wp.kristdemokraterna.se\/skelleftea\/wp-json\/wp\/v2\/media?parent=61"}],"curies":[{"name":"wp","href":"https:\/\/api.w.org\/{rel}","templated":true}]}}