{"id":8,"date":"2012-11-19T15:56:50","date_gmt":"2012-11-19T14:56:50","guid":{"rendered":"http:\/\/wp.kristdemokraterna.se\/skelleftea\/?page_id=8"},"modified":"2022-01-28T14:57:19","modified_gmt":"2022-01-28T13:57:19","slug":"kontakta-oss","status":"publish","type":"page","link":"https:\/\/wp.kristdemokraterna.se\/skelleftea\/kontakta-oss\/","title":{"rendered":"Kontakta oss"},"content":{"rendered":"<p><strong>Kristdemokraterna\u00a0<\/strong><strong>Skellefte\u00e5<\/strong><\/p>\n<p>&nbsp;<\/p>\n<p><strong>Gruppledare: <\/strong><\/p>\n<p><img loading=\"lazy\" decoding=\"async\" class=\"alignnone wp-image-789 size-medium\" src=\"http:\/\/wp.kristdemokraterna.se\/skelleftea\/files\/2021\/09\/received_604342174077184-225x300.jpeg\" alt=\"KD Skellefte\u00e5\" width=\"225\" height=\"300\" srcset=\"https:\/\/wp.kristdemokraterna.se\/skelleftea\/files\/2021\/09\/received_604342174077184-225x300.jpeg 225w, https:\/\/wp.kristdemokraterna.se\/skelleftea\/files\/2021\/09\/received_604342174077184-405x540.jpeg 405w, https:\/\/wp.kristdemokraterna.se\/skelleftea\/files\/2021\/09\/received_604342174077184-150x200.jpeg 150w, https:\/\/wp.kristdemokraterna.se\/skelleftea\/files\/2021\/09\/received_604342174077184-370x493.jpeg 370w, https:\/\/wp.kristdemokraterna.se\/skelleftea\/files\/2021\/09\/received_604342174077184-450x600.jpeg 450w, https:\/\/wp.kristdemokraterna.se\/skelleftea\/files\/2021\/09\/received_604342174077184-280x373.jpeg 280w, https:\/\/wp.kristdemokraterna.se\/skelleftea\/files\/2021\/09\/received_604342174077184-340x453.jpeg 340w, https:\/\/wp.kristdemokraterna.se\/skelleftea\/files\/2021\/09\/received_604342174077184-42x56.jpeg 42w, https:\/\/wp.kristdemokraterna.se\/skelleftea\/files\/2021\/09\/received_604342174077184.jpeg 567w\" sizes=\"auto, (max-width: 225px) 100vw, 225px\" \/><a href=\"http:\/\/wp.kristdemokraterna.se\/skelleftea\/files\/2014\/05\/lennart-hagglund-01.jpg\">\u00a0<\/a><\/p>\n<p><strong>Per Bostr\u00f6m<\/strong><\/p>\n<p>E-post: <a href=\"mailto:per.bostrom@kristdemokraterna.se\">per.bostrom@kristdemokraterna.se<\/a><\/p>\n<p>&nbsp;<\/p>\n<p>&nbsp;<\/p>\n","protected":false},"excerpt":{"rendered":"<p>Kristdemokraterna\u00a0Skellefte\u00e5 &nbsp; Gruppledare: \u00a0 Per Bostr\u00f6m E-post: per.bostrom@kristdemokraterna.se &nbsp; &nbsp;<\/p>\n","protected":false},"author":598,"featured_media":0,"parent":0,"menu_order":5,"comment_status":"closed","ping_status":"closed","template":"","meta":{"_acf_changed":false,"footnotes":""},"class_list":["post-8","page","type-page","status-publish","hentry"],"acf":[],"yoast_head":"<!-- This site is optimized with the Yoast SEO plugin v27.3 - https:\/\/yoast.com\/product\/yoast-seo-wordpress\/ -->\n<title>Kontakta oss - Kristdemokraterna i Skellefte\u00e5<\/title>\n<meta name=\"robots\" content=\"index, follow, max-snippet:-1, max-image-preview:large, max-video-preview:-1\" \/>\n<link rel=\"canonical\" href=\"https:\/\/wp.kristdemokraterna.se\/skelleftea\/kontakta-oss\/\" \/>\n<meta property=\"og:locale\" content=\"sv_SE\" \/>\n<meta property=\"og:type\" content=\"article\" \/>\n<meta property=\"og:title\" content=\"Kontakta oss - Kristdemokraterna i Skellefte\u00e5\" \/>\n<meta property=\"og:description\" content=\"Kristdemokraterna\u00a0Skellefte\u00e5 &nbsp; Gruppledare: \u00a0 Per Bostr\u00f6m E-post: per.bostrom@kristdemokraterna.se &nbsp; &nbsp;\" \/>\n<meta property=\"og:url\" content=\"https:\/\/wp.kristdemokraterna.se\/skelleftea\/kontakta-oss\/\" \/>\n<meta property=\"og:site_name\" content=\"Kristdemokraterna i Skellefte\u00e5\" \/>\n<meta property=\"article:modified_time\" content=\"2022-01-28T13:57:19+00:00\" \/>\n<meta property=\"og:image\" content=\"http:\/\/wp.kristdemokraterna.se\/skelleftea\/files\/2021\/09\/received_604342174077184-225x300.jpeg\" \/>\n<meta name=\"twitter:card\" content=\"summary_large_image\" \/>\n<meta name=\"twitter:label1\" content=\"Ber\u00e4knad l\u00e4stid\" \/>\n\t<meta name=\"twitter:data1\" content=\"1 minut\" \/>\n<script type=\"application\/ld+json\" class=\"yoast-schema-graph\">{\"@context\":\"https:\\\/\\\/schema.org\",\"@graph\":[{\"@type\":\"WebPage\",\"@id\":\"https:\\\/\\\/wp.kristdemokraterna.se\\\/skelleftea\\\/kontakta-oss\\\/\",\"url\":\"https:\\\/\\\/wp.kristdemokraterna.se\\\/skelleftea\\\/kontakta-oss\\\/\",\"name\":\"Kontakta oss - Kristdemokraterna i Skellefte\u00e5\",\"isPartOf\":{\"@id\":\"https:\\\/\\\/wp.kristdemokraterna.se\\\/skelleftea\\\/#website\"},\"primaryImageOfPage\":{\"@id\":\"https:\\\/\\\/wp.kristdemokraterna.se\\\/skelleftea\\\/kontakta-oss\\\/#primaryimage\"},\"image\":{\"@id\":\"https:\\\/\\\/wp.kristdemokraterna.se\\\/skelleftea\\\/kontakta-oss\\\/#primaryimage\"},\"thumbnailUrl\":\"http:\\\/\\\/wp.kristdemokraterna.se\\\/skelleftea\\\/files\\\/2021\\\/09\\\/received_604342174077184-225x300.jpeg\",\"datePublished\":\"2012-11-19T14:56:50+00:00\",\"dateModified\":\"2022-01-28T13:57:19+00:00\",\"breadcrumb\":{\"@id\":\"https:\\\/\\\/wp.kristdemokraterna.se\\\/skelleftea\\\/kontakta-oss\\\/#breadcrumb\"},\"inLanguage\":\"sv-SE\",\"potentialAction\":[{\"@type\":\"ReadAction\",\"target\":[\"https:\\\/\\\/wp.kristdemokraterna.se\\\/skelleftea\\\/kontakta-oss\\\/\"]}]},{\"@type\":\"ImageObject\",\"inLanguage\":\"sv-SE\",\"@id\":\"https:\\\/\\\/wp.kristdemokraterna.se\\\/skelleftea\\\/kontakta-oss\\\/#primaryimage\",\"url\":\"http:\\\/\\\/wp.kristdemokraterna.se\\\/skelleftea\\\/files\\\/2021\\\/09\\\/received_604342174077184-225x300.jpeg\",\"contentUrl\":\"http:\\\/\\\/wp.kristdemokraterna.se\\\/skelleftea\\\/files\\\/2021\\\/09\\\/received_604342174077184-225x300.jpeg\"},{\"@type\":\"BreadcrumbList\",\"@id\":\"https:\\\/\\\/wp.kristdemokraterna.se\\\/skelleftea\\\/kontakta-oss\\\/#breadcrumb\",\"itemListElement\":[{\"@type\":\"ListItem\",\"position\":1,\"name\":\"Hem\",\"item\":\"https:\\\/\\\/wp.kristdemokraterna.se\\\/skelleftea\\\/\"},{\"@type\":\"ListItem\",\"position\":2,\"name\":\"Kontakta oss\"}]},{\"@type\":\"WebSite\",\"@id\":\"https:\\\/\\\/wp.kristdemokraterna.se\\\/skelleftea\\\/#website\",\"url\":\"https:\\\/\\\/wp.kristdemokraterna.se\\\/skelleftea\\\/\",\"name\":\"Kristdemokraterna i Skellefte\u00e5\",\"description\":\"Med hj\u00e4rta f\u00f6r Skellefte\u00e5\",\"inLanguage\":\"sv-SE\"}]}<\/script>\n<!-- \/ Yoast SEO plugin. -->","yoast_head_json":{"title":"Kontakta oss - Kristdemokraterna i Skellefte\u00e5","robots":{"index":"index","follow":"follow","max-snippet":"max-snippet:-1","max-image-preview":"max-image-preview:large","max-video-preview":"max-video-preview:-1"},"canonical":"https:\/\/wp.kristdemokraterna.se\/skelleftea\/kontakta-oss\/","og_locale":"sv_SE","og_type":"article","og_title":"Kontakta oss - Kristdemokraterna i Skellefte\u00e5","og_description":"Kristdemokraterna\u00a0Skellefte\u00e5 &nbsp; Gruppledare: \u00a0 Per Bostr\u00f6m E-post: per.bostrom@kristdemokraterna.se &nbsp; &nbsp;","og_url":"https:\/\/wp.kristdemokraterna.se\/skelleftea\/kontakta-oss\/","og_site_name":"Kristdemokraterna i Skellefte\u00e5","article_modified_time":"2022-01-28T13:57:19+00:00","og_image":[{"url":"http:\/\/wp.kristdemokraterna.se\/skelleftea\/files\/2021\/09\/received_604342174077184-225x300.jpeg","type":"","width":"","height":""}],"twitter_card":"summary_large_image","twitter_misc":{"Ber\u00e4knad l\u00e4stid":"1 minut"},"schema":{"@context":"https:\/\/schema.org","@graph":[{"@type":"WebPage","@id":"https:\/\/wp.kristdemokraterna.se\/skelleftea\/kontakta-oss\/","url":"https:\/\/wp.kristdemokraterna.se\/skelleftea\/kontakta-oss\/","name":"Kontakta oss - Kristdemokraterna i Skellefte\u00e5","isPartOf":{"@id":"https:\/\/wp.kristdemokraterna.se\/skelleftea\/#website"},"primaryImageOfPage":{"@id":"https:\/\/wp.kristdemokraterna.se\/skelleftea\/kontakta-oss\/#primaryimage"},"image":{"@id":"https:\/\/wp.kristdemokraterna.se\/skelleftea\/kontakta-oss\/#primaryimage"},"thumbnailUrl":"http:\/\/wp.kristdemokraterna.se\/skelleftea\/files\/2021\/09\/received_604342174077184-225x300.jpeg","datePublished":"2012-11-19T14:56:50+00:00","dateModified":"2022-01-28T13:57:19+00:00","breadcrumb":{"@id":"https:\/\/wp.kristdemokraterna.se\/skelleftea\/kontakta-oss\/#breadcrumb"},"inLanguage":"sv-SE","potentialAction":[{"@type":"ReadAction","target":["https:\/\/wp.kristdemokraterna.se\/skelleftea\/kontakta-oss\/"]}]},{"@type":"ImageObject","inLanguage":"sv-SE","@id":"https:\/\/wp.kristdemokraterna.se\/skelleftea\/kontakta-oss\/#primaryimage","url":"http:\/\/wp.kristdemokraterna.se\/skelleftea\/files\/2021\/09\/received_604342174077184-225x300.jpeg","contentUrl":"http:\/\/wp.kristdemokraterna.se\/skelleftea\/files\/2021\/09\/received_604342174077184-225x300.jpeg"},{"@type":"BreadcrumbList","@id":"https:\/\/wp.kristdemokraterna.se\/skelleftea\/kontakta-oss\/#breadcrumb","itemListElement":[{"@type":"ListItem","position":1,"name":"Hem","item":"https:\/\/wp.kristdemokraterna.se\/skelleftea\/"},{"@type":"ListItem","position":2,"name":"Kontakta oss"}]},{"@type":"WebSite","@id":"https:\/\/wp.kristdemokraterna.se\/skelleftea\/#website","url":"https:\/\/wp.kristdemokraterna.se\/skelleftea\/","name":"Kristdemokraterna i Skellefte\u00e5","description":"Med hj\u00e4rta f\u00f6r Skellefte\u00e5","inLanguage":"sv-SE"}]}},"_links":{"self":[{"href":"https:\/\/wp.kristdemokraterna.se\/skelleftea\/wp-json\/wp\/v2\/pages\/8","targetHints":{"allow":["GET"]}}],"collection":[{"href":"https:\/\/wp.kristdemokraterna.se\/skelleftea\/wp-json\/wp\/v2\/pages"}],"about":[{"href":"https:\/\/wp.kristdemokraterna.se\/skelleftea\/wp-json\/wp\/v2\/types\/page"}],"author":[{"embeddable":true,"href":"https:\/\/wp.kristdemokraterna.se\/skelleftea\/wp-json\/wp\/v2\/users\/598"}],"replies":[{"embeddable":true,"href":"https:\/\/wp.kristdemokraterna.se\/skelleftea\/wp-json\/wp\/v2\/comments?post=8"}],"version-history":[{"count":41,"href":"https:\/\/wp.kristdemokraterna.se\/skelleftea\/wp-json\/wp\/v2\/pages\/8\/revisions"}],"predecessor-version":[{"id":968,"href":"https:\/\/wp.kristdemokraterna.se\/skelleftea\/wp-json\/wp\/v2\/pages\/8\/revisions\/968"}],"wp:attachment":[{"href":"https:\/\/wp.kristdemokraterna.se\/skelleftea\/wp-json\/wp\/v2\/media?parent=8"}],"curies":[{"name":"wp","href":"https:\/\/api.w.org\/{rel}","templated":true}]}}