{"id":827,"date":"2021-10-09T16:39:47","date_gmt":"2021-10-09T14:39:47","guid":{"rendered":"https:\/\/wp.kristdemokraterna.se\/skelleftea\/?page_id=827"},"modified":"2022-07-06T22:11:03","modified_gmt":"2022-07-06T20:11:03","slug":"var-vision","status":"publish","type":"page","link":"https:\/\/wp.kristdemokraterna.se\/skelleftea\/var-vision\/","title":{"rendered":"V\u00e5r Vision"},"content":{"rendered":"<p align=\"left\"><img loading=\"lazy\" decoding=\"async\" class=\"alignnone size-medium wp-image-1086\" src=\"http:\/\/wp.kristdemokraterna.se\/skelleftea\/files\/2022\/07\/ahd2022-delningsbild-300x300.png\" alt=\"Skellefte\u00e5\" width=\"300\" height=\"300\" srcset=\"https:\/\/wp.kristdemokraterna.se\/skelleftea\/files\/2022\/07\/ahd2022-delningsbild-300x300.png 300w, https:\/\/wp.kristdemokraterna.se\/skelleftea\/files\/2022\/07\/ahd2022-delningsbild-540x540.png 540w, https:\/\/wp.kristdemokraterna.se\/skelleftea\/files\/2022\/07\/ahd2022-delningsbild-150x150.png 150w, https:\/\/wp.kristdemokraterna.se\/skelleftea\/files\/2022\/07\/ahd2022-delningsbild-768x768.png 768w, https:\/\/wp.kristdemokraterna.se\/skelleftea\/files\/2022\/07\/ahd2022-delningsbild-1536x1536.png 1536w, https:\/\/wp.kristdemokraterna.se\/skelleftea\/files\/2022\/07\/ahd2022-delningsbild-2048x2048.png 2048w, https:\/\/wp.kristdemokraterna.se\/skelleftea\/files\/2022\/07\/ahd2022-delningsbild-200x200.png 200w, https:\/\/wp.kristdemokraterna.se\/skelleftea\/files\/2022\/07\/ahd2022-delningsbild-370x370.png 370w, https:\/\/wp.kristdemokraterna.se\/skelleftea\/files\/2022\/07\/ahd2022-delningsbild-90x90.png 90w, https:\/\/wp.kristdemokraterna.se\/skelleftea\/files\/2022\/07\/ahd2022-delningsbild-770x770.png 770w, https:\/\/wp.kristdemokraterna.se\/skelleftea\/files\/2022\/07\/ahd2022-delningsbild-450x450.png 450w, https:\/\/wp.kristdemokraterna.se\/skelleftea\/files\/2022\/07\/ahd2022-delningsbild-280x280.png 280w, https:\/\/wp.kristdemokraterna.se\/skelleftea\/files\/2022\/07\/ahd2022-delningsbild-340x340.png 340w, https:\/\/wp.kristdemokraterna.se\/skelleftea\/files\/2022\/07\/ahd2022-delningsbild-56x56.png 56w\" sizes=\"auto, (max-width: 300px) 100vw, 300px\" \/><\/p>\n<h2 align=\"left\"><span style=\"color: #050505;font-family: Segoe UI Historic, Segoe UI, Helvetica, Arial, sans-serif;font-size: medium\"><b>Kristdemokraterna &#8211; med hj\u00e4rta f\u00f6r Skellefte\u00e5<\/b><\/span><\/h2>\n<p><span style=\"color: #050505\"><span style=\"font-family: Segoe UI Historic, Segoe UI, Helvetica, Arial, sans-serif\"><span style=\"font-size: medium\">Skellefte\u00e5 kommun \u00e4r stor och vidstr\u00e4ckt med m\u00e5nga orter. Det h\u00e4nder mycket inom v\u00e5r centralort. Northvolt etablering inneb\u00e4r stor inflyttning med allt vad det inneb\u00e4r av byggnation av bost\u00e4der, infrastruktur och \u00f6kning av annan k\u00e4rnverksamhet. Sara Kulturhus \u00e4r f\u00e4rdigt att ta del av med dess verksamhet. M<\/span><\/span><\/span><span style=\"color: #050505\"><span style=\"font-family: Segoe UI Historic, Segoe UI, Helvetica, Arial, sans-serif\"><span style=\"font-size: medium\">en v<\/span><\/span><\/span><span style=\"color: #050505\"><span style=\"font-family: Segoe UI Historic, Segoe UI, Helvetica, Arial, sans-serif\"><span style=\"font-size: medium\">i ser \u00e4ven till alla orter och ytteromr\u00e5dens intressen och vill att hela kommunen ska leva, inte bara <\/span><\/span><\/span><span style=\"color: #050505\"><span style=\"font-family: Segoe UI Historic, Segoe UI, Helvetica, Arial, sans-serif\"><span style=\"font-size: medium\">centralorten. Vi vill att hela Skellefte\u00e5 kommun med alla orter ska h\u00e5llas ihop.\u00a0<\/span><\/span><\/span><\/p>\n<p><span style=\"color: #050505\"><span style=\"font-family: Segoe UI Historic, Segoe UI, Helvetica, Arial, sans-serif\"><span style=\"font-size: medium\">Alla kan inte bo inom centralorten. Alla &#8211; b<\/span><\/span><\/span><span style=\"color: #050505\"><span style=\"font-family: Segoe UI Historic, Segoe UI, Helvetica, Arial, sans-serif\"><span style=\"font-size: medium\">arnfamiljer, unga <\/span><\/span><\/span><span style=\"color: #050505\"><span style=\"font-family: Segoe UI Historic, Segoe UI, Helvetica, Arial, sans-serif\"><span style=\"font-size: medium\">och <\/span><\/span><\/span><span style=\"color: #050505\"><span style=\"font-family: Segoe UI Historic, Segoe UI, Helvetica, Arial, sans-serif\"><span style=\"font-size: medium\">\u00e4ldre <\/span><\/span><\/span><span style=\"color: #050505\"><span style=\"font-family: Segoe UI Historic, Segoe UI, Helvetica, Arial, sans-serif\"><span style=\"font-size: medium\">som vill flytta ut till v\u00e5ra ytteromr\u00e5den, eller dem som <\/span><\/span><\/span><span style=\"color: #050505\"><span style=\"font-family: Segoe UI Historic, Segoe UI, Helvetica, Arial, sans-serif\"><span style=\"font-size: medium\">vill bo kvar i sin by <\/span><\/span><\/span><span style=\"color: #050505\"><span style=\"font-family: Segoe UI Historic, Segoe UI, Helvetica, Arial, sans-serif\"><span style=\"font-size: medium\">ska ocks\u00e5 ha m\u00f6jlighet till det.<\/span><\/span><\/span><span style=\"color: #050505\"><span style=\"font-family: Segoe UI Historic, Segoe UI, Helvetica, Arial, sans-serif\"><span style=\"font-size: medium\"> F\u00f6r det beh\u00f6ver levnadsvillkoren<\/span><\/span><\/span><span style=\"color: #050505\"><span style=\"font-family: Segoe UI Historic, Segoe UI, Helvetica, Arial, sans-serif\"><span style=\"font-size: medium\">\u00a0i v\u00e5ra ytteromr\u00e5den <\/span><\/span><\/span><span style=\"color: #050505\"><span style=\"font-family: Segoe UI Historic, Segoe UI, Helvetica, Arial, sans-serif\"><span style=\"font-size: medium\">f\u00f6renklas. <\/span><\/span><\/span><span style=\"color: #050505\"><span style=\"font-family: Segoe UI Historic, Segoe UI, Helvetica, Arial, sans-serif\"><span style=\"font-size: medium\">Det vill vi Kristdemokrater verka f\u00f6r genom att st\u00e5 f\u00f6r en fungerande k\u00e4rnverksamhet i hela kommunen.\u00a0<\/span><\/span><\/span><\/p>\n<p><span style=\"color: #050505\"><span style=\"font-family: Segoe UI Historic, Segoe UI, Helvetica, Arial, sans-serif\"><span style=\"font-size: medium\">Varf\u00f6r ska man r\u00f6sta p\u00e5 KD? <\/span><\/span><\/span><\/p>\n<ul>\n<li><span style=\"color: #050505\"><span style=\"font-family: Segoe UI Historic, Segoe UI, Helvetica, Arial, sans-serif\"><span style=\"font-size: medium\">F\u00f6r att m\u00f6jligg\u00f6ra att hela Skellefte\u00e5 Kommun ska fungera, inte bara centralorten. <\/span><\/span><\/span><\/li>\n<li><span style=\"color: #050505\"><span style=\"font-family: Segoe UI Historic, Segoe UI, Helvetica, Arial, sans-serif\"><span style=\"font-size: medium\">F\u00f6r att vi har en genuin omtanke f\u00f6r den enskilde inv\u00e5narens v\u00e4rde <\/span><\/span><\/span><span style=\"color: #050505\"><span style=\"font-family: Segoe UI Historic, Segoe UI, Helvetica, Arial, sans-serif\"><span style=\"font-size: medium\">och trygghet<\/span><\/span><\/span><span style=\"color: #050505\"><span style=\"font-family: Segoe UI Historic, Segoe UI, Helvetica, Arial, sans-serif\"><span style=\"font-size: medium\"> oavsett \u00e5lder eller var p\u00e5 orten man bor. <\/span><\/span><\/span><\/li>\n<\/ul>\n<p><span style=\"color: #050505\"><span style=\"font-family: Segoe UI Historic, Segoe UI, Helvetica, Arial, sans-serif\"><span style=\"font-size: medium\">V\u00e5rat Skellefte\u00e5 \u00e4r lockande att bo i oavsett var i livet man befinner sig. Det innefattar alltifr\u00e5n barnomsorg, skola, utbildning, f\u00f6retagande till v\u00e5rd och \u00e4ldreomsorg. Vi <\/span><\/span><\/span><span style=\"color: #050505\"><span style=\"font-family: Segoe UI Historic, Segoe UI, Helvetica, Arial, sans-serif\"><span style=\"font-size: medium\">sl\u00f6sar inte med v\u00e5ra resurser i on\u00f6dan utan l\u00e4gger dem d\u00e4r de skall vara &#8211; <\/span><\/span><\/span><span style=\"color: #050505\"><span style=\"font-family: Segoe UI Historic, Segoe UI, Helvetica, Arial, sans-serif\"><span style=\"font-size: medium\">p\u00e5 <\/span><\/span><\/span><span style=\"color: #050505\"><span style=\"font-family: Segoe UI Historic, Segoe UI, Helvetica, Arial, sans-serif\"><span style=\"font-size: medium\">v\u00e5ra <\/span><\/span><\/span><span style=\"color: #050505\"><span style=\"font-family: Segoe UI Historic, Segoe UI, Helvetica, Arial, sans-serif\"><span style=\"font-size: medium\">k\u00e4rnverksamheter. <\/span><\/span><\/span><\/p>\n<p><span style=\"color: #050505\"><span style=\"font-family: Segoe UI Historic, Segoe UI, Helvetica, Arial, sans-serif\"><span style=\"font-size: medium\">Sist men inte minst: <\/span><\/span><\/span><span style=\"color: #050505\"><span style=\"font-family: Segoe UI Historic, Segoe UI, Helvetica, Arial, sans-serif\"><span style=\"font-size: medium\">Vill du k\u00e4nna trygghet d\u00e4r du bor \u2013 r\u00f6sta p\u00e5 Kristdemokraterna. <\/span><\/span><\/span><\/p>\n","protected":false},"excerpt":{"rendered":"<p>Kristdemokraterna &#8211; med hj\u00e4rta f\u00f6r Skellefte\u00e5 Skellefte\u00e5 kommun \u00e4r stor och vidstr\u00e4ckt med m\u00e5nga orter. Det h\u00e4nder mycket inom v\u00e5r centralort. Northvolt etablering inneb\u00e4r stor inflyttning med allt vad det inneb\u00e4r av byggnation av bost\u00e4der, infrastruktur och \u00f6kning av annan k\u00e4rnverksamhet. Sara Kulturhus \u00e4r f\u00e4rdigt att ta del av med dess verksamhet. Men vi ser <a class=\"read-more-link\" href=\"https:\/\/wp.kristdemokraterna.se\/skelleftea\/var-vision\/\">Read More<\/a><\/p>\n","protected":false},"author":979,"featured_media":0,"parent":0,"menu_order":0,"comment_status":"closed","ping_status":"closed","template":"","meta":{"_acf_changed":false,"footnotes":""},"class_list":["post-827","page","type-page","status-publish","hentry"],"acf":[],"yoast_head":"<!-- This site is optimized with the Yoast SEO plugin v27.3 - https:\/\/yoast.com\/product\/yoast-seo-wordpress\/ -->\n<title>V\u00e5r Vision - Kristdemokraterna i Skellefte\u00e5<\/title>\n<meta name=\"robots\" content=\"index, follow, max-snippet:-1, max-image-preview:large, max-video-preview:-1\" \/>\n<link rel=\"canonical\" href=\"https:\/\/wp.kristdemokraterna.se\/skelleftea\/var-vision\/\" \/>\n<meta property=\"og:locale\" content=\"sv_SE\" \/>\n<meta property=\"og:type\" content=\"article\" \/>\n<meta property=\"og:title\" content=\"V\u00e5r Vision - Kristdemokraterna i Skellefte\u00e5\" \/>\n<meta property=\"og:description\" content=\"Kristdemokraterna &#8211; med hj\u00e4rta f\u00f6r Skellefte\u00e5 Skellefte\u00e5 kommun \u00e4r stor och vidstr\u00e4ckt med m\u00e5nga orter. Det h\u00e4nder mycket inom v\u00e5r centralort. Northvolt etablering inneb\u00e4r stor inflyttning med allt vad det inneb\u00e4r av byggnation av bost\u00e4der, infrastruktur och \u00f6kning av annan k\u00e4rnverksamhet. Sara Kulturhus \u00e4r f\u00e4rdigt att ta del av med dess verksamhet. Men vi ser Read More\" \/>\n<meta property=\"og:url\" content=\"https:\/\/wp.kristdemokraterna.se\/skelleftea\/var-vision\/\" \/>\n<meta property=\"og:site_name\" content=\"Kristdemokraterna i Skellefte\u00e5\" \/>\n<meta property=\"article:modified_time\" content=\"2022-07-06T20:11:03+00:00\" \/>\n<meta property=\"og:image\" content=\"http:\/\/wp.kristdemokraterna.se\/skelleftea\/files\/2022\/07\/ahd2022-delningsbild-300x300.png\" \/>\n<meta name=\"twitter:card\" content=\"summary_large_image\" \/>\n<meta name=\"twitter:label1\" content=\"Ber\u00e4knad l\u00e4stid\" \/>\n\t<meta name=\"twitter:data1\" content=\"2 minuter\" \/>\n<script type=\"application\/ld+json\" class=\"yoast-schema-graph\">{\"@context\":\"https:\\\/\\\/schema.org\",\"@graph\":[{\"@type\":\"WebPage\",\"@id\":\"https:\\\/\\\/wp.kristdemokraterna.se\\\/skelleftea\\\/var-vision\\\/\",\"url\":\"https:\\\/\\\/wp.kristdemokraterna.se\\\/skelleftea\\\/var-vision\\\/\",\"name\":\"V\u00e5r Vision - Kristdemokraterna i Skellefte\u00e5\",\"isPartOf\":{\"@id\":\"https:\\\/\\\/wp.kristdemokraterna.se\\\/skelleftea\\\/#website\"},\"primaryImageOfPage\":{\"@id\":\"https:\\\/\\\/wp.kristdemokraterna.se\\\/skelleftea\\\/var-vision\\\/#primaryimage\"},\"image\":{\"@id\":\"https:\\\/\\\/wp.kristdemokraterna.se\\\/skelleftea\\\/var-vision\\\/#primaryimage\"},\"thumbnailUrl\":\"http:\\\/\\\/wp.kristdemokraterna.se\\\/skelleftea\\\/files\\\/2022\\\/07\\\/ahd2022-delningsbild-300x300.png\",\"datePublished\":\"2021-10-09T14:39:47+00:00\",\"dateModified\":\"2022-07-06T20:11:03+00:00\",\"breadcrumb\":{\"@id\":\"https:\\\/\\\/wp.kristdemokraterna.se\\\/skelleftea\\\/var-vision\\\/#breadcrumb\"},\"inLanguage\":\"sv-SE\",\"potentialAction\":[{\"@type\":\"ReadAction\",\"target\":[\"https:\\\/\\\/wp.kristdemokraterna.se\\\/skelleftea\\\/var-vision\\\/\"]}]},{\"@type\":\"ImageObject\",\"inLanguage\":\"sv-SE\",\"@id\":\"https:\\\/\\\/wp.kristdemokraterna.se\\\/skelleftea\\\/var-vision\\\/#primaryimage\",\"url\":\"http:\\\/\\\/wp.kristdemokraterna.se\\\/skelleftea\\\/files\\\/2022\\\/07\\\/ahd2022-delningsbild-300x300.png\",\"contentUrl\":\"http:\\\/\\\/wp.kristdemokraterna.se\\\/skelleftea\\\/files\\\/2022\\\/07\\\/ahd2022-delningsbild-300x300.png\"},{\"@type\":\"BreadcrumbList\",\"@id\":\"https:\\\/\\\/wp.kristdemokraterna.se\\\/skelleftea\\\/var-vision\\\/#breadcrumb\",\"itemListElement\":[{\"@type\":\"ListItem\",\"position\":1,\"name\":\"Hem\",\"item\":\"https:\\\/\\\/wp.kristdemokraterna.se\\\/skelleftea\\\/\"},{\"@type\":\"ListItem\",\"position\":2,\"name\":\"V\u00e5r Vision\"}]},{\"@type\":\"WebSite\",\"@id\":\"https:\\\/\\\/wp.kristdemokraterna.se\\\/skelleftea\\\/#website\",\"url\":\"https:\\\/\\\/wp.kristdemokraterna.se\\\/skelleftea\\\/\",\"name\":\"Kristdemokraterna i Skellefte\u00e5\",\"description\":\"Med hj\u00e4rta f\u00f6r Skellefte\u00e5\",\"inLanguage\":\"sv-SE\"}]}<\/script>\n<!-- \/ Yoast SEO plugin. -->","yoast_head_json":{"title":"V\u00e5r Vision - Kristdemokraterna i Skellefte\u00e5","robots":{"index":"index","follow":"follow","max-snippet":"max-snippet:-1","max-image-preview":"max-image-preview:large","max-video-preview":"max-video-preview:-1"},"canonical":"https:\/\/wp.kristdemokraterna.se\/skelleftea\/var-vision\/","og_locale":"sv_SE","og_type":"article","og_title":"V\u00e5r Vision - Kristdemokraterna i Skellefte\u00e5","og_description":"Kristdemokraterna &#8211; med hj\u00e4rta f\u00f6r Skellefte\u00e5 Skellefte\u00e5 kommun \u00e4r stor och vidstr\u00e4ckt med m\u00e5nga orter. Det h\u00e4nder mycket inom v\u00e5r centralort. Northvolt etablering inneb\u00e4r stor inflyttning med allt vad det inneb\u00e4r av byggnation av bost\u00e4der, infrastruktur och \u00f6kning av annan k\u00e4rnverksamhet. Sara Kulturhus \u00e4r f\u00e4rdigt att ta del av med dess verksamhet. Men vi ser Read More","og_url":"https:\/\/wp.kristdemokraterna.se\/skelleftea\/var-vision\/","og_site_name":"Kristdemokraterna i Skellefte\u00e5","article_modified_time":"2022-07-06T20:11:03+00:00","og_image":[{"url":"http:\/\/wp.kristdemokraterna.se\/skelleftea\/files\/2022\/07\/ahd2022-delningsbild-300x300.png","type":"","width":"","height":""}],"twitter_card":"summary_large_image","twitter_misc":{"Ber\u00e4knad l\u00e4stid":"2 minuter"},"schema":{"@context":"https:\/\/schema.org","@graph":[{"@type":"WebPage","@id":"https:\/\/wp.kristdemokraterna.se\/skelleftea\/var-vision\/","url":"https:\/\/wp.kristdemokraterna.se\/skelleftea\/var-vision\/","name":"V\u00e5r Vision - Kristdemokraterna i Skellefte\u00e5","isPartOf":{"@id":"https:\/\/wp.kristdemokraterna.se\/skelleftea\/#website"},"primaryImageOfPage":{"@id":"https:\/\/wp.kristdemokraterna.se\/skelleftea\/var-vision\/#primaryimage"},"image":{"@id":"https:\/\/wp.kristdemokraterna.se\/skelleftea\/var-vision\/#primaryimage"},"thumbnailUrl":"http:\/\/wp.kristdemokraterna.se\/skelleftea\/files\/2022\/07\/ahd2022-delningsbild-300x300.png","datePublished":"2021-10-09T14:39:47+00:00","dateModified":"2022-07-06T20:11:03+00:00","breadcrumb":{"@id":"https:\/\/wp.kristdemokraterna.se\/skelleftea\/var-vision\/#breadcrumb"},"inLanguage":"sv-SE","potentialAction":[{"@type":"ReadAction","target":["https:\/\/wp.kristdemokraterna.se\/skelleftea\/var-vision\/"]}]},{"@type":"ImageObject","inLanguage":"sv-SE","@id":"https:\/\/wp.kristdemokraterna.se\/skelleftea\/var-vision\/#primaryimage","url":"http:\/\/wp.kristdemokraterna.se\/skelleftea\/files\/2022\/07\/ahd2022-delningsbild-300x300.png","contentUrl":"http:\/\/wp.kristdemokraterna.se\/skelleftea\/files\/2022\/07\/ahd2022-delningsbild-300x300.png"},{"@type":"BreadcrumbList","@id":"https:\/\/wp.kristdemokraterna.se\/skelleftea\/var-vision\/#breadcrumb","itemListElement":[{"@type":"ListItem","position":1,"name":"Hem","item":"https:\/\/wp.kristdemokraterna.se\/skelleftea\/"},{"@type":"ListItem","position":2,"name":"V\u00e5r Vision"}]},{"@type":"WebSite","@id":"https:\/\/wp.kristdemokraterna.se\/skelleftea\/#website","url":"https:\/\/wp.kristdemokraterna.se\/skelleftea\/","name":"Kristdemokraterna i Skellefte\u00e5","description":"Med hj\u00e4rta f\u00f6r Skellefte\u00e5","inLanguage":"sv-SE"}]}},"_links":{"self":[{"href":"https:\/\/wp.kristdemokraterna.se\/skelleftea\/wp-json\/wp\/v2\/pages\/827","targetHints":{"allow":["GET"]}}],"collection":[{"href":"https:\/\/wp.kristdemokraterna.se\/skelleftea\/wp-json\/wp\/v2\/pages"}],"about":[{"href":"https:\/\/wp.kristdemokraterna.se\/skelleftea\/wp-json\/wp\/v2\/types\/page"}],"author":[{"embeddable":true,"href":"https:\/\/wp.kristdemokraterna.se\/skelleftea\/wp-json\/wp\/v2\/users\/979"}],"replies":[{"embeddable":true,"href":"https:\/\/wp.kristdemokraterna.se\/skelleftea\/wp-json\/wp\/v2\/comments?post=827"}],"version-history":[{"count":8,"href":"https:\/\/wp.kristdemokraterna.se\/skelleftea\/wp-json\/wp\/v2\/pages\/827\/revisions"}],"predecessor-version":[{"id":1087,"href":"https:\/\/wp.kristdemokraterna.se\/skelleftea\/wp-json\/wp\/v2\/pages\/827\/revisions\/1087"}],"wp:attachment":[{"href":"https:\/\/wp.kristdemokraterna.se\/skelleftea\/wp-json\/wp\/v2\/media?parent=827"}],"curies":[{"name":"wp","href":"https:\/\/api.w.org\/{rel}","templated":true}]}}