{"id":905,"date":"2021-10-28T13:03:54","date_gmt":"2021-10-28T11:03:54","guid":{"rendered":"https:\/\/wp.kristdemokraterna.se\/skelleftea\/?page_id=905"},"modified":"2022-07-06T18:49:32","modified_gmt":"2022-07-06T16:49:32","slug":"var-politik","status":"publish","type":"page","link":"https:\/\/wp.kristdemokraterna.se\/skelleftea\/var-politik\/","title":{"rendered":"Valet 2022"},"content":{"rendered":"<p><img loading=\"lazy\" decoding=\"async\" class=\"alignnone size-medium wp-image-1050\" src=\"http:\/\/wp.kristdemokraterna.se\/skelleftea\/files\/2022\/07\/120459144_1048140912287167_958991886361090614_o-300x169.jpg\" alt=\"Vitsippa\" width=\"300\" height=\"169\" srcset=\"https:\/\/wp.kristdemokraterna.se\/skelleftea\/files\/2022\/07\/120459144_1048140912287167_958991886361090614_o-300x169.jpg 300w, https:\/\/wp.kristdemokraterna.se\/skelleftea\/files\/2022\/07\/120459144_1048140912287167_958991886361090614_o-540x304.jpg 540w, https:\/\/wp.kristdemokraterna.se\/skelleftea\/files\/2022\/07\/120459144_1048140912287167_958991886361090614_o-768x432.jpg 768w, https:\/\/wp.kristdemokraterna.se\/skelleftea\/files\/2022\/07\/120459144_1048140912287167_958991886361090614_o-356x200.jpg 356w, https:\/\/wp.kristdemokraterna.se\/skelleftea\/files\/2022\/07\/120459144_1048140912287167_958991886361090614_o-370x208.jpg 370w, https:\/\/wp.kristdemokraterna.se\/skelleftea\/files\/2022\/07\/120459144_1048140912287167_958991886361090614_o-770x433.jpg 770w, https:\/\/wp.kristdemokraterna.se\/skelleftea\/files\/2022\/07\/120459144_1048140912287167_958991886361090614_o-450x253.jpg 450w, https:\/\/wp.kristdemokraterna.se\/skelleftea\/files\/2022\/07\/120459144_1048140912287167_958991886361090614_o-280x158.jpg 280w, https:\/\/wp.kristdemokraterna.se\/skelleftea\/files\/2022\/07\/120459144_1048140912287167_958991886361090614_o-340x191.jpg 340w, https:\/\/wp.kristdemokraterna.se\/skelleftea\/files\/2022\/07\/120459144_1048140912287167_958991886361090614_o-200x113.jpg 200w, https:\/\/wp.kristdemokraterna.se\/skelleftea\/files\/2022\/07\/120459144_1048140912287167_958991886361090614_o-100x56.jpg 100w, https:\/\/wp.kristdemokraterna.se\/skelleftea\/files\/2022\/07\/120459144_1048140912287167_958991886361090614_o.jpg 960w\" sizes=\"auto, (max-width: 300px) 100vw, 300px\" \/><\/p>\n<p>H\u00e4r l\u00e4gger vi in vartefter information om v\u00e5ra kandidater, valprogram, event osv.<\/p>\n","protected":false},"excerpt":{"rendered":"<p>H\u00e4r l\u00e4gger vi in vartefter information om v\u00e5ra kandidater, valprogram, event osv.<\/p>\n","protected":false},"author":979,"featured_media":0,"parent":0,"menu_order":0,"comment_status":"closed","ping_status":"closed","template":"","meta":{"_acf_changed":false,"footnotes":""},"class_list":["post-905","page","type-page","status-publish","hentry"],"acf":[],"yoast_head":"<!-- This site is optimized with the Yoast SEO plugin v27.4 - https:\/\/yoast.com\/product\/yoast-seo-wordpress\/ -->\n<title>Valet 2022 - Kristdemokraterna i Skellefte\u00e5<\/title>\n<meta name=\"robots\" content=\"index, follow, max-snippet:-1, max-image-preview:large, max-video-preview:-1\" \/>\n<link rel=\"canonical\" href=\"https:\/\/wp.kristdemokraterna.se\/skelleftea\/var-politik\/\" \/>\n<meta property=\"og:locale\" content=\"sv_SE\" \/>\n<meta property=\"og:type\" content=\"article\" \/>\n<meta property=\"og:title\" content=\"Valet 2022 - Kristdemokraterna i Skellefte\u00e5\" \/>\n<meta property=\"og:description\" content=\"H\u00e4r l\u00e4gger vi in vartefter information om v\u00e5ra kandidater, valprogram, event osv.\" \/>\n<meta property=\"og:url\" content=\"https:\/\/wp.kristdemokraterna.se\/skelleftea\/var-politik\/\" \/>\n<meta property=\"og:site_name\" content=\"Kristdemokraterna i Skellefte\u00e5\" \/>\n<meta property=\"article:modified_time\" content=\"2022-07-06T16:49:32+00:00\" \/>\n<meta property=\"og:image\" content=\"http:\/\/wp.kristdemokraterna.se\/skelleftea\/files\/2022\/07\/120459144_1048140912287167_958991886361090614_o-300x169.jpg\" \/>\n<meta name=\"twitter:card\" content=\"summary_large_image\" \/>\n<meta name=\"twitter:label1\" content=\"Ber\u00e4knad l\u00e4stid\" \/>\n\t<meta name=\"twitter:data1\" content=\"1 minut\" \/>\n<script type=\"application\/ld+json\" class=\"yoast-schema-graph\">{\"@context\":\"https:\\\/\\\/schema.org\",\"@graph\":[{\"@type\":\"WebPage\",\"@id\":\"https:\\\/\\\/wp.kristdemokraterna.se\\\/skelleftea\\\/var-politik\\\/\",\"url\":\"https:\\\/\\\/wp.kristdemokraterna.se\\\/skelleftea\\\/var-politik\\\/\",\"name\":\"Valet 2022 - Kristdemokraterna i Skellefte\u00e5\",\"isPartOf\":{\"@id\":\"https:\\\/\\\/wp.kristdemokraterna.se\\\/skelleftea\\\/#website\"},\"primaryImageOfPage\":{\"@id\":\"https:\\\/\\\/wp.kristdemokraterna.se\\\/skelleftea\\\/var-politik\\\/#primaryimage\"},\"image\":{\"@id\":\"https:\\\/\\\/wp.kristdemokraterna.se\\\/skelleftea\\\/var-politik\\\/#primaryimage\"},\"thumbnailUrl\":\"http:\\\/\\\/wp.kristdemokraterna.se\\\/skelleftea\\\/files\\\/2022\\\/07\\\/120459144_1048140912287167_958991886361090614_o-300x169.jpg\",\"datePublished\":\"2021-10-28T11:03:54+00:00\",\"dateModified\":\"2022-07-06T16:49:32+00:00\",\"breadcrumb\":{\"@id\":\"https:\\\/\\\/wp.kristdemokraterna.se\\\/skelleftea\\\/var-politik\\\/#breadcrumb\"},\"inLanguage\":\"sv-SE\",\"potentialAction\":[{\"@type\":\"ReadAction\",\"target\":[\"https:\\\/\\\/wp.kristdemokraterna.se\\\/skelleftea\\\/var-politik\\\/\"]}]},{\"@type\":\"ImageObject\",\"inLanguage\":\"sv-SE\",\"@id\":\"https:\\\/\\\/wp.kristdemokraterna.se\\\/skelleftea\\\/var-politik\\\/#primaryimage\",\"url\":\"http:\\\/\\\/wp.kristdemokraterna.se\\\/skelleftea\\\/files\\\/2022\\\/07\\\/120459144_1048140912287167_958991886361090614_o-300x169.jpg\",\"contentUrl\":\"http:\\\/\\\/wp.kristdemokraterna.se\\\/skelleftea\\\/files\\\/2022\\\/07\\\/120459144_1048140912287167_958991886361090614_o-300x169.jpg\"},{\"@type\":\"BreadcrumbList\",\"@id\":\"https:\\\/\\\/wp.kristdemokraterna.se\\\/skelleftea\\\/var-politik\\\/#breadcrumb\",\"itemListElement\":[{\"@type\":\"ListItem\",\"position\":1,\"name\":\"Hem\",\"item\":\"https:\\\/\\\/wp.kristdemokraterna.se\\\/skelleftea\\\/\"},{\"@type\":\"ListItem\",\"position\":2,\"name\":\"Valet 2022\"}]},{\"@type\":\"WebSite\",\"@id\":\"https:\\\/\\\/wp.kristdemokraterna.se\\\/skelleftea\\\/#website\",\"url\":\"https:\\\/\\\/wp.kristdemokraterna.se\\\/skelleftea\\\/\",\"name\":\"Kristdemokraterna i Skellefte\u00e5\",\"description\":\"Med hj\u00e4rta f\u00f6r Skellefte\u00e5\",\"inLanguage\":\"sv-SE\"}]}<\/script>\n<!-- \/ Yoast SEO plugin. -->","yoast_head_json":{"title":"Valet 2022 - Kristdemokraterna i Skellefte\u00e5","robots":{"index":"index","follow":"follow","max-snippet":"max-snippet:-1","max-image-preview":"max-image-preview:large","max-video-preview":"max-video-preview:-1"},"canonical":"https:\/\/wp.kristdemokraterna.se\/skelleftea\/var-politik\/","og_locale":"sv_SE","og_type":"article","og_title":"Valet 2022 - Kristdemokraterna i Skellefte\u00e5","og_description":"H\u00e4r l\u00e4gger vi in vartefter information om v\u00e5ra kandidater, valprogram, event osv.","og_url":"https:\/\/wp.kristdemokraterna.se\/skelleftea\/var-politik\/","og_site_name":"Kristdemokraterna i Skellefte\u00e5","article_modified_time":"2022-07-06T16:49:32+00:00","og_image":[{"url":"http:\/\/wp.kristdemokraterna.se\/skelleftea\/files\/2022\/07\/120459144_1048140912287167_958991886361090614_o-300x169.jpg","type":"","width":"","height":""}],"twitter_card":"summary_large_image","twitter_misc":{"Ber\u00e4knad l\u00e4stid":"1 minut"},"schema":{"@context":"https:\/\/schema.org","@graph":[{"@type":"WebPage","@id":"https:\/\/wp.kristdemokraterna.se\/skelleftea\/var-politik\/","url":"https:\/\/wp.kristdemokraterna.se\/skelleftea\/var-politik\/","name":"Valet 2022 - Kristdemokraterna i Skellefte\u00e5","isPartOf":{"@id":"https:\/\/wp.kristdemokraterna.se\/skelleftea\/#website"},"primaryImageOfPage":{"@id":"https:\/\/wp.kristdemokraterna.se\/skelleftea\/var-politik\/#primaryimage"},"image":{"@id":"https:\/\/wp.kristdemokraterna.se\/skelleftea\/var-politik\/#primaryimage"},"thumbnailUrl":"http:\/\/wp.kristdemokraterna.se\/skelleftea\/files\/2022\/07\/120459144_1048140912287167_958991886361090614_o-300x169.jpg","datePublished":"2021-10-28T11:03:54+00:00","dateModified":"2022-07-06T16:49:32+00:00","breadcrumb":{"@id":"https:\/\/wp.kristdemokraterna.se\/skelleftea\/var-politik\/#breadcrumb"},"inLanguage":"sv-SE","potentialAction":[{"@type":"ReadAction","target":["https:\/\/wp.kristdemokraterna.se\/skelleftea\/var-politik\/"]}]},{"@type":"ImageObject","inLanguage":"sv-SE","@id":"https:\/\/wp.kristdemokraterna.se\/skelleftea\/var-politik\/#primaryimage","url":"http:\/\/wp.kristdemokraterna.se\/skelleftea\/files\/2022\/07\/120459144_1048140912287167_958991886361090614_o-300x169.jpg","contentUrl":"http:\/\/wp.kristdemokraterna.se\/skelleftea\/files\/2022\/07\/120459144_1048140912287167_958991886361090614_o-300x169.jpg"},{"@type":"BreadcrumbList","@id":"https:\/\/wp.kristdemokraterna.se\/skelleftea\/var-politik\/#breadcrumb","itemListElement":[{"@type":"ListItem","position":1,"name":"Hem","item":"https:\/\/wp.kristdemokraterna.se\/skelleftea\/"},{"@type":"ListItem","position":2,"name":"Valet 2022"}]},{"@type":"WebSite","@id":"https:\/\/wp.kristdemokraterna.se\/skelleftea\/#website","url":"https:\/\/wp.kristdemokraterna.se\/skelleftea\/","name":"Kristdemokraterna i Skellefte\u00e5","description":"Med hj\u00e4rta f\u00f6r Skellefte\u00e5","inLanguage":"sv-SE"}]}},"_links":{"self":[{"href":"https:\/\/wp.kristdemokraterna.se\/skelleftea\/wp-json\/wp\/v2\/pages\/905","targetHints":{"allow":["GET"]}}],"collection":[{"href":"https:\/\/wp.kristdemokraterna.se\/skelleftea\/wp-json\/wp\/v2\/pages"}],"about":[{"href":"https:\/\/wp.kristdemokraterna.se\/skelleftea\/wp-json\/wp\/v2\/types\/page"}],"author":[{"embeddable":true,"href":"https:\/\/wp.kristdemokraterna.se\/skelleftea\/wp-json\/wp\/v2\/users\/979"}],"replies":[{"embeddable":true,"href":"https:\/\/wp.kristdemokraterna.se\/skelleftea\/wp-json\/wp\/v2\/comments?post=905"}],"version-history":[{"count":5,"href":"https:\/\/wp.kristdemokraterna.se\/skelleftea\/wp-json\/wp\/v2\/pages\/905\/revisions"}],"predecessor-version":[{"id":1051,"href":"https:\/\/wp.kristdemokraterna.se\/skelleftea\/wp-json\/wp\/v2\/pages\/905\/revisions\/1051"}],"wp:attachment":[{"href":"https:\/\/wp.kristdemokraterna.se\/skelleftea\/wp-json\/wp\/v2\/media?parent=905"}],"curies":[{"name":"wp","href":"https:\/\/api.w.org\/{rel}","templated":true}]}}