{"id":495,"date":"2018-05-24T09:19:16","date_gmt":"2018-05-24T07:19:16","guid":{"rendered":"http:\/\/wp.kristdemokraterna.se\/skovde\/?page_id=495"},"modified":"2021-07-08T18:38:07","modified_gmt":"2021-07-08T16:38:07","slug":"pressbilder","status":"publish","type":"page","link":"https:\/\/wp.kristdemokraterna.se\/skovde\/pressbilder\/","title":{"rendered":"Pressbilder"},"content":{"rendered":"<p>H\u00e4r finns h\u00f6guppl\u00f6sta bilder p\u00e5 politiker fr\u00e5n Sk\u00f6vde<\/p>\n<p><a href=\"http:\/\/wp.kristdemokraterna.se\/skovde\/files\/2018\/06\/press_marianne.jpg\"><img loading=\"lazy\" decoding=\"async\" class=\"alignnone size-medium wp-image-504\" src=\"http:\/\/wp.kristdemokraterna.se\/skovde\/files\/2018\/06\/press_marianne-200x300.jpg\" alt=\"\" width=\"200\" height=\"300\" srcset=\"https:\/\/wp.kristdemokraterna.se\/skovde\/files\/2018\/06\/press_marianne-200x300.jpg 200w, https:\/\/wp.kristdemokraterna.se\/skovde\/files\/2018\/06\/press_marianne-768x1152.jpg 768w, https:\/\/wp.kristdemokraterna.se\/skovde\/files\/2018\/06\/press_marianne-683x1024.jpg 683w, https:\/\/wp.kristdemokraterna.se\/skovde\/files\/2018\/06\/press_marianne-133x200.jpg 133w, https:\/\/wp.kristdemokraterna.se\/skovde\/files\/2018\/06\/press_marianne-370x555.jpg 370w, https:\/\/wp.kristdemokraterna.se\/skovde\/files\/2018\/06\/press_marianne-770x1155.jpg 770w, https:\/\/wp.kristdemokraterna.se\/skovde\/files\/2018\/06\/press_marianne-450x675.jpg 450w, https:\/\/wp.kristdemokraterna.se\/skovde\/files\/2018\/06\/press_marianne-268x402.jpg 268w, https:\/\/wp.kristdemokraterna.se\/skovde\/files\/2018\/06\/press_marianne-340x510.jpg 340w, https:\/\/wp.kristdemokraterna.se\/skovde\/files\/2018\/06\/press_marianne-37x56.jpg 37w\" sizes=\"auto, (max-width: 200px) 100vw, 200px\" \/><\/a><\/p>\n<p>Marianne Gustafson<\/p>\n<p>&nbsp;<\/p>\n<p><a href=\"http:\/\/wp.kristdemokraterna.se\/skovde\/files\/2018\/06\/press_conny.jpg\"><img loading=\"lazy\" decoding=\"async\" class=\"alignnone size-medium wp-image-506\" src=\"http:\/\/wp.kristdemokraterna.se\/skovde\/files\/2018\/06\/press_conny-199x300.jpg\" alt=\"\" width=\"199\" height=\"300\" srcset=\"https:\/\/wp.kristdemokraterna.se\/skovde\/files\/2018\/06\/press_conny-199x300.jpg 199w, https:\/\/wp.kristdemokraterna.se\/skovde\/files\/2018\/06\/press_conny-768x1159.jpg 768w, https:\/\/wp.kristdemokraterna.se\/skovde\/files\/2018\/06\/press_conny-678x1024.jpg 678w, https:\/\/wp.kristdemokraterna.se\/skovde\/files\/2018\/06\/press_conny-132x200.jpg 132w, https:\/\/wp.kristdemokraterna.se\/skovde\/files\/2018\/06\/press_conny-370x559.jpg 370w, https:\/\/wp.kristdemokraterna.se\/skovde\/files\/2018\/06\/press_conny-770x1162.jpg 770w, https:\/\/wp.kristdemokraterna.se\/skovde\/files\/2018\/06\/press_conny-450x679.jpg 450w, https:\/\/wp.kristdemokraterna.se\/skovde\/files\/2018\/06\/press_conny-266x402.jpg 266w, https:\/\/wp.kristdemokraterna.se\/skovde\/files\/2018\/06\/press_conny-340x513.jpg 340w, https:\/\/wp.kristdemokraterna.se\/skovde\/files\/2018\/06\/press_conny-37x56.jpg 37w\" sizes=\"auto, (max-width: 199px) 100vw, 199px\" \/><\/a><\/p>\n<p><a href=\"http:\/\/wp.kristdemokraterna.se\/skovde\/files\/2018\/06\/connybrannberg_ou7b3233_300dpi_70cm.jpg\"><img loading=\"lazy\" decoding=\"async\" class=\"alignnone wp-image-509\" src=\"http:\/\/wp.kristdemokraterna.se\/skovde\/files\/2018\/06\/connybrannberg_ou7b3233_300dpi_70cm-300x293.jpg\" alt=\"\" width=\"193\" height=\"235\" \/><\/a><\/p>\n<p>Conny Br\u00e4nnberg<\/p>\n<p>&nbsp;<\/p>\n<p>&nbsp;<\/p>\n","protected":false},"excerpt":{"rendered":"<p>H\u00e4r finns h\u00f6guppl\u00f6sta bilder p\u00e5 politiker fr\u00e5n Sk\u00f6vde Marianne Gustafson &nbsp; Conny Br\u00e4nnberg &nbsp; &nbsp;<\/p>\n","protected":false},"author":744,"featured_media":0,"parent":0,"menu_order":0,"comment_status":"closed","ping_status":"closed","template":"","meta":{"_acf_changed":false,"footnotes":""},"class_list":["post-495","page","type-page","status-publish","hentry"],"acf":[],"yoast_head":"<!-- This site is optimized with the Yoast SEO plugin v27.3 - https:\/\/yoast.com\/product\/yoast-seo-wordpress\/ -->\n<title>Pressbilder - i Sk\u00f6vde<\/title>\n<meta name=\"robots\" content=\"index, follow, max-snippet:-1, max-image-preview:large, max-video-preview:-1\" \/>\n<link rel=\"canonical\" href=\"https:\/\/wp.kristdemokraterna.se\/skovde\/pressbilder\/\" \/>\n<meta property=\"og:locale\" content=\"sv_SE\" \/>\n<meta property=\"og:type\" content=\"article\" \/>\n<meta property=\"og:title\" content=\"Pressbilder - i Sk\u00f6vde\" \/>\n<meta property=\"og:description\" content=\"H\u00e4r finns h\u00f6guppl\u00f6sta bilder p\u00e5 politiker fr\u00e5n Sk\u00f6vde Marianne Gustafson &nbsp; Conny Br\u00e4nnberg &nbsp; &nbsp;\" \/>\n<meta property=\"og:url\" content=\"https:\/\/wp.kristdemokraterna.se\/skovde\/pressbilder\/\" \/>\n<meta property=\"og:site_name\" content=\"i Sk\u00f6vde\" \/>\n<meta property=\"article:modified_time\" content=\"2021-07-08T16:38:07+00:00\" \/>\n<meta property=\"og:image\" content=\"http:\/\/wp.kristdemokraterna.se\/skovde\/files\/2018\/06\/press_marianne-200x300.jpg\" \/>\n<meta name=\"twitter:card\" content=\"summary_large_image\" \/>\n<meta name=\"twitter:label1\" content=\"Ber\u00e4knad l\u00e4stid\" \/>\n\t<meta name=\"twitter:data1\" content=\"1 minut\" \/>\n<script type=\"application\/ld+json\" class=\"yoast-schema-graph\">{\"@context\":\"https:\\\/\\\/schema.org\",\"@graph\":[{\"@type\":\"WebPage\",\"@id\":\"https:\\\/\\\/wp.kristdemokraterna.se\\\/skovde\\\/pressbilder\\\/\",\"url\":\"https:\\\/\\\/wp.kristdemokraterna.se\\\/skovde\\\/pressbilder\\\/\",\"name\":\"Pressbilder - i Sk\u00f6vde\",\"isPartOf\":{\"@id\":\"https:\\\/\\\/wp.kristdemokraterna.se\\\/skovde\\\/#website\"},\"primaryImageOfPage\":{\"@id\":\"https:\\\/\\\/wp.kristdemokraterna.se\\\/skovde\\\/pressbilder\\\/#primaryimage\"},\"image\":{\"@id\":\"https:\\\/\\\/wp.kristdemokraterna.se\\\/skovde\\\/pressbilder\\\/#primaryimage\"},\"thumbnailUrl\":\"http:\\\/\\\/wp.kristdemokraterna.se\\\/skovde\\\/files\\\/2018\\\/06\\\/press_marianne-200x300.jpg\",\"datePublished\":\"2018-05-24T07:19:16+00:00\",\"dateModified\":\"2021-07-08T16:38:07+00:00\",\"breadcrumb\":{\"@id\":\"https:\\\/\\\/wp.kristdemokraterna.se\\\/skovde\\\/pressbilder\\\/#breadcrumb\"},\"inLanguage\":\"sv-SE\",\"potentialAction\":[{\"@type\":\"ReadAction\",\"target\":[\"https:\\\/\\\/wp.kristdemokraterna.se\\\/skovde\\\/pressbilder\\\/\"]}]},{\"@type\":\"ImageObject\",\"inLanguage\":\"sv-SE\",\"@id\":\"https:\\\/\\\/wp.kristdemokraterna.se\\\/skovde\\\/pressbilder\\\/#primaryimage\",\"url\":\"http:\\\/\\\/wp.kristdemokraterna.se\\\/skovde\\\/files\\\/2018\\\/06\\\/press_marianne-200x300.jpg\",\"contentUrl\":\"http:\\\/\\\/wp.kristdemokraterna.se\\\/skovde\\\/files\\\/2018\\\/06\\\/press_marianne-200x300.jpg\"},{\"@type\":\"BreadcrumbList\",\"@id\":\"https:\\\/\\\/wp.kristdemokraterna.se\\\/skovde\\\/pressbilder\\\/#breadcrumb\",\"itemListElement\":[{\"@type\":\"ListItem\",\"position\":1,\"name\":\"Hem\",\"item\":\"https:\\\/\\\/wp.kristdemokraterna.se\\\/skovde\\\/\"},{\"@type\":\"ListItem\",\"position\":2,\"name\":\"Pressbilder\"}]},{\"@type\":\"WebSite\",\"@id\":\"https:\\\/\\\/wp.kristdemokraterna.se\\\/skovde\\\/#website\",\"url\":\"https:\\\/\\\/wp.kristdemokraterna.se\\\/skovde\\\/\",\"name\":\"i Sk\u00f6vde\",\"description\":\"\",\"inLanguage\":\"sv-SE\"}]}<\/script>\n<!-- \/ Yoast SEO plugin. -->","yoast_head_json":{"title":"Pressbilder - i Sk\u00f6vde","robots":{"index":"index","follow":"follow","max-snippet":"max-snippet:-1","max-image-preview":"max-image-preview:large","max-video-preview":"max-video-preview:-1"},"canonical":"https:\/\/wp.kristdemokraterna.se\/skovde\/pressbilder\/","og_locale":"sv_SE","og_type":"article","og_title":"Pressbilder - i Sk\u00f6vde","og_description":"H\u00e4r finns h\u00f6guppl\u00f6sta bilder p\u00e5 politiker fr\u00e5n Sk\u00f6vde Marianne Gustafson &nbsp; Conny Br\u00e4nnberg &nbsp; &nbsp;","og_url":"https:\/\/wp.kristdemokraterna.se\/skovde\/pressbilder\/","og_site_name":"i Sk\u00f6vde","article_modified_time":"2021-07-08T16:38:07+00:00","og_image":[{"url":"http:\/\/wp.kristdemokraterna.se\/skovde\/files\/2018\/06\/press_marianne-200x300.jpg","type":"","width":"","height":""}],"twitter_card":"summary_large_image","twitter_misc":{"Ber\u00e4knad l\u00e4stid":"1 minut"},"schema":{"@context":"https:\/\/schema.org","@graph":[{"@type":"WebPage","@id":"https:\/\/wp.kristdemokraterna.se\/skovde\/pressbilder\/","url":"https:\/\/wp.kristdemokraterna.se\/skovde\/pressbilder\/","name":"Pressbilder - i Sk\u00f6vde","isPartOf":{"@id":"https:\/\/wp.kristdemokraterna.se\/skovde\/#website"},"primaryImageOfPage":{"@id":"https:\/\/wp.kristdemokraterna.se\/skovde\/pressbilder\/#primaryimage"},"image":{"@id":"https:\/\/wp.kristdemokraterna.se\/skovde\/pressbilder\/#primaryimage"},"thumbnailUrl":"http:\/\/wp.kristdemokraterna.se\/skovde\/files\/2018\/06\/press_marianne-200x300.jpg","datePublished":"2018-05-24T07:19:16+00:00","dateModified":"2021-07-08T16:38:07+00:00","breadcrumb":{"@id":"https:\/\/wp.kristdemokraterna.se\/skovde\/pressbilder\/#breadcrumb"},"inLanguage":"sv-SE","potentialAction":[{"@type":"ReadAction","target":["https:\/\/wp.kristdemokraterna.se\/skovde\/pressbilder\/"]}]},{"@type":"ImageObject","inLanguage":"sv-SE","@id":"https:\/\/wp.kristdemokraterna.se\/skovde\/pressbilder\/#primaryimage","url":"http:\/\/wp.kristdemokraterna.se\/skovde\/files\/2018\/06\/press_marianne-200x300.jpg","contentUrl":"http:\/\/wp.kristdemokraterna.se\/skovde\/files\/2018\/06\/press_marianne-200x300.jpg"},{"@type":"BreadcrumbList","@id":"https:\/\/wp.kristdemokraterna.se\/skovde\/pressbilder\/#breadcrumb","itemListElement":[{"@type":"ListItem","position":1,"name":"Hem","item":"https:\/\/wp.kristdemokraterna.se\/skovde\/"},{"@type":"ListItem","position":2,"name":"Pressbilder"}]},{"@type":"WebSite","@id":"https:\/\/wp.kristdemokraterna.se\/skovde\/#website","url":"https:\/\/wp.kristdemokraterna.se\/skovde\/","name":"i Sk\u00f6vde","description":"","inLanguage":"sv-SE"}]}},"_links":{"self":[{"href":"https:\/\/wp.kristdemokraterna.se\/skovde\/wp-json\/wp\/v2\/pages\/495","targetHints":{"allow":["GET"]}}],"collection":[{"href":"https:\/\/wp.kristdemokraterna.se\/skovde\/wp-json\/wp\/v2\/pages"}],"about":[{"href":"https:\/\/wp.kristdemokraterna.se\/skovde\/wp-json\/wp\/v2\/types\/page"}],"author":[{"embeddable":true,"href":"https:\/\/wp.kristdemokraterna.se\/skovde\/wp-json\/wp\/v2\/users\/744"}],"replies":[{"embeddable":true,"href":"https:\/\/wp.kristdemokraterna.se\/skovde\/wp-json\/wp\/v2\/comments?post=495"}],"version-history":[{"count":5,"href":"https:\/\/wp.kristdemokraterna.se\/skovde\/wp-json\/wp\/v2\/pages\/495\/revisions"}],"predecessor-version":[{"id":706,"href":"https:\/\/wp.kristdemokraterna.se\/skovde\/wp-json\/wp\/v2\/pages\/495\/revisions\/706"}],"wp:attachment":[{"href":"https:\/\/wp.kristdemokraterna.se\/skovde\/wp-json\/wp\/v2\/media?parent=495"}],"curies":[{"name":"wp","href":"https:\/\/api.w.org\/{rel}","templated":true}]}}