{"id":845,"date":"2022-07-21T16:46:50","date_gmt":"2022-07-21T14:46:50","guid":{"rendered":"https:\/\/wp.kristdemokraterna.se\/skovde\/?page_id=845"},"modified":"2022-07-21T16:48:11","modified_gmt":"2022-07-21T14:48:11","slug":"lattlast","status":"publish","type":"page","link":"https:\/\/wp.kristdemokraterna.se\/skovde\/lattlast\/","title":{"rendered":"L\u00e4ttl\u00e4st"},"content":{"rendered":"<p>H\u00e4r \u00e4r en l\u00e4nk till &#8221;L\u00e4ttl\u00e4st om Kristdemokraterna&#8221; <a href=\"https:\/\/kristdemokraterna.se\/var-politik\/lattlast\">https:\/\/kristdemokraterna.se\/var-politik\/lattlast<\/a><\/p>\n","protected":false},"excerpt":{"rendered":"<p>H\u00e4r \u00e4r en l\u00e4nk till &#8221;L\u00e4ttl\u00e4st om Kristdemokraterna&#8221; https:\/\/kristdemokraterna.se\/var-politik\/lattlast<\/p>\n","protected":false},"author":744,"featured_media":0,"parent":0,"menu_order":0,"comment_status":"closed","ping_status":"closed","template":"","meta":{"_acf_changed":false,"footnotes":""},"class_list":["post-845","page","type-page","status-publish","hentry"],"acf":[],"yoast_head":"<!-- This site is optimized with the Yoast SEO plugin v27.3 - https:\/\/yoast.com\/product\/yoast-seo-wordpress\/ -->\n<title>L\u00e4ttl\u00e4st - i Sk\u00f6vde<\/title>\n<meta name=\"robots\" content=\"index, follow, max-snippet:-1, max-image-preview:large, max-video-preview:-1\" \/>\n<link rel=\"canonical\" href=\"https:\/\/wp.kristdemokraterna.se\/skovde\/lattlast\/\" \/>\n<meta property=\"og:locale\" content=\"sv_SE\" \/>\n<meta property=\"og:type\" content=\"article\" \/>\n<meta property=\"og:title\" content=\"L\u00e4ttl\u00e4st - i Sk\u00f6vde\" \/>\n<meta property=\"og:description\" content=\"H\u00e4r \u00e4r en l\u00e4nk till &#8221;L\u00e4ttl\u00e4st om Kristdemokraterna&#8221; https:\/\/kristdemokraterna.se\/var-politik\/lattlast\" \/>\n<meta property=\"og:url\" content=\"https:\/\/wp.kristdemokraterna.se\/skovde\/lattlast\/\" \/>\n<meta property=\"og:site_name\" content=\"i Sk\u00f6vde\" \/>\n<meta property=\"article:modified_time\" content=\"2022-07-21T14:48:11+00:00\" \/>\n<meta name=\"twitter:card\" content=\"summary_large_image\" \/>\n<script type=\"application\/ld+json\" class=\"yoast-schema-graph\">{\"@context\":\"https:\\\/\\\/schema.org\",\"@graph\":[{\"@type\":\"WebPage\",\"@id\":\"https:\\\/\\\/wp.kristdemokraterna.se\\\/skovde\\\/lattlast\\\/\",\"url\":\"https:\\\/\\\/wp.kristdemokraterna.se\\\/skovde\\\/lattlast\\\/\",\"name\":\"L\u00e4ttl\u00e4st - i Sk\u00f6vde\",\"isPartOf\":{\"@id\":\"https:\\\/\\\/wp.kristdemokraterna.se\\\/skovde\\\/#website\"},\"datePublished\":\"2022-07-21T14:46:50+00:00\",\"dateModified\":\"2022-07-21T14:48:11+00:00\",\"breadcrumb\":{\"@id\":\"https:\\\/\\\/wp.kristdemokraterna.se\\\/skovde\\\/lattlast\\\/#breadcrumb\"},\"inLanguage\":\"sv-SE\",\"potentialAction\":[{\"@type\":\"ReadAction\",\"target\":[\"https:\\\/\\\/wp.kristdemokraterna.se\\\/skovde\\\/lattlast\\\/\"]}]},{\"@type\":\"BreadcrumbList\",\"@id\":\"https:\\\/\\\/wp.kristdemokraterna.se\\\/skovde\\\/lattlast\\\/#breadcrumb\",\"itemListElement\":[{\"@type\":\"ListItem\",\"position\":1,\"name\":\"Hem\",\"item\":\"https:\\\/\\\/wp.kristdemokraterna.se\\\/skovde\\\/\"},{\"@type\":\"ListItem\",\"position\":2,\"name\":\"L\u00e4ttl\u00e4st\"}]},{\"@type\":\"WebSite\",\"@id\":\"https:\\\/\\\/wp.kristdemokraterna.se\\\/skovde\\\/#website\",\"url\":\"https:\\\/\\\/wp.kristdemokraterna.se\\\/skovde\\\/\",\"name\":\"i Sk\u00f6vde\",\"description\":\"\",\"inLanguage\":\"sv-SE\"}]}<\/script>\n<!-- \/ Yoast SEO plugin. -->","yoast_head_json":{"title":"L\u00e4ttl\u00e4st - i Sk\u00f6vde","robots":{"index":"index","follow":"follow","max-snippet":"max-snippet:-1","max-image-preview":"max-image-preview:large","max-video-preview":"max-video-preview:-1"},"canonical":"https:\/\/wp.kristdemokraterna.se\/skovde\/lattlast\/","og_locale":"sv_SE","og_type":"article","og_title":"L\u00e4ttl\u00e4st - i Sk\u00f6vde","og_description":"H\u00e4r \u00e4r en l\u00e4nk till &#8221;L\u00e4ttl\u00e4st om Kristdemokraterna&#8221; https:\/\/kristdemokraterna.se\/var-politik\/lattlast","og_url":"https:\/\/wp.kristdemokraterna.se\/skovde\/lattlast\/","og_site_name":"i Sk\u00f6vde","article_modified_time":"2022-07-21T14:48:11+00:00","twitter_card":"summary_large_image","schema":{"@context":"https:\/\/schema.org","@graph":[{"@type":"WebPage","@id":"https:\/\/wp.kristdemokraterna.se\/skovde\/lattlast\/","url":"https:\/\/wp.kristdemokraterna.se\/skovde\/lattlast\/","name":"L\u00e4ttl\u00e4st - i Sk\u00f6vde","isPartOf":{"@id":"https:\/\/wp.kristdemokraterna.se\/skovde\/#website"},"datePublished":"2022-07-21T14:46:50+00:00","dateModified":"2022-07-21T14:48:11+00:00","breadcrumb":{"@id":"https:\/\/wp.kristdemokraterna.se\/skovde\/lattlast\/#breadcrumb"},"inLanguage":"sv-SE","potentialAction":[{"@type":"ReadAction","target":["https:\/\/wp.kristdemokraterna.se\/skovde\/lattlast\/"]}]},{"@type":"BreadcrumbList","@id":"https:\/\/wp.kristdemokraterna.se\/skovde\/lattlast\/#breadcrumb","itemListElement":[{"@type":"ListItem","position":1,"name":"Hem","item":"https:\/\/wp.kristdemokraterna.se\/skovde\/"},{"@type":"ListItem","position":2,"name":"L\u00e4ttl\u00e4st"}]},{"@type":"WebSite","@id":"https:\/\/wp.kristdemokraterna.se\/skovde\/#website","url":"https:\/\/wp.kristdemokraterna.se\/skovde\/","name":"i Sk\u00f6vde","description":"","inLanguage":"sv-SE"}]}},"_links":{"self":[{"href":"https:\/\/wp.kristdemokraterna.se\/skovde\/wp-json\/wp\/v2\/pages\/845","targetHints":{"allow":["GET"]}}],"collection":[{"href":"https:\/\/wp.kristdemokraterna.se\/skovde\/wp-json\/wp\/v2\/pages"}],"about":[{"href":"https:\/\/wp.kristdemokraterna.se\/skovde\/wp-json\/wp\/v2\/types\/page"}],"author":[{"embeddable":true,"href":"https:\/\/wp.kristdemokraterna.se\/skovde\/wp-json\/wp\/v2\/users\/744"}],"replies":[{"embeddable":true,"href":"https:\/\/wp.kristdemokraterna.se\/skovde\/wp-json\/wp\/v2\/comments?post=845"}],"version-history":[{"count":2,"href":"https:\/\/wp.kristdemokraterna.se\/skovde\/wp-json\/wp\/v2\/pages\/845\/revisions"}],"predecessor-version":[{"id":848,"href":"https:\/\/wp.kristdemokraterna.se\/skovde\/wp-json\/wp\/v2\/pages\/845\/revisions\/848"}],"wp:attachment":[{"href":"https:\/\/wp.kristdemokraterna.se\/skovde\/wp-json\/wp\/v2\/media?parent=845"}],"curies":[{"name":"wp","href":"https:\/\/api.w.org\/{rel}","templated":true}]}}