{"id":269,"date":"2017-11-29T16:48:28","date_gmt":"2017-11-29T15:48:28","guid":{"rendered":"http:\/\/wp.kristdemokraterna.se\/soderhamn2\/?page_id=269"},"modified":"2025-08-16T18:03:38","modified_gmt":"2025-08-16T16:03:38","slug":"var-partiavdelning","status":"publish","type":"page","link":"https:\/\/wp.kristdemokraterna.se\/soderhamn\/var-partiavdelning\/","title":{"rendered":"V\u00e5r partiavdelning i S\u00f6derhamn"},"content":{"rendered":"<p>Har du fr\u00e5gor om Kristdemokraterna, v\u00e5r partiavdelning i S\u00f6derhamn eller n\u00e5got annat p\u00e5 hj\u00e4rtat? Du \u00e4r \u00a0varmt v\u00e4lkommen att kontakta oss.<\/p>\n<p><a href=\"http:\/\/wp.kristdemokraterna.se\/soderhamn\/files\/2023\/01\/medlemmat-6-kollage-bild.jpg\"><img loading=\"lazy\" decoding=\"async\" class=\"aligncenter size-full wp-image-741\" src=\"http:\/\/wp.kristdemokraterna.se\/soderhamn\/files\/2023\/01\/medlemmat-6-kollage-bild.jpg\" alt=\"Kristdemokraterna i S\u00f6derhamn\" width=\"1080\" height=\"913\" srcset=\"https:\/\/wp.kristdemokraterna.se\/soderhamn\/files\/2023\/01\/medlemmat-6-kollage-bild.jpg 1080w, https:\/\/wp.kristdemokraterna.se\/soderhamn\/files\/2023\/01\/medlemmat-6-kollage-bild-300x254.jpg 300w, https:\/\/wp.kristdemokraterna.se\/soderhamn\/files\/2023\/01\/medlemmat-6-kollage-bild-1024x866.jpg 1024w, https:\/\/wp.kristdemokraterna.se\/soderhamn\/files\/2023\/01\/medlemmat-6-kollage-bild-768x649.jpg 768w, https:\/\/wp.kristdemokraterna.se\/soderhamn\/files\/2023\/01\/medlemmat-6-kollage-bild-237x200.jpg 237w, https:\/\/wp.kristdemokraterna.se\/soderhamn\/files\/2023\/01\/medlemmat-6-kollage-bild-370x313.jpg 370w, https:\/\/wp.kristdemokraterna.se\/soderhamn\/files\/2023\/01\/medlemmat-6-kollage-bild-770x651.jpg 770w, https:\/\/wp.kristdemokraterna.se\/soderhamn\/files\/2023\/01\/medlemmat-6-kollage-bild-450x380.jpg 450w, https:\/\/wp.kristdemokraterna.se\/soderhamn\/files\/2023\/01\/medlemmat-6-kollage-bild-280x237.jpg 280w, https:\/\/wp.kristdemokraterna.se\/soderhamn\/files\/2023\/01\/medlemmat-6-kollage-bild-340x287.jpg 340w, https:\/\/wp.kristdemokraterna.se\/soderhamn\/files\/2023\/01\/medlemmat-6-kollage-bild-200x169.jpg 200w, https:\/\/wp.kristdemokraterna.se\/soderhamn\/files\/2023\/01\/medlemmat-6-kollage-bild-66x56.jpg 66w\" sizes=\"auto, (max-width: 1080px) 100vw, 1080px\" \/><\/a><\/p>\n<p>&nbsp;<\/p>\n<p><strong>Anders Ramstrand:<\/strong> Ledamot Kommunfullm\u00e4ktige, Kommunalr\u00e5d, Kommunstyrelsen samt ordf\u00f6rande i V\u00e4rf\u00e4rdsn\u00e4mnden (V\u00c4L).<\/p>\n<p>Kontakt: anders.ramstrand@soderhamn.se<\/p>\n<p>Mobil: 070-287 90 25<\/p>\n<p><strong>Jan Nilsson:<\/strong> Ledamot kommunfullm\u00e4ktige, Vice ordf\u00f6rande Barn- och L\u00e4randen\u00e4mnden (BAL).<\/p>\n<p><strong>Elisabeth Winsjansen:<\/strong> Ledamot Kommunfullm\u00e4ktige, ers\u00e4ttare Kommunstyrelsen, ers\u00e4ttare Regionfullm\u00e4ktige, personalutskottet i S\u00f6derhamns kommun.<\/p>\n<p>Kontakt: elisabeth.winsjansen@soderhamn.se<\/p>\n<p><strong>Astrid Wistr\u00f6m:<\/strong> Valberedningen f\u00f6r Kommunfullm\u00e4ktige, ers\u00e4ttare Barn- och L\u00e4randen\u00e4mnden (BAL).<\/p>\n<p>Kontakt: astrid.wistrom@soderhamn.se<\/p>\n<p>Mobil: 070-532 76 78<\/p>\n<p><strong>Olle Persson:<\/strong> Ordf\u00f6rande KD i S\u00f6derhamn. Faxeholmens styrelse.<\/p>\n<p>Kontakt: olle@reagro.se<\/p>\n<p>Mobil: 070-334 43 61<\/p>\n<p><strong>Carro \u00d6berg:<\/strong> Vice Ordf\u00f6rande KD i S\u00f6derhamn. Samh\u00e4llsservicen\u00e4mnden, Styrgruppen f\u00f6r Centrumutvecklingen, KD i S\u00f6derhamns digitala kommunikat\u00f6r.<\/p>\n<p>Kontakt: caroline.oberg@soderhamn.se<\/p>\n<p>Mobil: 070-586 34 42<\/p>\n<p>&nbsp;<\/p>\n","protected":false},"excerpt":{"rendered":"<p>Har du fr\u00e5gor om Kristdemokraterna, v\u00e5r partiavdelning i S\u00f6derhamn eller n\u00e5got annat p\u00e5 hj\u00e4rtat? Du \u00e4r \u00a0varmt v\u00e4lkommen att kontakta oss. &nbsp; Anders Ramstrand: Ledamot Kommunfullm\u00e4ktige, Kommunalr\u00e5d, Kommunstyrelsen samt ordf\u00f6rande i V\u00e4rf\u00e4rdsn\u00e4mnden (V\u00c4L). Kontakt: anders.ramstrand@soderhamn.se Mobil: 070-287 90 25 Jan Nilsson: Ledamot kommunfullm\u00e4ktige, Vice ordf\u00f6rande Barn- och L\u00e4randen\u00e4mnden (BAL). Elisabeth Winsjansen: Ledamot Kommunfullm\u00e4ktige, ers\u00e4ttare Kommunstyrelsen, <a class=\"read-more-link\" href=\"https:\/\/wp.kristdemokraterna.se\/soderhamn\/var-partiavdelning\/\">L\u00e4s mer<\/a><\/p>\n","protected":false},"author":799,"featured_media":0,"parent":0,"menu_order":0,"comment_status":"closed","ping_status":"closed","template":"page.php","meta":{"_acf_changed":false,"footnotes":""},"class_list":["post-269","page","type-page","status-publish","hentry"],"acf":[],"yoast_head":"<!-- This site is optimized with the Yoast SEO plugin v27.4 - https:\/\/yoast.com\/product\/yoast-seo-wordpress\/ -->\n<title>V\u00e5r partiavdelning i S\u00f6derhamn - Kristdemokraterna i S\u00f6derhamn<\/title>\n<meta name=\"description\" content=\"Presentation av Kristdemokraterna i S\u00f6derhamns uppdrag och kontaktuppgifter. Du \u00e4r varmt v\u00e4lkommen att kontakta oss.\" \/>\n<meta name=\"robots\" content=\"index, follow, max-snippet:-1, max-image-preview:large, max-video-preview:-1\" \/>\n<link rel=\"canonical\" href=\"https:\/\/wp.kristdemokraterna.se\/soderhamn\/var-partiavdelning\/\" \/>\n<meta property=\"og:locale\" content=\"sv_SE\" \/>\n<meta property=\"og:type\" content=\"article\" \/>\n<meta property=\"og:title\" content=\"V\u00e5r partiavdelning i S\u00f6derhamn - Kristdemokraterna i S\u00f6derhamn\" \/>\n<meta property=\"og:description\" content=\"Presentation av Kristdemokraterna i S\u00f6derhamns uppdrag och kontaktuppgifter. Du \u00e4r varmt v\u00e4lkommen att kontakta oss.\" \/>\n<meta property=\"og:url\" content=\"https:\/\/wp.kristdemokraterna.se\/soderhamn\/var-partiavdelning\/\" \/>\n<meta property=\"og:site_name\" content=\"Kristdemokraterna i S\u00f6derhamn\" \/>\n<meta property=\"article:modified_time\" content=\"2025-08-16T16:03:38+00:00\" \/>\n<meta property=\"og:image\" content=\"https:\/\/wp.kristdemokraterna.se\/soderhamn\/files\/2023\/01\/medlemmat-6-kollage-bild.jpg\" \/>\n\t<meta property=\"og:image:width\" content=\"1080\" \/>\n\t<meta property=\"og:image:height\" content=\"913\" \/>\n\t<meta property=\"og:image:type\" content=\"image\/jpeg\" \/>\n<meta name=\"twitter:card\" content=\"summary_large_image\" \/>\n<meta name=\"twitter:label1\" content=\"Ber\u00e4knad l\u00e4stid\" \/>\n\t<meta name=\"twitter:data1\" content=\"1 minut\" \/>\n<script type=\"application\/ld+json\" class=\"yoast-schema-graph\">{\"@context\":\"https:\\\/\\\/schema.org\",\"@graph\":[{\"@type\":\"WebPage\",\"@id\":\"https:\\\/\\\/wp.kristdemokraterna.se\\\/soderhamn\\\/var-partiavdelning\\\/\",\"url\":\"https:\\\/\\\/wp.kristdemokraterna.se\\\/soderhamn\\\/var-partiavdelning\\\/\",\"name\":\"V\u00e5r partiavdelning i S\u00f6derhamn - Kristdemokraterna i S\u00f6derhamn\",\"isPartOf\":{\"@id\":\"https:\\\/\\\/wp.kristdemokraterna.se\\\/soderhamn\\\/#website\"},\"primaryImageOfPage\":{\"@id\":\"https:\\\/\\\/wp.kristdemokraterna.se\\\/soderhamn\\\/var-partiavdelning\\\/#primaryimage\"},\"image\":{\"@id\":\"https:\\\/\\\/wp.kristdemokraterna.se\\\/soderhamn\\\/var-partiavdelning\\\/#primaryimage\"},\"thumbnailUrl\":\"http:\\\/\\\/wp.kristdemokraterna.se\\\/soderhamn\\\/files\\\/2023\\\/01\\\/medlemmat-6-kollage-bild.jpg\",\"datePublished\":\"2017-11-29T15:48:28+00:00\",\"dateModified\":\"2025-08-16T16:03:38+00:00\",\"description\":\"Presentation av Kristdemokraterna i S\u00f6derhamns uppdrag och kontaktuppgifter. Du \u00e4r varmt v\u00e4lkommen att kontakta oss.\",\"breadcrumb\":{\"@id\":\"https:\\\/\\\/wp.kristdemokraterna.se\\\/soderhamn\\\/var-partiavdelning\\\/#breadcrumb\"},\"inLanguage\":\"sv-SE\",\"potentialAction\":[{\"@type\":\"ReadAction\",\"target\":[\"https:\\\/\\\/wp.kristdemokraterna.se\\\/soderhamn\\\/var-partiavdelning\\\/\"]}]},{\"@type\":\"ImageObject\",\"inLanguage\":\"sv-SE\",\"@id\":\"https:\\\/\\\/wp.kristdemokraterna.se\\\/soderhamn\\\/var-partiavdelning\\\/#primaryimage\",\"url\":\"http:\\\/\\\/wp.kristdemokraterna.se\\\/soderhamn\\\/files\\\/2023\\\/01\\\/medlemmat-6-kollage-bild.jpg\",\"contentUrl\":\"http:\\\/\\\/wp.kristdemokraterna.se\\\/soderhamn\\\/files\\\/2023\\\/01\\\/medlemmat-6-kollage-bild.jpg\"},{\"@type\":\"BreadcrumbList\",\"@id\":\"https:\\\/\\\/wp.kristdemokraterna.se\\\/soderhamn\\\/var-partiavdelning\\\/#breadcrumb\",\"itemListElement\":[{\"@type\":\"ListItem\",\"position\":1,\"name\":\"Hem\",\"item\":\"https:\\\/\\\/wp.kristdemokraterna.se\\\/soderhamn\\\/\"},{\"@type\":\"ListItem\",\"position\":2,\"name\":\"V\u00e5r partiavdelning i S\u00f6derhamn\"}]},{\"@type\":\"WebSite\",\"@id\":\"https:\\\/\\\/wp.kristdemokraterna.se\\\/soderhamn\\\/#website\",\"url\":\"https:\\\/\\\/wp.kristdemokraterna.se\\\/soderhamn\\\/\",\"name\":\"Kristdemokraterna i S\u00f6derhamn\",\"description\":\"Kristdemokraterna i S\u00f6derhamn\",\"inLanguage\":\"sv-SE\"}]}<\/script>\n<!-- \/ Yoast SEO plugin. -->","yoast_head_json":{"title":"V\u00e5r partiavdelning i S\u00f6derhamn - Kristdemokraterna i S\u00f6derhamn","description":"Presentation av Kristdemokraterna i S\u00f6derhamns uppdrag och kontaktuppgifter. Du \u00e4r varmt v\u00e4lkommen att kontakta oss.","robots":{"index":"index","follow":"follow","max-snippet":"max-snippet:-1","max-image-preview":"max-image-preview:large","max-video-preview":"max-video-preview:-1"},"canonical":"https:\/\/wp.kristdemokraterna.se\/soderhamn\/var-partiavdelning\/","og_locale":"sv_SE","og_type":"article","og_title":"V\u00e5r partiavdelning i S\u00f6derhamn - Kristdemokraterna i S\u00f6derhamn","og_description":"Presentation av Kristdemokraterna i S\u00f6derhamns uppdrag och kontaktuppgifter. Du \u00e4r varmt v\u00e4lkommen att kontakta oss.","og_url":"https:\/\/wp.kristdemokraterna.se\/soderhamn\/var-partiavdelning\/","og_site_name":"Kristdemokraterna i S\u00f6derhamn","article_modified_time":"2025-08-16T16:03:38+00:00","og_image":[{"width":1080,"height":913,"url":"https:\/\/wp.kristdemokraterna.se\/soderhamn\/files\/2023\/01\/medlemmat-6-kollage-bild.jpg","type":"image\/jpeg"}],"twitter_card":"summary_large_image","twitter_misc":{"Ber\u00e4knad l\u00e4stid":"1 minut"},"schema":{"@context":"https:\/\/schema.org","@graph":[{"@type":"WebPage","@id":"https:\/\/wp.kristdemokraterna.se\/soderhamn\/var-partiavdelning\/","url":"https:\/\/wp.kristdemokraterna.se\/soderhamn\/var-partiavdelning\/","name":"V\u00e5r partiavdelning i S\u00f6derhamn - Kristdemokraterna i S\u00f6derhamn","isPartOf":{"@id":"https:\/\/wp.kristdemokraterna.se\/soderhamn\/#website"},"primaryImageOfPage":{"@id":"https:\/\/wp.kristdemokraterna.se\/soderhamn\/var-partiavdelning\/#primaryimage"},"image":{"@id":"https:\/\/wp.kristdemokraterna.se\/soderhamn\/var-partiavdelning\/#primaryimage"},"thumbnailUrl":"http:\/\/wp.kristdemokraterna.se\/soderhamn\/files\/2023\/01\/medlemmat-6-kollage-bild.jpg","datePublished":"2017-11-29T15:48:28+00:00","dateModified":"2025-08-16T16:03:38+00:00","description":"Presentation av Kristdemokraterna i S\u00f6derhamns uppdrag och kontaktuppgifter. Du \u00e4r varmt v\u00e4lkommen att kontakta oss.","breadcrumb":{"@id":"https:\/\/wp.kristdemokraterna.se\/soderhamn\/var-partiavdelning\/#breadcrumb"},"inLanguage":"sv-SE","potentialAction":[{"@type":"ReadAction","target":["https:\/\/wp.kristdemokraterna.se\/soderhamn\/var-partiavdelning\/"]}]},{"@type":"ImageObject","inLanguage":"sv-SE","@id":"https:\/\/wp.kristdemokraterna.se\/soderhamn\/var-partiavdelning\/#primaryimage","url":"http:\/\/wp.kristdemokraterna.se\/soderhamn\/files\/2023\/01\/medlemmat-6-kollage-bild.jpg","contentUrl":"http:\/\/wp.kristdemokraterna.se\/soderhamn\/files\/2023\/01\/medlemmat-6-kollage-bild.jpg"},{"@type":"BreadcrumbList","@id":"https:\/\/wp.kristdemokraterna.se\/soderhamn\/var-partiavdelning\/#breadcrumb","itemListElement":[{"@type":"ListItem","position":1,"name":"Hem","item":"https:\/\/wp.kristdemokraterna.se\/soderhamn\/"},{"@type":"ListItem","position":2,"name":"V\u00e5r partiavdelning i S\u00f6derhamn"}]},{"@type":"WebSite","@id":"https:\/\/wp.kristdemokraterna.se\/soderhamn\/#website","url":"https:\/\/wp.kristdemokraterna.se\/soderhamn\/","name":"Kristdemokraterna i S\u00f6derhamn","description":"Kristdemokraterna i S\u00f6derhamn","inLanguage":"sv-SE"}]}},"_links":{"self":[{"href":"https:\/\/wp.kristdemokraterna.se\/soderhamn\/wp-json\/wp\/v2\/pages\/269","targetHints":{"allow":["GET"]}}],"collection":[{"href":"https:\/\/wp.kristdemokraterna.se\/soderhamn\/wp-json\/wp\/v2\/pages"}],"about":[{"href":"https:\/\/wp.kristdemokraterna.se\/soderhamn\/wp-json\/wp\/v2\/types\/page"}],"author":[{"embeddable":true,"href":"https:\/\/wp.kristdemokraterna.se\/soderhamn\/wp-json\/wp\/v2\/users\/799"}],"replies":[{"embeddable":true,"href":"https:\/\/wp.kristdemokraterna.se\/soderhamn\/wp-json\/wp\/v2\/comments?post=269"}],"version-history":[{"count":21,"href":"https:\/\/wp.kristdemokraterna.se\/soderhamn\/wp-json\/wp\/v2\/pages\/269\/revisions"}],"predecessor-version":[{"id":865,"href":"https:\/\/wp.kristdemokraterna.se\/soderhamn\/wp-json\/wp\/v2\/pages\/269\/revisions\/865"}],"wp:attachment":[{"href":"https:\/\/wp.kristdemokraterna.se\/soderhamn\/wp-json\/wp\/v2\/media?parent=269"}],"curies":[{"name":"wp","href":"https:\/\/api.w.org\/{rel}","templated":true}]}}