{"id":368,"date":"2017-12-04T16:44:15","date_gmt":"2017-12-04T15:44:15","guid":{"rendered":"http:\/\/wp.kristdemokraterna.se\/soderhamn2\/?page_id=368"},"modified":"2019-09-14T15:22:07","modified_gmt":"2019-09-14T13:22:07","slug":"om-kristdemokraterna","status":"publish","type":"page","link":"https:\/\/wp.kristdemokraterna.se\/soderhamn\/textsida-fullbredd\/om-kristdemokraterna\/","title":{"rendered":"Om Kristdemokraterna"},"content":{"rendered":"<p><strong>2019 hade Kristdemokraterna i Sverige:<\/strong><\/p>\n<p>\u2013 Ca 45 000 medlemmar<br \/>\n\u2013 26 distrikt. Ett distrikt omfattar oftast ett l\u00e4n. Och det b\u00e4sta av alla distrikt \u00e4r G\u00e4vleborg \ud83d\ude42<br \/>\n\u2013 16 riksdagsledam\u00f6ter. Riksdagen best\u00e5r totalt av 349 ledam\u00f6ter.<br \/>\n\u2013 I partiet finns ocks\u00e5 ett kvinnof\u00f6rbund, ett ungdomsf\u00f6rbund, ett studentf\u00f6rbund och ett\u00a0seniorf\u00f6rbund.<\/p>\n<p><strong>Ytterligare statistik och information:<\/strong><\/p>\n<p>\u2013 Kristdemokraterna i Sverige bildades 1964.<br \/>\n\u2013 Alf Svensson var partiledare mellan \u00e5ren 1973-2004.<br \/>\n\u2013 G\u00f6ran H\u00e4gglund valdes till partiledare 3 april 2004.I januari 2015 meddelade han sin avg\u00e5ng.<br \/>\n\u2013 Ebba Busch Thor valdes till partiledare den 25 april 2015.<br \/>\n\u2013 I det senaste riksdagsvalet fick Kristdemokraterna 6.3 % av r\u00f6sterna.<\/p>\n<p>Kristdemokraterna kom in i Riksdagen f\u00f6r f\u00f6rsta g\u00e5ngen 1985. D\u00e5 var partiledaren Alf Svensson ensam riksdagsledamot f\u00f6r Kristdemokraterna.\u00a01991 \u2013 1994 satt Kristdemokraterna i regeringen tillsammans med Moderaterna, Folkpartiet och Centern.\u00a0Mandatperioderna 2006-2010 och 2010-2014 hade Kristdemokraterna regeringsmakten tillsammans med Moderaterna, Folkpartiet och Centern under namnet Alliansen. Under senaste mandatperiodien var\u00a0G\u00f6ran H\u00e4gglund socialminister med ansvar f\u00f6r bland annat familjepolitik. Maria Larsson\u00a0\u00e4ldre- och folkh\u00e4lsominister och Stefan Attefall\u00a0Civil- och bostadsminister.<br \/>\nKristdemokraterna \u00e4r representerat i EU-parlamentet av Lars Adaktusson.<\/p>\n","protected":false},"excerpt":{"rendered":"<p>2019 hade Kristdemokraterna i Sverige: \u2013 Ca 45 000 medlemmar \u2013 26 distrikt. Ett distrikt omfattar oftast ett l\u00e4n. Och det b\u00e4sta av alla distrikt \u00e4r G\u00e4vleborg \ud83d\ude42 \u2013 16 riksdagsledam\u00f6ter. Riksdagen best\u00e5r totalt av 349 ledam\u00f6ter. \u2013 I partiet finns ocks\u00e5 ett kvinnof\u00f6rbund, ett ungdomsf\u00f6rbund, ett studentf\u00f6rbund och ett\u00a0seniorf\u00f6rbund. Ytterligare statistik och information: \u2013 <a class=\"read-more-link\" href=\"https:\/\/wp.kristdemokraterna.se\/soderhamn\/textsida-fullbredd\/om-kristdemokraterna\/\">L\u00e4s mer<\/a><\/p>\n","protected":false},"author":799,"featured_media":0,"parent":272,"menu_order":0,"comment_status":"closed","ping_status":"closed","template":"page.php","meta":{"_acf_changed":false,"footnotes":""},"class_list":["post-368","page","type-page","status-publish","hentry"],"acf":[],"yoast_head":"<!-- This site is optimized with the Yoast SEO plugin v27.3 - https:\/\/yoast.com\/product\/yoast-seo-wordpress\/ -->\n<title>Om Kristdemokraterna - Kristdemokraterna i S\u00f6derhamn<\/title>\n<meta name=\"robots\" content=\"index, follow, max-snippet:-1, max-image-preview:large, max-video-preview:-1\" \/>\n<link rel=\"canonical\" href=\"https:\/\/wp.kristdemokraterna.se\/soderhamn\/textsida-fullbredd\/om-kristdemokraterna\/\" \/>\n<meta property=\"og:locale\" content=\"sv_SE\" \/>\n<meta property=\"og:type\" content=\"article\" \/>\n<meta property=\"og:title\" content=\"Om Kristdemokraterna - Kristdemokraterna i S\u00f6derhamn\" \/>\n<meta property=\"og:description\" content=\"2019 hade Kristdemokraterna i Sverige: \u2013 Ca 45 000 medlemmar \u2013 26 distrikt. Ett distrikt omfattar oftast ett l\u00e4n. Och det b\u00e4sta av alla distrikt \u00e4r G\u00e4vleborg \ud83d\ude42 \u2013 16 riksdagsledam\u00f6ter. Riksdagen best\u00e5r totalt av 349 ledam\u00f6ter. \u2013 I partiet finns ocks\u00e5 ett kvinnof\u00f6rbund, ett ungdomsf\u00f6rbund, ett studentf\u00f6rbund och ett\u00a0seniorf\u00f6rbund. Ytterligare statistik och information: \u2013 L\u00e4s mer\" \/>\n<meta property=\"og:url\" content=\"https:\/\/wp.kristdemokraterna.se\/soderhamn\/textsida-fullbredd\/om-kristdemokraterna\/\" \/>\n<meta property=\"og:site_name\" content=\"Kristdemokraterna i S\u00f6derhamn\" \/>\n<meta property=\"article:modified_time\" content=\"2019-09-14T13:22:07+00:00\" \/>\n<meta name=\"twitter:card\" content=\"summary_large_image\" \/>\n<meta name=\"twitter:label1\" content=\"Ber\u00e4knad l\u00e4stid\" \/>\n\t<meta name=\"twitter:data1\" content=\"1 minut\" \/>\n<script type=\"application\/ld+json\" class=\"yoast-schema-graph\">{\"@context\":\"https:\\\/\\\/schema.org\",\"@graph\":[{\"@type\":\"WebPage\",\"@id\":\"https:\\\/\\\/wp.kristdemokraterna.se\\\/soderhamn\\\/textsida-fullbredd\\\/om-kristdemokraterna\\\/\",\"url\":\"https:\\\/\\\/wp.kristdemokraterna.se\\\/soderhamn\\\/textsida-fullbredd\\\/om-kristdemokraterna\\\/\",\"name\":\"Om Kristdemokraterna - Kristdemokraterna i S\u00f6derhamn\",\"isPartOf\":{\"@id\":\"https:\\\/\\\/wp.kristdemokraterna.se\\\/soderhamn\\\/#website\"},\"datePublished\":\"2017-12-04T15:44:15+00:00\",\"dateModified\":\"2019-09-14T13:22:07+00:00\",\"breadcrumb\":{\"@id\":\"https:\\\/\\\/wp.kristdemokraterna.se\\\/soderhamn\\\/textsida-fullbredd\\\/om-kristdemokraterna\\\/#breadcrumb\"},\"inLanguage\":\"sv-SE\",\"potentialAction\":[{\"@type\":\"ReadAction\",\"target\":[\"https:\\\/\\\/wp.kristdemokraterna.se\\\/soderhamn\\\/textsida-fullbredd\\\/om-kristdemokraterna\\\/\"]}]},{\"@type\":\"BreadcrumbList\",\"@id\":\"https:\\\/\\\/wp.kristdemokraterna.se\\\/soderhamn\\\/textsida-fullbredd\\\/om-kristdemokraterna\\\/#breadcrumb\",\"itemListElement\":[{\"@type\":\"ListItem\",\"position\":1,\"name\":\"Hem\",\"item\":\"https:\\\/\\\/wp.kristdemokraterna.se\\\/soderhamn\\\/\"},{\"@type\":\"ListItem\",\"position\":2,\"name\":\"Vad vi st\u00e5r f\u00f6r!\",\"item\":\"https:\\\/\\\/wp.kristdemokraterna.se\\\/soderhamn\\\/textsida-fullbredd\\\/\"},{\"@type\":\"ListItem\",\"position\":3,\"name\":\"Om Kristdemokraterna\"}]},{\"@type\":\"WebSite\",\"@id\":\"https:\\\/\\\/wp.kristdemokraterna.se\\\/soderhamn\\\/#website\",\"url\":\"https:\\\/\\\/wp.kristdemokraterna.se\\\/soderhamn\\\/\",\"name\":\"Kristdemokraterna i S\u00f6derhamn\",\"description\":\"Kristdemokraterna i S\u00f6derhamn\",\"inLanguage\":\"sv-SE\"}]}<\/script>\n<!-- \/ Yoast SEO plugin. -->","yoast_head_json":{"title":"Om Kristdemokraterna - Kristdemokraterna i S\u00f6derhamn","robots":{"index":"index","follow":"follow","max-snippet":"max-snippet:-1","max-image-preview":"max-image-preview:large","max-video-preview":"max-video-preview:-1"},"canonical":"https:\/\/wp.kristdemokraterna.se\/soderhamn\/textsida-fullbredd\/om-kristdemokraterna\/","og_locale":"sv_SE","og_type":"article","og_title":"Om Kristdemokraterna - Kristdemokraterna i S\u00f6derhamn","og_description":"2019 hade Kristdemokraterna i Sverige: \u2013 Ca 45 000 medlemmar \u2013 26 distrikt. Ett distrikt omfattar oftast ett l\u00e4n. Och det b\u00e4sta av alla distrikt \u00e4r G\u00e4vleborg \ud83d\ude42 \u2013 16 riksdagsledam\u00f6ter. Riksdagen best\u00e5r totalt av 349 ledam\u00f6ter. \u2013 I partiet finns ocks\u00e5 ett kvinnof\u00f6rbund, ett ungdomsf\u00f6rbund, ett studentf\u00f6rbund och ett\u00a0seniorf\u00f6rbund. Ytterligare statistik och information: \u2013 L\u00e4s mer","og_url":"https:\/\/wp.kristdemokraterna.se\/soderhamn\/textsida-fullbredd\/om-kristdemokraterna\/","og_site_name":"Kristdemokraterna i S\u00f6derhamn","article_modified_time":"2019-09-14T13:22:07+00:00","twitter_card":"summary_large_image","twitter_misc":{"Ber\u00e4knad l\u00e4stid":"1 minut"},"schema":{"@context":"https:\/\/schema.org","@graph":[{"@type":"WebPage","@id":"https:\/\/wp.kristdemokraterna.se\/soderhamn\/textsida-fullbredd\/om-kristdemokraterna\/","url":"https:\/\/wp.kristdemokraterna.se\/soderhamn\/textsida-fullbredd\/om-kristdemokraterna\/","name":"Om Kristdemokraterna - Kristdemokraterna i S\u00f6derhamn","isPartOf":{"@id":"https:\/\/wp.kristdemokraterna.se\/soderhamn\/#website"},"datePublished":"2017-12-04T15:44:15+00:00","dateModified":"2019-09-14T13:22:07+00:00","breadcrumb":{"@id":"https:\/\/wp.kristdemokraterna.se\/soderhamn\/textsida-fullbredd\/om-kristdemokraterna\/#breadcrumb"},"inLanguage":"sv-SE","potentialAction":[{"@type":"ReadAction","target":["https:\/\/wp.kristdemokraterna.se\/soderhamn\/textsida-fullbredd\/om-kristdemokraterna\/"]}]},{"@type":"BreadcrumbList","@id":"https:\/\/wp.kristdemokraterna.se\/soderhamn\/textsida-fullbredd\/om-kristdemokraterna\/#breadcrumb","itemListElement":[{"@type":"ListItem","position":1,"name":"Hem","item":"https:\/\/wp.kristdemokraterna.se\/soderhamn\/"},{"@type":"ListItem","position":2,"name":"Vad vi st\u00e5r f\u00f6r!","item":"https:\/\/wp.kristdemokraterna.se\/soderhamn\/textsida-fullbredd\/"},{"@type":"ListItem","position":3,"name":"Om Kristdemokraterna"}]},{"@type":"WebSite","@id":"https:\/\/wp.kristdemokraterna.se\/soderhamn\/#website","url":"https:\/\/wp.kristdemokraterna.se\/soderhamn\/","name":"Kristdemokraterna i S\u00f6derhamn","description":"Kristdemokraterna i S\u00f6derhamn","inLanguage":"sv-SE"}]}},"_links":{"self":[{"href":"https:\/\/wp.kristdemokraterna.se\/soderhamn\/wp-json\/wp\/v2\/pages\/368","targetHints":{"allow":["GET"]}}],"collection":[{"href":"https:\/\/wp.kristdemokraterna.se\/soderhamn\/wp-json\/wp\/v2\/pages"}],"about":[{"href":"https:\/\/wp.kristdemokraterna.se\/soderhamn\/wp-json\/wp\/v2\/types\/page"}],"author":[{"embeddable":true,"href":"https:\/\/wp.kristdemokraterna.se\/soderhamn\/wp-json\/wp\/v2\/users\/799"}],"replies":[{"embeddable":true,"href":"https:\/\/wp.kristdemokraterna.se\/soderhamn\/wp-json\/wp\/v2\/comments?post=368"}],"version-history":[{"count":5,"href":"https:\/\/wp.kristdemokraterna.se\/soderhamn\/wp-json\/wp\/v2\/pages\/368\/revisions"}],"predecessor-version":[{"id":516,"href":"https:\/\/wp.kristdemokraterna.se\/soderhamn\/wp-json\/wp\/v2\/pages\/368\/revisions\/516"}],"up":[{"embeddable":true,"href":"https:\/\/wp.kristdemokraterna.se\/soderhamn\/wp-json\/wp\/v2\/pages\/272"}],"wp:attachment":[{"href":"https:\/\/wp.kristdemokraterna.se\/soderhamn\/wp-json\/wp\/v2\/media?parent=368"}],"curies":[{"name":"wp","href":"https:\/\/api.w.org\/{rel}","templated":true}]}}