{"id":1015,"date":"2022-08-17T12:21:16","date_gmt":"2022-08-17T10:21:16","guid":{"rendered":"https:\/\/wp.kristdemokraterna.se\/soderkoping\/?page_id=1015"},"modified":"2022-09-02T19:45:00","modified_gmt":"2022-09-02T17:45:00","slug":"evelina-nilsson","status":"publish","type":"page","link":"https:\/\/wp.kristdemokraterna.se\/soderkoping\/val2022\/kommunkandidater2022\/evelina-nilsson\/","title":{"rendered":"2. Evelina Nilsson"},"content":{"rendered":"<p><img loading=\"lazy\" decoding=\"async\" class=\"alignnone wp-image-1001 size-full\" src=\"http:\/\/wp.kristdemokraterna.se\/soderkoping\/files\/2022\/08\/647ed0eb-9ba6-4e87-a024-983b6b347f3d.jpeg\" alt=\"\" width=\"428\" height=\"640\" srcset=\"https:\/\/wp.kristdemokraterna.se\/soderkoping\/files\/2022\/08\/647ed0eb-9ba6-4e87-a024-983b6b347f3d.jpeg 428w, https:\/\/wp.kristdemokraterna.se\/soderkoping\/files\/2022\/08\/647ed0eb-9ba6-4e87-a024-983b6b347f3d-201x300.jpeg 201w, https:\/\/wp.kristdemokraterna.se\/soderkoping\/files\/2022\/08\/647ed0eb-9ba6-4e87-a024-983b6b347f3d-134x200.jpeg 134w, https:\/\/wp.kristdemokraterna.se\/soderkoping\/files\/2022\/08\/647ed0eb-9ba6-4e87-a024-983b6b347f3d-370x553.jpeg 370w, https:\/\/wp.kristdemokraterna.se\/soderkoping\/files\/2022\/08\/647ed0eb-9ba6-4e87-a024-983b6b347f3d-269x402.jpeg 269w, https:\/\/wp.kristdemokraterna.se\/soderkoping\/files\/2022\/08\/647ed0eb-9ba6-4e87-a024-983b6b347f3d-340x508.jpeg 340w, https:\/\/wp.kristdemokraterna.se\/soderkoping\/files\/2022\/08\/647ed0eb-9ba6-4e87-a024-983b6b347f3d-37x56.jpeg 37w\" sizes=\"auto, (max-width: 428px) 100vw, 428px\" \/><br \/>\n<strong>ATT VARA TRYGG I S\u00d6DERK\u00d6PING<\/strong><br \/>\nEn f\u00f6ruts\u00e4ttning f\u00f6r livskvalitet \u00e4r trygghet i livets alla dagar. Civilsamh\u00e4llets inkluderande insatser \u00e4r betydelsefulla. De insatserna vill vi uppm\u00e4rksamma. Trygghet i familjer och i livets olika skeenden beh\u00f6ver ibland st\u00f6ttning av socialtj\u00e4nst. Trygghet skapas ocks\u00e5 genom arbetsgl\u00e4dje hos anst\u00e4llda inom omsorg. Lust att utvecklas ska fr\u00e4mjas, liksom m\u00f6jligheten att p\u00e5verka sitt schema.<br \/>\n\u2022 Vi vill att socialtj\u00e4nsten ska ha ett individn\u00e4ra arbete med s\u00e4kerst\u00e4lld uppf\u00f6ljning \ud83d\udc99<br \/>\n\u2022 Utdrag ur brottsregistret vid anst\u00e4llning inom omsorg och \u00e4ldreomsorg tror vi \u00f6kar tryggheten<br \/>\n\u2022 Att tills\u00e4tta en \u00e4ldreombudsman som st\u00f6dperson \u00e4r en god id\u00e9 f\u00f6r v\u00e5r kommun <img loading=\"lazy\" decoding=\"async\" class=\"alignright wp-image-928 size-thumbnail\" src=\"http:\/\/wp.kristdemokraterna.se\/soderkoping\/files\/2022\/08\/317e8e84-e225-4fb0-9d8f-955a5833a8a3-150x150.jpeg\" alt=\"\" width=\"150\" height=\"150\" srcset=\"https:\/\/wp.kristdemokraterna.se\/soderkoping\/files\/2022\/08\/317e8e84-e225-4fb0-9d8f-955a5833a8a3-150x150.jpeg 150w, https:\/\/wp.kristdemokraterna.se\/soderkoping\/files\/2022\/08\/317e8e84-e225-4fb0-9d8f-955a5833a8a3-90x90.jpeg 90w, https:\/\/wp.kristdemokraterna.se\/soderkoping\/files\/2022\/08\/317e8e84-e225-4fb0-9d8f-955a5833a8a3-57x56.jpeg 57w\" sizes=\"auto, (max-width: 150px) 100vw, 150px\" \/><\/p>\n<p><strong>EVELINA NILSSON<\/strong><br \/>\nOrganisationsutvecklare, ledamot i<br \/>\nsocialn\u00e4mnden<\/p>\n","protected":false},"excerpt":{"rendered":"<p>ATT VARA TRYGG I S\u00d6DERK\u00d6PING En f\u00f6ruts\u00e4ttning f\u00f6r livskvalitet \u00e4r trygghet i livets alla dagar. Civilsamh\u00e4llets inkluderande insatser \u00e4r betydelsefulla. De insatserna vill vi uppm\u00e4rksamma. Trygghet i familjer och i livets olika skeenden beh\u00f6ver ibland st\u00f6ttning av socialtj\u00e4nst. Trygghet skapas ocks\u00e5 genom arbetsgl\u00e4dje hos anst\u00e4llda inom omsorg. Lust att utvecklas ska fr\u00e4mjas, liksom m\u00f6jligheten att <a class=\"read-more-link\" href=\"https:\/\/wp.kristdemokraterna.se\/soderkoping\/val2022\/kommunkandidater2022\/evelina-nilsson\/\">Read More<\/a><\/p>\n","protected":false},"author":637,"featured_media":0,"parent":933,"menu_order":2,"comment_status":"closed","ping_status":"closed","template":"","meta":{"_acf_changed":false,"footnotes":""},"class_list":["post-1015","page","type-page","status-publish","hentry"],"acf":[],"yoast_head":"<!-- This site is optimized with the Yoast SEO plugin v27.4 - https:\/\/yoast.com\/product\/yoast-seo-wordpress\/ -->\n<title>2. Evelina Nilsson - S\u00f6derk\u00f6ping<\/title>\n<meta name=\"robots\" content=\"noindex, follow, max-snippet:-1, max-image-preview:large, max-video-preview:-1\" \/>\n<meta property=\"og:locale\" content=\"sv_SE\" \/>\n<meta property=\"og:type\" content=\"article\" \/>\n<meta property=\"og:title\" content=\"2. Evelina Nilsson - S\u00f6derk\u00f6ping\" \/>\n<meta property=\"og:description\" content=\"ATT VARA TRYGG I S\u00d6DERK\u00d6PING En f\u00f6ruts\u00e4ttning f\u00f6r livskvalitet \u00e4r trygghet i livets alla dagar. Civilsamh\u00e4llets inkluderande insatser \u00e4r betydelsefulla. De insatserna vill vi uppm\u00e4rksamma. Trygghet i familjer och i livets olika skeenden beh\u00f6ver ibland st\u00f6ttning av socialtj\u00e4nst. Trygghet skapas ocks\u00e5 genom arbetsgl\u00e4dje hos anst\u00e4llda inom omsorg. Lust att utvecklas ska fr\u00e4mjas, liksom m\u00f6jligheten att Read More\" \/>\n<meta property=\"og:url\" content=\"https:\/\/wp.kristdemokraterna.se\/soderkoping\/val2022\/kommunkandidater2022\/evelina-nilsson\/\" \/>\n<meta property=\"og:site_name\" content=\"S\u00f6derk\u00f6ping\" \/>\n<meta property=\"article:modified_time\" content=\"2022-09-02T17:45:00+00:00\" \/>\n<meta property=\"og:image\" content=\"http:\/\/wp.kristdemokraterna.se\/soderkoping\/files\/2022\/08\/647ed0eb-9ba6-4e87-a024-983b6b347f3d.jpeg\" \/>\n<meta name=\"twitter:card\" content=\"summary_large_image\" \/>\n<meta name=\"twitter:label1\" content=\"Ber\u00e4knad l\u00e4stid\" \/>\n\t<meta name=\"twitter:data1\" content=\"2 minuter\" \/>\n<script type=\"application\/ld+json\" class=\"yoast-schema-graph\">{\"@context\":\"https:\\\/\\\/schema.org\",\"@graph\":[{\"@type\":\"WebPage\",\"@id\":\"https:\\\/\\\/wp.kristdemokraterna.se\\\/soderkoping\\\/val2022\\\/kommunkandidater2022\\\/evelina-nilsson\\\/\",\"url\":\"https:\\\/\\\/wp.kristdemokraterna.se\\\/soderkoping\\\/val2022\\\/kommunkandidater2022\\\/evelina-nilsson\\\/\",\"name\":\"2. Evelina Nilsson - S\u00f6derk\u00f6ping\",\"isPartOf\":{\"@id\":\"https:\\\/\\\/wp.kristdemokraterna.se\\\/soderkoping\\\/#website\"},\"primaryImageOfPage\":{\"@id\":\"https:\\\/\\\/wp.kristdemokraterna.se\\\/soderkoping\\\/val2022\\\/kommunkandidater2022\\\/evelina-nilsson\\\/#primaryimage\"},\"image\":{\"@id\":\"https:\\\/\\\/wp.kristdemokraterna.se\\\/soderkoping\\\/val2022\\\/kommunkandidater2022\\\/evelina-nilsson\\\/#primaryimage\"},\"thumbnailUrl\":\"http:\\\/\\\/wp.kristdemokraterna.se\\\/soderkoping\\\/files\\\/2022\\\/08\\\/647ed0eb-9ba6-4e87-a024-983b6b347f3d.jpeg\",\"datePublished\":\"2022-08-17T10:21:16+00:00\",\"dateModified\":\"2022-09-02T17:45:00+00:00\",\"breadcrumb\":{\"@id\":\"https:\\\/\\\/wp.kristdemokraterna.se\\\/soderkoping\\\/val2022\\\/kommunkandidater2022\\\/evelina-nilsson\\\/#breadcrumb\"},\"inLanguage\":\"sv-SE\",\"potentialAction\":[{\"@type\":\"ReadAction\",\"target\":[\"https:\\\/\\\/wp.kristdemokraterna.se\\\/soderkoping\\\/val2022\\\/kommunkandidater2022\\\/evelina-nilsson\\\/\"]}]},{\"@type\":\"ImageObject\",\"inLanguage\":\"sv-SE\",\"@id\":\"https:\\\/\\\/wp.kristdemokraterna.se\\\/soderkoping\\\/val2022\\\/kommunkandidater2022\\\/evelina-nilsson\\\/#primaryimage\",\"url\":\"http:\\\/\\\/wp.kristdemokraterna.se\\\/soderkoping\\\/files\\\/2022\\\/08\\\/647ed0eb-9ba6-4e87-a024-983b6b347f3d.jpeg\",\"contentUrl\":\"http:\\\/\\\/wp.kristdemokraterna.se\\\/soderkoping\\\/files\\\/2022\\\/08\\\/647ed0eb-9ba6-4e87-a024-983b6b347f3d.jpeg\"},{\"@type\":\"BreadcrumbList\",\"@id\":\"https:\\\/\\\/wp.kristdemokraterna.se\\\/soderkoping\\\/val2022\\\/kommunkandidater2022\\\/evelina-nilsson\\\/#breadcrumb\",\"itemListElement\":[{\"@type\":\"ListItem\",\"position\":1,\"name\":\"Hem\",\"item\":\"https:\\\/\\\/wp.kristdemokraterna.se\\\/soderkoping\\\/\"},{\"@type\":\"ListItem\",\"position\":2,\"name\":\"Val 11 sept 2022\",\"item\":\"https:\\\/\\\/wp.kristdemokraterna.se\\\/soderkoping\\\/val2022\\\/\"},{\"@type\":\"ListItem\",\"position\":3,\"name\":\"Kommunkandidater 2022\",\"item\":\"https:\\\/\\\/wp.kristdemokraterna.se\\\/soderkoping\\\/val2022\\\/kommunkandidater2022\\\/\"},{\"@type\":\"ListItem\",\"position\":4,\"name\":\"2. Evelina Nilsson\"}]},{\"@type\":\"WebSite\",\"@id\":\"https:\\\/\\\/wp.kristdemokraterna.se\\\/soderkoping\\\/#website\",\"url\":\"https:\\\/\\\/wp.kristdemokraterna.se\\\/soderkoping\\\/\",\"name\":\"S\u00f6derk\u00f6ping\",\"description\":\"Kristdemokraterna\",\"inLanguage\":\"sv-SE\"}]}<\/script>\n<!-- \/ Yoast SEO plugin. -->","yoast_head_json":{"title":"2. Evelina Nilsson - S\u00f6derk\u00f6ping","robots":{"index":"noindex","follow":"follow","max-snippet":"max-snippet:-1","max-image-preview":"max-image-preview:large","max-video-preview":"max-video-preview:-1"},"og_locale":"sv_SE","og_type":"article","og_title":"2. Evelina Nilsson - S\u00f6derk\u00f6ping","og_description":"ATT VARA TRYGG I S\u00d6DERK\u00d6PING En f\u00f6ruts\u00e4ttning f\u00f6r livskvalitet \u00e4r trygghet i livets alla dagar. Civilsamh\u00e4llets inkluderande insatser \u00e4r betydelsefulla. De insatserna vill vi uppm\u00e4rksamma. Trygghet i familjer och i livets olika skeenden beh\u00f6ver ibland st\u00f6ttning av socialtj\u00e4nst. Trygghet skapas ocks\u00e5 genom arbetsgl\u00e4dje hos anst\u00e4llda inom omsorg. Lust att utvecklas ska fr\u00e4mjas, liksom m\u00f6jligheten att Read More","og_url":"https:\/\/wp.kristdemokraterna.se\/soderkoping\/val2022\/kommunkandidater2022\/evelina-nilsson\/","og_site_name":"S\u00f6derk\u00f6ping","article_modified_time":"2022-09-02T17:45:00+00:00","og_image":[{"url":"http:\/\/wp.kristdemokraterna.se\/soderkoping\/files\/2022\/08\/647ed0eb-9ba6-4e87-a024-983b6b347f3d.jpeg","type":"","width":"","height":""}],"twitter_card":"summary_large_image","twitter_misc":{"Ber\u00e4knad l\u00e4stid":"2 minuter"},"schema":{"@context":"https:\/\/schema.org","@graph":[{"@type":"WebPage","@id":"https:\/\/wp.kristdemokraterna.se\/soderkoping\/val2022\/kommunkandidater2022\/evelina-nilsson\/","url":"https:\/\/wp.kristdemokraterna.se\/soderkoping\/val2022\/kommunkandidater2022\/evelina-nilsson\/","name":"2. Evelina Nilsson - S\u00f6derk\u00f6ping","isPartOf":{"@id":"https:\/\/wp.kristdemokraterna.se\/soderkoping\/#website"},"primaryImageOfPage":{"@id":"https:\/\/wp.kristdemokraterna.se\/soderkoping\/val2022\/kommunkandidater2022\/evelina-nilsson\/#primaryimage"},"image":{"@id":"https:\/\/wp.kristdemokraterna.se\/soderkoping\/val2022\/kommunkandidater2022\/evelina-nilsson\/#primaryimage"},"thumbnailUrl":"http:\/\/wp.kristdemokraterna.se\/soderkoping\/files\/2022\/08\/647ed0eb-9ba6-4e87-a024-983b6b347f3d.jpeg","datePublished":"2022-08-17T10:21:16+00:00","dateModified":"2022-09-02T17:45:00+00:00","breadcrumb":{"@id":"https:\/\/wp.kristdemokraterna.se\/soderkoping\/val2022\/kommunkandidater2022\/evelina-nilsson\/#breadcrumb"},"inLanguage":"sv-SE","potentialAction":[{"@type":"ReadAction","target":["https:\/\/wp.kristdemokraterna.se\/soderkoping\/val2022\/kommunkandidater2022\/evelina-nilsson\/"]}]},{"@type":"ImageObject","inLanguage":"sv-SE","@id":"https:\/\/wp.kristdemokraterna.se\/soderkoping\/val2022\/kommunkandidater2022\/evelina-nilsson\/#primaryimage","url":"http:\/\/wp.kristdemokraterna.se\/soderkoping\/files\/2022\/08\/647ed0eb-9ba6-4e87-a024-983b6b347f3d.jpeg","contentUrl":"http:\/\/wp.kristdemokraterna.se\/soderkoping\/files\/2022\/08\/647ed0eb-9ba6-4e87-a024-983b6b347f3d.jpeg"},{"@type":"BreadcrumbList","@id":"https:\/\/wp.kristdemokraterna.se\/soderkoping\/val2022\/kommunkandidater2022\/evelina-nilsson\/#breadcrumb","itemListElement":[{"@type":"ListItem","position":1,"name":"Hem","item":"https:\/\/wp.kristdemokraterna.se\/soderkoping\/"},{"@type":"ListItem","position":2,"name":"Val 11 sept 2022","item":"https:\/\/wp.kristdemokraterna.se\/soderkoping\/val2022\/"},{"@type":"ListItem","position":3,"name":"Kommunkandidater 2022","item":"https:\/\/wp.kristdemokraterna.se\/soderkoping\/val2022\/kommunkandidater2022\/"},{"@type":"ListItem","position":4,"name":"2. Evelina Nilsson"}]},{"@type":"WebSite","@id":"https:\/\/wp.kristdemokraterna.se\/soderkoping\/#website","url":"https:\/\/wp.kristdemokraterna.se\/soderkoping\/","name":"S\u00f6derk\u00f6ping","description":"Kristdemokraterna","inLanguage":"sv-SE"}]}},"_links":{"self":[{"href":"https:\/\/wp.kristdemokraterna.se\/soderkoping\/wp-json\/wp\/v2\/pages\/1015","targetHints":{"allow":["GET"]}}],"collection":[{"href":"https:\/\/wp.kristdemokraterna.se\/soderkoping\/wp-json\/wp\/v2\/pages"}],"about":[{"href":"https:\/\/wp.kristdemokraterna.se\/soderkoping\/wp-json\/wp\/v2\/types\/page"}],"author":[{"embeddable":true,"href":"https:\/\/wp.kristdemokraterna.se\/soderkoping\/wp-json\/wp\/v2\/users\/637"}],"replies":[{"embeddable":true,"href":"https:\/\/wp.kristdemokraterna.se\/soderkoping\/wp-json\/wp\/v2\/comments?post=1015"}],"version-history":[{"count":7,"href":"https:\/\/wp.kristdemokraterna.se\/soderkoping\/wp-json\/wp\/v2\/pages\/1015\/revisions"}],"predecessor-version":[{"id":1118,"href":"https:\/\/wp.kristdemokraterna.se\/soderkoping\/wp-json\/wp\/v2\/pages\/1015\/revisions\/1118"}],"up":[{"embeddable":true,"href":"https:\/\/wp.kristdemokraterna.se\/soderkoping\/wp-json\/wp\/v2\/pages\/933"}],"wp:attachment":[{"href":"https:\/\/wp.kristdemokraterna.se\/soderkoping\/wp-json\/wp\/v2\/media?parent=1015"}],"curies":[{"name":"wp","href":"https:\/\/api.w.org\/{rel}","templated":true}]}}