{"id":1018,"date":"2022-08-17T12:37:59","date_gmt":"2022-08-17T10:37:59","guid":{"rendered":"https:\/\/wp.kristdemokraterna.se\/soderkoping\/?page_id=1018"},"modified":"2022-09-02T18:01:08","modified_gmt":"2022-09-02T16:01:08","slug":"kdriks-valmanifest","status":"publish","type":"page","link":"https:\/\/wp.kristdemokraterna.se\/soderkoping\/val2022\/kdriks-valmanifest\/","title":{"rendered":"Valmanifest 2022 (KD riks)"},"content":{"rendered":"<div id=\"svid10_72d9f8c817e8ce3de028e2d\" class=\"sv-vertical sv-layout sv-template-layout\">\n<div id=\"svid94_72d9f8c817e8ce3de02881d\">\n<div id=\"svid12_2e2b5b3e18180017d1bd69\" class=\"sv-text-portlet sv-use-margins\">\n<div class=\"sv-text-portlet-content\">\n<p class=\"font-description\"><img loading=\"lazy\" decoding=\"async\" class=\"alignnone wp-image-1019 size-full\" src=\"http:\/\/wp.kristdemokraterna.se\/soderkoping\/files\/2022\/08\/11324541-c974-49a0-a2ed-a6bd57a4c02c.jpeg\" alt=\"\" width=\"800\" height=\"342\" srcset=\"https:\/\/wp.kristdemokraterna.se\/soderkoping\/files\/2022\/08\/11324541-c974-49a0-a2ed-a6bd57a4c02c.jpeg 800w, https:\/\/wp.kristdemokraterna.se\/soderkoping\/files\/2022\/08\/11324541-c974-49a0-a2ed-a6bd57a4c02c-300x128.jpeg 300w, https:\/\/wp.kristdemokraterna.se\/soderkoping\/files\/2022\/08\/11324541-c974-49a0-a2ed-a6bd57a4c02c-768x328.jpeg 768w, https:\/\/wp.kristdemokraterna.se\/soderkoping\/files\/2022\/08\/11324541-c974-49a0-a2ed-a6bd57a4c02c-370x158.jpeg 370w, https:\/\/wp.kristdemokraterna.se\/soderkoping\/files\/2022\/08\/11324541-c974-49a0-a2ed-a6bd57a4c02c-770x329.jpeg 770w, https:\/\/wp.kristdemokraterna.se\/soderkoping\/files\/2022\/08\/11324541-c974-49a0-a2ed-a6bd57a4c02c-450x192.jpeg 450w, https:\/\/wp.kristdemokraterna.se\/soderkoping\/files\/2022\/08\/11324541-c974-49a0-a2ed-a6bd57a4c02c-280x120.jpeg 280w, https:\/\/wp.kristdemokraterna.se\/soderkoping\/files\/2022\/08\/11324541-c974-49a0-a2ed-a6bd57a4c02c-340x145.jpeg 340w, https:\/\/wp.kristdemokraterna.se\/soderkoping\/files\/2022\/08\/11324541-c974-49a0-a2ed-a6bd57a4c02c-200x86.jpeg 200w, https:\/\/wp.kristdemokraterna.se\/soderkoping\/files\/2022\/08\/11324541-c974-49a0-a2ed-a6bd57a4c02c-131x56.jpeg 131w\" sizes=\"auto, (max-width: 800px) 100vw, 800px\" \/>I valmanifestet presenterar vi v\u00e5ra viktigaste f\u00f6rslag inom v\u00e5ra fyra prioriterade omr\u00e5den. Det handlar om sjukv\u00e5rden, tryggheten, hj\u00e4rtlandet och \u00e4ldre.<\/p>\n<\/div>\n<\/div>\n<div id=\"svid12_2e2b5b3e18180017d1bd6a\" class=\"sv-text-portlet sv-use-margins\">\n<div class=\"sv-text-portlet-content\">\n<p class=\"font-normal\">Det har varit \u00e5tta m\u00f6rka \u00e5r. Sedan KD satt i regering har utvecklingen g\u00e5tt \u00e5t fel h\u00e5ll och vanligt folk har f\u00e5tt det s\u00e4mre. V\u00e5rdk\u00f6erna har tredubblats och just nu \u00e4r det 145 000 m\u00e4nniskor som har v\u00e4ntat olagligt l\u00e4nge p\u00e5 v\u00e5rd. Det har blivit dyrt att vara svensk. Otryggheten har brett ut sig \u00f6ver v\u00e5rt land.<\/p>\n<p class=\"font-normal\">Det beh\u00f6ver inte vara s\u00e5h\u00e4r. Det g\u00e5r att v\u00e4nda utvecklingen. I det h\u00e4r valmanifestet presenterar vi v\u00e5ra viktigaste f\u00f6rslag inom v\u00e5ra fyra prioriterade omr\u00e5den. Det handlar om sjukv\u00e5rden, tryggheten, hj\u00e4rtlandet och \u00e4ldre. <img loading=\"lazy\" decoding=\"async\" class=\"alignright wp-image-928 size-thumbnail\" src=\"http:\/\/wp.kristdemokraterna.se\/soderkoping\/files\/2022\/08\/317e8e84-e225-4fb0-9d8f-955a5833a8a3-150x150.jpeg\" alt=\"\" width=\"150\" height=\"150\" srcset=\"https:\/\/wp.kristdemokraterna.se\/soderkoping\/files\/2022\/08\/317e8e84-e225-4fb0-9d8f-955a5833a8a3-150x150.jpeg 150w, https:\/\/wp.kristdemokraterna.se\/soderkoping\/files\/2022\/08\/317e8e84-e225-4fb0-9d8f-955a5833a8a3-90x90.jpeg 90w, https:\/\/wp.kristdemokraterna.se\/soderkoping\/files\/2022\/08\/317e8e84-e225-4fb0-9d8f-955a5833a8a3-57x56.jpeg 57w\" sizes=\"auto, (max-width: 150px) 100vw, 150px\" \/><\/p>\n<p><b>L\u00e4s mer<\/b> (<em>KD riks<\/em>)<br \/>\n<a href=\"http:\/\/wp.kristdemokraterna.se\/soderkoping\/files\/2022\/08\/valmanifest2022-kd.pdf\" target=\"_blank\" rel=\"noopener\">Valmanifestet<\/a> (<em>pdf<\/em>)<br \/>\n<a href=\"https:\/\/kristdemokraterna.se\/var-politik\/val-2022\/varfor-rosta-kd\" target=\"_blank\" rel=\"noopener\">Varf\u00f6r r\u00f6sta KD?<\/a><br \/>\n<a href=\"https:\/\/kristdemokraterna.se\/var-politik\" target=\"_blank\" rel=\"noopener\">V\u00e5r politik<\/a><br \/>\n<a href=\"https:\/\/kristdemokraterna.se\/var-politik\/val-2022\" target=\"_blank\" rel=\"noopener\">Val 2022<\/a><\/p>\n<\/div>\n<\/div>\n<\/div>\n<\/div>\n<div id=\"svid12_72d9f8c817e8ce3de028e0e\" class=\"sv-custom-module sv-se-soleil-relatedInformation sv-template-portlet \">\n<div id=\"svid12_72d9f8c817e8ce3de028e06\" class=\"sv-custom-module sv-se-soleil-pageInformation sol-show-print sv-template-portlet \">\n<div id=\"app_mount_12_72d9f8c817e8ce3de028e06\"><\/div>\n<\/div>\n<\/div>\n","protected":false},"excerpt":{"rendered":"<p>I valmanifestet presenterar vi v\u00e5ra viktigaste f\u00f6rslag inom v\u00e5ra fyra prioriterade omr\u00e5den. Det handlar om sjukv\u00e5rden, tryggheten, hj\u00e4rtlandet och \u00e4ldre. Det har varit \u00e5tta m\u00f6rka \u00e5r. Sedan KD satt i regering har utvecklingen g\u00e5tt \u00e5t fel h\u00e5ll och vanligt folk har f\u00e5tt det s\u00e4mre. V\u00e5rdk\u00f6erna har tredubblats och just nu \u00e4r det 145 000 m\u00e4nniskor <a class=\"read-more-link\" href=\"https:\/\/wp.kristdemokraterna.se\/soderkoping\/val2022\/kdriks-valmanifest\/\">Read More<\/a><\/p>\n","protected":false},"author":637,"featured_media":0,"parent":895,"menu_order":3,"comment_status":"closed","ping_status":"closed","template":"","meta":{"_acf_changed":false,"footnotes":""},"class_list":["post-1018","page","type-page","status-publish","hentry"],"acf":[],"yoast_head":"<!-- This site is optimized with the Yoast SEO plugin v27.4 - https:\/\/yoast.com\/product\/yoast-seo-wordpress\/ -->\n<title>Valmanifest 2022 (KD riks) - S\u00f6derk\u00f6ping<\/title>\n<meta name=\"robots\" content=\"noindex, follow, max-snippet:-1, max-image-preview:large, max-video-preview:-1\" \/>\n<meta property=\"og:locale\" content=\"sv_SE\" \/>\n<meta property=\"og:type\" content=\"article\" \/>\n<meta property=\"og:title\" content=\"Valmanifest 2022 (KD riks) - S\u00f6derk\u00f6ping\" \/>\n<meta property=\"og:description\" content=\"I valmanifestet presenterar vi v\u00e5ra viktigaste f\u00f6rslag inom v\u00e5ra fyra prioriterade omr\u00e5den. Det handlar om sjukv\u00e5rden, tryggheten, hj\u00e4rtlandet och \u00e4ldre. Det har varit \u00e5tta m\u00f6rka \u00e5r. Sedan KD satt i regering har utvecklingen g\u00e5tt \u00e5t fel h\u00e5ll och vanligt folk har f\u00e5tt det s\u00e4mre. V\u00e5rdk\u00f6erna har tredubblats och just nu \u00e4r det 145 000 m\u00e4nniskor Read More\" \/>\n<meta property=\"og:url\" content=\"https:\/\/wp.kristdemokraterna.se\/soderkoping\/val2022\/kdriks-valmanifest\/\" \/>\n<meta property=\"og:site_name\" content=\"S\u00f6derk\u00f6ping\" \/>\n<meta property=\"article:modified_time\" content=\"2022-09-02T16:01:08+00:00\" \/>\n<meta property=\"og:image\" content=\"http:\/\/wp.kristdemokraterna.se\/soderkoping\/files\/2022\/08\/11324541-c974-49a0-a2ed-a6bd57a4c02c.jpeg\" \/>\n<meta name=\"twitter:card\" content=\"summary_large_image\" \/>\n<meta name=\"twitter:label1\" content=\"Ber\u00e4knad l\u00e4stid\" \/>\n\t<meta name=\"twitter:data1\" content=\"2 minuter\" \/>\n<script type=\"application\/ld+json\" class=\"yoast-schema-graph\">{\"@context\":\"https:\\\/\\\/schema.org\",\"@graph\":[{\"@type\":\"WebPage\",\"@id\":\"https:\\\/\\\/wp.kristdemokraterna.se\\\/soderkoping\\\/val2022\\\/kdriks-valmanifest\\\/\",\"url\":\"https:\\\/\\\/wp.kristdemokraterna.se\\\/soderkoping\\\/val2022\\\/kdriks-valmanifest\\\/\",\"name\":\"Valmanifest 2022 (KD riks) - S\u00f6derk\u00f6ping\",\"isPartOf\":{\"@id\":\"https:\\\/\\\/wp.kristdemokraterna.se\\\/soderkoping\\\/#website\"},\"primaryImageOfPage\":{\"@id\":\"https:\\\/\\\/wp.kristdemokraterna.se\\\/soderkoping\\\/val2022\\\/kdriks-valmanifest\\\/#primaryimage\"},\"image\":{\"@id\":\"https:\\\/\\\/wp.kristdemokraterna.se\\\/soderkoping\\\/val2022\\\/kdriks-valmanifest\\\/#primaryimage\"},\"thumbnailUrl\":\"http:\\\/\\\/wp.kristdemokraterna.se\\\/soderkoping\\\/files\\\/2022\\\/08\\\/11324541-c974-49a0-a2ed-a6bd57a4c02c.jpeg\",\"datePublished\":\"2022-08-17T10:37:59+00:00\",\"dateModified\":\"2022-09-02T16:01:08+00:00\",\"breadcrumb\":{\"@id\":\"https:\\\/\\\/wp.kristdemokraterna.se\\\/soderkoping\\\/val2022\\\/kdriks-valmanifest\\\/#breadcrumb\"},\"inLanguage\":\"sv-SE\",\"potentialAction\":[{\"@type\":\"ReadAction\",\"target\":[\"https:\\\/\\\/wp.kristdemokraterna.se\\\/soderkoping\\\/val2022\\\/kdriks-valmanifest\\\/\"]}]},{\"@type\":\"ImageObject\",\"inLanguage\":\"sv-SE\",\"@id\":\"https:\\\/\\\/wp.kristdemokraterna.se\\\/soderkoping\\\/val2022\\\/kdriks-valmanifest\\\/#primaryimage\",\"url\":\"http:\\\/\\\/wp.kristdemokraterna.se\\\/soderkoping\\\/files\\\/2022\\\/08\\\/11324541-c974-49a0-a2ed-a6bd57a4c02c.jpeg\",\"contentUrl\":\"http:\\\/\\\/wp.kristdemokraterna.se\\\/soderkoping\\\/files\\\/2022\\\/08\\\/11324541-c974-49a0-a2ed-a6bd57a4c02c.jpeg\"},{\"@type\":\"BreadcrumbList\",\"@id\":\"https:\\\/\\\/wp.kristdemokraterna.se\\\/soderkoping\\\/val2022\\\/kdriks-valmanifest\\\/#breadcrumb\",\"itemListElement\":[{\"@type\":\"ListItem\",\"position\":1,\"name\":\"Hem\",\"item\":\"https:\\\/\\\/wp.kristdemokraterna.se\\\/soderkoping\\\/\"},{\"@type\":\"ListItem\",\"position\":2,\"name\":\"Val 11 sept 2022\",\"item\":\"https:\\\/\\\/wp.kristdemokraterna.se\\\/soderkoping\\\/val2022\\\/\"},{\"@type\":\"ListItem\",\"position\":3,\"name\":\"Valmanifest 2022 (KD riks)\"}]},{\"@type\":\"WebSite\",\"@id\":\"https:\\\/\\\/wp.kristdemokraterna.se\\\/soderkoping\\\/#website\",\"url\":\"https:\\\/\\\/wp.kristdemokraterna.se\\\/soderkoping\\\/\",\"name\":\"S\u00f6derk\u00f6ping\",\"description\":\"Kristdemokraterna\",\"inLanguage\":\"sv-SE\"}]}<\/script>\n<!-- \/ Yoast SEO plugin. -->","yoast_head_json":{"title":"Valmanifest 2022 (KD riks) - S\u00f6derk\u00f6ping","robots":{"index":"noindex","follow":"follow","max-snippet":"max-snippet:-1","max-image-preview":"max-image-preview:large","max-video-preview":"max-video-preview:-1"},"og_locale":"sv_SE","og_type":"article","og_title":"Valmanifest 2022 (KD riks) - S\u00f6derk\u00f6ping","og_description":"I valmanifestet presenterar vi v\u00e5ra viktigaste f\u00f6rslag inom v\u00e5ra fyra prioriterade omr\u00e5den. Det handlar om sjukv\u00e5rden, tryggheten, hj\u00e4rtlandet och \u00e4ldre. Det har varit \u00e5tta m\u00f6rka \u00e5r. Sedan KD satt i regering har utvecklingen g\u00e5tt \u00e5t fel h\u00e5ll och vanligt folk har f\u00e5tt det s\u00e4mre. V\u00e5rdk\u00f6erna har tredubblats och just nu \u00e4r det 145 000 m\u00e4nniskor Read More","og_url":"https:\/\/wp.kristdemokraterna.se\/soderkoping\/val2022\/kdriks-valmanifest\/","og_site_name":"S\u00f6derk\u00f6ping","article_modified_time":"2022-09-02T16:01:08+00:00","og_image":[{"url":"http:\/\/wp.kristdemokraterna.se\/soderkoping\/files\/2022\/08\/11324541-c974-49a0-a2ed-a6bd57a4c02c.jpeg","type":"","width":"","height":""}],"twitter_card":"summary_large_image","twitter_misc":{"Ber\u00e4knad l\u00e4stid":"2 minuter"},"schema":{"@context":"https:\/\/schema.org","@graph":[{"@type":"WebPage","@id":"https:\/\/wp.kristdemokraterna.se\/soderkoping\/val2022\/kdriks-valmanifest\/","url":"https:\/\/wp.kristdemokraterna.se\/soderkoping\/val2022\/kdriks-valmanifest\/","name":"Valmanifest 2022 (KD riks) - S\u00f6derk\u00f6ping","isPartOf":{"@id":"https:\/\/wp.kristdemokraterna.se\/soderkoping\/#website"},"primaryImageOfPage":{"@id":"https:\/\/wp.kristdemokraterna.se\/soderkoping\/val2022\/kdriks-valmanifest\/#primaryimage"},"image":{"@id":"https:\/\/wp.kristdemokraterna.se\/soderkoping\/val2022\/kdriks-valmanifest\/#primaryimage"},"thumbnailUrl":"http:\/\/wp.kristdemokraterna.se\/soderkoping\/files\/2022\/08\/11324541-c974-49a0-a2ed-a6bd57a4c02c.jpeg","datePublished":"2022-08-17T10:37:59+00:00","dateModified":"2022-09-02T16:01:08+00:00","breadcrumb":{"@id":"https:\/\/wp.kristdemokraterna.se\/soderkoping\/val2022\/kdriks-valmanifest\/#breadcrumb"},"inLanguage":"sv-SE","potentialAction":[{"@type":"ReadAction","target":["https:\/\/wp.kristdemokraterna.se\/soderkoping\/val2022\/kdriks-valmanifest\/"]}]},{"@type":"ImageObject","inLanguage":"sv-SE","@id":"https:\/\/wp.kristdemokraterna.se\/soderkoping\/val2022\/kdriks-valmanifest\/#primaryimage","url":"http:\/\/wp.kristdemokraterna.se\/soderkoping\/files\/2022\/08\/11324541-c974-49a0-a2ed-a6bd57a4c02c.jpeg","contentUrl":"http:\/\/wp.kristdemokraterna.se\/soderkoping\/files\/2022\/08\/11324541-c974-49a0-a2ed-a6bd57a4c02c.jpeg"},{"@type":"BreadcrumbList","@id":"https:\/\/wp.kristdemokraterna.se\/soderkoping\/val2022\/kdriks-valmanifest\/#breadcrumb","itemListElement":[{"@type":"ListItem","position":1,"name":"Hem","item":"https:\/\/wp.kristdemokraterna.se\/soderkoping\/"},{"@type":"ListItem","position":2,"name":"Val 11 sept 2022","item":"https:\/\/wp.kristdemokraterna.se\/soderkoping\/val2022\/"},{"@type":"ListItem","position":3,"name":"Valmanifest 2022 (KD riks)"}]},{"@type":"WebSite","@id":"https:\/\/wp.kristdemokraterna.se\/soderkoping\/#website","url":"https:\/\/wp.kristdemokraterna.se\/soderkoping\/","name":"S\u00f6derk\u00f6ping","description":"Kristdemokraterna","inLanguage":"sv-SE"}]}},"_links":{"self":[{"href":"https:\/\/wp.kristdemokraterna.se\/soderkoping\/wp-json\/wp\/v2\/pages\/1018","targetHints":{"allow":["GET"]}}],"collection":[{"href":"https:\/\/wp.kristdemokraterna.se\/soderkoping\/wp-json\/wp\/v2\/pages"}],"about":[{"href":"https:\/\/wp.kristdemokraterna.se\/soderkoping\/wp-json\/wp\/v2\/types\/page"}],"author":[{"embeddable":true,"href":"https:\/\/wp.kristdemokraterna.se\/soderkoping\/wp-json\/wp\/v2\/users\/637"}],"replies":[{"embeddable":true,"href":"https:\/\/wp.kristdemokraterna.se\/soderkoping\/wp-json\/wp\/v2\/comments?post=1018"}],"version-history":[{"count":8,"href":"https:\/\/wp.kristdemokraterna.se\/soderkoping\/wp-json\/wp\/v2\/pages\/1018\/revisions"}],"predecessor-version":[{"id":1087,"href":"https:\/\/wp.kristdemokraterna.se\/soderkoping\/wp-json\/wp\/v2\/pages\/1018\/revisions\/1087"}],"up":[{"embeddable":true,"href":"https:\/\/wp.kristdemokraterna.se\/soderkoping\/wp-json\/wp\/v2\/pages\/895"}],"wp:attachment":[{"href":"https:\/\/wp.kristdemokraterna.se\/soderkoping\/wp-json\/wp\/v2\/media?parent=1018"}],"curies":[{"name":"wp","href":"https:\/\/api.w.org\/{rel}","templated":true}]}}