{"id":1068,"date":"2022-09-02T17:27:54","date_gmt":"2022-09-02T15:27:54","guid":{"rendered":"https:\/\/wp.kristdemokraterna.se\/soderkoping\/?page_id=1068"},"modified":"2022-09-08T07:37:51","modified_gmt":"2022-09-08T05:37:51","slug":"valfolder-soderkoping","status":"publish","type":"page","link":"https:\/\/wp.kristdemokraterna.se\/soderkoping\/val2022\/valfolder-soderkoping\/","title":{"rendered":"Valfolder 2022"},"content":{"rendered":"<h2><strong><a href=\"https:\/\/wp.kristdemokraterna.se\/soderkoping\/files\/2022\/09\/valfolder2022_soderkoping.pdf\" target=\"_blank\" rel=\"noopener\"><img loading=\"lazy\" decoding=\"async\" class=\"alignright wp-image-1149 size-medium\" src=\"http:\/\/wp.kristdemokraterna.se\/soderkoping\/files\/2022\/09\/90f88cb3-dfd8-4ecc-af77-ed7e524dff2b-134x300.jpeg\" alt=\"\" width=\"134\" height=\"300\" srcset=\"https:\/\/wp.kristdemokraterna.se\/soderkoping\/files\/2022\/09\/90f88cb3-dfd8-4ecc-af77-ed7e524dff2b-134x300.jpeg 134w, https:\/\/wp.kristdemokraterna.se\/soderkoping\/files\/2022\/09\/90f88cb3-dfd8-4ecc-af77-ed7e524dff2b-456x1024.jpeg 456w, https:\/\/wp.kristdemokraterna.se\/soderkoping\/files\/2022\/09\/90f88cb3-dfd8-4ecc-af77-ed7e524dff2b-89x200.jpeg 89w, https:\/\/wp.kristdemokraterna.se\/soderkoping\/files\/2022\/09\/90f88cb3-dfd8-4ecc-af77-ed7e524dff2b-370x831.jpeg 370w, https:\/\/wp.kristdemokraterna.se\/soderkoping\/files\/2022\/09\/90f88cb3-dfd8-4ecc-af77-ed7e524dff2b-450x1010.jpeg 450w, https:\/\/wp.kristdemokraterna.se\/soderkoping\/files\/2022\/09\/90f88cb3-dfd8-4ecc-af77-ed7e524dff2b-179x402.jpeg 179w, https:\/\/wp.kristdemokraterna.se\/soderkoping\/files\/2022\/09\/90f88cb3-dfd8-4ecc-af77-ed7e524dff2b-340x763.jpeg 340w, https:\/\/wp.kristdemokraterna.se\/soderkoping\/files\/2022\/09\/90f88cb3-dfd8-4ecc-af77-ed7e524dff2b-25x56.jpeg 25w, https:\/\/wp.kristdemokraterna.se\/soderkoping\/files\/2022\/09\/90f88cb3-dfd8-4ecc-af77-ed7e524dff2b.jpeg 558w\" sizes=\"auto, (max-width: 134px) 100vw, 134px\" \/><\/a>OM VI F\u00c5R BEST\u00c4MMA<br \/>\nF\u00c5R DU BEST\u00c4MMA<\/strong><\/h2>\n<h2><img loading=\"lazy\" decoding=\"async\" class=\"alignright wp-image-928 size-thumbnail\" src=\"http:\/\/wp.kristdemokraterna.se\/soderkoping\/files\/2022\/08\/317e8e84-e225-4fb0-9d8f-955a5833a8a3-150x150.jpeg\" alt=\"\" width=\"150\" height=\"150\" srcset=\"https:\/\/wp.kristdemokraterna.se\/soderkoping\/files\/2022\/08\/317e8e84-e225-4fb0-9d8f-955a5833a8a3-150x150.jpeg 150w, https:\/\/wp.kristdemokraterna.se\/soderkoping\/files\/2022\/08\/317e8e84-e225-4fb0-9d8f-955a5833a8a3-90x90.jpeg 90w, https:\/\/wp.kristdemokraterna.se\/soderkoping\/files\/2022\/08\/317e8e84-e225-4fb0-9d8f-955a5833a8a3-57x56.jpeg 57w\" sizes=\"auto, (max-width: 150px) 100vw, 150px\" \/>I \ud83d\udc99 S\u00d6DERK\u00d6PING<br \/>\n-en del av hj\u00e4rtlandet<\/h2>\n<p><strong>ATT BO I S\u00d6DERK\u00d6PING<\/strong><br \/>\nDet \u00e4r politikernas ansvar att st\u00e5 f\u00f6r gott f\u00f6rvaltarskap av resurser som pengar och natur. En h\u00e5llbar utveckling av kommunen, inneb\u00e4r att den v\u00e4xer med kvalitet. Vi vill f\u00f6rvalta f\u00f6rtroendet fr\u00e5n v\u00e4ljarna v\u00e4l.<br \/>\n\u2022 Forts\u00e4tt underl\u00e4tta med god service f\u00f6r de som vill bos\u00e4tta sig p\u00e5 v\u00e5r vackra landsbygd, det vi i KD kallar \u201dsvenska hj\u00e4rtlandet\u201d. \ud83d\udc99<br \/>\n\u2022 Fastighetsutvecklare ska f\u00e5 m\u00f6jlighet att m\u00f6ta m\u00e4nniskors behov av olika typer av bost\u00e4der i S\u00f6derk\u00f6ping. Nyckeln \u00e4r god planering, klok prioritering och dialog. Att detaljplaner drivs av byggherrar i samr\u00e5d med kommunen \u00f6ppnar en bra m\u00f6jlighet<br \/>\n\u2022 Digitala och tillg\u00e4ngliga processer f\u00f6r tj\u00e4nster, som exempelvis bygglovsans\u00f6kan, \u00e4r viktiga<\/p>\n<p><strong>ATT VARA TRYGG I S\u00d6DERK\u00d6PING<\/strong><br \/>\nEn f\u00f6ruts\u00e4ttning f\u00f6r livskvalitet \u00e4r trygghet i livets alla dagar. Civilsamh\u00e4llets inkluderande insatser \u00e4r betydelsefulla. De insatserna vill vi uppm\u00e4rksamma. Trygghet i familjer och i livets olika skeenden beh\u00f6ver ibland st\u00f6ttning av socialtj\u00e4nst. Trygghet skapas ocks\u00e5 genom arbetsgl\u00e4dje hos anst\u00e4llda inom omsorg. Lust att utvecklas ska fr\u00e4mjas, liksom m\u00f6jligheten att p\u00e5verka sitt schema.<br \/>\n\u2022 Vi vill att socialtj\u00e4nsten ska ha ett individn\u00e4ra arbete med s\u00e4kerst\u00e4lld uppf\u00f6ljning \ud83d\udc99<br \/>\n\u2022 Utdrag ur brottsregistret vid anst\u00e4llning inom omsorg och \u00e4ldreomsorg tror vi \u00f6kar tryggheten<br \/>\n\u2022 Att tills\u00e4tta en \u00e4ldreombudsman som st\u00f6dperson \u00e4r en god id\u00e9 f\u00f6r v\u00e5r kommun<\/p>\n<p><strong>ATT VARA SENIOR I S\u00d6DERK\u00d6PING<\/strong><br \/>\nHemtj\u00e4nsten har stor potential att utvecklas, f\u00f6r den som beh\u00f6ver kvalificerad v\u00e5rd i sitt hem \ud83d\udc99 och f\u00f6r den som har denna milj\u00f6 som arbetsplats. Idag r\u00e5der brist p\u00e5 utbildade undersk\u00f6terskor, vilket \u00e4r ett krav f\u00f6r exempelvis hantering av medicin. Denna hantering \u00e4r inte det enda behovet. Vi \u00e4r m\u00e5nga som kan hj\u00e4lpa en medm\u00e4nniska att handla, st\u00e4da och inte minst umg\u00e5s.<br \/>\n\u2022 Med b\u00e5de undersk\u00f6terskor och personer<br \/>\nmed andra kompetenser i separata<br \/>\nserviceteam \u00f6kar kvalit\u00e9n<br \/>\n\u2022 I serviceteam vill vi ge en m\u00f6jlighet f\u00f6r<br \/>\nden som st\u00e5r utanf\u00f6r arbetsmarknaden, att komma in, utvecklas och kanske ta steget mot utbildning inom v\u00e5rd och omsorg<\/p>\n<p><strong>ATT VARA F\u00d6RETAGARE I S\u00d6DERK\u00d6PING<\/strong><br \/>\nDet ska vara s\u00e5 enkelt som m\u00f6jligt att vara f\u00f6retagare i S\u00f6derk\u00f6ping. Det inneb\u00e4r effektivt samarbete mellan olika akt\u00f6rer och god kvalitet p\u00e5 kommunens tj\u00e4nster, \u00e4ven f\u00f6r \ud83d\udc99 lantbrukare. Fokus i upphandlingar ska vara krav p\u00e5 kvalitet och det ska f\u00f6ljas upp vilken kvalitet som levereras.<br \/>\n\u2022 Kommunen kan underl\u00e4tta genom att g\u00f6ra mindre detaljstyrda upphandlingar och tillst\u00e5ndspr\u00f6vningar<br \/>\n\u2022 N\u00e4ra samarbete mellan skola och lokalt n\u00e4ringsliv f\u00f6r l\u00e4rlingsutbildningar och praktikplatser \u00e4r bra<br \/>\n\u2022 Utrymme f\u00f6r eget f\u00f6retagande i samband med boende kan ges redan i detaljplaner<br \/>\n\u2022 En allm\u00e4n \u00e5retruntbass\u00e4ng och andra verksamheter kan byggas och drivas av privata akt\u00f6rer<\/p>\n<p><strong>ATT LEVA MED FAMILJ I S\u00d6DERK\u00d6PING<\/strong><br \/>\nM\u00e4nniskor utvecklas, mognar och m\u00e5r b\u00e4st i sm\u00e5 grupper. I den lilla gemenskapen f\u00e5r familjemedlemmarna m\u00f6jlighet att ge och m\u00f6ta k\u00e4rlek, omtanke och f\u00f6rst\u00e5else. Men ocks\u00e5 st\u00e4llas inf\u00f6r krav och ta ansvar. Familjen som gemenskap anknyter till m\u00e4nniskans djupaste behov. Behovet av att bli sedd och inte vara utbytbar.<br \/>\n\u2022 Familjecentraler och kulturskolan \u00e4r viktiga f\u00f6rebyggande och trygghetsskapande \ud83d\udc99 m\u00f6tesplatser som ska finnas i kommunen<br \/>\n\u2022 F\u00f6r\u00e4ldrast\u00f6dsprogram ska utvecklats<br \/>\n\u2022 Vi vill \u00e5terstarta flera familjedaghem som\u00a0ett flexibelt alternativ till f\u00f6rskolan<br \/>\n\u2022 Nystr\u00f6mska skolan \u00e4r viktig att v\u00e4rna om<br \/>\n\u2022 Syskon ska erbjudas att g\u00e5 i samma skola<br \/>\n\u2022 Daglig fysisk aktivitet inom skolan underl\u00e4ttar inl\u00e4rning<\/p>\n<p><img loading=\"lazy\" decoding=\"async\" class=\"size-medium wp-image-1198 alignright\" src=\"http:\/\/wp.kristdemokraterna.se\/soderkoping\/files\/2022\/09\/34be84ed-ee4e-4a24-8f46-7ce1397281e2-300x300.jpeg\" alt=\"\" width=\"300\" height=\"300\" srcset=\"https:\/\/wp.kristdemokraterna.se\/soderkoping\/files\/2022\/09\/34be84ed-ee4e-4a24-8f46-7ce1397281e2-300x300.jpeg 300w, https:\/\/wp.kristdemokraterna.se\/soderkoping\/files\/2022\/09\/34be84ed-ee4e-4a24-8f46-7ce1397281e2-1024x1024.jpeg 1024w, https:\/\/wp.kristdemokraterna.se\/soderkoping\/files\/2022\/09\/34be84ed-ee4e-4a24-8f46-7ce1397281e2-150x150.jpeg 150w, https:\/\/wp.kristdemokraterna.se\/soderkoping\/files\/2022\/09\/34be84ed-ee4e-4a24-8f46-7ce1397281e2-768x768.jpeg 768w, https:\/\/wp.kristdemokraterna.se\/soderkoping\/files\/2022\/09\/34be84ed-ee4e-4a24-8f46-7ce1397281e2-1536x1536.jpeg 1536w, https:\/\/wp.kristdemokraterna.se\/soderkoping\/files\/2022\/09\/34be84ed-ee4e-4a24-8f46-7ce1397281e2-200x200.jpeg 200w, https:\/\/wp.kristdemokraterna.se\/soderkoping\/files\/2022\/09\/34be84ed-ee4e-4a24-8f46-7ce1397281e2-370x370.jpeg 370w, https:\/\/wp.kristdemokraterna.se\/soderkoping\/files\/2022\/09\/34be84ed-ee4e-4a24-8f46-7ce1397281e2-90x90.jpeg 90w, https:\/\/wp.kristdemokraterna.se\/soderkoping\/files\/2022\/09\/34be84ed-ee4e-4a24-8f46-7ce1397281e2-770x770.jpeg 770w, https:\/\/wp.kristdemokraterna.se\/soderkoping\/files\/2022\/09\/34be84ed-ee4e-4a24-8f46-7ce1397281e2-450x450.jpeg 450w, https:\/\/wp.kristdemokraterna.se\/soderkoping\/files\/2022\/09\/34be84ed-ee4e-4a24-8f46-7ce1397281e2-280x280.jpeg 280w, https:\/\/wp.kristdemokraterna.se\/soderkoping\/files\/2022\/09\/34be84ed-ee4e-4a24-8f46-7ce1397281e2-340x340.jpeg 340w, https:\/\/wp.kristdemokraterna.se\/soderkoping\/files\/2022\/09\/34be84ed-ee4e-4a24-8f46-7ce1397281e2-56x56.jpeg 56w, https:\/\/wp.kristdemokraterna.se\/soderkoping\/files\/2022\/09\/34be84ed-ee4e-4a24-8f46-7ce1397281e2.jpeg 2048w\" sizes=\"auto, (max-width: 300px) 100vw, 300px\" \/><\/p>\n<hr \/>\n<p><a href=\"http:\/\/wp.kristdemokraterna.se\/soderkoping\/files\/2022\/09\/valfolder2022_soderkoping.pdf\" target=\"_blank\" rel=\"noopener\">valfolder2022_soderkoping<\/a> (pdf)<\/p>\n","protected":false},"excerpt":{"rendered":"<p>OM VI F\u00c5R BEST\u00c4MMA F\u00c5R DU BEST\u00c4MMA I \ud83d\udc99 S\u00d6DERK\u00d6PING -en del av hj\u00e4rtlandet ATT BO I S\u00d6DERK\u00d6PING Det \u00e4r politikernas ansvar att st\u00e5 f\u00f6r gott f\u00f6rvaltarskap av resurser som pengar och natur. En h\u00e5llbar utveckling av kommunen, inneb\u00e4r att den v\u00e4xer med kvalitet. Vi vill f\u00f6rvalta f\u00f6rtroendet fr\u00e5n v\u00e4ljarna v\u00e4l. \u2022 Forts\u00e4tt underl\u00e4tta med <a class=\"read-more-link\" href=\"https:\/\/wp.kristdemokraterna.se\/soderkoping\/val2022\/valfolder-soderkoping\/\">Read More<\/a><\/p>\n","protected":false},"author":637,"featured_media":0,"parent":895,"menu_order":2,"comment_status":"closed","ping_status":"closed","template":"","meta":{"_acf_changed":false,"footnotes":""},"class_list":["post-1068","page","type-page","status-publish","hentry"],"acf":[],"yoast_head":"<!-- This site is optimized with the Yoast SEO plugin v27.4 - https:\/\/yoast.com\/product\/yoast-seo-wordpress\/ -->\n<title>Valfolder 2022 - S\u00f6derk\u00f6ping<\/title>\n<meta name=\"robots\" content=\"noindex, follow, max-snippet:-1, max-image-preview:large, max-video-preview:-1\" \/>\n<meta property=\"og:locale\" content=\"sv_SE\" \/>\n<meta property=\"og:type\" content=\"article\" \/>\n<meta property=\"og:title\" content=\"Valfolder 2022 - S\u00f6derk\u00f6ping\" \/>\n<meta property=\"og:description\" content=\"OM VI F\u00c5R BEST\u00c4MMA F\u00c5R DU BEST\u00c4MMA I \ud83d\udc99 S\u00d6DERK\u00d6PING -en del av hj\u00e4rtlandet ATT BO I S\u00d6DERK\u00d6PING Det \u00e4r politikernas ansvar att st\u00e5 f\u00f6r gott f\u00f6rvaltarskap av resurser som pengar och natur. En h\u00e5llbar utveckling av kommunen, inneb\u00e4r att den v\u00e4xer med kvalitet. Vi vill f\u00f6rvalta f\u00f6rtroendet fr\u00e5n v\u00e4ljarna v\u00e4l. \u2022 Forts\u00e4tt underl\u00e4tta med Read More\" \/>\n<meta property=\"og:url\" content=\"https:\/\/wp.kristdemokraterna.se\/soderkoping\/val2022\/valfolder-soderkoping\/\" \/>\n<meta property=\"og:site_name\" content=\"S\u00f6derk\u00f6ping\" \/>\n<meta property=\"article:modified_time\" content=\"2022-09-08T05:37:51+00:00\" \/>\n<meta property=\"og:image\" content=\"http:\/\/wp.kristdemokraterna.se\/soderkoping\/files\/2022\/09\/90f88cb3-dfd8-4ecc-af77-ed7e524dff2b-134x300.jpeg\" \/>\n<meta name=\"twitter:card\" content=\"summary_large_image\" \/>\n<meta name=\"twitter:label1\" content=\"Ber\u00e4knad l\u00e4stid\" \/>\n\t<meta name=\"twitter:data1\" content=\"4 minuter\" \/>\n<script type=\"application\/ld+json\" class=\"yoast-schema-graph\">{\"@context\":\"https:\\\/\\\/schema.org\",\"@graph\":[{\"@type\":\"WebPage\",\"@id\":\"https:\\\/\\\/wp.kristdemokraterna.se\\\/soderkoping\\\/val2022\\\/valfolder-soderkoping\\\/\",\"url\":\"https:\\\/\\\/wp.kristdemokraterna.se\\\/soderkoping\\\/val2022\\\/valfolder-soderkoping\\\/\",\"name\":\"Valfolder 2022 - S\u00f6derk\u00f6ping\",\"isPartOf\":{\"@id\":\"https:\\\/\\\/wp.kristdemokraterna.se\\\/soderkoping\\\/#website\"},\"primaryImageOfPage\":{\"@id\":\"https:\\\/\\\/wp.kristdemokraterna.se\\\/soderkoping\\\/val2022\\\/valfolder-soderkoping\\\/#primaryimage\"},\"image\":{\"@id\":\"https:\\\/\\\/wp.kristdemokraterna.se\\\/soderkoping\\\/val2022\\\/valfolder-soderkoping\\\/#primaryimage\"},\"thumbnailUrl\":\"http:\\\/\\\/wp.kristdemokraterna.se\\\/soderkoping\\\/files\\\/2022\\\/09\\\/90f88cb3-dfd8-4ecc-af77-ed7e524dff2b-134x300.jpeg\",\"datePublished\":\"2022-09-02T15:27:54+00:00\",\"dateModified\":\"2022-09-08T05:37:51+00:00\",\"breadcrumb\":{\"@id\":\"https:\\\/\\\/wp.kristdemokraterna.se\\\/soderkoping\\\/val2022\\\/valfolder-soderkoping\\\/#breadcrumb\"},\"inLanguage\":\"sv-SE\",\"potentialAction\":[{\"@type\":\"ReadAction\",\"target\":[\"https:\\\/\\\/wp.kristdemokraterna.se\\\/soderkoping\\\/val2022\\\/valfolder-soderkoping\\\/\"]}]},{\"@type\":\"ImageObject\",\"inLanguage\":\"sv-SE\",\"@id\":\"https:\\\/\\\/wp.kristdemokraterna.se\\\/soderkoping\\\/val2022\\\/valfolder-soderkoping\\\/#primaryimage\",\"url\":\"http:\\\/\\\/wp.kristdemokraterna.se\\\/soderkoping\\\/files\\\/2022\\\/09\\\/90f88cb3-dfd8-4ecc-af77-ed7e524dff2b-134x300.jpeg\",\"contentUrl\":\"http:\\\/\\\/wp.kristdemokraterna.se\\\/soderkoping\\\/files\\\/2022\\\/09\\\/90f88cb3-dfd8-4ecc-af77-ed7e524dff2b-134x300.jpeg\"},{\"@type\":\"BreadcrumbList\",\"@id\":\"https:\\\/\\\/wp.kristdemokraterna.se\\\/soderkoping\\\/val2022\\\/valfolder-soderkoping\\\/#breadcrumb\",\"itemListElement\":[{\"@type\":\"ListItem\",\"position\":1,\"name\":\"Hem\",\"item\":\"https:\\\/\\\/wp.kristdemokraterna.se\\\/soderkoping\\\/\"},{\"@type\":\"ListItem\",\"position\":2,\"name\":\"Val 11 sept 2022\",\"item\":\"https:\\\/\\\/wp.kristdemokraterna.se\\\/soderkoping\\\/val2022\\\/\"},{\"@type\":\"ListItem\",\"position\":3,\"name\":\"Valfolder 2022\"}]},{\"@type\":\"WebSite\",\"@id\":\"https:\\\/\\\/wp.kristdemokraterna.se\\\/soderkoping\\\/#website\",\"url\":\"https:\\\/\\\/wp.kristdemokraterna.se\\\/soderkoping\\\/\",\"name\":\"S\u00f6derk\u00f6ping\",\"description\":\"Kristdemokraterna\",\"inLanguage\":\"sv-SE\"}]}<\/script>\n<!-- \/ Yoast SEO plugin. -->","yoast_head_json":{"title":"Valfolder 2022 - S\u00f6derk\u00f6ping","robots":{"index":"noindex","follow":"follow","max-snippet":"max-snippet:-1","max-image-preview":"max-image-preview:large","max-video-preview":"max-video-preview:-1"},"og_locale":"sv_SE","og_type":"article","og_title":"Valfolder 2022 - S\u00f6derk\u00f6ping","og_description":"OM VI F\u00c5R BEST\u00c4MMA F\u00c5R DU BEST\u00c4MMA I \ud83d\udc99 S\u00d6DERK\u00d6PING -en del av hj\u00e4rtlandet ATT BO I S\u00d6DERK\u00d6PING Det \u00e4r politikernas ansvar att st\u00e5 f\u00f6r gott f\u00f6rvaltarskap av resurser som pengar och natur. En h\u00e5llbar utveckling av kommunen, inneb\u00e4r att den v\u00e4xer med kvalitet. Vi vill f\u00f6rvalta f\u00f6rtroendet fr\u00e5n v\u00e4ljarna v\u00e4l. \u2022 Forts\u00e4tt underl\u00e4tta med Read More","og_url":"https:\/\/wp.kristdemokraterna.se\/soderkoping\/val2022\/valfolder-soderkoping\/","og_site_name":"S\u00f6derk\u00f6ping","article_modified_time":"2022-09-08T05:37:51+00:00","og_image":[{"url":"http:\/\/wp.kristdemokraterna.se\/soderkoping\/files\/2022\/09\/90f88cb3-dfd8-4ecc-af77-ed7e524dff2b-134x300.jpeg","type":"","width":"","height":""}],"twitter_card":"summary_large_image","twitter_misc":{"Ber\u00e4knad l\u00e4stid":"4 minuter"},"schema":{"@context":"https:\/\/schema.org","@graph":[{"@type":"WebPage","@id":"https:\/\/wp.kristdemokraterna.se\/soderkoping\/val2022\/valfolder-soderkoping\/","url":"https:\/\/wp.kristdemokraterna.se\/soderkoping\/val2022\/valfolder-soderkoping\/","name":"Valfolder 2022 - S\u00f6derk\u00f6ping","isPartOf":{"@id":"https:\/\/wp.kristdemokraterna.se\/soderkoping\/#website"},"primaryImageOfPage":{"@id":"https:\/\/wp.kristdemokraterna.se\/soderkoping\/val2022\/valfolder-soderkoping\/#primaryimage"},"image":{"@id":"https:\/\/wp.kristdemokraterna.se\/soderkoping\/val2022\/valfolder-soderkoping\/#primaryimage"},"thumbnailUrl":"http:\/\/wp.kristdemokraterna.se\/soderkoping\/files\/2022\/09\/90f88cb3-dfd8-4ecc-af77-ed7e524dff2b-134x300.jpeg","datePublished":"2022-09-02T15:27:54+00:00","dateModified":"2022-09-08T05:37:51+00:00","breadcrumb":{"@id":"https:\/\/wp.kristdemokraterna.se\/soderkoping\/val2022\/valfolder-soderkoping\/#breadcrumb"},"inLanguage":"sv-SE","potentialAction":[{"@type":"ReadAction","target":["https:\/\/wp.kristdemokraterna.se\/soderkoping\/val2022\/valfolder-soderkoping\/"]}]},{"@type":"ImageObject","inLanguage":"sv-SE","@id":"https:\/\/wp.kristdemokraterna.se\/soderkoping\/val2022\/valfolder-soderkoping\/#primaryimage","url":"http:\/\/wp.kristdemokraterna.se\/soderkoping\/files\/2022\/09\/90f88cb3-dfd8-4ecc-af77-ed7e524dff2b-134x300.jpeg","contentUrl":"http:\/\/wp.kristdemokraterna.se\/soderkoping\/files\/2022\/09\/90f88cb3-dfd8-4ecc-af77-ed7e524dff2b-134x300.jpeg"},{"@type":"BreadcrumbList","@id":"https:\/\/wp.kristdemokraterna.se\/soderkoping\/val2022\/valfolder-soderkoping\/#breadcrumb","itemListElement":[{"@type":"ListItem","position":1,"name":"Hem","item":"https:\/\/wp.kristdemokraterna.se\/soderkoping\/"},{"@type":"ListItem","position":2,"name":"Val 11 sept 2022","item":"https:\/\/wp.kristdemokraterna.se\/soderkoping\/val2022\/"},{"@type":"ListItem","position":3,"name":"Valfolder 2022"}]},{"@type":"WebSite","@id":"https:\/\/wp.kristdemokraterna.se\/soderkoping\/#website","url":"https:\/\/wp.kristdemokraterna.se\/soderkoping\/","name":"S\u00f6derk\u00f6ping","description":"Kristdemokraterna","inLanguage":"sv-SE"}]}},"_links":{"self":[{"href":"https:\/\/wp.kristdemokraterna.se\/soderkoping\/wp-json\/wp\/v2\/pages\/1068","targetHints":{"allow":["GET"]}}],"collection":[{"href":"https:\/\/wp.kristdemokraterna.se\/soderkoping\/wp-json\/wp\/v2\/pages"}],"about":[{"href":"https:\/\/wp.kristdemokraterna.se\/soderkoping\/wp-json\/wp\/v2\/types\/page"}],"author":[{"embeddable":true,"href":"https:\/\/wp.kristdemokraterna.se\/soderkoping\/wp-json\/wp\/v2\/users\/637"}],"replies":[{"embeddable":true,"href":"https:\/\/wp.kristdemokraterna.se\/soderkoping\/wp-json\/wp\/v2\/comments?post=1068"}],"version-history":[{"count":20,"href":"https:\/\/wp.kristdemokraterna.se\/soderkoping\/wp-json\/wp\/v2\/pages\/1068\/revisions"}],"predecessor-version":[{"id":1204,"href":"https:\/\/wp.kristdemokraterna.se\/soderkoping\/wp-json\/wp\/v2\/pages\/1068\/revisions\/1204"}],"up":[{"embeddable":true,"href":"https:\/\/wp.kristdemokraterna.se\/soderkoping\/wp-json\/wp\/v2\/pages\/895"}],"wp:attachment":[{"href":"https:\/\/wp.kristdemokraterna.se\/soderkoping\/wp-json\/wp\/v2\/media?parent=1068"}],"curies":[{"name":"wp","href":"https:\/\/api.w.org\/{rel}","templated":true}]}}