{"id":1095,"date":"2022-09-02T19:17:54","date_gmt":"2022-09-02T17:17:54","guid":{"rendered":"https:\/\/wp.kristdemokraterna.se\/soderkoping\/?page_id=1095"},"modified":"2022-09-02T19:47:05","modified_gmt":"2022-09-02T17:47:05","slug":"elvira-wibeck","status":"publish","type":"page","link":"https:\/\/wp.kristdemokraterna.se\/soderkoping\/val2022\/kommunkandidater2022\/elvira-wibeck\/","title":{"rendered":"4. Elvira Wibeck"},"content":{"rendered":"<div class=\"m8h3af8h l7ghb35v kjdc1dyq kmwttqpk gh25dzvf n3t5jt4f\">\n<div dir=\"auto\">\n<hr \/>\n<p><img loading=\"lazy\" decoding=\"async\" class=\"alignnone wp-image-1098\" src=\"http:\/\/wp.kristdemokraterna.se\/soderkoping\/files\/2022\/09\/fdc2568e-e357-4cf5-a844-e106d758a0ab.jpeg\" alt=\"\" width=\"465\" height=\"698\" srcset=\"https:\/\/wp.kristdemokraterna.se\/soderkoping\/files\/2022\/09\/fdc2568e-e357-4cf5-a844-e106d758a0ab.jpeg 1365w, https:\/\/wp.kristdemokraterna.se\/soderkoping\/files\/2022\/09\/fdc2568e-e357-4cf5-a844-e106d758a0ab-200x300.jpeg 200w, https:\/\/wp.kristdemokraterna.se\/soderkoping\/files\/2022\/09\/fdc2568e-e357-4cf5-a844-e106d758a0ab-683x1024.jpeg 683w, https:\/\/wp.kristdemokraterna.se\/soderkoping\/files\/2022\/09\/fdc2568e-e357-4cf5-a844-e106d758a0ab-768x1152.jpeg 768w, https:\/\/wp.kristdemokraterna.se\/soderkoping\/files\/2022\/09\/fdc2568e-e357-4cf5-a844-e106d758a0ab-1024x1536.jpeg 1024w, https:\/\/wp.kristdemokraterna.se\/soderkoping\/files\/2022\/09\/fdc2568e-e357-4cf5-a844-e106d758a0ab-133x200.jpeg 133w, https:\/\/wp.kristdemokraterna.se\/soderkoping\/files\/2022\/09\/fdc2568e-e357-4cf5-a844-e106d758a0ab-370x555.jpeg 370w, https:\/\/wp.kristdemokraterna.se\/soderkoping\/files\/2022\/09\/fdc2568e-e357-4cf5-a844-e106d758a0ab-770x1155.jpeg 770w, https:\/\/wp.kristdemokraterna.se\/soderkoping\/files\/2022\/09\/fdc2568e-e357-4cf5-a844-e106d758a0ab-450x675.jpeg 450w, https:\/\/wp.kristdemokraterna.se\/soderkoping\/files\/2022\/09\/fdc2568e-e357-4cf5-a844-e106d758a0ab-268x402.jpeg 268w, https:\/\/wp.kristdemokraterna.se\/soderkoping\/files\/2022\/09\/fdc2568e-e357-4cf5-a844-e106d758a0ab-340x510.jpeg 340w, https:\/\/wp.kristdemokraterna.se\/soderkoping\/files\/2022\/09\/fdc2568e-e357-4cf5-a844-e106d758a0ab-37x56.jpeg 37w\" sizes=\"auto, (max-width: 465px) 100vw, 465px\" \/><br \/>\n<strong>ATT VARA F\u00d6RETAGARE I S\u00d6DERK\u00d6PING<\/strong><\/div>\n<div dir=\"auto\">Det ska vara s\u00e5 enkelt som m\u00f6jligt att vara<\/div>\n<div dir=\"auto\">f\u00f6retagare i S\u00f6derk\u00f6ping. Det inneb\u00e4r<\/div>\n<div dir=\"auto\">effektivt samarbete mellan olika akt\u00f6rer och<\/div>\n<div dir=\"auto\">god kvalitet p\u00e5 kommunens tj\u00e4nster, \u00e4ven<\/div>\n<div dir=\"auto\">f\u00f6r \ud83d\udc99 lantbrukare. Fokus i upphandlingar<\/div>\n<div dir=\"auto\">ska vara krav p\u00e5 kvalitet och det ska f\u00f6ljas<\/div>\n<div dir=\"auto\">upp vilken kvalitet som levereras.<\/div>\n<div dir=\"auto\">\u2022 Kommunen kan underl\u00e4tta genom att<\/div>\n<div dir=\"auto\">g\u00f6ra mindre detaljstyrda upphandlingar<\/div>\n<div dir=\"auto\">och tillst\u00e5ndspr\u00f6vningar<\/div>\n<div dir=\"auto\">\u2022 N\u00e4ra samarbete mellan skola och lokalt<\/div>\n<div dir=\"auto\">n\u00e4ringsliv f\u00f6r l\u00e4rlingsutbildningar och<\/div>\n<div dir=\"auto\">praktikplatser \u00e4r bra<\/div>\n<div dir=\"auto\">\u2022 Utrymme f\u00f6r eget f\u00f6retagande i samband<\/div>\n<div dir=\"auto\">med boende kan ges redan i detaljplaner<\/div>\n<div dir=\"auto\">\u2022 En allm\u00e4n \u00e5retruntbass\u00e4ng och andra<\/div>\n<div dir=\"auto\">verksamheter kan byggas och drivas av<\/div>\n<div dir=\"auto\">\n<p>privata akt\u00f6rer<img loading=\"lazy\" decoding=\"async\" class=\"alignright wp-image-928 size-thumbnail\" src=\"http:\/\/wp.kristdemokraterna.se\/soderkoping\/files\/2022\/08\/317e8e84-e225-4fb0-9d8f-955a5833a8a3-150x150.jpeg\" alt=\"\" width=\"150\" height=\"150\" srcset=\"https:\/\/wp.kristdemokraterna.se\/soderkoping\/files\/2022\/08\/317e8e84-e225-4fb0-9d8f-955a5833a8a3-150x150.jpeg 150w, https:\/\/wp.kristdemokraterna.se\/soderkoping\/files\/2022\/08\/317e8e84-e225-4fb0-9d8f-955a5833a8a3-90x90.jpeg 90w, https:\/\/wp.kristdemokraterna.se\/soderkoping\/files\/2022\/08\/317e8e84-e225-4fb0-9d8f-955a5833a8a3-57x56.jpeg 57w\" sizes=\"auto, (max-width: 150px) 100vw, 150px\" \/><\/p>\n<\/div>\n<\/div>\n<div class=\"l7ghb35v kjdc1dyq kmwttqpk gh25dzvf jikcssrz n3t5jt4f\">\n<div dir=\"auto\"><strong>E LV I R A \u00a0W I B E C K<\/strong><\/div>\n<div dir=\"auto\">Milj\u00f6vetare, ombudsman KD \u00d6sterg\u00f6tland<\/div>\n<div dir=\"auto\">sm\u00e5barnsf\u00f6r\u00e4lder<\/div>\n<\/div>\n","protected":false},"excerpt":{"rendered":"<p>ATT VARA F\u00d6RETAGARE I S\u00d6DERK\u00d6PING Det ska vara s\u00e5 enkelt som m\u00f6jligt att vara f\u00f6retagare i S\u00f6derk\u00f6ping. Det inneb\u00e4r effektivt samarbete mellan olika akt\u00f6rer och god kvalitet p\u00e5 kommunens tj\u00e4nster, \u00e4ven f\u00f6r \ud83d\udc99 lantbrukare. Fokus i upphandlingar ska vara krav p\u00e5 kvalitet och det ska f\u00f6ljas upp vilken kvalitet som levereras. \u2022 Kommunen kan underl\u00e4tta <a class=\"read-more-link\" href=\"https:\/\/wp.kristdemokraterna.se\/soderkoping\/val2022\/kommunkandidater2022\/elvira-wibeck\/\">Read More<\/a><\/p>\n","protected":false},"author":637,"featured_media":0,"parent":933,"menu_order":4,"comment_status":"closed","ping_status":"closed","template":"","meta":{"_acf_changed":false,"footnotes":""},"class_list":["post-1095","page","type-page","status-publish","hentry"],"acf":[],"yoast_head":"<!-- This site is optimized with the Yoast SEO plugin v27.4 - https:\/\/yoast.com\/product\/yoast-seo-wordpress\/ -->\n<title>4. Elvira Wibeck - S\u00f6derk\u00f6ping<\/title>\n<meta name=\"robots\" content=\"noindex, follow, max-snippet:-1, max-image-preview:large, max-video-preview:-1\" \/>\n<meta property=\"og:locale\" content=\"sv_SE\" \/>\n<meta property=\"og:type\" content=\"article\" \/>\n<meta property=\"og:title\" content=\"4. Elvira Wibeck - S\u00f6derk\u00f6ping\" \/>\n<meta property=\"og:description\" content=\"ATT VARA F\u00d6RETAGARE I S\u00d6DERK\u00d6PING Det ska vara s\u00e5 enkelt som m\u00f6jligt att vara f\u00f6retagare i S\u00f6derk\u00f6ping. Det inneb\u00e4r effektivt samarbete mellan olika akt\u00f6rer och god kvalitet p\u00e5 kommunens tj\u00e4nster, \u00e4ven f\u00f6r \ud83d\udc99 lantbrukare. Fokus i upphandlingar ska vara krav p\u00e5 kvalitet och det ska f\u00f6ljas upp vilken kvalitet som levereras. \u2022 Kommunen kan underl\u00e4tta Read More\" \/>\n<meta property=\"og:url\" content=\"https:\/\/wp.kristdemokraterna.se\/soderkoping\/val2022\/kommunkandidater2022\/elvira-wibeck\/\" \/>\n<meta property=\"og:site_name\" content=\"S\u00f6derk\u00f6ping\" \/>\n<meta property=\"article:modified_time\" content=\"2022-09-02T17:47:05+00:00\" \/>\n<meta property=\"og:image\" content=\"http:\/\/wp.kristdemokraterna.se\/soderkoping\/files\/2022\/09\/fdc2568e-e357-4cf5-a844-e106d758a0ab.jpeg\" \/>\n<meta name=\"twitter:card\" content=\"summary_large_image\" \/>\n<meta name=\"twitter:label1\" content=\"Ber\u00e4knad l\u00e4stid\" \/>\n\t<meta name=\"twitter:data1\" content=\"1 minut\" \/>\n<script type=\"application\/ld+json\" class=\"yoast-schema-graph\">{\"@context\":\"https:\\\/\\\/schema.org\",\"@graph\":[{\"@type\":\"WebPage\",\"@id\":\"https:\\\/\\\/wp.kristdemokraterna.se\\\/soderkoping\\\/val2022\\\/kommunkandidater2022\\\/elvira-wibeck\\\/\",\"url\":\"https:\\\/\\\/wp.kristdemokraterna.se\\\/soderkoping\\\/val2022\\\/kommunkandidater2022\\\/elvira-wibeck\\\/\",\"name\":\"4. Elvira Wibeck - S\u00f6derk\u00f6ping\",\"isPartOf\":{\"@id\":\"https:\\\/\\\/wp.kristdemokraterna.se\\\/soderkoping\\\/#website\"},\"primaryImageOfPage\":{\"@id\":\"https:\\\/\\\/wp.kristdemokraterna.se\\\/soderkoping\\\/val2022\\\/kommunkandidater2022\\\/elvira-wibeck\\\/#primaryimage\"},\"image\":{\"@id\":\"https:\\\/\\\/wp.kristdemokraterna.se\\\/soderkoping\\\/val2022\\\/kommunkandidater2022\\\/elvira-wibeck\\\/#primaryimage\"},\"thumbnailUrl\":\"http:\\\/\\\/wp.kristdemokraterna.se\\\/soderkoping\\\/files\\\/2022\\\/09\\\/fdc2568e-e357-4cf5-a844-e106d758a0ab.jpeg\",\"datePublished\":\"2022-09-02T17:17:54+00:00\",\"dateModified\":\"2022-09-02T17:47:05+00:00\",\"breadcrumb\":{\"@id\":\"https:\\\/\\\/wp.kristdemokraterna.se\\\/soderkoping\\\/val2022\\\/kommunkandidater2022\\\/elvira-wibeck\\\/#breadcrumb\"},\"inLanguage\":\"sv-SE\",\"potentialAction\":[{\"@type\":\"ReadAction\",\"target\":[\"https:\\\/\\\/wp.kristdemokraterna.se\\\/soderkoping\\\/val2022\\\/kommunkandidater2022\\\/elvira-wibeck\\\/\"]}]},{\"@type\":\"ImageObject\",\"inLanguage\":\"sv-SE\",\"@id\":\"https:\\\/\\\/wp.kristdemokraterna.se\\\/soderkoping\\\/val2022\\\/kommunkandidater2022\\\/elvira-wibeck\\\/#primaryimage\",\"url\":\"http:\\\/\\\/wp.kristdemokraterna.se\\\/soderkoping\\\/files\\\/2022\\\/09\\\/fdc2568e-e357-4cf5-a844-e106d758a0ab.jpeg\",\"contentUrl\":\"http:\\\/\\\/wp.kristdemokraterna.se\\\/soderkoping\\\/files\\\/2022\\\/09\\\/fdc2568e-e357-4cf5-a844-e106d758a0ab.jpeg\"},{\"@type\":\"BreadcrumbList\",\"@id\":\"https:\\\/\\\/wp.kristdemokraterna.se\\\/soderkoping\\\/val2022\\\/kommunkandidater2022\\\/elvira-wibeck\\\/#breadcrumb\",\"itemListElement\":[{\"@type\":\"ListItem\",\"position\":1,\"name\":\"Hem\",\"item\":\"https:\\\/\\\/wp.kristdemokraterna.se\\\/soderkoping\\\/\"},{\"@type\":\"ListItem\",\"position\":2,\"name\":\"Val 11 sept 2022\",\"item\":\"https:\\\/\\\/wp.kristdemokraterna.se\\\/soderkoping\\\/val2022\\\/\"},{\"@type\":\"ListItem\",\"position\":3,\"name\":\"Kommunkandidater 2022\",\"item\":\"https:\\\/\\\/wp.kristdemokraterna.se\\\/soderkoping\\\/val2022\\\/kommunkandidater2022\\\/\"},{\"@type\":\"ListItem\",\"position\":4,\"name\":\"4. Elvira Wibeck\"}]},{\"@type\":\"WebSite\",\"@id\":\"https:\\\/\\\/wp.kristdemokraterna.se\\\/soderkoping\\\/#website\",\"url\":\"https:\\\/\\\/wp.kristdemokraterna.se\\\/soderkoping\\\/\",\"name\":\"S\u00f6derk\u00f6ping\",\"description\":\"Kristdemokraterna\",\"inLanguage\":\"sv-SE\"}]}<\/script>\n<!-- \/ Yoast SEO plugin. -->","yoast_head_json":{"title":"4. Elvira Wibeck - S\u00f6derk\u00f6ping","robots":{"index":"noindex","follow":"follow","max-snippet":"max-snippet:-1","max-image-preview":"max-image-preview:large","max-video-preview":"max-video-preview:-1"},"og_locale":"sv_SE","og_type":"article","og_title":"4. Elvira Wibeck - S\u00f6derk\u00f6ping","og_description":"ATT VARA F\u00d6RETAGARE I S\u00d6DERK\u00d6PING Det ska vara s\u00e5 enkelt som m\u00f6jligt att vara f\u00f6retagare i S\u00f6derk\u00f6ping. Det inneb\u00e4r effektivt samarbete mellan olika akt\u00f6rer och god kvalitet p\u00e5 kommunens tj\u00e4nster, \u00e4ven f\u00f6r \ud83d\udc99 lantbrukare. Fokus i upphandlingar ska vara krav p\u00e5 kvalitet och det ska f\u00f6ljas upp vilken kvalitet som levereras. \u2022 Kommunen kan underl\u00e4tta Read More","og_url":"https:\/\/wp.kristdemokraterna.se\/soderkoping\/val2022\/kommunkandidater2022\/elvira-wibeck\/","og_site_name":"S\u00f6derk\u00f6ping","article_modified_time":"2022-09-02T17:47:05+00:00","og_image":[{"url":"http:\/\/wp.kristdemokraterna.se\/soderkoping\/files\/2022\/09\/fdc2568e-e357-4cf5-a844-e106d758a0ab.jpeg","type":"","width":"","height":""}],"twitter_card":"summary_large_image","twitter_misc":{"Ber\u00e4knad l\u00e4stid":"1 minut"},"schema":{"@context":"https:\/\/schema.org","@graph":[{"@type":"WebPage","@id":"https:\/\/wp.kristdemokraterna.se\/soderkoping\/val2022\/kommunkandidater2022\/elvira-wibeck\/","url":"https:\/\/wp.kristdemokraterna.se\/soderkoping\/val2022\/kommunkandidater2022\/elvira-wibeck\/","name":"4. Elvira Wibeck - S\u00f6derk\u00f6ping","isPartOf":{"@id":"https:\/\/wp.kristdemokraterna.se\/soderkoping\/#website"},"primaryImageOfPage":{"@id":"https:\/\/wp.kristdemokraterna.se\/soderkoping\/val2022\/kommunkandidater2022\/elvira-wibeck\/#primaryimage"},"image":{"@id":"https:\/\/wp.kristdemokraterna.se\/soderkoping\/val2022\/kommunkandidater2022\/elvira-wibeck\/#primaryimage"},"thumbnailUrl":"http:\/\/wp.kristdemokraterna.se\/soderkoping\/files\/2022\/09\/fdc2568e-e357-4cf5-a844-e106d758a0ab.jpeg","datePublished":"2022-09-02T17:17:54+00:00","dateModified":"2022-09-02T17:47:05+00:00","breadcrumb":{"@id":"https:\/\/wp.kristdemokraterna.se\/soderkoping\/val2022\/kommunkandidater2022\/elvira-wibeck\/#breadcrumb"},"inLanguage":"sv-SE","potentialAction":[{"@type":"ReadAction","target":["https:\/\/wp.kristdemokraterna.se\/soderkoping\/val2022\/kommunkandidater2022\/elvira-wibeck\/"]}]},{"@type":"ImageObject","inLanguage":"sv-SE","@id":"https:\/\/wp.kristdemokraterna.se\/soderkoping\/val2022\/kommunkandidater2022\/elvira-wibeck\/#primaryimage","url":"http:\/\/wp.kristdemokraterna.se\/soderkoping\/files\/2022\/09\/fdc2568e-e357-4cf5-a844-e106d758a0ab.jpeg","contentUrl":"http:\/\/wp.kristdemokraterna.se\/soderkoping\/files\/2022\/09\/fdc2568e-e357-4cf5-a844-e106d758a0ab.jpeg"},{"@type":"BreadcrumbList","@id":"https:\/\/wp.kristdemokraterna.se\/soderkoping\/val2022\/kommunkandidater2022\/elvira-wibeck\/#breadcrumb","itemListElement":[{"@type":"ListItem","position":1,"name":"Hem","item":"https:\/\/wp.kristdemokraterna.se\/soderkoping\/"},{"@type":"ListItem","position":2,"name":"Val 11 sept 2022","item":"https:\/\/wp.kristdemokraterna.se\/soderkoping\/val2022\/"},{"@type":"ListItem","position":3,"name":"Kommunkandidater 2022","item":"https:\/\/wp.kristdemokraterna.se\/soderkoping\/val2022\/kommunkandidater2022\/"},{"@type":"ListItem","position":4,"name":"4. Elvira Wibeck"}]},{"@type":"WebSite","@id":"https:\/\/wp.kristdemokraterna.se\/soderkoping\/#website","url":"https:\/\/wp.kristdemokraterna.se\/soderkoping\/","name":"S\u00f6derk\u00f6ping","description":"Kristdemokraterna","inLanguage":"sv-SE"}]}},"_links":{"self":[{"href":"https:\/\/wp.kristdemokraterna.se\/soderkoping\/wp-json\/wp\/v2\/pages\/1095","targetHints":{"allow":["GET"]}}],"collection":[{"href":"https:\/\/wp.kristdemokraterna.se\/soderkoping\/wp-json\/wp\/v2\/pages"}],"about":[{"href":"https:\/\/wp.kristdemokraterna.se\/soderkoping\/wp-json\/wp\/v2\/types\/page"}],"author":[{"embeddable":true,"href":"https:\/\/wp.kristdemokraterna.se\/soderkoping\/wp-json\/wp\/v2\/users\/637"}],"replies":[{"embeddable":true,"href":"https:\/\/wp.kristdemokraterna.se\/soderkoping\/wp-json\/wp\/v2\/comments?post=1095"}],"version-history":[{"count":6,"href":"https:\/\/wp.kristdemokraterna.se\/soderkoping\/wp-json\/wp\/v2\/pages\/1095\/revisions"}],"predecessor-version":[{"id":1120,"href":"https:\/\/wp.kristdemokraterna.se\/soderkoping\/wp-json\/wp\/v2\/pages\/1095\/revisions\/1120"}],"up":[{"embeddable":true,"href":"https:\/\/wp.kristdemokraterna.se\/soderkoping\/wp-json\/wp\/v2\/pages\/933"}],"wp:attachment":[{"href":"https:\/\/wp.kristdemokraterna.se\/soderkoping\/wp-json\/wp\/v2\/media?parent=1095"}],"curies":[{"name":"wp","href":"https:\/\/api.w.org\/{rel}","templated":true}]}}