{"id":1106,"date":"2022-09-02T19:34:27","date_gmt":"2022-09-02T17:34:27","guid":{"rendered":"https:\/\/wp.kristdemokraterna.se\/soderkoping\/?page_id=1106"},"modified":"2022-09-02T19:48:50","modified_gmt":"2022-09-02T17:48:50","slug":"johanna-englund","status":"publish","type":"page","link":"https:\/\/wp.kristdemokraterna.se\/soderkoping\/val2022\/kommunkandidater2022\/johanna-englund\/","title":{"rendered":"5. Johanna Englund"},"content":{"rendered":"<div dir=\"auto\"><img loading=\"lazy\" decoding=\"async\" class=\"alignnone wp-image-1107\" src=\"http:\/\/wp.kristdemokraterna.se\/soderkoping\/files\/2022\/09\/94764b0e-6771-434a-bf33-5b819f149604.jpeg\" alt=\"\" width=\"465\" height=\"698\" srcset=\"https:\/\/wp.kristdemokraterna.se\/soderkoping\/files\/2022\/09\/94764b0e-6771-434a-bf33-5b819f149604.jpeg 1365w, https:\/\/wp.kristdemokraterna.se\/soderkoping\/files\/2022\/09\/94764b0e-6771-434a-bf33-5b819f149604-200x300.jpeg 200w, https:\/\/wp.kristdemokraterna.se\/soderkoping\/files\/2022\/09\/94764b0e-6771-434a-bf33-5b819f149604-683x1024.jpeg 683w, https:\/\/wp.kristdemokraterna.se\/soderkoping\/files\/2022\/09\/94764b0e-6771-434a-bf33-5b819f149604-768x1152.jpeg 768w, https:\/\/wp.kristdemokraterna.se\/soderkoping\/files\/2022\/09\/94764b0e-6771-434a-bf33-5b819f149604-1024x1536.jpeg 1024w, https:\/\/wp.kristdemokraterna.se\/soderkoping\/files\/2022\/09\/94764b0e-6771-434a-bf33-5b819f149604-133x200.jpeg 133w, https:\/\/wp.kristdemokraterna.se\/soderkoping\/files\/2022\/09\/94764b0e-6771-434a-bf33-5b819f149604-370x555.jpeg 370w, https:\/\/wp.kristdemokraterna.se\/soderkoping\/files\/2022\/09\/94764b0e-6771-434a-bf33-5b819f149604-770x1155.jpeg 770w, https:\/\/wp.kristdemokraterna.se\/soderkoping\/files\/2022\/09\/94764b0e-6771-434a-bf33-5b819f149604-450x675.jpeg 450w, https:\/\/wp.kristdemokraterna.se\/soderkoping\/files\/2022\/09\/94764b0e-6771-434a-bf33-5b819f149604-268x402.jpeg 268w, https:\/\/wp.kristdemokraterna.se\/soderkoping\/files\/2022\/09\/94764b0e-6771-434a-bf33-5b819f149604-340x510.jpeg 340w, https:\/\/wp.kristdemokraterna.se\/soderkoping\/files\/2022\/09\/94764b0e-6771-434a-bf33-5b819f149604-37x56.jpeg 37w\" sizes=\"auto, (max-width: 465px) 100vw, 465px\" \/><br \/>\n<strong>ATT\u00a0BO I S\u00d6DERK\u00d6PING<\/strong><\/div>\n<div dir=\"auto\">Det \u00e4r politikernas ansvar att st\u00e5 f\u00f6r gott<\/div>\n<div dir=\"auto\">f\u00f6rvaltarskap av resurser som pengar och<\/div>\n<div dir=\"auto\">natur. En h\u00e5llbar utveckling av kommunen,<\/div>\n<div dir=\"auto\">inneb\u00e4r att den v\u00e4xer med kvalitet. Vi vill<\/div>\n<div dir=\"auto\">f\u00f6rvalta f\u00f6rtroendet fr\u00e5n v\u00e4ljarna v\u00e4l.<\/div>\n<div dir=\"auto\">\u2022 Forts\u00e4tt underl\u00e4tta med god service f\u00f6r<\/div>\n<div dir=\"auto\">de som vill bos\u00e4tta sig p\u00e5 v\u00e5r vackra<\/div>\n<div dir=\"auto\">landsbygd, det vi i KD kallar \u201dsvenska<\/div>\n<div dir=\"auto\">hj\u00e4rtlandet\u201d. \ud83d\udc99<\/div>\n<div dir=\"auto\">\u2022 Fastighetsutvecklare ska f\u00e5 m\u00f6jlighet att<\/div>\n<div dir=\"auto\">m\u00f6ta m\u00e4nniskors behov av olika typer av<\/div>\n<div dir=\"auto\">bost\u00e4der i S\u00f6derk\u00f6ping. Nyckeln \u00e4r god<\/div>\n<div dir=\"auto\">planering, klok prioritering och dialog. Att<\/div>\n<div dir=\"auto\">detaljplaner drivs av byggherrar i samr\u00e5d<\/div>\n<div dir=\"auto\">med kommunen \u00f6ppnar en bra m\u00f6jlighet<\/div>\n<div dir=\"auto\">\u2022 Digitala och tillg\u00e4ngliga processer f\u00f6r<\/div>\n<div dir=\"auto\">tj\u00e4nster, som exempelvis bygglovs-<br \/>\nans\u00f6kan, \u00e4r viktiga <img loading=\"lazy\" decoding=\"async\" class=\"alignright wp-image-928 size-thumbnail\" src=\"http:\/\/wp.kristdemokraterna.se\/soderkoping\/files\/2022\/08\/317e8e84-e225-4fb0-9d8f-955a5833a8a3-150x150.jpeg\" alt=\"\" width=\"150\" height=\"150\" srcset=\"https:\/\/wp.kristdemokraterna.se\/soderkoping\/files\/2022\/08\/317e8e84-e225-4fb0-9d8f-955a5833a8a3-150x150.jpeg 150w, https:\/\/wp.kristdemokraterna.se\/soderkoping\/files\/2022\/08\/317e8e84-e225-4fb0-9d8f-955a5833a8a3-90x90.jpeg 90w, https:\/\/wp.kristdemokraterna.se\/soderkoping\/files\/2022\/08\/317e8e84-e225-4fb0-9d8f-955a5833a8a3-57x56.jpeg 57w\" sizes=\"auto, (max-width: 150px) 100vw, 150px\" \/><\/div>\n<p>&nbsp;<\/p>\n<div dir=\"auto\"><strong>J O H A N N A \u00a0E N G L U N D<\/strong><\/div>\n<div dir=\"auto\">Byggnadsingenj\u00f6r, mamma till tre s\u00f6ner,<\/div>\n<div dir=\"auto\">ledamot i samh\u00e4llsbyggnadsn\u00e4mnden<\/div>\n","protected":false},"excerpt":{"rendered":"<p>ATT\u00a0BO I S\u00d6DERK\u00d6PING Det \u00e4r politikernas ansvar att st\u00e5 f\u00f6r gott f\u00f6rvaltarskap av resurser som pengar och natur. En h\u00e5llbar utveckling av kommunen, inneb\u00e4r att den v\u00e4xer med kvalitet. Vi vill f\u00f6rvalta f\u00f6rtroendet fr\u00e5n v\u00e4ljarna v\u00e4l. \u2022 Forts\u00e4tt underl\u00e4tta med god service f\u00f6r de som vill bos\u00e4tta sig p\u00e5 v\u00e5r vackra landsbygd, det vi i <a class=\"read-more-link\" href=\"https:\/\/wp.kristdemokraterna.se\/soderkoping\/val2022\/kommunkandidater2022\/johanna-englund\/\">Read More<\/a><\/p>\n","protected":false},"author":637,"featured_media":0,"parent":933,"menu_order":5,"comment_status":"closed","ping_status":"closed","template":"","meta":{"_acf_changed":false,"footnotes":""},"class_list":["post-1106","page","type-page","status-publish","hentry"],"acf":[],"yoast_head":"<!-- This site is optimized with the Yoast SEO plugin v27.4 - https:\/\/yoast.com\/product\/yoast-seo-wordpress\/ -->\n<title>5. Johanna Englund - S\u00f6derk\u00f6ping<\/title>\n<meta name=\"robots\" content=\"noindex, follow, max-snippet:-1, max-image-preview:large, max-video-preview:-1\" \/>\n<meta property=\"og:locale\" content=\"sv_SE\" \/>\n<meta property=\"og:type\" content=\"article\" \/>\n<meta property=\"og:title\" content=\"5. Johanna Englund - S\u00f6derk\u00f6ping\" \/>\n<meta property=\"og:description\" content=\"ATT\u00a0BO I S\u00d6DERK\u00d6PING Det \u00e4r politikernas ansvar att st\u00e5 f\u00f6r gott f\u00f6rvaltarskap av resurser som pengar och natur. En h\u00e5llbar utveckling av kommunen, inneb\u00e4r att den v\u00e4xer med kvalitet. Vi vill f\u00f6rvalta f\u00f6rtroendet fr\u00e5n v\u00e4ljarna v\u00e4l. \u2022 Forts\u00e4tt underl\u00e4tta med god service f\u00f6r de som vill bos\u00e4tta sig p\u00e5 v\u00e5r vackra landsbygd, det vi i Read More\" \/>\n<meta property=\"og:url\" content=\"https:\/\/wp.kristdemokraterna.se\/soderkoping\/val2022\/kommunkandidater2022\/johanna-englund\/\" \/>\n<meta property=\"og:site_name\" content=\"S\u00f6derk\u00f6ping\" \/>\n<meta property=\"article:modified_time\" content=\"2022-09-02T17:48:50+00:00\" \/>\n<meta property=\"og:image\" content=\"http:\/\/wp.kristdemokraterna.se\/soderkoping\/files\/2022\/09\/94764b0e-6771-434a-bf33-5b819f149604.jpeg\" \/>\n<meta name=\"twitter:card\" content=\"summary_large_image\" \/>\n<meta name=\"twitter:label1\" content=\"Ber\u00e4knad l\u00e4stid\" \/>\n\t<meta name=\"twitter:data1\" content=\"2 minuter\" \/>\n<script type=\"application\/ld+json\" class=\"yoast-schema-graph\">{\"@context\":\"https:\\\/\\\/schema.org\",\"@graph\":[{\"@type\":\"WebPage\",\"@id\":\"https:\\\/\\\/wp.kristdemokraterna.se\\\/soderkoping\\\/val2022\\\/kommunkandidater2022\\\/johanna-englund\\\/\",\"url\":\"https:\\\/\\\/wp.kristdemokraterna.se\\\/soderkoping\\\/val2022\\\/kommunkandidater2022\\\/johanna-englund\\\/\",\"name\":\"5. Johanna Englund - S\u00f6derk\u00f6ping\",\"isPartOf\":{\"@id\":\"https:\\\/\\\/wp.kristdemokraterna.se\\\/soderkoping\\\/#website\"},\"primaryImageOfPage\":{\"@id\":\"https:\\\/\\\/wp.kristdemokraterna.se\\\/soderkoping\\\/val2022\\\/kommunkandidater2022\\\/johanna-englund\\\/#primaryimage\"},\"image\":{\"@id\":\"https:\\\/\\\/wp.kristdemokraterna.se\\\/soderkoping\\\/val2022\\\/kommunkandidater2022\\\/johanna-englund\\\/#primaryimage\"},\"thumbnailUrl\":\"http:\\\/\\\/wp.kristdemokraterna.se\\\/soderkoping\\\/files\\\/2022\\\/09\\\/94764b0e-6771-434a-bf33-5b819f149604.jpeg\",\"datePublished\":\"2022-09-02T17:34:27+00:00\",\"dateModified\":\"2022-09-02T17:48:50+00:00\",\"breadcrumb\":{\"@id\":\"https:\\\/\\\/wp.kristdemokraterna.se\\\/soderkoping\\\/val2022\\\/kommunkandidater2022\\\/johanna-englund\\\/#breadcrumb\"},\"inLanguage\":\"sv-SE\",\"potentialAction\":[{\"@type\":\"ReadAction\",\"target\":[\"https:\\\/\\\/wp.kristdemokraterna.se\\\/soderkoping\\\/val2022\\\/kommunkandidater2022\\\/johanna-englund\\\/\"]}]},{\"@type\":\"ImageObject\",\"inLanguage\":\"sv-SE\",\"@id\":\"https:\\\/\\\/wp.kristdemokraterna.se\\\/soderkoping\\\/val2022\\\/kommunkandidater2022\\\/johanna-englund\\\/#primaryimage\",\"url\":\"http:\\\/\\\/wp.kristdemokraterna.se\\\/soderkoping\\\/files\\\/2022\\\/09\\\/94764b0e-6771-434a-bf33-5b819f149604.jpeg\",\"contentUrl\":\"http:\\\/\\\/wp.kristdemokraterna.se\\\/soderkoping\\\/files\\\/2022\\\/09\\\/94764b0e-6771-434a-bf33-5b819f149604.jpeg\"},{\"@type\":\"BreadcrumbList\",\"@id\":\"https:\\\/\\\/wp.kristdemokraterna.se\\\/soderkoping\\\/val2022\\\/kommunkandidater2022\\\/johanna-englund\\\/#breadcrumb\",\"itemListElement\":[{\"@type\":\"ListItem\",\"position\":1,\"name\":\"Hem\",\"item\":\"https:\\\/\\\/wp.kristdemokraterna.se\\\/soderkoping\\\/\"},{\"@type\":\"ListItem\",\"position\":2,\"name\":\"Val 11 sept 2022\",\"item\":\"https:\\\/\\\/wp.kristdemokraterna.se\\\/soderkoping\\\/val2022\\\/\"},{\"@type\":\"ListItem\",\"position\":3,\"name\":\"Kommunkandidater 2022\",\"item\":\"https:\\\/\\\/wp.kristdemokraterna.se\\\/soderkoping\\\/val2022\\\/kommunkandidater2022\\\/\"},{\"@type\":\"ListItem\",\"position\":4,\"name\":\"5. Johanna Englund\"}]},{\"@type\":\"WebSite\",\"@id\":\"https:\\\/\\\/wp.kristdemokraterna.se\\\/soderkoping\\\/#website\",\"url\":\"https:\\\/\\\/wp.kristdemokraterna.se\\\/soderkoping\\\/\",\"name\":\"S\u00f6derk\u00f6ping\",\"description\":\"Kristdemokraterna\",\"inLanguage\":\"sv-SE\"}]}<\/script>\n<!-- \/ Yoast SEO plugin. -->","yoast_head_json":{"title":"5. Johanna Englund - S\u00f6derk\u00f6ping","robots":{"index":"noindex","follow":"follow","max-snippet":"max-snippet:-1","max-image-preview":"max-image-preview:large","max-video-preview":"max-video-preview:-1"},"og_locale":"sv_SE","og_type":"article","og_title":"5. Johanna Englund - S\u00f6derk\u00f6ping","og_description":"ATT\u00a0BO I S\u00d6DERK\u00d6PING Det \u00e4r politikernas ansvar att st\u00e5 f\u00f6r gott f\u00f6rvaltarskap av resurser som pengar och natur. En h\u00e5llbar utveckling av kommunen, inneb\u00e4r att den v\u00e4xer med kvalitet. Vi vill f\u00f6rvalta f\u00f6rtroendet fr\u00e5n v\u00e4ljarna v\u00e4l. \u2022 Forts\u00e4tt underl\u00e4tta med god service f\u00f6r de som vill bos\u00e4tta sig p\u00e5 v\u00e5r vackra landsbygd, det vi i Read More","og_url":"https:\/\/wp.kristdemokraterna.se\/soderkoping\/val2022\/kommunkandidater2022\/johanna-englund\/","og_site_name":"S\u00f6derk\u00f6ping","article_modified_time":"2022-09-02T17:48:50+00:00","og_image":[{"url":"http:\/\/wp.kristdemokraterna.se\/soderkoping\/files\/2022\/09\/94764b0e-6771-434a-bf33-5b819f149604.jpeg","type":"","width":"","height":""}],"twitter_card":"summary_large_image","twitter_misc":{"Ber\u00e4knad l\u00e4stid":"2 minuter"},"schema":{"@context":"https:\/\/schema.org","@graph":[{"@type":"WebPage","@id":"https:\/\/wp.kristdemokraterna.se\/soderkoping\/val2022\/kommunkandidater2022\/johanna-englund\/","url":"https:\/\/wp.kristdemokraterna.se\/soderkoping\/val2022\/kommunkandidater2022\/johanna-englund\/","name":"5. Johanna Englund - S\u00f6derk\u00f6ping","isPartOf":{"@id":"https:\/\/wp.kristdemokraterna.se\/soderkoping\/#website"},"primaryImageOfPage":{"@id":"https:\/\/wp.kristdemokraterna.se\/soderkoping\/val2022\/kommunkandidater2022\/johanna-englund\/#primaryimage"},"image":{"@id":"https:\/\/wp.kristdemokraterna.se\/soderkoping\/val2022\/kommunkandidater2022\/johanna-englund\/#primaryimage"},"thumbnailUrl":"http:\/\/wp.kristdemokraterna.se\/soderkoping\/files\/2022\/09\/94764b0e-6771-434a-bf33-5b819f149604.jpeg","datePublished":"2022-09-02T17:34:27+00:00","dateModified":"2022-09-02T17:48:50+00:00","breadcrumb":{"@id":"https:\/\/wp.kristdemokraterna.se\/soderkoping\/val2022\/kommunkandidater2022\/johanna-englund\/#breadcrumb"},"inLanguage":"sv-SE","potentialAction":[{"@type":"ReadAction","target":["https:\/\/wp.kristdemokraterna.se\/soderkoping\/val2022\/kommunkandidater2022\/johanna-englund\/"]}]},{"@type":"ImageObject","inLanguage":"sv-SE","@id":"https:\/\/wp.kristdemokraterna.se\/soderkoping\/val2022\/kommunkandidater2022\/johanna-englund\/#primaryimage","url":"http:\/\/wp.kristdemokraterna.se\/soderkoping\/files\/2022\/09\/94764b0e-6771-434a-bf33-5b819f149604.jpeg","contentUrl":"http:\/\/wp.kristdemokraterna.se\/soderkoping\/files\/2022\/09\/94764b0e-6771-434a-bf33-5b819f149604.jpeg"},{"@type":"BreadcrumbList","@id":"https:\/\/wp.kristdemokraterna.se\/soderkoping\/val2022\/kommunkandidater2022\/johanna-englund\/#breadcrumb","itemListElement":[{"@type":"ListItem","position":1,"name":"Hem","item":"https:\/\/wp.kristdemokraterna.se\/soderkoping\/"},{"@type":"ListItem","position":2,"name":"Val 11 sept 2022","item":"https:\/\/wp.kristdemokraterna.se\/soderkoping\/val2022\/"},{"@type":"ListItem","position":3,"name":"Kommunkandidater 2022","item":"https:\/\/wp.kristdemokraterna.se\/soderkoping\/val2022\/kommunkandidater2022\/"},{"@type":"ListItem","position":4,"name":"5. Johanna Englund"}]},{"@type":"WebSite","@id":"https:\/\/wp.kristdemokraterna.se\/soderkoping\/#website","url":"https:\/\/wp.kristdemokraterna.se\/soderkoping\/","name":"S\u00f6derk\u00f6ping","description":"Kristdemokraterna","inLanguage":"sv-SE"}]}},"_links":{"self":[{"href":"https:\/\/wp.kristdemokraterna.se\/soderkoping\/wp-json\/wp\/v2\/pages\/1106","targetHints":{"allow":["GET"]}}],"collection":[{"href":"https:\/\/wp.kristdemokraterna.se\/soderkoping\/wp-json\/wp\/v2\/pages"}],"about":[{"href":"https:\/\/wp.kristdemokraterna.se\/soderkoping\/wp-json\/wp\/v2\/types\/page"}],"author":[{"embeddable":true,"href":"https:\/\/wp.kristdemokraterna.se\/soderkoping\/wp-json\/wp\/v2\/users\/637"}],"replies":[{"embeddable":true,"href":"https:\/\/wp.kristdemokraterna.se\/soderkoping\/wp-json\/wp\/v2\/comments?post=1106"}],"version-history":[{"count":10,"href":"https:\/\/wp.kristdemokraterna.se\/soderkoping\/wp-json\/wp\/v2\/pages\/1106\/revisions"}],"predecessor-version":[{"id":1123,"href":"https:\/\/wp.kristdemokraterna.se\/soderkoping\/wp-json\/wp\/v2\/pages\/1106\/revisions\/1123"}],"up":[{"embeddable":true,"href":"https:\/\/wp.kristdemokraterna.se\/soderkoping\/wp-json\/wp\/v2\/pages\/933"}],"wp:attachment":[{"href":"https:\/\/wp.kristdemokraterna.se\/soderkoping\/wp-json\/wp\/v2\/media?parent=1106"}],"curies":[{"name":"wp","href":"https:\/\/api.w.org\/{rel}","templated":true}]}}