{"id":1175,"date":"2022-09-11T19:50:54","date_gmt":"2022-09-11T17:50:54","guid":{"rendered":"https:\/\/wp.kristdemokraterna.se\/soderkoping\/?page_id=1175"},"modified":"2022-09-11T20:59:49","modified_gmt":"2022-09-11T18:59:49","slug":"valresultat","status":"publish","type":"page","link":"https:\/\/wp.kristdemokraterna.se\/soderkoping\/val2022\/valresultat\/","title":{"rendered":"Valresultat 2022"},"content":{"rendered":"<p><strong><img loading=\"lazy\" decoding=\"async\" class=\"alignnone wp-image-799 size-full\" src=\"http:\/\/wp.kristdemokraterna.se\/soderkoping\/files\/2021\/01\/kuber.png\" alt=\"\" width=\"478\" height=\"262\" srcset=\"https:\/\/wp.kristdemokraterna.se\/soderkoping\/files\/2021\/01\/kuber.png 478w, https:\/\/wp.kristdemokraterna.se\/soderkoping\/files\/2021\/01\/kuber-300x164.png 300w, https:\/\/wp.kristdemokraterna.se\/soderkoping\/files\/2021\/01\/kuber-365x200.png 365w, https:\/\/wp.kristdemokraterna.se\/soderkoping\/files\/2021\/01\/kuber-370x203.png 370w, https:\/\/wp.kristdemokraterna.se\/soderkoping\/files\/2021\/01\/kuber-450x247.png 450w, https:\/\/wp.kristdemokraterna.se\/soderkoping\/files\/2021\/01\/kuber-280x153.png 280w, https:\/\/wp.kristdemokraterna.se\/soderkoping\/files\/2021\/01\/kuber-340x186.png 340w, https:\/\/wp.kristdemokraterna.se\/soderkoping\/files\/2021\/01\/kuber-200x110.png 200w, https:\/\/wp.kristdemokraterna.se\/soderkoping\/files\/2021\/01\/kuber-102x56.png 102w\" sizes=\"auto, (max-width: 478px) 100vw, 478px\" \/> <img loading=\"lazy\" decoding=\"async\" class=\"alignright wp-image-928 size-thumbnail\" src=\"http:\/\/wp.kristdemokraterna.se\/soderkoping\/files\/2022\/08\/317e8e84-e225-4fb0-9d8f-955a5833a8a3-150x150.jpeg\" alt=\"\" width=\"150\" height=\"150\" srcset=\"https:\/\/wp.kristdemokraterna.se\/soderkoping\/files\/2022\/08\/317e8e84-e225-4fb0-9d8f-955a5833a8a3-150x150.jpeg 150w, https:\/\/wp.kristdemokraterna.se\/soderkoping\/files\/2022\/08\/317e8e84-e225-4fb0-9d8f-955a5833a8a3-90x90.jpeg 90w, https:\/\/wp.kristdemokraterna.se\/soderkoping\/files\/2022\/08\/317e8e84-e225-4fb0-9d8f-955a5833a8a3-57x56.jpeg 57w\" sizes=\"auto, (max-width: 150px) 100vw, 150px\" \/><\/strong><\/p>\n<p><strong>Valresultat 2022<\/strong>\u00a0&#8211; inom S\u00f6derk\u00f6pings kommun<em><br \/>\nKommunvalet: <a href=\"https:\/\/resultat.val.se\/val2022\/prel\/KF\/kommun\/05\/0582\" target=\"_blank\" rel=\"noopener noreferrer external\" data-wpel-link=\"external\">Valnatt<\/a> || <a href=\"https:\/\/resultat.val.se\/val2022\/prel\/KF\/valdistrikt\/05\/0582\/00\" target=\"_blank\" rel=\"noopener noreferrer external\" data-wpel-link=\"external\">Prelimin\u00e4r<\/a> || <a href=\"https:\/\/resultat.val.se\/val2022\/slutlig\/KF\/kommun\/05\/0582\" target=\"_blank\" rel=\"noopener noreferrer external\" data-wpel-link=\"external\">Slutgiltig<\/a><\/em><br \/>\n<em>Regionvalet: <a href=\"https:\/\/resultat.val.se\/val2022\/prel\/RF\/kommun\/05\/0503\/0582\" target=\"_blank\" rel=\"noopener noreferrer external\" data-wpel-link=\"external\">Valnatt<\/a> || <a href=\"https:\/\/resultat.val.se\/val2022\/prel\/RF\/valdistrikt\/05\/regionvalkrets\/0503\/0582\/00\" target=\"_blank\" rel=\"noopener noreferrer external\" data-wpel-link=\"external\">Prelimin\u00e4r<\/a> || <a href=\"https:\/\/resultat.val.se\/val2022\/slutlig\/RF\/kommun\/05\/0503\/0582\" target=\"_blank\" rel=\"noopener noreferrer external\" data-wpel-link=\"external\">Slutgiltig<\/a><\/em><br \/>\n<em>Riksdagsvalet: <a href=\"https:\/\/resultat.val.se\/val2022\/prel\/RD\/kommun\/05\/0582\" target=\"_blank\" rel=\"noopener noreferrer external\" data-wpel-link=\"external\">Valnatt<\/a> || <a href=\"https:\/\/resultat.val.se\/val2022\/prel\/RD\/valdistrikt\/05\/0582\/00\" target=\"_blank\" rel=\"noopener noreferrer external\" data-wpel-link=\"external\">Prelimin\u00e4r<\/a> || <a href=\"https:\/\/resultat.val.se\/val2022\/slutlig\/RD\/kommun\/05\/0582\" target=\"_blank\" rel=\"noopener noreferrer external\" data-wpel-link=\"external\">Slutgiltig<\/a><\/em><\/p>\n<p><a href=\"https:\/\/resultat.val.se\/\" target=\"_blank\" rel=\"noopener\">Valresultat<\/a>\u00a0&#8211; \u00a0<em>(val.se)<\/em><\/p>\n<p>&nbsp;<\/p>\n<hr \/>\n<p><em>Valresultat \u2013 Historik (val.se):<br \/>\n<\/em><a href=\"https:\/\/historik.val.se\/val\/val2018\/slutresultat\/K\/kommun\/05\/82\/index.html\" target=\"_blank\" rel=\"noopener external noreferrer\" data-wpel-link=\"external\">Valet 2018<\/a><\/p>\n","protected":false},"excerpt":{"rendered":"<p>Valresultat 2022\u00a0&#8211; inom S\u00f6derk\u00f6pings kommun Kommunvalet: Valnatt || Prelimin\u00e4r || Slutgiltig Regionvalet: Valnatt || Prelimin\u00e4r || Slutgiltig Riksdagsvalet: Valnatt || Prelimin\u00e4r || Slutgiltig Valresultat\u00a0&#8211; \u00a0(val.se) &nbsp; Valresultat \u2013 Historik (val.se): Valet 2018<\/p>\n","protected":false},"author":637,"featured_media":0,"parent":895,"menu_order":1,"comment_status":"closed","ping_status":"closed","template":"","meta":{"_acf_changed":false,"footnotes":""},"class_list":["post-1175","page","type-page","status-publish","hentry"],"acf":[],"yoast_head":"<!-- This site is optimized with the Yoast SEO plugin v27.5 - https:\/\/yoast.com\/product\/yoast-seo-wordpress\/ -->\n<title>Valresultat 2022 - S\u00f6derk\u00f6ping<\/title>\n<meta name=\"robots\" content=\"noindex, follow, max-snippet:-1, max-image-preview:large, max-video-preview:-1\" \/>\n<meta property=\"og:locale\" content=\"sv_SE\" \/>\n<meta property=\"og:type\" content=\"article\" \/>\n<meta property=\"og:title\" content=\"Valresultat 2022 - S\u00f6derk\u00f6ping\" \/>\n<meta property=\"og:description\" content=\"Valresultat 2022\u00a0&#8211; inom S\u00f6derk\u00f6pings kommun Kommunvalet: Valnatt || Prelimin\u00e4r || Slutgiltig Regionvalet: Valnatt || Prelimin\u00e4r || Slutgiltig Riksdagsvalet: Valnatt || Prelimin\u00e4r || Slutgiltig Valresultat\u00a0&#8211; \u00a0(val.se) &nbsp; Valresultat \u2013 Historik (val.se): Valet 2018\" \/>\n<meta property=\"og:url\" content=\"https:\/\/wp.kristdemokraterna.se\/soderkoping\/val2022\/valresultat\/\" \/>\n<meta property=\"og:site_name\" content=\"S\u00f6derk\u00f6ping\" \/>\n<meta property=\"article:modified_time\" content=\"2022-09-11T18:59:49+00:00\" \/>\n<meta property=\"og:image\" content=\"http:\/\/wp.kristdemokraterna.se\/soderkoping\/files\/2021\/01\/kuber.png\" \/>\n<meta name=\"twitter:card\" content=\"summary_large_image\" \/>\n<meta name=\"twitter:label1\" content=\"Ber\u00e4knad l\u00e4stid\" \/>\n\t<meta name=\"twitter:data1\" content=\"1 minut\" \/>\n<script type=\"application\/ld+json\" class=\"yoast-schema-graph\">{\"@context\":\"https:\\\/\\\/schema.org\",\"@graph\":[{\"@type\":\"WebPage\",\"@id\":\"https:\\\/\\\/wp.kristdemokraterna.se\\\/soderkoping\\\/val2022\\\/valresultat\\\/\",\"url\":\"https:\\\/\\\/wp.kristdemokraterna.se\\\/soderkoping\\\/val2022\\\/valresultat\\\/\",\"name\":\"Valresultat 2022 - S\u00f6derk\u00f6ping\",\"isPartOf\":{\"@id\":\"https:\\\/\\\/wp.kristdemokraterna.se\\\/soderkoping\\\/#website\"},\"primaryImageOfPage\":{\"@id\":\"https:\\\/\\\/wp.kristdemokraterna.se\\\/soderkoping\\\/val2022\\\/valresultat\\\/#primaryimage\"},\"image\":{\"@id\":\"https:\\\/\\\/wp.kristdemokraterna.se\\\/soderkoping\\\/val2022\\\/valresultat\\\/#primaryimage\"},\"thumbnailUrl\":\"http:\\\/\\\/wp.kristdemokraterna.se\\\/soderkoping\\\/files\\\/2021\\\/01\\\/kuber.png\",\"datePublished\":\"2022-09-11T17:50:54+00:00\",\"dateModified\":\"2022-09-11T18:59:49+00:00\",\"breadcrumb\":{\"@id\":\"https:\\\/\\\/wp.kristdemokraterna.se\\\/soderkoping\\\/val2022\\\/valresultat\\\/#breadcrumb\"},\"inLanguage\":\"sv-SE\",\"potentialAction\":[{\"@type\":\"ReadAction\",\"target\":[\"https:\\\/\\\/wp.kristdemokraterna.se\\\/soderkoping\\\/val2022\\\/valresultat\\\/\"]}]},{\"@type\":\"ImageObject\",\"inLanguage\":\"sv-SE\",\"@id\":\"https:\\\/\\\/wp.kristdemokraterna.se\\\/soderkoping\\\/val2022\\\/valresultat\\\/#primaryimage\",\"url\":\"http:\\\/\\\/wp.kristdemokraterna.se\\\/soderkoping\\\/files\\\/2021\\\/01\\\/kuber.png\",\"contentUrl\":\"http:\\\/\\\/wp.kristdemokraterna.se\\\/soderkoping\\\/files\\\/2021\\\/01\\\/kuber.png\"},{\"@type\":\"BreadcrumbList\",\"@id\":\"https:\\\/\\\/wp.kristdemokraterna.se\\\/soderkoping\\\/val2022\\\/valresultat\\\/#breadcrumb\",\"itemListElement\":[{\"@type\":\"ListItem\",\"position\":1,\"name\":\"Hem\",\"item\":\"https:\\\/\\\/wp.kristdemokraterna.se\\\/soderkoping\\\/\"},{\"@type\":\"ListItem\",\"position\":2,\"name\":\"Val 11 sept 2022\",\"item\":\"https:\\\/\\\/wp.kristdemokraterna.se\\\/soderkoping\\\/val2022\\\/\"},{\"@type\":\"ListItem\",\"position\":3,\"name\":\"Valresultat 2022\"}]},{\"@type\":\"WebSite\",\"@id\":\"https:\\\/\\\/wp.kristdemokraterna.se\\\/soderkoping\\\/#website\",\"url\":\"https:\\\/\\\/wp.kristdemokraterna.se\\\/soderkoping\\\/\",\"name\":\"S\u00f6derk\u00f6ping\",\"description\":\"Kristdemokraterna\",\"inLanguage\":\"sv-SE\"}]}<\/script>\n<!-- \/ Yoast SEO plugin. -->","yoast_head_json":{"title":"Valresultat 2022 - S\u00f6derk\u00f6ping","robots":{"index":"noindex","follow":"follow","max-snippet":"max-snippet:-1","max-image-preview":"max-image-preview:large","max-video-preview":"max-video-preview:-1"},"og_locale":"sv_SE","og_type":"article","og_title":"Valresultat 2022 - S\u00f6derk\u00f6ping","og_description":"Valresultat 2022\u00a0&#8211; inom S\u00f6derk\u00f6pings kommun Kommunvalet: Valnatt || Prelimin\u00e4r || Slutgiltig Regionvalet: Valnatt || Prelimin\u00e4r || Slutgiltig Riksdagsvalet: Valnatt || Prelimin\u00e4r || Slutgiltig Valresultat\u00a0&#8211; \u00a0(val.se) &nbsp; Valresultat \u2013 Historik (val.se): Valet 2018","og_url":"https:\/\/wp.kristdemokraterna.se\/soderkoping\/val2022\/valresultat\/","og_site_name":"S\u00f6derk\u00f6ping","article_modified_time":"2022-09-11T18:59:49+00:00","og_image":[{"url":"http:\/\/wp.kristdemokraterna.se\/soderkoping\/files\/2021\/01\/kuber.png","type":"","width":"","height":""}],"twitter_card":"summary_large_image","twitter_misc":{"Ber\u00e4knad l\u00e4stid":"1 minut"},"schema":{"@context":"https:\/\/schema.org","@graph":[{"@type":"WebPage","@id":"https:\/\/wp.kristdemokraterna.se\/soderkoping\/val2022\/valresultat\/","url":"https:\/\/wp.kristdemokraterna.se\/soderkoping\/val2022\/valresultat\/","name":"Valresultat 2022 - S\u00f6derk\u00f6ping","isPartOf":{"@id":"https:\/\/wp.kristdemokraterna.se\/soderkoping\/#website"},"primaryImageOfPage":{"@id":"https:\/\/wp.kristdemokraterna.se\/soderkoping\/val2022\/valresultat\/#primaryimage"},"image":{"@id":"https:\/\/wp.kristdemokraterna.se\/soderkoping\/val2022\/valresultat\/#primaryimage"},"thumbnailUrl":"http:\/\/wp.kristdemokraterna.se\/soderkoping\/files\/2021\/01\/kuber.png","datePublished":"2022-09-11T17:50:54+00:00","dateModified":"2022-09-11T18:59:49+00:00","breadcrumb":{"@id":"https:\/\/wp.kristdemokraterna.se\/soderkoping\/val2022\/valresultat\/#breadcrumb"},"inLanguage":"sv-SE","potentialAction":[{"@type":"ReadAction","target":["https:\/\/wp.kristdemokraterna.se\/soderkoping\/val2022\/valresultat\/"]}]},{"@type":"ImageObject","inLanguage":"sv-SE","@id":"https:\/\/wp.kristdemokraterna.se\/soderkoping\/val2022\/valresultat\/#primaryimage","url":"http:\/\/wp.kristdemokraterna.se\/soderkoping\/files\/2021\/01\/kuber.png","contentUrl":"http:\/\/wp.kristdemokraterna.se\/soderkoping\/files\/2021\/01\/kuber.png"},{"@type":"BreadcrumbList","@id":"https:\/\/wp.kristdemokraterna.se\/soderkoping\/val2022\/valresultat\/#breadcrumb","itemListElement":[{"@type":"ListItem","position":1,"name":"Hem","item":"https:\/\/wp.kristdemokraterna.se\/soderkoping\/"},{"@type":"ListItem","position":2,"name":"Val 11 sept 2022","item":"https:\/\/wp.kristdemokraterna.se\/soderkoping\/val2022\/"},{"@type":"ListItem","position":3,"name":"Valresultat 2022"}]},{"@type":"WebSite","@id":"https:\/\/wp.kristdemokraterna.se\/soderkoping\/#website","url":"https:\/\/wp.kristdemokraterna.se\/soderkoping\/","name":"S\u00f6derk\u00f6ping","description":"Kristdemokraterna","inLanguage":"sv-SE"}]}},"_links":{"self":[{"href":"https:\/\/wp.kristdemokraterna.se\/soderkoping\/wp-json\/wp\/v2\/pages\/1175","targetHints":{"allow":["GET"]}}],"collection":[{"href":"https:\/\/wp.kristdemokraterna.se\/soderkoping\/wp-json\/wp\/v2\/pages"}],"about":[{"href":"https:\/\/wp.kristdemokraterna.se\/soderkoping\/wp-json\/wp\/v2\/types\/page"}],"author":[{"embeddable":true,"href":"https:\/\/wp.kristdemokraterna.se\/soderkoping\/wp-json\/wp\/v2\/users\/637"}],"replies":[{"embeddable":true,"href":"https:\/\/wp.kristdemokraterna.se\/soderkoping\/wp-json\/wp\/v2\/comments?post=1175"}],"version-history":[{"count":7,"href":"https:\/\/wp.kristdemokraterna.se\/soderkoping\/wp-json\/wp\/v2\/pages\/1175\/revisions"}],"predecessor-version":[{"id":1178,"href":"https:\/\/wp.kristdemokraterna.se\/soderkoping\/wp-json\/wp\/v2\/pages\/1175\/revisions\/1178"}],"up":[{"embeddable":true,"href":"https:\/\/wp.kristdemokraterna.se\/soderkoping\/wp-json\/wp\/v2\/pages\/895"}],"wp:attachment":[{"href":"https:\/\/wp.kristdemokraterna.se\/soderkoping\/wp-json\/wp\/v2\/media?parent=1175"}],"curies":[{"name":"wp","href":"https:\/\/api.w.org\/{rel}","templated":true}]}}