{"id":1206,"date":"2022-09-08T22:27:38","date_gmt":"2022-09-08T20:27:38","guid":{"rendered":"https:\/\/wp.kristdemokraterna.se\/soderkoping\/?page_id=1206"},"modified":"2022-09-09T22:37:20","modified_gmt":"2022-09-09T20:37:20","slug":"ny-kraft-for-sverige","status":"publish","type":"page","link":"https:\/\/wp.kristdemokraterna.se\/soderkoping\/val2022\/ny-kraft-for-sverige\/","title":{"rendered":"Film: Ny kraft f\u00f6r Sverige (KD riks)"},"content":{"rendered":"<h3><img loading=\"lazy\" decoding=\"async\" class=\"alignnone size-full wp-image-1207\" src=\"http:\/\/wp.kristdemokraterna.se\/soderkoping\/files\/2022\/09\/a081b626-d36a-40f2-890f-7400f5dbba85.png\" alt=\"\" width=\"800\" height=\"342\" srcset=\"https:\/\/wp.kristdemokraterna.se\/soderkoping\/files\/2022\/09\/a081b626-d36a-40f2-890f-7400f5dbba85.png 800w, https:\/\/wp.kristdemokraterna.se\/soderkoping\/files\/2022\/09\/a081b626-d36a-40f2-890f-7400f5dbba85-300x128.png 300w, https:\/\/wp.kristdemokraterna.se\/soderkoping\/files\/2022\/09\/a081b626-d36a-40f2-890f-7400f5dbba85-768x328.png 768w, https:\/\/wp.kristdemokraterna.se\/soderkoping\/files\/2022\/09\/a081b626-d36a-40f2-890f-7400f5dbba85-370x158.png 370w, https:\/\/wp.kristdemokraterna.se\/soderkoping\/files\/2022\/09\/a081b626-d36a-40f2-890f-7400f5dbba85-770x329.png 770w, https:\/\/wp.kristdemokraterna.se\/soderkoping\/files\/2022\/09\/a081b626-d36a-40f2-890f-7400f5dbba85-450x192.png 450w, https:\/\/wp.kristdemokraterna.se\/soderkoping\/files\/2022\/09\/a081b626-d36a-40f2-890f-7400f5dbba85-280x120.png 280w, https:\/\/wp.kristdemokraterna.se\/soderkoping\/files\/2022\/09\/a081b626-d36a-40f2-890f-7400f5dbba85-340x145.png 340w, https:\/\/wp.kristdemokraterna.se\/soderkoping\/files\/2022\/09\/a081b626-d36a-40f2-890f-7400f5dbba85-200x86.png 200w, https:\/\/wp.kristdemokraterna.se\/soderkoping\/files\/2022\/09\/a081b626-d36a-40f2-890f-7400f5dbba85-131x56.png 131w\" sizes=\"auto, (max-width: 800px) 100vw, 800px\" \/>Sverige beh\u00f6ver ny kraft. Det \u00e4r vad det h\u00e4r valet handlar om. Det \u00e4r mycket som brister. Men inte kraften i det svenska folket. Tillsammans bidrar vi varje dag.<\/h3>\n<p><iframe loading=\"lazy\" title=\"Ny kraft f\u00f6r Sverige - Ebba Busch (KD)\" width=\"500\" height=\"281\" src=\"https:\/\/www.youtube.com\/embed\/9y-XOik33gw?feature=oembed\" frameborder=\"0\" allow=\"accelerometer; autoplay; clipboard-write; encrypted-media; gyroscope; picture-in-picture; web-share\" referrerpolicy=\"strict-origin-when-cross-origin\" allowfullscreen><\/iframe><\/p>\n<p>Sverige beh\u00f6ver ny kraft. Det \u00e4r vad det h\u00e4r valet handlar om. Det \u00e4r mycket som brister. Men inte kraften i det svenska folket. Tillsammans bidrar vi varje dag. I v\u00e5rden. P\u00e5 bygget. G\u00e5rdar och kontor. Gruvor och gator.<\/p>\n<p class=\"font-normal\">N\u00e4r det kommer till kritan s\u00e5 vill vi ju det stora flertalet samma sak. Att or\u00e4ttvisor ska st\u00e4llas till r\u00e4tta. Att det som \u00e4r trasigt ska bli helt. L\u00e5t ett nytt ledarskap frig\u00f6ra den kraft som finns hos m\u00e4nniskor i v\u00e5rt land. Ge ny kraft till Sverige.<\/p>\n","protected":false},"excerpt":{"rendered":"<p>Sverige beh\u00f6ver ny kraft. Det \u00e4r vad det h\u00e4r valet handlar om. Det \u00e4r mycket som brister. Men inte kraften i det svenska folket. Tillsammans bidrar vi varje dag. Sverige beh\u00f6ver ny kraft. Det \u00e4r vad det h\u00e4r valet handlar om. Det \u00e4r mycket som brister. Men inte kraften i det svenska folket. Tillsammans bidrar <a class=\"read-more-link\" href=\"https:\/\/wp.kristdemokraterna.se\/soderkoping\/val2022\/ny-kraft-for-sverige\/\">Read More<\/a><\/p>\n","protected":false},"author":637,"featured_media":0,"parent":895,"menu_order":4,"comment_status":"closed","ping_status":"closed","template":"","meta":{"_acf_changed":false,"footnotes":""},"class_list":["post-1206","page","type-page","status-publish","hentry"],"acf":[],"yoast_head":"<!-- This site is optimized with the Yoast SEO plugin v27.4 - https:\/\/yoast.com\/product\/yoast-seo-wordpress\/ -->\n<title>Film: Ny kraft f\u00f6r Sverige (KD riks) - S\u00f6derk\u00f6ping<\/title>\n<meta name=\"robots\" content=\"noindex, follow, max-snippet:-1, max-image-preview:large, max-video-preview:-1\" \/>\n<meta property=\"og:locale\" content=\"sv_SE\" \/>\n<meta property=\"og:type\" content=\"article\" \/>\n<meta property=\"og:title\" content=\"Film: Ny kraft f\u00f6r Sverige (KD riks) - S\u00f6derk\u00f6ping\" \/>\n<meta property=\"og:description\" content=\"Sverige beh\u00f6ver ny kraft. Det \u00e4r vad det h\u00e4r valet handlar om. Det \u00e4r mycket som brister. Men inte kraften i det svenska folket. Tillsammans bidrar vi varje dag. Sverige beh\u00f6ver ny kraft. Det \u00e4r vad det h\u00e4r valet handlar om. Det \u00e4r mycket som brister. Men inte kraften i det svenska folket. Tillsammans bidrar Read More\" \/>\n<meta property=\"og:url\" content=\"https:\/\/wp.kristdemokraterna.se\/soderkoping\/val2022\/ny-kraft-for-sverige\/\" \/>\n<meta property=\"og:site_name\" content=\"S\u00f6derk\u00f6ping\" \/>\n<meta property=\"article:modified_time\" content=\"2022-09-09T20:37:20+00:00\" \/>\n<meta property=\"og:image\" content=\"http:\/\/wp.kristdemokraterna.se\/soderkoping\/files\/2022\/09\/a081b626-d36a-40f2-890f-7400f5dbba85.png\" \/>\n<meta name=\"twitter:card\" content=\"summary_large_image\" \/>\n<meta name=\"twitter:label1\" content=\"Ber\u00e4knad l\u00e4stid\" \/>\n\t<meta name=\"twitter:data1\" content=\"1 minut\" \/>\n<script type=\"application\/ld+json\" class=\"yoast-schema-graph\">{\"@context\":\"https:\\\/\\\/schema.org\",\"@graph\":[{\"@type\":\"WebPage\",\"@id\":\"https:\\\/\\\/wp.kristdemokraterna.se\\\/soderkoping\\\/val2022\\\/ny-kraft-for-sverige\\\/\",\"url\":\"https:\\\/\\\/wp.kristdemokraterna.se\\\/soderkoping\\\/val2022\\\/ny-kraft-for-sverige\\\/\",\"name\":\"Film: Ny kraft f\u00f6r Sverige (KD riks) - S\u00f6derk\u00f6ping\",\"isPartOf\":{\"@id\":\"https:\\\/\\\/wp.kristdemokraterna.se\\\/soderkoping\\\/#website\"},\"primaryImageOfPage\":{\"@id\":\"https:\\\/\\\/wp.kristdemokraterna.se\\\/soderkoping\\\/val2022\\\/ny-kraft-for-sverige\\\/#primaryimage\"},\"image\":{\"@id\":\"https:\\\/\\\/wp.kristdemokraterna.se\\\/soderkoping\\\/val2022\\\/ny-kraft-for-sverige\\\/#primaryimage\"},\"thumbnailUrl\":\"http:\\\/\\\/wp.kristdemokraterna.se\\\/soderkoping\\\/files\\\/2022\\\/09\\\/a081b626-d36a-40f2-890f-7400f5dbba85.png\",\"datePublished\":\"2022-09-08T20:27:38+00:00\",\"dateModified\":\"2022-09-09T20:37:20+00:00\",\"breadcrumb\":{\"@id\":\"https:\\\/\\\/wp.kristdemokraterna.se\\\/soderkoping\\\/val2022\\\/ny-kraft-for-sverige\\\/#breadcrumb\"},\"inLanguage\":\"sv-SE\",\"potentialAction\":[{\"@type\":\"ReadAction\",\"target\":[\"https:\\\/\\\/wp.kristdemokraterna.se\\\/soderkoping\\\/val2022\\\/ny-kraft-for-sverige\\\/\"]}]},{\"@type\":\"ImageObject\",\"inLanguage\":\"sv-SE\",\"@id\":\"https:\\\/\\\/wp.kristdemokraterna.se\\\/soderkoping\\\/val2022\\\/ny-kraft-for-sverige\\\/#primaryimage\",\"url\":\"http:\\\/\\\/wp.kristdemokraterna.se\\\/soderkoping\\\/files\\\/2022\\\/09\\\/a081b626-d36a-40f2-890f-7400f5dbba85.png\",\"contentUrl\":\"http:\\\/\\\/wp.kristdemokraterna.se\\\/soderkoping\\\/files\\\/2022\\\/09\\\/a081b626-d36a-40f2-890f-7400f5dbba85.png\"},{\"@type\":\"BreadcrumbList\",\"@id\":\"https:\\\/\\\/wp.kristdemokraterna.se\\\/soderkoping\\\/val2022\\\/ny-kraft-for-sverige\\\/#breadcrumb\",\"itemListElement\":[{\"@type\":\"ListItem\",\"position\":1,\"name\":\"Hem\",\"item\":\"https:\\\/\\\/wp.kristdemokraterna.se\\\/soderkoping\\\/\"},{\"@type\":\"ListItem\",\"position\":2,\"name\":\"Val 11 sept 2022\",\"item\":\"https:\\\/\\\/wp.kristdemokraterna.se\\\/soderkoping\\\/val2022\\\/\"},{\"@type\":\"ListItem\",\"position\":3,\"name\":\"Film: Ny kraft f\u00f6r Sverige (KD riks)\"}]},{\"@type\":\"WebSite\",\"@id\":\"https:\\\/\\\/wp.kristdemokraterna.se\\\/soderkoping\\\/#website\",\"url\":\"https:\\\/\\\/wp.kristdemokraterna.se\\\/soderkoping\\\/\",\"name\":\"S\u00f6derk\u00f6ping\",\"description\":\"Kristdemokraterna\",\"inLanguage\":\"sv-SE\"}]}<\/script>\n<!-- \/ Yoast SEO plugin. -->","yoast_head_json":{"title":"Film: Ny kraft f\u00f6r Sverige (KD riks) - S\u00f6derk\u00f6ping","robots":{"index":"noindex","follow":"follow","max-snippet":"max-snippet:-1","max-image-preview":"max-image-preview:large","max-video-preview":"max-video-preview:-1"},"og_locale":"sv_SE","og_type":"article","og_title":"Film: Ny kraft f\u00f6r Sverige (KD riks) - S\u00f6derk\u00f6ping","og_description":"Sverige beh\u00f6ver ny kraft. Det \u00e4r vad det h\u00e4r valet handlar om. Det \u00e4r mycket som brister. Men inte kraften i det svenska folket. Tillsammans bidrar vi varje dag. Sverige beh\u00f6ver ny kraft. Det \u00e4r vad det h\u00e4r valet handlar om. Det \u00e4r mycket som brister. Men inte kraften i det svenska folket. Tillsammans bidrar Read More","og_url":"https:\/\/wp.kristdemokraterna.se\/soderkoping\/val2022\/ny-kraft-for-sverige\/","og_site_name":"S\u00f6derk\u00f6ping","article_modified_time":"2022-09-09T20:37:20+00:00","og_image":[{"url":"http:\/\/wp.kristdemokraterna.se\/soderkoping\/files\/2022\/09\/a081b626-d36a-40f2-890f-7400f5dbba85.png","type":"","width":"","height":""}],"twitter_card":"summary_large_image","twitter_misc":{"Ber\u00e4knad l\u00e4stid":"1 minut"},"schema":{"@context":"https:\/\/schema.org","@graph":[{"@type":"WebPage","@id":"https:\/\/wp.kristdemokraterna.se\/soderkoping\/val2022\/ny-kraft-for-sverige\/","url":"https:\/\/wp.kristdemokraterna.se\/soderkoping\/val2022\/ny-kraft-for-sverige\/","name":"Film: Ny kraft f\u00f6r Sverige (KD riks) - S\u00f6derk\u00f6ping","isPartOf":{"@id":"https:\/\/wp.kristdemokraterna.se\/soderkoping\/#website"},"primaryImageOfPage":{"@id":"https:\/\/wp.kristdemokraterna.se\/soderkoping\/val2022\/ny-kraft-for-sverige\/#primaryimage"},"image":{"@id":"https:\/\/wp.kristdemokraterna.se\/soderkoping\/val2022\/ny-kraft-for-sverige\/#primaryimage"},"thumbnailUrl":"http:\/\/wp.kristdemokraterna.se\/soderkoping\/files\/2022\/09\/a081b626-d36a-40f2-890f-7400f5dbba85.png","datePublished":"2022-09-08T20:27:38+00:00","dateModified":"2022-09-09T20:37:20+00:00","breadcrumb":{"@id":"https:\/\/wp.kristdemokraterna.se\/soderkoping\/val2022\/ny-kraft-for-sverige\/#breadcrumb"},"inLanguage":"sv-SE","potentialAction":[{"@type":"ReadAction","target":["https:\/\/wp.kristdemokraterna.se\/soderkoping\/val2022\/ny-kraft-for-sverige\/"]}]},{"@type":"ImageObject","inLanguage":"sv-SE","@id":"https:\/\/wp.kristdemokraterna.se\/soderkoping\/val2022\/ny-kraft-for-sverige\/#primaryimage","url":"http:\/\/wp.kristdemokraterna.se\/soderkoping\/files\/2022\/09\/a081b626-d36a-40f2-890f-7400f5dbba85.png","contentUrl":"http:\/\/wp.kristdemokraterna.se\/soderkoping\/files\/2022\/09\/a081b626-d36a-40f2-890f-7400f5dbba85.png"},{"@type":"BreadcrumbList","@id":"https:\/\/wp.kristdemokraterna.se\/soderkoping\/val2022\/ny-kraft-for-sverige\/#breadcrumb","itemListElement":[{"@type":"ListItem","position":1,"name":"Hem","item":"https:\/\/wp.kristdemokraterna.se\/soderkoping\/"},{"@type":"ListItem","position":2,"name":"Val 11 sept 2022","item":"https:\/\/wp.kristdemokraterna.se\/soderkoping\/val2022\/"},{"@type":"ListItem","position":3,"name":"Film: Ny kraft f\u00f6r Sverige (KD riks)"}]},{"@type":"WebSite","@id":"https:\/\/wp.kristdemokraterna.se\/soderkoping\/#website","url":"https:\/\/wp.kristdemokraterna.se\/soderkoping\/","name":"S\u00f6derk\u00f6ping","description":"Kristdemokraterna","inLanguage":"sv-SE"}]}},"_links":{"self":[{"href":"https:\/\/wp.kristdemokraterna.se\/soderkoping\/wp-json\/wp\/v2\/pages\/1206","targetHints":{"allow":["GET"]}}],"collection":[{"href":"https:\/\/wp.kristdemokraterna.se\/soderkoping\/wp-json\/wp\/v2\/pages"}],"about":[{"href":"https:\/\/wp.kristdemokraterna.se\/soderkoping\/wp-json\/wp\/v2\/types\/page"}],"author":[{"embeddable":true,"href":"https:\/\/wp.kristdemokraterna.se\/soderkoping\/wp-json\/wp\/v2\/users\/637"}],"replies":[{"embeddable":true,"href":"https:\/\/wp.kristdemokraterna.se\/soderkoping\/wp-json\/wp\/v2\/comments?post=1206"}],"version-history":[{"count":2,"href":"https:\/\/wp.kristdemokraterna.se\/soderkoping\/wp-json\/wp\/v2\/pages\/1206\/revisions"}],"predecessor-version":[{"id":1212,"href":"https:\/\/wp.kristdemokraterna.se\/soderkoping\/wp-json\/wp\/v2\/pages\/1206\/revisions\/1212"}],"up":[{"embeddable":true,"href":"https:\/\/wp.kristdemokraterna.se\/soderkoping\/wp-json\/wp\/v2\/pages\/895"}],"wp:attachment":[{"href":"https:\/\/wp.kristdemokraterna.se\/soderkoping\/wp-json\/wp\/v2\/media?parent=1206"}],"curies":[{"name":"wp","href":"https:\/\/api.w.org\/{rel}","templated":true}]}}