{"id":1209,"date":"2022-09-09T22:35:34","date_gmt":"2022-09-09T20:35:34","guid":{"rendered":"https:\/\/wp.kristdemokraterna.se\/soderkoping\/?page_id=1209"},"modified":"2022-09-09T22:39:47","modified_gmt":"2022-09-09T20:39:47","slug":"valfilm-2022","status":"publish","type":"page","link":"https:\/\/wp.kristdemokraterna.se\/soderkoping\/val2022\/valfilm-2022\/","title":{"rendered":"Valfilm 2022 (KD riks)"},"content":{"rendered":"<h3><img loading=\"lazy\" decoding=\"async\" class=\"alignnone size-full wp-image-1210\" src=\"http:\/\/wp.kristdemokraterna.se\/soderkoping\/files\/2022\/09\/97ff74a5-9bda-487e-bb4e-0a20b7fb2bca.png\" alt=\"\" width=\"800\" height=\"342\" srcset=\"https:\/\/wp.kristdemokraterna.se\/soderkoping\/files\/2022\/09\/97ff74a5-9bda-487e-bb4e-0a20b7fb2bca.png 800w, https:\/\/wp.kristdemokraterna.se\/soderkoping\/files\/2022\/09\/97ff74a5-9bda-487e-bb4e-0a20b7fb2bca-300x128.png 300w, https:\/\/wp.kristdemokraterna.se\/soderkoping\/files\/2022\/09\/97ff74a5-9bda-487e-bb4e-0a20b7fb2bca-768x328.png 768w, https:\/\/wp.kristdemokraterna.se\/soderkoping\/files\/2022\/09\/97ff74a5-9bda-487e-bb4e-0a20b7fb2bca-370x158.png 370w, https:\/\/wp.kristdemokraterna.se\/soderkoping\/files\/2022\/09\/97ff74a5-9bda-487e-bb4e-0a20b7fb2bca-770x329.png 770w, https:\/\/wp.kristdemokraterna.se\/soderkoping\/files\/2022\/09\/97ff74a5-9bda-487e-bb4e-0a20b7fb2bca-450x192.png 450w, https:\/\/wp.kristdemokraterna.se\/soderkoping\/files\/2022\/09\/97ff74a5-9bda-487e-bb4e-0a20b7fb2bca-280x120.png 280w, https:\/\/wp.kristdemokraterna.se\/soderkoping\/files\/2022\/09\/97ff74a5-9bda-487e-bb4e-0a20b7fb2bca-340x145.png 340w, https:\/\/wp.kristdemokraterna.se\/soderkoping\/files\/2022\/09\/97ff74a5-9bda-487e-bb4e-0a20b7fb2bca-200x86.png 200w, https:\/\/wp.kristdemokraterna.se\/soderkoping\/files\/2022\/09\/97ff74a5-9bda-487e-bb4e-0a20b7fb2bca-131x56.png 131w\" sizes=\"auto, (max-width: 800px) 100vw, 800px\" \/>Kristdemokraternas valfilm f\u00f6r valet 2022.<\/h3>\n<p><iframe loading=\"lazy\" title=\"KD: Vi \u00e4r m\u00e5nga som k\u00e4mpar\" width=\"500\" height=\"281\" src=\"https:\/\/www.youtube.com\/embed\/WMaU697DnMk?feature=oembed\" frameborder=\"0\" allow=\"accelerometer; autoplay; clipboard-write; encrypted-media; gyroscope; picture-in-picture; web-share\" referrerpolicy=\"strict-origin-when-cross-origin\" allowfullscreen><\/iframe><\/p>\n","protected":false},"excerpt":{"rendered":"<p>Kristdemokraternas valfilm f\u00f6r valet 2022.<\/p>\n","protected":false},"author":637,"featured_media":0,"parent":895,"menu_order":5,"comment_status":"closed","ping_status":"closed","template":"","meta":{"_acf_changed":false,"footnotes":""},"class_list":["post-1209","page","type-page","status-publish","hentry"],"acf":[],"yoast_head":"<!-- This site is optimized with the Yoast SEO plugin v27.4 - https:\/\/yoast.com\/product\/yoast-seo-wordpress\/ -->\n<title>Valfilm 2022 (KD riks) - S\u00f6derk\u00f6ping<\/title>\n<meta name=\"robots\" content=\"noindex, follow, max-snippet:-1, max-image-preview:large, max-video-preview:-1\" \/>\n<meta property=\"og:locale\" content=\"sv_SE\" \/>\n<meta property=\"og:type\" content=\"article\" \/>\n<meta property=\"og:title\" content=\"Valfilm 2022 (KD riks) - S\u00f6derk\u00f6ping\" \/>\n<meta property=\"og:description\" content=\"Kristdemokraternas valfilm f\u00f6r valet 2022.\" \/>\n<meta property=\"og:url\" content=\"https:\/\/wp.kristdemokraterna.se\/soderkoping\/val2022\/valfilm-2022\/\" \/>\n<meta property=\"og:site_name\" content=\"S\u00f6derk\u00f6ping\" \/>\n<meta property=\"article:modified_time\" content=\"2022-09-09T20:39:47+00:00\" \/>\n<meta property=\"og:image\" content=\"http:\/\/wp.kristdemokraterna.se\/soderkoping\/files\/2022\/09\/97ff74a5-9bda-487e-bb4e-0a20b7fb2bca.png\" \/>\n<meta name=\"twitter:card\" content=\"summary_large_image\" \/>\n<meta name=\"twitter:label1\" content=\"Ber\u00e4knad l\u00e4stid\" \/>\n\t<meta name=\"twitter:data1\" content=\"1 minut\" \/>\n<script type=\"application\/ld+json\" class=\"yoast-schema-graph\">{\"@context\":\"https:\\\/\\\/schema.org\",\"@graph\":[{\"@type\":\"WebPage\",\"@id\":\"https:\\\/\\\/wp.kristdemokraterna.se\\\/soderkoping\\\/val2022\\\/valfilm-2022\\\/\",\"url\":\"https:\\\/\\\/wp.kristdemokraterna.se\\\/soderkoping\\\/val2022\\\/valfilm-2022\\\/\",\"name\":\"Valfilm 2022 (KD riks) - S\u00f6derk\u00f6ping\",\"isPartOf\":{\"@id\":\"https:\\\/\\\/wp.kristdemokraterna.se\\\/soderkoping\\\/#website\"},\"primaryImageOfPage\":{\"@id\":\"https:\\\/\\\/wp.kristdemokraterna.se\\\/soderkoping\\\/val2022\\\/valfilm-2022\\\/#primaryimage\"},\"image\":{\"@id\":\"https:\\\/\\\/wp.kristdemokraterna.se\\\/soderkoping\\\/val2022\\\/valfilm-2022\\\/#primaryimage\"},\"thumbnailUrl\":\"http:\\\/\\\/wp.kristdemokraterna.se\\\/soderkoping\\\/files\\\/2022\\\/09\\\/97ff74a5-9bda-487e-bb4e-0a20b7fb2bca.png\",\"datePublished\":\"2022-09-09T20:35:34+00:00\",\"dateModified\":\"2022-09-09T20:39:47+00:00\",\"breadcrumb\":{\"@id\":\"https:\\\/\\\/wp.kristdemokraterna.se\\\/soderkoping\\\/val2022\\\/valfilm-2022\\\/#breadcrumb\"},\"inLanguage\":\"sv-SE\",\"potentialAction\":[{\"@type\":\"ReadAction\",\"target\":[\"https:\\\/\\\/wp.kristdemokraterna.se\\\/soderkoping\\\/val2022\\\/valfilm-2022\\\/\"]}]},{\"@type\":\"ImageObject\",\"inLanguage\":\"sv-SE\",\"@id\":\"https:\\\/\\\/wp.kristdemokraterna.se\\\/soderkoping\\\/val2022\\\/valfilm-2022\\\/#primaryimage\",\"url\":\"http:\\\/\\\/wp.kristdemokraterna.se\\\/soderkoping\\\/files\\\/2022\\\/09\\\/97ff74a5-9bda-487e-bb4e-0a20b7fb2bca.png\",\"contentUrl\":\"http:\\\/\\\/wp.kristdemokraterna.se\\\/soderkoping\\\/files\\\/2022\\\/09\\\/97ff74a5-9bda-487e-bb4e-0a20b7fb2bca.png\"},{\"@type\":\"BreadcrumbList\",\"@id\":\"https:\\\/\\\/wp.kristdemokraterna.se\\\/soderkoping\\\/val2022\\\/valfilm-2022\\\/#breadcrumb\",\"itemListElement\":[{\"@type\":\"ListItem\",\"position\":1,\"name\":\"Hem\",\"item\":\"https:\\\/\\\/wp.kristdemokraterna.se\\\/soderkoping\\\/\"},{\"@type\":\"ListItem\",\"position\":2,\"name\":\"Val 11 sept 2022\",\"item\":\"https:\\\/\\\/wp.kristdemokraterna.se\\\/soderkoping\\\/val2022\\\/\"},{\"@type\":\"ListItem\",\"position\":3,\"name\":\"Valfilm 2022 (KD riks)\"}]},{\"@type\":\"WebSite\",\"@id\":\"https:\\\/\\\/wp.kristdemokraterna.se\\\/soderkoping\\\/#website\",\"url\":\"https:\\\/\\\/wp.kristdemokraterna.se\\\/soderkoping\\\/\",\"name\":\"S\u00f6derk\u00f6ping\",\"description\":\"Kristdemokraterna\",\"inLanguage\":\"sv-SE\"}]}<\/script>\n<!-- \/ Yoast SEO plugin. -->","yoast_head_json":{"title":"Valfilm 2022 (KD riks) - S\u00f6derk\u00f6ping","robots":{"index":"noindex","follow":"follow","max-snippet":"max-snippet:-1","max-image-preview":"max-image-preview:large","max-video-preview":"max-video-preview:-1"},"og_locale":"sv_SE","og_type":"article","og_title":"Valfilm 2022 (KD riks) - S\u00f6derk\u00f6ping","og_description":"Kristdemokraternas valfilm f\u00f6r valet 2022.","og_url":"https:\/\/wp.kristdemokraterna.se\/soderkoping\/val2022\/valfilm-2022\/","og_site_name":"S\u00f6derk\u00f6ping","article_modified_time":"2022-09-09T20:39:47+00:00","og_image":[{"url":"http:\/\/wp.kristdemokraterna.se\/soderkoping\/files\/2022\/09\/97ff74a5-9bda-487e-bb4e-0a20b7fb2bca.png","type":"","width":"","height":""}],"twitter_card":"summary_large_image","twitter_misc":{"Ber\u00e4knad l\u00e4stid":"1 minut"},"schema":{"@context":"https:\/\/schema.org","@graph":[{"@type":"WebPage","@id":"https:\/\/wp.kristdemokraterna.se\/soderkoping\/val2022\/valfilm-2022\/","url":"https:\/\/wp.kristdemokraterna.se\/soderkoping\/val2022\/valfilm-2022\/","name":"Valfilm 2022 (KD riks) - S\u00f6derk\u00f6ping","isPartOf":{"@id":"https:\/\/wp.kristdemokraterna.se\/soderkoping\/#website"},"primaryImageOfPage":{"@id":"https:\/\/wp.kristdemokraterna.se\/soderkoping\/val2022\/valfilm-2022\/#primaryimage"},"image":{"@id":"https:\/\/wp.kristdemokraterna.se\/soderkoping\/val2022\/valfilm-2022\/#primaryimage"},"thumbnailUrl":"http:\/\/wp.kristdemokraterna.se\/soderkoping\/files\/2022\/09\/97ff74a5-9bda-487e-bb4e-0a20b7fb2bca.png","datePublished":"2022-09-09T20:35:34+00:00","dateModified":"2022-09-09T20:39:47+00:00","breadcrumb":{"@id":"https:\/\/wp.kristdemokraterna.se\/soderkoping\/val2022\/valfilm-2022\/#breadcrumb"},"inLanguage":"sv-SE","potentialAction":[{"@type":"ReadAction","target":["https:\/\/wp.kristdemokraterna.se\/soderkoping\/val2022\/valfilm-2022\/"]}]},{"@type":"ImageObject","inLanguage":"sv-SE","@id":"https:\/\/wp.kristdemokraterna.se\/soderkoping\/val2022\/valfilm-2022\/#primaryimage","url":"http:\/\/wp.kristdemokraterna.se\/soderkoping\/files\/2022\/09\/97ff74a5-9bda-487e-bb4e-0a20b7fb2bca.png","contentUrl":"http:\/\/wp.kristdemokraterna.se\/soderkoping\/files\/2022\/09\/97ff74a5-9bda-487e-bb4e-0a20b7fb2bca.png"},{"@type":"BreadcrumbList","@id":"https:\/\/wp.kristdemokraterna.se\/soderkoping\/val2022\/valfilm-2022\/#breadcrumb","itemListElement":[{"@type":"ListItem","position":1,"name":"Hem","item":"https:\/\/wp.kristdemokraterna.se\/soderkoping\/"},{"@type":"ListItem","position":2,"name":"Val 11 sept 2022","item":"https:\/\/wp.kristdemokraterna.se\/soderkoping\/val2022\/"},{"@type":"ListItem","position":3,"name":"Valfilm 2022 (KD riks)"}]},{"@type":"WebSite","@id":"https:\/\/wp.kristdemokraterna.se\/soderkoping\/#website","url":"https:\/\/wp.kristdemokraterna.se\/soderkoping\/","name":"S\u00f6derk\u00f6ping","description":"Kristdemokraterna","inLanguage":"sv-SE"}]}},"_links":{"self":[{"href":"https:\/\/wp.kristdemokraterna.se\/soderkoping\/wp-json\/wp\/v2\/pages\/1209","targetHints":{"allow":["GET"]}}],"collection":[{"href":"https:\/\/wp.kristdemokraterna.se\/soderkoping\/wp-json\/wp\/v2\/pages"}],"about":[{"href":"https:\/\/wp.kristdemokraterna.se\/soderkoping\/wp-json\/wp\/v2\/types\/page"}],"author":[{"embeddable":true,"href":"https:\/\/wp.kristdemokraterna.se\/soderkoping\/wp-json\/wp\/v2\/users\/637"}],"replies":[{"embeddable":true,"href":"https:\/\/wp.kristdemokraterna.se\/soderkoping\/wp-json\/wp\/v2\/comments?post=1209"}],"version-history":[{"count":3,"href":"https:\/\/wp.kristdemokraterna.se\/soderkoping\/wp-json\/wp\/v2\/pages\/1209\/revisions"}],"predecessor-version":[{"id":1214,"href":"https:\/\/wp.kristdemokraterna.se\/soderkoping\/wp-json\/wp\/v2\/pages\/1209\/revisions\/1214"}],"up":[{"embeddable":true,"href":"https:\/\/wp.kristdemokraterna.se\/soderkoping\/wp-json\/wp\/v2\/pages\/895"}],"wp:attachment":[{"href":"https:\/\/wp.kristdemokraterna.se\/soderkoping\/wp-json\/wp\/v2\/media?parent=1209"}],"curies":[{"name":"wp","href":"https:\/\/api.w.org\/{rel}","templated":true}]}}