{"id":1235,"date":"2022-09-30T01:02:52","date_gmt":"2022-09-29T23:02:52","guid":{"rendered":"https:\/\/wp.kristdemokraterna.se\/soderkoping\/?page_id=1235"},"modified":"2024-02-14T00:57:15","modified_gmt":"2024-02-13T23:57:15","slug":"fortroendevalda-2022-2026","status":"publish","type":"page","link":"https:\/\/wp.kristdemokraterna.se\/soderkoping\/om-oss\/fortroendevalda-2022-2026\/","title":{"rendered":"F\u00f6rtroendevalda 2022-2026"},"content":{"rendered":"<p style=\"text-align: right\"><em>S\u00f6derk\u00f6pings kommun 2022-2026<\/em><\/p>\n<p>I valet till kommunfullm\u00e4ktige i S\u00f6derk\u00f6ping 2022 s\u00e5 fick Kristdemokraterna 7,06 % av r\u00f6sterna. Det gav oss f\u00f6ljande representation i n\u00e4mnder och styrelser i S\u00f6derk\u00f6pings kommun f\u00f6r mandatperioden 2022-2026.<\/p>\n<p><strong>Kommunfullm\u00e4ktige\u00a0<\/strong>(<span style=\"color: #ff0000\">tom okt 2026<\/span>)<br \/>\nAnders Eksmo, ledamot, ordf\u00f6rande, gruppledare<br \/>\nErik Jakobsson, ledamot, vice gruppledare<br \/>\nEvelina Nilsson, ledamot<br \/>\nElvira Wibeck, 1:e ers\u00e4ttare<br \/>\nJohanna Englund, 2:e ers\u00e4ttare<\/p>\n<p><b>Val- och arvodesberedning<\/b><br \/>\nErik Jakobsson, ledamot (<span style=\"color: #ff0000\">from 26 okt 2022<\/span>)<\/p>\n<p><b>Kommunstyrelsen <\/b>(<span style=\"color: #ff0000\">from Jan 2023<\/span>)<br \/>\nAnders Eksmo, ledamot<br \/>\nEvelina Nilsson, ers\u00e4ttare<br \/>\nElvira Wibeck, ers\u00e4ttare<\/p>\n<p><b>Krisledningsn\u00e4mnden<\/b><br \/>\nAnders Eksmo, ledamot<br \/>\nEvelina Nilsson, ers\u00e4ttare<\/p>\n<p><b>Valn\u00e4mnden<\/b><br \/>\nBengt-Ove Karlsson, ledamot, ordf\u00f6rande<br \/>\nBj\u00f6rn Englund, ers\u00e4ttare<\/p>\n<p><b>Barn- och Utbildningsn\u00e4mnden<\/b><br \/>\nMagnus Skott, ledamot (from 2023-12-11)<br \/>\n\u00c5sa Turesson, ers\u00e4ttare (from 2023-12-11)<br \/>\n<em><span style=\"color: #999999\">Fredrik Wefl\u00f6, ledamot (2023-01-01\u20132023-12-11)<br \/>\n<\/span><span style=\"color: #999999\">Magnus Skott, ers\u00e4ttare (2023-09-11\u20132023-12-11)<\/span><\/em><br \/>\n<span style=\"color: #999999\"><em>Aage Lindfors, ers\u00e4ttare (2023-01-01\u20142023-06-19)<\/em><\/span><\/p>\n<p><b>Socialn\u00e4mnden<\/b><br \/>\nEvelina Nilsson ledamot, ordf\u00f6rande<br \/>\n\u00c5sa Turesson, ledamot (from 2023-09-11)<br \/>\nGerd Lindfors, ers\u00e4ttare<br \/>\n<span style=\"color: #999999\"><em>Robert Stipesevic, ledamot (2023-01-01\u20142023-09-11)<\/em><\/span><\/p>\n<p class=\"p1\"><span class=\"s1\"><b>Socialn\u00e4mndens individutskott<\/b><br \/>\n<\/span><span class=\"s1\">Evelina Nilsson, ledamot, ordf\u00f6rande<\/span><\/p>\n<p><b>Samh\u00e4llsbyggnadsn\u00e4mnden<\/b><br \/>\nPia Sindahl, ledamot<br \/>\nJohanna Englund, ers\u00e4ttare<\/p>\n<p class=\"p1\"><span class=\"s1\"><b>Samh\u00e4llsbyggnadsn\u00e4mndens myndighetsutskott\u00a0<\/b><br \/>\n<\/span><span class=\"s1\">Johanna Englund, ledamot<br \/>\n<\/span><span class=\"s1\">Pia Sindahl, ers\u00e4ttare<\/span><\/p>\n<p><b>Servicen\u00e4mnden<\/b><br \/>\nErik Jakobsson, ledamot, 1:e vice ordf\u00f6rande<br \/>\nBj\u00f6rn Englund, ers\u00e4ttare<\/p>\n<p><b>Demokratiberedningen<\/b><br \/>\nAnders Eksmo, ledamot, ordf\u00f6rande<br \/>\nFredrik L\u00f6nnberg, ledamot<\/p>\n<p><strong>Styrelsen f\u00f6r Ramunderstaden AB<\/strong> (<a href=\"http:\/\/www.ramunderstaden.se\/\" target=\"_blank\" rel=\"noopener\">&gt;&gt;<\/a>) &#8221;ord. Bolagsst\u00e4mma 2023-2026&#8221;<br \/>\nBengt-Ove Karlsson, ledamot<\/p>\n<p><strong>Styrelsen f\u00f6r Samordningsf\u00f6rbundet \u00d6stra \u00d6sterg\u00f6tland<\/strong>\u00a0{Finsp\u00e5ng, Norrk\u00f6ping, S\u00f6derk\u00f6ping och Valdemarsvik} (<a href=\"https:\/\/soo.samordning.org\/\" target=\"_blank\" rel=\"noopener\">&gt;&gt;<\/a>)<br \/>\nEvelina Nilsson, ledamot<\/p>\n<p class=\"p1\"><span class=\"s1\"><b>Styrelsen f\u00f6r Schwerin-Hagbergska donationsfonden<\/b><br \/>\n<\/span>Lilian Vendel, ers\u00e4ttare<\/p>\n<p><b>N\u00e4tverket f\u00f6r L\u00e4nskommitt\u00e9n Sveriges Nationaldag i \u00d6sterg\u00f6tlands l\u00e4n<\/b> (<a href=\"https:\/\/www.lansstyrelsen.se\/ostergotland\" target=\"_blank\" rel=\"noopener\">&gt;&gt;<\/a>)<br \/>\nAnders Eksmo, ledamot<\/p>\n<p>&nbsp;<\/p>\n<hr \/>\n<p style=\"text-align: right\"><em>Region \u00d6sterg\u00f6tland 2022-2026<\/em><br \/>\n<em>Valkrets 3 Kinda, \u00c5tvid, Valdemarsvik, S\u00f6derk\u00f6ping<\/em><\/p>\n<p>I valet till regionfullm\u00e4ktige i Kinda, \u00c5tvid, Valdemarsvik, S\u00f6derk\u00f6ping valkrets 2022 s\u00e5 fick Kristdemokraterna 10,05 % \u201d<em>hela regionen 8,31 %<\/em>\u201d av r\u00f6sterna. Det gav oss f\u00f6ljande representation i n\u00e4mnder och styrelser i Region \u00d6sterg\u00f6tland f\u00f6r mandatperioden 2022-2026.<\/p>\n<p><b>Regionfullm\u00e4ktige <\/b>(<span style=\"color: #ff0000\">fr.o.m 1 nov 2022<\/span>)<br \/>\nAnders Eksmo, 1:e ers\u00e4ttare<br \/>\nEvelina Nilsson, 2:e ers\u00e4ttare<br \/>\n<i>Elvira Wibeck, ledamot (vald i Valkrets 2 Norrk\u00f6ping)<br \/>\nAnders Eksmo, 1:e ers\u00e4ttare (\u00e4ven vald i Valkrets 2 Norrk\u00f6ping)<\/i><\/p>\n<p><strong>Regionfullm\u00e4ktiges presidium<\/strong> (<span style=\"color: #ff0000\">fr.o.m 1 nov 2022<\/span>)<br \/>\nElvira Wibeck, ledamot, 1:e vice ordf\u00f6rande<\/p>\n<p><b>Regionstyrelsen <\/b>(<span style=\"color: #ff0000\">fr.o.m 1 nov 2022<\/span>)<br \/>\nAnders Eksmo, ledamot<\/p>\n<hr \/>\n<p style=\"text-align: right\"><em>Sveriges Riksdag 2022-2026<br \/>\nValkrets \u00d6sterg\u00f6tlands l\u00e4n\u00a0<\/em><\/p>\n<p>I valet till riksdagen i \u00d6sterg\u00f6tlands l\u00e4n valkrets 2022 s\u00e5 fick Kristdemokraterna 5,97 % \u201dhela Sverige 5,34 %\u201d av r\u00f6sterna. Det gav oss f\u00f6ljande representation i riksdagen f\u00f6r mandatperioden 2022-2026.<\/p>\n<p><strong>Riksdagen<\/strong><br \/>\nAnders Eksmo, 2:e ers\u00e4ttare<\/p>\n<p><i>\u00a0<\/i><\/p>\n","protected":false},"excerpt":{"rendered":"<p>S\u00f6derk\u00f6pings kommun 2022-2026 I valet till kommunfullm\u00e4ktige i S\u00f6derk\u00f6ping 2022 s\u00e5 fick Kristdemokraterna 7,06 % av r\u00f6sterna. Det gav oss f\u00f6ljande representation i n\u00e4mnder och styrelser i S\u00f6derk\u00f6pings kommun f\u00f6r mandatperioden 2022-2026. Kommunfullm\u00e4ktige\u00a0(tom okt 2026) Anders Eksmo, ledamot, ordf\u00f6rande, gruppledare Erik Jakobsson, ledamot, vice gruppledare Evelina Nilsson, ledamot Elvira Wibeck, 1:e ers\u00e4ttare Johanna Englund, 2:e <a class=\"read-more-link\" href=\"https:\/\/wp.kristdemokraterna.se\/soderkoping\/om-oss\/fortroendevalda-2022-2026\/\">Read More<\/a><\/p>\n","protected":false},"author":637,"featured_media":0,"parent":487,"menu_order":0,"comment_status":"closed","ping_status":"closed","template":"","meta":{"_acf_changed":false,"footnotes":""},"class_list":["post-1235","page","type-page","status-publish","hentry"],"acf":[],"yoast_head":"<!-- This site is optimized with the Yoast SEO plugin v27.4 - https:\/\/yoast.com\/product\/yoast-seo-wordpress\/ -->\n<title>F\u00f6rtroendevalda 2022-2026 - S\u00f6derk\u00f6ping<\/title>\n<meta name=\"robots\" content=\"noindex, follow, max-snippet:-1, max-image-preview:large, max-video-preview:-1\" \/>\n<meta property=\"og:locale\" content=\"sv_SE\" \/>\n<meta property=\"og:type\" content=\"article\" \/>\n<meta property=\"og:title\" content=\"F\u00f6rtroendevalda 2022-2026 - S\u00f6derk\u00f6ping\" \/>\n<meta property=\"og:description\" content=\"S\u00f6derk\u00f6pings kommun 2022-2026 I valet till kommunfullm\u00e4ktige i S\u00f6derk\u00f6ping 2022 s\u00e5 fick Kristdemokraterna 7,06 % av r\u00f6sterna. Det gav oss f\u00f6ljande representation i n\u00e4mnder och styrelser i S\u00f6derk\u00f6pings kommun f\u00f6r mandatperioden 2022-2026. Kommunfullm\u00e4ktige\u00a0(tom okt 2026) Anders Eksmo, ledamot, ordf\u00f6rande, gruppledare Erik Jakobsson, ledamot, vice gruppledare Evelina Nilsson, ledamot Elvira Wibeck, 1:e ers\u00e4ttare Johanna Englund, 2:e Read More\" \/>\n<meta property=\"og:url\" content=\"https:\/\/wp.kristdemokraterna.se\/soderkoping\/om-oss\/fortroendevalda-2022-2026\/\" \/>\n<meta property=\"og:site_name\" content=\"S\u00f6derk\u00f6ping\" \/>\n<meta property=\"article:modified_time\" content=\"2024-02-13T23:57:15+00:00\" \/>\n<meta name=\"twitter:card\" content=\"summary_large_image\" \/>\n<meta name=\"twitter:label1\" content=\"Ber\u00e4knad l\u00e4stid\" \/>\n\t<meta name=\"twitter:data1\" content=\"2 minuter\" \/>\n<script type=\"application\/ld+json\" class=\"yoast-schema-graph\">{\"@context\":\"https:\\\/\\\/schema.org\",\"@graph\":[{\"@type\":\"WebPage\",\"@id\":\"https:\\\/\\\/wp.kristdemokraterna.se\\\/soderkoping\\\/om-oss\\\/fortroendevalda-2022-2026\\\/\",\"url\":\"https:\\\/\\\/wp.kristdemokraterna.se\\\/soderkoping\\\/om-oss\\\/fortroendevalda-2022-2026\\\/\",\"name\":\"F\u00f6rtroendevalda 2022-2026 - S\u00f6derk\u00f6ping\",\"isPartOf\":{\"@id\":\"https:\\\/\\\/wp.kristdemokraterna.se\\\/soderkoping\\\/#website\"},\"datePublished\":\"2022-09-29T23:02:52+00:00\",\"dateModified\":\"2024-02-13T23:57:15+00:00\",\"breadcrumb\":{\"@id\":\"https:\\\/\\\/wp.kristdemokraterna.se\\\/soderkoping\\\/om-oss\\\/fortroendevalda-2022-2026\\\/#breadcrumb\"},\"inLanguage\":\"sv-SE\",\"potentialAction\":[{\"@type\":\"ReadAction\",\"target\":[\"https:\\\/\\\/wp.kristdemokraterna.se\\\/soderkoping\\\/om-oss\\\/fortroendevalda-2022-2026\\\/\"]}]},{\"@type\":\"BreadcrumbList\",\"@id\":\"https:\\\/\\\/wp.kristdemokraterna.se\\\/soderkoping\\\/om-oss\\\/fortroendevalda-2022-2026\\\/#breadcrumb\",\"itemListElement\":[{\"@type\":\"ListItem\",\"position\":1,\"name\":\"Hem\",\"item\":\"https:\\\/\\\/wp.kristdemokraterna.se\\\/soderkoping\\\/\"},{\"@type\":\"ListItem\",\"position\":2,\"name\":\"V\u00e5r Partiavdelning\",\"item\":\"https:\\\/\\\/wp.kristdemokraterna.se\\\/soderkoping\\\/om-oss\\\/\"},{\"@type\":\"ListItem\",\"position\":3,\"name\":\"F\u00f6rtroendevalda 2022-2026\"}]},{\"@type\":\"WebSite\",\"@id\":\"https:\\\/\\\/wp.kristdemokraterna.se\\\/soderkoping\\\/#website\",\"url\":\"https:\\\/\\\/wp.kristdemokraterna.se\\\/soderkoping\\\/\",\"name\":\"S\u00f6derk\u00f6ping\",\"description\":\"Kristdemokraterna\",\"inLanguage\":\"sv-SE\"}]}<\/script>\n<!-- \/ Yoast SEO plugin. -->","yoast_head_json":{"title":"F\u00f6rtroendevalda 2022-2026 - S\u00f6derk\u00f6ping","robots":{"index":"noindex","follow":"follow","max-snippet":"max-snippet:-1","max-image-preview":"max-image-preview:large","max-video-preview":"max-video-preview:-1"},"og_locale":"sv_SE","og_type":"article","og_title":"F\u00f6rtroendevalda 2022-2026 - S\u00f6derk\u00f6ping","og_description":"S\u00f6derk\u00f6pings kommun 2022-2026 I valet till kommunfullm\u00e4ktige i S\u00f6derk\u00f6ping 2022 s\u00e5 fick Kristdemokraterna 7,06 % av r\u00f6sterna. Det gav oss f\u00f6ljande representation i n\u00e4mnder och styrelser i S\u00f6derk\u00f6pings kommun f\u00f6r mandatperioden 2022-2026. Kommunfullm\u00e4ktige\u00a0(tom okt 2026) Anders Eksmo, ledamot, ordf\u00f6rande, gruppledare Erik Jakobsson, ledamot, vice gruppledare Evelina Nilsson, ledamot Elvira Wibeck, 1:e ers\u00e4ttare Johanna Englund, 2:e Read More","og_url":"https:\/\/wp.kristdemokraterna.se\/soderkoping\/om-oss\/fortroendevalda-2022-2026\/","og_site_name":"S\u00f6derk\u00f6ping","article_modified_time":"2024-02-13T23:57:15+00:00","twitter_card":"summary_large_image","twitter_misc":{"Ber\u00e4knad l\u00e4stid":"2 minuter"},"schema":{"@context":"https:\/\/schema.org","@graph":[{"@type":"WebPage","@id":"https:\/\/wp.kristdemokraterna.se\/soderkoping\/om-oss\/fortroendevalda-2022-2026\/","url":"https:\/\/wp.kristdemokraterna.se\/soderkoping\/om-oss\/fortroendevalda-2022-2026\/","name":"F\u00f6rtroendevalda 2022-2026 - S\u00f6derk\u00f6ping","isPartOf":{"@id":"https:\/\/wp.kristdemokraterna.se\/soderkoping\/#website"},"datePublished":"2022-09-29T23:02:52+00:00","dateModified":"2024-02-13T23:57:15+00:00","breadcrumb":{"@id":"https:\/\/wp.kristdemokraterna.se\/soderkoping\/om-oss\/fortroendevalda-2022-2026\/#breadcrumb"},"inLanguage":"sv-SE","potentialAction":[{"@type":"ReadAction","target":["https:\/\/wp.kristdemokraterna.se\/soderkoping\/om-oss\/fortroendevalda-2022-2026\/"]}]},{"@type":"BreadcrumbList","@id":"https:\/\/wp.kristdemokraterna.se\/soderkoping\/om-oss\/fortroendevalda-2022-2026\/#breadcrumb","itemListElement":[{"@type":"ListItem","position":1,"name":"Hem","item":"https:\/\/wp.kristdemokraterna.se\/soderkoping\/"},{"@type":"ListItem","position":2,"name":"V\u00e5r Partiavdelning","item":"https:\/\/wp.kristdemokraterna.se\/soderkoping\/om-oss\/"},{"@type":"ListItem","position":3,"name":"F\u00f6rtroendevalda 2022-2026"}]},{"@type":"WebSite","@id":"https:\/\/wp.kristdemokraterna.se\/soderkoping\/#website","url":"https:\/\/wp.kristdemokraterna.se\/soderkoping\/","name":"S\u00f6derk\u00f6ping","description":"Kristdemokraterna","inLanguage":"sv-SE"}]}},"_links":{"self":[{"href":"https:\/\/wp.kristdemokraterna.se\/soderkoping\/wp-json\/wp\/v2\/pages\/1235","targetHints":{"allow":["GET"]}}],"collection":[{"href":"https:\/\/wp.kristdemokraterna.se\/soderkoping\/wp-json\/wp\/v2\/pages"}],"about":[{"href":"https:\/\/wp.kristdemokraterna.se\/soderkoping\/wp-json\/wp\/v2\/types\/page"}],"author":[{"embeddable":true,"href":"https:\/\/wp.kristdemokraterna.se\/soderkoping\/wp-json\/wp\/v2\/users\/637"}],"replies":[{"embeddable":true,"href":"https:\/\/wp.kristdemokraterna.se\/soderkoping\/wp-json\/wp\/v2\/comments?post=1235"}],"version-history":[{"count":38,"href":"https:\/\/wp.kristdemokraterna.se\/soderkoping\/wp-json\/wp\/v2\/pages\/1235\/revisions"}],"predecessor-version":[{"id":1348,"href":"https:\/\/wp.kristdemokraterna.se\/soderkoping\/wp-json\/wp\/v2\/pages\/1235\/revisions\/1348"}],"up":[{"embeddable":true,"href":"https:\/\/wp.kristdemokraterna.se\/soderkoping\/wp-json\/wp\/v2\/pages\/487"}],"wp:attachment":[{"href":"https:\/\/wp.kristdemokraterna.se\/soderkoping\/wp-json\/wp\/v2\/media?parent=1235"}],"curies":[{"name":"wp","href":"https:\/\/api.w.org\/{rel}","templated":true}]}}