{"id":394,"date":"2018-07-03T12:54:49","date_gmt":"2018-07-03T10:54:49","guid":{"rendered":"http:\/\/wp.kristdemokraterna.se\/soderkoping\/?page_id=394"},"modified":"2018-07-06T14:29:32","modified_gmt":"2018-07-06T12:29:32","slug":"kommunkandidater-2018","status":"publish","type":"page","link":"https:\/\/wp.kristdemokraterna.se\/soderkoping\/valet2018\/kommunkandidater-2018\/","title":{"rendered":"Kommunkandidater 2018"},"content":{"rendered":"<div id=\"attachment_399\" style=\"width: 470px\" class=\"wp-caption alignnone\"><img loading=\"lazy\" decoding=\"async\" aria-describedby=\"caption-attachment-399\" class=\"wp-image-399 \" src=\"http:\/\/wp.kristdemokraterna.se\/soderkoping\/files\/2018\/07\/img_8281-1024x765.jpg\" alt=\"\" width=\"460\" height=\"343\" srcset=\"https:\/\/wp.kristdemokraterna.se\/soderkoping\/files\/2018\/07\/img_8281-1024x765.jpg 1024w, https:\/\/wp.kristdemokraterna.se\/soderkoping\/files\/2018\/07\/img_8281-300x224.jpg 300w, https:\/\/wp.kristdemokraterna.se\/soderkoping\/files\/2018\/07\/img_8281-768x574.jpg 768w, https:\/\/wp.kristdemokraterna.se\/soderkoping\/files\/2018\/07\/img_8281-463x346.jpg 463w, https:\/\/wp.kristdemokraterna.se\/soderkoping\/files\/2018\/07\/img_8281-150x112.jpg 150w\" sizes=\"auto, (max-width: 460px) 100vw, 460px\" \/><p id=\"caption-attachment-399\" class=\"wp-caption-text\">Fredrik Wefl\u00f6, Evelina Nilsson, Lennart Persson, Lilian Vendel, Anders Eksmo och Bengt-Ove Karlsson. Kandidater f\u00f6r Kristdemokraterna i S\u00f6derk\u00f6ping<\/p><\/div>\n<p><strong>V\u00e5ra kandidater i kommunvalet<br \/>\n<\/strong>Kristdemokraternas kandidater i kommunvalet 9 september 2018<\/p>\n<p>1. <a href=\"http:\/\/wp.kristdemokraterna.se\/soderkoping\/valet\/kommunkandidater-2018\/anders-eksmo\/\">Anders Eksmo<\/a>, Gymnasiel\u00e4rare, S\u00f6derk\u00f6ping<br \/>\n2. <a href=\"http:\/\/wp.kristdemokraterna.se\/soderkoping\/valet\/kommunkandidater-2018\/bengt-ove-karlsson\/\">Bengt-Ove Karlsson<\/a>, F\u00f6retagare, S\u00f6derk\u00f6ping<br \/>\n3. <a href=\"http:\/\/wp.kristdemokraterna.se\/soderkoping\/valet\/kommunkandidater-2018\/evelina-nilsson\/\">Evelina Nilsson<\/a>, Undersk\u00f6terska, \u00d6stra Ryd<br \/>\n4. <a href=\"http:\/\/wp.kristdemokraterna.se\/soderkoping\/valet\/kommunkandidater-2018\/bengt-wastesson\/\">Bengt Wastesson<\/a>, F\u00f6retagare, St:Anna<br \/>\n5. <a href=\"http:\/\/wp.kristdemokraterna.se\/soderkoping\/valet\/kommunkandidater-2018\/lilian-vendel\/\">Lilian Vendel<\/a>, Studie-och yrkesv\u00e4gledare, S\u00f6derk\u00f6ping<br \/>\n6. <a href=\"http:\/\/wp.kristdemokraterna.se\/soderkoping\/valet\/kommunkandidater-2018\/fredrik-weflo\/\">Fredrik Wefl\u00f6<\/a>, Pr\u00e4st, S\u00f6derk\u00f6ping<br \/>\n7. <a href=\"http:\/\/wp.kristdemokraterna.se\/soderkoping\/valet\/kommunkandidater-2018\/lennart-persson\/\">Lennart Persson<\/a>, Sk\u00e4rg\u00e5rdsbo, St:Anna<br \/>\n8. Gretel Karlsson, Behandlingsassistent, S\u00f6derk\u00f6ping<br \/>\n9. Johanna Englund, Byggnadsingenj\u00f6r, S\u00f6derk\u00f6ping<br \/>\n10. Ida Henriksson, Assistent, S\u00f6derk\u00f6ping<br \/>\n11. Kurt Enstr\u00f6m, Pr\u00e4st, S\u00f6derk\u00f6ping<br \/>\n12. Anne Sophie Norl\u00e9n, Fysioterapeut, S\u00f6derk\u00f6ping<br \/>\n13. Erik Jakobsson, Undersk\u00f6terska, S\u00f6derk\u00f6ping<br \/>\n14. Tord Sandbladh, Undersk\u00f6terska, S\u00f6derk\u00f6ping<br \/>\n15. Gunnar Norl\u00e9n, Pr\u00e4st, S\u00f6derk\u00f6ping<br \/>\n16. Sandra Karlsson, Barnsk\u00f6tare, S\u00f6derk\u00f6ping<\/p>\n","protected":false},"excerpt":{"rendered":"<p>V\u00e5ra kandidater i kommunvalet Kristdemokraternas kandidater i kommunvalet 9 september 2018 1. Anders Eksmo, Gymnasiel\u00e4rare, S\u00f6derk\u00f6ping 2. Bengt-Ove Karlsson, F\u00f6retagare, S\u00f6derk\u00f6ping 3. Evelina Nilsson, Undersk\u00f6terska, \u00d6stra Ryd 4. Bengt Wastesson, F\u00f6retagare, St:Anna 5. Lilian Vendel, Studie-och yrkesv\u00e4gledare, S\u00f6derk\u00f6ping 6. Fredrik Wefl\u00f6, Pr\u00e4st, S\u00f6derk\u00f6ping 7. Lennart Persson, Sk\u00e4rg\u00e5rdsbo, St:Anna 8. Gretel Karlsson, Behandlingsassistent, S\u00f6derk\u00f6ping 9. Johanna <a class=\"read-more-link\" href=\"https:\/\/wp.kristdemokraterna.se\/soderkoping\/valet2018\/kommunkandidater-2018\/\">Read More<\/a><\/p>\n","protected":false},"author":637,"featured_media":0,"parent":387,"menu_order":0,"comment_status":"closed","ping_status":"closed","template":"","meta":{"_acf_changed":false,"footnotes":""},"class_list":["post-394","page","type-page","status-publish","hentry"],"acf":[],"yoast_head":"<!-- This site is optimized with the Yoast SEO plugin v27.4 - https:\/\/yoast.com\/product\/yoast-seo-wordpress\/ -->\n<title>Kommunkandidater 2018 - S\u00f6derk\u00f6ping<\/title>\n<meta name=\"robots\" content=\"noindex, follow, max-snippet:-1, max-image-preview:large, max-video-preview:-1\" \/>\n<meta property=\"og:locale\" content=\"sv_SE\" \/>\n<meta property=\"og:type\" content=\"article\" \/>\n<meta property=\"og:title\" content=\"Kommunkandidater 2018 - S\u00f6derk\u00f6ping\" \/>\n<meta property=\"og:description\" content=\"V\u00e5ra kandidater i kommunvalet Kristdemokraternas kandidater i kommunvalet 9 september 2018 1. Anders Eksmo, Gymnasiel\u00e4rare, S\u00f6derk\u00f6ping 2. Bengt-Ove Karlsson, F\u00f6retagare, S\u00f6derk\u00f6ping 3. Evelina Nilsson, Undersk\u00f6terska, \u00d6stra Ryd 4. Bengt Wastesson, F\u00f6retagare, St:Anna 5. Lilian Vendel, Studie-och yrkesv\u00e4gledare, S\u00f6derk\u00f6ping 6. Fredrik Wefl\u00f6, Pr\u00e4st, S\u00f6derk\u00f6ping 7. Lennart Persson, Sk\u00e4rg\u00e5rdsbo, St:Anna 8. Gretel Karlsson, Behandlingsassistent, S\u00f6derk\u00f6ping 9. Johanna Read More\" \/>\n<meta property=\"og:url\" content=\"https:\/\/wp.kristdemokraterna.se\/soderkoping\/valet2018\/kommunkandidater-2018\/\" \/>\n<meta property=\"og:site_name\" content=\"S\u00f6derk\u00f6ping\" \/>\n<meta property=\"article:modified_time\" content=\"2018-07-06T12:29:32+00:00\" \/>\n<meta property=\"og:image\" content=\"http:\/\/wp.kristdemokraterna.se\/soderkoping\/files\/2018\/07\/img_8281-1024x765.jpg\" \/>\n<meta name=\"twitter:card\" content=\"summary_large_image\" \/>\n<meta name=\"twitter:label1\" content=\"Ber\u00e4knad l\u00e4stid\" \/>\n\t<meta name=\"twitter:data1\" content=\"1 minut\" \/>\n<script type=\"application\/ld+json\" class=\"yoast-schema-graph\">{\"@context\":\"https:\\\/\\\/schema.org\",\"@graph\":[{\"@type\":\"WebPage\",\"@id\":\"https:\\\/\\\/wp.kristdemokraterna.se\\\/soderkoping\\\/valet2018\\\/kommunkandidater-2018\\\/\",\"url\":\"https:\\\/\\\/wp.kristdemokraterna.se\\\/soderkoping\\\/valet2018\\\/kommunkandidater-2018\\\/\",\"name\":\"Kommunkandidater 2018 - S\u00f6derk\u00f6ping\",\"isPartOf\":{\"@id\":\"https:\\\/\\\/wp.kristdemokraterna.se\\\/soderkoping\\\/#website\"},\"primaryImageOfPage\":{\"@id\":\"https:\\\/\\\/wp.kristdemokraterna.se\\\/soderkoping\\\/valet2018\\\/kommunkandidater-2018\\\/#primaryimage\"},\"image\":{\"@id\":\"https:\\\/\\\/wp.kristdemokraterna.se\\\/soderkoping\\\/valet2018\\\/kommunkandidater-2018\\\/#primaryimage\"},\"thumbnailUrl\":\"http:\\\/\\\/wp.kristdemokraterna.se\\\/soderkoping\\\/files\\\/2018\\\/07\\\/img_8281-1024x765.jpg\",\"datePublished\":\"2018-07-03T10:54:49+00:00\",\"dateModified\":\"2018-07-06T12:29:32+00:00\",\"breadcrumb\":{\"@id\":\"https:\\\/\\\/wp.kristdemokraterna.se\\\/soderkoping\\\/valet2018\\\/kommunkandidater-2018\\\/#breadcrumb\"},\"inLanguage\":\"sv-SE\",\"potentialAction\":[{\"@type\":\"ReadAction\",\"target\":[\"https:\\\/\\\/wp.kristdemokraterna.se\\\/soderkoping\\\/valet2018\\\/kommunkandidater-2018\\\/\"]}]},{\"@type\":\"ImageObject\",\"inLanguage\":\"sv-SE\",\"@id\":\"https:\\\/\\\/wp.kristdemokraterna.se\\\/soderkoping\\\/valet2018\\\/kommunkandidater-2018\\\/#primaryimage\",\"url\":\"https:\\\/\\\/wp.kristdemokraterna.se\\\/soderkoping\\\/files\\\/2018\\\/07\\\/img_8281.jpg\",\"contentUrl\":\"https:\\\/\\\/wp.kristdemokraterna.se\\\/soderkoping\\\/files\\\/2018\\\/07\\\/img_8281.jpg\",\"width\":2592,\"height\":1936,\"caption\":\"Fredrik Wefl\u00f6, Evelina Nilsson, Lennart Persson, Lilian Vendel, Anders Eksmo och Bengt-Ove Karlsson. Kandidater f\u00f6r Kristdemokraterna i S\u00f6derk\u00f6ping\"},{\"@type\":\"BreadcrumbList\",\"@id\":\"https:\\\/\\\/wp.kristdemokraterna.se\\\/soderkoping\\\/valet2018\\\/kommunkandidater-2018\\\/#breadcrumb\",\"itemListElement\":[{\"@type\":\"ListItem\",\"position\":1,\"name\":\"Hem\",\"item\":\"https:\\\/\\\/wp.kristdemokraterna.se\\\/soderkoping\\\/\"},{\"@type\":\"ListItem\",\"position\":2,\"name\":\"Valet 9 sept 2018\",\"item\":\"https:\\\/\\\/wp.kristdemokraterna.se\\\/soderkoping\\\/valet2018\\\/\"},{\"@type\":\"ListItem\",\"position\":3,\"name\":\"Kommunkandidater 2018\"}]},{\"@type\":\"WebSite\",\"@id\":\"https:\\\/\\\/wp.kristdemokraterna.se\\\/soderkoping\\\/#website\",\"url\":\"https:\\\/\\\/wp.kristdemokraterna.se\\\/soderkoping\\\/\",\"name\":\"S\u00f6derk\u00f6ping\",\"description\":\"Kristdemokraterna\",\"inLanguage\":\"sv-SE\"}]}<\/script>\n<!-- \/ Yoast SEO plugin. -->","yoast_head_json":{"title":"Kommunkandidater 2018 - S\u00f6derk\u00f6ping","robots":{"index":"noindex","follow":"follow","max-snippet":"max-snippet:-1","max-image-preview":"max-image-preview:large","max-video-preview":"max-video-preview:-1"},"og_locale":"sv_SE","og_type":"article","og_title":"Kommunkandidater 2018 - S\u00f6derk\u00f6ping","og_description":"V\u00e5ra kandidater i kommunvalet Kristdemokraternas kandidater i kommunvalet 9 september 2018 1. Anders Eksmo, Gymnasiel\u00e4rare, S\u00f6derk\u00f6ping 2. Bengt-Ove Karlsson, F\u00f6retagare, S\u00f6derk\u00f6ping 3. Evelina Nilsson, Undersk\u00f6terska, \u00d6stra Ryd 4. Bengt Wastesson, F\u00f6retagare, St:Anna 5. Lilian Vendel, Studie-och yrkesv\u00e4gledare, S\u00f6derk\u00f6ping 6. Fredrik Wefl\u00f6, Pr\u00e4st, S\u00f6derk\u00f6ping 7. Lennart Persson, Sk\u00e4rg\u00e5rdsbo, St:Anna 8. Gretel Karlsson, Behandlingsassistent, S\u00f6derk\u00f6ping 9. Johanna Read More","og_url":"https:\/\/wp.kristdemokraterna.se\/soderkoping\/valet2018\/kommunkandidater-2018\/","og_site_name":"S\u00f6derk\u00f6ping","article_modified_time":"2018-07-06T12:29:32+00:00","og_image":[{"url":"http:\/\/wp.kristdemokraterna.se\/soderkoping\/files\/2018\/07\/img_8281-1024x765.jpg","type":"","width":"","height":""}],"twitter_card":"summary_large_image","twitter_misc":{"Ber\u00e4knad l\u00e4stid":"1 minut"},"schema":{"@context":"https:\/\/schema.org","@graph":[{"@type":"WebPage","@id":"https:\/\/wp.kristdemokraterna.se\/soderkoping\/valet2018\/kommunkandidater-2018\/","url":"https:\/\/wp.kristdemokraterna.se\/soderkoping\/valet2018\/kommunkandidater-2018\/","name":"Kommunkandidater 2018 - S\u00f6derk\u00f6ping","isPartOf":{"@id":"https:\/\/wp.kristdemokraterna.se\/soderkoping\/#website"},"primaryImageOfPage":{"@id":"https:\/\/wp.kristdemokraterna.se\/soderkoping\/valet2018\/kommunkandidater-2018\/#primaryimage"},"image":{"@id":"https:\/\/wp.kristdemokraterna.se\/soderkoping\/valet2018\/kommunkandidater-2018\/#primaryimage"},"thumbnailUrl":"http:\/\/wp.kristdemokraterna.se\/soderkoping\/files\/2018\/07\/img_8281-1024x765.jpg","datePublished":"2018-07-03T10:54:49+00:00","dateModified":"2018-07-06T12:29:32+00:00","breadcrumb":{"@id":"https:\/\/wp.kristdemokraterna.se\/soderkoping\/valet2018\/kommunkandidater-2018\/#breadcrumb"},"inLanguage":"sv-SE","potentialAction":[{"@type":"ReadAction","target":["https:\/\/wp.kristdemokraterna.se\/soderkoping\/valet2018\/kommunkandidater-2018\/"]}]},{"@type":"ImageObject","inLanguage":"sv-SE","@id":"https:\/\/wp.kristdemokraterna.se\/soderkoping\/valet2018\/kommunkandidater-2018\/#primaryimage","url":"https:\/\/wp.kristdemokraterna.se\/soderkoping\/files\/2018\/07\/img_8281.jpg","contentUrl":"https:\/\/wp.kristdemokraterna.se\/soderkoping\/files\/2018\/07\/img_8281.jpg","width":2592,"height":1936,"caption":"Fredrik Wefl\u00f6, Evelina Nilsson, Lennart Persson, Lilian Vendel, Anders Eksmo och Bengt-Ove Karlsson. Kandidater f\u00f6r Kristdemokraterna i S\u00f6derk\u00f6ping"},{"@type":"BreadcrumbList","@id":"https:\/\/wp.kristdemokraterna.se\/soderkoping\/valet2018\/kommunkandidater-2018\/#breadcrumb","itemListElement":[{"@type":"ListItem","position":1,"name":"Hem","item":"https:\/\/wp.kristdemokraterna.se\/soderkoping\/"},{"@type":"ListItem","position":2,"name":"Valet 9 sept 2018","item":"https:\/\/wp.kristdemokraterna.se\/soderkoping\/valet2018\/"},{"@type":"ListItem","position":3,"name":"Kommunkandidater 2018"}]},{"@type":"WebSite","@id":"https:\/\/wp.kristdemokraterna.se\/soderkoping\/#website","url":"https:\/\/wp.kristdemokraterna.se\/soderkoping\/","name":"S\u00f6derk\u00f6ping","description":"Kristdemokraterna","inLanguage":"sv-SE"}]}},"_links":{"self":[{"href":"https:\/\/wp.kristdemokraterna.se\/soderkoping\/wp-json\/wp\/v2\/pages\/394","targetHints":{"allow":["GET"]}}],"collection":[{"href":"https:\/\/wp.kristdemokraterna.se\/soderkoping\/wp-json\/wp\/v2\/pages"}],"about":[{"href":"https:\/\/wp.kristdemokraterna.se\/soderkoping\/wp-json\/wp\/v2\/types\/page"}],"author":[{"embeddable":true,"href":"https:\/\/wp.kristdemokraterna.se\/soderkoping\/wp-json\/wp\/v2\/users\/637"}],"replies":[{"embeddable":true,"href":"https:\/\/wp.kristdemokraterna.se\/soderkoping\/wp-json\/wp\/v2\/comments?post=394"}],"version-history":[{"count":8,"href":"https:\/\/wp.kristdemokraterna.se\/soderkoping\/wp-json\/wp\/v2\/pages\/394\/revisions"}],"predecessor-version":[{"id":578,"href":"https:\/\/wp.kristdemokraterna.se\/soderkoping\/wp-json\/wp\/v2\/pages\/394\/revisions\/578"}],"up":[{"embeddable":true,"href":"https:\/\/wp.kristdemokraterna.se\/soderkoping\/wp-json\/wp\/v2\/pages\/387"}],"wp:attachment":[{"href":"https:\/\/wp.kristdemokraterna.se\/soderkoping\/wp-json\/wp\/v2\/media?parent=394"}],"curies":[{"name":"wp","href":"https:\/\/api.w.org\/{rel}","templated":true}]}}