{"id":415,"date":"2018-07-03T14:13:43","date_gmt":"2018-07-03T12:13:43","guid":{"rendered":"http:\/\/wp.kristdemokraterna.se\/soderkoping\/?page_id=415"},"modified":"2018-07-06T15:15:20","modified_gmt":"2018-07-06T13:15:20","slug":"lennart-persson","status":"publish","type":"page","link":"https:\/\/wp.kristdemokraterna.se\/soderkoping\/valet2018\/kommunkandidater-2018\/lennart-persson\/","title":{"rendered":"Lennart Persson"},"content":{"rendered":"<p><img loading=\"lazy\" decoding=\"async\" class=\"alignright wp-image-401 size-medium\" src=\"http:\/\/wp.kristdemokraterna.se\/soderkoping\/files\/2018\/07\/34175693_2013492078979052_8885353764152672256_n-224x300.jpg\" alt=\"\" width=\"224\" height=\"300\" srcset=\"https:\/\/wp.kristdemokraterna.se\/soderkoping\/files\/2018\/07\/34175693_2013492078979052_8885353764152672256_n-224x300.jpg 224w, https:\/\/wp.kristdemokraterna.se\/soderkoping\/files\/2018\/07\/34175693_2013492078979052_8885353764152672256_n-258x346.jpg 258w, https:\/\/wp.kristdemokraterna.se\/soderkoping\/files\/2018\/07\/34175693_2013492078979052_8885353764152672256_n-84x112.jpg 84w, https:\/\/wp.kristdemokraterna.se\/soderkoping\/files\/2018\/07\/34175693_2013492078979052_8885353764152672256_n.jpg 716w\" sizes=\"auto, (max-width: 224px) 100vw, 224px\" \/><em><span id=\"fbPhotoSnowliftCaption\" class=\"fbPhotosPhotoCaption\"><span class=\"hasCaption\">Toppkandidat f\u00f6r Kristdemokraterna i S\u00f6derk\u00f6ping<\/span><\/span><\/em><br \/>\nLennart <em>Lillis<\/em> Persson fr\u00e5n St.Anna. Han vill bland annat att kommunen ska ge l\u00e4ttnader i sk\u00e4l av beslut av strandskydd. L\u00e5t m\u00e4nniskor bygga o bo var de sj\u00e4lva vill.<\/p>\n","protected":false},"excerpt":{"rendered":"<p>Toppkandidat f\u00f6r Kristdemokraterna i S\u00f6derk\u00f6ping Lennart Lillis Persson fr\u00e5n St.Anna. Han vill bland annat att kommunen ska ge l\u00e4ttnader i sk\u00e4l av beslut av strandskydd. L\u00e5t m\u00e4nniskor bygga o bo var de sj\u00e4lva vill.<\/p>\n","protected":false},"author":637,"featured_media":0,"parent":394,"menu_order":7,"comment_status":"closed","ping_status":"closed","template":"","meta":{"_acf_changed":false,"footnotes":""},"class_list":["post-415","page","type-page","status-publish","hentry"],"acf":[],"yoast_head":"<!-- This site is optimized with the Yoast SEO plugin v27.4 - https:\/\/yoast.com\/product\/yoast-seo-wordpress\/ -->\n<title>Lennart Persson - S\u00f6derk\u00f6ping<\/title>\n<meta name=\"robots\" content=\"noindex, follow, max-snippet:-1, max-image-preview:large, max-video-preview:-1\" \/>\n<meta property=\"og:locale\" content=\"sv_SE\" \/>\n<meta property=\"og:type\" content=\"article\" \/>\n<meta property=\"og:title\" content=\"Lennart Persson - S\u00f6derk\u00f6ping\" \/>\n<meta property=\"og:description\" content=\"Toppkandidat f\u00f6r Kristdemokraterna i S\u00f6derk\u00f6ping Lennart Lillis Persson fr\u00e5n St.Anna. Han vill bland annat att kommunen ska ge l\u00e4ttnader i sk\u00e4l av beslut av strandskydd. L\u00e5t m\u00e4nniskor bygga o bo var de sj\u00e4lva vill.\" \/>\n<meta property=\"og:url\" content=\"https:\/\/wp.kristdemokraterna.se\/soderkoping\/valet2018\/kommunkandidater-2018\/lennart-persson\/\" \/>\n<meta property=\"og:site_name\" content=\"S\u00f6derk\u00f6ping\" \/>\n<meta property=\"article:modified_time\" content=\"2018-07-06T13:15:20+00:00\" \/>\n<meta property=\"og:image\" content=\"http:\/\/wp.kristdemokraterna.se\/soderkoping\/files\/2018\/07\/34175693_2013492078979052_8885353764152672256_n-224x300.jpg\" \/>\n<meta name=\"twitter:card\" content=\"summary_large_image\" \/>\n<script type=\"application\/ld+json\" class=\"yoast-schema-graph\">{\"@context\":\"https:\\\/\\\/schema.org\",\"@graph\":[{\"@type\":\"WebPage\",\"@id\":\"https:\\\/\\\/wp.kristdemokraterna.se\\\/soderkoping\\\/valet2018\\\/kommunkandidater-2018\\\/lennart-persson\\\/\",\"url\":\"https:\\\/\\\/wp.kristdemokraterna.se\\\/soderkoping\\\/valet2018\\\/kommunkandidater-2018\\\/lennart-persson\\\/\",\"name\":\"Lennart Persson - S\u00f6derk\u00f6ping\",\"isPartOf\":{\"@id\":\"https:\\\/\\\/wp.kristdemokraterna.se\\\/soderkoping\\\/#website\"},\"primaryImageOfPage\":{\"@id\":\"https:\\\/\\\/wp.kristdemokraterna.se\\\/soderkoping\\\/valet2018\\\/kommunkandidater-2018\\\/lennart-persson\\\/#primaryimage\"},\"image\":{\"@id\":\"https:\\\/\\\/wp.kristdemokraterna.se\\\/soderkoping\\\/valet2018\\\/kommunkandidater-2018\\\/lennart-persson\\\/#primaryimage\"},\"thumbnailUrl\":\"http:\\\/\\\/wp.kristdemokraterna.se\\\/soderkoping\\\/files\\\/2018\\\/07\\\/34175693_2013492078979052_8885353764152672256_n-224x300.jpg\",\"datePublished\":\"2018-07-03T12:13:43+00:00\",\"dateModified\":\"2018-07-06T13:15:20+00:00\",\"breadcrumb\":{\"@id\":\"https:\\\/\\\/wp.kristdemokraterna.se\\\/soderkoping\\\/valet2018\\\/kommunkandidater-2018\\\/lennart-persson\\\/#breadcrumb\"},\"inLanguage\":\"sv-SE\",\"potentialAction\":[{\"@type\":\"ReadAction\",\"target\":[\"https:\\\/\\\/wp.kristdemokraterna.se\\\/soderkoping\\\/valet2018\\\/kommunkandidater-2018\\\/lennart-persson\\\/\"]}]},{\"@type\":\"ImageObject\",\"inLanguage\":\"sv-SE\",\"@id\":\"https:\\\/\\\/wp.kristdemokraterna.se\\\/soderkoping\\\/valet2018\\\/kommunkandidater-2018\\\/lennart-persson\\\/#primaryimage\",\"url\":\"https:\\\/\\\/wp.kristdemokraterna.se\\\/soderkoping\\\/files\\\/2018\\\/07\\\/34175693_2013492078979052_8885353764152672256_n.jpg\",\"contentUrl\":\"https:\\\/\\\/wp.kristdemokraterna.se\\\/soderkoping\\\/files\\\/2018\\\/07\\\/34175693_2013492078979052_8885353764152672256_n.jpg\",\"width\":716,\"height\":960},{\"@type\":\"BreadcrumbList\",\"@id\":\"https:\\\/\\\/wp.kristdemokraterna.se\\\/soderkoping\\\/valet2018\\\/kommunkandidater-2018\\\/lennart-persson\\\/#breadcrumb\",\"itemListElement\":[{\"@type\":\"ListItem\",\"position\":1,\"name\":\"Hem\",\"item\":\"https:\\\/\\\/wp.kristdemokraterna.se\\\/soderkoping\\\/\"},{\"@type\":\"ListItem\",\"position\":2,\"name\":\"Valet 9 sept 2018\",\"item\":\"https:\\\/\\\/wp.kristdemokraterna.se\\\/soderkoping\\\/valet2018\\\/\"},{\"@type\":\"ListItem\",\"position\":3,\"name\":\"Kommunkandidater 2018\",\"item\":\"https:\\\/\\\/wp.kristdemokraterna.se\\\/soderkoping\\\/valet2018\\\/kommunkandidater-2018\\\/\"},{\"@type\":\"ListItem\",\"position\":4,\"name\":\"Lennart Persson\"}]},{\"@type\":\"WebSite\",\"@id\":\"https:\\\/\\\/wp.kristdemokraterna.se\\\/soderkoping\\\/#website\",\"url\":\"https:\\\/\\\/wp.kristdemokraterna.se\\\/soderkoping\\\/\",\"name\":\"S\u00f6derk\u00f6ping\",\"description\":\"Kristdemokraterna\",\"inLanguage\":\"sv-SE\"}]}<\/script>\n<!-- \/ Yoast SEO plugin. -->","yoast_head_json":{"title":"Lennart Persson - S\u00f6derk\u00f6ping","robots":{"index":"noindex","follow":"follow","max-snippet":"max-snippet:-1","max-image-preview":"max-image-preview:large","max-video-preview":"max-video-preview:-1"},"og_locale":"sv_SE","og_type":"article","og_title":"Lennart Persson - S\u00f6derk\u00f6ping","og_description":"Toppkandidat f\u00f6r Kristdemokraterna i S\u00f6derk\u00f6ping Lennart Lillis Persson fr\u00e5n St.Anna. Han vill bland annat att kommunen ska ge l\u00e4ttnader i sk\u00e4l av beslut av strandskydd. L\u00e5t m\u00e4nniskor bygga o bo var de sj\u00e4lva vill.","og_url":"https:\/\/wp.kristdemokraterna.se\/soderkoping\/valet2018\/kommunkandidater-2018\/lennart-persson\/","og_site_name":"S\u00f6derk\u00f6ping","article_modified_time":"2018-07-06T13:15:20+00:00","og_image":[{"url":"http:\/\/wp.kristdemokraterna.se\/soderkoping\/files\/2018\/07\/34175693_2013492078979052_8885353764152672256_n-224x300.jpg","type":"","width":"","height":""}],"twitter_card":"summary_large_image","schema":{"@context":"https:\/\/schema.org","@graph":[{"@type":"WebPage","@id":"https:\/\/wp.kristdemokraterna.se\/soderkoping\/valet2018\/kommunkandidater-2018\/lennart-persson\/","url":"https:\/\/wp.kristdemokraterna.se\/soderkoping\/valet2018\/kommunkandidater-2018\/lennart-persson\/","name":"Lennart Persson - S\u00f6derk\u00f6ping","isPartOf":{"@id":"https:\/\/wp.kristdemokraterna.se\/soderkoping\/#website"},"primaryImageOfPage":{"@id":"https:\/\/wp.kristdemokraterna.se\/soderkoping\/valet2018\/kommunkandidater-2018\/lennart-persson\/#primaryimage"},"image":{"@id":"https:\/\/wp.kristdemokraterna.se\/soderkoping\/valet2018\/kommunkandidater-2018\/lennart-persson\/#primaryimage"},"thumbnailUrl":"http:\/\/wp.kristdemokraterna.se\/soderkoping\/files\/2018\/07\/34175693_2013492078979052_8885353764152672256_n-224x300.jpg","datePublished":"2018-07-03T12:13:43+00:00","dateModified":"2018-07-06T13:15:20+00:00","breadcrumb":{"@id":"https:\/\/wp.kristdemokraterna.se\/soderkoping\/valet2018\/kommunkandidater-2018\/lennart-persson\/#breadcrumb"},"inLanguage":"sv-SE","potentialAction":[{"@type":"ReadAction","target":["https:\/\/wp.kristdemokraterna.se\/soderkoping\/valet2018\/kommunkandidater-2018\/lennart-persson\/"]}]},{"@type":"ImageObject","inLanguage":"sv-SE","@id":"https:\/\/wp.kristdemokraterna.se\/soderkoping\/valet2018\/kommunkandidater-2018\/lennart-persson\/#primaryimage","url":"https:\/\/wp.kristdemokraterna.se\/soderkoping\/files\/2018\/07\/34175693_2013492078979052_8885353764152672256_n.jpg","contentUrl":"https:\/\/wp.kristdemokraterna.se\/soderkoping\/files\/2018\/07\/34175693_2013492078979052_8885353764152672256_n.jpg","width":716,"height":960},{"@type":"BreadcrumbList","@id":"https:\/\/wp.kristdemokraterna.se\/soderkoping\/valet2018\/kommunkandidater-2018\/lennart-persson\/#breadcrumb","itemListElement":[{"@type":"ListItem","position":1,"name":"Hem","item":"https:\/\/wp.kristdemokraterna.se\/soderkoping\/"},{"@type":"ListItem","position":2,"name":"Valet 9 sept 2018","item":"https:\/\/wp.kristdemokraterna.se\/soderkoping\/valet2018\/"},{"@type":"ListItem","position":3,"name":"Kommunkandidater 2018","item":"https:\/\/wp.kristdemokraterna.se\/soderkoping\/valet2018\/kommunkandidater-2018\/"},{"@type":"ListItem","position":4,"name":"Lennart Persson"}]},{"@type":"WebSite","@id":"https:\/\/wp.kristdemokraterna.se\/soderkoping\/#website","url":"https:\/\/wp.kristdemokraterna.se\/soderkoping\/","name":"S\u00f6derk\u00f6ping","description":"Kristdemokraterna","inLanguage":"sv-SE"}]}},"_links":{"self":[{"href":"https:\/\/wp.kristdemokraterna.se\/soderkoping\/wp-json\/wp\/v2\/pages\/415","targetHints":{"allow":["GET"]}}],"collection":[{"href":"https:\/\/wp.kristdemokraterna.se\/soderkoping\/wp-json\/wp\/v2\/pages"}],"about":[{"href":"https:\/\/wp.kristdemokraterna.se\/soderkoping\/wp-json\/wp\/v2\/types\/page"}],"author":[{"embeddable":true,"href":"https:\/\/wp.kristdemokraterna.se\/soderkoping\/wp-json\/wp\/v2\/users\/637"}],"replies":[{"embeddable":true,"href":"https:\/\/wp.kristdemokraterna.se\/soderkoping\/wp-json\/wp\/v2\/comments?post=415"}],"version-history":[{"count":3,"href":"https:\/\/wp.kristdemokraterna.se\/soderkoping\/wp-json\/wp\/v2\/pages\/415\/revisions"}],"predecessor-version":[{"id":566,"href":"https:\/\/wp.kristdemokraterna.se\/soderkoping\/wp-json\/wp\/v2\/pages\/415\/revisions\/566"}],"up":[{"embeddable":true,"href":"https:\/\/wp.kristdemokraterna.se\/soderkoping\/wp-json\/wp\/v2\/pages\/394"}],"wp:attachment":[{"href":"https:\/\/wp.kristdemokraterna.se\/soderkoping\/wp-json\/wp\/v2\/media?parent=415"}],"curies":[{"name":"wp","href":"https:\/\/api.w.org\/{rel}","templated":true}]}}