{"id":417,"date":"2018-07-03T14:15:09","date_gmt":"2018-07-03T12:15:09","guid":{"rendered":"http:\/\/wp.kristdemokraterna.se\/soderkoping\/?page_id=417"},"modified":"2018-07-06T15:13:18","modified_gmt":"2018-07-06T13:13:18","slug":"evelina-nilsson","status":"publish","type":"page","link":"https:\/\/wp.kristdemokraterna.se\/soderkoping\/valet2018\/kommunkandidater-2018\/evelina-nilsson\/","title":{"rendered":"Evelina Nilsson"},"content":{"rendered":"<p><img loading=\"lazy\" decoding=\"async\" class=\"alignright wp-image-402 size-medium\" src=\"http:\/\/wp.kristdemokraterna.se\/soderkoping\/files\/2018\/07\/35052762_2018996001761993_572307789511131136_n-224x300.jpg\" alt=\"\" width=\"224\" height=\"300\" srcset=\"https:\/\/wp.kristdemokraterna.se\/soderkoping\/files\/2018\/07\/35052762_2018996001761993_572307789511131136_n-224x300.jpg 224w, https:\/\/wp.kristdemokraterna.se\/soderkoping\/files\/2018\/07\/35052762_2018996001761993_572307789511131136_n-258x346.jpg 258w, https:\/\/wp.kristdemokraterna.se\/soderkoping\/files\/2018\/07\/35052762_2018996001761993_572307789511131136_n-84x112.jpg 84w, https:\/\/wp.kristdemokraterna.se\/soderkoping\/files\/2018\/07\/35052762_2018996001761993_572307789511131136_n.jpg 716w\" sizes=\"auto, (max-width: 224px) 100vw, 224px\" \/><em><span id=\"fbPhotoSnowliftCaption\" class=\"fbPhotosPhotoCaption\"><span class=\"hasCaption\">Toppkandidat f\u00f6r Kristdemokraterna i S\u00f6derk\u00f6ping<\/span><\/span><\/em><br \/>\nEvelina Nilsson fr\u00e5n \u00d6stra Ryd. Allas lika v\u00e4rde genom hela livet. Att f\u00e5 ha personal hos sig, dag som natt, som \u00e4r utrustad med r\u00e4tt verktyg i form av kunskap, inspiration och utrymme i tid.<\/p>\n","protected":false},"excerpt":{"rendered":"<p>Toppkandidat f\u00f6r Kristdemokraterna i S\u00f6derk\u00f6ping Evelina Nilsson fr\u00e5n \u00d6stra Ryd. Allas lika v\u00e4rde genom hela livet. Att f\u00e5 ha personal hos sig, dag som natt, som \u00e4r utrustad med r\u00e4tt verktyg i form av kunskap, inspiration och utrymme i tid.<\/p>\n","protected":false},"author":637,"featured_media":0,"parent":394,"menu_order":3,"comment_status":"closed","ping_status":"closed","template":"","meta":{"_acf_changed":false,"footnotes":""},"class_list":["post-417","page","type-page","status-publish","hentry"],"acf":[],"yoast_head":"<!-- This site is optimized with the Yoast SEO plugin v27.4 - https:\/\/yoast.com\/product\/yoast-seo-wordpress\/ -->\n<title>Evelina Nilsson - S\u00f6derk\u00f6ping<\/title>\n<meta name=\"robots\" content=\"noindex, follow, max-snippet:-1, max-image-preview:large, max-video-preview:-1\" \/>\n<meta property=\"og:locale\" content=\"sv_SE\" \/>\n<meta property=\"og:type\" content=\"article\" \/>\n<meta property=\"og:title\" content=\"Evelina Nilsson - S\u00f6derk\u00f6ping\" \/>\n<meta property=\"og:description\" content=\"Toppkandidat f\u00f6r Kristdemokraterna i S\u00f6derk\u00f6ping Evelina Nilsson fr\u00e5n \u00d6stra Ryd. Allas lika v\u00e4rde genom hela livet. Att f\u00e5 ha personal hos sig, dag som natt, som \u00e4r utrustad med r\u00e4tt verktyg i form av kunskap, inspiration och utrymme i tid.\" \/>\n<meta property=\"og:url\" content=\"https:\/\/wp.kristdemokraterna.se\/soderkoping\/valet2018\/kommunkandidater-2018\/evelina-nilsson\/\" \/>\n<meta property=\"og:site_name\" content=\"S\u00f6derk\u00f6ping\" \/>\n<meta property=\"article:modified_time\" content=\"2018-07-06T13:13:18+00:00\" \/>\n<meta property=\"og:image\" content=\"http:\/\/wp.kristdemokraterna.se\/soderkoping\/files\/2018\/07\/35052762_2018996001761993_572307789511131136_n-224x300.jpg\" \/>\n<meta name=\"twitter:card\" content=\"summary_large_image\" \/>\n<script type=\"application\/ld+json\" class=\"yoast-schema-graph\">{\"@context\":\"https:\\\/\\\/schema.org\",\"@graph\":[{\"@type\":\"WebPage\",\"@id\":\"https:\\\/\\\/wp.kristdemokraterna.se\\\/soderkoping\\\/valet2018\\\/kommunkandidater-2018\\\/evelina-nilsson\\\/\",\"url\":\"https:\\\/\\\/wp.kristdemokraterna.se\\\/soderkoping\\\/valet2018\\\/kommunkandidater-2018\\\/evelina-nilsson\\\/\",\"name\":\"Evelina Nilsson - S\u00f6derk\u00f6ping\",\"isPartOf\":{\"@id\":\"https:\\\/\\\/wp.kristdemokraterna.se\\\/soderkoping\\\/#website\"},\"primaryImageOfPage\":{\"@id\":\"https:\\\/\\\/wp.kristdemokraterna.se\\\/soderkoping\\\/valet2018\\\/kommunkandidater-2018\\\/evelina-nilsson\\\/#primaryimage\"},\"image\":{\"@id\":\"https:\\\/\\\/wp.kristdemokraterna.se\\\/soderkoping\\\/valet2018\\\/kommunkandidater-2018\\\/evelina-nilsson\\\/#primaryimage\"},\"thumbnailUrl\":\"http:\\\/\\\/wp.kristdemokraterna.se\\\/soderkoping\\\/files\\\/2018\\\/07\\\/35052762_2018996001761993_572307789511131136_n-224x300.jpg\",\"datePublished\":\"2018-07-03T12:15:09+00:00\",\"dateModified\":\"2018-07-06T13:13:18+00:00\",\"breadcrumb\":{\"@id\":\"https:\\\/\\\/wp.kristdemokraterna.se\\\/soderkoping\\\/valet2018\\\/kommunkandidater-2018\\\/evelina-nilsson\\\/#breadcrumb\"},\"inLanguage\":\"sv-SE\",\"potentialAction\":[{\"@type\":\"ReadAction\",\"target\":[\"https:\\\/\\\/wp.kristdemokraterna.se\\\/soderkoping\\\/valet2018\\\/kommunkandidater-2018\\\/evelina-nilsson\\\/\"]}]},{\"@type\":\"ImageObject\",\"inLanguage\":\"sv-SE\",\"@id\":\"https:\\\/\\\/wp.kristdemokraterna.se\\\/soderkoping\\\/valet2018\\\/kommunkandidater-2018\\\/evelina-nilsson\\\/#primaryimage\",\"url\":\"https:\\\/\\\/wp.kristdemokraterna.se\\\/soderkoping\\\/files\\\/2018\\\/07\\\/35052762_2018996001761993_572307789511131136_n.jpg\",\"contentUrl\":\"https:\\\/\\\/wp.kristdemokraterna.se\\\/soderkoping\\\/files\\\/2018\\\/07\\\/35052762_2018996001761993_572307789511131136_n.jpg\",\"width\":716,\"height\":960},{\"@type\":\"BreadcrumbList\",\"@id\":\"https:\\\/\\\/wp.kristdemokraterna.se\\\/soderkoping\\\/valet2018\\\/kommunkandidater-2018\\\/evelina-nilsson\\\/#breadcrumb\",\"itemListElement\":[{\"@type\":\"ListItem\",\"position\":1,\"name\":\"Hem\",\"item\":\"https:\\\/\\\/wp.kristdemokraterna.se\\\/soderkoping\\\/\"},{\"@type\":\"ListItem\",\"position\":2,\"name\":\"Valet 9 sept 2018\",\"item\":\"https:\\\/\\\/wp.kristdemokraterna.se\\\/soderkoping\\\/valet2018\\\/\"},{\"@type\":\"ListItem\",\"position\":3,\"name\":\"Kommunkandidater 2018\",\"item\":\"https:\\\/\\\/wp.kristdemokraterna.se\\\/soderkoping\\\/valet2018\\\/kommunkandidater-2018\\\/\"},{\"@type\":\"ListItem\",\"position\":4,\"name\":\"Evelina Nilsson\"}]},{\"@type\":\"WebSite\",\"@id\":\"https:\\\/\\\/wp.kristdemokraterna.se\\\/soderkoping\\\/#website\",\"url\":\"https:\\\/\\\/wp.kristdemokraterna.se\\\/soderkoping\\\/\",\"name\":\"S\u00f6derk\u00f6ping\",\"description\":\"Kristdemokraterna\",\"inLanguage\":\"sv-SE\"}]}<\/script>\n<!-- \/ Yoast SEO plugin. -->","yoast_head_json":{"title":"Evelina Nilsson - S\u00f6derk\u00f6ping","robots":{"index":"noindex","follow":"follow","max-snippet":"max-snippet:-1","max-image-preview":"max-image-preview:large","max-video-preview":"max-video-preview:-1"},"og_locale":"sv_SE","og_type":"article","og_title":"Evelina Nilsson - S\u00f6derk\u00f6ping","og_description":"Toppkandidat f\u00f6r Kristdemokraterna i S\u00f6derk\u00f6ping Evelina Nilsson fr\u00e5n \u00d6stra Ryd. Allas lika v\u00e4rde genom hela livet. Att f\u00e5 ha personal hos sig, dag som natt, som \u00e4r utrustad med r\u00e4tt verktyg i form av kunskap, inspiration och utrymme i tid.","og_url":"https:\/\/wp.kristdemokraterna.se\/soderkoping\/valet2018\/kommunkandidater-2018\/evelina-nilsson\/","og_site_name":"S\u00f6derk\u00f6ping","article_modified_time":"2018-07-06T13:13:18+00:00","og_image":[{"url":"http:\/\/wp.kristdemokraterna.se\/soderkoping\/files\/2018\/07\/35052762_2018996001761993_572307789511131136_n-224x300.jpg","type":"","width":"","height":""}],"twitter_card":"summary_large_image","schema":{"@context":"https:\/\/schema.org","@graph":[{"@type":"WebPage","@id":"https:\/\/wp.kristdemokraterna.se\/soderkoping\/valet2018\/kommunkandidater-2018\/evelina-nilsson\/","url":"https:\/\/wp.kristdemokraterna.se\/soderkoping\/valet2018\/kommunkandidater-2018\/evelina-nilsson\/","name":"Evelina Nilsson - S\u00f6derk\u00f6ping","isPartOf":{"@id":"https:\/\/wp.kristdemokraterna.se\/soderkoping\/#website"},"primaryImageOfPage":{"@id":"https:\/\/wp.kristdemokraterna.se\/soderkoping\/valet2018\/kommunkandidater-2018\/evelina-nilsson\/#primaryimage"},"image":{"@id":"https:\/\/wp.kristdemokraterna.se\/soderkoping\/valet2018\/kommunkandidater-2018\/evelina-nilsson\/#primaryimage"},"thumbnailUrl":"http:\/\/wp.kristdemokraterna.se\/soderkoping\/files\/2018\/07\/35052762_2018996001761993_572307789511131136_n-224x300.jpg","datePublished":"2018-07-03T12:15:09+00:00","dateModified":"2018-07-06T13:13:18+00:00","breadcrumb":{"@id":"https:\/\/wp.kristdemokraterna.se\/soderkoping\/valet2018\/kommunkandidater-2018\/evelina-nilsson\/#breadcrumb"},"inLanguage":"sv-SE","potentialAction":[{"@type":"ReadAction","target":["https:\/\/wp.kristdemokraterna.se\/soderkoping\/valet2018\/kommunkandidater-2018\/evelina-nilsson\/"]}]},{"@type":"ImageObject","inLanguage":"sv-SE","@id":"https:\/\/wp.kristdemokraterna.se\/soderkoping\/valet2018\/kommunkandidater-2018\/evelina-nilsson\/#primaryimage","url":"https:\/\/wp.kristdemokraterna.se\/soderkoping\/files\/2018\/07\/35052762_2018996001761993_572307789511131136_n.jpg","contentUrl":"https:\/\/wp.kristdemokraterna.se\/soderkoping\/files\/2018\/07\/35052762_2018996001761993_572307789511131136_n.jpg","width":716,"height":960},{"@type":"BreadcrumbList","@id":"https:\/\/wp.kristdemokraterna.se\/soderkoping\/valet2018\/kommunkandidater-2018\/evelina-nilsson\/#breadcrumb","itemListElement":[{"@type":"ListItem","position":1,"name":"Hem","item":"https:\/\/wp.kristdemokraterna.se\/soderkoping\/"},{"@type":"ListItem","position":2,"name":"Valet 9 sept 2018","item":"https:\/\/wp.kristdemokraterna.se\/soderkoping\/valet2018\/"},{"@type":"ListItem","position":3,"name":"Kommunkandidater 2018","item":"https:\/\/wp.kristdemokraterna.se\/soderkoping\/valet2018\/kommunkandidater-2018\/"},{"@type":"ListItem","position":4,"name":"Evelina Nilsson"}]},{"@type":"WebSite","@id":"https:\/\/wp.kristdemokraterna.se\/soderkoping\/#website","url":"https:\/\/wp.kristdemokraterna.se\/soderkoping\/","name":"S\u00f6derk\u00f6ping","description":"Kristdemokraterna","inLanguage":"sv-SE"}]}},"_links":{"self":[{"href":"https:\/\/wp.kristdemokraterna.se\/soderkoping\/wp-json\/wp\/v2\/pages\/417","targetHints":{"allow":["GET"]}}],"collection":[{"href":"https:\/\/wp.kristdemokraterna.se\/soderkoping\/wp-json\/wp\/v2\/pages"}],"about":[{"href":"https:\/\/wp.kristdemokraterna.se\/soderkoping\/wp-json\/wp\/v2\/types\/page"}],"author":[{"embeddable":true,"href":"https:\/\/wp.kristdemokraterna.se\/soderkoping\/wp-json\/wp\/v2\/users\/637"}],"replies":[{"embeddable":true,"href":"https:\/\/wp.kristdemokraterna.se\/soderkoping\/wp-json\/wp\/v2\/comments?post=417"}],"version-history":[{"count":3,"href":"https:\/\/wp.kristdemokraterna.se\/soderkoping\/wp-json\/wp\/v2\/pages\/417\/revisions"}],"predecessor-version":[{"id":564,"href":"https:\/\/wp.kristdemokraterna.se\/soderkoping\/wp-json\/wp\/v2\/pages\/417\/revisions\/564"}],"up":[{"embeddable":true,"href":"https:\/\/wp.kristdemokraterna.se\/soderkoping\/wp-json\/wp\/v2\/pages\/394"}],"wp:attachment":[{"href":"https:\/\/wp.kristdemokraterna.se\/soderkoping\/wp-json\/wp\/v2\/media?parent=417"}],"curies":[{"name":"wp","href":"https:\/\/api.w.org\/{rel}","templated":true}]}}