{"id":423,"date":"2018-07-03T14:21:07","date_gmt":"2018-07-03T12:21:07","guid":{"rendered":"http:\/\/wp.kristdemokraterna.se\/soderkoping\/?page_id=423"},"modified":"2018-07-06T15:14:22","modified_gmt":"2018-07-06T13:14:22","slug":"lilian-vendel","status":"publish","type":"page","link":"https:\/\/wp.kristdemokraterna.se\/soderkoping\/valet2018\/kommunkandidater-2018\/lilian-vendel\/","title":{"rendered":"Lilian Vendel"},"content":{"rendered":"<p><img loading=\"lazy\" decoding=\"async\" class=\"alignright wp-image-404 size-medium\" src=\"http:\/\/wp.kristdemokraterna.se\/soderkoping\/files\/2018\/07\/36522955_2037343853260541_3708567830459842560_n-300x224.jpg\" alt=\"\" width=\"300\" height=\"224\" srcset=\"https:\/\/wp.kristdemokraterna.se\/soderkoping\/files\/2018\/07\/36522955_2037343853260541_3708567830459842560_n-300x224.jpg 300w, https:\/\/wp.kristdemokraterna.se\/soderkoping\/files\/2018\/07\/36522955_2037343853260541_3708567830459842560_n-768x573.jpg 768w, https:\/\/wp.kristdemokraterna.se\/soderkoping\/files\/2018\/07\/36522955_2037343853260541_3708567830459842560_n-464x346.jpg 464w, https:\/\/wp.kristdemokraterna.se\/soderkoping\/files\/2018\/07\/36522955_2037343853260541_3708567830459842560_n-150x112.jpg 150w, https:\/\/wp.kristdemokraterna.se\/soderkoping\/files\/2018\/07\/36522955_2037343853260541_3708567830459842560_n.jpg 960w\" sizes=\"auto, (max-width: 300px) 100vw, 300px\" \/><em><span id=\"fbPhotoSnowliftCaption\" class=\"fbPhotosPhotoCaption\"><span class=\"hasCaption\">Toppkandidat f\u00f6r Kristdemokraterna i S\u00f6derk\u00f6ping<\/span><\/span><\/em><br \/>\nLilian Vendel. Fungerande scheman f\u00f6r alla i hemtj\u00e4nsten, b\u00e5de personal och kunder har r\u00e4tt att m\u00e5 bra. S\u00f6derk\u00f6pings utomhusbad ska byggas in o bli ett center f\u00f6r rehabilitering och fritidsbad.<\/p>\n","protected":false},"excerpt":{"rendered":"<p>Toppkandidat f\u00f6r Kristdemokraterna i S\u00f6derk\u00f6ping Lilian Vendel. Fungerande scheman f\u00f6r alla i hemtj\u00e4nsten, b\u00e5de personal och kunder har r\u00e4tt att m\u00e5 bra. S\u00f6derk\u00f6pings utomhusbad ska byggas in o bli ett center f\u00f6r rehabilitering och fritidsbad.<\/p>\n","protected":false},"author":637,"featured_media":0,"parent":394,"menu_order":5,"comment_status":"closed","ping_status":"closed","template":"","meta":{"_acf_changed":false,"footnotes":""},"class_list":["post-423","page","type-page","status-publish","hentry"],"acf":[],"yoast_head":"<!-- This site is optimized with the Yoast SEO plugin v27.4 - https:\/\/yoast.com\/product\/yoast-seo-wordpress\/ -->\n<title>Lilian Vendel - S\u00f6derk\u00f6ping<\/title>\n<meta name=\"robots\" content=\"noindex, follow, max-snippet:-1, max-image-preview:large, max-video-preview:-1\" \/>\n<meta property=\"og:locale\" content=\"sv_SE\" \/>\n<meta property=\"og:type\" content=\"article\" \/>\n<meta property=\"og:title\" content=\"Lilian Vendel - S\u00f6derk\u00f6ping\" \/>\n<meta property=\"og:description\" content=\"Toppkandidat f\u00f6r Kristdemokraterna i S\u00f6derk\u00f6ping Lilian Vendel. Fungerande scheman f\u00f6r alla i hemtj\u00e4nsten, b\u00e5de personal och kunder har r\u00e4tt att m\u00e5 bra. S\u00f6derk\u00f6pings utomhusbad ska byggas in o bli ett center f\u00f6r rehabilitering och fritidsbad.\" \/>\n<meta property=\"og:url\" content=\"https:\/\/wp.kristdemokraterna.se\/soderkoping\/valet2018\/kommunkandidater-2018\/lilian-vendel\/\" \/>\n<meta property=\"og:site_name\" content=\"S\u00f6derk\u00f6ping\" \/>\n<meta property=\"article:modified_time\" content=\"2018-07-06T13:14:22+00:00\" \/>\n<meta property=\"og:image\" content=\"http:\/\/wp.kristdemokraterna.se\/soderkoping\/files\/2018\/07\/36522955_2037343853260541_3708567830459842560_n-300x224.jpg\" \/>\n<meta name=\"twitter:card\" content=\"summary_large_image\" \/>\n<script type=\"application\/ld+json\" class=\"yoast-schema-graph\">{\"@context\":\"https:\\\/\\\/schema.org\",\"@graph\":[{\"@type\":\"WebPage\",\"@id\":\"https:\\\/\\\/wp.kristdemokraterna.se\\\/soderkoping\\\/valet2018\\\/kommunkandidater-2018\\\/lilian-vendel\\\/\",\"url\":\"https:\\\/\\\/wp.kristdemokraterna.se\\\/soderkoping\\\/valet2018\\\/kommunkandidater-2018\\\/lilian-vendel\\\/\",\"name\":\"Lilian Vendel - S\u00f6derk\u00f6ping\",\"isPartOf\":{\"@id\":\"https:\\\/\\\/wp.kristdemokraterna.se\\\/soderkoping\\\/#website\"},\"primaryImageOfPage\":{\"@id\":\"https:\\\/\\\/wp.kristdemokraterna.se\\\/soderkoping\\\/valet2018\\\/kommunkandidater-2018\\\/lilian-vendel\\\/#primaryimage\"},\"image\":{\"@id\":\"https:\\\/\\\/wp.kristdemokraterna.se\\\/soderkoping\\\/valet2018\\\/kommunkandidater-2018\\\/lilian-vendel\\\/#primaryimage\"},\"thumbnailUrl\":\"http:\\\/\\\/wp.kristdemokraterna.se\\\/soderkoping\\\/files\\\/2018\\\/07\\\/36522955_2037343853260541_3708567830459842560_n-300x224.jpg\",\"datePublished\":\"2018-07-03T12:21:07+00:00\",\"dateModified\":\"2018-07-06T13:14:22+00:00\",\"breadcrumb\":{\"@id\":\"https:\\\/\\\/wp.kristdemokraterna.se\\\/soderkoping\\\/valet2018\\\/kommunkandidater-2018\\\/lilian-vendel\\\/#breadcrumb\"},\"inLanguage\":\"sv-SE\",\"potentialAction\":[{\"@type\":\"ReadAction\",\"target\":[\"https:\\\/\\\/wp.kristdemokraterna.se\\\/soderkoping\\\/valet2018\\\/kommunkandidater-2018\\\/lilian-vendel\\\/\"]}]},{\"@type\":\"ImageObject\",\"inLanguage\":\"sv-SE\",\"@id\":\"https:\\\/\\\/wp.kristdemokraterna.se\\\/soderkoping\\\/valet2018\\\/kommunkandidater-2018\\\/lilian-vendel\\\/#primaryimage\",\"url\":\"https:\\\/\\\/wp.kristdemokraterna.se\\\/soderkoping\\\/files\\\/2018\\\/07\\\/36522955_2037343853260541_3708567830459842560_n.jpg\",\"contentUrl\":\"https:\\\/\\\/wp.kristdemokraterna.se\\\/soderkoping\\\/files\\\/2018\\\/07\\\/36522955_2037343853260541_3708567830459842560_n.jpg\",\"width\":960,\"height\":716},{\"@type\":\"BreadcrumbList\",\"@id\":\"https:\\\/\\\/wp.kristdemokraterna.se\\\/soderkoping\\\/valet2018\\\/kommunkandidater-2018\\\/lilian-vendel\\\/#breadcrumb\",\"itemListElement\":[{\"@type\":\"ListItem\",\"position\":1,\"name\":\"Hem\",\"item\":\"https:\\\/\\\/wp.kristdemokraterna.se\\\/soderkoping\\\/\"},{\"@type\":\"ListItem\",\"position\":2,\"name\":\"Valet 9 sept 2018\",\"item\":\"https:\\\/\\\/wp.kristdemokraterna.se\\\/soderkoping\\\/valet2018\\\/\"},{\"@type\":\"ListItem\",\"position\":3,\"name\":\"Kommunkandidater 2018\",\"item\":\"https:\\\/\\\/wp.kristdemokraterna.se\\\/soderkoping\\\/valet2018\\\/kommunkandidater-2018\\\/\"},{\"@type\":\"ListItem\",\"position\":4,\"name\":\"Lilian Vendel\"}]},{\"@type\":\"WebSite\",\"@id\":\"https:\\\/\\\/wp.kristdemokraterna.se\\\/soderkoping\\\/#website\",\"url\":\"https:\\\/\\\/wp.kristdemokraterna.se\\\/soderkoping\\\/\",\"name\":\"S\u00f6derk\u00f6ping\",\"description\":\"Kristdemokraterna\",\"inLanguage\":\"sv-SE\"}]}<\/script>\n<!-- \/ Yoast SEO plugin. -->","yoast_head_json":{"title":"Lilian Vendel - S\u00f6derk\u00f6ping","robots":{"index":"noindex","follow":"follow","max-snippet":"max-snippet:-1","max-image-preview":"max-image-preview:large","max-video-preview":"max-video-preview:-1"},"og_locale":"sv_SE","og_type":"article","og_title":"Lilian Vendel - S\u00f6derk\u00f6ping","og_description":"Toppkandidat f\u00f6r Kristdemokraterna i S\u00f6derk\u00f6ping Lilian Vendel. Fungerande scheman f\u00f6r alla i hemtj\u00e4nsten, b\u00e5de personal och kunder har r\u00e4tt att m\u00e5 bra. S\u00f6derk\u00f6pings utomhusbad ska byggas in o bli ett center f\u00f6r rehabilitering och fritidsbad.","og_url":"https:\/\/wp.kristdemokraterna.se\/soderkoping\/valet2018\/kommunkandidater-2018\/lilian-vendel\/","og_site_name":"S\u00f6derk\u00f6ping","article_modified_time":"2018-07-06T13:14:22+00:00","og_image":[{"url":"http:\/\/wp.kristdemokraterna.se\/soderkoping\/files\/2018\/07\/36522955_2037343853260541_3708567830459842560_n-300x224.jpg","type":"","width":"","height":""}],"twitter_card":"summary_large_image","schema":{"@context":"https:\/\/schema.org","@graph":[{"@type":"WebPage","@id":"https:\/\/wp.kristdemokraterna.se\/soderkoping\/valet2018\/kommunkandidater-2018\/lilian-vendel\/","url":"https:\/\/wp.kristdemokraterna.se\/soderkoping\/valet2018\/kommunkandidater-2018\/lilian-vendel\/","name":"Lilian Vendel - S\u00f6derk\u00f6ping","isPartOf":{"@id":"https:\/\/wp.kristdemokraterna.se\/soderkoping\/#website"},"primaryImageOfPage":{"@id":"https:\/\/wp.kristdemokraterna.se\/soderkoping\/valet2018\/kommunkandidater-2018\/lilian-vendel\/#primaryimage"},"image":{"@id":"https:\/\/wp.kristdemokraterna.se\/soderkoping\/valet2018\/kommunkandidater-2018\/lilian-vendel\/#primaryimage"},"thumbnailUrl":"http:\/\/wp.kristdemokraterna.se\/soderkoping\/files\/2018\/07\/36522955_2037343853260541_3708567830459842560_n-300x224.jpg","datePublished":"2018-07-03T12:21:07+00:00","dateModified":"2018-07-06T13:14:22+00:00","breadcrumb":{"@id":"https:\/\/wp.kristdemokraterna.se\/soderkoping\/valet2018\/kommunkandidater-2018\/lilian-vendel\/#breadcrumb"},"inLanguage":"sv-SE","potentialAction":[{"@type":"ReadAction","target":["https:\/\/wp.kristdemokraterna.se\/soderkoping\/valet2018\/kommunkandidater-2018\/lilian-vendel\/"]}]},{"@type":"ImageObject","inLanguage":"sv-SE","@id":"https:\/\/wp.kristdemokraterna.se\/soderkoping\/valet2018\/kommunkandidater-2018\/lilian-vendel\/#primaryimage","url":"https:\/\/wp.kristdemokraterna.se\/soderkoping\/files\/2018\/07\/36522955_2037343853260541_3708567830459842560_n.jpg","contentUrl":"https:\/\/wp.kristdemokraterna.se\/soderkoping\/files\/2018\/07\/36522955_2037343853260541_3708567830459842560_n.jpg","width":960,"height":716},{"@type":"BreadcrumbList","@id":"https:\/\/wp.kristdemokraterna.se\/soderkoping\/valet2018\/kommunkandidater-2018\/lilian-vendel\/#breadcrumb","itemListElement":[{"@type":"ListItem","position":1,"name":"Hem","item":"https:\/\/wp.kristdemokraterna.se\/soderkoping\/"},{"@type":"ListItem","position":2,"name":"Valet 9 sept 2018","item":"https:\/\/wp.kristdemokraterna.se\/soderkoping\/valet2018\/"},{"@type":"ListItem","position":3,"name":"Kommunkandidater 2018","item":"https:\/\/wp.kristdemokraterna.se\/soderkoping\/valet2018\/kommunkandidater-2018\/"},{"@type":"ListItem","position":4,"name":"Lilian Vendel"}]},{"@type":"WebSite","@id":"https:\/\/wp.kristdemokraterna.se\/soderkoping\/#website","url":"https:\/\/wp.kristdemokraterna.se\/soderkoping\/","name":"S\u00f6derk\u00f6ping","description":"Kristdemokraterna","inLanguage":"sv-SE"}]}},"_links":{"self":[{"href":"https:\/\/wp.kristdemokraterna.se\/soderkoping\/wp-json\/wp\/v2\/pages\/423","targetHints":{"allow":["GET"]}}],"collection":[{"href":"https:\/\/wp.kristdemokraterna.se\/soderkoping\/wp-json\/wp\/v2\/pages"}],"about":[{"href":"https:\/\/wp.kristdemokraterna.se\/soderkoping\/wp-json\/wp\/v2\/types\/page"}],"author":[{"embeddable":true,"href":"https:\/\/wp.kristdemokraterna.se\/soderkoping\/wp-json\/wp\/v2\/users\/637"}],"replies":[{"embeddable":true,"href":"https:\/\/wp.kristdemokraterna.se\/soderkoping\/wp-json\/wp\/v2\/comments?post=423"}],"version-history":[{"count":4,"href":"https:\/\/wp.kristdemokraterna.se\/soderkoping\/wp-json\/wp\/v2\/pages\/423\/revisions"}],"predecessor-version":[{"id":567,"href":"https:\/\/wp.kristdemokraterna.se\/soderkoping\/wp-json\/wp\/v2\/pages\/423\/revisions\/567"}],"up":[{"embeddable":true,"href":"https:\/\/wp.kristdemokraterna.se\/soderkoping\/wp-json\/wp\/v2\/pages\/394"}],"wp:attachment":[{"href":"https:\/\/wp.kristdemokraterna.se\/soderkoping\/wp-json\/wp\/v2\/media?parent=423"}],"curies":[{"name":"wp","href":"https:\/\/api.w.org\/{rel}","templated":true}]}}