{"id":490,"date":"2018-07-03T16:56:28","date_gmt":"2018-07-03T14:56:28","guid":{"rendered":"http:\/\/wp.kristdemokraterna.se\/soderkoping\/?page_id=490"},"modified":"2022-10-09T17:39:53","modified_gmt":"2022-10-09T15:39:53","slug":"vart-parti","status":"publish","type":"page","link":"https:\/\/wp.kristdemokraterna.se\/soderkoping\/om-oss\/vart-parti\/","title":{"rendered":"V\u00e5rt parti"},"content":{"rendered":"<h2>Kort om Kristdemokraterna<\/h2>\n<div id=\"ctl00_AllAreaPlaceHolder_MainContentArea_PageHeader1_pnlHeading\">\n<p><strong>Kristdemokraterna arbetar f\u00f6r ett samh\u00e4lle d\u00e4r alla\u00a0tar ansvar och bryr sig om varandra. V\u00e5ra mest prioriterade omr\u00e5den \u00e4r barn och familj, jobb och \u00e4ldres ekonomi, v\u00e5rd och omsorg samt trygghetsfr\u00e5gor<\/strong>.<\/p>\n<\/div>\n<div>\n<p>Vi vill g\u00f6ra Sverige till v\u00e4rldens b\u00e4sta land att v\u00e4xa upp i. V\u00e5r\u00a0politik\u00a0k\u00e4nnetecknas av v\u00e5r syn p\u00e5 familjens betydelse, p\u00e5 det civila samh\u00e4llets viktiga roll och politikens gr\u00e4nser.<\/p>\n<p>V\u00e5rt partinamn ber\u00e4ttar vad vi st\u00e5r f\u00f6r \u2013 en demokrati byggd p\u00e5 kristen m\u00e4nniskosyn och v\u00e4rdegrund. En vanlig missuppfattning \u00e4r att man m\u00e5ste vara troende f\u00f6r att vara med. Det \u00e4r fel. Alla som delar v\u00e5ra id\u00e9er \u00e4r v\u00e4lkomna i partiet.<\/p>\n<p><strong>Fakta om partiet:<\/strong><\/p>\n<ul>\n<li style=\"list-style-type: none\">\n<ul>\n<li>Partiets ordf\u00f6rande heter\u00a0<a href=\"https:\/\/www.kristdemokraterna.se\/Ebba\/\" target=\"_blank\" rel=\"noopener\">Ebba Busch<\/a>.<\/li>\n<li>Vi har 19 (22*) riksdagsledam\u00f6ter.<\/li>\n<li>Kristdemokraterna fick sitt f\u00f6rsta riksdagsmandat 1991.\u00a0I det senaste riksdagsvalet fick Kristdemokraterna 5,34% (6,32 %*) av r\u00f6sterna.\u00a0Vi har drygt ca 25 600 medlemmar. Vi \u00e4r organiserade i 26 distrikt. Ett distrikt omfattar oftast ett l\u00e4n. Kristdemokraterna \u00e4r representerade i ca 235 kommuner. V\u00e5ra lokala representanter hittar du\u00a0<a href=\"https:\/\/kristdemokraterna.se\/vart-parti\/foretradare\/kd-lokalt\/ostergotlands-lan\" target=\"_blank\" rel=\"noopener\">h\u00e4r<\/a>.<\/li>\n<li>I partiet finns ocks\u00e5 ett\u00a0<a class=\"externalLink\" title=\"Till kvinnof\u00f6rbundets hemsida - \u00f6ppnas i nytt f\u00f6nster\" href=\"https:\/\/www.kdkvinnor.se\/\" target=\"_blank\" rel=\"noopener\">kvinnof\u00f6rbund<\/a>, ett\u00a0<a class=\"externalLink\" title=\"Till KDUs hemsida - \u00f6ppnas i nytt f\u00f6nster\" href=\"http:\/\/www.kdu.se\/\" target=\"_blank\" rel=\"noopener\">ungdomsf\u00f6rbund<\/a>, ett\u00a0<a class=\"externalLink\" title=\"Till studentf\u00f6rbundets hemsida - \u00f6ppnas i nytt f\u00f6nster\" href=\"https:\/\/www.kdstudenter.se\/\" target=\"_blank\" rel=\"noopener\">studentf\u00f6rbund<\/a>\u00a0och ett\u00a0<a class=\"externalLink\" title=\"Till seniorf\u00f6rbundets hemsida - \u00f6ppnas i nytt f\u00f6nster\" href=\"http:\/\/www.kdsenior.se\/\" target=\"_blank\" rel=\"noopener\">seniorf\u00f6rbund<\/a>.<\/li>\n<li>\u00c5r 2005 startade organisationen\u00a0<a class=\"externalLink\" title=\"KIC - Kristdemokratiskt Internationellt Center - \u00d6ppnas i ett nytt f\u00f6nster\" href=\"http:\/\/www.kicsweden.org\/\" target=\"_blank\" rel=\"noopener\">KIC \u2013 Kristdemokratiskt Internationellt Center<\/a>\u00a0 som arbetar med demokratibist\u00e5nd. De\u00a0st\u00f6djer andra kristdemokratiska partier. I diktaturer st\u00f6ttar de\u00a0demokratir\u00f6relser som befinner sig i opposition.<\/li>\n<li>\u00c5r 2019 startade f\u00f6rbundet\u00a0<a href=\"https:\/\/oppnakristdemokrater.se\/\" target=\"_blank\" rel=\"noopener noreferrer external\" data-wpel-link=\"external\">\u00d6ppna Kristdemokrater<\/a>\u00a0upp, och som \u00e4r Kristdemokraternas egna hbt+organisation.<\/li>\n<li>\u00c5r 2022 startade <a href=\"https:\/\/www.kd-b.se\/\" target=\"_blank\" rel=\"noopener\">Kristdemokratiska Bondef\u00f6rbundet<\/a> upp, och som \u00e4r kristdemokraternas egna landsbygdspolitiska organisation.<\/li>\n<li>Kristdemokraterna \u00e4r representerat i EU-parlamentet av\u00a0<a href=\"http:\/\/www.skyttedal.se\/\" target=\"_blank\" rel=\"noopener noreferrer\">Sara Skyttedal<\/a>\u00a0och\u00a0<a href=\"https:\/\/davidlega.eu\/\" target=\"_blank\" rel=\"noopener noreferrer\">David Lega<\/a>. P\u00e5 europeisk niv\u00e5 utg\u00f6r Kristdemokraterna en del av <a href=\"https:\/\/www.eppgroup.eu\/\" target=\"_blank\" rel=\"noopener\">EPP \u2013 European People\u00b4s Party<\/a> \u2013 en sammanslutning av kristdemokratiska partier i Europa.<\/li>\n<\/ul>\n<p>Mer information om partiet finner du p\u00e5<br \/>\n&gt;\u00a0<a href=\"https:\/\/www.kristdemokraterna.se\/\" target=\"_blank\" rel=\"noopener\">Kristdemokraterna<\/a><\/li>\n<\/ul>\n<\/div>\n<hr \/>\n<p>*) resultat fr\u00e5n valet 2018<\/p>\n","protected":false},"excerpt":{"rendered":"<p>Kort om Kristdemokraterna Kristdemokraterna arbetar f\u00f6r ett samh\u00e4lle d\u00e4r alla\u00a0tar ansvar och bryr sig om varandra. V\u00e5ra mest prioriterade omr\u00e5den \u00e4r barn och familj, jobb och \u00e4ldres ekonomi, v\u00e5rd och omsorg samt trygghetsfr\u00e5gor. Vi vill g\u00f6ra Sverige till v\u00e4rldens b\u00e4sta land att v\u00e4xa upp i. V\u00e5r\u00a0politik\u00a0k\u00e4nnetecknas av v\u00e5r syn p\u00e5 familjens betydelse, p\u00e5 det civila <a class=\"read-more-link\" href=\"https:\/\/wp.kristdemokraterna.se\/soderkoping\/om-oss\/vart-parti\/\">Read More<\/a><\/p>\n","protected":false},"author":637,"featured_media":0,"parent":487,"menu_order":0,"comment_status":"closed","ping_status":"closed","template":"","meta":{"_acf_changed":false,"footnotes":""},"class_list":["post-490","page","type-page","status-publish","hentry"],"acf":[],"yoast_head":"<!-- This site is optimized with the Yoast SEO plugin v27.4 - https:\/\/yoast.com\/product\/yoast-seo-wordpress\/ -->\n<title>V\u00e5rt parti - S\u00f6derk\u00f6ping<\/title>\n<meta name=\"robots\" content=\"noindex, follow, max-snippet:-1, max-image-preview:large, max-video-preview:-1\" \/>\n<meta property=\"og:locale\" content=\"sv_SE\" \/>\n<meta property=\"og:type\" content=\"article\" \/>\n<meta property=\"og:title\" content=\"V\u00e5rt parti - S\u00f6derk\u00f6ping\" \/>\n<meta property=\"og:description\" content=\"Kort om Kristdemokraterna Kristdemokraterna arbetar f\u00f6r ett samh\u00e4lle d\u00e4r alla\u00a0tar ansvar och bryr sig om varandra. V\u00e5ra mest prioriterade omr\u00e5den \u00e4r barn och familj, jobb och \u00e4ldres ekonomi, v\u00e5rd och omsorg samt trygghetsfr\u00e5gor. Vi vill g\u00f6ra Sverige till v\u00e4rldens b\u00e4sta land att v\u00e4xa upp i. V\u00e5r\u00a0politik\u00a0k\u00e4nnetecknas av v\u00e5r syn p\u00e5 familjens betydelse, p\u00e5 det civila Read More\" \/>\n<meta property=\"og:url\" content=\"https:\/\/wp.kristdemokraterna.se\/soderkoping\/om-oss\/vart-parti\/\" \/>\n<meta property=\"og:site_name\" content=\"S\u00f6derk\u00f6ping\" \/>\n<meta property=\"article:modified_time\" content=\"2022-10-09T15:39:53+00:00\" \/>\n<meta name=\"twitter:card\" content=\"summary_large_image\" \/>\n<meta name=\"twitter:label1\" content=\"Ber\u00e4knad l\u00e4stid\" \/>\n\t<meta name=\"twitter:data1\" content=\"2 minuter\" \/>\n<script type=\"application\/ld+json\" class=\"yoast-schema-graph\">{\"@context\":\"https:\\\/\\\/schema.org\",\"@graph\":[{\"@type\":\"WebPage\",\"@id\":\"https:\\\/\\\/wp.kristdemokraterna.se\\\/soderkoping\\\/om-oss\\\/vart-parti\\\/\",\"url\":\"https:\\\/\\\/wp.kristdemokraterna.se\\\/soderkoping\\\/om-oss\\\/vart-parti\\\/\",\"name\":\"V\u00e5rt parti - S\u00f6derk\u00f6ping\",\"isPartOf\":{\"@id\":\"https:\\\/\\\/wp.kristdemokraterna.se\\\/soderkoping\\\/#website\"},\"datePublished\":\"2018-07-03T14:56:28+00:00\",\"dateModified\":\"2022-10-09T15:39:53+00:00\",\"breadcrumb\":{\"@id\":\"https:\\\/\\\/wp.kristdemokraterna.se\\\/soderkoping\\\/om-oss\\\/vart-parti\\\/#breadcrumb\"},\"inLanguage\":\"sv-SE\",\"potentialAction\":[{\"@type\":\"ReadAction\",\"target\":[\"https:\\\/\\\/wp.kristdemokraterna.se\\\/soderkoping\\\/om-oss\\\/vart-parti\\\/\"]}]},{\"@type\":\"BreadcrumbList\",\"@id\":\"https:\\\/\\\/wp.kristdemokraterna.se\\\/soderkoping\\\/om-oss\\\/vart-parti\\\/#breadcrumb\",\"itemListElement\":[{\"@type\":\"ListItem\",\"position\":1,\"name\":\"Hem\",\"item\":\"https:\\\/\\\/wp.kristdemokraterna.se\\\/soderkoping\\\/\"},{\"@type\":\"ListItem\",\"position\":2,\"name\":\"V\u00e5r Partiavdelning\",\"item\":\"https:\\\/\\\/wp.kristdemokraterna.se\\\/soderkoping\\\/om-oss\\\/\"},{\"@type\":\"ListItem\",\"position\":3,\"name\":\"V\u00e5rt parti\"}]},{\"@type\":\"WebSite\",\"@id\":\"https:\\\/\\\/wp.kristdemokraterna.se\\\/soderkoping\\\/#website\",\"url\":\"https:\\\/\\\/wp.kristdemokraterna.se\\\/soderkoping\\\/\",\"name\":\"S\u00f6derk\u00f6ping\",\"description\":\"Kristdemokraterna\",\"inLanguage\":\"sv-SE\"}]}<\/script>\n<!-- \/ Yoast SEO plugin. -->","yoast_head_json":{"title":"V\u00e5rt parti - S\u00f6derk\u00f6ping","robots":{"index":"noindex","follow":"follow","max-snippet":"max-snippet:-1","max-image-preview":"max-image-preview:large","max-video-preview":"max-video-preview:-1"},"og_locale":"sv_SE","og_type":"article","og_title":"V\u00e5rt parti - S\u00f6derk\u00f6ping","og_description":"Kort om Kristdemokraterna Kristdemokraterna arbetar f\u00f6r ett samh\u00e4lle d\u00e4r alla\u00a0tar ansvar och bryr sig om varandra. V\u00e5ra mest prioriterade omr\u00e5den \u00e4r barn och familj, jobb och \u00e4ldres ekonomi, v\u00e5rd och omsorg samt trygghetsfr\u00e5gor. Vi vill g\u00f6ra Sverige till v\u00e4rldens b\u00e4sta land att v\u00e4xa upp i. V\u00e5r\u00a0politik\u00a0k\u00e4nnetecknas av v\u00e5r syn p\u00e5 familjens betydelse, p\u00e5 det civila Read More","og_url":"https:\/\/wp.kristdemokraterna.se\/soderkoping\/om-oss\/vart-parti\/","og_site_name":"S\u00f6derk\u00f6ping","article_modified_time":"2022-10-09T15:39:53+00:00","twitter_card":"summary_large_image","twitter_misc":{"Ber\u00e4knad l\u00e4stid":"2 minuter"},"schema":{"@context":"https:\/\/schema.org","@graph":[{"@type":"WebPage","@id":"https:\/\/wp.kristdemokraterna.se\/soderkoping\/om-oss\/vart-parti\/","url":"https:\/\/wp.kristdemokraterna.se\/soderkoping\/om-oss\/vart-parti\/","name":"V\u00e5rt parti - S\u00f6derk\u00f6ping","isPartOf":{"@id":"https:\/\/wp.kristdemokraterna.se\/soderkoping\/#website"},"datePublished":"2018-07-03T14:56:28+00:00","dateModified":"2022-10-09T15:39:53+00:00","breadcrumb":{"@id":"https:\/\/wp.kristdemokraterna.se\/soderkoping\/om-oss\/vart-parti\/#breadcrumb"},"inLanguage":"sv-SE","potentialAction":[{"@type":"ReadAction","target":["https:\/\/wp.kristdemokraterna.se\/soderkoping\/om-oss\/vart-parti\/"]}]},{"@type":"BreadcrumbList","@id":"https:\/\/wp.kristdemokraterna.se\/soderkoping\/om-oss\/vart-parti\/#breadcrumb","itemListElement":[{"@type":"ListItem","position":1,"name":"Hem","item":"https:\/\/wp.kristdemokraterna.se\/soderkoping\/"},{"@type":"ListItem","position":2,"name":"V\u00e5r Partiavdelning","item":"https:\/\/wp.kristdemokraterna.se\/soderkoping\/om-oss\/"},{"@type":"ListItem","position":3,"name":"V\u00e5rt parti"}]},{"@type":"WebSite","@id":"https:\/\/wp.kristdemokraterna.se\/soderkoping\/#website","url":"https:\/\/wp.kristdemokraterna.se\/soderkoping\/","name":"S\u00f6derk\u00f6ping","description":"Kristdemokraterna","inLanguage":"sv-SE"}]}},"_links":{"self":[{"href":"https:\/\/wp.kristdemokraterna.se\/soderkoping\/wp-json\/wp\/v2\/pages\/490","targetHints":{"allow":["GET"]}}],"collection":[{"href":"https:\/\/wp.kristdemokraterna.se\/soderkoping\/wp-json\/wp\/v2\/pages"}],"about":[{"href":"https:\/\/wp.kristdemokraterna.se\/soderkoping\/wp-json\/wp\/v2\/types\/page"}],"author":[{"embeddable":true,"href":"https:\/\/wp.kristdemokraterna.se\/soderkoping\/wp-json\/wp\/v2\/users\/637"}],"replies":[{"embeddable":true,"href":"https:\/\/wp.kristdemokraterna.se\/soderkoping\/wp-json\/wp\/v2\/comments?post=490"}],"version-history":[{"count":10,"href":"https:\/\/wp.kristdemokraterna.se\/soderkoping\/wp-json\/wp\/v2\/pages\/490\/revisions"}],"predecessor-version":[{"id":1253,"href":"https:\/\/wp.kristdemokraterna.se\/soderkoping\/wp-json\/wp\/v2\/pages\/490\/revisions\/1253"}],"up":[{"embeddable":true,"href":"https:\/\/wp.kristdemokraterna.se\/soderkoping\/wp-json\/wp\/v2\/pages\/487"}],"wp:attachment":[{"href":"https:\/\/wp.kristdemokraterna.se\/soderkoping\/wp-json\/wp\/v2\/media?parent=490"}],"curies":[{"name":"wp","href":"https:\/\/api.w.org\/{rel}","templated":true}]}}