{"id":499,"date":"2018-07-03T17:03:55","date_gmt":"2018-07-03T15:03:55","guid":{"rendered":"http:\/\/wp.kristdemokraterna.se\/soderkoping\/?page_id=499"},"modified":"2023-02-14T17:17:32","modified_gmt":"2023-02-14T16:17:32","slug":"kontaktaoss","status":"publish","type":"page","link":"https:\/\/wp.kristdemokraterna.se\/soderkoping\/om-oss\/kontaktaoss\/","title":{"rendered":"Kontakta oss"},"content":{"rendered":"<p><strong>Postadress<\/strong>\u00a0(<em>Ordf\u00f6rande<\/em>)<strong>:<br \/>\n<\/strong>Kristdemokraterna S\u00f6derk\u00f6ping<br \/>\nc\/o <em>Johanna Englund<\/em><br \/>\nSturegatan 10<br \/>\n614 32 S\u00f6derk\u00f6ping<\/p>\n<p>Tel:\u00a0 070-597 93 89 (mobil)<\/p>\n<p>E-post: \u00a0soderkoping@kristdemokraterna.se<br \/>\n\u2013 <i>allm\u00e4nna fr\u00e5gor, inbjudningar\/debatter eller fakturor och dyl.<\/i><\/p>\n<p>Plusgiro: 628176-0\u00a0 (<em><span style=\"color: #ff0000\"><strong>OBS!<\/strong><\/span>\u00a0ej f\u00f6r medlemsavgift, se nedan<\/em>)<br \/>\nBetalningsmottagare: Kristdemokraterna<\/p>\n<p>Org. nr: 802501-5689\u00a0 (<em>Kristdemokraterna i S\u00f6derk\u00f6ping<\/em>)<\/p>\n<p>webbadress: https:\/\/soderkoping.kristdemokraterna.se\/<br \/>\nwebbredakt\u00f6r: Lars-Johan Sunnerberg,<br \/>\nlars-johan.sunnerberg@kristdemokraterna.se<\/p>\n<hr \/>\n<p style=\"padding-left: 40px\"><strong>Medlemsavgiften<\/strong><em><strong><br \/>\n<\/strong><\/em>Bankgiro:\u00a0<em>414-9274<br \/>\nBetalningsmottagare: Kristdemokraterna<br \/>\n<strong>OBS!<\/strong>\u00a0ange \u00e4ven ditt personliga OCR-nummer \u201dreferens\u201d<\/em><\/p>\n<p style=\"padding-left: 40px\">Swish: 123 069 84 98<br \/>\n<em><strong>OBS!<\/strong>\u00a0ange \u00e4ven ditt personliga OCR-nummer \u201dreferens\u201d i meddelande<\/em><\/p>\n<p style=\"padding-left: 40px\"><em>\u2013 fr\u00e5gor om ditt medlemskap, OCR-nummer eller avgiften,\u00a0e-posta:\u00a0<\/em>medlem@kristdemokraterna.se<\/p>\n<hr \/>\n<p style=\"text-align: center\">&gt;\u00a0 <a href=\"https:\/\/wp.kristdemokraterna.se\/soderkoping\/om-oss\/fortroendevalda-2022-2026\/\"><em>V\u00e5ra politiker<\/em><\/a>\u00a0 &gt; <span style=\"color: #999999\"><em>L\u00e4nk<\/em><\/span><strong><br \/>\n<\/strong><\/p>\n<hr \/>\n<p><strong><br \/>\nPartiavdelningen<br \/>\n<\/strong><img loading=\"lazy\" decoding=\"async\" class=\"alignnone wp-image-1107 size-medium\" src=\"http:\/\/wp.kristdemokraterna.se\/soderkoping\/files\/2022\/09\/94764b0e-6771-434a-bf33-5b819f149604-200x300.jpeg\" alt=\"\" width=\"200\" height=\"300\" srcset=\"https:\/\/wp.kristdemokraterna.se\/soderkoping\/files\/2022\/09\/94764b0e-6771-434a-bf33-5b819f149604-200x300.jpeg 200w, https:\/\/wp.kristdemokraterna.se\/soderkoping\/files\/2022\/09\/94764b0e-6771-434a-bf33-5b819f149604-683x1024.jpeg 683w, https:\/\/wp.kristdemokraterna.se\/soderkoping\/files\/2022\/09\/94764b0e-6771-434a-bf33-5b819f149604-768x1152.jpeg 768w, https:\/\/wp.kristdemokraterna.se\/soderkoping\/files\/2022\/09\/94764b0e-6771-434a-bf33-5b819f149604-1024x1536.jpeg 1024w, https:\/\/wp.kristdemokraterna.se\/soderkoping\/files\/2022\/09\/94764b0e-6771-434a-bf33-5b819f149604-133x200.jpeg 133w, https:\/\/wp.kristdemokraterna.se\/soderkoping\/files\/2022\/09\/94764b0e-6771-434a-bf33-5b819f149604-370x555.jpeg 370w, https:\/\/wp.kristdemokraterna.se\/soderkoping\/files\/2022\/09\/94764b0e-6771-434a-bf33-5b819f149604-770x1155.jpeg 770w, https:\/\/wp.kristdemokraterna.se\/soderkoping\/files\/2022\/09\/94764b0e-6771-434a-bf33-5b819f149604-450x675.jpeg 450w, https:\/\/wp.kristdemokraterna.se\/soderkoping\/files\/2022\/09\/94764b0e-6771-434a-bf33-5b819f149604-268x402.jpeg 268w, https:\/\/wp.kristdemokraterna.se\/soderkoping\/files\/2022\/09\/94764b0e-6771-434a-bf33-5b819f149604-340x510.jpeg 340w, https:\/\/wp.kristdemokraterna.se\/soderkoping\/files\/2022\/09\/94764b0e-6771-434a-bf33-5b819f149604-37x56.jpeg 37w, https:\/\/wp.kristdemokraterna.se\/soderkoping\/files\/2022\/09\/94764b0e-6771-434a-bf33-5b819f149604.jpeg 1365w\" sizes=\"auto, (max-width: 200px) 100vw, 200px\" \/><br \/>\nJohanna Englund, ordf\u00f6rande<br \/>\nTel:\u00a0070-597 93 89 (mobil)<br \/>\n<span style=\"color: #999999\"><span style=\"color: #000000\">johanna.englund@kristdemokraterna.se <\/span><\/span><\/p>\n<p>Fredrik L\u00f6nnberg, vice ordf\u00f6rande<br \/>\nTel: 070-306 34 89 (mobil)<br \/>\nfrilonnberg@gmail.com<\/p>\n<p>\u00d6vriga styrelseledam\u00f6ter:<br \/>\nBengt-Ove Karlsson, Erik Jakobsson, Lillian Vendel, Anders Eksmo<\/p>\n<p><strong><br \/>\nKommunfullm\u00e4ktige<\/strong><br \/>\n<img loading=\"lazy\" decoding=\"async\" class=\"alignnone wp-image-1156 size-medium\" src=\"http:\/\/wp.kristdemokraterna.se\/soderkoping\/files\/2022\/09\/ad5f0e3f-3e93-4e62-9f11-ebc47f02ccc3-e1665327485740-201x300.jpeg\" alt=\"\" width=\"201\" height=\"300\" \/><br \/>\nAnders Eksmo, ordf\u00f6rande &amp; gruppledare<br \/>\nTel: 0121-186 11 (direkt), 070-833 34 33 (mobil)<br \/>\nanders.eksmo@kristdemokraterna.se<br \/>\nanders.eksmo@soderkoping.se<\/p>\n<hr \/>\n<p><strong>\u00d6VRIGA<\/strong><br \/>\n<strong>Partiregion Sydost\u00a0<\/strong><em>(\u00d6sterg\u00f6tlands, J\u00f6nk\u00f6pings, Kalmar l\u00e4n)<\/em><strong><br \/>\n<\/strong><img loading=\"lazy\" decoding=\"async\" class=\"alignnone wp-image-3793 size-thumbnail\" src=\"http:\/\/wp.kristdemokraterna.se\/soderkoping\/files\/2020\/02\/evenils-e1582914432343.jpg\" alt=\"\" width=\"150\" height=\"150\" \/><br \/>\nEvelina Nilsson, organisationsutvecklare<br \/>\nTel. 08-723 25 74 (arbete), 0765-27 25 74 (mobil)<br \/>\nevelina.nilsson@kristdemokraterna.se<\/p>\n<p><strong>Partidistrikt \u00d6sterg\u00f6tland<\/strong>\u00a0(<a href=\"https:\/\/ostergotland.kristdemokraterna.se\/\" target=\"_blank\" rel=\"noopener noreferrer\">&gt;&gt;<\/a>)<br \/>\nTel. 0703-18 33 88 (mobil)<br \/>\nostergotland@kristdemokraterna.se<\/p>\n<p>Elvira Wibeck, ombudsman<br \/>\nTel. 0725-39 61 13 (mobil)<br \/>\nelvira.wibeck@kristdemokraterna.se<\/p>\n<p><strong>Region \u00d6sterg\u00f6tland<\/strong>\u00a0(<a href=\"https:\/\/regionostergotland.kristdemokraterna.se\/\" target=\"_blank\" rel=\"noopener noreferrer\">&gt;&gt;<\/a>)<br \/>\nTel. 010-103 00 00 (v\u00e4xeln)<br \/>\nregionostergotland@kristdemokraterna.se<\/p>\n<p>Per Larsson, gruppledare\/oppositionsr\u00e5d<br \/>\ntfn 010-103 72 84 (arbete)<br \/>\ntfn 0702-88 21 34 (mobil)<br \/>\nper.larsson@kristdemokraterna.se<\/p>\n<p>Fredrik Toppplund, politisk sekreterare<br \/>\ntfn 010-103 62 61 (arbete)<br \/>\ntfn 0703-38 52 70 (mobil)<br \/>\nfredrik.topplund@kristdemokraterna.se<\/p>\n","protected":false},"excerpt":{"rendered":"<p>Postadress\u00a0(Ordf\u00f6rande): Kristdemokraterna S\u00f6derk\u00f6ping c\/o Johanna Englund Sturegatan 10 614 32 S\u00f6derk\u00f6ping Tel:\u00a0 070-597 93 89 (mobil) E-post: \u00a0soderkoping@kristdemokraterna.se \u2013 allm\u00e4nna fr\u00e5gor, inbjudningar\/debatter eller fakturor och dyl. Plusgiro: 628176-0\u00a0 (OBS!\u00a0ej f\u00f6r medlemsavgift, se nedan) Betalningsmottagare: Kristdemokraterna Org. nr: 802501-5689\u00a0 (Kristdemokraterna i S\u00f6derk\u00f6ping) webbadress: https:\/\/soderkoping.kristdemokraterna.se\/ webbredakt\u00f6r: Lars-Johan Sunnerberg, lars-johan.sunnerberg@kristdemokraterna.se Medlemsavgiften Bankgiro:\u00a0414-9274 Betalningsmottagare: Kristdemokraterna OBS!\u00a0ange \u00e4ven ditt personliga <a class=\"read-more-link\" href=\"https:\/\/wp.kristdemokraterna.se\/soderkoping\/om-oss\/kontaktaoss\/\">Read More<\/a><\/p>\n","protected":false},"author":637,"featured_media":0,"parent":487,"menu_order":0,"comment_status":"closed","ping_status":"closed","template":"","meta":{"_acf_changed":false,"footnotes":""},"class_list":["post-499","page","type-page","status-publish","hentry"],"acf":[],"yoast_head":"<!-- This site is optimized with the Yoast SEO plugin v27.4 - https:\/\/yoast.com\/product\/yoast-seo-wordpress\/ -->\n<title>Kontakta oss - S\u00f6derk\u00f6ping<\/title>\n<meta name=\"robots\" content=\"noindex, follow, max-snippet:-1, max-image-preview:large, max-video-preview:-1\" \/>\n<meta property=\"og:locale\" content=\"sv_SE\" \/>\n<meta property=\"og:type\" content=\"article\" \/>\n<meta property=\"og:title\" content=\"Kontakta oss - S\u00f6derk\u00f6ping\" \/>\n<meta property=\"og:description\" content=\"Postadress\u00a0(Ordf\u00f6rande): Kristdemokraterna S\u00f6derk\u00f6ping c\/o Johanna Englund Sturegatan 10 614 32 S\u00f6derk\u00f6ping Tel:\u00a0 070-597 93 89 (mobil) E-post: \u00a0soderkoping@kristdemokraterna.se \u2013 allm\u00e4nna fr\u00e5gor, inbjudningar\/debatter eller fakturor och dyl. Plusgiro: 628176-0\u00a0 (OBS!\u00a0ej f\u00f6r medlemsavgift, se nedan) Betalningsmottagare: Kristdemokraterna Org. nr: 802501-5689\u00a0 (Kristdemokraterna i S\u00f6derk\u00f6ping) webbadress: https:\/\/soderkoping.kristdemokraterna.se\/ webbredakt\u00f6r: Lars-Johan Sunnerberg, lars-johan.sunnerberg@kristdemokraterna.se Medlemsavgiften Bankgiro:\u00a0414-9274 Betalningsmottagare: Kristdemokraterna OBS!\u00a0ange \u00e4ven ditt personliga Read More\" \/>\n<meta property=\"og:url\" content=\"https:\/\/wp.kristdemokraterna.se\/soderkoping\/om-oss\/kontaktaoss\/\" \/>\n<meta property=\"og:site_name\" content=\"S\u00f6derk\u00f6ping\" \/>\n<meta property=\"article:modified_time\" content=\"2023-02-14T16:17:32+00:00\" \/>\n<meta property=\"og:image\" content=\"http:\/\/wp.kristdemokraterna.se\/soderkoping\/files\/2022\/09\/94764b0e-6771-434a-bf33-5b819f149604-200x300.jpeg\" \/>\n<meta name=\"twitter:card\" content=\"summary_large_image\" \/>\n<meta name=\"twitter:label1\" content=\"Ber\u00e4knad l\u00e4stid\" \/>\n\t<meta name=\"twitter:data1\" content=\"2 minuter\" \/>\n<script type=\"application\/ld+json\" class=\"yoast-schema-graph\">{\"@context\":\"https:\\\/\\\/schema.org\",\"@graph\":[{\"@type\":\"WebPage\",\"@id\":\"https:\\\/\\\/wp.kristdemokraterna.se\\\/soderkoping\\\/om-oss\\\/kontaktaoss\\\/\",\"url\":\"https:\\\/\\\/wp.kristdemokraterna.se\\\/soderkoping\\\/om-oss\\\/kontaktaoss\\\/\",\"name\":\"Kontakta oss - S\u00f6derk\u00f6ping\",\"isPartOf\":{\"@id\":\"https:\\\/\\\/wp.kristdemokraterna.se\\\/soderkoping\\\/#website\"},\"primaryImageOfPage\":{\"@id\":\"https:\\\/\\\/wp.kristdemokraterna.se\\\/soderkoping\\\/om-oss\\\/kontaktaoss\\\/#primaryimage\"},\"image\":{\"@id\":\"https:\\\/\\\/wp.kristdemokraterna.se\\\/soderkoping\\\/om-oss\\\/kontaktaoss\\\/#primaryimage\"},\"thumbnailUrl\":\"http:\\\/\\\/wp.kristdemokraterna.se\\\/soderkoping\\\/files\\\/2022\\\/09\\\/94764b0e-6771-434a-bf33-5b819f149604-200x300.jpeg\",\"datePublished\":\"2018-07-03T15:03:55+00:00\",\"dateModified\":\"2023-02-14T16:17:32+00:00\",\"breadcrumb\":{\"@id\":\"https:\\\/\\\/wp.kristdemokraterna.se\\\/soderkoping\\\/om-oss\\\/kontaktaoss\\\/#breadcrumb\"},\"inLanguage\":\"sv-SE\",\"potentialAction\":[{\"@type\":\"ReadAction\",\"target\":[\"https:\\\/\\\/wp.kristdemokraterna.se\\\/soderkoping\\\/om-oss\\\/kontaktaoss\\\/\"]}]},{\"@type\":\"ImageObject\",\"inLanguage\":\"sv-SE\",\"@id\":\"https:\\\/\\\/wp.kristdemokraterna.se\\\/soderkoping\\\/om-oss\\\/kontaktaoss\\\/#primaryimage\",\"url\":\"http:\\\/\\\/wp.kristdemokraterna.se\\\/soderkoping\\\/files\\\/2022\\\/09\\\/94764b0e-6771-434a-bf33-5b819f149604-200x300.jpeg\",\"contentUrl\":\"http:\\\/\\\/wp.kristdemokraterna.se\\\/soderkoping\\\/files\\\/2022\\\/09\\\/94764b0e-6771-434a-bf33-5b819f149604-200x300.jpeg\"},{\"@type\":\"BreadcrumbList\",\"@id\":\"https:\\\/\\\/wp.kristdemokraterna.se\\\/soderkoping\\\/om-oss\\\/kontaktaoss\\\/#breadcrumb\",\"itemListElement\":[{\"@type\":\"ListItem\",\"position\":1,\"name\":\"Hem\",\"item\":\"https:\\\/\\\/wp.kristdemokraterna.se\\\/soderkoping\\\/\"},{\"@type\":\"ListItem\",\"position\":2,\"name\":\"V\u00e5r Partiavdelning\",\"item\":\"https:\\\/\\\/wp.kristdemokraterna.se\\\/soderkoping\\\/om-oss\\\/\"},{\"@type\":\"ListItem\",\"position\":3,\"name\":\"Kontakta oss\"}]},{\"@type\":\"WebSite\",\"@id\":\"https:\\\/\\\/wp.kristdemokraterna.se\\\/soderkoping\\\/#website\",\"url\":\"https:\\\/\\\/wp.kristdemokraterna.se\\\/soderkoping\\\/\",\"name\":\"S\u00f6derk\u00f6ping\",\"description\":\"Kristdemokraterna\",\"inLanguage\":\"sv-SE\"}]}<\/script>\n<!-- \/ Yoast SEO plugin. -->","yoast_head_json":{"title":"Kontakta oss - S\u00f6derk\u00f6ping","robots":{"index":"noindex","follow":"follow","max-snippet":"max-snippet:-1","max-image-preview":"max-image-preview:large","max-video-preview":"max-video-preview:-1"},"og_locale":"sv_SE","og_type":"article","og_title":"Kontakta oss - S\u00f6derk\u00f6ping","og_description":"Postadress\u00a0(Ordf\u00f6rande): Kristdemokraterna S\u00f6derk\u00f6ping c\/o Johanna Englund Sturegatan 10 614 32 S\u00f6derk\u00f6ping Tel:\u00a0 070-597 93 89 (mobil) E-post: \u00a0soderkoping@kristdemokraterna.se \u2013 allm\u00e4nna fr\u00e5gor, inbjudningar\/debatter eller fakturor och dyl. Plusgiro: 628176-0\u00a0 (OBS!\u00a0ej f\u00f6r medlemsavgift, se nedan) Betalningsmottagare: Kristdemokraterna Org. nr: 802501-5689\u00a0 (Kristdemokraterna i S\u00f6derk\u00f6ping) webbadress: https:\/\/soderkoping.kristdemokraterna.se\/ webbredakt\u00f6r: Lars-Johan Sunnerberg, lars-johan.sunnerberg@kristdemokraterna.se Medlemsavgiften Bankgiro:\u00a0414-9274 Betalningsmottagare: Kristdemokraterna OBS!\u00a0ange \u00e4ven ditt personliga Read More","og_url":"https:\/\/wp.kristdemokraterna.se\/soderkoping\/om-oss\/kontaktaoss\/","og_site_name":"S\u00f6derk\u00f6ping","article_modified_time":"2023-02-14T16:17:32+00:00","og_image":[{"url":"http:\/\/wp.kristdemokraterna.se\/soderkoping\/files\/2022\/09\/94764b0e-6771-434a-bf33-5b819f149604-200x300.jpeg","type":"","width":"","height":""}],"twitter_card":"summary_large_image","twitter_misc":{"Ber\u00e4knad l\u00e4stid":"2 minuter"},"schema":{"@context":"https:\/\/schema.org","@graph":[{"@type":"WebPage","@id":"https:\/\/wp.kristdemokraterna.se\/soderkoping\/om-oss\/kontaktaoss\/","url":"https:\/\/wp.kristdemokraterna.se\/soderkoping\/om-oss\/kontaktaoss\/","name":"Kontakta oss - S\u00f6derk\u00f6ping","isPartOf":{"@id":"https:\/\/wp.kristdemokraterna.se\/soderkoping\/#website"},"primaryImageOfPage":{"@id":"https:\/\/wp.kristdemokraterna.se\/soderkoping\/om-oss\/kontaktaoss\/#primaryimage"},"image":{"@id":"https:\/\/wp.kristdemokraterna.se\/soderkoping\/om-oss\/kontaktaoss\/#primaryimage"},"thumbnailUrl":"http:\/\/wp.kristdemokraterna.se\/soderkoping\/files\/2022\/09\/94764b0e-6771-434a-bf33-5b819f149604-200x300.jpeg","datePublished":"2018-07-03T15:03:55+00:00","dateModified":"2023-02-14T16:17:32+00:00","breadcrumb":{"@id":"https:\/\/wp.kristdemokraterna.se\/soderkoping\/om-oss\/kontaktaoss\/#breadcrumb"},"inLanguage":"sv-SE","potentialAction":[{"@type":"ReadAction","target":["https:\/\/wp.kristdemokraterna.se\/soderkoping\/om-oss\/kontaktaoss\/"]}]},{"@type":"ImageObject","inLanguage":"sv-SE","@id":"https:\/\/wp.kristdemokraterna.se\/soderkoping\/om-oss\/kontaktaoss\/#primaryimage","url":"http:\/\/wp.kristdemokraterna.se\/soderkoping\/files\/2022\/09\/94764b0e-6771-434a-bf33-5b819f149604-200x300.jpeg","contentUrl":"http:\/\/wp.kristdemokraterna.se\/soderkoping\/files\/2022\/09\/94764b0e-6771-434a-bf33-5b819f149604-200x300.jpeg"},{"@type":"BreadcrumbList","@id":"https:\/\/wp.kristdemokraterna.se\/soderkoping\/om-oss\/kontaktaoss\/#breadcrumb","itemListElement":[{"@type":"ListItem","position":1,"name":"Hem","item":"https:\/\/wp.kristdemokraterna.se\/soderkoping\/"},{"@type":"ListItem","position":2,"name":"V\u00e5r Partiavdelning","item":"https:\/\/wp.kristdemokraterna.se\/soderkoping\/om-oss\/"},{"@type":"ListItem","position":3,"name":"Kontakta oss"}]},{"@type":"WebSite","@id":"https:\/\/wp.kristdemokraterna.se\/soderkoping\/#website","url":"https:\/\/wp.kristdemokraterna.se\/soderkoping\/","name":"S\u00f6derk\u00f6ping","description":"Kristdemokraterna","inLanguage":"sv-SE"}]}},"_links":{"self":[{"href":"https:\/\/wp.kristdemokraterna.se\/soderkoping\/wp-json\/wp\/v2\/pages\/499","targetHints":{"allow":["GET"]}}],"collection":[{"href":"https:\/\/wp.kristdemokraterna.se\/soderkoping\/wp-json\/wp\/v2\/pages"}],"about":[{"href":"https:\/\/wp.kristdemokraterna.se\/soderkoping\/wp-json\/wp\/v2\/types\/page"}],"author":[{"embeddable":true,"href":"https:\/\/wp.kristdemokraterna.se\/soderkoping\/wp-json\/wp\/v2\/users\/637"}],"replies":[{"embeddable":true,"href":"https:\/\/wp.kristdemokraterna.se\/soderkoping\/wp-json\/wp\/v2\/comments?post=499"}],"version-history":[{"count":39,"href":"https:\/\/wp.kristdemokraterna.se\/soderkoping\/wp-json\/wp\/v2\/pages\/499\/revisions"}],"predecessor-version":[{"id":1306,"href":"https:\/\/wp.kristdemokraterna.se\/soderkoping\/wp-json\/wp\/v2\/pages\/499\/revisions\/1306"}],"up":[{"embeddable":true,"href":"https:\/\/wp.kristdemokraterna.se\/soderkoping\/wp-json\/wp\/v2\/pages\/487"}],"wp:attachment":[{"href":"https:\/\/wp.kristdemokraterna.se\/soderkoping\/wp-json\/wp\/v2\/media?parent=499"}],"curies":[{"name":"wp","href":"https:\/\/api.w.org\/{rel}","templated":true}]}}