{"id":558,"date":"2018-07-04T13:15:32","date_gmt":"2018-07-04T11:15:32","guid":{"rendered":"http:\/\/wp.kristdemokraterna.se\/soderkoping\/?page_id=558"},"modified":"2018-07-06T15:12:46","modified_gmt":"2018-07-06T13:12:46","slug":"bengt-ove-karlsson","status":"publish","type":"page","link":"https:\/\/wp.kristdemokraterna.se\/soderkoping\/valet2018\/kommunkandidater-2018\/bengt-ove-karlsson\/","title":{"rendered":"Bengt-Ove Karlsson"},"content":{"rendered":"<p><span id=\"fbPhotoSnowliftCaption\" class=\"fbPhotosPhotoCaption\"><span class=\"hasCaption\"><em><img loading=\"lazy\" decoding=\"async\" class=\"alignright wp-image-559 size-medium\" src=\"http:\/\/wp.kristdemokraterna.se\/soderkoping\/files\/2018\/07\/36554259_2040407812954145_7123466713709936640_n-300x266.jpg\" alt=\"\" width=\"300\" height=\"266\" srcset=\"https:\/\/wp.kristdemokraterna.se\/soderkoping\/files\/2018\/07\/36554259_2040407812954145_7123466713709936640_n-300x266.jpg 300w, https:\/\/wp.kristdemokraterna.se\/soderkoping\/files\/2018\/07\/36554259_2040407812954145_7123466713709936640_n-768x682.jpg 768w, https:\/\/wp.kristdemokraterna.se\/soderkoping\/files\/2018\/07\/36554259_2040407812954145_7123466713709936640_n-225x200.jpg 225w, https:\/\/wp.kristdemokraterna.se\/soderkoping\/files\/2018\/07\/36554259_2040407812954145_7123466713709936640_n-370x328.jpg 370w, https:\/\/wp.kristdemokraterna.se\/soderkoping\/files\/2018\/07\/36554259_2040407812954145_7123466713709936640_n-770x683.jpg 770w, https:\/\/wp.kristdemokraterna.se\/soderkoping\/files\/2018\/07\/36554259_2040407812954145_7123466713709936640_n-450x399.jpg 450w, https:\/\/wp.kristdemokraterna.se\/soderkoping\/files\/2018\/07\/36554259_2040407812954145_7123466713709936640_n-280x248.jpg 280w, https:\/\/wp.kristdemokraterna.se\/soderkoping\/files\/2018\/07\/36554259_2040407812954145_7123466713709936640_n-340x302.jpg 340w, https:\/\/wp.kristdemokraterna.se\/soderkoping\/files\/2018\/07\/36554259_2040407812954145_7123466713709936640_n-200x177.jpg 200w, https:\/\/wp.kristdemokraterna.se\/soderkoping\/files\/2018\/07\/36554259_2040407812954145_7123466713709936640_n-63x56.jpg 63w, https:\/\/wp.kristdemokraterna.se\/soderkoping\/files\/2018\/07\/36554259_2040407812954145_7123466713709936640_n.jpg 959w\" sizes=\"auto, (max-width: 300px) 100vw, 300px\" \/>Toppkandidat f\u00f6r Kristdemokraterna i S\u00f6derk\u00f6ping<\/em><br \/>\nBengt-Ove \u201d<em>Becke<\/em>\u201d Karlsson. Skapa ekonomisk kraft till nybyggnation av l\u00e4genheter genom att s\u00e4lja delar av Ramunderstaden AB s fastighetsbest\u00e5nd.<\/span><\/span><\/p>\n","protected":false},"excerpt":{"rendered":"<p>Toppkandidat f\u00f6r Kristdemokraterna i S\u00f6derk\u00f6ping Bengt-Ove \u201dBecke\u201d Karlsson. Skapa ekonomisk kraft till nybyggnation av l\u00e4genheter genom att s\u00e4lja delar av Ramunderstaden AB s fastighetsbest\u00e5nd.<\/p>\n","protected":false},"author":637,"featured_media":0,"parent":394,"menu_order":2,"comment_status":"closed","ping_status":"closed","template":"","meta":{"_acf_changed":false,"footnotes":""},"class_list":["post-558","page","type-page","status-publish","hentry"],"acf":[],"yoast_head":"<!-- This site is optimized with the Yoast SEO plugin v27.4 - https:\/\/yoast.com\/product\/yoast-seo-wordpress\/ -->\n<title>Bengt-Ove Karlsson - S\u00f6derk\u00f6ping<\/title>\n<meta name=\"robots\" content=\"noindex, follow, max-snippet:-1, max-image-preview:large, max-video-preview:-1\" \/>\n<meta property=\"og:locale\" content=\"sv_SE\" \/>\n<meta property=\"og:type\" content=\"article\" \/>\n<meta property=\"og:title\" content=\"Bengt-Ove Karlsson - S\u00f6derk\u00f6ping\" \/>\n<meta property=\"og:description\" content=\"Toppkandidat f\u00f6r Kristdemokraterna i S\u00f6derk\u00f6ping Bengt-Ove \u201dBecke\u201d Karlsson. Skapa ekonomisk kraft till nybyggnation av l\u00e4genheter genom att s\u00e4lja delar av Ramunderstaden AB s fastighetsbest\u00e5nd.\" \/>\n<meta property=\"og:url\" content=\"https:\/\/wp.kristdemokraterna.se\/soderkoping\/valet2018\/kommunkandidater-2018\/bengt-ove-karlsson\/\" \/>\n<meta property=\"og:site_name\" content=\"S\u00f6derk\u00f6ping\" \/>\n<meta property=\"article:modified_time\" content=\"2018-07-06T13:12:46+00:00\" \/>\n<meta property=\"og:image\" content=\"http:\/\/wp.kristdemokraterna.se\/soderkoping\/files\/2018\/07\/36554259_2040407812954145_7123466713709936640_n-300x266.jpg\" \/>\n<meta name=\"twitter:card\" content=\"summary_large_image\" \/>\n<script type=\"application\/ld+json\" class=\"yoast-schema-graph\">{\"@context\":\"https:\\\/\\\/schema.org\",\"@graph\":[{\"@type\":\"WebPage\",\"@id\":\"https:\\\/\\\/wp.kristdemokraterna.se\\\/soderkoping\\\/valet2018\\\/kommunkandidater-2018\\\/bengt-ove-karlsson\\\/\",\"url\":\"https:\\\/\\\/wp.kristdemokraterna.se\\\/soderkoping\\\/valet2018\\\/kommunkandidater-2018\\\/bengt-ove-karlsson\\\/\",\"name\":\"Bengt-Ove Karlsson - S\u00f6derk\u00f6ping\",\"isPartOf\":{\"@id\":\"https:\\\/\\\/wp.kristdemokraterna.se\\\/soderkoping\\\/#website\"},\"primaryImageOfPage\":{\"@id\":\"https:\\\/\\\/wp.kristdemokraterna.se\\\/soderkoping\\\/valet2018\\\/kommunkandidater-2018\\\/bengt-ove-karlsson\\\/#primaryimage\"},\"image\":{\"@id\":\"https:\\\/\\\/wp.kristdemokraterna.se\\\/soderkoping\\\/valet2018\\\/kommunkandidater-2018\\\/bengt-ove-karlsson\\\/#primaryimage\"},\"thumbnailUrl\":\"http:\\\/\\\/wp.kristdemokraterna.se\\\/soderkoping\\\/files\\\/2018\\\/07\\\/36554259_2040407812954145_7123466713709936640_n-300x266.jpg\",\"datePublished\":\"2018-07-04T11:15:32+00:00\",\"dateModified\":\"2018-07-06T13:12:46+00:00\",\"breadcrumb\":{\"@id\":\"https:\\\/\\\/wp.kristdemokraterna.se\\\/soderkoping\\\/valet2018\\\/kommunkandidater-2018\\\/bengt-ove-karlsson\\\/#breadcrumb\"},\"inLanguage\":\"sv-SE\",\"potentialAction\":[{\"@type\":\"ReadAction\",\"target\":[\"https:\\\/\\\/wp.kristdemokraterna.se\\\/soderkoping\\\/valet2018\\\/kommunkandidater-2018\\\/bengt-ove-karlsson\\\/\"]}]},{\"@type\":\"ImageObject\",\"inLanguage\":\"sv-SE\",\"@id\":\"https:\\\/\\\/wp.kristdemokraterna.se\\\/soderkoping\\\/valet2018\\\/kommunkandidater-2018\\\/bengt-ove-karlsson\\\/#primaryimage\",\"url\":\"https:\\\/\\\/wp.kristdemokraterna.se\\\/soderkoping\\\/files\\\/2018\\\/07\\\/36554259_2040407812954145_7123466713709936640_n.jpg\",\"contentUrl\":\"https:\\\/\\\/wp.kristdemokraterna.se\\\/soderkoping\\\/files\\\/2018\\\/07\\\/36554259_2040407812954145_7123466713709936640_n.jpg\",\"width\":959,\"height\":851},{\"@type\":\"BreadcrumbList\",\"@id\":\"https:\\\/\\\/wp.kristdemokraterna.se\\\/soderkoping\\\/valet2018\\\/kommunkandidater-2018\\\/bengt-ove-karlsson\\\/#breadcrumb\",\"itemListElement\":[{\"@type\":\"ListItem\",\"position\":1,\"name\":\"Hem\",\"item\":\"https:\\\/\\\/wp.kristdemokraterna.se\\\/soderkoping\\\/\"},{\"@type\":\"ListItem\",\"position\":2,\"name\":\"Valet 9 sept 2018\",\"item\":\"https:\\\/\\\/wp.kristdemokraterna.se\\\/soderkoping\\\/valet2018\\\/\"},{\"@type\":\"ListItem\",\"position\":3,\"name\":\"Kommunkandidater 2018\",\"item\":\"https:\\\/\\\/wp.kristdemokraterna.se\\\/soderkoping\\\/valet2018\\\/kommunkandidater-2018\\\/\"},{\"@type\":\"ListItem\",\"position\":4,\"name\":\"Bengt-Ove Karlsson\"}]},{\"@type\":\"WebSite\",\"@id\":\"https:\\\/\\\/wp.kristdemokraterna.se\\\/soderkoping\\\/#website\",\"url\":\"https:\\\/\\\/wp.kristdemokraterna.se\\\/soderkoping\\\/\",\"name\":\"S\u00f6derk\u00f6ping\",\"description\":\"Kristdemokraterna\",\"inLanguage\":\"sv-SE\"}]}<\/script>\n<!-- \/ Yoast SEO plugin. -->","yoast_head_json":{"title":"Bengt-Ove Karlsson - S\u00f6derk\u00f6ping","robots":{"index":"noindex","follow":"follow","max-snippet":"max-snippet:-1","max-image-preview":"max-image-preview:large","max-video-preview":"max-video-preview:-1"},"og_locale":"sv_SE","og_type":"article","og_title":"Bengt-Ove Karlsson - S\u00f6derk\u00f6ping","og_description":"Toppkandidat f\u00f6r Kristdemokraterna i S\u00f6derk\u00f6ping Bengt-Ove \u201dBecke\u201d Karlsson. Skapa ekonomisk kraft till nybyggnation av l\u00e4genheter genom att s\u00e4lja delar av Ramunderstaden AB s fastighetsbest\u00e5nd.","og_url":"https:\/\/wp.kristdemokraterna.se\/soderkoping\/valet2018\/kommunkandidater-2018\/bengt-ove-karlsson\/","og_site_name":"S\u00f6derk\u00f6ping","article_modified_time":"2018-07-06T13:12:46+00:00","og_image":[{"url":"http:\/\/wp.kristdemokraterna.se\/soderkoping\/files\/2018\/07\/36554259_2040407812954145_7123466713709936640_n-300x266.jpg","type":"","width":"","height":""}],"twitter_card":"summary_large_image","schema":{"@context":"https:\/\/schema.org","@graph":[{"@type":"WebPage","@id":"https:\/\/wp.kristdemokraterna.se\/soderkoping\/valet2018\/kommunkandidater-2018\/bengt-ove-karlsson\/","url":"https:\/\/wp.kristdemokraterna.se\/soderkoping\/valet2018\/kommunkandidater-2018\/bengt-ove-karlsson\/","name":"Bengt-Ove Karlsson - S\u00f6derk\u00f6ping","isPartOf":{"@id":"https:\/\/wp.kristdemokraterna.se\/soderkoping\/#website"},"primaryImageOfPage":{"@id":"https:\/\/wp.kristdemokraterna.se\/soderkoping\/valet2018\/kommunkandidater-2018\/bengt-ove-karlsson\/#primaryimage"},"image":{"@id":"https:\/\/wp.kristdemokraterna.se\/soderkoping\/valet2018\/kommunkandidater-2018\/bengt-ove-karlsson\/#primaryimage"},"thumbnailUrl":"http:\/\/wp.kristdemokraterna.se\/soderkoping\/files\/2018\/07\/36554259_2040407812954145_7123466713709936640_n-300x266.jpg","datePublished":"2018-07-04T11:15:32+00:00","dateModified":"2018-07-06T13:12:46+00:00","breadcrumb":{"@id":"https:\/\/wp.kristdemokraterna.se\/soderkoping\/valet2018\/kommunkandidater-2018\/bengt-ove-karlsson\/#breadcrumb"},"inLanguage":"sv-SE","potentialAction":[{"@type":"ReadAction","target":["https:\/\/wp.kristdemokraterna.se\/soderkoping\/valet2018\/kommunkandidater-2018\/bengt-ove-karlsson\/"]}]},{"@type":"ImageObject","inLanguage":"sv-SE","@id":"https:\/\/wp.kristdemokraterna.se\/soderkoping\/valet2018\/kommunkandidater-2018\/bengt-ove-karlsson\/#primaryimage","url":"https:\/\/wp.kristdemokraterna.se\/soderkoping\/files\/2018\/07\/36554259_2040407812954145_7123466713709936640_n.jpg","contentUrl":"https:\/\/wp.kristdemokraterna.se\/soderkoping\/files\/2018\/07\/36554259_2040407812954145_7123466713709936640_n.jpg","width":959,"height":851},{"@type":"BreadcrumbList","@id":"https:\/\/wp.kristdemokraterna.se\/soderkoping\/valet2018\/kommunkandidater-2018\/bengt-ove-karlsson\/#breadcrumb","itemListElement":[{"@type":"ListItem","position":1,"name":"Hem","item":"https:\/\/wp.kristdemokraterna.se\/soderkoping\/"},{"@type":"ListItem","position":2,"name":"Valet 9 sept 2018","item":"https:\/\/wp.kristdemokraterna.se\/soderkoping\/valet2018\/"},{"@type":"ListItem","position":3,"name":"Kommunkandidater 2018","item":"https:\/\/wp.kristdemokraterna.se\/soderkoping\/valet2018\/kommunkandidater-2018\/"},{"@type":"ListItem","position":4,"name":"Bengt-Ove Karlsson"}]},{"@type":"WebSite","@id":"https:\/\/wp.kristdemokraterna.se\/soderkoping\/#website","url":"https:\/\/wp.kristdemokraterna.se\/soderkoping\/","name":"S\u00f6derk\u00f6ping","description":"Kristdemokraterna","inLanguage":"sv-SE"}]}},"_links":{"self":[{"href":"https:\/\/wp.kristdemokraterna.se\/soderkoping\/wp-json\/wp\/v2\/pages\/558","targetHints":{"allow":["GET"]}}],"collection":[{"href":"https:\/\/wp.kristdemokraterna.se\/soderkoping\/wp-json\/wp\/v2\/pages"}],"about":[{"href":"https:\/\/wp.kristdemokraterna.se\/soderkoping\/wp-json\/wp\/v2\/types\/page"}],"author":[{"embeddable":true,"href":"https:\/\/wp.kristdemokraterna.se\/soderkoping\/wp-json\/wp\/v2\/users\/637"}],"replies":[{"embeddable":true,"href":"https:\/\/wp.kristdemokraterna.se\/soderkoping\/wp-json\/wp\/v2\/comments?post=558"}],"version-history":[{"count":1,"href":"https:\/\/wp.kristdemokraterna.se\/soderkoping\/wp-json\/wp\/v2\/pages\/558\/revisions"}],"predecessor-version":[{"id":560,"href":"https:\/\/wp.kristdemokraterna.se\/soderkoping\/wp-json\/wp\/v2\/pages\/558\/revisions\/560"}],"up":[{"embeddable":true,"href":"https:\/\/wp.kristdemokraterna.se\/soderkoping\/wp-json\/wp\/v2\/pages\/394"}],"wp:attachment":[{"href":"https:\/\/wp.kristdemokraterna.se\/soderkoping\/wp-json\/wp\/v2\/media?parent=558"}],"curies":[{"name":"wp","href":"https:\/\/api.w.org\/{rel}","templated":true}]}}