{"id":573,"date":"2018-07-06T14:25:47","date_gmt":"2018-07-06T12:25:47","guid":{"rendered":"http:\/\/wp.kristdemokraterna.se\/soderkoping\/?page_id=573"},"modified":"2018-07-06T15:12:18","modified_gmt":"2018-07-06T13:12:18","slug":"anders-eksmo","status":"publish","type":"page","link":"https:\/\/wp.kristdemokraterna.se\/soderkoping\/valet2018\/kommunkandidater-2018\/anders-eksmo\/","title":{"rendered":"Anders Eksmo"},"content":{"rendered":"<p><em><img loading=\"lazy\" decoding=\"async\" class=\" wp-image-579 aligncenter\" src=\"http:\/\/wp.kristdemokraterna.se\/soderkoping\/files\/2018\/07\/anderseksmo_regost.jpg\" alt=\"\" width=\"500\" height=\"339\" srcset=\"https:\/\/wp.kristdemokraterna.se\/soderkoping\/files\/2018\/07\/anderseksmo_regost.jpg 782w, https:\/\/wp.kristdemokraterna.se\/soderkoping\/files\/2018\/07\/anderseksmo_regost-300x203.jpg 300w, https:\/\/wp.kristdemokraterna.se\/soderkoping\/files\/2018\/07\/anderseksmo_regost-768x521.jpg 768w, https:\/\/wp.kristdemokraterna.se\/soderkoping\/files\/2018\/07\/anderseksmo_regost-295x200.jpg 295w, https:\/\/wp.kristdemokraterna.se\/soderkoping\/files\/2018\/07\/anderseksmo_regost-370x251.jpg 370w, https:\/\/wp.kristdemokraterna.se\/soderkoping\/files\/2018\/07\/anderseksmo_regost-770x522.jpg 770w, https:\/\/wp.kristdemokraterna.se\/soderkoping\/files\/2018\/07\/anderseksmo_regost-450x305.jpg 450w, https:\/\/wp.kristdemokraterna.se\/soderkoping\/files\/2018\/07\/anderseksmo_regost-280x190.jpg 280w, https:\/\/wp.kristdemokraterna.se\/soderkoping\/files\/2018\/07\/anderseksmo_regost-340x230.jpg 340w, https:\/\/wp.kristdemokraterna.se\/soderkoping\/files\/2018\/07\/anderseksmo_regost-200x136.jpg 200w, https:\/\/wp.kristdemokraterna.se\/soderkoping\/files\/2018\/07\/anderseksmo_regost-83x56.jpg 83w\" sizes=\"auto, (max-width: 500px) 100vw, 500px\" \/><br \/>\n* Toppkandidat f\u00f6r Kristdemokraterna i S\u00f6derk\u00f6ping (valkrets &#8211; S\u00f6derk\u00f6pings kommun)<\/em><br \/>\n1. Anders Eksmo. Vi vill bygga ett nytt \u00e4ldreboende och \u00e4ldrecenter i Sankt Anna och ett \u00e4ldrecenter i \u00d6stra Ryd d\u00e4r all n\u00f6dv\u00e4ndig service f\u00f6r \u00e4ldre kan samlas. Verka f\u00f6r n\u00e4rpoliser \u201d1 polis per 1000 inv\u00e5nare som riktm\u00e4rke\u201d.<\/p>\n<p><em>* Kandidat ocks\u00e5 f\u00f6r Kristdemokraterna i Region \u00d6sterg\u00f6tland<br \/>\n<\/em>Anders Eksmo. Kristdemokraterna har f\u00f6rslag att korta k\u00f6erna och skapa en mer j\u00e4mlik v\u00e5rd f\u00f6r alla \u00f6stg\u00f6tar, oavsett var du bor i l\u00e4net<br \/>\n&gt; <a href=\"http:\/\/wp.kristdemokraterna.se\/soderkoping\/files\/2018\/07\/anderseksmo_regost_18v1.pdf\" target=\"_blank\" rel=\"noopener\">Anders Eksmo, valbrochyr<\/a> (pdf)<br \/>\n&gt; <a href=\"http:\/\/wp.kristdemokraterna.se\/regionostergotland\/\" target=\"_blank\" rel=\"noopener\">L\u00e4s mer<\/a><\/p>\n<p><em>* Kandidat \u00e4ven f\u00f6r Kristdemokraterna i Riksdagen (valkrets &#8211; \u00d6sterg\u00f6tlands l\u00e4n)<br \/>\n<\/em>4. Anders Eksmo.<br \/>\n&gt; <a href=\"http:\/\/wp.kristdemokraterna.se\/e\/\" target=\"_blank\" rel=\"noopener\">L\u00e4s mer<\/a><\/p>\n","protected":false},"excerpt":{"rendered":"<p>* Toppkandidat f\u00f6r Kristdemokraterna i S\u00f6derk\u00f6ping (valkrets &#8211; S\u00f6derk\u00f6pings kommun) 1. Anders Eksmo. Vi vill bygga ett nytt \u00e4ldreboende och \u00e4ldrecenter i Sankt Anna och ett \u00e4ldrecenter i \u00d6stra Ryd d\u00e4r all n\u00f6dv\u00e4ndig service f\u00f6r \u00e4ldre kan samlas. Verka f\u00f6r n\u00e4rpoliser \u201d1 polis per 1000 inv\u00e5nare som riktm\u00e4rke\u201d. * Kandidat ocks\u00e5 f\u00f6r Kristdemokraterna i Region <a class=\"read-more-link\" href=\"https:\/\/wp.kristdemokraterna.se\/soderkoping\/valet2018\/kommunkandidater-2018\/anders-eksmo\/\">Read More<\/a><\/p>\n","protected":false},"author":637,"featured_media":0,"parent":394,"menu_order":1,"comment_status":"closed","ping_status":"closed","template":"","meta":{"_acf_changed":false,"footnotes":""},"class_list":["post-573","page","type-page","status-publish","hentry"],"acf":[],"yoast_head":"<!-- This site is optimized with the Yoast SEO plugin v27.4 - https:\/\/yoast.com\/product\/yoast-seo-wordpress\/ -->\n<title>Anders Eksmo - S\u00f6derk\u00f6ping<\/title>\n<meta name=\"robots\" content=\"noindex, follow, max-snippet:-1, max-image-preview:large, max-video-preview:-1\" \/>\n<meta property=\"og:locale\" content=\"sv_SE\" \/>\n<meta property=\"og:type\" content=\"article\" \/>\n<meta property=\"og:title\" content=\"Anders Eksmo - S\u00f6derk\u00f6ping\" \/>\n<meta property=\"og:description\" content=\"* Toppkandidat f\u00f6r Kristdemokraterna i S\u00f6derk\u00f6ping (valkrets &#8211; S\u00f6derk\u00f6pings kommun) 1. Anders Eksmo. Vi vill bygga ett nytt \u00e4ldreboende och \u00e4ldrecenter i Sankt Anna och ett \u00e4ldrecenter i \u00d6stra Ryd d\u00e4r all n\u00f6dv\u00e4ndig service f\u00f6r \u00e4ldre kan samlas. Verka f\u00f6r n\u00e4rpoliser \u201d1 polis per 1000 inv\u00e5nare som riktm\u00e4rke\u201d. * Kandidat ocks\u00e5 f\u00f6r Kristdemokraterna i Region Read More\" \/>\n<meta property=\"og:url\" content=\"https:\/\/wp.kristdemokraterna.se\/soderkoping\/valet2018\/kommunkandidater-2018\/anders-eksmo\/\" \/>\n<meta property=\"og:site_name\" content=\"S\u00f6derk\u00f6ping\" \/>\n<meta property=\"article:modified_time\" content=\"2018-07-06T13:12:18+00:00\" \/>\n<meta property=\"og:image\" content=\"http:\/\/wp.kristdemokraterna.se\/soderkoping\/files\/2018\/07\/anderseksmo_regost.jpg\" \/>\n<meta name=\"twitter:card\" content=\"summary_large_image\" \/>\n<meta name=\"twitter:label1\" content=\"Ber\u00e4knad l\u00e4stid\" \/>\n\t<meta name=\"twitter:data1\" content=\"1 minut\" \/>\n<script type=\"application\/ld+json\" class=\"yoast-schema-graph\">{\"@context\":\"https:\\\/\\\/schema.org\",\"@graph\":[{\"@type\":\"WebPage\",\"@id\":\"https:\\\/\\\/wp.kristdemokraterna.se\\\/soderkoping\\\/valet2018\\\/kommunkandidater-2018\\\/anders-eksmo\\\/\",\"url\":\"https:\\\/\\\/wp.kristdemokraterna.se\\\/soderkoping\\\/valet2018\\\/kommunkandidater-2018\\\/anders-eksmo\\\/\",\"name\":\"Anders Eksmo - S\u00f6derk\u00f6ping\",\"isPartOf\":{\"@id\":\"https:\\\/\\\/wp.kristdemokraterna.se\\\/soderkoping\\\/#website\"},\"primaryImageOfPage\":{\"@id\":\"https:\\\/\\\/wp.kristdemokraterna.se\\\/soderkoping\\\/valet2018\\\/kommunkandidater-2018\\\/anders-eksmo\\\/#primaryimage\"},\"image\":{\"@id\":\"https:\\\/\\\/wp.kristdemokraterna.se\\\/soderkoping\\\/valet2018\\\/kommunkandidater-2018\\\/anders-eksmo\\\/#primaryimage\"},\"thumbnailUrl\":\"http:\\\/\\\/wp.kristdemokraterna.se\\\/soderkoping\\\/files\\\/2018\\\/07\\\/anderseksmo_regost.jpg\",\"datePublished\":\"2018-07-06T12:25:47+00:00\",\"dateModified\":\"2018-07-06T13:12:18+00:00\",\"breadcrumb\":{\"@id\":\"https:\\\/\\\/wp.kristdemokraterna.se\\\/soderkoping\\\/valet2018\\\/kommunkandidater-2018\\\/anders-eksmo\\\/#breadcrumb\"},\"inLanguage\":\"sv-SE\",\"potentialAction\":[{\"@type\":\"ReadAction\",\"target\":[\"https:\\\/\\\/wp.kristdemokraterna.se\\\/soderkoping\\\/valet2018\\\/kommunkandidater-2018\\\/anders-eksmo\\\/\"]}]},{\"@type\":\"ImageObject\",\"inLanguage\":\"sv-SE\",\"@id\":\"https:\\\/\\\/wp.kristdemokraterna.se\\\/soderkoping\\\/valet2018\\\/kommunkandidater-2018\\\/anders-eksmo\\\/#primaryimage\",\"url\":\"https:\\\/\\\/wp.kristdemokraterna.se\\\/soderkoping\\\/files\\\/2018\\\/07\\\/anderseksmo_regost.jpg\",\"contentUrl\":\"https:\\\/\\\/wp.kristdemokraterna.se\\\/soderkoping\\\/files\\\/2018\\\/07\\\/anderseksmo_regost.jpg\",\"width\":782,\"height\":530},{\"@type\":\"BreadcrumbList\",\"@id\":\"https:\\\/\\\/wp.kristdemokraterna.se\\\/soderkoping\\\/valet2018\\\/kommunkandidater-2018\\\/anders-eksmo\\\/#breadcrumb\",\"itemListElement\":[{\"@type\":\"ListItem\",\"position\":1,\"name\":\"Hem\",\"item\":\"https:\\\/\\\/wp.kristdemokraterna.se\\\/soderkoping\\\/\"},{\"@type\":\"ListItem\",\"position\":2,\"name\":\"Valet 9 sept 2018\",\"item\":\"https:\\\/\\\/wp.kristdemokraterna.se\\\/soderkoping\\\/valet2018\\\/\"},{\"@type\":\"ListItem\",\"position\":3,\"name\":\"Kommunkandidater 2018\",\"item\":\"https:\\\/\\\/wp.kristdemokraterna.se\\\/soderkoping\\\/valet2018\\\/kommunkandidater-2018\\\/\"},{\"@type\":\"ListItem\",\"position\":4,\"name\":\"Anders Eksmo\"}]},{\"@type\":\"WebSite\",\"@id\":\"https:\\\/\\\/wp.kristdemokraterna.se\\\/soderkoping\\\/#website\",\"url\":\"https:\\\/\\\/wp.kristdemokraterna.se\\\/soderkoping\\\/\",\"name\":\"S\u00f6derk\u00f6ping\",\"description\":\"Kristdemokraterna\",\"inLanguage\":\"sv-SE\"}]}<\/script>\n<!-- \/ Yoast SEO plugin. -->","yoast_head_json":{"title":"Anders Eksmo - S\u00f6derk\u00f6ping","robots":{"index":"noindex","follow":"follow","max-snippet":"max-snippet:-1","max-image-preview":"max-image-preview:large","max-video-preview":"max-video-preview:-1"},"og_locale":"sv_SE","og_type":"article","og_title":"Anders Eksmo - S\u00f6derk\u00f6ping","og_description":"* Toppkandidat f\u00f6r Kristdemokraterna i S\u00f6derk\u00f6ping (valkrets &#8211; S\u00f6derk\u00f6pings kommun) 1. Anders Eksmo. Vi vill bygga ett nytt \u00e4ldreboende och \u00e4ldrecenter i Sankt Anna och ett \u00e4ldrecenter i \u00d6stra Ryd d\u00e4r all n\u00f6dv\u00e4ndig service f\u00f6r \u00e4ldre kan samlas. Verka f\u00f6r n\u00e4rpoliser \u201d1 polis per 1000 inv\u00e5nare som riktm\u00e4rke\u201d. * Kandidat ocks\u00e5 f\u00f6r Kristdemokraterna i Region Read More","og_url":"https:\/\/wp.kristdemokraterna.se\/soderkoping\/valet2018\/kommunkandidater-2018\/anders-eksmo\/","og_site_name":"S\u00f6derk\u00f6ping","article_modified_time":"2018-07-06T13:12:18+00:00","og_image":[{"url":"http:\/\/wp.kristdemokraterna.se\/soderkoping\/files\/2018\/07\/anderseksmo_regost.jpg","type":"","width":"","height":""}],"twitter_card":"summary_large_image","twitter_misc":{"Ber\u00e4knad l\u00e4stid":"1 minut"},"schema":{"@context":"https:\/\/schema.org","@graph":[{"@type":"WebPage","@id":"https:\/\/wp.kristdemokraterna.se\/soderkoping\/valet2018\/kommunkandidater-2018\/anders-eksmo\/","url":"https:\/\/wp.kristdemokraterna.se\/soderkoping\/valet2018\/kommunkandidater-2018\/anders-eksmo\/","name":"Anders Eksmo - S\u00f6derk\u00f6ping","isPartOf":{"@id":"https:\/\/wp.kristdemokraterna.se\/soderkoping\/#website"},"primaryImageOfPage":{"@id":"https:\/\/wp.kristdemokraterna.se\/soderkoping\/valet2018\/kommunkandidater-2018\/anders-eksmo\/#primaryimage"},"image":{"@id":"https:\/\/wp.kristdemokraterna.se\/soderkoping\/valet2018\/kommunkandidater-2018\/anders-eksmo\/#primaryimage"},"thumbnailUrl":"http:\/\/wp.kristdemokraterna.se\/soderkoping\/files\/2018\/07\/anderseksmo_regost.jpg","datePublished":"2018-07-06T12:25:47+00:00","dateModified":"2018-07-06T13:12:18+00:00","breadcrumb":{"@id":"https:\/\/wp.kristdemokraterna.se\/soderkoping\/valet2018\/kommunkandidater-2018\/anders-eksmo\/#breadcrumb"},"inLanguage":"sv-SE","potentialAction":[{"@type":"ReadAction","target":["https:\/\/wp.kristdemokraterna.se\/soderkoping\/valet2018\/kommunkandidater-2018\/anders-eksmo\/"]}]},{"@type":"ImageObject","inLanguage":"sv-SE","@id":"https:\/\/wp.kristdemokraterna.se\/soderkoping\/valet2018\/kommunkandidater-2018\/anders-eksmo\/#primaryimage","url":"https:\/\/wp.kristdemokraterna.se\/soderkoping\/files\/2018\/07\/anderseksmo_regost.jpg","contentUrl":"https:\/\/wp.kristdemokraterna.se\/soderkoping\/files\/2018\/07\/anderseksmo_regost.jpg","width":782,"height":530},{"@type":"BreadcrumbList","@id":"https:\/\/wp.kristdemokraterna.se\/soderkoping\/valet2018\/kommunkandidater-2018\/anders-eksmo\/#breadcrumb","itemListElement":[{"@type":"ListItem","position":1,"name":"Hem","item":"https:\/\/wp.kristdemokraterna.se\/soderkoping\/"},{"@type":"ListItem","position":2,"name":"Valet 9 sept 2018","item":"https:\/\/wp.kristdemokraterna.se\/soderkoping\/valet2018\/"},{"@type":"ListItem","position":3,"name":"Kommunkandidater 2018","item":"https:\/\/wp.kristdemokraterna.se\/soderkoping\/valet2018\/kommunkandidater-2018\/"},{"@type":"ListItem","position":4,"name":"Anders Eksmo"}]},{"@type":"WebSite","@id":"https:\/\/wp.kristdemokraterna.se\/soderkoping\/#website","url":"https:\/\/wp.kristdemokraterna.se\/soderkoping\/","name":"S\u00f6derk\u00f6ping","description":"Kristdemokraterna","inLanguage":"sv-SE"}]}},"_links":{"self":[{"href":"https:\/\/wp.kristdemokraterna.se\/soderkoping\/wp-json\/wp\/v2\/pages\/573","targetHints":{"allow":["GET"]}}],"collection":[{"href":"https:\/\/wp.kristdemokraterna.se\/soderkoping\/wp-json\/wp\/v2\/pages"}],"about":[{"href":"https:\/\/wp.kristdemokraterna.se\/soderkoping\/wp-json\/wp\/v2\/types\/page"}],"author":[{"embeddable":true,"href":"https:\/\/wp.kristdemokraterna.se\/soderkoping\/wp-json\/wp\/v2\/users\/637"}],"replies":[{"embeddable":true,"href":"https:\/\/wp.kristdemokraterna.se\/soderkoping\/wp-json\/wp\/v2\/comments?post=573"}],"version-history":[{"count":9,"href":"https:\/\/wp.kristdemokraterna.se\/soderkoping\/wp-json\/wp\/v2\/pages\/573\/revisions"}],"predecessor-version":[{"id":576,"href":"https:\/\/wp.kristdemokraterna.se\/soderkoping\/wp-json\/wp\/v2\/pages\/573\/revisions\/576"}],"up":[{"embeddable":true,"href":"https:\/\/wp.kristdemokraterna.se\/soderkoping\/wp-json\/wp\/v2\/pages\/394"}],"wp:attachment":[{"href":"https:\/\/wp.kristdemokraterna.se\/soderkoping\/wp-json\/wp\/v2\/media?parent=573"}],"curies":[{"name":"wp","href":"https:\/\/api.w.org\/{rel}","templated":true}]}}