{"id":77,"date":"2014-08-01T14:50:21","date_gmt":"2014-08-01T12:50:21","guid":{"rendered":"http:\/\/wp.kristdemokraterna.se\/soderkoping\/?page_id=77"},"modified":"2014-08-04T16:19:10","modified_gmt":"2014-08-04T14:19:10","slug":"valtidning-2014","status":"publish","type":"page","link":"https:\/\/wp.kristdemokraterna.se\/soderkoping\/valet2014\/valtidning-2014\/","title":{"rendered":"Valtidning 2014"},"content":{"rendered":"<p><strong>Hur f\u00e5r du ihop vardagen?<\/strong><br \/>\nF\u00f6rs\u00f6ker du ocks\u00e5 f\u00e5 ihop livets olika delar; h\u00e4mtningar och l\u00e4mningar, familjeliv, aktiva fritidsintressen, arbetsliv och allt det som h\u00f6r vardagen till?<br \/>\nDu \u00e4r inte ensam. <\/p>\n<p>M\u00e5nga slits mellan olika viljor och krav, hemma och p\u00e5 jobbet. S\u00e5 \u00e4r det, och s\u00e5 kommer det s\u00e4kert alltid att vara. Men vi kristdemokrater vill g\u00f6ra vad vi kan f\u00f6r att underl\u00e4tta f\u00f6r familjer, s\u00e5 att det blir l\u00e4ttare att f\u00e5 ihop vardagen. <\/p>\n<p>V\u00e5r tids kanske viktigaste utmaning \u00e4r att barn och unga ska f\u00e5 en god uppv\u00e4xt. S\u00f6derk\u00f6ping ska erbjuda bra barnomsorg och en skola d\u00e4r varje barn f\u00e5r utvecklas utifr\u00e5n sina egna f\u00f6ruts\u00e4ttningar. Vuxna, s\u00e5v\u00e4l f\u00f6r\u00e4ldrar som l\u00e4rare och fotbollsledare, ska ges tid f\u00f6r barnen. F\u00f6r vi vet att det \u00e4r grunden till att barn m\u00e5r bra. Vi ska ge barn som far illa den hj\u00e4lp de beh\u00f6ver. En barndom g\u00e5r inte i repris.<\/p>\n<p>Vi s\u00f6ker ditt f\u00f6rtroende f\u00f6r att arbeta f\u00f6r att v\u00e5rt S\u00f6derk\u00f6ping ska bli en \u00e4nnu b\u00e4ttre kommun att v\u00e4xa upp i. R\u00f6sta p\u00e5 Kristdemokraterna den 14 september.<\/p>\n<p><strong>S\u00f6derk\u00f6ping ska bli b\u00e4st att v\u00e4xa upp i<\/strong><br \/>\nGoda villkor f\u00f6r familjerna ger v\u00e5ra barn en bra start i livet. Genom att satsa p\u00e5 de minsta bygger vi ett gott samh\u00e4lle och en b\u00e4ttre framtid f\u00f6r oss alla.<br \/>\n\u2013 B\u00e5de f\u00f6r\u00e4ldrar och barn beh\u00f6ver tid med varandra. D\u00e4rf\u00f6r m\u00e5ste familjer sj\u00e4lva kunna v\u00e4lja det liv som passar dem b\u00e4st. Vi n\u00f6jer oss aldrig med mindre \u00e4n riktigt bra barnomsorg och skola, s\u00e4ger Anders Eksmo.<\/p>\n<p>Kvaliteten i f\u00f6rskolan \u00e4r viktig, f\u00f6r b\u00e5de barn och f\u00f6r\u00e4ldrar. F\u00f6r de minsta \u00e4r tryggheten i den lilla gruppen viktigast. D\u00e4rf\u00f6r vill vi ha sm\u00e5 barngrupper i f\u00f6rskolan och ett maxtak f\u00f6r gruppernas storlek. F\u00f6r\u00e4ldrar ska k\u00e4nna sig trygga med att deras barn f\u00e5r omsorg i en bra verksamhet. <\/p>\n<p>F\u00f6r\u00e4ldrar som vill v\u00e4lja en annan barnomsorg ska ocks\u00e5 ha frihet att g\u00f6ra det. Vi vill st\u00e4rka familjedaghemmen och skapa \u00f6kade valm\u00f6jligheter med barnomsorgspeng och v\u00e5rdnadsbidrag. <\/p>\n<p>Vi vill ocks\u00e5 lyfta skolan och l\u00e4rarna. Varje elev ska f\u00e5 m\u00f6jlighet att utvecklas utifr\u00e5n sina egna f\u00f6ruts\u00e4ttningar. Duktiga l\u00e4rare ska ges goda utvecklingsm\u00f6jligheter och bra l\u00f6n. Skolan ska ge kunskap f\u00f6r arbetslivet, men ocks\u00e5 bildning f\u00f6r hela livet. Nolltolerans mot mobbing, kr\u00e4nkande behandling, klotter och d\u00e5lig skolmilj\u00f6 \u00e4r en n\u00f6dv\u00e4ndighet. <\/p>\n<p>F\u00f6r att S\u00f6derk\u00f6ping ska utvecklas och bli attraktivt beh\u00f6vs fler jobb och h\u00f6gre tillv\u00e4xt. Vi vill skapa ett n\u00e4ringslivsklimat som uppmuntrar nya id\u00e9er och underl\u00e4ttar f\u00f6r entrepren\u00f6rskap och f\u00f6retag. Det hj\u00e4lper \u00e4ven v\u00e5ra unga in p\u00e5 arbetsmarknaden. <\/p>\n<p>S\u00e5 g\u00f6r vi S\u00f6derk\u00f6ping till Sveriges b\u00e4sta kommun att v\u00e4xa upp i!<\/p>\n<p><strong>Ett hem \u00e5t alla<\/strong><br \/>\nAlla beh\u00f6ver n\u00e5gonstans att bo. Vi m\u00e5ste d\u00e4rf\u00f6r bygga fler bost\u00e4der och g\u00f6ra det billigare att bygga, s\u00e5 att alla kan hitta n\u00e5gonstans att bo som de har r\u00e5d med. <\/p>\n<p>Vi har s\u00e4nkt skatten p\u00e5 boende och f\u00f6renklat regler, inte minst f\u00f6r student- och ungdomsbost\u00e4der, kortat v\u00e4gen fr\u00e5n id\u00e9 till byggstart samt underl\u00e4ttat f\u00f6r andrahandsuthyrning. Vi ger villa- och sommarstuge\u00e4gare mer makt att sj\u00e4lva best\u00e4mma att bygga utbyggnader och komplementhus p\u00e5 tomten utan att beh\u00f6va s\u00f6ka bygglov. Vi vill inf\u00f6ra ett avdragsgillt bosparande f\u00f6r unga och avskaffa taxeringsv\u00e4rdessystemet &#8211; en sista rest av den statliga fastighetsskatten. Men det handlar inte bara om att bygga hus. Vi m\u00e5ste ocks\u00e5 skapa en trivsam och trygg boendemilj\u00f6, med n\u00e4rhet till exempelvis gr\u00f6nomr\u00e5de, mataff\u00e4r och barnomsorg. Vi m\u00e5ste ha en l\u00e5ngsiktig planering kring hur vi vill att staden ska se ut i framtiden. En god boendemilj\u00f6 betyder mycket f\u00f6r hur vi m\u00e5r &#8211; inte minst f\u00f6r v\u00e5ra barn och unga.<\/p>\n<p><strong>Ge Kristdemokraterna st\u00f6rre inflytande!<\/strong><br \/>\nOm Du vill :<br \/>\n\u2022 Best\u00e4mma mer \u00f6ver dig sj\u00e4lv och familjen.<br \/>\n\u2022 Bos\u00e4tta dig var du och familjen vill.<br \/>\n\u2022 Garantera valfrihet i barnomsorgen genom h\u00f6jt v\u00e5rdnadsbidrag eller barnomsorgspeng.<br \/>\n\u2022 Inf\u00f6ra maxtak f\u00f6r barngruppernas storlek i f\u00f6rskola och p\u00e5 fritids.<br \/>\n\u2022 V\u00e4lja var era barn ska g\u00e5 i skola.<br \/>\n\u2022 Stoppa brott i samverkan med polisen och det civila samh\u00e4llet.<br \/>\n\u2022 V\u00e5ra \u00e4ldre ska f\u00e5 v\u00e4lja v\u00e5rd- och \u00e4ldreboende<br \/>\n\u2022 Ha ett jobb att g\u00e5 till.<br \/>\n\u2022 Ge b\u00e4ttre villkor f\u00f6r f\u00f6retagande<br \/>\n   &#8211; tydligg\u00f6r kommunens \u00e5tagande genom tj\u00e4nstegarantier.<\/p>\n<p><a href=\"http:\/\/wp.kristdemokraterna.se\/soderkoping\/files\/2014\/08\/k13506_soderkoping2.pdf\" target=\"_blank\">K13506_soderkoping<\/a><\/p>\n","protected":false},"excerpt":{"rendered":"<p>Hur f\u00e5r du ihop vardagen? F\u00f6rs\u00f6ker du ocks\u00e5 f\u00e5 ihop livets olika delar; h\u00e4mtningar och l\u00e4mningar, familjeliv, aktiva fritidsintressen, arbetsliv och allt det som h\u00f6r vardagen till? Du \u00e4r inte ensam. M\u00e5nga slits mellan olika viljor och krav, hemma och p\u00e5 jobbet. S\u00e5 \u00e4r det, och s\u00e5 kommer det s\u00e4kert alltid att vara. Men vi <a class=\"read-more-link\" href=\"https:\/\/wp.kristdemokraterna.se\/soderkoping\/valet2014\/valtidning-2014\/\">Read More<\/a><\/p>\n","protected":false},"author":637,"featured_media":0,"parent":82,"menu_order":0,"comment_status":"closed","ping_status":"closed","template":"","meta":{"_acf_changed":false,"footnotes":""},"class_list":["post-77","page","type-page","status-publish","hentry"],"acf":[],"yoast_head":"<!-- This site is optimized with the Yoast SEO plugin v27.4 - https:\/\/yoast.com\/product\/yoast-seo-wordpress\/ -->\n<title>Valtidning 2014 - S\u00f6derk\u00f6ping<\/title>\n<meta name=\"robots\" content=\"noindex, follow, max-snippet:-1, max-image-preview:large, max-video-preview:-1\" \/>\n<meta property=\"og:locale\" content=\"sv_SE\" \/>\n<meta property=\"og:type\" content=\"article\" \/>\n<meta property=\"og:title\" content=\"Valtidning 2014 - S\u00f6derk\u00f6ping\" \/>\n<meta property=\"og:description\" content=\"Hur f\u00e5r du ihop vardagen? F\u00f6rs\u00f6ker du ocks\u00e5 f\u00e5 ihop livets olika delar; h\u00e4mtningar och l\u00e4mningar, familjeliv, aktiva fritidsintressen, arbetsliv och allt det som h\u00f6r vardagen till? Du \u00e4r inte ensam. M\u00e5nga slits mellan olika viljor och krav, hemma och p\u00e5 jobbet. S\u00e5 \u00e4r det, och s\u00e5 kommer det s\u00e4kert alltid att vara. Men vi Read More\" \/>\n<meta property=\"og:url\" content=\"https:\/\/wp.kristdemokraterna.se\/soderkoping\/valet2014\/valtidning-2014\/\" \/>\n<meta property=\"og:site_name\" content=\"S\u00f6derk\u00f6ping\" \/>\n<meta property=\"article:modified_time\" content=\"2014-08-04T14:19:10+00:00\" \/>\n<meta name=\"twitter:card\" content=\"summary_large_image\" \/>\n<meta name=\"twitter:label1\" content=\"Ber\u00e4knad l\u00e4stid\" \/>\n\t<meta name=\"twitter:data1\" content=\"4 minuter\" \/>\n<script type=\"application\/ld+json\" class=\"yoast-schema-graph\">{\"@context\":\"https:\\\/\\\/schema.org\",\"@graph\":[{\"@type\":\"WebPage\",\"@id\":\"https:\\\/\\\/wp.kristdemokraterna.se\\\/soderkoping\\\/valet2014\\\/valtidning-2014\\\/\",\"url\":\"https:\\\/\\\/wp.kristdemokraterna.se\\\/soderkoping\\\/valet2014\\\/valtidning-2014\\\/\",\"name\":\"Valtidning 2014 - S\u00f6derk\u00f6ping\",\"isPartOf\":{\"@id\":\"https:\\\/\\\/wp.kristdemokraterna.se\\\/soderkoping\\\/#website\"},\"datePublished\":\"2014-08-01T12:50:21+00:00\",\"dateModified\":\"2014-08-04T14:19:10+00:00\",\"breadcrumb\":{\"@id\":\"https:\\\/\\\/wp.kristdemokraterna.se\\\/soderkoping\\\/valet2014\\\/valtidning-2014\\\/#breadcrumb\"},\"inLanguage\":\"sv-SE\",\"potentialAction\":[{\"@type\":\"ReadAction\",\"target\":[\"https:\\\/\\\/wp.kristdemokraterna.se\\\/soderkoping\\\/valet2014\\\/valtidning-2014\\\/\"]}]},{\"@type\":\"BreadcrumbList\",\"@id\":\"https:\\\/\\\/wp.kristdemokraterna.se\\\/soderkoping\\\/valet2014\\\/valtidning-2014\\\/#breadcrumb\",\"itemListElement\":[{\"@type\":\"ListItem\",\"position\":1,\"name\":\"Hem\",\"item\":\"https:\\\/\\\/wp.kristdemokraterna.se\\\/soderkoping\\\/\"},{\"@type\":\"ListItem\",\"position\":2,\"name\":\"Valet 14 sept 2014\",\"item\":\"https:\\\/\\\/wp.kristdemokraterna.se\\\/soderkoping\\\/valet2014\\\/\"},{\"@type\":\"ListItem\",\"position\":3,\"name\":\"Valtidning 2014\"}]},{\"@type\":\"WebSite\",\"@id\":\"https:\\\/\\\/wp.kristdemokraterna.se\\\/soderkoping\\\/#website\",\"url\":\"https:\\\/\\\/wp.kristdemokraterna.se\\\/soderkoping\\\/\",\"name\":\"S\u00f6derk\u00f6ping\",\"description\":\"Kristdemokraterna\",\"inLanguage\":\"sv-SE\"}]}<\/script>\n<!-- \/ Yoast SEO plugin. -->","yoast_head_json":{"title":"Valtidning 2014 - S\u00f6derk\u00f6ping","robots":{"index":"noindex","follow":"follow","max-snippet":"max-snippet:-1","max-image-preview":"max-image-preview:large","max-video-preview":"max-video-preview:-1"},"og_locale":"sv_SE","og_type":"article","og_title":"Valtidning 2014 - S\u00f6derk\u00f6ping","og_description":"Hur f\u00e5r du ihop vardagen? F\u00f6rs\u00f6ker du ocks\u00e5 f\u00e5 ihop livets olika delar; h\u00e4mtningar och l\u00e4mningar, familjeliv, aktiva fritidsintressen, arbetsliv och allt det som h\u00f6r vardagen till? Du \u00e4r inte ensam. M\u00e5nga slits mellan olika viljor och krav, hemma och p\u00e5 jobbet. S\u00e5 \u00e4r det, och s\u00e5 kommer det s\u00e4kert alltid att vara. Men vi Read More","og_url":"https:\/\/wp.kristdemokraterna.se\/soderkoping\/valet2014\/valtidning-2014\/","og_site_name":"S\u00f6derk\u00f6ping","article_modified_time":"2014-08-04T14:19:10+00:00","twitter_card":"summary_large_image","twitter_misc":{"Ber\u00e4knad l\u00e4stid":"4 minuter"},"schema":{"@context":"https:\/\/schema.org","@graph":[{"@type":"WebPage","@id":"https:\/\/wp.kristdemokraterna.se\/soderkoping\/valet2014\/valtidning-2014\/","url":"https:\/\/wp.kristdemokraterna.se\/soderkoping\/valet2014\/valtidning-2014\/","name":"Valtidning 2014 - S\u00f6derk\u00f6ping","isPartOf":{"@id":"https:\/\/wp.kristdemokraterna.se\/soderkoping\/#website"},"datePublished":"2014-08-01T12:50:21+00:00","dateModified":"2014-08-04T14:19:10+00:00","breadcrumb":{"@id":"https:\/\/wp.kristdemokraterna.se\/soderkoping\/valet2014\/valtidning-2014\/#breadcrumb"},"inLanguage":"sv-SE","potentialAction":[{"@type":"ReadAction","target":["https:\/\/wp.kristdemokraterna.se\/soderkoping\/valet2014\/valtidning-2014\/"]}]},{"@type":"BreadcrumbList","@id":"https:\/\/wp.kristdemokraterna.se\/soderkoping\/valet2014\/valtidning-2014\/#breadcrumb","itemListElement":[{"@type":"ListItem","position":1,"name":"Hem","item":"https:\/\/wp.kristdemokraterna.se\/soderkoping\/"},{"@type":"ListItem","position":2,"name":"Valet 14 sept 2014","item":"https:\/\/wp.kristdemokraterna.se\/soderkoping\/valet2014\/"},{"@type":"ListItem","position":3,"name":"Valtidning 2014"}]},{"@type":"WebSite","@id":"https:\/\/wp.kristdemokraterna.se\/soderkoping\/#website","url":"https:\/\/wp.kristdemokraterna.se\/soderkoping\/","name":"S\u00f6derk\u00f6ping","description":"Kristdemokraterna","inLanguage":"sv-SE"}]}},"_links":{"self":[{"href":"https:\/\/wp.kristdemokraterna.se\/soderkoping\/wp-json\/wp\/v2\/pages\/77","targetHints":{"allow":["GET"]}}],"collection":[{"href":"https:\/\/wp.kristdemokraterna.se\/soderkoping\/wp-json\/wp\/v2\/pages"}],"about":[{"href":"https:\/\/wp.kristdemokraterna.se\/soderkoping\/wp-json\/wp\/v2\/types\/page"}],"author":[{"embeddable":true,"href":"https:\/\/wp.kristdemokraterna.se\/soderkoping\/wp-json\/wp\/v2\/users\/637"}],"replies":[{"embeddable":true,"href":"https:\/\/wp.kristdemokraterna.se\/soderkoping\/wp-json\/wp\/v2\/comments?post=77"}],"version-history":[{"count":13,"href":"https:\/\/wp.kristdemokraterna.se\/soderkoping\/wp-json\/wp\/v2\/pages\/77\/revisions"}],"predecessor-version":[{"id":101,"href":"https:\/\/wp.kristdemokraterna.se\/soderkoping\/wp-json\/wp\/v2\/pages\/77\/revisions\/101"}],"up":[{"embeddable":true,"href":"https:\/\/wp.kristdemokraterna.se\/soderkoping\/wp-json\/wp\/v2\/pages\/82"}],"wp:attachment":[{"href":"https:\/\/wp.kristdemokraterna.se\/soderkoping\/wp-json\/wp\/v2\/media?parent=77"}],"curies":[{"name":"wp","href":"https:\/\/api.w.org\/{rel}","templated":true}]}}