{"id":798,"date":"2021-01-11T20:06:58","date_gmt":"2021-01-11T19:06:58","guid":{"rendered":"http:\/\/wp.kristdemokraterna.se\/soderkoping\/?page_id=798"},"modified":"2023-03-10T07:17:37","modified_gmt":"2023-03-10T06:17:37","slug":"epost","status":"publish","type":"page","link":"https:\/\/wp.kristdemokraterna.se\/soderkoping\/epost\/","title":{"rendered":"E-post"},"content":{"rendered":"<p><strong><img loading=\"lazy\" decoding=\"async\" class=\"size-full wp-image-799 alignright\" src=\"http:\/\/wp.kristdemokraterna.se\/soderkoping\/files\/2021\/01\/kuber.png\" alt=\"\" width=\"478\" height=\"262\" srcset=\"https:\/\/wp.kristdemokraterna.se\/soderkoping\/files\/2021\/01\/kuber.png 478w, https:\/\/wp.kristdemokraterna.se\/soderkoping\/files\/2021\/01\/kuber-300x164.png 300w, https:\/\/wp.kristdemokraterna.se\/soderkoping\/files\/2021\/01\/kuber-365x200.png 365w, https:\/\/wp.kristdemokraterna.se\/soderkoping\/files\/2021\/01\/kuber-370x203.png 370w, https:\/\/wp.kristdemokraterna.se\/soderkoping\/files\/2021\/01\/kuber-450x247.png 450w, https:\/\/wp.kristdemokraterna.se\/soderkoping\/files\/2021\/01\/kuber-280x153.png 280w, https:\/\/wp.kristdemokraterna.se\/soderkoping\/files\/2021\/01\/kuber-340x186.png 340w, https:\/\/wp.kristdemokraterna.se\/soderkoping\/files\/2021\/01\/kuber-200x110.png 200w, https:\/\/wp.kristdemokraterna.se\/soderkoping\/files\/2021\/01\/kuber-102x56.png 102w\" sizes=\"auto, (max-width: 478px) 100vw, 478px\" \/>H\u00e4r \u00e4r webbinloggningen till partiets e-post.<br \/>\n<\/strong>Outlook \u2013 webmail<br \/>\n&gt;\u00a0<a href=\"https:\/\/outlook.office365.com\/owa\/kristdemokraterna.se\" target=\"_blank\" rel=\"noopener noreferrer\">Logga in<\/a><\/p>\n<p><strong><br \/>\nOutlook-appen<br \/>\n<\/strong>App Store<br \/>\n&gt;\u00a0<a href=\"https:\/\/apps.apple.com\/se\/app\/microsoft-outlook\/id951937596\" target=\"_blank\" rel=\"noopener\">Ladda ner<\/a><\/p>\n<div class=\"rte t-rte clear\">\n<p>Google Play<br \/>\n&gt;\u00a0<a href=\"https:\/\/play.google.com\/store\/apps\/details?id=com.microsoft.office.outlook&amp;hl=sv&amp;gl=US\" target=\"_blank\" rel=\"noopener\">Ladda ner<\/a><\/p>\n<p><strong><br \/>\nHj\u00e4lp &amp; st\u00f6d<\/strong><br \/>\nMicrosoft Outlook<br \/>\n&gt;\u00a0<a href=\"https:\/\/support.office.com\/sv-se\/outlook\" target=\"_blank\" rel=\"noopener noreferrer\">Supporten<\/a>\u00a0(f\u00f6r\u00a0<em>Outlook \u201dMicrosoft365\u2033<\/em>)<\/p>\n<p>Microsoft365 \u201d<em>tidigare Office365<\/em>\u201d<br \/>\n&gt;\u00a0<a href=\"https:\/\/support.office.com\/sv-se\/\" target=\"_blank\" rel=\"noopener noreferrer\">Supporten<\/a><\/p>\n<p><strong><br \/>\nE-post konfigurations manual<\/strong><strong><br \/>\n<\/strong><em>f\u00f6r outlook, mobiltelefon osv.<\/em><br \/>\n&gt;\u2026<\/p>\n<\/div>\n<p><strong>\u00a0<\/strong><\/p>\n<p><strong>Best\u00e4lla en e-postadress <\/strong>(<em>@kristdemokraterna.se<\/em>) \u201d<em><strong><span style=\"color: #ff0000\">OBS<\/span><\/strong><\/em><strong>!<\/strong>\u00a0<em>priserna \u00e4r fr\u00e5n 2023<\/em>\u201d<br \/>\n\u00d6nskar du en e-postadress med dom\u00e4nen kristdemokraterna.se, d\u00e5 beh\u00f6ver du best\u00e4lla den via KD-office365 sajten nedan &#8221;l\u00e4nken&#8221;, eftersom det \u00e4r m\u00f6jligt f\u00f6r s\u00e5v\u00e4l enskilda medlemmar som partidistrikt och partiavdelningar att best\u00e4lla en e-postadress till en \u00e5rskostnad.<br \/>\n&gt; <a href=\"https:\/\/office365.kd.nu\/\" target=\"_blank\" rel=\"noopener\">Best\u00e4ll h\u00e4r<\/a><\/p>\n<p style=\"padding-left: 40px\"><strong>E-postkonto Exchange Online 1<\/strong> (Pris: 480kr\/\u00e5r &#8221;~<em>40kr\/m\u00e5n<\/em>&#8221;)<br \/>\nGer tillg\u00e5ng till e-post, kalenderfunktion och kontaktlistor. Rekommenderas f\u00f6r politiker och funktion\u00e4rer som vill ha en @kristdemokraterna.se -adress.<\/p>\n<p style=\"padding-left: 40px\"><strong>Office 365 Basic<\/strong> (Pris: 720kr\/\u00e5r &#8221;~<em>60kr\/m\u00e5n<\/em>&#8221;)<br \/>\nGer tillg\u00e5ng till premiumapparna Outlook, Word, Excel och Powerpoint som webbaserade appar samt e-post, kalenderfunktion och kontaktlistor. Onedrive och Teams ing\u00e5r som appar d\u00e4r det finns m\u00f6jlighet att organisera avdelningens dokument och projekt samt boka digitala m\u00f6ten. Rekommenderas f\u00f6r partiavdelningsordf\u00f6rande, partidistriktsordf\u00f6rande eller politiker och funktion\u00e4rer som har datorer som \u00e4r l\u00e5sta f\u00f6r installation av programvaror.<\/p>\n<p style=\"padding-left: 40px\"><strong>F\u00e5 e-post till @kristdemokraterna.se vidares\u00e4nd till annat konto<\/strong> (Pris: 0kr\/\u00e5r &#8221;<em>0kr\/m\u00e5n<\/em>&#8221;)<br \/>\n<strong><span style=\"color: #ff0000\"><em>OBS<\/em><span style=\"color: #000000\">!<\/span><\/span><\/strong><em> g\u00e5r ej att best\u00e4lla denna p\u00e5 webbl\u00e4nken &#8221;Best\u00e4ll h\u00e4r&#8221; utan kontakta d\u00e5 Helpdesk ( se kontaktinfo nedan<span style=\"color: #808080\">) <\/span>f\u00f6r denna gratis e-post tj\u00e4nst.<\/em><br \/>\nF\u00f6r enskilda e-postkonton erbjuds m\u00f6jlighet att ha en e-postadress registrerad med vidarebefordring av e-post till ett eget e-postkonto &#8221;typ gmail.com eller annat&#8221;. Det h\u00e4r alternativet \u00e4r utan kostnad och inneb\u00e4r att det \u00e4r det egna kontot som anv\u00e4nds f\u00f6r all kommunikation med e-post som fr\u00e5n-adress men du har m\u00f6jlighet att ange en kristdemokraterna.se -adress p\u00e5 exempelvis visitkort eller en hemsida f\u00f6r inkommande e-post.<\/p>\n<p><strong>\u00a0<\/strong><\/p>\n<div class=\"rte t-rte clear\">\n<hr \/>\n<p style=\"text-align: right\"><span style=\"color: #808080\"><strong>Microsoft365 \u2013 Outlook<br \/>\n<\/strong><\/span><span style=\"color: #808080\"><em>Inkommande mail-server:\u00a0 outlook.office365.com<\/em><\/span><br \/>\n<span style=\"color: #808080\"><em>Utg\u00e5ende mail-server:\u00a0 stmp.office365.com<\/em><\/span><\/p>\n<p style=\"text-align: right\"><span style=\"color: #808080\">POP-inst\u00e4llning<\/span><br \/>\n<span style=\"color: #808080\">Server name:\u00a0 outlook.office365.com<\/span><br \/>\n<span style=\"color: #808080\">Port: 995<\/span><br \/>\n<span style=\"color: #808080\">Encryption method: TLS<\/span><\/p>\n<p style=\"text-align: right\"><span style=\"color: #808080\">IMAP-inst\u00e4llning<\/span><br \/>\n<span style=\"color: #808080\">Server name:\u00a0 outlook.office365.com<\/span><br \/>\n<span style=\"color: #808080\">Port: 993<\/span><br \/>\n<span style=\"color: #808080\">Encryption method: TLS<\/span><\/p>\n<p style=\"text-align: right\"><span style=\"color: #808080\">STMP-inst\u00e4llning<\/span><br \/>\n<span style=\"color: #808080\">Server name:\u00a0 smtp.office365.com<\/span><br \/>\n<span style=\"color: #808080\">Port: 587<\/span><br \/>\n<span style=\"color: #808080\">Encryption method: STARTTLS\u00a0<\/span><\/p>\n<p style=\"text-align: right\"><span style=\"color: #808080\"><em>******<br \/>\nF\u00f6r mer information eller dyl. kontakta Helpdesk<br \/>\nhelpdesk@kristdemokraterna.se<br \/>\ntel. 08-723 25 55<\/em><\/span><\/p>\n<\/div>\n","protected":false},"excerpt":{"rendered":"<p>H\u00e4r \u00e4r webbinloggningen till partiets e-post. Outlook \u2013 webmail &gt;\u00a0Logga in Outlook-appen App Store &gt;\u00a0Ladda ner Google Play &gt;\u00a0Ladda ner Hj\u00e4lp &amp; st\u00f6d Microsoft Outlook &gt;\u00a0Supporten\u00a0(f\u00f6r\u00a0Outlook \u201dMicrosoft365\u2033) Microsoft365 \u201dtidigare Office365\u201d &gt;\u00a0Supporten E-post konfigurations manual f\u00f6r outlook, mobiltelefon osv. &gt;\u2026 \u00a0 Best\u00e4lla en e-postadress (@kristdemokraterna.se) \u201dOBS!\u00a0priserna \u00e4r fr\u00e5n 2023\u201d \u00d6nskar du en e-postadress med dom\u00e4nen kristdemokraterna.se, <a class=\"read-more-link\" href=\"https:\/\/wp.kristdemokraterna.se\/soderkoping\/epost\/\">Read More<\/a><\/p>\n","protected":false},"author":637,"featured_media":0,"parent":0,"menu_order":0,"comment_status":"closed","ping_status":"closed","template":"page-full.php","meta":{"_acf_changed":false,"footnotes":""},"class_list":["post-798","page","type-page","status-publish","hentry"],"acf":[],"yoast_head":"<!-- This site is optimized with the Yoast SEO plugin v27.4 - https:\/\/yoast.com\/product\/yoast-seo-wordpress\/ -->\n<title>E-post - S\u00f6derk\u00f6ping<\/title>\n<meta name=\"robots\" content=\"noindex, follow, max-snippet:-1, max-image-preview:large, max-video-preview:-1\" \/>\n<meta property=\"og:locale\" content=\"sv_SE\" \/>\n<meta property=\"og:type\" content=\"article\" \/>\n<meta property=\"og:title\" content=\"E-post - S\u00f6derk\u00f6ping\" \/>\n<meta property=\"og:description\" content=\"H\u00e4r \u00e4r webbinloggningen till partiets e-post. Outlook \u2013 webmail &gt;\u00a0Logga in Outlook-appen App Store &gt;\u00a0Ladda ner Google Play &gt;\u00a0Ladda ner Hj\u00e4lp &amp; st\u00f6d Microsoft Outlook &gt;\u00a0Supporten\u00a0(f\u00f6r\u00a0Outlook \u201dMicrosoft365\u2033) Microsoft365 \u201dtidigare Office365\u201d &gt;\u00a0Supporten E-post konfigurations manual f\u00f6r outlook, mobiltelefon osv. &gt;\u2026 \u00a0 Best\u00e4lla en e-postadress (@kristdemokraterna.se) \u201dOBS!\u00a0priserna \u00e4r fr\u00e5n 2023\u201d \u00d6nskar du en e-postadress med dom\u00e4nen kristdemokraterna.se, Read More\" \/>\n<meta property=\"og:url\" content=\"https:\/\/wp.kristdemokraterna.se\/soderkoping\/epost\/\" \/>\n<meta property=\"og:site_name\" content=\"S\u00f6derk\u00f6ping\" \/>\n<meta property=\"article:modified_time\" content=\"2023-03-10T06:17:37+00:00\" \/>\n<meta property=\"og:image\" content=\"http:\/\/wp.kristdemokraterna.se\/soderkoping\/files\/2021\/01\/kuber.png\" \/>\n<meta name=\"twitter:card\" content=\"summary_large_image\" \/>\n<meta name=\"twitter:label1\" content=\"Ber\u00e4knad l\u00e4stid\" \/>\n\t<meta name=\"twitter:data1\" content=\"2 minuter\" \/>\n<script type=\"application\/ld+json\" class=\"yoast-schema-graph\">{\"@context\":\"https:\\\/\\\/schema.org\",\"@graph\":[{\"@type\":\"WebPage\",\"@id\":\"https:\\\/\\\/wp.kristdemokraterna.se\\\/soderkoping\\\/epost\\\/\",\"url\":\"https:\\\/\\\/wp.kristdemokraterna.se\\\/soderkoping\\\/epost\\\/\",\"name\":\"E-post - S\u00f6derk\u00f6ping\",\"isPartOf\":{\"@id\":\"https:\\\/\\\/wp.kristdemokraterna.se\\\/soderkoping\\\/#website\"},\"primaryImageOfPage\":{\"@id\":\"https:\\\/\\\/wp.kristdemokraterna.se\\\/soderkoping\\\/epost\\\/#primaryimage\"},\"image\":{\"@id\":\"https:\\\/\\\/wp.kristdemokraterna.se\\\/soderkoping\\\/epost\\\/#primaryimage\"},\"thumbnailUrl\":\"http:\\\/\\\/wp.kristdemokraterna.se\\\/soderkoping\\\/files\\\/2021\\\/01\\\/kuber.png\",\"datePublished\":\"2021-01-11T19:06:58+00:00\",\"dateModified\":\"2023-03-10T06:17:37+00:00\",\"breadcrumb\":{\"@id\":\"https:\\\/\\\/wp.kristdemokraterna.se\\\/soderkoping\\\/epost\\\/#breadcrumb\"},\"inLanguage\":\"sv-SE\",\"potentialAction\":[{\"@type\":\"ReadAction\",\"target\":[\"https:\\\/\\\/wp.kristdemokraterna.se\\\/soderkoping\\\/epost\\\/\"]}]},{\"@type\":\"ImageObject\",\"inLanguage\":\"sv-SE\",\"@id\":\"https:\\\/\\\/wp.kristdemokraterna.se\\\/soderkoping\\\/epost\\\/#primaryimage\",\"url\":\"http:\\\/\\\/wp.kristdemokraterna.se\\\/soderkoping\\\/files\\\/2021\\\/01\\\/kuber.png\",\"contentUrl\":\"http:\\\/\\\/wp.kristdemokraterna.se\\\/soderkoping\\\/files\\\/2021\\\/01\\\/kuber.png\"},{\"@type\":\"BreadcrumbList\",\"@id\":\"https:\\\/\\\/wp.kristdemokraterna.se\\\/soderkoping\\\/epost\\\/#breadcrumb\",\"itemListElement\":[{\"@type\":\"ListItem\",\"position\":1,\"name\":\"Hem\",\"item\":\"https:\\\/\\\/wp.kristdemokraterna.se\\\/soderkoping\\\/\"},{\"@type\":\"ListItem\",\"position\":2,\"name\":\"E-post\"}]},{\"@type\":\"WebSite\",\"@id\":\"https:\\\/\\\/wp.kristdemokraterna.se\\\/soderkoping\\\/#website\",\"url\":\"https:\\\/\\\/wp.kristdemokraterna.se\\\/soderkoping\\\/\",\"name\":\"S\u00f6derk\u00f6ping\",\"description\":\"Kristdemokraterna\",\"inLanguage\":\"sv-SE\"}]}<\/script>\n<!-- \/ Yoast SEO plugin. -->","yoast_head_json":{"title":"E-post - S\u00f6derk\u00f6ping","robots":{"index":"noindex","follow":"follow","max-snippet":"max-snippet:-1","max-image-preview":"max-image-preview:large","max-video-preview":"max-video-preview:-1"},"og_locale":"sv_SE","og_type":"article","og_title":"E-post - S\u00f6derk\u00f6ping","og_description":"H\u00e4r \u00e4r webbinloggningen till partiets e-post. Outlook \u2013 webmail &gt;\u00a0Logga in Outlook-appen App Store &gt;\u00a0Ladda ner Google Play &gt;\u00a0Ladda ner Hj\u00e4lp &amp; st\u00f6d Microsoft Outlook &gt;\u00a0Supporten\u00a0(f\u00f6r\u00a0Outlook \u201dMicrosoft365\u2033) Microsoft365 \u201dtidigare Office365\u201d &gt;\u00a0Supporten E-post konfigurations manual f\u00f6r outlook, mobiltelefon osv. &gt;\u2026 \u00a0 Best\u00e4lla en e-postadress (@kristdemokraterna.se) \u201dOBS!\u00a0priserna \u00e4r fr\u00e5n 2023\u201d \u00d6nskar du en e-postadress med dom\u00e4nen kristdemokraterna.se, Read More","og_url":"https:\/\/wp.kristdemokraterna.se\/soderkoping\/epost\/","og_site_name":"S\u00f6derk\u00f6ping","article_modified_time":"2023-03-10T06:17:37+00:00","og_image":[{"url":"http:\/\/wp.kristdemokraterna.se\/soderkoping\/files\/2021\/01\/kuber.png","type":"","width":"","height":""}],"twitter_card":"summary_large_image","twitter_misc":{"Ber\u00e4knad l\u00e4stid":"2 minuter"},"schema":{"@context":"https:\/\/schema.org","@graph":[{"@type":"WebPage","@id":"https:\/\/wp.kristdemokraterna.se\/soderkoping\/epost\/","url":"https:\/\/wp.kristdemokraterna.se\/soderkoping\/epost\/","name":"E-post - S\u00f6derk\u00f6ping","isPartOf":{"@id":"https:\/\/wp.kristdemokraterna.se\/soderkoping\/#website"},"primaryImageOfPage":{"@id":"https:\/\/wp.kristdemokraterna.se\/soderkoping\/epost\/#primaryimage"},"image":{"@id":"https:\/\/wp.kristdemokraterna.se\/soderkoping\/epost\/#primaryimage"},"thumbnailUrl":"http:\/\/wp.kristdemokraterna.se\/soderkoping\/files\/2021\/01\/kuber.png","datePublished":"2021-01-11T19:06:58+00:00","dateModified":"2023-03-10T06:17:37+00:00","breadcrumb":{"@id":"https:\/\/wp.kristdemokraterna.se\/soderkoping\/epost\/#breadcrumb"},"inLanguage":"sv-SE","potentialAction":[{"@type":"ReadAction","target":["https:\/\/wp.kristdemokraterna.se\/soderkoping\/epost\/"]}]},{"@type":"ImageObject","inLanguage":"sv-SE","@id":"https:\/\/wp.kristdemokraterna.se\/soderkoping\/epost\/#primaryimage","url":"http:\/\/wp.kristdemokraterna.se\/soderkoping\/files\/2021\/01\/kuber.png","contentUrl":"http:\/\/wp.kristdemokraterna.se\/soderkoping\/files\/2021\/01\/kuber.png"},{"@type":"BreadcrumbList","@id":"https:\/\/wp.kristdemokraterna.se\/soderkoping\/epost\/#breadcrumb","itemListElement":[{"@type":"ListItem","position":1,"name":"Hem","item":"https:\/\/wp.kristdemokraterna.se\/soderkoping\/"},{"@type":"ListItem","position":2,"name":"E-post"}]},{"@type":"WebSite","@id":"https:\/\/wp.kristdemokraterna.se\/soderkoping\/#website","url":"https:\/\/wp.kristdemokraterna.se\/soderkoping\/","name":"S\u00f6derk\u00f6ping","description":"Kristdemokraterna","inLanguage":"sv-SE"}]}},"_links":{"self":[{"href":"https:\/\/wp.kristdemokraterna.se\/soderkoping\/wp-json\/wp\/v2\/pages\/798","targetHints":{"allow":["GET"]}}],"collection":[{"href":"https:\/\/wp.kristdemokraterna.se\/soderkoping\/wp-json\/wp\/v2\/pages"}],"about":[{"href":"https:\/\/wp.kristdemokraterna.se\/soderkoping\/wp-json\/wp\/v2\/types\/page"}],"author":[{"embeddable":true,"href":"https:\/\/wp.kristdemokraterna.se\/soderkoping\/wp-json\/wp\/v2\/users\/637"}],"replies":[{"embeddable":true,"href":"https:\/\/wp.kristdemokraterna.se\/soderkoping\/wp-json\/wp\/v2\/comments?post=798"}],"version-history":[{"count":8,"href":"https:\/\/wp.kristdemokraterna.se\/soderkoping\/wp-json\/wp\/v2\/pages\/798\/revisions"}],"predecessor-version":[{"id":1307,"href":"https:\/\/wp.kristdemokraterna.se\/soderkoping\/wp-json\/wp\/v2\/pages\/798\/revisions\/1307"}],"wp:attachment":[{"href":"https:\/\/wp.kristdemokraterna.se\/soderkoping\/wp-json\/wp\/v2\/media?parent=798"}],"curies":[{"name":"wp","href":"https:\/\/api.w.org\/{rel}","templated":true}]}}