{"id":895,"date":"2022-07-23T15:40:40","date_gmt":"2022-07-23T13:40:40","guid":{"rendered":"https:\/\/wp.kristdemokraterna.se\/soderkoping\/?page_id=895"},"modified":"2022-09-08T07:40:37","modified_gmt":"2022-09-08T05:40:37","slug":"val2022","status":"publish","type":"page","link":"https:\/\/wp.kristdemokraterna.se\/soderkoping\/val2022\/","title":{"rendered":"Val 11 sept 2022"},"content":{"rendered":"<p><img loading=\"lazy\" decoding=\"async\" class=\"alignnone wp-image-981 size-full\" src=\"http:\/\/wp.kristdemokraterna.se\/soderkoping\/files\/2022\/08\/297954263_419086426912474_2964819935955512864_n.jpg\" alt=\"\" width=\"1125\" height=\"831\" srcset=\"https:\/\/wp.kristdemokraterna.se\/soderkoping\/files\/2022\/08\/297954263_419086426912474_2964819935955512864_n.jpg 1125w, https:\/\/wp.kristdemokraterna.se\/soderkoping\/files\/2022\/08\/297954263_419086426912474_2964819935955512864_n-300x222.jpg 300w, https:\/\/wp.kristdemokraterna.se\/soderkoping\/files\/2022\/08\/297954263_419086426912474_2964819935955512864_n-1024x756.jpg 1024w, https:\/\/wp.kristdemokraterna.se\/soderkoping\/files\/2022\/08\/297954263_419086426912474_2964819935955512864_n-768x567.jpg 768w, https:\/\/wp.kristdemokraterna.se\/soderkoping\/files\/2022\/08\/297954263_419086426912474_2964819935955512864_n-271x200.jpg 271w, https:\/\/wp.kristdemokraterna.se\/soderkoping\/files\/2022\/08\/297954263_419086426912474_2964819935955512864_n-370x273.jpg 370w, https:\/\/wp.kristdemokraterna.se\/soderkoping\/files\/2022\/08\/297954263_419086426912474_2964819935955512864_n-770x569.jpg 770w, https:\/\/wp.kristdemokraterna.se\/soderkoping\/files\/2022\/08\/297954263_419086426912474_2964819935955512864_n-450x332.jpg 450w, https:\/\/wp.kristdemokraterna.se\/soderkoping\/files\/2022\/08\/297954263_419086426912474_2964819935955512864_n-280x207.jpg 280w, https:\/\/wp.kristdemokraterna.se\/soderkoping\/files\/2022\/08\/297954263_419086426912474_2964819935955512864_n-340x251.jpg 340w, https:\/\/wp.kristdemokraterna.se\/soderkoping\/files\/2022\/08\/297954263_419086426912474_2964819935955512864_n-200x148.jpg 200w, https:\/\/wp.kristdemokraterna.se\/soderkoping\/files\/2022\/08\/297954263_419086426912474_2964819935955512864_n-76x56.jpg 76w\" sizes=\"auto, (max-width: 1125px) 100vw, 1125px\" \/><\/p>\n<h2><strong>OM VI F\u00c5R BEST\u00c4MMA\u00a0F\u00c5R DU BEST\u00c4MMA<br \/>\n<\/strong>I \ud83d\udc99 S\u00d6DERK\u00d6PING\u00a0-en del av hj\u00e4rtlandet <img loading=\"lazy\" decoding=\"async\" class=\"alignright wp-image-928 size-thumbnail\" src=\"http:\/\/wp.kristdemokraterna.se\/soderkoping\/files\/2022\/08\/317e8e84-e225-4fb0-9d8f-955a5833a8a3-150x150.jpeg\" alt=\"\" width=\"150\" height=\"150\" srcset=\"https:\/\/wp.kristdemokraterna.se\/soderkoping\/files\/2022\/08\/317e8e84-e225-4fb0-9d8f-955a5833a8a3-150x150.jpeg 150w, https:\/\/wp.kristdemokraterna.se\/soderkoping\/files\/2022\/08\/317e8e84-e225-4fb0-9d8f-955a5833a8a3-90x90.jpeg 90w, https:\/\/wp.kristdemokraterna.se\/soderkoping\/files\/2022\/08\/317e8e84-e225-4fb0-9d8f-955a5833a8a3-57x56.jpeg 57w\" sizes=\"auto, (max-width: 150px) 100vw, 150px\" \/><\/h2>\n<p>&nbsp;<\/p>\n<ul>\n<li style=\"list-style-type: none\">\n<ul>\n<li><a href=\"https:\/\/wp.kristdemokraterna.se\/soderkoping\/kommunkandidater2022\/\">V\u00e5ra kandidater<\/a><\/li>\n<li><a href=\"https:\/\/wp.kristdemokraterna.se\/soderkoping\/val2022\/valfolder-soderkoping\/\">Lokala valfolder 2022<\/a><\/li>\n<li><a href=\"https:\/\/wp.kristdemokraterna.se\/soderkoping\/val2022\/kdriks-valmanifest\/\">Valmanifest 2022 (KD riks)<\/a><\/li>\n<li><a href=\"https:\/\/kristdemokraterna.se\/var-politik\/lattlast\" target=\"_blank\" rel=\"noopener\">L\u00e4ttl\u00e4st om Kristdemokraternas politik (KD riks)<\/a><\/li>\n<\/ul>\n<\/li>\n<\/ul>\n<p>&nbsp;<\/p>\n<p><em>\u2013 <\/em><em>Mer information <a href=\"https:\/\/wp.kristdemokraterna.se\/soderkoping\/om-oss\/kontaktaoss\/\" data-wpel-link=\"internal\">kontakta oss<\/a><\/em><\/p>\n<p><img loading=\"lazy\" decoding=\"async\" class=\"wp-image-1198 aligncenter\" src=\"http:\/\/wp.kristdemokraterna.se\/soderkoping\/files\/2022\/09\/34be84ed-ee4e-4a24-8f46-7ce1397281e2.jpeg\" alt=\"\" width=\"448\" height=\"448\" srcset=\"https:\/\/wp.kristdemokraterna.se\/soderkoping\/files\/2022\/09\/34be84ed-ee4e-4a24-8f46-7ce1397281e2.jpeg 2048w, https:\/\/wp.kristdemokraterna.se\/soderkoping\/files\/2022\/09\/34be84ed-ee4e-4a24-8f46-7ce1397281e2-300x300.jpeg 300w, https:\/\/wp.kristdemokraterna.se\/soderkoping\/files\/2022\/09\/34be84ed-ee4e-4a24-8f46-7ce1397281e2-1024x1024.jpeg 1024w, https:\/\/wp.kristdemokraterna.se\/soderkoping\/files\/2022\/09\/34be84ed-ee4e-4a24-8f46-7ce1397281e2-150x150.jpeg 150w, https:\/\/wp.kristdemokraterna.se\/soderkoping\/files\/2022\/09\/34be84ed-ee4e-4a24-8f46-7ce1397281e2-768x768.jpeg 768w, https:\/\/wp.kristdemokraterna.se\/soderkoping\/files\/2022\/09\/34be84ed-ee4e-4a24-8f46-7ce1397281e2-1536x1536.jpeg 1536w, https:\/\/wp.kristdemokraterna.se\/soderkoping\/files\/2022\/09\/34be84ed-ee4e-4a24-8f46-7ce1397281e2-200x200.jpeg 200w, https:\/\/wp.kristdemokraterna.se\/soderkoping\/files\/2022\/09\/34be84ed-ee4e-4a24-8f46-7ce1397281e2-370x370.jpeg 370w, https:\/\/wp.kristdemokraterna.se\/soderkoping\/files\/2022\/09\/34be84ed-ee4e-4a24-8f46-7ce1397281e2-90x90.jpeg 90w, https:\/\/wp.kristdemokraterna.se\/soderkoping\/files\/2022\/09\/34be84ed-ee4e-4a24-8f46-7ce1397281e2-770x770.jpeg 770w, https:\/\/wp.kristdemokraterna.se\/soderkoping\/files\/2022\/09\/34be84ed-ee4e-4a24-8f46-7ce1397281e2-450x450.jpeg 450w, https:\/\/wp.kristdemokraterna.se\/soderkoping\/files\/2022\/09\/34be84ed-ee4e-4a24-8f46-7ce1397281e2-280x280.jpeg 280w, https:\/\/wp.kristdemokraterna.se\/soderkoping\/files\/2022\/09\/34be84ed-ee4e-4a24-8f46-7ce1397281e2-340x340.jpeg 340w, https:\/\/wp.kristdemokraterna.se\/soderkoping\/files\/2022\/09\/34be84ed-ee4e-4a24-8f46-7ce1397281e2-56x56.jpeg 56w\" sizes=\"auto, (max-width: 448px) 100vw, 448px\" \/><\/p>\n<hr \/>\n<p><em>F\u00f6rtidsr\u00f6stningen sker d\u00e5 mellan den 24 aug &#8211; 11 sept, och valdagen \u00e4r s\u00f6ndagen den 11 sept 2022.<br \/>\nL\u00e4s mer:<\/em>\u00a0<em><a href=\"https:\/\/www.val.se\/\" target=\"_blank\" rel=\"noopener\">Valmyndigheten<\/a><\/em>\u00a0|| <em><a href=\"https:\/\/data.val.se\/rostmottagning\/fortidsrosta?lan=05&amp;kommun=82\" target=\"_blank\" rel=\"noopener\">F\u00f6rtidsr\u00f6sta<\/a> (24 aug-11 sept, val.se)<\/em> || <em><a href=\"https:\/\/data.val.se\/rostmottagning\/vallokaler?kommun=82&amp;lan=05\" target=\"_blank\" rel=\"noopener\">R\u00f6sta p\u00e5 valdagen<\/a> (11 sept, val.se)<\/em> || <em><a href=\"https:\/\/www.soderkoping.se\/kommun-politik\/politik-beslut\/val2022\/\" target=\"_blank\" rel=\"noopener\">S\u00f6derk\u00f6pings kommun<\/a><\/em> ||<\/p>\n","protected":false},"excerpt":{"rendered":"<p>OM VI F\u00c5R BEST\u00c4MMA\u00a0F\u00c5R DU BEST\u00c4MMA I \ud83d\udc99 S\u00d6DERK\u00d6PING\u00a0-en del av hj\u00e4rtlandet &nbsp; V\u00e5ra kandidater Lokala valfolder 2022 Valmanifest 2022 (KD riks) L\u00e4ttl\u00e4st om Kristdemokraternas politik (KD riks) &nbsp; \u2013 Mer information kontakta oss F\u00f6rtidsr\u00f6stningen sker d\u00e5 mellan den 24 aug &#8211; 11 sept, och valdagen \u00e4r s\u00f6ndagen den 11 sept 2022. L\u00e4s mer:\u00a0Valmyndigheten\u00a0|| F\u00f6rtidsr\u00f6sta <a class=\"read-more-link\" href=\"https:\/\/wp.kristdemokraterna.se\/soderkoping\/val2022\/\">Read More<\/a><\/p>\n","protected":false},"author":637,"featured_media":0,"parent":0,"menu_order":0,"comment_status":"closed","ping_status":"closed","template":"","meta":{"_acf_changed":false,"footnotes":""},"class_list":["post-895","page","type-page","status-publish","hentry"],"acf":[],"yoast_head":"<!-- This site is optimized with the Yoast SEO plugin v27.4 - https:\/\/yoast.com\/product\/yoast-seo-wordpress\/ -->\n<title>Val 11 sept 2022 - S\u00f6derk\u00f6ping<\/title>\n<meta name=\"robots\" content=\"noindex, follow, max-snippet:-1, max-image-preview:large, max-video-preview:-1\" \/>\n<meta property=\"og:locale\" content=\"sv_SE\" \/>\n<meta property=\"og:type\" content=\"article\" \/>\n<meta property=\"og:title\" content=\"Val 11 sept 2022 - S\u00f6derk\u00f6ping\" \/>\n<meta property=\"og:description\" content=\"OM VI F\u00c5R BEST\u00c4MMA\u00a0F\u00c5R DU BEST\u00c4MMA I \ud83d\udc99 S\u00d6DERK\u00d6PING\u00a0-en del av hj\u00e4rtlandet &nbsp; V\u00e5ra kandidater Lokala valfolder 2022 Valmanifest 2022 (KD riks) L\u00e4ttl\u00e4st om Kristdemokraternas politik (KD riks) &nbsp; \u2013 Mer information kontakta oss F\u00f6rtidsr\u00f6stningen sker d\u00e5 mellan den 24 aug &#8211; 11 sept, och valdagen \u00e4r s\u00f6ndagen den 11 sept 2022. L\u00e4s mer:\u00a0Valmyndigheten\u00a0|| F\u00f6rtidsr\u00f6sta Read More\" \/>\n<meta property=\"og:url\" content=\"https:\/\/wp.kristdemokraterna.se\/soderkoping\/val2022\/\" \/>\n<meta property=\"og:site_name\" content=\"S\u00f6derk\u00f6ping\" \/>\n<meta property=\"article:modified_time\" content=\"2022-09-08T05:40:37+00:00\" \/>\n<meta property=\"og:image\" content=\"http:\/\/wp.kristdemokraterna.se\/soderkoping\/files\/2022\/08\/297954263_419086426912474_2964819935955512864_n.jpg\" \/>\n<meta name=\"twitter:card\" content=\"summary_large_image\" \/>\n<meta name=\"twitter:label1\" content=\"Ber\u00e4knad l\u00e4stid\" \/>\n\t<meta name=\"twitter:data1\" content=\"1 minut\" \/>\n<script type=\"application\/ld+json\" class=\"yoast-schema-graph\">{\"@context\":\"https:\\\/\\\/schema.org\",\"@graph\":[{\"@type\":\"WebPage\",\"@id\":\"https:\\\/\\\/wp.kristdemokraterna.se\\\/soderkoping\\\/val2022\\\/\",\"url\":\"https:\\\/\\\/wp.kristdemokraterna.se\\\/soderkoping\\\/val2022\\\/\",\"name\":\"Val 11 sept 2022 - S\u00f6derk\u00f6ping\",\"isPartOf\":{\"@id\":\"https:\\\/\\\/wp.kristdemokraterna.se\\\/soderkoping\\\/#website\"},\"primaryImageOfPage\":{\"@id\":\"https:\\\/\\\/wp.kristdemokraterna.se\\\/soderkoping\\\/val2022\\\/#primaryimage\"},\"image\":{\"@id\":\"https:\\\/\\\/wp.kristdemokraterna.se\\\/soderkoping\\\/val2022\\\/#primaryimage\"},\"thumbnailUrl\":\"http:\\\/\\\/wp.kristdemokraterna.se\\\/soderkoping\\\/files\\\/2022\\\/08\\\/297954263_419086426912474_2964819935955512864_n.jpg\",\"datePublished\":\"2022-07-23T13:40:40+00:00\",\"dateModified\":\"2022-09-08T05:40:37+00:00\",\"breadcrumb\":{\"@id\":\"https:\\\/\\\/wp.kristdemokraterna.se\\\/soderkoping\\\/val2022\\\/#breadcrumb\"},\"inLanguage\":\"sv-SE\",\"potentialAction\":[{\"@type\":\"ReadAction\",\"target\":[\"https:\\\/\\\/wp.kristdemokraterna.se\\\/soderkoping\\\/val2022\\\/\"]}]},{\"@type\":\"ImageObject\",\"inLanguage\":\"sv-SE\",\"@id\":\"https:\\\/\\\/wp.kristdemokraterna.se\\\/soderkoping\\\/val2022\\\/#primaryimage\",\"url\":\"http:\\\/\\\/wp.kristdemokraterna.se\\\/soderkoping\\\/files\\\/2022\\\/08\\\/297954263_419086426912474_2964819935955512864_n.jpg\",\"contentUrl\":\"http:\\\/\\\/wp.kristdemokraterna.se\\\/soderkoping\\\/files\\\/2022\\\/08\\\/297954263_419086426912474_2964819935955512864_n.jpg\"},{\"@type\":\"BreadcrumbList\",\"@id\":\"https:\\\/\\\/wp.kristdemokraterna.se\\\/soderkoping\\\/val2022\\\/#breadcrumb\",\"itemListElement\":[{\"@type\":\"ListItem\",\"position\":1,\"name\":\"Hem\",\"item\":\"https:\\\/\\\/wp.kristdemokraterna.se\\\/soderkoping\\\/\"},{\"@type\":\"ListItem\",\"position\":2,\"name\":\"Val 11 sept 2022\"}]},{\"@type\":\"WebSite\",\"@id\":\"https:\\\/\\\/wp.kristdemokraterna.se\\\/soderkoping\\\/#website\",\"url\":\"https:\\\/\\\/wp.kristdemokraterna.se\\\/soderkoping\\\/\",\"name\":\"S\u00f6derk\u00f6ping\",\"description\":\"Kristdemokraterna\",\"inLanguage\":\"sv-SE\"}]}<\/script>\n<!-- \/ Yoast SEO plugin. -->","yoast_head_json":{"title":"Val 11 sept 2022 - S\u00f6derk\u00f6ping","robots":{"index":"noindex","follow":"follow","max-snippet":"max-snippet:-1","max-image-preview":"max-image-preview:large","max-video-preview":"max-video-preview:-1"},"og_locale":"sv_SE","og_type":"article","og_title":"Val 11 sept 2022 - S\u00f6derk\u00f6ping","og_description":"OM VI F\u00c5R BEST\u00c4MMA\u00a0F\u00c5R DU BEST\u00c4MMA I \ud83d\udc99 S\u00d6DERK\u00d6PING\u00a0-en del av hj\u00e4rtlandet &nbsp; V\u00e5ra kandidater Lokala valfolder 2022 Valmanifest 2022 (KD riks) L\u00e4ttl\u00e4st om Kristdemokraternas politik (KD riks) &nbsp; \u2013 Mer information kontakta oss F\u00f6rtidsr\u00f6stningen sker d\u00e5 mellan den 24 aug &#8211; 11 sept, och valdagen \u00e4r s\u00f6ndagen den 11 sept 2022. L\u00e4s mer:\u00a0Valmyndigheten\u00a0|| F\u00f6rtidsr\u00f6sta Read More","og_url":"https:\/\/wp.kristdemokraterna.se\/soderkoping\/val2022\/","og_site_name":"S\u00f6derk\u00f6ping","article_modified_time":"2022-09-08T05:40:37+00:00","og_image":[{"url":"http:\/\/wp.kristdemokraterna.se\/soderkoping\/files\/2022\/08\/297954263_419086426912474_2964819935955512864_n.jpg","type":"","width":"","height":""}],"twitter_card":"summary_large_image","twitter_misc":{"Ber\u00e4knad l\u00e4stid":"1 minut"},"schema":{"@context":"https:\/\/schema.org","@graph":[{"@type":"WebPage","@id":"https:\/\/wp.kristdemokraterna.se\/soderkoping\/val2022\/","url":"https:\/\/wp.kristdemokraterna.se\/soderkoping\/val2022\/","name":"Val 11 sept 2022 - S\u00f6derk\u00f6ping","isPartOf":{"@id":"https:\/\/wp.kristdemokraterna.se\/soderkoping\/#website"},"primaryImageOfPage":{"@id":"https:\/\/wp.kristdemokraterna.se\/soderkoping\/val2022\/#primaryimage"},"image":{"@id":"https:\/\/wp.kristdemokraterna.se\/soderkoping\/val2022\/#primaryimage"},"thumbnailUrl":"http:\/\/wp.kristdemokraterna.se\/soderkoping\/files\/2022\/08\/297954263_419086426912474_2964819935955512864_n.jpg","datePublished":"2022-07-23T13:40:40+00:00","dateModified":"2022-09-08T05:40:37+00:00","breadcrumb":{"@id":"https:\/\/wp.kristdemokraterna.se\/soderkoping\/val2022\/#breadcrumb"},"inLanguage":"sv-SE","potentialAction":[{"@type":"ReadAction","target":["https:\/\/wp.kristdemokraterna.se\/soderkoping\/val2022\/"]}]},{"@type":"ImageObject","inLanguage":"sv-SE","@id":"https:\/\/wp.kristdemokraterna.se\/soderkoping\/val2022\/#primaryimage","url":"http:\/\/wp.kristdemokraterna.se\/soderkoping\/files\/2022\/08\/297954263_419086426912474_2964819935955512864_n.jpg","contentUrl":"http:\/\/wp.kristdemokraterna.se\/soderkoping\/files\/2022\/08\/297954263_419086426912474_2964819935955512864_n.jpg"},{"@type":"BreadcrumbList","@id":"https:\/\/wp.kristdemokraterna.se\/soderkoping\/val2022\/#breadcrumb","itemListElement":[{"@type":"ListItem","position":1,"name":"Hem","item":"https:\/\/wp.kristdemokraterna.se\/soderkoping\/"},{"@type":"ListItem","position":2,"name":"Val 11 sept 2022"}]},{"@type":"WebSite","@id":"https:\/\/wp.kristdemokraterna.se\/soderkoping\/#website","url":"https:\/\/wp.kristdemokraterna.se\/soderkoping\/","name":"S\u00f6derk\u00f6ping","description":"Kristdemokraterna","inLanguage":"sv-SE"}]}},"_links":{"self":[{"href":"https:\/\/wp.kristdemokraterna.se\/soderkoping\/wp-json\/wp\/v2\/pages\/895","targetHints":{"allow":["GET"]}}],"collection":[{"href":"https:\/\/wp.kristdemokraterna.se\/soderkoping\/wp-json\/wp\/v2\/pages"}],"about":[{"href":"https:\/\/wp.kristdemokraterna.se\/soderkoping\/wp-json\/wp\/v2\/types\/page"}],"author":[{"embeddable":true,"href":"https:\/\/wp.kristdemokraterna.se\/soderkoping\/wp-json\/wp\/v2\/users\/637"}],"replies":[{"embeddable":true,"href":"https:\/\/wp.kristdemokraterna.se\/soderkoping\/wp-json\/wp\/v2\/comments?post=895"}],"version-history":[{"count":41,"href":"https:\/\/wp.kristdemokraterna.se\/soderkoping\/wp-json\/wp\/v2\/pages\/895\/revisions"}],"predecessor-version":[{"id":1203,"href":"https:\/\/wp.kristdemokraterna.se\/soderkoping\/wp-json\/wp\/v2\/pages\/895\/revisions\/1203"}],"wp:attachment":[{"href":"https:\/\/wp.kristdemokraterna.se\/soderkoping\/wp-json\/wp\/v2\/media?parent=895"}],"curies":[{"name":"wp","href":"https:\/\/api.w.org\/{rel}","templated":true}]}}