{"id":933,"date":"2022-08-03T20:16:31","date_gmt":"2022-08-03T18:16:31","guid":{"rendered":"https:\/\/wp.kristdemokraterna.se\/soderkoping\/?page_id=933"},"modified":"2022-09-02T19:40:38","modified_gmt":"2022-09-02T17:40:38","slug":"kommunkandidater2022","status":"publish","type":"page","link":"https:\/\/wp.kristdemokraterna.se\/soderkoping\/val2022\/kommunkandidater2022\/","title":{"rendered":"Kommunkandidater 2022"},"content":{"rendered":"<p>Kommunvalsedel, KD S\u00f6derk\u00f6ping <img loading=\"lazy\" decoding=\"async\" class=\"alignnone wp-image-969\" src=\"http:\/\/wp.kristdemokraterna.se\/soderkoping\/files\/2022\/08\/539958e1-518f-4e5b-acd9-d50740c8e50c.jpeg\" alt=\"\" width=\"500\" height=\"126\" srcset=\"https:\/\/wp.kristdemokraterna.se\/soderkoping\/files\/2022\/08\/539958e1-518f-4e5b-acd9-d50740c8e50c.jpeg 1040w, https:\/\/wp.kristdemokraterna.se\/soderkoping\/files\/2022\/08\/539958e1-518f-4e5b-acd9-d50740c8e50c-300x76.jpeg 300w, https:\/\/wp.kristdemokraterna.se\/soderkoping\/files\/2022\/08\/539958e1-518f-4e5b-acd9-d50740c8e50c-1024x259.jpeg 1024w, https:\/\/wp.kristdemokraterna.se\/soderkoping\/files\/2022\/08\/539958e1-518f-4e5b-acd9-d50740c8e50c-768x194.jpeg 768w, https:\/\/wp.kristdemokraterna.se\/soderkoping\/files\/2022\/08\/539958e1-518f-4e5b-acd9-d50740c8e50c-370x94.jpeg 370w, https:\/\/wp.kristdemokraterna.se\/soderkoping\/files\/2022\/08\/539958e1-518f-4e5b-acd9-d50740c8e50c-770x195.jpeg 770w, https:\/\/wp.kristdemokraterna.se\/soderkoping\/files\/2022\/08\/539958e1-518f-4e5b-acd9-d50740c8e50c-450x114.jpeg 450w, https:\/\/wp.kristdemokraterna.se\/soderkoping\/files\/2022\/08\/539958e1-518f-4e5b-acd9-d50740c8e50c-280x71.jpeg 280w, https:\/\/wp.kristdemokraterna.se\/soderkoping\/files\/2022\/08\/539958e1-518f-4e5b-acd9-d50740c8e50c-340x86.jpeg 340w, https:\/\/wp.kristdemokraterna.se\/soderkoping\/files\/2022\/08\/539958e1-518f-4e5b-acd9-d50740c8e50c-200x51.jpeg 200w, https:\/\/wp.kristdemokraterna.se\/soderkoping\/files\/2022\/08\/539958e1-518f-4e5b-acd9-d50740c8e50c-221x56.jpeg 221w\" sizes=\"auto, (max-width: 500px) 100vw, 500px\" \/><img loading=\"lazy\" decoding=\"async\" class=\"alignright wp-image-928 size-thumbnail\" src=\"http:\/\/wp.kristdemokraterna.se\/soderkoping\/files\/2022\/08\/317e8e84-e225-4fb0-9d8f-955a5833a8a3-150x150.jpeg\" alt=\"\" width=\"150\" height=\"150\" srcset=\"https:\/\/wp.kristdemokraterna.se\/soderkoping\/files\/2022\/08\/317e8e84-e225-4fb0-9d8f-955a5833a8a3-150x150.jpeg 150w, https:\/\/wp.kristdemokraterna.se\/soderkoping\/files\/2022\/08\/317e8e84-e225-4fb0-9d8f-955a5833a8a3-90x90.jpeg 90w, https:\/\/wp.kristdemokraterna.se\/soderkoping\/files\/2022\/08\/317e8e84-e225-4fb0-9d8f-955a5833a8a3-57x56.jpeg 57w\" sizes=\"auto, (max-width: 150px) 100vw, 150px\" \/><\/p>\n<ol>\n<li><a href=\"https:\/\/wp.kristdemokraterna.se\/soderkoping\/val2022\/kommunkandidater2022\/anders-eksmo\/\">Anders Eksmo<\/a> 60 Gymnasiel\u00e4rare S\u00d6DERK\u00d6PING<\/li>\n<li><a href=\"https:\/\/wp.kristdemokraterna.se\/soderkoping\/val2022\/kommunkandidater2022\/evelina-nilsson\/\">Evelina Nilsson<\/a> 47 Organisationsutvecklare \u00d6STRA RYD<\/li>\n<li><a href=\"https:\/\/wp.kristdemokraterna.se\/soderkoping\/val2022\/kommunkandidater2022\/erik-jakobsson\/\">Erik Jakobsson<\/a> 31 Undersk\u00f6terska S\u00d6DERK\u00d6PING<\/li>\n<li><a href=\"https:\/\/wp.kristdemokraterna.se\/soderkoping\/val2022\/kommunkandidater2022\/elvira-wibeck\/\">Elvira Wibeck<\/a> 32 Milj\u00f6vetare NORRK\u00d6PING<\/li>\n<li><a href=\"https:\/\/wp.kristdemokraterna.se\/soderkoping\/val2022\/kommunkandidater2022\/johanna-englund\/\">Johanna Englund<\/a> 42 Byggnadsingenj\u00f6r S\u00d6DERK\u00d6PING<\/li>\n<li>Fredrik Wefl\u00f6 54 Pr\u00e4st S\u00d6DERK\u00d6PING<\/li>\n<li>Lennart Sindahl 65 Civilingenj\u00f6r SANKT ANNA<\/li>\n<li>Bengt-Ove Karlsson 69 M\u00e5lare S\u00d6DERK\u00d6PING<\/li>\n<li>Bengt Wastesson 66 F\u00f6retagare SANKT ANNA<\/li>\n<li>Aage Lindfors 72 F\u00f6retagare S\u00d6DERK\u00d6PING<\/li>\n<li>Lilian Vendel 82 Studie- och yrkesv\u00e4gledare S\u00d6DERK\u00d6PING<\/li>\n<li>Gunnar Norl\u00e9n 78 Pr\u00e4st\/Professor emeritus S\u00d6DERK\u00d6PING<\/li>\n<li>Gerd Lindfors 72 Egen f\u00f6retagare S\u00d6DERK\u00d6PING<\/li>\n<li>Kurt Enstr\u00f6m 73 Pr\u00e4st S\u00d6DERK\u00d6PING<\/li>\n<li>Gretel Karlsson 71 Behandlingsassistent S\u00d6DERK\u00d6PING<\/li>\n<li>Pia Sindahl 64 Konstn\u00e4r\/Civilingenj\u00f6r SANKT ANNA<\/li>\n<li>Bj\u00f6rn Englund 43 Investerare S\u00d6DERK\u00d6PING<\/li>\n<li>Kenneth W\u00e5hlberg 71 Entrepren\u00f6r SANKT ANNA<\/li>\n<li>Anne Sophie Norl\u00e9n 77 Leg. fysioterapeut S\u00d6DERK\u00d6PING<\/li>\n<li>Fredrik L\u00f6nnberg 49 Kontorist S\u00f6derk\u00f6ping<\/li>\n<\/ol>\n<hr \/>\n<p><a href=\"https:\/\/kristdemokraterna.se\/vart-parti\/vara-valsedlar?county=05&amp;municipality=82&amp;name=S\u00f6derk\u00f6ping\" target=\"_blank\" rel=\"noopener\">V\u00e5ra valsedlar<\/a><\/p>\n<p>&nbsp;<\/p>\n","protected":false},"excerpt":{"rendered":"<p>Kommunvalsedel, KD S\u00f6derk\u00f6ping Anders Eksmo 60 Gymnasiel\u00e4rare S\u00d6DERK\u00d6PING Evelina Nilsson 47 Organisationsutvecklare \u00d6STRA RYD Erik Jakobsson 31 Undersk\u00f6terska S\u00d6DERK\u00d6PING Elvira Wibeck 32 Milj\u00f6vetare NORRK\u00d6PING Johanna Englund 42 Byggnadsingenj\u00f6r S\u00d6DERK\u00d6PING Fredrik Wefl\u00f6 54 Pr\u00e4st S\u00d6DERK\u00d6PING Lennart Sindahl 65 Civilingenj\u00f6r SANKT ANNA Bengt-Ove Karlsson 69 M\u00e5lare S\u00d6DERK\u00d6PING Bengt Wastesson 66 F\u00f6retagare SANKT ANNA Aage Lindfors 72 F\u00f6retagare <a class=\"read-more-link\" href=\"https:\/\/wp.kristdemokraterna.se\/soderkoping\/val2022\/kommunkandidater2022\/\">Read More<\/a><\/p>\n","protected":false},"author":637,"featured_media":0,"parent":895,"menu_order":1,"comment_status":"closed","ping_status":"closed","template":"","meta":{"_acf_changed":false,"footnotes":""},"class_list":["post-933","page","type-page","status-publish","hentry"],"acf":[],"yoast_head":"<!-- This site is optimized with the Yoast SEO plugin v27.4 - https:\/\/yoast.com\/product\/yoast-seo-wordpress\/ -->\n<title>Kommunkandidater 2022 - S\u00f6derk\u00f6ping<\/title>\n<meta name=\"robots\" content=\"noindex, follow, max-snippet:-1, max-image-preview:large, max-video-preview:-1\" \/>\n<meta property=\"og:locale\" content=\"sv_SE\" \/>\n<meta property=\"og:type\" content=\"article\" \/>\n<meta property=\"og:title\" content=\"Kommunkandidater 2022 - S\u00f6derk\u00f6ping\" \/>\n<meta property=\"og:description\" content=\"Kommunvalsedel, KD S\u00f6derk\u00f6ping Anders Eksmo 60 Gymnasiel\u00e4rare S\u00d6DERK\u00d6PING Evelina Nilsson 47 Organisationsutvecklare \u00d6STRA RYD Erik Jakobsson 31 Undersk\u00f6terska S\u00d6DERK\u00d6PING Elvira Wibeck 32 Milj\u00f6vetare NORRK\u00d6PING Johanna Englund 42 Byggnadsingenj\u00f6r S\u00d6DERK\u00d6PING Fredrik Wefl\u00f6 54 Pr\u00e4st S\u00d6DERK\u00d6PING Lennart Sindahl 65 Civilingenj\u00f6r SANKT ANNA Bengt-Ove Karlsson 69 M\u00e5lare S\u00d6DERK\u00d6PING Bengt Wastesson 66 F\u00f6retagare SANKT ANNA Aage Lindfors 72 F\u00f6retagare Read More\" \/>\n<meta property=\"og:url\" content=\"https:\/\/wp.kristdemokraterna.se\/soderkoping\/val2022\/kommunkandidater2022\/\" \/>\n<meta property=\"og:site_name\" content=\"S\u00f6derk\u00f6ping\" \/>\n<meta property=\"article:modified_time\" content=\"2022-09-02T17:40:38+00:00\" \/>\n<meta property=\"og:image\" content=\"http:\/\/wp.kristdemokraterna.se\/soderkoping\/files\/2022\/08\/539958e1-518f-4e5b-acd9-d50740c8e50c.jpeg\" \/>\n<meta name=\"twitter:card\" content=\"summary_large_image\" \/>\n<meta name=\"twitter:label1\" content=\"Ber\u00e4knad l\u00e4stid\" \/>\n\t<meta name=\"twitter:data1\" content=\"1 minut\" \/>\n<script type=\"application\/ld+json\" class=\"yoast-schema-graph\">{\"@context\":\"https:\\\/\\\/schema.org\",\"@graph\":[{\"@type\":\"WebPage\",\"@id\":\"https:\\\/\\\/wp.kristdemokraterna.se\\\/soderkoping\\\/val2022\\\/kommunkandidater2022\\\/\",\"url\":\"https:\\\/\\\/wp.kristdemokraterna.se\\\/soderkoping\\\/val2022\\\/kommunkandidater2022\\\/\",\"name\":\"Kommunkandidater 2022 - S\u00f6derk\u00f6ping\",\"isPartOf\":{\"@id\":\"https:\\\/\\\/wp.kristdemokraterna.se\\\/soderkoping\\\/#website\"},\"primaryImageOfPage\":{\"@id\":\"https:\\\/\\\/wp.kristdemokraterna.se\\\/soderkoping\\\/val2022\\\/kommunkandidater2022\\\/#primaryimage\"},\"image\":{\"@id\":\"https:\\\/\\\/wp.kristdemokraterna.se\\\/soderkoping\\\/val2022\\\/kommunkandidater2022\\\/#primaryimage\"},\"thumbnailUrl\":\"http:\\\/\\\/wp.kristdemokraterna.se\\\/soderkoping\\\/files\\\/2022\\\/08\\\/539958e1-518f-4e5b-acd9-d50740c8e50c.jpeg\",\"datePublished\":\"2022-08-03T18:16:31+00:00\",\"dateModified\":\"2022-09-02T17:40:38+00:00\",\"breadcrumb\":{\"@id\":\"https:\\\/\\\/wp.kristdemokraterna.se\\\/soderkoping\\\/val2022\\\/kommunkandidater2022\\\/#breadcrumb\"},\"inLanguage\":\"sv-SE\",\"potentialAction\":[{\"@type\":\"ReadAction\",\"target\":[\"https:\\\/\\\/wp.kristdemokraterna.se\\\/soderkoping\\\/val2022\\\/kommunkandidater2022\\\/\"]}]},{\"@type\":\"ImageObject\",\"inLanguage\":\"sv-SE\",\"@id\":\"https:\\\/\\\/wp.kristdemokraterna.se\\\/soderkoping\\\/val2022\\\/kommunkandidater2022\\\/#primaryimage\",\"url\":\"http:\\\/\\\/wp.kristdemokraterna.se\\\/soderkoping\\\/files\\\/2022\\\/08\\\/539958e1-518f-4e5b-acd9-d50740c8e50c.jpeg\",\"contentUrl\":\"http:\\\/\\\/wp.kristdemokraterna.se\\\/soderkoping\\\/files\\\/2022\\\/08\\\/539958e1-518f-4e5b-acd9-d50740c8e50c.jpeg\"},{\"@type\":\"BreadcrumbList\",\"@id\":\"https:\\\/\\\/wp.kristdemokraterna.se\\\/soderkoping\\\/val2022\\\/kommunkandidater2022\\\/#breadcrumb\",\"itemListElement\":[{\"@type\":\"ListItem\",\"position\":1,\"name\":\"Hem\",\"item\":\"https:\\\/\\\/wp.kristdemokraterna.se\\\/soderkoping\\\/\"},{\"@type\":\"ListItem\",\"position\":2,\"name\":\"Val 11 sept 2022\",\"item\":\"https:\\\/\\\/wp.kristdemokraterna.se\\\/soderkoping\\\/val2022\\\/\"},{\"@type\":\"ListItem\",\"position\":3,\"name\":\"Kommunkandidater 2022\"}]},{\"@type\":\"WebSite\",\"@id\":\"https:\\\/\\\/wp.kristdemokraterna.se\\\/soderkoping\\\/#website\",\"url\":\"https:\\\/\\\/wp.kristdemokraterna.se\\\/soderkoping\\\/\",\"name\":\"S\u00f6derk\u00f6ping\",\"description\":\"Kristdemokraterna\",\"inLanguage\":\"sv-SE\"}]}<\/script>\n<!-- \/ Yoast SEO plugin. -->","yoast_head_json":{"title":"Kommunkandidater 2022 - S\u00f6derk\u00f6ping","robots":{"index":"noindex","follow":"follow","max-snippet":"max-snippet:-1","max-image-preview":"max-image-preview:large","max-video-preview":"max-video-preview:-1"},"og_locale":"sv_SE","og_type":"article","og_title":"Kommunkandidater 2022 - S\u00f6derk\u00f6ping","og_description":"Kommunvalsedel, KD S\u00f6derk\u00f6ping Anders Eksmo 60 Gymnasiel\u00e4rare S\u00d6DERK\u00d6PING Evelina Nilsson 47 Organisationsutvecklare \u00d6STRA RYD Erik Jakobsson 31 Undersk\u00f6terska S\u00d6DERK\u00d6PING Elvira Wibeck 32 Milj\u00f6vetare NORRK\u00d6PING Johanna Englund 42 Byggnadsingenj\u00f6r S\u00d6DERK\u00d6PING Fredrik Wefl\u00f6 54 Pr\u00e4st S\u00d6DERK\u00d6PING Lennart Sindahl 65 Civilingenj\u00f6r SANKT ANNA Bengt-Ove Karlsson 69 M\u00e5lare S\u00d6DERK\u00d6PING Bengt Wastesson 66 F\u00f6retagare SANKT ANNA Aage Lindfors 72 F\u00f6retagare Read More","og_url":"https:\/\/wp.kristdemokraterna.se\/soderkoping\/val2022\/kommunkandidater2022\/","og_site_name":"S\u00f6derk\u00f6ping","article_modified_time":"2022-09-02T17:40:38+00:00","og_image":[{"url":"http:\/\/wp.kristdemokraterna.se\/soderkoping\/files\/2022\/08\/539958e1-518f-4e5b-acd9-d50740c8e50c.jpeg","type":"","width":"","height":""}],"twitter_card":"summary_large_image","twitter_misc":{"Ber\u00e4knad l\u00e4stid":"1 minut"},"schema":{"@context":"https:\/\/schema.org","@graph":[{"@type":"WebPage","@id":"https:\/\/wp.kristdemokraterna.se\/soderkoping\/val2022\/kommunkandidater2022\/","url":"https:\/\/wp.kristdemokraterna.se\/soderkoping\/val2022\/kommunkandidater2022\/","name":"Kommunkandidater 2022 - S\u00f6derk\u00f6ping","isPartOf":{"@id":"https:\/\/wp.kristdemokraterna.se\/soderkoping\/#website"},"primaryImageOfPage":{"@id":"https:\/\/wp.kristdemokraterna.se\/soderkoping\/val2022\/kommunkandidater2022\/#primaryimage"},"image":{"@id":"https:\/\/wp.kristdemokraterna.se\/soderkoping\/val2022\/kommunkandidater2022\/#primaryimage"},"thumbnailUrl":"http:\/\/wp.kristdemokraterna.se\/soderkoping\/files\/2022\/08\/539958e1-518f-4e5b-acd9-d50740c8e50c.jpeg","datePublished":"2022-08-03T18:16:31+00:00","dateModified":"2022-09-02T17:40:38+00:00","breadcrumb":{"@id":"https:\/\/wp.kristdemokraterna.se\/soderkoping\/val2022\/kommunkandidater2022\/#breadcrumb"},"inLanguage":"sv-SE","potentialAction":[{"@type":"ReadAction","target":["https:\/\/wp.kristdemokraterna.se\/soderkoping\/val2022\/kommunkandidater2022\/"]}]},{"@type":"ImageObject","inLanguage":"sv-SE","@id":"https:\/\/wp.kristdemokraterna.se\/soderkoping\/val2022\/kommunkandidater2022\/#primaryimage","url":"http:\/\/wp.kristdemokraterna.se\/soderkoping\/files\/2022\/08\/539958e1-518f-4e5b-acd9-d50740c8e50c.jpeg","contentUrl":"http:\/\/wp.kristdemokraterna.se\/soderkoping\/files\/2022\/08\/539958e1-518f-4e5b-acd9-d50740c8e50c.jpeg"},{"@type":"BreadcrumbList","@id":"https:\/\/wp.kristdemokraterna.se\/soderkoping\/val2022\/kommunkandidater2022\/#breadcrumb","itemListElement":[{"@type":"ListItem","position":1,"name":"Hem","item":"https:\/\/wp.kristdemokraterna.se\/soderkoping\/"},{"@type":"ListItem","position":2,"name":"Val 11 sept 2022","item":"https:\/\/wp.kristdemokraterna.se\/soderkoping\/val2022\/"},{"@type":"ListItem","position":3,"name":"Kommunkandidater 2022"}]},{"@type":"WebSite","@id":"https:\/\/wp.kristdemokraterna.se\/soderkoping\/#website","url":"https:\/\/wp.kristdemokraterna.se\/soderkoping\/","name":"S\u00f6derk\u00f6ping","description":"Kristdemokraterna","inLanguage":"sv-SE"}]}},"_links":{"self":[{"href":"https:\/\/wp.kristdemokraterna.se\/soderkoping\/wp-json\/wp\/v2\/pages\/933","targetHints":{"allow":["GET"]}}],"collection":[{"href":"https:\/\/wp.kristdemokraterna.se\/soderkoping\/wp-json\/wp\/v2\/pages"}],"about":[{"href":"https:\/\/wp.kristdemokraterna.se\/soderkoping\/wp-json\/wp\/v2\/types\/page"}],"author":[{"embeddable":true,"href":"https:\/\/wp.kristdemokraterna.se\/soderkoping\/wp-json\/wp\/v2\/users\/637"}],"replies":[{"embeddable":true,"href":"https:\/\/wp.kristdemokraterna.se\/soderkoping\/wp-json\/wp\/v2\/comments?post=933"}],"version-history":[{"count":12,"href":"https:\/\/wp.kristdemokraterna.se\/soderkoping\/wp-json\/wp\/v2\/pages\/933\/revisions"}],"predecessor-version":[{"id":1115,"href":"https:\/\/wp.kristdemokraterna.se\/soderkoping\/wp-json\/wp\/v2\/pages\/933\/revisions\/1115"}],"up":[{"embeddable":true,"href":"https:\/\/wp.kristdemokraterna.se\/soderkoping\/wp-json\/wp\/v2\/pages\/895"}],"wp:attachment":[{"href":"https:\/\/wp.kristdemokraterna.se\/soderkoping\/wp-json\/wp\/v2\/media?parent=933"}],"curies":[{"name":"wp","href":"https:\/\/api.w.org\/{rel}","templated":true}]}}