{"id":935,"date":"2022-07-29T20:20:45","date_gmt":"2022-07-29T18:20:45","guid":{"rendered":"https:\/\/wp.kristdemokraterna.se\/soderkoping\/?page_id=935"},"modified":"2022-09-02T19:44:17","modified_gmt":"2022-09-02T17:44:17","slug":"anders-eksmo","status":"publish","type":"page","link":"https:\/\/wp.kristdemokraterna.se\/soderkoping\/val2022\/kommunkandidater2022\/anders-eksmo\/","title":{"rendered":"1. Anders Eksmo"},"content":{"rendered":"<p><b><img loading=\"lazy\" decoding=\"async\" class=\"alignnone wp-image-936\" src=\"http:\/\/wp.kristdemokraterna.se\/soderkoping\/files\/2022\/08\/4171031d-6851-4601-b5f9-baffa86228bb.jpeg\" alt=\"\" width=\"406\" height=\"541\" srcset=\"https:\/\/wp.kristdemokraterna.se\/soderkoping\/files\/2022\/08\/4171031d-6851-4601-b5f9-baffa86228bb.jpeg 706w, https:\/\/wp.kristdemokraterna.se\/soderkoping\/files\/2022\/08\/4171031d-6851-4601-b5f9-baffa86228bb-225x300.jpeg 225w, https:\/\/wp.kristdemokraterna.se\/soderkoping\/files\/2022\/08\/4171031d-6851-4601-b5f9-baffa86228bb-150x200.jpeg 150w, https:\/\/wp.kristdemokraterna.se\/soderkoping\/files\/2022\/08\/4171031d-6851-4601-b5f9-baffa86228bb-370x493.jpeg 370w, https:\/\/wp.kristdemokraterna.se\/soderkoping\/files\/2022\/08\/4171031d-6851-4601-b5f9-baffa86228bb-450x600.jpeg 450w, https:\/\/wp.kristdemokraterna.se\/soderkoping\/files\/2022\/08\/4171031d-6851-4601-b5f9-baffa86228bb-280x373.jpeg 280w, https:\/\/wp.kristdemokraterna.se\/soderkoping\/files\/2022\/08\/4171031d-6851-4601-b5f9-baffa86228bb-340x453.jpeg 340w, https:\/\/wp.kristdemokraterna.se\/soderkoping\/files\/2022\/08\/4171031d-6851-4601-b5f9-baffa86228bb-42x56.jpeg 42w\" sizes=\"auto, (max-width: 406px) 100vw, 406px\" \/><br \/>\nATT LEVA MED FAMILJ I S\u00d6DERK\u00d6PING<\/b><br \/>\nM\u00e4nniskor utvecklas, mognar och m\u00e5r b\u00e4st i<br \/>\nsm\u00e5 grupper. I den lilla gemenskapen f\u00e5r<br \/>\nfamiljemedlemmarna m\u00f6jlighet att ge och<br \/>\nm\u00f6ta k\u00e4rlek, omtanke och f\u00f6rst\u00e5else. Men<br \/>\nocks\u00e5 st\u00e4llas inf\u00f6r krav och ta ansvar. Familjen<br \/>\nsom gemenskap anknyter till m\u00e4nniskans<br \/>\ndjupaste behov. Behovet av att bli sedd och<br \/>\ninte vara utbytbar.<br \/>\n\u2022 Familjecentraler och kulturskolan \u00e4r viktiga<br \/>\nf\u00f6rebyggande och trygghetsskapande \ud83d\udc99<br \/>\nm\u00f6tesplatser som ska \ufb01nnas i kommunen<br \/>\n\u2022 F\u00f6r\u00e4ldrast\u00f6dsprogram ska utvecklats<br \/>\n\u2022 Vi vill \u00e5terstarta \ufb02era familjedaghem som<br \/>\nett \ufb02exibelt alternativ till f\u00f6rskolan<br \/>\n\u2022 Nystr\u00f6mska skolan \u00e4r viktig att v\u00e4rna om<br \/>\n\u2022 Syskon ska erbjudas att g\u00e5 i samma skola<br \/>\n\u2022 Daglig fysisk aktivitet inom skolan<br \/>\nunderl\u00e4ttar inl\u00e4rning<\/p>\n<p><b><img loading=\"lazy\" decoding=\"async\" class=\"alignright wp-image-928 size-thumbnail\" src=\"http:\/\/wp.kristdemokraterna.se\/soderkoping\/files\/2022\/08\/317e8e84-e225-4fb0-9d8f-955a5833a8a3-150x150.jpeg\" alt=\"\" width=\"150\" height=\"150\" srcset=\"https:\/\/wp.kristdemokraterna.se\/soderkoping\/files\/2022\/08\/317e8e84-e225-4fb0-9d8f-955a5833a8a3-150x150.jpeg 150w, https:\/\/wp.kristdemokraterna.se\/soderkoping\/files\/2022\/08\/317e8e84-e225-4fb0-9d8f-955a5833a8a3-90x90.jpeg 90w, https:\/\/wp.kristdemokraterna.se\/soderkoping\/files\/2022\/08\/317e8e84-e225-4fb0-9d8f-955a5833a8a3-57x56.jpeg 57w\" sizes=\"auto, (max-width: 150px) 100vw, 150px\" \/>A N D E R S \u00a0E K S M O<\/b><br \/>\nGymnasiel\u00e4rare ekonomi, ordf\u00f6rande i<br \/>\nkommunfullm\u00e4ktige, fyra barnbarn<\/p>\n","protected":false},"excerpt":{"rendered":"<p>ATT LEVA MED FAMILJ I S\u00d6DERK\u00d6PING M\u00e4nniskor utvecklas, mognar och m\u00e5r b\u00e4st i sm\u00e5 grupper. I den lilla gemenskapen f\u00e5r familjemedlemmarna m\u00f6jlighet att ge och m\u00f6ta k\u00e4rlek, omtanke och f\u00f6rst\u00e5else. Men ocks\u00e5 st\u00e4llas inf\u00f6r krav och ta ansvar. Familjen som gemenskap anknyter till m\u00e4nniskans djupaste behov. Behovet av att bli sedd och inte vara utbytbar. <a class=\"read-more-link\" href=\"https:\/\/wp.kristdemokraterna.se\/soderkoping\/val2022\/kommunkandidater2022\/anders-eksmo\/\">Read More<\/a><\/p>\n","protected":false},"author":637,"featured_media":0,"parent":933,"menu_order":1,"comment_status":"closed","ping_status":"closed","template":"","meta":{"_acf_changed":false,"footnotes":""},"class_list":["post-935","page","type-page","status-publish","hentry"],"acf":[],"yoast_head":"<!-- This site is optimized with the Yoast SEO plugin v27.5 - https:\/\/yoast.com\/product\/yoast-seo-wordpress\/ -->\n<title>1. Anders Eksmo - S\u00f6derk\u00f6ping<\/title>\n<meta name=\"robots\" content=\"noindex, follow, max-snippet:-1, max-image-preview:large, max-video-preview:-1\" \/>\n<meta property=\"og:locale\" content=\"sv_SE\" \/>\n<meta property=\"og:type\" content=\"article\" \/>\n<meta property=\"og:title\" content=\"1. Anders Eksmo - S\u00f6derk\u00f6ping\" \/>\n<meta property=\"og:description\" content=\"ATT LEVA MED FAMILJ I S\u00d6DERK\u00d6PING M\u00e4nniskor utvecklas, mognar och m\u00e5r b\u00e4st i sm\u00e5 grupper. I den lilla gemenskapen f\u00e5r familjemedlemmarna m\u00f6jlighet att ge och m\u00f6ta k\u00e4rlek, omtanke och f\u00f6rst\u00e5else. Men ocks\u00e5 st\u00e4llas inf\u00f6r krav och ta ansvar. Familjen som gemenskap anknyter till m\u00e4nniskans djupaste behov. Behovet av att bli sedd och inte vara utbytbar. Read More\" \/>\n<meta property=\"og:url\" content=\"https:\/\/wp.kristdemokraterna.se\/soderkoping\/val2022\/kommunkandidater2022\/anders-eksmo\/\" \/>\n<meta property=\"og:site_name\" content=\"S\u00f6derk\u00f6ping\" \/>\n<meta property=\"article:modified_time\" content=\"2022-09-02T17:44:17+00:00\" \/>\n<meta property=\"og:image\" content=\"http:\/\/wp.kristdemokraterna.se\/soderkoping\/files\/2022\/08\/4171031d-6851-4601-b5f9-baffa86228bb.jpeg\" \/>\n<meta name=\"twitter:card\" content=\"summary_large_image\" \/>\n<meta name=\"twitter:label1\" content=\"Ber\u00e4knad l\u00e4stid\" \/>\n\t<meta name=\"twitter:data1\" content=\"2 minuter\" \/>\n<script type=\"application\/ld+json\" class=\"yoast-schema-graph\">{\"@context\":\"https:\\\/\\\/schema.org\",\"@graph\":[{\"@type\":\"WebPage\",\"@id\":\"https:\\\/\\\/wp.kristdemokraterna.se\\\/soderkoping\\\/val2022\\\/kommunkandidater2022\\\/anders-eksmo\\\/\",\"url\":\"https:\\\/\\\/wp.kristdemokraterna.se\\\/soderkoping\\\/val2022\\\/kommunkandidater2022\\\/anders-eksmo\\\/\",\"name\":\"1. Anders Eksmo - S\u00f6derk\u00f6ping\",\"isPartOf\":{\"@id\":\"https:\\\/\\\/wp.kristdemokraterna.se\\\/soderkoping\\\/#website\"},\"primaryImageOfPage\":{\"@id\":\"https:\\\/\\\/wp.kristdemokraterna.se\\\/soderkoping\\\/val2022\\\/kommunkandidater2022\\\/anders-eksmo\\\/#primaryimage\"},\"image\":{\"@id\":\"https:\\\/\\\/wp.kristdemokraterna.se\\\/soderkoping\\\/val2022\\\/kommunkandidater2022\\\/anders-eksmo\\\/#primaryimage\"},\"thumbnailUrl\":\"http:\\\/\\\/wp.kristdemokraterna.se\\\/soderkoping\\\/files\\\/2022\\\/08\\\/4171031d-6851-4601-b5f9-baffa86228bb.jpeg\",\"datePublished\":\"2022-07-29T18:20:45+00:00\",\"dateModified\":\"2022-09-02T17:44:17+00:00\",\"breadcrumb\":{\"@id\":\"https:\\\/\\\/wp.kristdemokraterna.se\\\/soderkoping\\\/val2022\\\/kommunkandidater2022\\\/anders-eksmo\\\/#breadcrumb\"},\"inLanguage\":\"sv-SE\",\"potentialAction\":[{\"@type\":\"ReadAction\",\"target\":[\"https:\\\/\\\/wp.kristdemokraterna.se\\\/soderkoping\\\/val2022\\\/kommunkandidater2022\\\/anders-eksmo\\\/\"]}]},{\"@type\":\"ImageObject\",\"inLanguage\":\"sv-SE\",\"@id\":\"https:\\\/\\\/wp.kristdemokraterna.se\\\/soderkoping\\\/val2022\\\/kommunkandidater2022\\\/anders-eksmo\\\/#primaryimage\",\"url\":\"http:\\\/\\\/wp.kristdemokraterna.se\\\/soderkoping\\\/files\\\/2022\\\/08\\\/4171031d-6851-4601-b5f9-baffa86228bb.jpeg\",\"contentUrl\":\"http:\\\/\\\/wp.kristdemokraterna.se\\\/soderkoping\\\/files\\\/2022\\\/08\\\/4171031d-6851-4601-b5f9-baffa86228bb.jpeg\"},{\"@type\":\"BreadcrumbList\",\"@id\":\"https:\\\/\\\/wp.kristdemokraterna.se\\\/soderkoping\\\/val2022\\\/kommunkandidater2022\\\/anders-eksmo\\\/#breadcrumb\",\"itemListElement\":[{\"@type\":\"ListItem\",\"position\":1,\"name\":\"Hem\",\"item\":\"https:\\\/\\\/wp.kristdemokraterna.se\\\/soderkoping\\\/\"},{\"@type\":\"ListItem\",\"position\":2,\"name\":\"Val 11 sept 2022\",\"item\":\"https:\\\/\\\/wp.kristdemokraterna.se\\\/soderkoping\\\/val2022\\\/\"},{\"@type\":\"ListItem\",\"position\":3,\"name\":\"Kommunkandidater 2022\",\"item\":\"https:\\\/\\\/wp.kristdemokraterna.se\\\/soderkoping\\\/val2022\\\/kommunkandidater2022\\\/\"},{\"@type\":\"ListItem\",\"position\":4,\"name\":\"1. Anders Eksmo\"}]},{\"@type\":\"WebSite\",\"@id\":\"https:\\\/\\\/wp.kristdemokraterna.se\\\/soderkoping\\\/#website\",\"url\":\"https:\\\/\\\/wp.kristdemokraterna.se\\\/soderkoping\\\/\",\"name\":\"S\u00f6derk\u00f6ping\",\"description\":\"Kristdemokraterna\",\"inLanguage\":\"sv-SE\"}]}<\/script>\n<!-- \/ Yoast SEO plugin. -->","yoast_head_json":{"title":"1. Anders Eksmo - S\u00f6derk\u00f6ping","robots":{"index":"noindex","follow":"follow","max-snippet":"max-snippet:-1","max-image-preview":"max-image-preview:large","max-video-preview":"max-video-preview:-1"},"og_locale":"sv_SE","og_type":"article","og_title":"1. Anders Eksmo - S\u00f6derk\u00f6ping","og_description":"ATT LEVA MED FAMILJ I S\u00d6DERK\u00d6PING M\u00e4nniskor utvecklas, mognar och m\u00e5r b\u00e4st i sm\u00e5 grupper. I den lilla gemenskapen f\u00e5r familjemedlemmarna m\u00f6jlighet att ge och m\u00f6ta k\u00e4rlek, omtanke och f\u00f6rst\u00e5else. Men ocks\u00e5 st\u00e4llas inf\u00f6r krav och ta ansvar. Familjen som gemenskap anknyter till m\u00e4nniskans djupaste behov. Behovet av att bli sedd och inte vara utbytbar. Read More","og_url":"https:\/\/wp.kristdemokraterna.se\/soderkoping\/val2022\/kommunkandidater2022\/anders-eksmo\/","og_site_name":"S\u00f6derk\u00f6ping","article_modified_time":"2022-09-02T17:44:17+00:00","og_image":[{"url":"http:\/\/wp.kristdemokraterna.se\/soderkoping\/files\/2022\/08\/4171031d-6851-4601-b5f9-baffa86228bb.jpeg","type":"","width":"","height":""}],"twitter_card":"summary_large_image","twitter_misc":{"Ber\u00e4knad l\u00e4stid":"2 minuter"},"schema":{"@context":"https:\/\/schema.org","@graph":[{"@type":"WebPage","@id":"https:\/\/wp.kristdemokraterna.se\/soderkoping\/val2022\/kommunkandidater2022\/anders-eksmo\/","url":"https:\/\/wp.kristdemokraterna.se\/soderkoping\/val2022\/kommunkandidater2022\/anders-eksmo\/","name":"1. Anders Eksmo - S\u00f6derk\u00f6ping","isPartOf":{"@id":"https:\/\/wp.kristdemokraterna.se\/soderkoping\/#website"},"primaryImageOfPage":{"@id":"https:\/\/wp.kristdemokraterna.se\/soderkoping\/val2022\/kommunkandidater2022\/anders-eksmo\/#primaryimage"},"image":{"@id":"https:\/\/wp.kristdemokraterna.se\/soderkoping\/val2022\/kommunkandidater2022\/anders-eksmo\/#primaryimage"},"thumbnailUrl":"http:\/\/wp.kristdemokraterna.se\/soderkoping\/files\/2022\/08\/4171031d-6851-4601-b5f9-baffa86228bb.jpeg","datePublished":"2022-07-29T18:20:45+00:00","dateModified":"2022-09-02T17:44:17+00:00","breadcrumb":{"@id":"https:\/\/wp.kristdemokraterna.se\/soderkoping\/val2022\/kommunkandidater2022\/anders-eksmo\/#breadcrumb"},"inLanguage":"sv-SE","potentialAction":[{"@type":"ReadAction","target":["https:\/\/wp.kristdemokraterna.se\/soderkoping\/val2022\/kommunkandidater2022\/anders-eksmo\/"]}]},{"@type":"ImageObject","inLanguage":"sv-SE","@id":"https:\/\/wp.kristdemokraterna.se\/soderkoping\/val2022\/kommunkandidater2022\/anders-eksmo\/#primaryimage","url":"http:\/\/wp.kristdemokraterna.se\/soderkoping\/files\/2022\/08\/4171031d-6851-4601-b5f9-baffa86228bb.jpeg","contentUrl":"http:\/\/wp.kristdemokraterna.se\/soderkoping\/files\/2022\/08\/4171031d-6851-4601-b5f9-baffa86228bb.jpeg"},{"@type":"BreadcrumbList","@id":"https:\/\/wp.kristdemokraterna.se\/soderkoping\/val2022\/kommunkandidater2022\/anders-eksmo\/#breadcrumb","itemListElement":[{"@type":"ListItem","position":1,"name":"Hem","item":"https:\/\/wp.kristdemokraterna.se\/soderkoping\/"},{"@type":"ListItem","position":2,"name":"Val 11 sept 2022","item":"https:\/\/wp.kristdemokraterna.se\/soderkoping\/val2022\/"},{"@type":"ListItem","position":3,"name":"Kommunkandidater 2022","item":"https:\/\/wp.kristdemokraterna.se\/soderkoping\/val2022\/kommunkandidater2022\/"},{"@type":"ListItem","position":4,"name":"1. Anders Eksmo"}]},{"@type":"WebSite","@id":"https:\/\/wp.kristdemokraterna.se\/soderkoping\/#website","url":"https:\/\/wp.kristdemokraterna.se\/soderkoping\/","name":"S\u00f6derk\u00f6ping","description":"Kristdemokraterna","inLanguage":"sv-SE"}]}},"_links":{"self":[{"href":"https:\/\/wp.kristdemokraterna.se\/soderkoping\/wp-json\/wp\/v2\/pages\/935","targetHints":{"allow":["GET"]}}],"collection":[{"href":"https:\/\/wp.kristdemokraterna.se\/soderkoping\/wp-json\/wp\/v2\/pages"}],"about":[{"href":"https:\/\/wp.kristdemokraterna.se\/soderkoping\/wp-json\/wp\/v2\/types\/page"}],"author":[{"embeddable":true,"href":"https:\/\/wp.kristdemokraterna.se\/soderkoping\/wp-json\/wp\/v2\/users\/637"}],"replies":[{"embeddable":true,"href":"https:\/\/wp.kristdemokraterna.se\/soderkoping\/wp-json\/wp\/v2\/comments?post=935"}],"version-history":[{"count":8,"href":"https:\/\/wp.kristdemokraterna.se\/soderkoping\/wp-json\/wp\/v2\/pages\/935\/revisions"}],"predecessor-version":[{"id":1117,"href":"https:\/\/wp.kristdemokraterna.se\/soderkoping\/wp-json\/wp\/v2\/pages\/935\/revisions\/1117"}],"up":[{"embeddable":true,"href":"https:\/\/wp.kristdemokraterna.se\/soderkoping\/wp-json\/wp\/v2\/pages\/933"}],"wp:attachment":[{"href":"https:\/\/wp.kristdemokraterna.se\/soderkoping\/wp-json\/wp\/v2\/media?parent=935"}],"curies":[{"name":"wp","href":"https:\/\/api.w.org\/{rel}","templated":true}]}}