{"id":990,"date":"2022-08-12T20:11:34","date_gmt":"2022-08-12T18:11:34","guid":{"rendered":"https:\/\/wp.kristdemokraterna.se\/soderkoping\/?page_id=990"},"modified":"2022-09-02T19:46:06","modified_gmt":"2022-09-02T17:46:06","slug":"erik-jakobsson","status":"publish","type":"page","link":"https:\/\/wp.kristdemokraterna.se\/soderkoping\/val2022\/kommunkandidater2022\/erik-jakobsson\/","title":{"rendered":"3. Erik Jakobsson"},"content":{"rendered":"<p><img loading=\"lazy\" decoding=\"async\" class=\"alignnone wp-image-991\" src=\"http:\/\/wp.kristdemokraterna.se\/soderkoping\/files\/2022\/08\/cb6da62d-88c7-4a69-b29c-9091f7b621bd.jpeg\" alt=\"\" width=\"400\" height=\"600\" srcset=\"https:\/\/wp.kristdemokraterna.se\/soderkoping\/files\/2022\/08\/cb6da62d-88c7-4a69-b29c-9091f7b621bd.jpeg 1365w, https:\/\/wp.kristdemokraterna.se\/soderkoping\/files\/2022\/08\/cb6da62d-88c7-4a69-b29c-9091f7b621bd-200x300.jpeg 200w, https:\/\/wp.kristdemokraterna.se\/soderkoping\/files\/2022\/08\/cb6da62d-88c7-4a69-b29c-9091f7b621bd-683x1024.jpeg 683w, https:\/\/wp.kristdemokraterna.se\/soderkoping\/files\/2022\/08\/cb6da62d-88c7-4a69-b29c-9091f7b621bd-768x1152.jpeg 768w, https:\/\/wp.kristdemokraterna.se\/soderkoping\/files\/2022\/08\/cb6da62d-88c7-4a69-b29c-9091f7b621bd-1024x1536.jpeg 1024w, https:\/\/wp.kristdemokraterna.se\/soderkoping\/files\/2022\/08\/cb6da62d-88c7-4a69-b29c-9091f7b621bd-133x200.jpeg 133w, https:\/\/wp.kristdemokraterna.se\/soderkoping\/files\/2022\/08\/cb6da62d-88c7-4a69-b29c-9091f7b621bd-370x555.jpeg 370w, https:\/\/wp.kristdemokraterna.se\/soderkoping\/files\/2022\/08\/cb6da62d-88c7-4a69-b29c-9091f7b621bd-770x1155.jpeg 770w, https:\/\/wp.kristdemokraterna.se\/soderkoping\/files\/2022\/08\/cb6da62d-88c7-4a69-b29c-9091f7b621bd-450x675.jpeg 450w, https:\/\/wp.kristdemokraterna.se\/soderkoping\/files\/2022\/08\/cb6da62d-88c7-4a69-b29c-9091f7b621bd-268x402.jpeg 268w, https:\/\/wp.kristdemokraterna.se\/soderkoping\/files\/2022\/08\/cb6da62d-88c7-4a69-b29c-9091f7b621bd-340x510.jpeg 340w, https:\/\/wp.kristdemokraterna.se\/soderkoping\/files\/2022\/08\/cb6da62d-88c7-4a69-b29c-9091f7b621bd-37x56.jpeg 37w\" sizes=\"auto, (max-width: 400px) 100vw, 400px\" \/><br \/>\n<strong>ATT VARA SENIOR I S\u00d6DERK\u00d6PING<\/strong><br \/>\nHemtj\u00e4nsten har stor potential att<br \/>\nutvecklas, f\u00f6r den som beh\u00f6ver kvali\ufb01cerad<br \/>\nv\u00e5rd i sitt hem \ud83d\udc99 och f\u00f6r den som har<br \/>\ndenna milj\u00f6 som arbetsplats. Idag r\u00e5der<br \/>\nbrist p\u00e5 utbildade undersk\u00f6terskor, vilket<br \/>\n\u00e4r ett krav f\u00f6r exempelvis hantering av<br \/>\nmedicin. Denna hantering \u00e4r inte det enda<br \/>\nbehovet. Vi \u00e4r m\u00e5nga som kan hj\u00e4lpa en<br \/>\nmedm\u00e4nniska att handla, st\u00e4da och inte<br \/>\nminst umg\u00e5s.<br \/>\n\u2022 Med b\u00e5de undersk\u00f6terskor och personer<br \/>\nmed andra kompetenser i separata<br \/>\nserviceteam \u00f6kar kvalit\u00e9n<br \/>\n\u2022 I serviceteam vill vi ge en m\u00f6jlighet f\u00f6r<br \/>\nden som st\u00e5r utanf\u00f6r arbetsmarknaden,<br \/>\natt komma in, utvecklas och kanske ta<br \/>\nsteget mot utbildning inom v\u00e5rd och<br \/>\nomsorg. <img loading=\"lazy\" decoding=\"async\" class=\"alignright wp-image-928 size-thumbnail\" src=\"http:\/\/wp.kristdemokraterna.se\/soderkoping\/files\/2022\/08\/317e8e84-e225-4fb0-9d8f-955a5833a8a3-150x150.jpeg\" alt=\"\" width=\"150\" height=\"150\" srcset=\"https:\/\/wp.kristdemokraterna.se\/soderkoping\/files\/2022\/08\/317e8e84-e225-4fb0-9d8f-955a5833a8a3-150x150.jpeg 150w, https:\/\/wp.kristdemokraterna.se\/soderkoping\/files\/2022\/08\/317e8e84-e225-4fb0-9d8f-955a5833a8a3-90x90.jpeg 90w, https:\/\/wp.kristdemokraterna.se\/soderkoping\/files\/2022\/08\/317e8e84-e225-4fb0-9d8f-955a5833a8a3-57x56.jpeg 57w\" sizes=\"auto, (max-width: 150px) 100vw, 150px\" \/><\/p>\n<p><strong>E R I K \u00a0J A K O B S S O N<\/strong><br \/>\nUndersk\u00f6terska, hemv\u00e4rnsman, ers\u00e4ttare i<br \/>\nsocial- samt barn- och utbildningsn\u00e4mnden<\/p>\n","protected":false},"excerpt":{"rendered":"<p>ATT VARA SENIOR I S\u00d6DERK\u00d6PING Hemtj\u00e4nsten har stor potential att utvecklas, f\u00f6r den som beh\u00f6ver kvali\ufb01cerad v\u00e5rd i sitt hem \ud83d\udc99 och f\u00f6r den som har denna milj\u00f6 som arbetsplats. Idag r\u00e5der brist p\u00e5 utbildade undersk\u00f6terskor, vilket \u00e4r ett krav f\u00f6r exempelvis hantering av medicin. Denna hantering \u00e4r inte det enda behovet. Vi \u00e4r m\u00e5nga <a class=\"read-more-link\" href=\"https:\/\/wp.kristdemokraterna.se\/soderkoping\/val2022\/kommunkandidater2022\/erik-jakobsson\/\">Read More<\/a><\/p>\n","protected":false},"author":637,"featured_media":0,"parent":933,"menu_order":3,"comment_status":"closed","ping_status":"closed","template":"","meta":{"_acf_changed":false,"footnotes":""},"class_list":["post-990","page","type-page","status-publish","hentry"],"acf":[],"yoast_head":"<!-- This site is optimized with the Yoast SEO plugin v27.4 - https:\/\/yoast.com\/product\/yoast-seo-wordpress\/ -->\n<title>3. Erik Jakobsson - S\u00f6derk\u00f6ping<\/title>\n<meta name=\"robots\" content=\"noindex, follow, max-snippet:-1, max-image-preview:large, max-video-preview:-1\" \/>\n<meta property=\"og:locale\" content=\"sv_SE\" \/>\n<meta property=\"og:type\" content=\"article\" \/>\n<meta property=\"og:title\" content=\"3. Erik Jakobsson - S\u00f6derk\u00f6ping\" \/>\n<meta property=\"og:description\" content=\"ATT VARA SENIOR I S\u00d6DERK\u00d6PING Hemtj\u00e4nsten har stor potential att utvecklas, f\u00f6r den som beh\u00f6ver kvali\ufb01cerad v\u00e5rd i sitt hem \ud83d\udc99 och f\u00f6r den som har denna milj\u00f6 som arbetsplats. Idag r\u00e5der brist p\u00e5 utbildade undersk\u00f6terskor, vilket \u00e4r ett krav f\u00f6r exempelvis hantering av medicin. Denna hantering \u00e4r inte det enda behovet. Vi \u00e4r m\u00e5nga Read More\" \/>\n<meta property=\"og:url\" content=\"https:\/\/wp.kristdemokraterna.se\/soderkoping\/val2022\/kommunkandidater2022\/erik-jakobsson\/\" \/>\n<meta property=\"og:site_name\" content=\"S\u00f6derk\u00f6ping\" \/>\n<meta property=\"article:modified_time\" content=\"2022-09-02T17:46:06+00:00\" \/>\n<meta property=\"og:image\" content=\"http:\/\/wp.kristdemokraterna.se\/soderkoping\/files\/2022\/08\/cb6da62d-88c7-4a69-b29c-9091f7b621bd.jpeg\" \/>\n<meta name=\"twitter:card\" content=\"summary_large_image\" \/>\n<meta name=\"twitter:label1\" content=\"Ber\u00e4knad l\u00e4stid\" \/>\n\t<meta name=\"twitter:data1\" content=\"1 minut\" \/>\n<script type=\"application\/ld+json\" class=\"yoast-schema-graph\">{\"@context\":\"https:\\\/\\\/schema.org\",\"@graph\":[{\"@type\":\"WebPage\",\"@id\":\"https:\\\/\\\/wp.kristdemokraterna.se\\\/soderkoping\\\/val2022\\\/kommunkandidater2022\\\/erik-jakobsson\\\/\",\"url\":\"https:\\\/\\\/wp.kristdemokraterna.se\\\/soderkoping\\\/val2022\\\/kommunkandidater2022\\\/erik-jakobsson\\\/\",\"name\":\"3. Erik Jakobsson - S\u00f6derk\u00f6ping\",\"isPartOf\":{\"@id\":\"https:\\\/\\\/wp.kristdemokraterna.se\\\/soderkoping\\\/#website\"},\"primaryImageOfPage\":{\"@id\":\"https:\\\/\\\/wp.kristdemokraterna.se\\\/soderkoping\\\/val2022\\\/kommunkandidater2022\\\/erik-jakobsson\\\/#primaryimage\"},\"image\":{\"@id\":\"https:\\\/\\\/wp.kristdemokraterna.se\\\/soderkoping\\\/val2022\\\/kommunkandidater2022\\\/erik-jakobsson\\\/#primaryimage\"},\"thumbnailUrl\":\"http:\\\/\\\/wp.kristdemokraterna.se\\\/soderkoping\\\/files\\\/2022\\\/08\\\/cb6da62d-88c7-4a69-b29c-9091f7b621bd.jpeg\",\"datePublished\":\"2022-08-12T18:11:34+00:00\",\"dateModified\":\"2022-09-02T17:46:06+00:00\",\"breadcrumb\":{\"@id\":\"https:\\\/\\\/wp.kristdemokraterna.se\\\/soderkoping\\\/val2022\\\/kommunkandidater2022\\\/erik-jakobsson\\\/#breadcrumb\"},\"inLanguage\":\"sv-SE\",\"potentialAction\":[{\"@type\":\"ReadAction\",\"target\":[\"https:\\\/\\\/wp.kristdemokraterna.se\\\/soderkoping\\\/val2022\\\/kommunkandidater2022\\\/erik-jakobsson\\\/\"]}]},{\"@type\":\"ImageObject\",\"inLanguage\":\"sv-SE\",\"@id\":\"https:\\\/\\\/wp.kristdemokraterna.se\\\/soderkoping\\\/val2022\\\/kommunkandidater2022\\\/erik-jakobsson\\\/#primaryimage\",\"url\":\"http:\\\/\\\/wp.kristdemokraterna.se\\\/soderkoping\\\/files\\\/2022\\\/08\\\/cb6da62d-88c7-4a69-b29c-9091f7b621bd.jpeg\",\"contentUrl\":\"http:\\\/\\\/wp.kristdemokraterna.se\\\/soderkoping\\\/files\\\/2022\\\/08\\\/cb6da62d-88c7-4a69-b29c-9091f7b621bd.jpeg\"},{\"@type\":\"BreadcrumbList\",\"@id\":\"https:\\\/\\\/wp.kristdemokraterna.se\\\/soderkoping\\\/val2022\\\/kommunkandidater2022\\\/erik-jakobsson\\\/#breadcrumb\",\"itemListElement\":[{\"@type\":\"ListItem\",\"position\":1,\"name\":\"Hem\",\"item\":\"https:\\\/\\\/wp.kristdemokraterna.se\\\/soderkoping\\\/\"},{\"@type\":\"ListItem\",\"position\":2,\"name\":\"Val 11 sept 2022\",\"item\":\"https:\\\/\\\/wp.kristdemokraterna.se\\\/soderkoping\\\/val2022\\\/\"},{\"@type\":\"ListItem\",\"position\":3,\"name\":\"Kommunkandidater 2022\",\"item\":\"https:\\\/\\\/wp.kristdemokraterna.se\\\/soderkoping\\\/val2022\\\/kommunkandidater2022\\\/\"},{\"@type\":\"ListItem\",\"position\":4,\"name\":\"3. Erik Jakobsson\"}]},{\"@type\":\"WebSite\",\"@id\":\"https:\\\/\\\/wp.kristdemokraterna.se\\\/soderkoping\\\/#website\",\"url\":\"https:\\\/\\\/wp.kristdemokraterna.se\\\/soderkoping\\\/\",\"name\":\"S\u00f6derk\u00f6ping\",\"description\":\"Kristdemokraterna\",\"inLanguage\":\"sv-SE\"}]}<\/script>\n<!-- \/ Yoast SEO plugin. -->","yoast_head_json":{"title":"3. Erik Jakobsson - S\u00f6derk\u00f6ping","robots":{"index":"noindex","follow":"follow","max-snippet":"max-snippet:-1","max-image-preview":"max-image-preview:large","max-video-preview":"max-video-preview:-1"},"og_locale":"sv_SE","og_type":"article","og_title":"3. Erik Jakobsson - S\u00f6derk\u00f6ping","og_description":"ATT VARA SENIOR I S\u00d6DERK\u00d6PING Hemtj\u00e4nsten har stor potential att utvecklas, f\u00f6r den som beh\u00f6ver kvali\ufb01cerad v\u00e5rd i sitt hem \ud83d\udc99 och f\u00f6r den som har denna milj\u00f6 som arbetsplats. Idag r\u00e5der brist p\u00e5 utbildade undersk\u00f6terskor, vilket \u00e4r ett krav f\u00f6r exempelvis hantering av medicin. Denna hantering \u00e4r inte det enda behovet. Vi \u00e4r m\u00e5nga Read More","og_url":"https:\/\/wp.kristdemokraterna.se\/soderkoping\/val2022\/kommunkandidater2022\/erik-jakobsson\/","og_site_name":"S\u00f6derk\u00f6ping","article_modified_time":"2022-09-02T17:46:06+00:00","og_image":[{"url":"http:\/\/wp.kristdemokraterna.se\/soderkoping\/files\/2022\/08\/cb6da62d-88c7-4a69-b29c-9091f7b621bd.jpeg","type":"","width":"","height":""}],"twitter_card":"summary_large_image","twitter_misc":{"Ber\u00e4knad l\u00e4stid":"1 minut"},"schema":{"@context":"https:\/\/schema.org","@graph":[{"@type":"WebPage","@id":"https:\/\/wp.kristdemokraterna.se\/soderkoping\/val2022\/kommunkandidater2022\/erik-jakobsson\/","url":"https:\/\/wp.kristdemokraterna.se\/soderkoping\/val2022\/kommunkandidater2022\/erik-jakobsson\/","name":"3. Erik Jakobsson - S\u00f6derk\u00f6ping","isPartOf":{"@id":"https:\/\/wp.kristdemokraterna.se\/soderkoping\/#website"},"primaryImageOfPage":{"@id":"https:\/\/wp.kristdemokraterna.se\/soderkoping\/val2022\/kommunkandidater2022\/erik-jakobsson\/#primaryimage"},"image":{"@id":"https:\/\/wp.kristdemokraterna.se\/soderkoping\/val2022\/kommunkandidater2022\/erik-jakobsson\/#primaryimage"},"thumbnailUrl":"http:\/\/wp.kristdemokraterna.se\/soderkoping\/files\/2022\/08\/cb6da62d-88c7-4a69-b29c-9091f7b621bd.jpeg","datePublished":"2022-08-12T18:11:34+00:00","dateModified":"2022-09-02T17:46:06+00:00","breadcrumb":{"@id":"https:\/\/wp.kristdemokraterna.se\/soderkoping\/val2022\/kommunkandidater2022\/erik-jakobsson\/#breadcrumb"},"inLanguage":"sv-SE","potentialAction":[{"@type":"ReadAction","target":["https:\/\/wp.kristdemokraterna.se\/soderkoping\/val2022\/kommunkandidater2022\/erik-jakobsson\/"]}]},{"@type":"ImageObject","inLanguage":"sv-SE","@id":"https:\/\/wp.kristdemokraterna.se\/soderkoping\/val2022\/kommunkandidater2022\/erik-jakobsson\/#primaryimage","url":"http:\/\/wp.kristdemokraterna.se\/soderkoping\/files\/2022\/08\/cb6da62d-88c7-4a69-b29c-9091f7b621bd.jpeg","contentUrl":"http:\/\/wp.kristdemokraterna.se\/soderkoping\/files\/2022\/08\/cb6da62d-88c7-4a69-b29c-9091f7b621bd.jpeg"},{"@type":"BreadcrumbList","@id":"https:\/\/wp.kristdemokraterna.se\/soderkoping\/val2022\/kommunkandidater2022\/erik-jakobsson\/#breadcrumb","itemListElement":[{"@type":"ListItem","position":1,"name":"Hem","item":"https:\/\/wp.kristdemokraterna.se\/soderkoping\/"},{"@type":"ListItem","position":2,"name":"Val 11 sept 2022","item":"https:\/\/wp.kristdemokraterna.se\/soderkoping\/val2022\/"},{"@type":"ListItem","position":3,"name":"Kommunkandidater 2022","item":"https:\/\/wp.kristdemokraterna.se\/soderkoping\/val2022\/kommunkandidater2022\/"},{"@type":"ListItem","position":4,"name":"3. Erik Jakobsson"}]},{"@type":"WebSite","@id":"https:\/\/wp.kristdemokraterna.se\/soderkoping\/#website","url":"https:\/\/wp.kristdemokraterna.se\/soderkoping\/","name":"S\u00f6derk\u00f6ping","description":"Kristdemokraterna","inLanguage":"sv-SE"}]}},"_links":{"self":[{"href":"https:\/\/wp.kristdemokraterna.se\/soderkoping\/wp-json\/wp\/v2\/pages\/990","targetHints":{"allow":["GET"]}}],"collection":[{"href":"https:\/\/wp.kristdemokraterna.se\/soderkoping\/wp-json\/wp\/v2\/pages"}],"about":[{"href":"https:\/\/wp.kristdemokraterna.se\/soderkoping\/wp-json\/wp\/v2\/types\/page"}],"author":[{"embeddable":true,"href":"https:\/\/wp.kristdemokraterna.se\/soderkoping\/wp-json\/wp\/v2\/users\/637"}],"replies":[{"embeddable":true,"href":"https:\/\/wp.kristdemokraterna.se\/soderkoping\/wp-json\/wp\/v2\/comments?post=990"}],"version-history":[{"count":6,"href":"https:\/\/wp.kristdemokraterna.se\/soderkoping\/wp-json\/wp\/v2\/pages\/990\/revisions"}],"predecessor-version":[{"id":1119,"href":"https:\/\/wp.kristdemokraterna.se\/soderkoping\/wp-json\/wp\/v2\/pages\/990\/revisions\/1119"}],"up":[{"embeddable":true,"href":"https:\/\/wp.kristdemokraterna.se\/soderkoping\/wp-json\/wp\/v2\/pages\/933"}],"wp:attachment":[{"href":"https:\/\/wp.kristdemokraterna.se\/soderkoping\/wp-json\/wp\/v2\/media?parent=990"}],"curies":[{"name":"wp","href":"https:\/\/api.w.org\/{rel}","templated":true}]}}